{"id":8219,"date":"2023-01-08T19:17:12","date_gmt":"2023-01-17T17:55:20","guid":{"rendered":"https:\/\/antiquariatopitanti.it\/prodotto\/lampe-birillo-en-verre-de-murano\/"},"modified":"2023-02-06T11:23:34","modified_gmt":"2023-02-06T10:23:34","slug":"lampe-pin-murano-verre","status":"publish","type":"product","link":"https:\/\/antiquariatopitanti.it\/fr\/prodotto\/lampe-pin-murano-verre\/","title":{"rendered":"Lampe Birillo en verre de Murano"},"content":{"rendered":"<p>Lampe Birillo en verre de Murano orange et blanc. Il n&rsquo;y a pas de pause. Ann\u00e9es 1970, travail. Designer CARLO NASON<\/p>\n<p>Carlo Nason n\u00e9 \u00e0 Murano en 1935, a grandi en fr\u00e9quentant les ma\u00eetres verriers qui travaillaient dans le four familial.<br \/>\nSa culture s&rsquo;approprie les techniques les plus raffin\u00e9es de la tradition verri\u00e8re insulaire.<\/p>\n<p>Plus de cinquante ans d&rsquo;association avec ce mat\u00e9riau lui ont valu une grande exp\u00e9rience, au point de le pousser \u00e0 se tourner vers le design moderne.<br \/>\nSes lunettes ont \u00e9t\u00e9 choisies pour \u00eatre expos\u00e9es au Museum of Modern Art de New York et aux Galleries Difference \u00e0 Paris.<\/p>\n<p>Les racines de Mazzega1946 plongent \u00e0 Murano, une terre de ma\u00eetres verriers qui pr\u00e9servent encore aujourd&rsquo;hui les techniques s\u00e9culaires de fabrication artisanale du verre. En plus de soixante-dix ans, l&rsquo;entreprise a raviv\u00e9 et r\u00e9interpr\u00e9t\u00e9 l&rsquo;h\u00e9ritage de Murano avec passion et t\u00e9nacit\u00e9, sans trahir ses origines et en invitant des designers internationaux aux langages expressifs h\u00e9t\u00e9rog\u00e8nes \u00e0 adopter ces alchimies de sables, d&rsquo;oxydes et de poussi\u00e8res.<\/p>\n<p>Mazzega1946 adresse aujourd&rsquo;hui un march\u00e9 de niche mondial, proposant des produits d&rsquo;\u00e9clairage qui durent dans le temps, fid\u00e8les \u00e0 la tradition de l&rsquo;\u00eele, explorant des contenus innovants et contemporains.<\/p>\n<p>Fort de nombreuses ann\u00e9es d&rsquo;exp\u00e9rience, son savoir-faire permet la cr\u00e9ation de projets sur mesure, en collaborant avec le client final pour l&rsquo;accompagner du d\u00e9but \u00e0 la fin, de l&rsquo;id\u00e9e originale \u00e0 l&rsquo;installation du produit.<\/p>\n","protected":false},"excerpt":{"rendered":"<p>Ref.: Ro40<br \/>\n<strong>Lampe en verre de Murano Birillo<\/strong><br \/>\n<strong>Origine<\/strong> : Italienne<br \/>\n<strong>P\u00e9riode<\/strong> : ann\u00e9es 1970<br \/>\n<strong>Brand<\/strong>: Mazzega by CARLO NASON<br \/>\n<strong>Materiau<\/strong> : Verre de Murano orange et blanc<br \/>\n<strong>Mesures<\/strong> : Diam\u00e8tre 34 cm x H. 110 cm<br \/>\n<strong>\u00c9tat conservatif<\/strong> : En \u00e9tat de marche<\/p>\n","protected":false},"featured_media":7979,"template":"","meta":[],"product_brand":[],"product_cat":[640,643,642],"product_tag":[2331,2373,1937],"class_list":{"0":"post-8219","1":"product","2":"type-product","3":"status-publish","4":"has-post-thumbnail","6":"product_cat-art-moderne","7":"product_cat-eclairage-fr","8":"product_cat-mobilier-et-design-contemporain","9":"product_tag-dessinateur-carlo-nason","10":"product_tag-lampe-en-verre-de-murano-des-annees-70-fr","11":"product_tag-meuble-design-italien","12":"entry","13":"has-media","15":"first","16":"outofstock","17":"sold-individually","18":"shipping-taxable","19":"product-type-simple"},"yoast_head":"<!-- This site is optimized with the Yoast SEO plugin v27.4 - https:\/\/yoast.com\/product\/yoast-seo-wordpress\/ -->\n<title>Lampe Birillo en verre de Murano - Pitanti Chesterfield &amp; Vintage<\/title>\n<meta name=\"description\" content=\"Lampe Birillo en verre de Murano Mazzega de couleur orange et blanche. Il n&#039;y a pas de pause. Ann\u00e9es 1970, travail. Conception Carlo Nason pour Mazzega\" \/>\n<meta name=\"robots\" content=\"index, follow, max-snippet:-1, max-image-preview:large, max-video-preview:-1\" \/>\n<link rel=\"canonical\" href=\"https:\/\/antiquariatopitanti.it\/fr\/produit\/lampe-pin-murano-verre\/\" \/>\n<meta property=\"og:locale\" content=\"fr_FR\" \/>\n<meta property=\"og:type\" content=\"article\" \/>\n<meta property=\"og:title\" content=\"Lampe Birillo en verre de Murano - Pitanti Chesterfield &amp; Vintage\" \/>\n<meta property=\"og:description\" content=\"Lampe Birillo en verre de Murano Mazzega de couleur orange et blanche. Il n&#039;y a pas de pause. Ann\u00e9es 1970, travail. Conception Carlo Nason pour Mazzega\" \/>\n<meta property=\"og:url\" content=\"https:\/\/antiquariatopitanti.it\/fr\/produit\/lampe-pin-murano-verre\/\" \/>\n<meta property=\"og:site_name\" content=\"Pitanti Chesterfield &amp; Vintage\" \/>\n<meta property=\"article:publisher\" content=\"https:\/\/www.facebook.com\/mobili.pitanti.vintage\/\" \/>\n<meta property=\"article:modified_time\" content=\"2023-02-06T10:23:34+00:00\" \/>\n<meta property=\"og:image\" content=\"https:\/\/antiquariatopitanti.it\/wp-content\/uploads\/2023\/01\/Lampada-Birillo-vetro-Murano-Mazzega-anni-70-carlo-nason-a.jpeg\" \/>\n\t<meta property=\"og:image:width\" content=\"1008\" \/>\n\t<meta property=\"og:image:height\" content=\"1344\" \/>\n\t<meta property=\"og:image:type\" content=\"image\/jpeg\" \/>\n<meta name=\"twitter:card\" content=\"summary_large_image\" \/>\n<meta name=\"twitter:label1\" content=\"Dur\u00e9e de lecture estim\u00e9e\" \/>\n\t<meta name=\"twitter:data1\" content=\"1 minute\" \/>\n<script type=\"application\/ld+json\" class=\"yoast-schema-graph\">{\"@context\":\"https:\\\/\\\/schema.org\",\"@graph\":[{\"@type\":\"WebPage\",\"@id\":\"https:\\\/\\\/antiquariatopitanti.it\\\/fr\\\/produit\\\/lampe-pin-murano-verre\\\/\",\"url\":\"https:\\\/\\\/antiquariatopitanti.it\\\/fr\\\/produit\\\/lampe-pin-murano-verre\\\/\",\"name\":\"Lampe Birillo en verre de Murano - Pitanti Chesterfield &amp; Vintage\",\"isPartOf\":{\"@id\":\"https:\\\/\\\/antiquariatopitanti.it\\\/#website\"},\"primaryImageOfPage\":{\"@id\":\"https:\\\/\\\/antiquariatopitanti.it\\\/fr\\\/produit\\\/lampe-pin-murano-verre\\\/#primaryimage\"},\"image\":{\"@id\":\"https:\\\/\\\/antiquariatopitanti.it\\\/fr\\\/produit\\\/lampe-pin-murano-verre\\\/#primaryimage\"},\"thumbnailUrl\":\"https:\\\/\\\/antiquariatopitanti.it\\\/wp-content\\\/uploads\\\/2023\\\/01\\\/Lampada-Birillo-vetro-Murano-Mazzega-anni-70-carlo-nason-a.jpeg\",\"datePublished\":\"2023-01-17T17:55:20+00:00\",\"dateModified\":\"2023-02-06T10:23:34+00:00\",\"description\":\"Lampe Birillo en verre de Murano Mazzega de couleur orange et blanche. Il n'y a pas de pause. Ann\u00e9es 1970, travail. Conception Carlo Nason pour Mazzega\",\"breadcrumb\":{\"@id\":\"https:\\\/\\\/antiquariatopitanti.it\\\/fr\\\/produit\\\/lampe-pin-murano-verre\\\/#breadcrumb\"},\"inLanguage\":\"fr-FR\",\"potentialAction\":[{\"@type\":\"ReadAction\",\"target\":[\"https:\\\/\\\/antiquariatopitanti.it\\\/fr\\\/produit\\\/lampe-pin-murano-verre\\\/\"]}]},{\"@type\":\"ImageObject\",\"inLanguage\":\"fr-FR\",\"@id\":\"https:\\\/\\\/antiquariatopitanti.it\\\/fr\\\/produit\\\/lampe-pin-murano-verre\\\/#primaryimage\",\"url\":\"https:\\\/\\\/antiquariatopitanti.it\\\/wp-content\\\/uploads\\\/2023\\\/01\\\/Lampada-Birillo-vetro-Murano-Mazzega-anni-70-carlo-nason-a.jpeg\",\"contentUrl\":\"https:\\\/\\\/antiquariatopitanti.it\\\/wp-content\\\/uploads\\\/2023\\\/01\\\/Lampada-Birillo-vetro-Murano-Mazzega-anni-70-carlo-nason-a.jpeg\",\"width\":1008,\"height\":1344,\"caption\":\"Lampe Birillo en verre de Murano\"},{\"@type\":\"BreadcrumbList\",\"@id\":\"https:\\\/\\\/antiquariatopitanti.it\\\/fr\\\/produit\\\/lampe-pin-murano-verre\\\/#breadcrumb\",\"itemListElement\":[{\"@type\":\"ListItem\",\"position\":1,\"name\":\"Home\",\"item\":\"https:\\\/\\\/antiquariatopitanti.it\\\/fr\\\/home\\\/\"},{\"@type\":\"ListItem\",\"position\":2,\"name\":\"Shop\",\"item\":\"https:\\\/\\\/antiquariatopitanti.it\\\/negozio\\\/\"},{\"@type\":\"ListItem\",\"position\":3,\"name\":\"Lampe Birillo en verre de Murano\"}]},{\"@type\":\"WebSite\",\"@id\":\"https:\\\/\\\/antiquariatopitanti.it\\\/#website\",\"url\":\"https:\\\/\\\/antiquariatopitanti.it\\\/\",\"name\":\"Pitanti Chesterfield &amp; Vintage\",\"description\":\"\",\"publisher\":{\"@id\":\"https:\\\/\\\/antiquariatopitanti.it\\\/#organization\"},\"potentialAction\":[{\"@type\":\"SearchAction\",\"target\":{\"@type\":\"EntryPoint\",\"urlTemplate\":\"https:\\\/\\\/antiquariatopitanti.it\\\/?s={search_term_string}\"},\"query-input\":{\"@type\":\"PropertyValueSpecification\",\"valueRequired\":true,\"valueName\":\"search_term_string\"}}],\"inLanguage\":\"fr-FR\"},{\"@type\":\"Organization\",\"@id\":\"https:\\\/\\\/antiquariatopitanti.it\\\/#organization\",\"name\":\"Antiquariato Pitanti\",\"url\":\"https:\\\/\\\/antiquariatopitanti.it\\\/\",\"logo\":{\"@type\":\"ImageObject\",\"inLanguage\":\"fr-FR\",\"@id\":\"https:\\\/\\\/antiquariatopitanti.it\\\/#\\\/schema\\\/logo\\\/image\\\/\",\"url\":\"https:\\\/\\\/antiquariatopitanti.it\\\/wp-content\\\/uploads\\\/2022\\\/03\\\/logo-pitanti-new-2.png\",\"contentUrl\":\"https:\\\/\\\/antiquariatopitanti.it\\\/wp-content\\\/uploads\\\/2022\\\/03\\\/logo-pitanti-new-2.png\",\"width\":944,\"height\":798,\"caption\":\"Antiquariato Pitanti\"},\"image\":{\"@id\":\"https:\\\/\\\/antiquariatopitanti.it\\\/#\\\/schema\\\/logo\\\/image\\\/\"},\"sameAs\":[\"https:\\\/\\\/www.facebook.com\\\/mobili.pitanti.vintage\\\/\"]}]}<\/script>\n<!-- \/ Yoast SEO plugin. -->","yoast_head_json":{"title":"Lampe Birillo en verre de Murano - Pitanti Chesterfield &amp; Vintage","description":"Lampe Birillo en verre de Murano Mazzega de couleur orange et blanche. Il n'y a pas de pause. Ann\u00e9es 1970, travail. Conception Carlo Nason pour Mazzega","robots":{"index":"index","follow":"follow","max-snippet":"max-snippet:-1","max-image-preview":"max-image-preview:large","max-video-preview":"max-video-preview:-1"},"canonical":"https:\/\/antiquariatopitanti.it\/fr\/produit\/lampe-pin-murano-verre\/","og_locale":"fr_FR","og_type":"article","og_title":"Lampe Birillo en verre de Murano - Pitanti Chesterfield &amp; Vintage","og_description":"Lampe Birillo en verre de Murano Mazzega de couleur orange et blanche. Il n'y a pas de pause. Ann\u00e9es 1970, travail. Conception Carlo Nason pour Mazzega","og_url":"https:\/\/antiquariatopitanti.it\/fr\/produit\/lampe-pin-murano-verre\/","og_site_name":"Pitanti Chesterfield &amp; Vintage","article_publisher":"https:\/\/www.facebook.com\/mobili.pitanti.vintage\/","article_modified_time":"2023-02-06T10:23:34+00:00","og_image":[{"width":1008,"height":1344,"url":"https:\/\/antiquariatopitanti.it\/wp-content\/uploads\/2023\/01\/Lampada-Birillo-vetro-Murano-Mazzega-anni-70-carlo-nason-a.jpeg","type":"image\/jpeg"}],"twitter_card":"summary_large_image","twitter_misc":{"Dur\u00e9e de lecture estim\u00e9e":"1 minute"},"schema":{"@context":"https:\/\/schema.org","@graph":[{"@type":"WebPage","@id":"https:\/\/antiquariatopitanti.it\/fr\/produit\/lampe-pin-murano-verre\/","url":"https:\/\/antiquariatopitanti.it\/fr\/produit\/lampe-pin-murano-verre\/","name":"Lampe Birillo en verre de Murano - Pitanti Chesterfield &amp; Vintage","isPartOf":{"@id":"https:\/\/antiquariatopitanti.it\/#website"},"primaryImageOfPage":{"@id":"https:\/\/antiquariatopitanti.it\/fr\/produit\/lampe-pin-murano-verre\/#primaryimage"},"image":{"@id":"https:\/\/antiquariatopitanti.it\/fr\/produit\/lampe-pin-murano-verre\/#primaryimage"},"thumbnailUrl":"https:\/\/antiquariatopitanti.it\/wp-content\/uploads\/2023\/01\/Lampada-Birillo-vetro-Murano-Mazzega-anni-70-carlo-nason-a.jpeg","datePublished":"2023-01-17T17:55:20+00:00","dateModified":"2023-02-06T10:23:34+00:00","description":"Lampe Birillo en verre de Murano Mazzega de couleur orange et blanche. Il n'y a pas de pause. Ann\u00e9es 1970, travail. Conception Carlo Nason pour Mazzega","breadcrumb":{"@id":"https:\/\/antiquariatopitanti.it\/fr\/produit\/lampe-pin-murano-verre\/#breadcrumb"},"inLanguage":"fr-FR","potentialAction":[{"@type":"ReadAction","target":["https:\/\/antiquariatopitanti.it\/fr\/produit\/lampe-pin-murano-verre\/"]}]},{"@type":"ImageObject","inLanguage":"fr-FR","@id":"https:\/\/antiquariatopitanti.it\/fr\/produit\/lampe-pin-murano-verre\/#primaryimage","url":"https:\/\/antiquariatopitanti.it\/wp-content\/uploads\/2023\/01\/Lampada-Birillo-vetro-Murano-Mazzega-anni-70-carlo-nason-a.jpeg","contentUrl":"https:\/\/antiquariatopitanti.it\/wp-content\/uploads\/2023\/01\/Lampada-Birillo-vetro-Murano-Mazzega-anni-70-carlo-nason-a.jpeg","width":1008,"height":1344,"caption":"Lampe Birillo en verre de Murano"},{"@type":"BreadcrumbList","@id":"https:\/\/antiquariatopitanti.it\/fr\/produit\/lampe-pin-murano-verre\/#breadcrumb","itemListElement":[{"@type":"ListItem","position":1,"name":"Home","item":"https:\/\/antiquariatopitanti.it\/fr\/home\/"},{"@type":"ListItem","position":2,"name":"Shop","item":"https:\/\/antiquariatopitanti.it\/negozio\/"},{"@type":"ListItem","position":3,"name":"Lampe Birillo en verre de Murano"}]},{"@type":"WebSite","@id":"https:\/\/antiquariatopitanti.it\/#website","url":"https:\/\/antiquariatopitanti.it\/","name":"Pitanti Chesterfield &amp; Vintage","description":"","publisher":{"@id":"https:\/\/antiquariatopitanti.it\/#organization"},"potentialAction":[{"@type":"SearchAction","target":{"@type":"EntryPoint","urlTemplate":"https:\/\/antiquariatopitanti.it\/?s={search_term_string}"},"query-input":{"@type":"PropertyValueSpecification","valueRequired":true,"valueName":"search_term_string"}}],"inLanguage":"fr-FR"},{"@type":"Organization","@id":"https:\/\/antiquariatopitanti.it\/#organization","name":"Antiquariato Pitanti","url":"https:\/\/antiquariatopitanti.it\/","logo":{"@type":"ImageObject","inLanguage":"fr-FR","@id":"https:\/\/antiquariatopitanti.it\/#\/schema\/logo\/image\/","url":"https:\/\/antiquariatopitanti.it\/wp-content\/uploads\/2022\/03\/logo-pitanti-new-2.png","contentUrl":"https:\/\/antiquariatopitanti.it\/wp-content\/uploads\/2022\/03\/logo-pitanti-new-2.png","width":944,"height":798,"caption":"Antiquariato Pitanti"},"image":{"@id":"https:\/\/antiquariatopitanti.it\/#\/schema\/logo\/image\/"},"sameAs":["https:\/\/www.facebook.com\/mobili.pitanti.vintage\/"]}]}},"_links":{"self":[{"href":"https:\/\/antiquariatopitanti.it\/fr\/wp-json\/wp\/v2\/product\/8219","targetHints":{"allow":["GET"]}}],"collection":[{"href":"https:\/\/antiquariatopitanti.it\/fr\/wp-json\/wp\/v2\/product"}],"about":[{"href":"https:\/\/antiquariatopitanti.it\/fr\/wp-json\/wp\/v2\/types\/product"}],"wp:featuredmedia":[{"embeddable":true,"href":"https:\/\/antiquariatopitanti.it\/fr\/wp-json\/wp\/v2\/media\/7979"}],"wp:attachment":[{"href":"https:\/\/antiquariatopitanti.it\/fr\/wp-json\/wp\/v2\/media?parent=8219"}],"wp:term":[{"taxonomy":"product_brand","embeddable":true,"href":"https:\/\/antiquariatopitanti.it\/fr\/wp-json\/wp\/v2\/product_brand?post=8219"},{"taxonomy":"product_cat","embeddable":true,"href":"https:\/\/antiquariatopitanti.it\/fr\/wp-json\/wp\/v2\/product_cat?post=8219"},{"taxonomy":"product_tag","embeddable":true,"href":"https:\/\/antiquariatopitanti.it\/fr\/wp-json\/wp\/v2\/product_tag?post=8219"}],"curies":[{"name":"wp","href":"https:\/\/api.w.org\/{rel}","templated":true}]}}