{"id":8217,"date":"2023-01-08T19:39:11","date_gmt":"2023-01-17T17:32:42","guid":{"rendered":"https:\/\/antiquariatopitanti.it\/prodotto\/salon-chesterfield-vert-anglais\/"},"modified":"2023-01-17T18:32:42","modified_gmt":"2023-01-17T17:32:42","slug":"salon-chesterfield-vert-anglais","status":"publish","type":"product","link":"https:\/\/antiquariatopitanti.it\/fr\/prodotto\/salon-chesterfield-vert-anglais\/","title":{"rendered":"Salon Chesterfield vert anglais"},"content":{"rendered":"<p>Salon Chesterfield vert anglais compos\u00e9 d&rsquo;un canap\u00e9 3 places CHESTERFIELD et de deux fauteuils club CHESTERFIELD vert anglais. Les conditions sont \u00e0 la hauteur de l&rsquo;usure de l&rsquo;\u00e9poque qui remonte aux alentours de 1960.<\/p>\n<p>Chesterfield du milieu du si\u00e8cle.<\/p>\n","protected":false},"excerpt":{"rendered":"<p>Ref.: Gb200<br \/>\n<strong>Canap\u00e9 3 places et 2 fauteuils club Chesterfield<\/strong><br \/>\n<strong>Origine<\/strong> : Anglaise<br \/>\n<strong>P\u00e9riode<\/strong> : vers 1960<br \/>\n<strong>Materiau<\/strong>: cuir v\u00e9ritable vert anglais<br \/>\n<strong>Mesures du fauteuil club<\/strong> : L. 107 cm x P. 87 cm x H. 67 cm<br \/>\n<strong>Mesures canap\u00e9<\/strong> : L. 200 cm x P. 87 cm x H. 67 cm<br \/>\n<strong>Etat conservatif<\/strong> : Patine du temps<\/p>\n","protected":false},"featured_media":8756,"template":"","meta":[],"product_brand":[],"product_cat":[620,619,621],"product_tag":[2367,1491,2355,2359,2369],"class_list":{"0":"post-8217","1":"product","2":"type-product","3":"status-publish","4":"has-post-thumbnail","6":"product_cat-canapes-fr","7":"product_cat-chesterfield-fr","8":"product_cat-fauteuils-fr","9":"product_tag-canape-chesterfield-3-places-fr","10":"product_tag-chesterfield-anglais-900","11":"product_tag-chesterfield-des-annees-60","12":"product_tag-fauteuil-club-chesterfield-vert","13":"product_tag-milieu-du-siecle-anglais-900","14":"entry","15":"has-media","17":"first","18":"outofstock","19":"sold-individually","20":"shipping-taxable","21":"product-type-simple"},"yoast_head":"<!-- This site is optimized with the Yoast SEO plugin v27.4 - https:\/\/yoast.com\/product\/yoast-seo-wordpress\/ -->\n<title>Salon Chesterfield vert anglais - Pitanti Chesterfield &amp; Vintage<\/title>\n<meta name=\"description\" content=\"Salon Chesterfield vert anglais compos\u00e9 d&#039;un canap\u00e9 3 places CHESTERFIELD et de deux fauteuils club CHESTERFIELD vert anglais.\" \/>\n<meta name=\"robots\" content=\"index, follow, max-snippet:-1, max-image-preview:large, max-video-preview:-1\" \/>\n<link rel=\"canonical\" href=\"https:\/\/antiquariatopitanti.it\/fr\/produit\/salon-chesterfield-vert-anglais\/\" \/>\n<meta property=\"og:locale\" content=\"fr_FR\" \/>\n<meta property=\"og:type\" content=\"article\" \/>\n<meta property=\"og:title\" content=\"Salon Chesterfield vert anglais - Pitanti Chesterfield &amp; Vintage\" \/>\n<meta property=\"og:description\" content=\"Salon Chesterfield vert anglais compos\u00e9 d&#039;un canap\u00e9 3 places CHESTERFIELD et de deux fauteuils club CHESTERFIELD vert anglais.\" \/>\n<meta property=\"og:url\" content=\"https:\/\/antiquariatopitanti.it\/fr\/produit\/salon-chesterfield-vert-anglais\/\" \/>\n<meta property=\"og:site_name\" content=\"Pitanti Chesterfield &amp; Vintage\" \/>\n<meta property=\"article:publisher\" content=\"https:\/\/www.facebook.com\/mobili.pitanti.vintage\/\" \/>\n<meta property=\"og:image\" content=\"https:\/\/antiquariatopitanti.it\/wp-content\/uploads\/2023\/01\/Salotto-Chesterfield-verde-Inglese-1960-a-1.jpeg\" \/>\n\t<meta property=\"og:image:width\" content=\"1008\" \/>\n\t<meta property=\"og:image:height\" content=\"1344\" \/>\n\t<meta property=\"og:image:type\" content=\"image\/jpeg\" \/>\n<meta name=\"twitter:card\" content=\"summary_large_image\" \/>\n<script type=\"application\/ld+json\" class=\"yoast-schema-graph\">{\"@context\":\"https:\\\/\\\/schema.org\",\"@graph\":[{\"@type\":\"WebPage\",\"@id\":\"https:\\\/\\\/antiquariatopitanti.it\\\/fr\\\/produit\\\/salon-chesterfield-vert-anglais\\\/\",\"url\":\"https:\\\/\\\/antiquariatopitanti.it\\\/fr\\\/produit\\\/salon-chesterfield-vert-anglais\\\/\",\"name\":\"Salon Chesterfield vert anglais - Pitanti Chesterfield &amp; Vintage\",\"isPartOf\":{\"@id\":\"https:\\\/\\\/antiquariatopitanti.it\\\/#website\"},\"primaryImageOfPage\":{\"@id\":\"https:\\\/\\\/antiquariatopitanti.it\\\/fr\\\/produit\\\/salon-chesterfield-vert-anglais\\\/#primaryimage\"},\"image\":{\"@id\":\"https:\\\/\\\/antiquariatopitanti.it\\\/fr\\\/produit\\\/salon-chesterfield-vert-anglais\\\/#primaryimage\"},\"thumbnailUrl\":\"https:\\\/\\\/antiquariatopitanti.it\\\/wp-content\\\/uploads\\\/2023\\\/01\\\/Salotto-Chesterfield-verde-Inglese-1960-a-2.jpeg\",\"datePublished\":\"2023-01-17T17:32:42+00:00\",\"description\":\"Salon Chesterfield vert anglais compos\u00e9 d'un canap\u00e9 3 places CHESTERFIELD et de deux fauteuils club CHESTERFIELD vert anglais.\",\"breadcrumb\":{\"@id\":\"https:\\\/\\\/antiquariatopitanti.it\\\/fr\\\/produit\\\/salon-chesterfield-vert-anglais\\\/#breadcrumb\"},\"inLanguage\":\"fr-FR\",\"potentialAction\":[{\"@type\":\"ReadAction\",\"target\":[\"https:\\\/\\\/antiquariatopitanti.it\\\/fr\\\/produit\\\/salon-chesterfield-vert-anglais\\\/\"]}]},{\"@type\":\"ImageObject\",\"inLanguage\":\"fr-FR\",\"@id\":\"https:\\\/\\\/antiquariatopitanti.it\\\/fr\\\/produit\\\/salon-chesterfield-vert-anglais\\\/#primaryimage\",\"url\":\"https:\\\/\\\/antiquariatopitanti.it\\\/wp-content\\\/uploads\\\/2023\\\/01\\\/Salotto-Chesterfield-verde-Inglese-1960-a-2.jpeg\",\"contentUrl\":\"https:\\\/\\\/antiquariatopitanti.it\\\/wp-content\\\/uploads\\\/2023\\\/01\\\/Salotto-Chesterfield-verde-Inglese-1960-a-2.jpeg\",\"width\":1008,\"height\":1344,\"caption\":\"Salotto Chesterfield verde Inglese\"},{\"@type\":\"BreadcrumbList\",\"@id\":\"https:\\\/\\\/antiquariatopitanti.it\\\/fr\\\/produit\\\/salon-chesterfield-vert-anglais\\\/#breadcrumb\",\"itemListElement\":[{\"@type\":\"ListItem\",\"position\":1,\"name\":\"Home\",\"item\":\"https:\\\/\\\/antiquariatopitanti.it\\\/fr\\\/home\\\/\"},{\"@type\":\"ListItem\",\"position\":2,\"name\":\"Shop\",\"item\":\"https:\\\/\\\/antiquariatopitanti.it\\\/negozio\\\/\"},{\"@type\":\"ListItem\",\"position\":3,\"name\":\"Salon Chesterfield vert anglais\"}]},{\"@type\":\"WebSite\",\"@id\":\"https:\\\/\\\/antiquariatopitanti.it\\\/#website\",\"url\":\"https:\\\/\\\/antiquariatopitanti.it\\\/\",\"name\":\"Pitanti Chesterfield &amp; Vintage\",\"description\":\"\",\"publisher\":{\"@id\":\"https:\\\/\\\/antiquariatopitanti.it\\\/#organization\"},\"potentialAction\":[{\"@type\":\"SearchAction\",\"target\":{\"@type\":\"EntryPoint\",\"urlTemplate\":\"https:\\\/\\\/antiquariatopitanti.it\\\/?s={search_term_string}\"},\"query-input\":{\"@type\":\"PropertyValueSpecification\",\"valueRequired\":true,\"valueName\":\"search_term_string\"}}],\"inLanguage\":\"fr-FR\"},{\"@type\":\"Organization\",\"@id\":\"https:\\\/\\\/antiquariatopitanti.it\\\/#organization\",\"name\":\"Antiquariato Pitanti\",\"url\":\"https:\\\/\\\/antiquariatopitanti.it\\\/\",\"logo\":{\"@type\":\"ImageObject\",\"inLanguage\":\"fr-FR\",\"@id\":\"https:\\\/\\\/antiquariatopitanti.it\\\/#\\\/schema\\\/logo\\\/image\\\/\",\"url\":\"https:\\\/\\\/antiquariatopitanti.it\\\/wp-content\\\/uploads\\\/2022\\\/03\\\/logo-pitanti-new-2.png\",\"contentUrl\":\"https:\\\/\\\/antiquariatopitanti.it\\\/wp-content\\\/uploads\\\/2022\\\/03\\\/logo-pitanti-new-2.png\",\"width\":944,\"height\":798,\"caption\":\"Antiquariato Pitanti\"},\"image\":{\"@id\":\"https:\\\/\\\/antiquariatopitanti.it\\\/#\\\/schema\\\/logo\\\/image\\\/\"},\"sameAs\":[\"https:\\\/\\\/www.facebook.com\\\/mobili.pitanti.vintage\\\/\"]}]}<\/script>\n<!-- \/ Yoast SEO plugin. -->","yoast_head_json":{"title":"Salon Chesterfield vert anglais - Pitanti Chesterfield &amp; Vintage","description":"Salon Chesterfield vert anglais compos\u00e9 d'un canap\u00e9 3 places CHESTERFIELD et de deux fauteuils club CHESTERFIELD vert anglais.","robots":{"index":"index","follow":"follow","max-snippet":"max-snippet:-1","max-image-preview":"max-image-preview:large","max-video-preview":"max-video-preview:-1"},"canonical":"https:\/\/antiquariatopitanti.it\/fr\/produit\/salon-chesterfield-vert-anglais\/","og_locale":"fr_FR","og_type":"article","og_title":"Salon Chesterfield vert anglais - Pitanti Chesterfield &amp; Vintage","og_description":"Salon Chesterfield vert anglais compos\u00e9 d'un canap\u00e9 3 places CHESTERFIELD et de deux fauteuils club CHESTERFIELD vert anglais.","og_url":"https:\/\/antiquariatopitanti.it\/fr\/produit\/salon-chesterfield-vert-anglais\/","og_site_name":"Pitanti Chesterfield &amp; Vintage","article_publisher":"https:\/\/www.facebook.com\/mobili.pitanti.vintage\/","og_image":[{"width":1008,"height":1344,"url":"https:\/\/antiquariatopitanti.it\/wp-content\/uploads\/2023\/01\/Salotto-Chesterfield-verde-Inglese-1960-a-1.jpeg","type":"image\/jpeg"}],"twitter_card":"summary_large_image","schema":{"@context":"https:\/\/schema.org","@graph":[{"@type":"WebPage","@id":"https:\/\/antiquariatopitanti.it\/fr\/produit\/salon-chesterfield-vert-anglais\/","url":"https:\/\/antiquariatopitanti.it\/fr\/produit\/salon-chesterfield-vert-anglais\/","name":"Salon Chesterfield vert anglais - Pitanti Chesterfield &amp; Vintage","isPartOf":{"@id":"https:\/\/antiquariatopitanti.it\/#website"},"primaryImageOfPage":{"@id":"https:\/\/antiquariatopitanti.it\/fr\/produit\/salon-chesterfield-vert-anglais\/#primaryimage"},"image":{"@id":"https:\/\/antiquariatopitanti.it\/fr\/produit\/salon-chesterfield-vert-anglais\/#primaryimage"},"thumbnailUrl":"https:\/\/antiquariatopitanti.it\/wp-content\/uploads\/2023\/01\/Salotto-Chesterfield-verde-Inglese-1960-a-2.jpeg","datePublished":"2023-01-17T17:32:42+00:00","description":"Salon Chesterfield vert anglais compos\u00e9 d'un canap\u00e9 3 places CHESTERFIELD et de deux fauteuils club CHESTERFIELD vert anglais.","breadcrumb":{"@id":"https:\/\/antiquariatopitanti.it\/fr\/produit\/salon-chesterfield-vert-anglais\/#breadcrumb"},"inLanguage":"fr-FR","potentialAction":[{"@type":"ReadAction","target":["https:\/\/antiquariatopitanti.it\/fr\/produit\/salon-chesterfield-vert-anglais\/"]}]},{"@type":"ImageObject","inLanguage":"fr-FR","@id":"https:\/\/antiquariatopitanti.it\/fr\/produit\/salon-chesterfield-vert-anglais\/#primaryimage","url":"https:\/\/antiquariatopitanti.it\/wp-content\/uploads\/2023\/01\/Salotto-Chesterfield-verde-Inglese-1960-a-2.jpeg","contentUrl":"https:\/\/antiquariatopitanti.it\/wp-content\/uploads\/2023\/01\/Salotto-Chesterfield-verde-Inglese-1960-a-2.jpeg","width":1008,"height":1344,"caption":"Salotto Chesterfield verde Inglese"},{"@type":"BreadcrumbList","@id":"https:\/\/antiquariatopitanti.it\/fr\/produit\/salon-chesterfield-vert-anglais\/#breadcrumb","itemListElement":[{"@type":"ListItem","position":1,"name":"Home","item":"https:\/\/antiquariatopitanti.it\/fr\/home\/"},{"@type":"ListItem","position":2,"name":"Shop","item":"https:\/\/antiquariatopitanti.it\/negozio\/"},{"@type":"ListItem","position":3,"name":"Salon Chesterfield vert anglais"}]},{"@type":"WebSite","@id":"https:\/\/antiquariatopitanti.it\/#website","url":"https:\/\/antiquariatopitanti.it\/","name":"Pitanti Chesterfield &amp; Vintage","description":"","publisher":{"@id":"https:\/\/antiquariatopitanti.it\/#organization"},"potentialAction":[{"@type":"SearchAction","target":{"@type":"EntryPoint","urlTemplate":"https:\/\/antiquariatopitanti.it\/?s={search_term_string}"},"query-input":{"@type":"PropertyValueSpecification","valueRequired":true,"valueName":"search_term_string"}}],"inLanguage":"fr-FR"},{"@type":"Organization","@id":"https:\/\/antiquariatopitanti.it\/#organization","name":"Antiquariato Pitanti","url":"https:\/\/antiquariatopitanti.it\/","logo":{"@type":"ImageObject","inLanguage":"fr-FR","@id":"https:\/\/antiquariatopitanti.it\/#\/schema\/logo\/image\/","url":"https:\/\/antiquariatopitanti.it\/wp-content\/uploads\/2022\/03\/logo-pitanti-new-2.png","contentUrl":"https:\/\/antiquariatopitanti.it\/wp-content\/uploads\/2022\/03\/logo-pitanti-new-2.png","width":944,"height":798,"caption":"Antiquariato Pitanti"},"image":{"@id":"https:\/\/antiquariatopitanti.it\/#\/schema\/logo\/image\/"},"sameAs":["https:\/\/www.facebook.com\/mobili.pitanti.vintage\/"]}]}},"_links":{"self":[{"href":"https:\/\/antiquariatopitanti.it\/fr\/wp-json\/wp\/v2\/product\/8217","targetHints":{"allow":["GET"]}}],"collection":[{"href":"https:\/\/antiquariatopitanti.it\/fr\/wp-json\/wp\/v2\/product"}],"about":[{"href":"https:\/\/antiquariatopitanti.it\/fr\/wp-json\/wp\/v2\/types\/product"}],"wp:featuredmedia":[{"embeddable":true,"href":"https:\/\/antiquariatopitanti.it\/fr\/wp-json\/wp\/v2\/media\/8756"}],"wp:attachment":[{"href":"https:\/\/antiquariatopitanti.it\/fr\/wp-json\/wp\/v2\/media?parent=8217"}],"wp:term":[{"taxonomy":"product_brand","embeddable":true,"href":"https:\/\/antiquariatopitanti.it\/fr\/wp-json\/wp\/v2\/product_brand?post=8217"},{"taxonomy":"product_cat","embeddable":true,"href":"https:\/\/antiquariatopitanti.it\/fr\/wp-json\/wp\/v2\/product_cat?post=8217"},{"taxonomy":"product_tag","embeddable":true,"href":"https:\/\/antiquariatopitanti.it\/fr\/wp-json\/wp\/v2\/product_tag?post=8217"}],"curies":[{"name":"wp","href":"https:\/\/api.w.org\/{rel}","templated":true}]}}