{"id":7862,"date":"2022-12-15T19:19:43","date_gmt":"2023-01-04T11:05:17","guid":{"rendered":"https:\/\/antiquariatopitanti.it\/prodotto\/bureau-marquete-anglais-xixe-siecle\/"},"modified":"2023-01-04T12:05:17","modified_gmt":"2023-01-04T11:05:17","slug":"bureau-incruste-anglais-xixe-siecle","status":"publish","type":"product","link":"https:\/\/antiquariatopitanti.it\/fr\/prodotto\/bureau-incruste-anglais-xixe-siecle\/","title":{"rendered":"Bureau marquet\u00e9 anglais XIXe si\u00e8cle"},"content":{"rendered":"<p>Bureau anglais du XIXe si\u00e8cle marquet\u00e9 en bois d&rsquo;acajou. Incrust\u00e9 et filet\u00e9 sur le dessus et sur les c\u00f4t\u00e9s. A l&rsquo;int\u00e9rieur du tiroir se trouvent deux secrets,<\/p>\n<p>Les Mesures sont L. 106 cm \/P.50 cm H.72 cm<\/p>\n","protected":false},"excerpt":{"rendered":"<p>Ref.: RM26<br \/>\n<strong>Bureau anglais incrust\u00e9 et filet\u00e9<\/strong><br \/>\n<strong>Origine<\/strong> : Anglaise<br \/>\n<strong>P\u00e9riode<\/strong> : &lsquo;800<br \/>\n<strong>Mat\u00e9riau<\/strong> : bois d&rsquo;acajou avec incrustations et filets aux essences diverses<br \/>\n<strong>Mesures<\/strong>: L.106 cm \/ P. 50 cm \/ H. 72 cm<br \/>\n<strong>\u00c9tat conservatif<\/strong> : Restaur\u00e9 et poli \u00e0 la gomme laque et \u00e0 l&rsquo;alcool<\/p>\n","protected":false},"featured_media":7171,"template":"","meta":[],"product_brand":[],"product_cat":[585,606],"product_tag":[692,2244,1803,1207,1344],"class_list":{"0":"post-7862","1":"product","2":"type-product","3":"status-publish","4":"has-post-thumbnail","6":"product_cat-antiquites","7":"product_cat-ecritoires","8":"product_tag-antiquites-anglaises-800","9":"product_tag-bureau-anglais","10":"product_tag-meuble-ancien-marquete","11":"product_tag-meubles-anciens-anglais-800","12":"product_tag-periode-victorien","13":"entry","14":"has-media","16":"first","17":"instock","18":"sold-individually","19":"shipping-taxable","20":"product-type-simple"},"yoast_head":"<!-- This site is optimized with the Yoast SEO plugin v27.4 - https:\/\/yoast.com\/product\/yoast-seo-wordpress\/ -->\n<title>Bureau marquet\u00e9 anglais XIXe si\u00e8cle - Pitanti Chesterfield &amp; Vintage<\/title>\n<meta name=\"description\" content=\"Bureau anglais du XIXe si\u00e8cle marquet\u00e9 en bois d&#039;acajou. Incrust\u00e9 et filet\u00e9 sur le dessus et sur les c\u00f4t\u00e9s.Les mesures sont L. 106 cm \/ P. 50 cm H. 72 cm Bureau XIXe si\u00e8cle\" \/>\n<meta name=\"robots\" content=\"index, follow, max-snippet:-1, max-image-preview:large, max-video-preview:-1\" \/>\n<link rel=\"canonical\" href=\"https:\/\/antiquariatopitanti.it\/fr\/produit\/bureau-marquete-anglais-xixe-siecle\/\" \/>\n<meta property=\"og:locale\" content=\"fr_FR\" \/>\n<meta property=\"og:type\" content=\"article\" \/>\n<meta property=\"og:title\" content=\"Bureau marquet\u00e9 anglais XIXe si\u00e8cle - Pitanti Chesterfield &amp; Vintage\" \/>\n<meta property=\"og:description\" content=\"Bureau anglais du XIXe si\u00e8cle marquet\u00e9 en bois d&#039;acajou. Incrust\u00e9 et filet\u00e9 sur le dessus et sur les c\u00f4t\u00e9s.Les mesures sont L. 106 cm \/ P. 50 cm H. 72 cm Bureau XIXe si\u00e8cle\" \/>\n<meta property=\"og:url\" content=\"https:\/\/antiquariatopitanti.it\/fr\/produit\/bureau-marquete-anglais-xixe-siecle\/\" \/>\n<meta property=\"og:site_name\" content=\"Pitanti Chesterfield &amp; Vintage\" \/>\n<meta property=\"article:publisher\" content=\"https:\/\/www.facebook.com\/mobili.pitanti.vintage\/\" \/>\n<meta property=\"og:image\" content=\"https:\/\/antiquariatopitanti.it\/wp-content\/uploads\/2022\/12\/RM26-Scrittoio-Inglese-Vittoriano-Intasiato-Epoca-800-k.jpeg\" \/>\n\t<meta property=\"og:image:width\" content=\"1008\" \/>\n\t<meta property=\"og:image:height\" content=\"1344\" \/>\n\t<meta property=\"og:image:type\" content=\"image\/jpeg\" \/>\n<meta name=\"twitter:card\" content=\"summary_large_image\" \/>\n<script type=\"application\/ld+json\" class=\"yoast-schema-graph\">{\"@context\":\"https:\\\/\\\/schema.org\",\"@graph\":[{\"@type\":\"WebPage\",\"@id\":\"https:\\\/\\\/antiquariatopitanti.it\\\/fr\\\/produit\\\/bureau-marquete-anglais-xixe-siecle\\\/\",\"url\":\"https:\\\/\\\/antiquariatopitanti.it\\\/fr\\\/produit\\\/bureau-marquete-anglais-xixe-siecle\\\/\",\"name\":\"Bureau marquet\u00e9 anglais XIXe si\u00e8cle - Pitanti Chesterfield &amp; Vintage\",\"isPartOf\":{\"@id\":\"https:\\\/\\\/antiquariatopitanti.it\\\/#website\"},\"primaryImageOfPage\":{\"@id\":\"https:\\\/\\\/antiquariatopitanti.it\\\/fr\\\/produit\\\/bureau-marquete-anglais-xixe-siecle\\\/#primaryimage\"},\"image\":{\"@id\":\"https:\\\/\\\/antiquariatopitanti.it\\\/fr\\\/produit\\\/bureau-marquete-anglais-xixe-siecle\\\/#primaryimage\"},\"thumbnailUrl\":\"https:\\\/\\\/antiquariatopitanti.it\\\/wp-content\\\/uploads\\\/2022\\\/12\\\/RM26-Scrittoio-Inglese-Vittoriano-Intasiato-Epoca-800-k.jpeg\",\"datePublished\":\"2023-01-04T11:05:17+00:00\",\"description\":\"Bureau anglais du XIXe si\u00e8cle marquet\u00e9 en bois d'acajou. Incrust\u00e9 et filet\u00e9 sur le dessus et sur les c\u00f4t\u00e9s.Les mesures sont L. 106 cm \\\/ P. 50 cm H. 72 cm Bureau XIXe si\u00e8cle\",\"breadcrumb\":{\"@id\":\"https:\\\/\\\/antiquariatopitanti.it\\\/fr\\\/produit\\\/bureau-marquete-anglais-xixe-siecle\\\/#breadcrumb\"},\"inLanguage\":\"fr-FR\",\"potentialAction\":[{\"@type\":\"ReadAction\",\"target\":[\"https:\\\/\\\/antiquariatopitanti.it\\\/fr\\\/produit\\\/bureau-marquete-anglais-xixe-siecle\\\/\"]}]},{\"@type\":\"ImageObject\",\"inLanguage\":\"fr-FR\",\"@id\":\"https:\\\/\\\/antiquariatopitanti.it\\\/fr\\\/produit\\\/bureau-marquete-anglais-xixe-siecle\\\/#primaryimage\",\"url\":\"https:\\\/\\\/antiquariatopitanti.it\\\/wp-content\\\/uploads\\\/2022\\\/12\\\/RM26-Scrittoio-Inglese-Vittoriano-Intasiato-Epoca-800-k.jpeg\",\"contentUrl\":\"https:\\\/\\\/antiquariatopitanti.it\\\/wp-content\\\/uploads\\\/2022\\\/12\\\/RM26-Scrittoio-Inglese-Vittoriano-Intasiato-Epoca-800-k.jpeg\",\"width\":1008,\"height\":1344,\"caption\":\"Bureau marquet\u00e9 anglais XIXe si\u00e8cle\"},{\"@type\":\"BreadcrumbList\",\"@id\":\"https:\\\/\\\/antiquariatopitanti.it\\\/fr\\\/produit\\\/bureau-marquete-anglais-xixe-siecle\\\/#breadcrumb\",\"itemListElement\":[{\"@type\":\"ListItem\",\"position\":1,\"name\":\"Home\",\"item\":\"https:\\\/\\\/antiquariatopitanti.it\\\/fr\\\/home\\\/\"},{\"@type\":\"ListItem\",\"position\":2,\"name\":\"Shop\",\"item\":\"https:\\\/\\\/antiquariatopitanti.it\\\/negozio\\\/\"},{\"@type\":\"ListItem\",\"position\":3,\"name\":\"Bureau marquet\u00e9 anglais XIXe si\u00e8cle\"}]},{\"@type\":\"WebSite\",\"@id\":\"https:\\\/\\\/antiquariatopitanti.it\\\/#website\",\"url\":\"https:\\\/\\\/antiquariatopitanti.it\\\/\",\"name\":\"Pitanti Chesterfield &amp; Vintage\",\"description\":\"\",\"publisher\":{\"@id\":\"https:\\\/\\\/antiquariatopitanti.it\\\/#organization\"},\"potentialAction\":[{\"@type\":\"SearchAction\",\"target\":{\"@type\":\"EntryPoint\",\"urlTemplate\":\"https:\\\/\\\/antiquariatopitanti.it\\\/?s={search_term_string}\"},\"query-input\":{\"@type\":\"PropertyValueSpecification\",\"valueRequired\":true,\"valueName\":\"search_term_string\"}}],\"inLanguage\":\"fr-FR\"},{\"@type\":\"Organization\",\"@id\":\"https:\\\/\\\/antiquariatopitanti.it\\\/#organization\",\"name\":\"Antiquariato Pitanti\",\"url\":\"https:\\\/\\\/antiquariatopitanti.it\\\/\",\"logo\":{\"@type\":\"ImageObject\",\"inLanguage\":\"fr-FR\",\"@id\":\"https:\\\/\\\/antiquariatopitanti.it\\\/#\\\/schema\\\/logo\\\/image\\\/\",\"url\":\"https:\\\/\\\/antiquariatopitanti.it\\\/wp-content\\\/uploads\\\/2022\\\/03\\\/logo-pitanti-new-2.png\",\"contentUrl\":\"https:\\\/\\\/antiquariatopitanti.it\\\/wp-content\\\/uploads\\\/2022\\\/03\\\/logo-pitanti-new-2.png\",\"width\":944,\"height\":798,\"caption\":\"Antiquariato Pitanti\"},\"image\":{\"@id\":\"https:\\\/\\\/antiquariatopitanti.it\\\/#\\\/schema\\\/logo\\\/image\\\/\"},\"sameAs\":[\"https:\\\/\\\/www.facebook.com\\\/mobili.pitanti.vintage\\\/\"]}]}<\/script>\n<!-- \/ Yoast SEO plugin. -->","yoast_head_json":{"title":"Bureau marquet\u00e9 anglais XIXe si\u00e8cle - Pitanti Chesterfield &amp; Vintage","description":"Bureau anglais du XIXe si\u00e8cle marquet\u00e9 en bois d'acajou. Incrust\u00e9 et filet\u00e9 sur le dessus et sur les c\u00f4t\u00e9s.Les mesures sont L. 106 cm \/ P. 50 cm H. 72 cm Bureau XIXe si\u00e8cle","robots":{"index":"index","follow":"follow","max-snippet":"max-snippet:-1","max-image-preview":"max-image-preview:large","max-video-preview":"max-video-preview:-1"},"canonical":"https:\/\/antiquariatopitanti.it\/fr\/produit\/bureau-marquete-anglais-xixe-siecle\/","og_locale":"fr_FR","og_type":"article","og_title":"Bureau marquet\u00e9 anglais XIXe si\u00e8cle - Pitanti Chesterfield &amp; Vintage","og_description":"Bureau anglais du XIXe si\u00e8cle marquet\u00e9 en bois d'acajou. Incrust\u00e9 et filet\u00e9 sur le dessus et sur les c\u00f4t\u00e9s.Les mesures sont L. 106 cm \/ P. 50 cm H. 72 cm Bureau XIXe si\u00e8cle","og_url":"https:\/\/antiquariatopitanti.it\/fr\/produit\/bureau-marquete-anglais-xixe-siecle\/","og_site_name":"Pitanti Chesterfield &amp; Vintage","article_publisher":"https:\/\/www.facebook.com\/mobili.pitanti.vintage\/","og_image":[{"width":1008,"height":1344,"url":"https:\/\/antiquariatopitanti.it\/wp-content\/uploads\/2022\/12\/RM26-Scrittoio-Inglese-Vittoriano-Intasiato-Epoca-800-k.jpeg","type":"image\/jpeg"}],"twitter_card":"summary_large_image","schema":{"@context":"https:\/\/schema.org","@graph":[{"@type":"WebPage","@id":"https:\/\/antiquariatopitanti.it\/fr\/produit\/bureau-marquete-anglais-xixe-siecle\/","url":"https:\/\/antiquariatopitanti.it\/fr\/produit\/bureau-marquete-anglais-xixe-siecle\/","name":"Bureau marquet\u00e9 anglais XIXe si\u00e8cle - Pitanti Chesterfield &amp; Vintage","isPartOf":{"@id":"https:\/\/antiquariatopitanti.it\/#website"},"primaryImageOfPage":{"@id":"https:\/\/antiquariatopitanti.it\/fr\/produit\/bureau-marquete-anglais-xixe-siecle\/#primaryimage"},"image":{"@id":"https:\/\/antiquariatopitanti.it\/fr\/produit\/bureau-marquete-anglais-xixe-siecle\/#primaryimage"},"thumbnailUrl":"https:\/\/antiquariatopitanti.it\/wp-content\/uploads\/2022\/12\/RM26-Scrittoio-Inglese-Vittoriano-Intasiato-Epoca-800-k.jpeg","datePublished":"2023-01-04T11:05:17+00:00","description":"Bureau anglais du XIXe si\u00e8cle marquet\u00e9 en bois d'acajou. Incrust\u00e9 et filet\u00e9 sur le dessus et sur les c\u00f4t\u00e9s.Les mesures sont L. 106 cm \/ P. 50 cm H. 72 cm Bureau XIXe si\u00e8cle","breadcrumb":{"@id":"https:\/\/antiquariatopitanti.it\/fr\/produit\/bureau-marquete-anglais-xixe-siecle\/#breadcrumb"},"inLanguage":"fr-FR","potentialAction":[{"@type":"ReadAction","target":["https:\/\/antiquariatopitanti.it\/fr\/produit\/bureau-marquete-anglais-xixe-siecle\/"]}]},{"@type":"ImageObject","inLanguage":"fr-FR","@id":"https:\/\/antiquariatopitanti.it\/fr\/produit\/bureau-marquete-anglais-xixe-siecle\/#primaryimage","url":"https:\/\/antiquariatopitanti.it\/wp-content\/uploads\/2022\/12\/RM26-Scrittoio-Inglese-Vittoriano-Intasiato-Epoca-800-k.jpeg","contentUrl":"https:\/\/antiquariatopitanti.it\/wp-content\/uploads\/2022\/12\/RM26-Scrittoio-Inglese-Vittoriano-Intasiato-Epoca-800-k.jpeg","width":1008,"height":1344,"caption":"Bureau marquet\u00e9 anglais XIXe si\u00e8cle"},{"@type":"BreadcrumbList","@id":"https:\/\/antiquariatopitanti.it\/fr\/produit\/bureau-marquete-anglais-xixe-siecle\/#breadcrumb","itemListElement":[{"@type":"ListItem","position":1,"name":"Home","item":"https:\/\/antiquariatopitanti.it\/fr\/home\/"},{"@type":"ListItem","position":2,"name":"Shop","item":"https:\/\/antiquariatopitanti.it\/negozio\/"},{"@type":"ListItem","position":3,"name":"Bureau marquet\u00e9 anglais XIXe si\u00e8cle"}]},{"@type":"WebSite","@id":"https:\/\/antiquariatopitanti.it\/#website","url":"https:\/\/antiquariatopitanti.it\/","name":"Pitanti Chesterfield &amp; Vintage","description":"","publisher":{"@id":"https:\/\/antiquariatopitanti.it\/#organization"},"potentialAction":[{"@type":"SearchAction","target":{"@type":"EntryPoint","urlTemplate":"https:\/\/antiquariatopitanti.it\/?s={search_term_string}"},"query-input":{"@type":"PropertyValueSpecification","valueRequired":true,"valueName":"search_term_string"}}],"inLanguage":"fr-FR"},{"@type":"Organization","@id":"https:\/\/antiquariatopitanti.it\/#organization","name":"Antiquariato Pitanti","url":"https:\/\/antiquariatopitanti.it\/","logo":{"@type":"ImageObject","inLanguage":"fr-FR","@id":"https:\/\/antiquariatopitanti.it\/#\/schema\/logo\/image\/","url":"https:\/\/antiquariatopitanti.it\/wp-content\/uploads\/2022\/03\/logo-pitanti-new-2.png","contentUrl":"https:\/\/antiquariatopitanti.it\/wp-content\/uploads\/2022\/03\/logo-pitanti-new-2.png","width":944,"height":798,"caption":"Antiquariato Pitanti"},"image":{"@id":"https:\/\/antiquariatopitanti.it\/#\/schema\/logo\/image\/"},"sameAs":["https:\/\/www.facebook.com\/mobili.pitanti.vintage\/"]}]}},"_links":{"self":[{"href":"https:\/\/antiquariatopitanti.it\/fr\/wp-json\/wp\/v2\/product\/7862","targetHints":{"allow":["GET"]}}],"collection":[{"href":"https:\/\/antiquariatopitanti.it\/fr\/wp-json\/wp\/v2\/product"}],"about":[{"href":"https:\/\/antiquariatopitanti.it\/fr\/wp-json\/wp\/v2\/types\/product"}],"wp:featuredmedia":[{"embeddable":true,"href":"https:\/\/antiquariatopitanti.it\/fr\/wp-json\/wp\/v2\/media\/7171"}],"wp:attachment":[{"href":"https:\/\/antiquariatopitanti.it\/fr\/wp-json\/wp\/v2\/media?parent=7862"}],"wp:term":[{"taxonomy":"product_brand","embeddable":true,"href":"https:\/\/antiquariatopitanti.it\/fr\/wp-json\/wp\/v2\/product_brand?post=7862"},{"taxonomy":"product_cat","embeddable":true,"href":"https:\/\/antiquariatopitanti.it\/fr\/wp-json\/wp\/v2\/product_cat?post=7862"},{"taxonomy":"product_tag","embeddable":true,"href":"https:\/\/antiquariatopitanti.it\/fr\/wp-json\/wp\/v2\/product_tag?post=7862"}],"curies":[{"name":"wp","href":"https:\/\/api.w.org\/{rel}","templated":true}]}}