{"id":7854,"date":"2022-12-19T17:38:06","date_gmt":"2023-01-04T09:57:38","guid":{"rendered":"https:\/\/antiquariatopitanti.it\/prodotto\/lustre-francais-en-bronze\/"},"modified":"2023-01-04T10:57:39","modified_gmt":"2023-01-04T09:57:39","slug":"lustre-francais-en-bronze","status":"publish","type":"product","link":"https:\/\/antiquariatopitanti.it\/fr\/prodotto\/lustre-francais-en-bronze\/","title":{"rendered":"Lustre fran\u00e7ais en bronze"},"content":{"rendered":"<p>Lustre fran\u00e7ais en bronze \u00e0 six points lumineux. Le lustre fran\u00e7ais s&rsquo;\u00e9lectrifie au d\u00e9but des ann\u00e9es 1900. Fin des ann\u00e9es 1800<\/p>\n<p>Travail. Mesures H.97 cm<\/p>\n","protected":false},"excerpt":{"rendered":"<p>Ref.: Fr555<br \/>\n<strong>Lustre en bronze fran\u00e7ais \u00e0 six flammes<\/strong><br \/>\n<strong>Origine<\/strong> : France<br \/>\n<strong>Period<\/strong> : Fin du 19\u00e8me si\u00e8cle<br \/>\n<strong>Mat\u00e9riau<\/strong>:Bronze<br \/>\n<strong>Mesures<\/strong>: Diametro 54 cm \/ H. 97 cm<br \/>\n<strong>\u00c9tat conservatif<\/strong> : Usure du temps<\/p>\n","protected":false},"featured_media":8066,"template":"","meta":[],"product_brand":[],"product_cat":[585,625,628],"product_tag":[751,2212,2224],"class_list":{"0":"post-7854","1":"product","2":"type-product","3":"status-publish","4":"has-post-thumbnail","6":"product_cat-antiquites","7":"product_cat-eclairage","8":"product_cat-lustres","9":"product_tag-antiquites-francaises-800","10":"product_tag-lustres-en-bronze-antiques","11":"product_tag-lustres-francais-800","12":"entry","13":"has-media","15":"first","16":"outofstock","17":"sold-individually","18":"shipping-taxable","19":"product-type-simple"},"yoast_head":"<!-- This site is optimized with the Yoast SEO plugin v27.4 - https:\/\/yoast.com\/product\/yoast-seo-wordpress\/ -->\n<title>Lustre fran\u00e7ais en bronze - Pitanti Chesterfield &amp; Vintage<\/title>\n<meta name=\"description\" content=\"Lustre fran\u00e7ais en bronze \u00e0 six points lumineux. Le lustre fran\u00e7ais s&#039;\u00e9lectrifie au d\u00e9but des ann\u00e9es 1900. Fin des ann\u00e9es 1800. Mesures L. 54cm \/H.97cm Francese&#039;800\" \/>\n<meta name=\"robots\" content=\"index, follow, max-snippet:-1, max-image-preview:large, max-video-preview:-1\" \/>\n<link rel=\"canonical\" href=\"https:\/\/antiquariatopitanti.it\/fr\/produit\/lustre-francais-en-bronze\/\" \/>\n<meta property=\"og:locale\" content=\"fr_FR\" \/>\n<meta property=\"og:type\" content=\"article\" \/>\n<meta property=\"og:title\" content=\"Lustre fran\u00e7ais en bronze - Pitanti Chesterfield &amp; Vintage\" \/>\n<meta property=\"og:description\" content=\"Lustre fran\u00e7ais en bronze \u00e0 six points lumineux. Le lustre fran\u00e7ais s&#039;\u00e9lectrifie au d\u00e9but des ann\u00e9es 1900. Fin des ann\u00e9es 1800. Mesures L. 54cm \/H.97cm Francese&#039;800\" \/>\n<meta property=\"og:url\" content=\"https:\/\/antiquariatopitanti.it\/fr\/produit\/lustre-francais-en-bronze\/\" \/>\n<meta property=\"og:site_name\" content=\"Pitanti Chesterfield &amp; Vintage\" \/>\n<meta property=\"article:publisher\" content=\"https:\/\/www.facebook.com\/mobili.pitanti.vintage\/\" \/>\n<meta property=\"article:modified_time\" content=\"2023-01-04T09:57:39+00:00\" \/>\n<meta property=\"og:image\" content=\"https:\/\/antiquariatopitanti.it\/wp-content\/uploads\/2022\/12\/Fr555-Lampadario-Francese-bronzo-800-a.jpeg\" \/>\n\t<meta property=\"og:image:width\" content=\"1008\" \/>\n\t<meta property=\"og:image:height\" content=\"1344\" \/>\n\t<meta property=\"og:image:type\" content=\"image\/jpeg\" \/>\n<meta name=\"twitter:card\" content=\"summary_large_image\" \/>\n<script type=\"application\/ld+json\" class=\"yoast-schema-graph\">{\"@context\":\"https:\\\/\\\/schema.org\",\"@graph\":[{\"@type\":\"WebPage\",\"@id\":\"https:\\\/\\\/antiquariatopitanti.it\\\/fr\\\/produit\\\/lustre-francais-en-bronze\\\/\",\"url\":\"https:\\\/\\\/antiquariatopitanti.it\\\/fr\\\/produit\\\/lustre-francais-en-bronze\\\/\",\"name\":\"Lustre fran\u00e7ais en bronze - Pitanti Chesterfield &amp; Vintage\",\"isPartOf\":{\"@id\":\"https:\\\/\\\/antiquariatopitanti.it\\\/#website\"},\"primaryImageOfPage\":{\"@id\":\"https:\\\/\\\/antiquariatopitanti.it\\\/fr\\\/produit\\\/lustre-francais-en-bronze\\\/#primaryimage\"},\"image\":{\"@id\":\"https:\\\/\\\/antiquariatopitanti.it\\\/fr\\\/produit\\\/lustre-francais-en-bronze\\\/#primaryimage\"},\"thumbnailUrl\":\"https:\\\/\\\/antiquariatopitanti.it\\\/wp-content\\\/uploads\\\/2022\\\/12\\\/Lampadario-Francese-in-bronzo-800-a.jpeg\",\"datePublished\":\"2023-01-04T09:57:38+00:00\",\"dateModified\":\"2023-01-04T09:57:39+00:00\",\"description\":\"Lustre fran\u00e7ais en bronze \u00e0 six points lumineux. Le lustre fran\u00e7ais s'\u00e9lectrifie au d\u00e9but des ann\u00e9es 1900. Fin des ann\u00e9es 1800. Mesures L. 54cm \\\/H.97cm Francese'800\",\"breadcrumb\":{\"@id\":\"https:\\\/\\\/antiquariatopitanti.it\\\/fr\\\/produit\\\/lustre-francais-en-bronze\\\/#breadcrumb\"},\"inLanguage\":\"fr-FR\",\"potentialAction\":[{\"@type\":\"ReadAction\",\"target\":[\"https:\\\/\\\/antiquariatopitanti.it\\\/fr\\\/produit\\\/lustre-francais-en-bronze\\\/\"]}]},{\"@type\":\"ImageObject\",\"inLanguage\":\"fr-FR\",\"@id\":\"https:\\\/\\\/antiquariatopitanti.it\\\/fr\\\/produit\\\/lustre-francais-en-bronze\\\/#primaryimage\",\"url\":\"https:\\\/\\\/antiquariatopitanti.it\\\/wp-content\\\/uploads\\\/2022\\\/12\\\/Lampadario-Francese-in-bronzo-800-a.jpeg\",\"contentUrl\":\"https:\\\/\\\/antiquariatopitanti.it\\\/wp-content\\\/uploads\\\/2022\\\/12\\\/Lampadario-Francese-in-bronzo-800-a.jpeg\",\"width\":1008,\"height\":1344,\"caption\":\"Lampadario Francese in bronzo\"},{\"@type\":\"BreadcrumbList\",\"@id\":\"https:\\\/\\\/antiquariatopitanti.it\\\/fr\\\/produit\\\/lustre-francais-en-bronze\\\/#breadcrumb\",\"itemListElement\":[{\"@type\":\"ListItem\",\"position\":1,\"name\":\"Home\",\"item\":\"https:\\\/\\\/antiquariatopitanti.it\\\/fr\\\/home\\\/\"},{\"@type\":\"ListItem\",\"position\":2,\"name\":\"Shop\",\"item\":\"https:\\\/\\\/antiquariatopitanti.it\\\/negozio\\\/\"},{\"@type\":\"ListItem\",\"position\":3,\"name\":\"Lustre fran\u00e7ais en bronze\"}]},{\"@type\":\"WebSite\",\"@id\":\"https:\\\/\\\/antiquariatopitanti.it\\\/#website\",\"url\":\"https:\\\/\\\/antiquariatopitanti.it\\\/\",\"name\":\"Pitanti Chesterfield &amp; Vintage\",\"description\":\"\",\"publisher\":{\"@id\":\"https:\\\/\\\/antiquariatopitanti.it\\\/#organization\"},\"potentialAction\":[{\"@type\":\"SearchAction\",\"target\":{\"@type\":\"EntryPoint\",\"urlTemplate\":\"https:\\\/\\\/antiquariatopitanti.it\\\/?s={search_term_string}\"},\"query-input\":{\"@type\":\"PropertyValueSpecification\",\"valueRequired\":true,\"valueName\":\"search_term_string\"}}],\"inLanguage\":\"fr-FR\"},{\"@type\":\"Organization\",\"@id\":\"https:\\\/\\\/antiquariatopitanti.it\\\/#organization\",\"name\":\"Antiquariato Pitanti\",\"url\":\"https:\\\/\\\/antiquariatopitanti.it\\\/\",\"logo\":{\"@type\":\"ImageObject\",\"inLanguage\":\"fr-FR\",\"@id\":\"https:\\\/\\\/antiquariatopitanti.it\\\/#\\\/schema\\\/logo\\\/image\\\/\",\"url\":\"https:\\\/\\\/antiquariatopitanti.it\\\/wp-content\\\/uploads\\\/2022\\\/03\\\/logo-pitanti-new-2.png\",\"contentUrl\":\"https:\\\/\\\/antiquariatopitanti.it\\\/wp-content\\\/uploads\\\/2022\\\/03\\\/logo-pitanti-new-2.png\",\"width\":944,\"height\":798,\"caption\":\"Antiquariato Pitanti\"},\"image\":{\"@id\":\"https:\\\/\\\/antiquariatopitanti.it\\\/#\\\/schema\\\/logo\\\/image\\\/\"},\"sameAs\":[\"https:\\\/\\\/www.facebook.com\\\/mobili.pitanti.vintage\\\/\"]}]}<\/script>\n<!-- \/ Yoast SEO plugin. -->","yoast_head_json":{"title":"Lustre fran\u00e7ais en bronze - Pitanti Chesterfield &amp; Vintage","description":"Lustre fran\u00e7ais en bronze \u00e0 six points lumineux. Le lustre fran\u00e7ais s'\u00e9lectrifie au d\u00e9but des ann\u00e9es 1900. Fin des ann\u00e9es 1800. Mesures L. 54cm \/H.97cm Francese'800","robots":{"index":"index","follow":"follow","max-snippet":"max-snippet:-1","max-image-preview":"max-image-preview:large","max-video-preview":"max-video-preview:-1"},"canonical":"https:\/\/antiquariatopitanti.it\/fr\/produit\/lustre-francais-en-bronze\/","og_locale":"fr_FR","og_type":"article","og_title":"Lustre fran\u00e7ais en bronze - Pitanti Chesterfield &amp; Vintage","og_description":"Lustre fran\u00e7ais en bronze \u00e0 six points lumineux. Le lustre fran\u00e7ais s'\u00e9lectrifie au d\u00e9but des ann\u00e9es 1900. Fin des ann\u00e9es 1800. Mesures L. 54cm \/H.97cm Francese'800","og_url":"https:\/\/antiquariatopitanti.it\/fr\/produit\/lustre-francais-en-bronze\/","og_site_name":"Pitanti Chesterfield &amp; Vintage","article_publisher":"https:\/\/www.facebook.com\/mobili.pitanti.vintage\/","article_modified_time":"2023-01-04T09:57:39+00:00","og_image":[{"width":1008,"height":1344,"url":"https:\/\/antiquariatopitanti.it\/wp-content\/uploads\/2022\/12\/Fr555-Lampadario-Francese-bronzo-800-a.jpeg","type":"image\/jpeg"}],"twitter_card":"summary_large_image","schema":{"@context":"https:\/\/schema.org","@graph":[{"@type":"WebPage","@id":"https:\/\/antiquariatopitanti.it\/fr\/produit\/lustre-francais-en-bronze\/","url":"https:\/\/antiquariatopitanti.it\/fr\/produit\/lustre-francais-en-bronze\/","name":"Lustre fran\u00e7ais en bronze - Pitanti Chesterfield &amp; Vintage","isPartOf":{"@id":"https:\/\/antiquariatopitanti.it\/#website"},"primaryImageOfPage":{"@id":"https:\/\/antiquariatopitanti.it\/fr\/produit\/lustre-francais-en-bronze\/#primaryimage"},"image":{"@id":"https:\/\/antiquariatopitanti.it\/fr\/produit\/lustre-francais-en-bronze\/#primaryimage"},"thumbnailUrl":"https:\/\/antiquariatopitanti.it\/wp-content\/uploads\/2022\/12\/Lampadario-Francese-in-bronzo-800-a.jpeg","datePublished":"2023-01-04T09:57:38+00:00","dateModified":"2023-01-04T09:57:39+00:00","description":"Lustre fran\u00e7ais en bronze \u00e0 six points lumineux. Le lustre fran\u00e7ais s'\u00e9lectrifie au d\u00e9but des ann\u00e9es 1900. Fin des ann\u00e9es 1800. Mesures L. 54cm \/H.97cm Francese'800","breadcrumb":{"@id":"https:\/\/antiquariatopitanti.it\/fr\/produit\/lustre-francais-en-bronze\/#breadcrumb"},"inLanguage":"fr-FR","potentialAction":[{"@type":"ReadAction","target":["https:\/\/antiquariatopitanti.it\/fr\/produit\/lustre-francais-en-bronze\/"]}]},{"@type":"ImageObject","inLanguage":"fr-FR","@id":"https:\/\/antiquariatopitanti.it\/fr\/produit\/lustre-francais-en-bronze\/#primaryimage","url":"https:\/\/antiquariatopitanti.it\/wp-content\/uploads\/2022\/12\/Lampadario-Francese-in-bronzo-800-a.jpeg","contentUrl":"https:\/\/antiquariatopitanti.it\/wp-content\/uploads\/2022\/12\/Lampadario-Francese-in-bronzo-800-a.jpeg","width":1008,"height":1344,"caption":"Lampadario Francese in bronzo"},{"@type":"BreadcrumbList","@id":"https:\/\/antiquariatopitanti.it\/fr\/produit\/lustre-francais-en-bronze\/#breadcrumb","itemListElement":[{"@type":"ListItem","position":1,"name":"Home","item":"https:\/\/antiquariatopitanti.it\/fr\/home\/"},{"@type":"ListItem","position":2,"name":"Shop","item":"https:\/\/antiquariatopitanti.it\/negozio\/"},{"@type":"ListItem","position":3,"name":"Lustre fran\u00e7ais en bronze"}]},{"@type":"WebSite","@id":"https:\/\/antiquariatopitanti.it\/#website","url":"https:\/\/antiquariatopitanti.it\/","name":"Pitanti Chesterfield &amp; Vintage","description":"","publisher":{"@id":"https:\/\/antiquariatopitanti.it\/#organization"},"potentialAction":[{"@type":"SearchAction","target":{"@type":"EntryPoint","urlTemplate":"https:\/\/antiquariatopitanti.it\/?s={search_term_string}"},"query-input":{"@type":"PropertyValueSpecification","valueRequired":true,"valueName":"search_term_string"}}],"inLanguage":"fr-FR"},{"@type":"Organization","@id":"https:\/\/antiquariatopitanti.it\/#organization","name":"Antiquariato Pitanti","url":"https:\/\/antiquariatopitanti.it\/","logo":{"@type":"ImageObject","inLanguage":"fr-FR","@id":"https:\/\/antiquariatopitanti.it\/#\/schema\/logo\/image\/","url":"https:\/\/antiquariatopitanti.it\/wp-content\/uploads\/2022\/03\/logo-pitanti-new-2.png","contentUrl":"https:\/\/antiquariatopitanti.it\/wp-content\/uploads\/2022\/03\/logo-pitanti-new-2.png","width":944,"height":798,"caption":"Antiquariato Pitanti"},"image":{"@id":"https:\/\/antiquariatopitanti.it\/#\/schema\/logo\/image\/"},"sameAs":["https:\/\/www.facebook.com\/mobili.pitanti.vintage\/"]}]}},"_links":{"self":[{"href":"https:\/\/antiquariatopitanti.it\/fr\/wp-json\/wp\/v2\/product\/7854","targetHints":{"allow":["GET"]}}],"collection":[{"href":"https:\/\/antiquariatopitanti.it\/fr\/wp-json\/wp\/v2\/product"}],"about":[{"href":"https:\/\/antiquariatopitanti.it\/fr\/wp-json\/wp\/v2\/types\/product"}],"wp:featuredmedia":[{"embeddable":true,"href":"https:\/\/antiquariatopitanti.it\/fr\/wp-json\/wp\/v2\/media\/8066"}],"wp:attachment":[{"href":"https:\/\/antiquariatopitanti.it\/fr\/wp-json\/wp\/v2\/media?parent=7854"}],"wp:term":[{"taxonomy":"product_brand","embeddable":true,"href":"https:\/\/antiquariatopitanti.it\/fr\/wp-json\/wp\/v2\/product_brand?post=7854"},{"taxonomy":"product_cat","embeddable":true,"href":"https:\/\/antiquariatopitanti.it\/fr\/wp-json\/wp\/v2\/product_cat?post=7854"},{"taxonomy":"product_tag","embeddable":true,"href":"https:\/\/antiquariatopitanti.it\/fr\/wp-json\/wp\/v2\/product_tag?post=7854"}],"curies":[{"name":"wp","href":"https:\/\/api.w.org\/{rel}","templated":true}]}}