{"id":7083,"date":"2022-12-04T11:53:30","date_gmt":"2022-12-04T16:44:49","guid":{"rendered":"https:\/\/antiquariatopitanti.it\/prodotto\/canape-chesterfield-anglais-dorigine\/"},"modified":"2023-02-06T10:24:06","modified_gmt":"2023-02-06T09:24:06","slug":"canape-chesterfield-anglais-3places","status":"publish","type":"product","link":"https:\/\/antiquariatopitanti.it\/fr\/prodotto\/canape-chesterfield-anglais-3places\/","title":{"rendered":"Canap\u00e9 Chesterfield anglais 3 places"},"content":{"rendered":"<h4 class=\"title\">Canap\u00e9 Chesterfield anglais 3 places vintage en cuir v\u00e9ritable bordeaux Mesures L.202 cm x P. 95 cm x H. 67 cm<\/h4>\n","protected":false},"excerpt":{"rendered":"<p>Ref.: Gb333<br \/>\n<strong>Canap\u00e9 Chesterfield 3 places original anglais Vintage<\/strong><br \/>\n<strong>Origine<\/strong> : Anglaise<br \/>\n<strong>P\u00e9riode<\/strong> : milieu du si\u00e8cle<br \/>\n<strong>Mat\u00e9riaux<\/strong> : Cuir v\u00e9ritable anglais rouge bordeaux<br \/>\n<strong>Mesur\u00e9s<\/strong>: L.202 cm x P. 95 cm x H. 67 cm<br \/>\n<strong>\u00c9tat conservatif<\/strong> : Vintage<\/p>\n","protected":false},"featured_media":8714,"template":"","meta":[],"product_brand":[],"product_cat":[620,619],"product_tag":[812,2152,1751,2151,776],"class_list":{"0":"post-7083","1":"product","2":"type-product","3":"status-publish","4":"has-post-thumbnail","6":"product_cat-canapes-fr","7":"product_cat-chesterfield-fr","8":"product_tag-canape-chesterfield-vert-4-places","9":"product_tag-canapes-anglais-doccasion-en-cuir-veritable","10":"product_tag-canapes-capitonnes-anglais","11":"product_tag-canapes-chesterfield-anglais-900","12":"product_tag-canapes-chesterfield-vintage","13":"entry","14":"has-media","16":"first","17":"outofstock","18":"sold-individually","19":"shipping-taxable","20":"product-type-simple"},"yoast_head":"<!-- This site is optimized with the Yoast SEO plugin v27.4 - https:\/\/yoast.com\/product\/yoast-seo-wordpress\/ -->\n<title>Canap\u00e9 Chesterfield anglais 3 places - Pitanti - Citt\u00e0 di Castello<\/title>\n<meta name=\"description\" content=\"Canap\u00e9 Chesterfield anglais 3 places vintage en cuir v\u00e9ritable bordeaux Mesures L.202 cm x P. 95 cm x H. 67 cm Canap\u00e9s Chesterfield en cuir v\u00e9ritable\" \/>\n<meta name=\"robots\" content=\"index, follow, max-snippet:-1, max-image-preview:large, max-video-preview:-1\" \/>\n<link rel=\"canonical\" href=\"https:\/\/antiquariatopitanti.it\/fr\/produit\/canape-original-anglais-chesterfield\/\" \/>\n<meta property=\"og:locale\" content=\"fr_FR\" \/>\n<meta property=\"og:type\" content=\"article\" \/>\n<meta property=\"og:title\" content=\"Canap\u00e9 Chesterfield anglais 3 places - Pitanti - Citt\u00e0 di Castello\" \/>\n<meta property=\"og:description\" content=\"Canap\u00e9 Chesterfield anglais 3 places vintage en cuir v\u00e9ritable bordeaux Mesures L.202 cm x P. 95 cm x H. 67 cm Canap\u00e9s Chesterfield en cuir v\u00e9ritable\" \/>\n<meta property=\"og:url\" content=\"https:\/\/antiquariatopitanti.it\/fr\/produit\/canape-original-anglais-chesterfield\/\" \/>\n<meta property=\"og:site_name\" content=\"Pitanti Chesterfield &amp; Vintage\" \/>\n<meta property=\"article:publisher\" content=\"https:\/\/www.facebook.com\/mobili.pitanti.vintage\/\" \/>\n<meta property=\"article:modified_time\" content=\"2023-02-06T09:24:06+00:00\" \/>\n<meta property=\"og:image\" content=\"https:\/\/antiquariatopitanti.it\/wp-content\/uploads\/2022\/12\/Divano-Chesterfield-Inglese-3-posti-bordeaux-a.jpeg\" \/>\n\t<meta property=\"og:image:width\" content=\"1008\" \/>\n\t<meta property=\"og:image:height\" content=\"1281\" \/>\n\t<meta property=\"og:image:type\" content=\"image\/jpeg\" \/>\n<meta name=\"twitter:card\" content=\"summary_large_image\" \/>\n<script type=\"application\/ld+json\" class=\"yoast-schema-graph\">{\"@context\":\"https:\\\/\\\/schema.org\",\"@graph\":[{\"@type\":\"WebPage\",\"@id\":\"https:\\\/\\\/antiquariatopitanti.it\\\/fr\\\/produit\\\/canape-original-anglais-chesterfield\\\/\",\"url\":\"https:\\\/\\\/antiquariatopitanti.it\\\/fr\\\/produit\\\/canape-original-anglais-chesterfield\\\/\",\"name\":\"Canap\u00e9 Chesterfield anglais 3 places - Pitanti - Citt\u00e0 di Castello\",\"isPartOf\":{\"@id\":\"https:\\\/\\\/antiquariatopitanti.it\\\/#website\"},\"primaryImageOfPage\":{\"@id\":\"https:\\\/\\\/antiquariatopitanti.it\\\/fr\\\/produit\\\/canape-original-anglais-chesterfield\\\/#primaryimage\"},\"image\":{\"@id\":\"https:\\\/\\\/antiquariatopitanti.it\\\/fr\\\/produit\\\/canape-original-anglais-chesterfield\\\/#primaryimage\"},\"thumbnailUrl\":\"https:\\\/\\\/antiquariatopitanti.it\\\/wp-content\\\/uploads\\\/2022\\\/12\\\/Divano-Chesterfield-Inglese-3-posti-bordeaux-a.jpeg\",\"datePublished\":\"2022-12-04T16:44:49+00:00\",\"dateModified\":\"2023-02-06T09:24:06+00:00\",\"description\":\"Canap\u00e9 Chesterfield anglais 3 places vintage en cuir v\u00e9ritable bordeaux Mesures L.202 cm x P. 95 cm x H. 67 cm Canap\u00e9s Chesterfield en cuir v\u00e9ritable\",\"breadcrumb\":{\"@id\":\"https:\\\/\\\/antiquariatopitanti.it\\\/fr\\\/produit\\\/canape-original-anglais-chesterfield\\\/#breadcrumb\"},\"inLanguage\":\"fr-FR\",\"potentialAction\":[{\"@type\":\"ReadAction\",\"target\":[\"https:\\\/\\\/antiquariatopitanti.it\\\/fr\\\/produit\\\/canape-original-anglais-chesterfield\\\/\"]}]},{\"@type\":\"ImageObject\",\"inLanguage\":\"fr-FR\",\"@id\":\"https:\\\/\\\/antiquariatopitanti.it\\\/fr\\\/produit\\\/canape-original-anglais-chesterfield\\\/#primaryimage\",\"url\":\"https:\\\/\\\/antiquariatopitanti.it\\\/wp-content\\\/uploads\\\/2022\\\/12\\\/Divano-Chesterfield-Inglese-3-posti-bordeaux-a.jpeg\",\"contentUrl\":\"https:\\\/\\\/antiquariatopitanti.it\\\/wp-content\\\/uploads\\\/2022\\\/12\\\/Divano-Chesterfield-Inglese-3-posti-bordeaux-a.jpeg\",\"width\":1008,\"height\":1281,\"caption\":\"Canap\u00e9 Chesterfield anglais 3 places\"},{\"@type\":\"BreadcrumbList\",\"@id\":\"https:\\\/\\\/antiquariatopitanti.it\\\/fr\\\/produit\\\/canape-original-anglais-chesterfield\\\/#breadcrumb\",\"itemListElement\":[{\"@type\":\"ListItem\",\"position\":1,\"name\":\"Home\",\"item\":\"https:\\\/\\\/antiquariatopitanti.it\\\/fr\\\/home\\\/\"},{\"@type\":\"ListItem\",\"position\":2,\"name\":\"Shop\",\"item\":\"https:\\\/\\\/antiquariatopitanti.it\\\/negozio\\\/\"},{\"@type\":\"ListItem\",\"position\":3,\"name\":\"Canap\u00e9 Chesterfield anglais 3 places\"}]},{\"@type\":\"WebSite\",\"@id\":\"https:\\\/\\\/antiquariatopitanti.it\\\/#website\",\"url\":\"https:\\\/\\\/antiquariatopitanti.it\\\/\",\"name\":\"Pitanti Chesterfield &amp; Vintage\",\"description\":\"\",\"publisher\":{\"@id\":\"https:\\\/\\\/antiquariatopitanti.it\\\/#organization\"},\"potentialAction\":[{\"@type\":\"SearchAction\",\"target\":{\"@type\":\"EntryPoint\",\"urlTemplate\":\"https:\\\/\\\/antiquariatopitanti.it\\\/?s={search_term_string}\"},\"query-input\":{\"@type\":\"PropertyValueSpecification\",\"valueRequired\":true,\"valueName\":\"search_term_string\"}}],\"inLanguage\":\"fr-FR\"},{\"@type\":\"Organization\",\"@id\":\"https:\\\/\\\/antiquariatopitanti.it\\\/#organization\",\"name\":\"Antiquariato Pitanti\",\"url\":\"https:\\\/\\\/antiquariatopitanti.it\\\/\",\"logo\":{\"@type\":\"ImageObject\",\"inLanguage\":\"fr-FR\",\"@id\":\"https:\\\/\\\/antiquariatopitanti.it\\\/#\\\/schema\\\/logo\\\/image\\\/\",\"url\":\"https:\\\/\\\/antiquariatopitanti.it\\\/wp-content\\\/uploads\\\/2022\\\/03\\\/logo-pitanti-new-2.png\",\"contentUrl\":\"https:\\\/\\\/antiquariatopitanti.it\\\/wp-content\\\/uploads\\\/2022\\\/03\\\/logo-pitanti-new-2.png\",\"width\":944,\"height\":798,\"caption\":\"Antiquariato Pitanti\"},\"image\":{\"@id\":\"https:\\\/\\\/antiquariatopitanti.it\\\/#\\\/schema\\\/logo\\\/image\\\/\"},\"sameAs\":[\"https:\\\/\\\/www.facebook.com\\\/mobili.pitanti.vintage\\\/\"]}]}<\/script>\n<!-- \/ Yoast SEO plugin. -->","yoast_head_json":{"title":"Canap\u00e9 Chesterfield anglais 3 places - Pitanti - Citt\u00e0 di Castello","description":"Canap\u00e9 Chesterfield anglais 3 places vintage en cuir v\u00e9ritable bordeaux Mesures L.202 cm x P. 95 cm x H. 67 cm Canap\u00e9s Chesterfield en cuir v\u00e9ritable","robots":{"index":"index","follow":"follow","max-snippet":"max-snippet:-1","max-image-preview":"max-image-preview:large","max-video-preview":"max-video-preview:-1"},"canonical":"https:\/\/antiquariatopitanti.it\/fr\/produit\/canape-original-anglais-chesterfield\/","og_locale":"fr_FR","og_type":"article","og_title":"Canap\u00e9 Chesterfield anglais 3 places - Pitanti - Citt\u00e0 di Castello","og_description":"Canap\u00e9 Chesterfield anglais 3 places vintage en cuir v\u00e9ritable bordeaux Mesures L.202 cm x P. 95 cm x H. 67 cm Canap\u00e9s Chesterfield en cuir v\u00e9ritable","og_url":"https:\/\/antiquariatopitanti.it\/fr\/produit\/canape-original-anglais-chesterfield\/","og_site_name":"Pitanti Chesterfield &amp; Vintage","article_publisher":"https:\/\/www.facebook.com\/mobili.pitanti.vintage\/","article_modified_time":"2023-02-06T09:24:06+00:00","og_image":[{"width":1008,"height":1281,"url":"https:\/\/antiquariatopitanti.it\/wp-content\/uploads\/2022\/12\/Divano-Chesterfield-Inglese-3-posti-bordeaux-a.jpeg","type":"image\/jpeg"}],"twitter_card":"summary_large_image","schema":{"@context":"https:\/\/schema.org","@graph":[{"@type":"WebPage","@id":"https:\/\/antiquariatopitanti.it\/fr\/produit\/canape-original-anglais-chesterfield\/","url":"https:\/\/antiquariatopitanti.it\/fr\/produit\/canape-original-anglais-chesterfield\/","name":"Canap\u00e9 Chesterfield anglais 3 places - Pitanti - Citt\u00e0 di Castello","isPartOf":{"@id":"https:\/\/antiquariatopitanti.it\/#website"},"primaryImageOfPage":{"@id":"https:\/\/antiquariatopitanti.it\/fr\/produit\/canape-original-anglais-chesterfield\/#primaryimage"},"image":{"@id":"https:\/\/antiquariatopitanti.it\/fr\/produit\/canape-original-anglais-chesterfield\/#primaryimage"},"thumbnailUrl":"https:\/\/antiquariatopitanti.it\/wp-content\/uploads\/2022\/12\/Divano-Chesterfield-Inglese-3-posti-bordeaux-a.jpeg","datePublished":"2022-12-04T16:44:49+00:00","dateModified":"2023-02-06T09:24:06+00:00","description":"Canap\u00e9 Chesterfield anglais 3 places vintage en cuir v\u00e9ritable bordeaux Mesures L.202 cm x P. 95 cm x H. 67 cm Canap\u00e9s Chesterfield en cuir v\u00e9ritable","breadcrumb":{"@id":"https:\/\/antiquariatopitanti.it\/fr\/produit\/canape-original-anglais-chesterfield\/#breadcrumb"},"inLanguage":"fr-FR","potentialAction":[{"@type":"ReadAction","target":["https:\/\/antiquariatopitanti.it\/fr\/produit\/canape-original-anglais-chesterfield\/"]}]},{"@type":"ImageObject","inLanguage":"fr-FR","@id":"https:\/\/antiquariatopitanti.it\/fr\/produit\/canape-original-anglais-chesterfield\/#primaryimage","url":"https:\/\/antiquariatopitanti.it\/wp-content\/uploads\/2022\/12\/Divano-Chesterfield-Inglese-3-posti-bordeaux-a.jpeg","contentUrl":"https:\/\/antiquariatopitanti.it\/wp-content\/uploads\/2022\/12\/Divano-Chesterfield-Inglese-3-posti-bordeaux-a.jpeg","width":1008,"height":1281,"caption":"Canap\u00e9 Chesterfield anglais 3 places"},{"@type":"BreadcrumbList","@id":"https:\/\/antiquariatopitanti.it\/fr\/produit\/canape-original-anglais-chesterfield\/#breadcrumb","itemListElement":[{"@type":"ListItem","position":1,"name":"Home","item":"https:\/\/antiquariatopitanti.it\/fr\/home\/"},{"@type":"ListItem","position":2,"name":"Shop","item":"https:\/\/antiquariatopitanti.it\/negozio\/"},{"@type":"ListItem","position":3,"name":"Canap\u00e9 Chesterfield anglais 3 places"}]},{"@type":"WebSite","@id":"https:\/\/antiquariatopitanti.it\/#website","url":"https:\/\/antiquariatopitanti.it\/","name":"Pitanti Chesterfield &amp; Vintage","description":"","publisher":{"@id":"https:\/\/antiquariatopitanti.it\/#organization"},"potentialAction":[{"@type":"SearchAction","target":{"@type":"EntryPoint","urlTemplate":"https:\/\/antiquariatopitanti.it\/?s={search_term_string}"},"query-input":{"@type":"PropertyValueSpecification","valueRequired":true,"valueName":"search_term_string"}}],"inLanguage":"fr-FR"},{"@type":"Organization","@id":"https:\/\/antiquariatopitanti.it\/#organization","name":"Antiquariato Pitanti","url":"https:\/\/antiquariatopitanti.it\/","logo":{"@type":"ImageObject","inLanguage":"fr-FR","@id":"https:\/\/antiquariatopitanti.it\/#\/schema\/logo\/image\/","url":"https:\/\/antiquariatopitanti.it\/wp-content\/uploads\/2022\/03\/logo-pitanti-new-2.png","contentUrl":"https:\/\/antiquariatopitanti.it\/wp-content\/uploads\/2022\/03\/logo-pitanti-new-2.png","width":944,"height":798,"caption":"Antiquariato Pitanti"},"image":{"@id":"https:\/\/antiquariatopitanti.it\/#\/schema\/logo\/image\/"},"sameAs":["https:\/\/www.facebook.com\/mobili.pitanti.vintage\/"]}]}},"_links":{"self":[{"href":"https:\/\/antiquariatopitanti.it\/fr\/wp-json\/wp\/v2\/product\/7083","targetHints":{"allow":["GET"]}}],"collection":[{"href":"https:\/\/antiquariatopitanti.it\/fr\/wp-json\/wp\/v2\/product"}],"about":[{"href":"https:\/\/antiquariatopitanti.it\/fr\/wp-json\/wp\/v2\/types\/product"}],"wp:featuredmedia":[{"embeddable":true,"href":"https:\/\/antiquariatopitanti.it\/fr\/wp-json\/wp\/v2\/media\/8714"}],"wp:attachment":[{"href":"https:\/\/antiquariatopitanti.it\/fr\/wp-json\/wp\/v2\/media?parent=7083"}],"wp:term":[{"taxonomy":"product_brand","embeddable":true,"href":"https:\/\/antiquariatopitanti.it\/fr\/wp-json\/wp\/v2\/product_brand?post=7083"},{"taxonomy":"product_cat","embeddable":true,"href":"https:\/\/antiquariatopitanti.it\/fr\/wp-json\/wp\/v2\/product_cat?post=7083"},{"taxonomy":"product_tag","embeddable":true,"href":"https:\/\/antiquariatopitanti.it\/fr\/wp-json\/wp\/v2\/product_tag?post=7083"}],"curies":[{"name":"wp","href":"https:\/\/api.w.org\/{rel}","templated":true}]}}