{"id":7043,"date":"2022-12-01T17:34:12","date_gmt":"2022-12-02T16:28:16","guid":{"rendered":"https:\/\/antiquariatopitanti.it\/prodotto\/miroir-rectangulaire-francais-du-xixe-siecle\/"},"modified":"2022-12-02T17:28:16","modified_gmt":"2022-12-02T16:28:16","slug":"miroir-rectangulaire-francais-800","status":"publish","type":"product","link":"https:\/\/antiquariatopitanti.it\/fr\/prodotto\/miroir-rectangulaire-francais-800\/","title":{"rendered":"Miroir rectangulaire fran\u00e7ais du XIXe si\u00e8cle"},"content":{"rendered":"<p>Miroir rectangulaire fran\u00e7ais du XIXe si\u00e8cle d\u00e9cor\u00e9 sur tout le p\u00e9rim\u00e8tre du <strong>cadre dor\u00e9<\/strong> avec des d\u00e9corations en relief.<strong> <\/strong> <\/p>\n<p>Miroirs fran\u00e7ais avec <strong>miroir au mercure du XIXe si\u00e8cle<\/strong> <\/p>\n<p>Miroir ancien restaur\u00e9 avec <strong>cadre dor\u00e9<\/strong> \u00e0 la feuille d&rsquo;or pur et miroir ancien, milieu du XIXe <strong>si\u00e8cle.<\/strong><\/p>\n<p>Le <strong>miroir ancien rectangulaire \u00e0 cadre dor\u00e9 est authentique.<\/strong><\/p>\n<p>Cadre miroir donc, fond d&rsquo;origine dans toutes ses composantes.<strong> Dorure ancienne.<\/strong><\/p>\n<p>Les <strong>miroirs anciens<\/strong> du XIXe si\u00e8cle propos\u00e9s ici sont <strong>restaur\u00e9s<\/strong> et d&rsquo;origine fran\u00e7aise.<\/p>\n<p><strong> <\/strong><\/p>\n<p>&nbsp;<\/p>\n","protected":false},"excerpt":{"rendered":"<p>Ref.. Rm32<br \/>\n<strong>Miroir dor\u00e9 ancien, France<\/strong><br \/>\n<strong>Origine<\/strong> : France<br \/>\n<strong>P\u00e9riode<\/strong> : milieu 800<br \/>\n<strong>Mat\u00e8riaux<\/strong> : Bois et dorure \u00e0 l&rsquo;or pur, verre au mercure<br \/>\n<strong>Mesures<\/strong> : L. 100 x H. 126 cm oppure L. 126 cm x H. 100 cm<br \/>\n<strong>\u00c9tat Conservatif<\/strong> : Restaur\u00e9<\/p>\n","protected":false},"featured_media":8943,"template":"","meta":[],"product_brand":[],"product_cat":[585,610],"product_tag":[1667,1656,2145,2137,2136,2146,2135],"class_list":{"0":"post-7043","1":"product","2":"type-product","3":"status-publish","4":"has-post-thumbnail","6":"product_cat-antiquites","7":"product_cat-miroirs","8":"product_tag-bois-dore","9":"product_tag-miroir","10":"product_tag-miroir-au-mercure","11":"product_tag-miroir-dorigine","12":"product_tag-miroir-rectangulaire-francais-du-19eme-siecle","13":"product_tag-miroirs-dores-francais-800","14":"product_tag-origine-francaise","15":"entry","16":"has-media","18":"first","19":"instock","20":"sold-individually","21":"shipping-taxable","22":"purchasable","23":"product-type-simple"},"yoast_head":"<!-- This site is optimized with the Yoast SEO plugin v27.4 - https:\/\/yoast.com\/product\/yoast-seo-wordpress\/ -->\n<title>Miroir rectangulaire fran\u00e7ais du XIXe si\u00e8cle - Pitanti - Citt\u00e0 di Castello<\/title>\n<meta name=\"description\" content=\"Miroir fran\u00e7ais rectangulaire 800 dor\u00e9 \u00e0 la feuille d&#039;or verre au mercure Le miroir fran\u00e7ais Dimensions : L.100cm \/ H.126cm ou L.126cm \/ H.100cm\" \/>\n<meta name=\"robots\" content=\"index, follow, max-snippet:-1, max-image-preview:large, max-video-preview:-1\" \/>\n<link rel=\"canonical\" href=\"https:\/\/antiquariatopitanti.it\/fr\/produit\/miroir-rectangulaire-francais-du-xixe-siecle\/\" \/>\n<meta property=\"og:locale\" content=\"fr_FR\" \/>\n<meta property=\"og:type\" content=\"article\" \/>\n<meta property=\"og:title\" content=\"Miroir rectangulaire fran\u00e7ais du XIXe si\u00e8cle - Pitanti - Citt\u00e0 di Castello\" \/>\n<meta property=\"og:description\" content=\"Miroir fran\u00e7ais rectangulaire 800 dor\u00e9 \u00e0 la feuille d&#039;or verre au mercure Le miroir fran\u00e7ais Dimensions : L.100cm \/ H.126cm ou L.126cm \/ H.100cm\" \/>\n<meta property=\"og:url\" content=\"https:\/\/antiquariatopitanti.it\/fr\/produit\/miroir-rectangulaire-francais-du-xixe-siecle\/\" \/>\n<meta property=\"og:site_name\" content=\"Pitanti Chesterfield &amp; Vintage\" \/>\n<meta property=\"article:publisher\" content=\"https:\/\/www.facebook.com\/mobili.pitanti.vintage\/\" \/>\n<meta property=\"og:image\" content=\"https:\/\/antiquariatopitanti.it\/wp-content\/uploads\/2022\/12\/RM32-specchio-dorato-francese-epoca-800-a.jpeg\" \/>\n\t<meta property=\"og:image:width\" content=\"1008\" \/>\n\t<meta property=\"og:image:height\" content=\"1344\" \/>\n\t<meta property=\"og:image:type\" content=\"image\/jpeg\" \/>\n<meta name=\"twitter:card\" content=\"summary_large_image\" \/>\n<script type=\"application\/ld+json\" class=\"yoast-schema-graph\">{\"@context\":\"https:\\\/\\\/schema.org\",\"@graph\":[{\"@type\":\"WebPage\",\"@id\":\"https:\\\/\\\/antiquariatopitanti.it\\\/fr\\\/produit\\\/miroir-rectangulaire-francais-du-xixe-siecle\\\/\",\"url\":\"https:\\\/\\\/antiquariatopitanti.it\\\/fr\\\/produit\\\/miroir-rectangulaire-francais-du-xixe-siecle\\\/\",\"name\":\"Miroir rectangulaire fran\u00e7ais du XIXe si\u00e8cle - Pitanti - Citt\u00e0 di Castello\",\"isPartOf\":{\"@id\":\"https:\\\/\\\/antiquariatopitanti.it\\\/#website\"},\"primaryImageOfPage\":{\"@id\":\"https:\\\/\\\/antiquariatopitanti.it\\\/fr\\\/produit\\\/miroir-rectangulaire-francais-du-xixe-siecle\\\/#primaryimage\"},\"image\":{\"@id\":\"https:\\\/\\\/antiquariatopitanti.it\\\/fr\\\/produit\\\/miroir-rectangulaire-francais-du-xixe-siecle\\\/#primaryimage\"},\"thumbnailUrl\":\"https:\\\/\\\/antiquariatopitanti.it\\\/wp-content\\\/uploads\\\/2022\\\/12\\\/Specchiera-rettangolare-Francese-800-a.jpeg\",\"datePublished\":\"2022-12-02T16:28:16+00:00\",\"description\":\"Miroir fran\u00e7ais rectangulaire 800 dor\u00e9 \u00e0 la feuille d'or verre au mercure Le miroir fran\u00e7ais Dimensions : L.100cm \\\/ H.126cm ou L.126cm \\\/ H.100cm\",\"breadcrumb\":{\"@id\":\"https:\\\/\\\/antiquariatopitanti.it\\\/fr\\\/produit\\\/miroir-rectangulaire-francais-du-xixe-siecle\\\/#breadcrumb\"},\"inLanguage\":\"fr-FR\",\"potentialAction\":[{\"@type\":\"ReadAction\",\"target\":[\"https:\\\/\\\/antiquariatopitanti.it\\\/fr\\\/produit\\\/miroir-rectangulaire-francais-du-xixe-siecle\\\/\"]}]},{\"@type\":\"ImageObject\",\"inLanguage\":\"fr-FR\",\"@id\":\"https:\\\/\\\/antiquariatopitanti.it\\\/fr\\\/produit\\\/miroir-rectangulaire-francais-du-xixe-siecle\\\/#primaryimage\",\"url\":\"https:\\\/\\\/antiquariatopitanti.it\\\/wp-content\\\/uploads\\\/2022\\\/12\\\/Specchiera-rettangolare-Francese-800-a.jpeg\",\"contentUrl\":\"https:\\\/\\\/antiquariatopitanti.it\\\/wp-content\\\/uploads\\\/2022\\\/12\\\/Specchiera-rettangolare-Francese-800-a.jpeg\",\"width\":1008,\"height\":1344,\"caption\":\"Specchiera rettangolare Francese 800\"},{\"@type\":\"BreadcrumbList\",\"@id\":\"https:\\\/\\\/antiquariatopitanti.it\\\/fr\\\/produit\\\/miroir-rectangulaire-francais-du-xixe-siecle\\\/#breadcrumb\",\"itemListElement\":[{\"@type\":\"ListItem\",\"position\":1,\"name\":\"Home\",\"item\":\"https:\\\/\\\/antiquariatopitanti.it\\\/fr\\\/home\\\/\"},{\"@type\":\"ListItem\",\"position\":2,\"name\":\"Shop\",\"item\":\"https:\\\/\\\/antiquariatopitanti.it\\\/negozio\\\/\"},{\"@type\":\"ListItem\",\"position\":3,\"name\":\"Miroir rectangulaire fran\u00e7ais du XIXe si\u00e8cle\"}]},{\"@type\":\"WebSite\",\"@id\":\"https:\\\/\\\/antiquariatopitanti.it\\\/#website\",\"url\":\"https:\\\/\\\/antiquariatopitanti.it\\\/\",\"name\":\"Pitanti Chesterfield &amp; Vintage\",\"description\":\"\",\"publisher\":{\"@id\":\"https:\\\/\\\/antiquariatopitanti.it\\\/#organization\"},\"potentialAction\":[{\"@type\":\"SearchAction\",\"target\":{\"@type\":\"EntryPoint\",\"urlTemplate\":\"https:\\\/\\\/antiquariatopitanti.it\\\/?s={search_term_string}\"},\"query-input\":{\"@type\":\"PropertyValueSpecification\",\"valueRequired\":true,\"valueName\":\"search_term_string\"}}],\"inLanguage\":\"fr-FR\"},{\"@type\":\"Organization\",\"@id\":\"https:\\\/\\\/antiquariatopitanti.it\\\/#organization\",\"name\":\"Antiquariato Pitanti\",\"url\":\"https:\\\/\\\/antiquariatopitanti.it\\\/\",\"logo\":{\"@type\":\"ImageObject\",\"inLanguage\":\"fr-FR\",\"@id\":\"https:\\\/\\\/antiquariatopitanti.it\\\/#\\\/schema\\\/logo\\\/image\\\/\",\"url\":\"https:\\\/\\\/antiquariatopitanti.it\\\/wp-content\\\/uploads\\\/2022\\\/03\\\/logo-pitanti-new-2.png\",\"contentUrl\":\"https:\\\/\\\/antiquariatopitanti.it\\\/wp-content\\\/uploads\\\/2022\\\/03\\\/logo-pitanti-new-2.png\",\"width\":944,\"height\":798,\"caption\":\"Antiquariato Pitanti\"},\"image\":{\"@id\":\"https:\\\/\\\/antiquariatopitanti.it\\\/#\\\/schema\\\/logo\\\/image\\\/\"},\"sameAs\":[\"https:\\\/\\\/www.facebook.com\\\/mobili.pitanti.vintage\\\/\"]}]}<\/script>\n<!-- \/ Yoast SEO plugin. -->","yoast_head_json":{"title":"Miroir rectangulaire fran\u00e7ais du XIXe si\u00e8cle - Pitanti - Citt\u00e0 di Castello","description":"Miroir fran\u00e7ais rectangulaire 800 dor\u00e9 \u00e0 la feuille d'or verre au mercure Le miroir fran\u00e7ais Dimensions : L.100cm \/ H.126cm ou L.126cm \/ H.100cm","robots":{"index":"index","follow":"follow","max-snippet":"max-snippet:-1","max-image-preview":"max-image-preview:large","max-video-preview":"max-video-preview:-1"},"canonical":"https:\/\/antiquariatopitanti.it\/fr\/produit\/miroir-rectangulaire-francais-du-xixe-siecle\/","og_locale":"fr_FR","og_type":"article","og_title":"Miroir rectangulaire fran\u00e7ais du XIXe si\u00e8cle - Pitanti - Citt\u00e0 di Castello","og_description":"Miroir fran\u00e7ais rectangulaire 800 dor\u00e9 \u00e0 la feuille d'or verre au mercure Le miroir fran\u00e7ais Dimensions : L.100cm \/ H.126cm ou L.126cm \/ H.100cm","og_url":"https:\/\/antiquariatopitanti.it\/fr\/produit\/miroir-rectangulaire-francais-du-xixe-siecle\/","og_site_name":"Pitanti Chesterfield &amp; Vintage","article_publisher":"https:\/\/www.facebook.com\/mobili.pitanti.vintage\/","og_image":[{"width":1008,"height":1344,"url":"https:\/\/antiquariatopitanti.it\/wp-content\/uploads\/2022\/12\/RM32-specchio-dorato-francese-epoca-800-a.jpeg","type":"image\/jpeg"}],"twitter_card":"summary_large_image","schema":{"@context":"https:\/\/schema.org","@graph":[{"@type":"WebPage","@id":"https:\/\/antiquariatopitanti.it\/fr\/produit\/miroir-rectangulaire-francais-du-xixe-siecle\/","url":"https:\/\/antiquariatopitanti.it\/fr\/produit\/miroir-rectangulaire-francais-du-xixe-siecle\/","name":"Miroir rectangulaire fran\u00e7ais du XIXe si\u00e8cle - Pitanti - Citt\u00e0 di Castello","isPartOf":{"@id":"https:\/\/antiquariatopitanti.it\/#website"},"primaryImageOfPage":{"@id":"https:\/\/antiquariatopitanti.it\/fr\/produit\/miroir-rectangulaire-francais-du-xixe-siecle\/#primaryimage"},"image":{"@id":"https:\/\/antiquariatopitanti.it\/fr\/produit\/miroir-rectangulaire-francais-du-xixe-siecle\/#primaryimage"},"thumbnailUrl":"https:\/\/antiquariatopitanti.it\/wp-content\/uploads\/2022\/12\/Specchiera-rettangolare-Francese-800-a.jpeg","datePublished":"2022-12-02T16:28:16+00:00","description":"Miroir fran\u00e7ais rectangulaire 800 dor\u00e9 \u00e0 la feuille d'or verre au mercure Le miroir fran\u00e7ais Dimensions : L.100cm \/ H.126cm ou L.126cm \/ H.100cm","breadcrumb":{"@id":"https:\/\/antiquariatopitanti.it\/fr\/produit\/miroir-rectangulaire-francais-du-xixe-siecle\/#breadcrumb"},"inLanguage":"fr-FR","potentialAction":[{"@type":"ReadAction","target":["https:\/\/antiquariatopitanti.it\/fr\/produit\/miroir-rectangulaire-francais-du-xixe-siecle\/"]}]},{"@type":"ImageObject","inLanguage":"fr-FR","@id":"https:\/\/antiquariatopitanti.it\/fr\/produit\/miroir-rectangulaire-francais-du-xixe-siecle\/#primaryimage","url":"https:\/\/antiquariatopitanti.it\/wp-content\/uploads\/2022\/12\/Specchiera-rettangolare-Francese-800-a.jpeg","contentUrl":"https:\/\/antiquariatopitanti.it\/wp-content\/uploads\/2022\/12\/Specchiera-rettangolare-Francese-800-a.jpeg","width":1008,"height":1344,"caption":"Specchiera rettangolare Francese 800"},{"@type":"BreadcrumbList","@id":"https:\/\/antiquariatopitanti.it\/fr\/produit\/miroir-rectangulaire-francais-du-xixe-siecle\/#breadcrumb","itemListElement":[{"@type":"ListItem","position":1,"name":"Home","item":"https:\/\/antiquariatopitanti.it\/fr\/home\/"},{"@type":"ListItem","position":2,"name":"Shop","item":"https:\/\/antiquariatopitanti.it\/negozio\/"},{"@type":"ListItem","position":3,"name":"Miroir rectangulaire fran\u00e7ais du XIXe si\u00e8cle"}]},{"@type":"WebSite","@id":"https:\/\/antiquariatopitanti.it\/#website","url":"https:\/\/antiquariatopitanti.it\/","name":"Pitanti Chesterfield &amp; Vintage","description":"","publisher":{"@id":"https:\/\/antiquariatopitanti.it\/#organization"},"potentialAction":[{"@type":"SearchAction","target":{"@type":"EntryPoint","urlTemplate":"https:\/\/antiquariatopitanti.it\/?s={search_term_string}"},"query-input":{"@type":"PropertyValueSpecification","valueRequired":true,"valueName":"search_term_string"}}],"inLanguage":"fr-FR"},{"@type":"Organization","@id":"https:\/\/antiquariatopitanti.it\/#organization","name":"Antiquariato Pitanti","url":"https:\/\/antiquariatopitanti.it\/","logo":{"@type":"ImageObject","inLanguage":"fr-FR","@id":"https:\/\/antiquariatopitanti.it\/#\/schema\/logo\/image\/","url":"https:\/\/antiquariatopitanti.it\/wp-content\/uploads\/2022\/03\/logo-pitanti-new-2.png","contentUrl":"https:\/\/antiquariatopitanti.it\/wp-content\/uploads\/2022\/03\/logo-pitanti-new-2.png","width":944,"height":798,"caption":"Antiquariato Pitanti"},"image":{"@id":"https:\/\/antiquariatopitanti.it\/#\/schema\/logo\/image\/"},"sameAs":["https:\/\/www.facebook.com\/mobili.pitanti.vintage\/"]}]}},"_links":{"self":[{"href":"https:\/\/antiquariatopitanti.it\/fr\/wp-json\/wp\/v2\/product\/7043","targetHints":{"allow":["GET"]}}],"collection":[{"href":"https:\/\/antiquariatopitanti.it\/fr\/wp-json\/wp\/v2\/product"}],"about":[{"href":"https:\/\/antiquariatopitanti.it\/fr\/wp-json\/wp\/v2\/types\/product"}],"wp:featuredmedia":[{"embeddable":true,"href":"https:\/\/antiquariatopitanti.it\/fr\/wp-json\/wp\/v2\/media\/8943"}],"wp:attachment":[{"href":"https:\/\/antiquariatopitanti.it\/fr\/wp-json\/wp\/v2\/media?parent=7043"}],"wp:term":[{"taxonomy":"product_brand","embeddable":true,"href":"https:\/\/antiquariatopitanti.it\/fr\/wp-json\/wp\/v2\/product_brand?post=7043"},{"taxonomy":"product_cat","embeddable":true,"href":"https:\/\/antiquariatopitanti.it\/fr\/wp-json\/wp\/v2\/product_cat?post=7043"},{"taxonomy":"product_tag","embeddable":true,"href":"https:\/\/antiquariatopitanti.it\/fr\/wp-json\/wp\/v2\/product_tag?post=7043"}],"curies":[{"name":"wp","href":"https:\/\/api.w.org\/{rel}","templated":true}]}}