{"id":6763,"date":"2022-11-12T17:21:13","date_gmt":"2022-11-12T16:29:40","guid":{"rendered":"https:\/\/antiquariatopitanti.it\/prodotto\/coiffeuse-francaise-a-4-tiroirs-en-bruyere-de-thuya-avec-plateau-rabattable\/"},"modified":"2022-11-19T18:36:05","modified_gmt":"2022-11-19T17:36:05","slug":"coiffeuse-francaise-a-4-tiroirs-en-bruyere-de-thuya-avec-plateau-rabattable","status":"publish","type":"product","link":"https:\/\/antiquariatopitanti.it\/fr\/prodotto\/coiffeuse-francaise-a-4-tiroirs-en-bruyere-de-thuya-avec-plateau-rabattable\/","title":{"rendered":"Coiffeuse fran\u00e7aise \u00e0 4 tiroirs en bruy\u00e8re de thuya avec plateau rabattable"},"content":{"rendered":"<p>Coiffeuse fran\u00e7aise \u00e0 4 tiroirs en bruy\u00e8re de thuya avec plateau rabattable, en fa\u00e7ade elle comporte quatre tiroirs, le plateau rabattable cache un miroir et un \u00e9critoire en cuir.(transform\u00e9 de coiffeuse en bureau) Plaqu\u00e9 en bruy\u00e8re de thuya, les int\u00e9rieurs sont en ch\u00eane. L&rsquo;\u00e9tat de conservation est excelle<\/p>\n","protected":false},"excerpt":{"rendered":"<p>Ref.: RM22<br \/>\n<strong>Toilette fran\u00e7aise du 19\u00e8me si\u00e8cle<\/strong><br \/>\n<strong>Origine<\/strong> : France<br \/>\n<strong>P\u00e9riode<\/strong> : 19\u00e8me si\u00e8cle<br \/>\n<strong>Mat\u00e9riau<\/strong> : Bois de noyer et loupe de thuya<br \/>\n<strong>M\u00e8sures<\/strong>: L. 78 cm x P. 47 cm x H. 100 cm<br \/>\n<strong>\u00c9tat conservatif<\/strong> : \u00e0 peaufiner<\/p>\n<h3 class=\"color_51\"><\/h3>\n","protected":false},"featured_media":6734,"template":"","meta":[],"product_brand":[],"product_cat":[585,593],"product_tag":[2004,824,2003,2002],"class_list":{"0":"post-6763","1":"product","2":"type-product","3":"status-publish","4":"has-post-thumbnail","6":"product_cat-antiquites","7":"product_cat-commodes","8":"product_tag-bruyere-de-thuya","9":"product_tag-epoque-800","10":"product_tag-meubles-anciens-francais-800","11":"product_tag-toilette-francaise-800","12":"entry","13":"has-media","15":"first","16":"outofstock","17":"sold-individually","18":"shipping-taxable","19":"purchasable","20":"product-type-simple"},"yoast_head":"<!-- This site is optimized with the Yoast SEO plugin v27.4 - https:\/\/yoast.com\/product\/yoast-seo-wordpress\/ -->\n<title>Coiffeuse fran\u00e7aise \u00e0 4 tiroirs en bruy\u00e8re de thuya avec plateau rabattable -<\/title>\n<meta name=\"description\" content=\"Coiffeuse fran\u00e7aise \u00e0 4 tiroirs en bruy\u00e8re de thuya avec plateau rabattable, en fa\u00e7ade elle comporte quatre tiroirs, plaqu\u00e9 en bruy\u00e8re de thuya.\" \/>\n<meta name=\"robots\" content=\"index, follow, max-snippet:-1, max-image-preview:large, max-video-preview:-1\" \/>\n<link rel=\"canonical\" href=\"https:\/\/antiquariatopitanti.it\/fr\/prodotto\/coiffeuse-francaise-a-4-tiroirs-en-bruyere-de-thuya-avec-plateau-rabattable\/\" \/>\n<meta property=\"og:locale\" content=\"fr_FR\" \/>\n<meta property=\"og:type\" content=\"article\" \/>\n<meta property=\"og:title\" content=\"Coiffeuse fran\u00e7aise \u00e0 4 tiroirs en bruy\u00e8re de thuya avec plateau rabattable -\" \/>\n<meta property=\"og:description\" content=\"Coiffeuse fran\u00e7aise \u00e0 4 tiroirs en bruy\u00e8re de thuya avec plateau rabattable, en fa\u00e7ade elle comporte quatre tiroirs, plaqu\u00e9 en bruy\u00e8re de thuya.\" \/>\n<meta property=\"og:url\" content=\"https:\/\/antiquariatopitanti.it\/fr\/prodotto\/coiffeuse-francaise-a-4-tiroirs-en-bruyere-de-thuya-avec-plateau-rabattable\/\" \/>\n<meta property=\"og:site_name\" content=\"Pitanti Chesterfield &amp; Vintage\" \/>\n<meta property=\"article:publisher\" content=\"https:\/\/www.facebook.com\/mobili.pitanti.vintage\/\" \/>\n<meta property=\"article:modified_time\" content=\"2022-11-19T17:36:05+00:00\" \/>\n<meta property=\"og:image\" content=\"https:\/\/antiquariatopitanti.it\/wp-content\/uploads\/2022\/11\/RM22-toletta-francese-epoca-800-radica-di-tuglia-e.jpeg\" \/>\n\t<meta property=\"og:image:width\" content=\"1008\" \/>\n\t<meta property=\"og:image:height\" content=\"1344\" \/>\n\t<meta property=\"og:image:type\" content=\"image\/jpeg\" \/>\n<meta name=\"twitter:card\" content=\"summary_large_image\" \/>\n<script type=\"application\/ld+json\" class=\"yoast-schema-graph\">{\"@context\":\"https:\\\/\\\/schema.org\",\"@graph\":[{\"@type\":\"WebPage\",\"@id\":\"https:\\\/\\\/antiquariatopitanti.it\\\/fr\\\/prodotto\\\/coiffeuse-francaise-a-4-tiroirs-en-bruyere-de-thuya-avec-plateau-rabattable\\\/\",\"url\":\"https:\\\/\\\/antiquariatopitanti.it\\\/fr\\\/prodotto\\\/coiffeuse-francaise-a-4-tiroirs-en-bruyere-de-thuya-avec-plateau-rabattable\\\/\",\"name\":\"Coiffeuse fran\u00e7aise \u00e0 4 tiroirs en bruy\u00e8re de thuya avec plateau rabattable -\",\"isPartOf\":{\"@id\":\"https:\\\/\\\/antiquariatopitanti.it\\\/#website\"},\"primaryImageOfPage\":{\"@id\":\"https:\\\/\\\/antiquariatopitanti.it\\\/fr\\\/prodotto\\\/coiffeuse-francaise-a-4-tiroirs-en-bruyere-de-thuya-avec-plateau-rabattable\\\/#primaryimage\"},\"image\":{\"@id\":\"https:\\\/\\\/antiquariatopitanti.it\\\/fr\\\/prodotto\\\/coiffeuse-francaise-a-4-tiroirs-en-bruyere-de-thuya-avec-plateau-rabattable\\\/#primaryimage\"},\"thumbnailUrl\":\"https:\\\/\\\/antiquariatopitanti.it\\\/wp-content\\\/uploads\\\/2022\\\/11\\\/RM22-toletta-francese-epoca-800-radica-di-tuglia-e.jpeg\",\"datePublished\":\"2022-11-12T16:29:40+00:00\",\"dateModified\":\"2022-11-19T17:36:05+00:00\",\"description\":\"Coiffeuse fran\u00e7aise \u00e0 4 tiroirs en bruy\u00e8re de thuya avec plateau rabattable, en fa\u00e7ade elle comporte quatre tiroirs, plaqu\u00e9 en bruy\u00e8re de thuya.\",\"breadcrumb\":{\"@id\":\"https:\\\/\\\/antiquariatopitanti.it\\\/fr\\\/prodotto\\\/coiffeuse-francaise-a-4-tiroirs-en-bruyere-de-thuya-avec-plateau-rabattable\\\/#breadcrumb\"},\"inLanguage\":\"fr-FR\",\"potentialAction\":[{\"@type\":\"ReadAction\",\"target\":[\"https:\\\/\\\/antiquariatopitanti.it\\\/fr\\\/prodotto\\\/coiffeuse-francaise-a-4-tiroirs-en-bruyere-de-thuya-avec-plateau-rabattable\\\/\"]}]},{\"@type\":\"ImageObject\",\"inLanguage\":\"fr-FR\",\"@id\":\"https:\\\/\\\/antiquariatopitanti.it\\\/fr\\\/prodotto\\\/coiffeuse-francaise-a-4-tiroirs-en-bruyere-de-thuya-avec-plateau-rabattable\\\/#primaryimage\",\"url\":\"https:\\\/\\\/antiquariatopitanti.it\\\/wp-content\\\/uploads\\\/2022\\\/11\\\/RM22-toletta-francese-epoca-800-radica-di-tuglia-e.jpeg\",\"contentUrl\":\"https:\\\/\\\/antiquariatopitanti.it\\\/wp-content\\\/uploads\\\/2022\\\/11\\\/RM22-toletta-francese-epoca-800-radica-di-tuglia-e.jpeg\",\"width\":1008,\"height\":1344,\"caption\":\"Toilette Francese a 4 cassetti in radica di tuia con piano ribaltabile\"},{\"@type\":\"BreadcrumbList\",\"@id\":\"https:\\\/\\\/antiquariatopitanti.it\\\/fr\\\/prodotto\\\/coiffeuse-francaise-a-4-tiroirs-en-bruyere-de-thuya-avec-plateau-rabattable\\\/#breadcrumb\",\"itemListElement\":[{\"@type\":\"ListItem\",\"position\":1,\"name\":\"Home\",\"item\":\"https:\\\/\\\/antiquariatopitanti.it\\\/fr\\\/home\\\/\"},{\"@type\":\"ListItem\",\"position\":2,\"name\":\"Shop\",\"item\":\"https:\\\/\\\/antiquariatopitanti.it\\\/negozio\\\/\"},{\"@type\":\"ListItem\",\"position\":3,\"name\":\"Coiffeuse fran\u00e7aise \u00e0 4 tiroirs en bruy\u00e8re de thuya avec plateau rabattable\"}]},{\"@type\":\"WebSite\",\"@id\":\"https:\\\/\\\/antiquariatopitanti.it\\\/#website\",\"url\":\"https:\\\/\\\/antiquariatopitanti.it\\\/\",\"name\":\"Pitanti Chesterfield &amp; Vintage\",\"description\":\"\",\"publisher\":{\"@id\":\"https:\\\/\\\/antiquariatopitanti.it\\\/#organization\"},\"potentialAction\":[{\"@type\":\"SearchAction\",\"target\":{\"@type\":\"EntryPoint\",\"urlTemplate\":\"https:\\\/\\\/antiquariatopitanti.it\\\/?s={search_term_string}\"},\"query-input\":{\"@type\":\"PropertyValueSpecification\",\"valueRequired\":true,\"valueName\":\"search_term_string\"}}],\"inLanguage\":\"fr-FR\"},{\"@type\":\"Organization\",\"@id\":\"https:\\\/\\\/antiquariatopitanti.it\\\/#organization\",\"name\":\"Antiquariato Pitanti\",\"url\":\"https:\\\/\\\/antiquariatopitanti.it\\\/\",\"logo\":{\"@type\":\"ImageObject\",\"inLanguage\":\"fr-FR\",\"@id\":\"https:\\\/\\\/antiquariatopitanti.it\\\/#\\\/schema\\\/logo\\\/image\\\/\",\"url\":\"https:\\\/\\\/antiquariatopitanti.it\\\/wp-content\\\/uploads\\\/2022\\\/03\\\/logo-pitanti-new-2.png\",\"contentUrl\":\"https:\\\/\\\/antiquariatopitanti.it\\\/wp-content\\\/uploads\\\/2022\\\/03\\\/logo-pitanti-new-2.png\",\"width\":944,\"height\":798,\"caption\":\"Antiquariato Pitanti\"},\"image\":{\"@id\":\"https:\\\/\\\/antiquariatopitanti.it\\\/#\\\/schema\\\/logo\\\/image\\\/\"},\"sameAs\":[\"https:\\\/\\\/www.facebook.com\\\/mobili.pitanti.vintage\\\/\"]}]}<\/script>\n<!-- \/ Yoast SEO plugin. -->","yoast_head_json":{"title":"Coiffeuse fran\u00e7aise \u00e0 4 tiroirs en bruy\u00e8re de thuya avec plateau rabattable -","description":"Coiffeuse fran\u00e7aise \u00e0 4 tiroirs en bruy\u00e8re de thuya avec plateau rabattable, en fa\u00e7ade elle comporte quatre tiroirs, plaqu\u00e9 en bruy\u00e8re de thuya.","robots":{"index":"index","follow":"follow","max-snippet":"max-snippet:-1","max-image-preview":"max-image-preview:large","max-video-preview":"max-video-preview:-1"},"canonical":"https:\/\/antiquariatopitanti.it\/fr\/prodotto\/coiffeuse-francaise-a-4-tiroirs-en-bruyere-de-thuya-avec-plateau-rabattable\/","og_locale":"fr_FR","og_type":"article","og_title":"Coiffeuse fran\u00e7aise \u00e0 4 tiroirs en bruy\u00e8re de thuya avec plateau rabattable -","og_description":"Coiffeuse fran\u00e7aise \u00e0 4 tiroirs en bruy\u00e8re de thuya avec plateau rabattable, en fa\u00e7ade elle comporte quatre tiroirs, plaqu\u00e9 en bruy\u00e8re de thuya.","og_url":"https:\/\/antiquariatopitanti.it\/fr\/prodotto\/coiffeuse-francaise-a-4-tiroirs-en-bruyere-de-thuya-avec-plateau-rabattable\/","og_site_name":"Pitanti Chesterfield &amp; Vintage","article_publisher":"https:\/\/www.facebook.com\/mobili.pitanti.vintage\/","article_modified_time":"2022-11-19T17:36:05+00:00","og_image":[{"width":1008,"height":1344,"url":"https:\/\/antiquariatopitanti.it\/wp-content\/uploads\/2022\/11\/RM22-toletta-francese-epoca-800-radica-di-tuglia-e.jpeg","type":"image\/jpeg"}],"twitter_card":"summary_large_image","schema":{"@context":"https:\/\/schema.org","@graph":[{"@type":"WebPage","@id":"https:\/\/antiquariatopitanti.it\/fr\/prodotto\/coiffeuse-francaise-a-4-tiroirs-en-bruyere-de-thuya-avec-plateau-rabattable\/","url":"https:\/\/antiquariatopitanti.it\/fr\/prodotto\/coiffeuse-francaise-a-4-tiroirs-en-bruyere-de-thuya-avec-plateau-rabattable\/","name":"Coiffeuse fran\u00e7aise \u00e0 4 tiroirs en bruy\u00e8re de thuya avec plateau rabattable -","isPartOf":{"@id":"https:\/\/antiquariatopitanti.it\/#website"},"primaryImageOfPage":{"@id":"https:\/\/antiquariatopitanti.it\/fr\/prodotto\/coiffeuse-francaise-a-4-tiroirs-en-bruyere-de-thuya-avec-plateau-rabattable\/#primaryimage"},"image":{"@id":"https:\/\/antiquariatopitanti.it\/fr\/prodotto\/coiffeuse-francaise-a-4-tiroirs-en-bruyere-de-thuya-avec-plateau-rabattable\/#primaryimage"},"thumbnailUrl":"https:\/\/antiquariatopitanti.it\/wp-content\/uploads\/2022\/11\/RM22-toletta-francese-epoca-800-radica-di-tuglia-e.jpeg","datePublished":"2022-11-12T16:29:40+00:00","dateModified":"2022-11-19T17:36:05+00:00","description":"Coiffeuse fran\u00e7aise \u00e0 4 tiroirs en bruy\u00e8re de thuya avec plateau rabattable, en fa\u00e7ade elle comporte quatre tiroirs, plaqu\u00e9 en bruy\u00e8re de thuya.","breadcrumb":{"@id":"https:\/\/antiquariatopitanti.it\/fr\/prodotto\/coiffeuse-francaise-a-4-tiroirs-en-bruyere-de-thuya-avec-plateau-rabattable\/#breadcrumb"},"inLanguage":"fr-FR","potentialAction":[{"@type":"ReadAction","target":["https:\/\/antiquariatopitanti.it\/fr\/prodotto\/coiffeuse-francaise-a-4-tiroirs-en-bruyere-de-thuya-avec-plateau-rabattable\/"]}]},{"@type":"ImageObject","inLanguage":"fr-FR","@id":"https:\/\/antiquariatopitanti.it\/fr\/prodotto\/coiffeuse-francaise-a-4-tiroirs-en-bruyere-de-thuya-avec-plateau-rabattable\/#primaryimage","url":"https:\/\/antiquariatopitanti.it\/wp-content\/uploads\/2022\/11\/RM22-toletta-francese-epoca-800-radica-di-tuglia-e.jpeg","contentUrl":"https:\/\/antiquariatopitanti.it\/wp-content\/uploads\/2022\/11\/RM22-toletta-francese-epoca-800-radica-di-tuglia-e.jpeg","width":1008,"height":1344,"caption":"Toilette Francese a 4 cassetti in radica di tuia con piano ribaltabile"},{"@type":"BreadcrumbList","@id":"https:\/\/antiquariatopitanti.it\/fr\/prodotto\/coiffeuse-francaise-a-4-tiroirs-en-bruyere-de-thuya-avec-plateau-rabattable\/#breadcrumb","itemListElement":[{"@type":"ListItem","position":1,"name":"Home","item":"https:\/\/antiquariatopitanti.it\/fr\/home\/"},{"@type":"ListItem","position":2,"name":"Shop","item":"https:\/\/antiquariatopitanti.it\/negozio\/"},{"@type":"ListItem","position":3,"name":"Coiffeuse fran\u00e7aise \u00e0 4 tiroirs en bruy\u00e8re de thuya avec plateau rabattable"}]},{"@type":"WebSite","@id":"https:\/\/antiquariatopitanti.it\/#website","url":"https:\/\/antiquariatopitanti.it\/","name":"Pitanti Chesterfield &amp; Vintage","description":"","publisher":{"@id":"https:\/\/antiquariatopitanti.it\/#organization"},"potentialAction":[{"@type":"SearchAction","target":{"@type":"EntryPoint","urlTemplate":"https:\/\/antiquariatopitanti.it\/?s={search_term_string}"},"query-input":{"@type":"PropertyValueSpecification","valueRequired":true,"valueName":"search_term_string"}}],"inLanguage":"fr-FR"},{"@type":"Organization","@id":"https:\/\/antiquariatopitanti.it\/#organization","name":"Antiquariato Pitanti","url":"https:\/\/antiquariatopitanti.it\/","logo":{"@type":"ImageObject","inLanguage":"fr-FR","@id":"https:\/\/antiquariatopitanti.it\/#\/schema\/logo\/image\/","url":"https:\/\/antiquariatopitanti.it\/wp-content\/uploads\/2022\/03\/logo-pitanti-new-2.png","contentUrl":"https:\/\/antiquariatopitanti.it\/wp-content\/uploads\/2022\/03\/logo-pitanti-new-2.png","width":944,"height":798,"caption":"Antiquariato Pitanti"},"image":{"@id":"https:\/\/antiquariatopitanti.it\/#\/schema\/logo\/image\/"},"sameAs":["https:\/\/www.facebook.com\/mobili.pitanti.vintage\/"]}]}},"_links":{"self":[{"href":"https:\/\/antiquariatopitanti.it\/fr\/wp-json\/wp\/v2\/product\/6763","targetHints":{"allow":["GET"]}}],"collection":[{"href":"https:\/\/antiquariatopitanti.it\/fr\/wp-json\/wp\/v2\/product"}],"about":[{"href":"https:\/\/antiquariatopitanti.it\/fr\/wp-json\/wp\/v2\/types\/product"}],"wp:featuredmedia":[{"embeddable":true,"href":"https:\/\/antiquariatopitanti.it\/fr\/wp-json\/wp\/v2\/media\/6734"}],"wp:attachment":[{"href":"https:\/\/antiquariatopitanti.it\/fr\/wp-json\/wp\/v2\/media?parent=6763"}],"wp:term":[{"taxonomy":"product_brand","embeddable":true,"href":"https:\/\/antiquariatopitanti.it\/fr\/wp-json\/wp\/v2\/product_brand?post=6763"},{"taxonomy":"product_cat","embeddable":true,"href":"https:\/\/antiquariatopitanti.it\/fr\/wp-json\/wp\/v2\/product_cat?post=6763"},{"taxonomy":"product_tag","embeddable":true,"href":"https:\/\/antiquariatopitanti.it\/fr\/wp-json\/wp\/v2\/product_tag?post=6763"}],"curies":[{"name":"wp","href":"https:\/\/api.w.org\/{rel}","templated":true}]}}