{"id":6727,"date":"2022-11-12T16:43:21","date_gmt":"2022-11-12T16:00:45","guid":{"rendered":"https:\/\/antiquariatopitanti.it\/prodotto\/table-basse-deco\/"},"modified":"2022-11-19T18:39:34","modified_gmt":"2022-11-19T17:39:34","slug":"table-basse-deco","status":"publish","type":"product","link":"https:\/\/antiquariatopitanti.it\/fr\/prodotto\/table-basse-deco\/","title":{"rendered":"Table basse D\u00e9co&rsquo;"},"content":{"rendered":"<p>El\u00e9gante table basse Deco du d\u00e9but des ann\u00e9es 1900. L&rsquo;\u00e9tat conservatif et structurel est bon mais doit \u00eatre restaur\u00e9.<\/p>\n","protected":false},"excerpt":{"rendered":"<p>Ref.: RM21<br \/>\n<strong>Table basse Dec\u00f2<\/strong><br \/>\n<strong>Origine<\/strong> : fran\u00e7aise<br \/>\n<strong>P\u00e9riode<\/strong>: D\u00e9but des ann\u00e9es 1900<br \/>\n<strong>Mat\u00e9riau<\/strong> : bois et placage de noyer<br \/>\n<strong>M\u00e8sures<\/strong>: L.180 cm x P. 53 cm x H.44 cm<br \/>\n<strong>\u00c9tat conservatif<\/strong> : \u00e0 restaurer<\/p>\n<p><em><strong>LE PRIX COMPREND LA RESTAURATION<\/strong><\/em><\/p>\n","protected":false},"featured_media":6707,"template":"","meta":[],"product_brand":[],"product_cat":[585,613],"product_tag":[1954,1312,2383,2349],"class_list":{"0":"post-6727","1":"product","2":"type-product","3":"status-publish","4":"has-post-thumbnail","6":"product_cat-antiquites","7":"product_cat-tables-basses","8":"product_tag-antiquites-francaises-des-annees-1900","9":"product_tag-noce-fr","10":"product_tag-tables-basses-900","11":"product_tag-tables-basses-art-deco-fr","12":"entry","13":"has-media","15":"first","16":"instock","17":"sold-individually","18":"shipping-taxable","19":"purchasable","20":"product-type-simple"},"yoast_head":"<!-- This site is optimized with the Yoast SEO plugin v27.4 - https:\/\/yoast.com\/product\/yoast-seo-wordpress\/ -->\n<title>Table basse D\u00e9co&#039; - Pitanti Chesterfield &amp; Vintage<\/title>\n<meta name=\"description\" content=\"El\u00e9gante table basse Deco du d\u00e9but des ann\u00e9es 1900. L&#039;\u00e9tat conservatif et structurel est bon mais doit \u00eatre restaur\u00e9.\" \/>\n<meta name=\"robots\" content=\"index, follow, max-snippet:-1, max-image-preview:large, max-video-preview:-1\" \/>\n<link rel=\"canonical\" href=\"https:\/\/antiquariatopitanti.it\/fr\/prodotto\/table-basse-deco\/\" \/>\n<meta property=\"og:locale\" content=\"fr_FR\" \/>\n<meta property=\"og:type\" content=\"article\" \/>\n<meta property=\"og:title\" content=\"Table basse D\u00e9co&#039; - Pitanti Chesterfield &amp; Vintage\" \/>\n<meta property=\"og:description\" content=\"El\u00e9gante table basse Deco du d\u00e9but des ann\u00e9es 1900. L&#039;\u00e9tat conservatif et structurel est bon mais doit \u00eatre restaur\u00e9.\" \/>\n<meta property=\"og:url\" content=\"https:\/\/antiquariatopitanti.it\/fr\/prodotto\/table-basse-deco\/\" \/>\n<meta property=\"og:site_name\" content=\"Pitanti Chesterfield &amp; Vintage\" \/>\n<meta property=\"article:publisher\" content=\"https:\/\/www.facebook.com\/mobili.pitanti.vintage\/\" \/>\n<meta property=\"article:modified_time\" content=\"2022-11-19T17:39:34+00:00\" \/>\n<meta property=\"og:image\" content=\"https:\/\/antiquariatopitanti.it\/wp-content\/uploads\/2022\/11\/RM21-tavolino-da-salotto-deco-epoca-primi-del-900-a.jpeg\" \/>\n\t<meta property=\"og:image:width\" content=\"1008\" \/>\n\t<meta property=\"og:image:height\" content=\"1344\" \/>\n\t<meta property=\"og:image:type\" content=\"image\/jpeg\" \/>\n<meta name=\"twitter:card\" content=\"summary_large_image\" \/>\n<script type=\"application\/ld+json\" class=\"yoast-schema-graph\">{\"@context\":\"https:\\\/\\\/schema.org\",\"@graph\":[{\"@type\":\"WebPage\",\"@id\":\"https:\\\/\\\/antiquariatopitanti.it\\\/fr\\\/prodotto\\\/table-basse-deco\\\/\",\"url\":\"https:\\\/\\\/antiquariatopitanti.it\\\/fr\\\/prodotto\\\/table-basse-deco\\\/\",\"name\":\"Table basse D\u00e9co' - Pitanti Chesterfield &amp; Vintage\",\"isPartOf\":{\"@id\":\"https:\\\/\\\/antiquariatopitanti.it\\\/#website\"},\"primaryImageOfPage\":{\"@id\":\"https:\\\/\\\/antiquariatopitanti.it\\\/fr\\\/prodotto\\\/table-basse-deco\\\/#primaryimage\"},\"image\":{\"@id\":\"https:\\\/\\\/antiquariatopitanti.it\\\/fr\\\/prodotto\\\/table-basse-deco\\\/#primaryimage\"},\"thumbnailUrl\":\"https:\\\/\\\/antiquariatopitanti.it\\\/wp-content\\\/uploads\\\/2022\\\/11\\\/RM21-tavolino-da-salotto-deco-epoca-primi-del-900-a.jpeg\",\"datePublished\":\"2022-11-12T16:00:45+00:00\",\"dateModified\":\"2022-11-19T17:39:34+00:00\",\"description\":\"El\u00e9gante table basse Deco du d\u00e9but des ann\u00e9es 1900. L'\u00e9tat conservatif et structurel est bon mais doit \u00eatre restaur\u00e9.\",\"breadcrumb\":{\"@id\":\"https:\\\/\\\/antiquariatopitanti.it\\\/fr\\\/prodotto\\\/table-basse-deco\\\/#breadcrumb\"},\"inLanguage\":\"fr-FR\",\"potentialAction\":[{\"@type\":\"ReadAction\",\"target\":[\"https:\\\/\\\/antiquariatopitanti.it\\\/fr\\\/prodotto\\\/table-basse-deco\\\/\"]}]},{\"@type\":\"ImageObject\",\"inLanguage\":\"fr-FR\",\"@id\":\"https:\\\/\\\/antiquariatopitanti.it\\\/fr\\\/prodotto\\\/table-basse-deco\\\/#primaryimage\",\"url\":\"https:\\\/\\\/antiquariatopitanti.it\\\/wp-content\\\/uploads\\\/2022\\\/11\\\/RM21-tavolino-da-salotto-deco-epoca-primi-del-900-a.jpeg\",\"contentUrl\":\"https:\\\/\\\/antiquariatopitanti.it\\\/wp-content\\\/uploads\\\/2022\\\/11\\\/RM21-tavolino-da-salotto-deco-epoca-primi-del-900-a.jpeg\",\"width\":1008,\"height\":1344,\"caption\":\"Tavolino da salotto Deco'\"},{\"@type\":\"BreadcrumbList\",\"@id\":\"https:\\\/\\\/antiquariatopitanti.it\\\/fr\\\/prodotto\\\/table-basse-deco\\\/#breadcrumb\",\"itemListElement\":[{\"@type\":\"ListItem\",\"position\":1,\"name\":\"Home\",\"item\":\"https:\\\/\\\/antiquariatopitanti.it\\\/fr\\\/home\\\/\"},{\"@type\":\"ListItem\",\"position\":2,\"name\":\"Shop\",\"item\":\"https:\\\/\\\/antiquariatopitanti.it\\\/negozio\\\/\"},{\"@type\":\"ListItem\",\"position\":3,\"name\":\"Table basse D\u00e9co&#8217;\"}]},{\"@type\":\"WebSite\",\"@id\":\"https:\\\/\\\/antiquariatopitanti.it\\\/#website\",\"url\":\"https:\\\/\\\/antiquariatopitanti.it\\\/\",\"name\":\"Pitanti Chesterfield &amp; Vintage\",\"description\":\"\",\"publisher\":{\"@id\":\"https:\\\/\\\/antiquariatopitanti.it\\\/#organization\"},\"potentialAction\":[{\"@type\":\"SearchAction\",\"target\":{\"@type\":\"EntryPoint\",\"urlTemplate\":\"https:\\\/\\\/antiquariatopitanti.it\\\/?s={search_term_string}\"},\"query-input\":{\"@type\":\"PropertyValueSpecification\",\"valueRequired\":true,\"valueName\":\"search_term_string\"}}],\"inLanguage\":\"fr-FR\"},{\"@type\":\"Organization\",\"@id\":\"https:\\\/\\\/antiquariatopitanti.it\\\/#organization\",\"name\":\"Antiquariato Pitanti\",\"url\":\"https:\\\/\\\/antiquariatopitanti.it\\\/\",\"logo\":{\"@type\":\"ImageObject\",\"inLanguage\":\"fr-FR\",\"@id\":\"https:\\\/\\\/antiquariatopitanti.it\\\/#\\\/schema\\\/logo\\\/image\\\/\",\"url\":\"https:\\\/\\\/antiquariatopitanti.it\\\/wp-content\\\/uploads\\\/2022\\\/03\\\/logo-pitanti-new-2.png\",\"contentUrl\":\"https:\\\/\\\/antiquariatopitanti.it\\\/wp-content\\\/uploads\\\/2022\\\/03\\\/logo-pitanti-new-2.png\",\"width\":944,\"height\":798,\"caption\":\"Antiquariato Pitanti\"},\"image\":{\"@id\":\"https:\\\/\\\/antiquariatopitanti.it\\\/#\\\/schema\\\/logo\\\/image\\\/\"},\"sameAs\":[\"https:\\\/\\\/www.facebook.com\\\/mobili.pitanti.vintage\\\/\"]}]}<\/script>\n<!-- \/ Yoast SEO plugin. -->","yoast_head_json":{"title":"Table basse D\u00e9co' - Pitanti Chesterfield &amp; Vintage","description":"El\u00e9gante table basse Deco du d\u00e9but des ann\u00e9es 1900. L'\u00e9tat conservatif et structurel est bon mais doit \u00eatre restaur\u00e9.","robots":{"index":"index","follow":"follow","max-snippet":"max-snippet:-1","max-image-preview":"max-image-preview:large","max-video-preview":"max-video-preview:-1"},"canonical":"https:\/\/antiquariatopitanti.it\/fr\/prodotto\/table-basse-deco\/","og_locale":"fr_FR","og_type":"article","og_title":"Table basse D\u00e9co' - Pitanti Chesterfield &amp; Vintage","og_description":"El\u00e9gante table basse Deco du d\u00e9but des ann\u00e9es 1900. L'\u00e9tat conservatif et structurel est bon mais doit \u00eatre restaur\u00e9.","og_url":"https:\/\/antiquariatopitanti.it\/fr\/prodotto\/table-basse-deco\/","og_site_name":"Pitanti Chesterfield &amp; Vintage","article_publisher":"https:\/\/www.facebook.com\/mobili.pitanti.vintage\/","article_modified_time":"2022-11-19T17:39:34+00:00","og_image":[{"width":1008,"height":1344,"url":"https:\/\/antiquariatopitanti.it\/wp-content\/uploads\/2022\/11\/RM21-tavolino-da-salotto-deco-epoca-primi-del-900-a.jpeg","type":"image\/jpeg"}],"twitter_card":"summary_large_image","schema":{"@context":"https:\/\/schema.org","@graph":[{"@type":"WebPage","@id":"https:\/\/antiquariatopitanti.it\/fr\/prodotto\/table-basse-deco\/","url":"https:\/\/antiquariatopitanti.it\/fr\/prodotto\/table-basse-deco\/","name":"Table basse D\u00e9co' - Pitanti Chesterfield &amp; Vintage","isPartOf":{"@id":"https:\/\/antiquariatopitanti.it\/#website"},"primaryImageOfPage":{"@id":"https:\/\/antiquariatopitanti.it\/fr\/prodotto\/table-basse-deco\/#primaryimage"},"image":{"@id":"https:\/\/antiquariatopitanti.it\/fr\/prodotto\/table-basse-deco\/#primaryimage"},"thumbnailUrl":"https:\/\/antiquariatopitanti.it\/wp-content\/uploads\/2022\/11\/RM21-tavolino-da-salotto-deco-epoca-primi-del-900-a.jpeg","datePublished":"2022-11-12T16:00:45+00:00","dateModified":"2022-11-19T17:39:34+00:00","description":"El\u00e9gante table basse Deco du d\u00e9but des ann\u00e9es 1900. L'\u00e9tat conservatif et structurel est bon mais doit \u00eatre restaur\u00e9.","breadcrumb":{"@id":"https:\/\/antiquariatopitanti.it\/fr\/prodotto\/table-basse-deco\/#breadcrumb"},"inLanguage":"fr-FR","potentialAction":[{"@type":"ReadAction","target":["https:\/\/antiquariatopitanti.it\/fr\/prodotto\/table-basse-deco\/"]}]},{"@type":"ImageObject","inLanguage":"fr-FR","@id":"https:\/\/antiquariatopitanti.it\/fr\/prodotto\/table-basse-deco\/#primaryimage","url":"https:\/\/antiquariatopitanti.it\/wp-content\/uploads\/2022\/11\/RM21-tavolino-da-salotto-deco-epoca-primi-del-900-a.jpeg","contentUrl":"https:\/\/antiquariatopitanti.it\/wp-content\/uploads\/2022\/11\/RM21-tavolino-da-salotto-deco-epoca-primi-del-900-a.jpeg","width":1008,"height":1344,"caption":"Tavolino da salotto Deco'"},{"@type":"BreadcrumbList","@id":"https:\/\/antiquariatopitanti.it\/fr\/prodotto\/table-basse-deco\/#breadcrumb","itemListElement":[{"@type":"ListItem","position":1,"name":"Home","item":"https:\/\/antiquariatopitanti.it\/fr\/home\/"},{"@type":"ListItem","position":2,"name":"Shop","item":"https:\/\/antiquariatopitanti.it\/negozio\/"},{"@type":"ListItem","position":3,"name":"Table basse D\u00e9co&#8217;"}]},{"@type":"WebSite","@id":"https:\/\/antiquariatopitanti.it\/#website","url":"https:\/\/antiquariatopitanti.it\/","name":"Pitanti Chesterfield &amp; Vintage","description":"","publisher":{"@id":"https:\/\/antiquariatopitanti.it\/#organization"},"potentialAction":[{"@type":"SearchAction","target":{"@type":"EntryPoint","urlTemplate":"https:\/\/antiquariatopitanti.it\/?s={search_term_string}"},"query-input":{"@type":"PropertyValueSpecification","valueRequired":true,"valueName":"search_term_string"}}],"inLanguage":"fr-FR"},{"@type":"Organization","@id":"https:\/\/antiquariatopitanti.it\/#organization","name":"Antiquariato Pitanti","url":"https:\/\/antiquariatopitanti.it\/","logo":{"@type":"ImageObject","inLanguage":"fr-FR","@id":"https:\/\/antiquariatopitanti.it\/#\/schema\/logo\/image\/","url":"https:\/\/antiquariatopitanti.it\/wp-content\/uploads\/2022\/03\/logo-pitanti-new-2.png","contentUrl":"https:\/\/antiquariatopitanti.it\/wp-content\/uploads\/2022\/03\/logo-pitanti-new-2.png","width":944,"height":798,"caption":"Antiquariato Pitanti"},"image":{"@id":"https:\/\/antiquariatopitanti.it\/#\/schema\/logo\/image\/"},"sameAs":["https:\/\/www.facebook.com\/mobili.pitanti.vintage\/"]}]}},"_links":{"self":[{"href":"https:\/\/antiquariatopitanti.it\/fr\/wp-json\/wp\/v2\/product\/6727","targetHints":{"allow":["GET"]}}],"collection":[{"href":"https:\/\/antiquariatopitanti.it\/fr\/wp-json\/wp\/v2\/product"}],"about":[{"href":"https:\/\/antiquariatopitanti.it\/fr\/wp-json\/wp\/v2\/types\/product"}],"wp:featuredmedia":[{"embeddable":true,"href":"https:\/\/antiquariatopitanti.it\/fr\/wp-json\/wp\/v2\/media\/6707"}],"wp:attachment":[{"href":"https:\/\/antiquariatopitanti.it\/fr\/wp-json\/wp\/v2\/media?parent=6727"}],"wp:term":[{"taxonomy":"product_brand","embeddable":true,"href":"https:\/\/antiquariatopitanti.it\/fr\/wp-json\/wp\/v2\/product_brand?post=6727"},{"taxonomy":"product_cat","embeddable":true,"href":"https:\/\/antiquariatopitanti.it\/fr\/wp-json\/wp\/v2\/product_cat?post=6727"},{"taxonomy":"product_tag","embeddable":true,"href":"https:\/\/antiquariatopitanti.it\/fr\/wp-json\/wp\/v2\/product_tag?post=6727"}],"curies":[{"name":"wp","href":"https:\/\/api.w.org\/{rel}","templated":true}]}}