{"id":6677,"date":"2022-11-10T09:33:59","date_gmt":"2022-11-10T15:45:52","guid":{"rendered":"https:\/\/antiquariatopitanti.it\/prodotto\/table-de-compensation-anglaise-en-noyer-de-la-fin-du-19eme-siecle\/"},"modified":"2022-11-19T19:09:20","modified_gmt":"2022-11-19T18:09:20","slug":"table-de-compensation-anglaise-en-noyer-de-la-fin-du-19eme-siecle","status":"publish","type":"product","link":"https:\/\/antiquariatopitanti.it\/fr\/prodotto\/table-de-compensation-anglaise-en-noyer-de-la-fin-du-19eme-siecle\/","title":{"rendered":"Table d&rsquo;appoint anglaise en bois de noyer"},"content":{"rendered":"<p>Table victorienne anglaise en noyer, table de compensation en bois de noyer avec m\u00e9canisme.D&rsquo;une table console, si n\u00e9cessaire, elle devient une \u00e9tag\u00e8re \u00e0 trois \u00e9tages. L&rsquo;\u00e9tat et l&rsquo;\u00e9tat de conservation sont excellents.Le prix du meuble comprend la restauration qui sera effectu\u00e9e par nos artisans avec de la gomme laque naturelle et de l&rsquo;alcool d&rsquo;alcoo<\/p>\n","protected":false},"excerpt":{"rendered":"<p>Ref.:RM25<br \/>\n<strong>Ancienne table-console anglaise de d\u00e9gagement de table du 19\u00e8me si\u00e8cle<\/strong><br \/>\n<strong>Origine<\/strong> : Anglaise<br \/>\n<strong>P\u00e9riode<\/strong> : Fin du 19\u00e8me si\u00e8cle<br \/>\n<strong>Mat\u00e9riau<\/strong> : bois de noyer avec m\u00e9canisme de mont\u00e9e-descente d&rsquo;un \u00e0 trois \u00e9tages<br \/>\n<strong>Mesures : L. 99 cm x P. 53 cm x H.73 cm H. max.<\/strong><br \/>\n<strong>\u00c9tat conservatif<\/strong> : Excellent<\/p>\n<p><em><strong>LE PRIX DU MOBILIER COMPREND LA RESTAURATION<\/strong><\/em><\/p>\n","protected":false},"featured_media":9669,"template":"","meta":[],"product_brand":[],"product_cat":[585,612],"product_tag":[692,824,1207,822],"class_list":{"0":"post-6677","1":"product","2":"type-product","3":"status-publish","4":"has-post-thumbnail","6":"product_cat-antiquites","7":"product_cat-tables-fr","8":"product_tag-antiquites-anglaises-800","9":"product_tag-epoque-800","10":"product_tag-meubles-anciens-anglais-800","11":"product_tag-tableaux-anglais-800","12":"entry","13":"has-media","15":"first","16":"outofstock","17":"sold-individually","18":"shipping-taxable","19":"purchasable","20":"product-type-simple"},"yoast_head":"<!-- This site is optimized with the Yoast SEO plugin v27.4 - https:\/\/yoast.com\/product\/yoast-seo-wordpress\/ -->\n<title>Table d&#039;appoint anglaise en bois de noyer -<\/title>\n<meta name=\"description\" content=\"Table d&#039;appoint anglaise victorienne en noyer avec m\u00e9canisme. De table console, si n\u00e9cessaire, elle devient une \u00e9tag\u00e8re \u00e0 trois \u00e9tages\" \/>\n<meta name=\"robots\" content=\"index, follow, max-snippet:-1, max-image-preview:large, max-video-preview:-1\" \/>\n<link rel=\"canonical\" href=\"https:\/\/antiquariatopitanti.it\/fr\/prodotto\/table-de-compensation-anglaise-en-noyer-de-la-fin-du-19eme-siecle\/\" \/>\n<meta property=\"og:locale\" content=\"fr_FR\" \/>\n<meta property=\"og:type\" content=\"article\" \/>\n<meta property=\"og:title\" content=\"Table d&#039;appoint anglaise en bois de noyer -\" \/>\n<meta property=\"og:description\" content=\"Table d&#039;appoint anglaise victorienne en noyer avec m\u00e9canisme. De table console, si n\u00e9cessaire, elle devient une \u00e9tag\u00e8re \u00e0 trois \u00e9tages\" \/>\n<meta property=\"og:url\" content=\"https:\/\/antiquariatopitanti.it\/fr\/prodotto\/table-de-compensation-anglaise-en-noyer-de-la-fin-du-19eme-siecle\/\" \/>\n<meta property=\"og:site_name\" content=\"Pitanti Chesterfield &amp; Vintage\" \/>\n<meta property=\"article:publisher\" content=\"https:\/\/www.facebook.com\/mobili.pitanti.vintage\/\" \/>\n<meta property=\"article:modified_time\" content=\"2022-11-19T18:09:20+00:00\" \/>\n<meta property=\"og:image\" content=\"https:\/\/antiquariatopitanti.it\/wp-content\/uploads\/2022\/11\/RM25-tavolo-etagere-sparecchiatoio-inglese-in-legno-di-mogano-epoca-800-o.jpeg\" \/>\n\t<meta property=\"og:image:width\" content=\"1008\" \/>\n\t<meta property=\"og:image:height\" content=\"1344\" \/>\n\t<meta property=\"og:image:type\" content=\"image\/jpeg\" \/>\n<meta name=\"twitter:card\" content=\"summary_large_image\" \/>\n<script type=\"application\/ld+json\" class=\"yoast-schema-graph\">{\"@context\":\"https:\\\/\\\/schema.org\",\"@graph\":[{\"@type\":\"WebPage\",\"@id\":\"https:\\\/\\\/antiquariatopitanti.it\\\/fr\\\/prodotto\\\/table-de-compensation-anglaise-en-noyer-de-la-fin-du-19eme-siecle\\\/\",\"url\":\"https:\\\/\\\/antiquariatopitanti.it\\\/fr\\\/prodotto\\\/table-de-compensation-anglaise-en-noyer-de-la-fin-du-19eme-siecle\\\/\",\"name\":\"Table d'appoint anglaise en bois de noyer -\",\"isPartOf\":{\"@id\":\"https:\\\/\\\/antiquariatopitanti.it\\\/#website\"},\"primaryImageOfPage\":{\"@id\":\"https:\\\/\\\/antiquariatopitanti.it\\\/fr\\\/prodotto\\\/table-de-compensation-anglaise-en-noyer-de-la-fin-du-19eme-siecle\\\/#primaryimage\"},\"image\":{\"@id\":\"https:\\\/\\\/antiquariatopitanti.it\\\/fr\\\/prodotto\\\/table-de-compensation-anglaise-en-noyer-de-la-fin-du-19eme-siecle\\\/#primaryimage\"},\"thumbnailUrl\":\"https:\\\/\\\/antiquariatopitanti.it\\\/wp-content\\\/uploads\\\/2022\\\/11\\\/Tavolo-etagere-inglese-800-c.jpeg\",\"datePublished\":\"2022-11-10T15:45:52+00:00\",\"dateModified\":\"2022-11-19T18:09:20+00:00\",\"description\":\"Table d'appoint anglaise victorienne en noyer avec m\u00e9canisme. De table console, si n\u00e9cessaire, elle devient une \u00e9tag\u00e8re \u00e0 trois \u00e9tages\",\"breadcrumb\":{\"@id\":\"https:\\\/\\\/antiquariatopitanti.it\\\/fr\\\/prodotto\\\/table-de-compensation-anglaise-en-noyer-de-la-fin-du-19eme-siecle\\\/#breadcrumb\"},\"inLanguage\":\"fr-FR\",\"potentialAction\":[{\"@type\":\"ReadAction\",\"target\":[\"https:\\\/\\\/antiquariatopitanti.it\\\/fr\\\/prodotto\\\/table-de-compensation-anglaise-en-noyer-de-la-fin-du-19eme-siecle\\\/\"]}]},{\"@type\":\"ImageObject\",\"inLanguage\":\"fr-FR\",\"@id\":\"https:\\\/\\\/antiquariatopitanti.it\\\/fr\\\/prodotto\\\/table-de-compensation-anglaise-en-noyer-de-la-fin-du-19eme-siecle\\\/#primaryimage\",\"url\":\"https:\\\/\\\/antiquariatopitanti.it\\\/wp-content\\\/uploads\\\/2022\\\/11\\\/Tavolo-etagere-inglese-800-c.jpeg\",\"contentUrl\":\"https:\\\/\\\/antiquariatopitanti.it\\\/wp-content\\\/uploads\\\/2022\\\/11\\\/Tavolo-etagere-inglese-800-c.jpeg\",\"width\":1008,\"height\":1344,\"caption\":\"Tavolino \u00e9tag\u00e8re inglese 800\"},{\"@type\":\"BreadcrumbList\",\"@id\":\"https:\\\/\\\/antiquariatopitanti.it\\\/fr\\\/prodotto\\\/table-de-compensation-anglaise-en-noyer-de-la-fin-du-19eme-siecle\\\/#breadcrumb\",\"itemListElement\":[{\"@type\":\"ListItem\",\"position\":1,\"name\":\"Home\",\"item\":\"https:\\\/\\\/antiquariatopitanti.it\\\/fr\\\/home\\\/\"},{\"@type\":\"ListItem\",\"position\":2,\"name\":\"Shop\",\"item\":\"https:\\\/\\\/antiquariatopitanti.it\\\/negozio\\\/\"},{\"@type\":\"ListItem\",\"position\":3,\"name\":\"Table d&#8217;appoint anglaise en bois de noyer\"}]},{\"@type\":\"WebSite\",\"@id\":\"https:\\\/\\\/antiquariatopitanti.it\\\/#website\",\"url\":\"https:\\\/\\\/antiquariatopitanti.it\\\/\",\"name\":\"Pitanti Chesterfield &amp; Vintage\",\"description\":\"\",\"publisher\":{\"@id\":\"https:\\\/\\\/antiquariatopitanti.it\\\/#organization\"},\"potentialAction\":[{\"@type\":\"SearchAction\",\"target\":{\"@type\":\"EntryPoint\",\"urlTemplate\":\"https:\\\/\\\/antiquariatopitanti.it\\\/?s={search_term_string}\"},\"query-input\":{\"@type\":\"PropertyValueSpecification\",\"valueRequired\":true,\"valueName\":\"search_term_string\"}}],\"inLanguage\":\"fr-FR\"},{\"@type\":\"Organization\",\"@id\":\"https:\\\/\\\/antiquariatopitanti.it\\\/#organization\",\"name\":\"Antiquariato Pitanti\",\"url\":\"https:\\\/\\\/antiquariatopitanti.it\\\/\",\"logo\":{\"@type\":\"ImageObject\",\"inLanguage\":\"fr-FR\",\"@id\":\"https:\\\/\\\/antiquariatopitanti.it\\\/#\\\/schema\\\/logo\\\/image\\\/\",\"url\":\"https:\\\/\\\/antiquariatopitanti.it\\\/wp-content\\\/uploads\\\/2022\\\/03\\\/logo-pitanti-new-2.png\",\"contentUrl\":\"https:\\\/\\\/antiquariatopitanti.it\\\/wp-content\\\/uploads\\\/2022\\\/03\\\/logo-pitanti-new-2.png\",\"width\":944,\"height\":798,\"caption\":\"Antiquariato Pitanti\"},\"image\":{\"@id\":\"https:\\\/\\\/antiquariatopitanti.it\\\/#\\\/schema\\\/logo\\\/image\\\/\"},\"sameAs\":[\"https:\\\/\\\/www.facebook.com\\\/mobili.pitanti.vintage\\\/\"]}]}<\/script>\n<!-- \/ Yoast SEO plugin. -->","yoast_head_json":{"title":"Table d'appoint anglaise en bois de noyer -","description":"Table d'appoint anglaise victorienne en noyer avec m\u00e9canisme. De table console, si n\u00e9cessaire, elle devient une \u00e9tag\u00e8re \u00e0 trois \u00e9tages","robots":{"index":"index","follow":"follow","max-snippet":"max-snippet:-1","max-image-preview":"max-image-preview:large","max-video-preview":"max-video-preview:-1"},"canonical":"https:\/\/antiquariatopitanti.it\/fr\/prodotto\/table-de-compensation-anglaise-en-noyer-de-la-fin-du-19eme-siecle\/","og_locale":"fr_FR","og_type":"article","og_title":"Table d'appoint anglaise en bois de noyer -","og_description":"Table d'appoint anglaise victorienne en noyer avec m\u00e9canisme. De table console, si n\u00e9cessaire, elle devient une \u00e9tag\u00e8re \u00e0 trois \u00e9tages","og_url":"https:\/\/antiquariatopitanti.it\/fr\/prodotto\/table-de-compensation-anglaise-en-noyer-de-la-fin-du-19eme-siecle\/","og_site_name":"Pitanti Chesterfield &amp; Vintage","article_publisher":"https:\/\/www.facebook.com\/mobili.pitanti.vintage\/","article_modified_time":"2022-11-19T18:09:20+00:00","og_image":[{"width":1008,"height":1344,"url":"https:\/\/antiquariatopitanti.it\/wp-content\/uploads\/2022\/11\/RM25-tavolo-etagere-sparecchiatoio-inglese-in-legno-di-mogano-epoca-800-o.jpeg","type":"image\/jpeg"}],"twitter_card":"summary_large_image","schema":{"@context":"https:\/\/schema.org","@graph":[{"@type":"WebPage","@id":"https:\/\/antiquariatopitanti.it\/fr\/prodotto\/table-de-compensation-anglaise-en-noyer-de-la-fin-du-19eme-siecle\/","url":"https:\/\/antiquariatopitanti.it\/fr\/prodotto\/table-de-compensation-anglaise-en-noyer-de-la-fin-du-19eme-siecle\/","name":"Table d'appoint anglaise en bois de noyer -","isPartOf":{"@id":"https:\/\/antiquariatopitanti.it\/#website"},"primaryImageOfPage":{"@id":"https:\/\/antiquariatopitanti.it\/fr\/prodotto\/table-de-compensation-anglaise-en-noyer-de-la-fin-du-19eme-siecle\/#primaryimage"},"image":{"@id":"https:\/\/antiquariatopitanti.it\/fr\/prodotto\/table-de-compensation-anglaise-en-noyer-de-la-fin-du-19eme-siecle\/#primaryimage"},"thumbnailUrl":"https:\/\/antiquariatopitanti.it\/wp-content\/uploads\/2022\/11\/Tavolo-etagere-inglese-800-c.jpeg","datePublished":"2022-11-10T15:45:52+00:00","dateModified":"2022-11-19T18:09:20+00:00","description":"Table d'appoint anglaise victorienne en noyer avec m\u00e9canisme. De table console, si n\u00e9cessaire, elle devient une \u00e9tag\u00e8re \u00e0 trois \u00e9tages","breadcrumb":{"@id":"https:\/\/antiquariatopitanti.it\/fr\/prodotto\/table-de-compensation-anglaise-en-noyer-de-la-fin-du-19eme-siecle\/#breadcrumb"},"inLanguage":"fr-FR","potentialAction":[{"@type":"ReadAction","target":["https:\/\/antiquariatopitanti.it\/fr\/prodotto\/table-de-compensation-anglaise-en-noyer-de-la-fin-du-19eme-siecle\/"]}]},{"@type":"ImageObject","inLanguage":"fr-FR","@id":"https:\/\/antiquariatopitanti.it\/fr\/prodotto\/table-de-compensation-anglaise-en-noyer-de-la-fin-du-19eme-siecle\/#primaryimage","url":"https:\/\/antiquariatopitanti.it\/wp-content\/uploads\/2022\/11\/Tavolo-etagere-inglese-800-c.jpeg","contentUrl":"https:\/\/antiquariatopitanti.it\/wp-content\/uploads\/2022\/11\/Tavolo-etagere-inglese-800-c.jpeg","width":1008,"height":1344,"caption":"Tavolino \u00e9tag\u00e8re inglese 800"},{"@type":"BreadcrumbList","@id":"https:\/\/antiquariatopitanti.it\/fr\/prodotto\/table-de-compensation-anglaise-en-noyer-de-la-fin-du-19eme-siecle\/#breadcrumb","itemListElement":[{"@type":"ListItem","position":1,"name":"Home","item":"https:\/\/antiquariatopitanti.it\/fr\/home\/"},{"@type":"ListItem","position":2,"name":"Shop","item":"https:\/\/antiquariatopitanti.it\/negozio\/"},{"@type":"ListItem","position":3,"name":"Table d&#8217;appoint anglaise en bois de noyer"}]},{"@type":"WebSite","@id":"https:\/\/antiquariatopitanti.it\/#website","url":"https:\/\/antiquariatopitanti.it\/","name":"Pitanti Chesterfield &amp; Vintage","description":"","publisher":{"@id":"https:\/\/antiquariatopitanti.it\/#organization"},"potentialAction":[{"@type":"SearchAction","target":{"@type":"EntryPoint","urlTemplate":"https:\/\/antiquariatopitanti.it\/?s={search_term_string}"},"query-input":{"@type":"PropertyValueSpecification","valueRequired":true,"valueName":"search_term_string"}}],"inLanguage":"fr-FR"},{"@type":"Organization","@id":"https:\/\/antiquariatopitanti.it\/#organization","name":"Antiquariato Pitanti","url":"https:\/\/antiquariatopitanti.it\/","logo":{"@type":"ImageObject","inLanguage":"fr-FR","@id":"https:\/\/antiquariatopitanti.it\/#\/schema\/logo\/image\/","url":"https:\/\/antiquariatopitanti.it\/wp-content\/uploads\/2022\/03\/logo-pitanti-new-2.png","contentUrl":"https:\/\/antiquariatopitanti.it\/wp-content\/uploads\/2022\/03\/logo-pitanti-new-2.png","width":944,"height":798,"caption":"Antiquariato Pitanti"},"image":{"@id":"https:\/\/antiquariatopitanti.it\/#\/schema\/logo\/image\/"},"sameAs":["https:\/\/www.facebook.com\/mobili.pitanti.vintage\/"]}]}},"_links":{"self":[{"href":"https:\/\/antiquariatopitanti.it\/fr\/wp-json\/wp\/v2\/product\/6677","targetHints":{"allow":["GET"]}}],"collection":[{"href":"https:\/\/antiquariatopitanti.it\/fr\/wp-json\/wp\/v2\/product"}],"about":[{"href":"https:\/\/antiquariatopitanti.it\/fr\/wp-json\/wp\/v2\/types\/product"}],"wp:featuredmedia":[{"embeddable":true,"href":"https:\/\/antiquariatopitanti.it\/fr\/wp-json\/wp\/v2\/media\/9669"}],"wp:attachment":[{"href":"https:\/\/antiquariatopitanti.it\/fr\/wp-json\/wp\/v2\/media?parent=6677"}],"wp:term":[{"taxonomy":"product_brand","embeddable":true,"href":"https:\/\/antiquariatopitanti.it\/fr\/wp-json\/wp\/v2\/product_brand?post=6677"},{"taxonomy":"product_cat","embeddable":true,"href":"https:\/\/antiquariatopitanti.it\/fr\/wp-json\/wp\/v2\/product_cat?post=6677"},{"taxonomy":"product_tag","embeddable":true,"href":"https:\/\/antiquariatopitanti.it\/fr\/wp-json\/wp\/v2\/product_tag?post=6677"}],"curies":[{"name":"wp","href":"https:\/\/api.w.org\/{rel}","templated":true}]}}