{"id":6580,"date":"2022-10-25T11:16:13","date_gmt":"2022-10-25T09:47:29","guid":{"rendered":"https:\/\/antiquariatopitanti.it\/prodotto\/buffet-danois-a-2-portes-en-noyer-800\/"},"modified":"2022-11-19T19:19:02","modified_gmt":"2022-11-19T18:19:02","slug":"buffet-2-portes-noyer-danois-800","status":"publish","type":"product","link":"https:\/\/antiquariatopitanti.it\/fr\/prodotto\/buffet-2-portes-noyer-danois-800\/","title":{"rendered":"Buffet danois 2 portes en noyer 800"},"content":{"rendered":"<p>Buffet Danois 2 portes en noyer 800, ondul\u00e9, avec tiroir central ondul\u00e9.L&rsquo;\u00e9tat de conservation du meuble est excellent, il a besoin d&rsquo;\u00eatre cir\u00e9.<\/p>\n","protected":false},"excerpt":{"rendered":"<p>Ref.: RM07<br \/>\nBuffet danois \u00e0 2 portes en noyer 800<br \/>\nOrigine : Danois<br \/>\nP\u00e9riode : vers 1870-80<br \/>\nMat\u00e9riau : bois de noyer avec tiroir central<br \/>\nMesures: L. 102 cm x P. 55 cm x H. 94 cm<br \/>\n\u00c9tat Conservatif Excellent, \u00e0 peaufiner<\/p>\n","protected":false},"featured_media":6543,"template":"","meta":[],"product_brand":[],"product_cat":[585,596],"product_tag":[2088,2072,824,1189,1312,2108],"class_list":{"0":"post-6580","1":"product","2":"type-product","3":"status-publish","4":"has-post-thumbnail","6":"product_cat-antiquites","7":"product_cat-buffets","8":"product_tag-antiquites-scandinaves-fr","9":"product_tag-buffet-danois-ancien","10":"product_tag-epoque-800","11":"product_tag-meubles-anciens-danois","12":"product_tag-noce-fr","13":"product_tag-pays-scandinaves-fr","14":"entry","15":"has-media","17":"first","18":"outofstock","19":"sold-individually","20":"shipping-taxable","21":"product-type-simple"},"yoast_head":"<!-- This site is optimized with the Yoast SEO plugin v27.4 - https:\/\/yoast.com\/product\/yoast-seo-wordpress\/ -->\n<title>Buffet danois 2 portes en noyer 800 -<\/title>\n<meta name=\"description\" content=\"Buffet Danois 2 portes en noyer 800, ondul\u00e9, avec tiroir central ondul\u00e9.L&#039;\u00e9tat de conservation du meuble est excellent, il a besoin d&#039;\u00eatre cir\u00e9. Epoque vers 1860-80.\" \/>\n<meta name=\"robots\" content=\"index, follow, max-snippet:-1, max-image-preview:large, max-video-preview:-1\" \/>\n<link rel=\"canonical\" href=\"https:\/\/antiquariatopitanti.it\/fr\/prodotto\/buffet-2-portes-noyer-danois-800\/\" \/>\n<meta property=\"og:locale\" content=\"fr_FR\" \/>\n<meta property=\"og:type\" content=\"article\" \/>\n<meta property=\"og:title\" content=\"Buffet danois 2 portes en noyer 800 -\" \/>\n<meta property=\"og:description\" content=\"Buffet Danois 2 portes en noyer 800, ondul\u00e9, avec tiroir central ondul\u00e9.L&#039;\u00e9tat de conservation du meuble est excellent, il a besoin d&#039;\u00eatre cir\u00e9. Epoque vers 1860-80.\" \/>\n<meta property=\"og:url\" content=\"https:\/\/antiquariatopitanti.it\/fr\/prodotto\/buffet-2-portes-noyer-danois-800\/\" \/>\n<meta property=\"og:site_name\" content=\"Pitanti Chesterfield &amp; Vintage\" \/>\n<meta property=\"article:publisher\" content=\"https:\/\/www.facebook.com\/mobili.pitanti.vintage\/\" \/>\n<meta property=\"article:modified_time\" content=\"2022-11-19T18:19:02+00:00\" \/>\n<meta property=\"og:image\" content=\"https:\/\/antiquariatopitanti.it\/wp-content\/uploads\/2022\/10\/RM07-CREDENZA-DANESE-2-ANTE-MOSSA-IN-LEGNO-DI-NOCE-1870-b.jpeg\" \/>\n\t<meta property=\"og:image:width\" content=\"1008\" \/>\n\t<meta property=\"og:image:height\" content=\"1323\" \/>\n\t<meta property=\"og:image:type\" content=\"image\/jpeg\" \/>\n<meta name=\"twitter:card\" content=\"summary_large_image\" \/>\n<script type=\"application\/ld+json\" class=\"yoast-schema-graph\">{\"@context\":\"https:\\\/\\\/schema.org\",\"@graph\":[{\"@type\":\"WebPage\",\"@id\":\"https:\\\/\\\/antiquariatopitanti.it\\\/fr\\\/prodotto\\\/buffet-2-portes-noyer-danois-800\\\/\",\"url\":\"https:\\\/\\\/antiquariatopitanti.it\\\/fr\\\/prodotto\\\/buffet-2-portes-noyer-danois-800\\\/\",\"name\":\"Buffet danois 2 portes en noyer 800 -\",\"isPartOf\":{\"@id\":\"https:\\\/\\\/antiquariatopitanti.it\\\/#website\"},\"primaryImageOfPage\":{\"@id\":\"https:\\\/\\\/antiquariatopitanti.it\\\/fr\\\/prodotto\\\/buffet-2-portes-noyer-danois-800\\\/#primaryimage\"},\"image\":{\"@id\":\"https:\\\/\\\/antiquariatopitanti.it\\\/fr\\\/prodotto\\\/buffet-2-portes-noyer-danois-800\\\/#primaryimage\"},\"thumbnailUrl\":\"https:\\\/\\\/antiquariatopitanti.it\\\/wp-content\\\/uploads\\\/2022\\\/10\\\/RM07-CREDENZA-DANESE-2-ANTE-MOSSA-IN-LEGNO-DI-NOCE-1870-b.jpeg\",\"datePublished\":\"2022-10-25T09:47:29+00:00\",\"dateModified\":\"2022-11-19T18:19:02+00:00\",\"description\":\"Buffet Danois 2 portes en noyer 800, ondul\u00e9, avec tiroir central ondul\u00e9.L'\u00e9tat de conservation du meuble est excellent, il a besoin d'\u00eatre cir\u00e9. Epoque vers 1860-80.\",\"breadcrumb\":{\"@id\":\"https:\\\/\\\/antiquariatopitanti.it\\\/fr\\\/prodotto\\\/buffet-2-portes-noyer-danois-800\\\/#breadcrumb\"},\"inLanguage\":\"fr-FR\",\"potentialAction\":[{\"@type\":\"ReadAction\",\"target\":[\"https:\\\/\\\/antiquariatopitanti.it\\\/fr\\\/prodotto\\\/buffet-2-portes-noyer-danois-800\\\/\"]}]},{\"@type\":\"ImageObject\",\"inLanguage\":\"fr-FR\",\"@id\":\"https:\\\/\\\/antiquariatopitanti.it\\\/fr\\\/prodotto\\\/buffet-2-portes-noyer-danois-800\\\/#primaryimage\",\"url\":\"https:\\\/\\\/antiquariatopitanti.it\\\/wp-content\\\/uploads\\\/2022\\\/10\\\/RM07-CREDENZA-DANESE-2-ANTE-MOSSA-IN-LEGNO-DI-NOCE-1870-b.jpeg\",\"contentUrl\":\"https:\\\/\\\/antiquariatopitanti.it\\\/wp-content\\\/uploads\\\/2022\\\/10\\\/RM07-CREDENZA-DANESE-2-ANTE-MOSSA-IN-LEGNO-DI-NOCE-1870-b.jpeg\",\"width\":1008,\"height\":1323,\"caption\":\"Credenza 2 ante Danese in noce 800\"},{\"@type\":\"BreadcrumbList\",\"@id\":\"https:\\\/\\\/antiquariatopitanti.it\\\/fr\\\/prodotto\\\/buffet-2-portes-noyer-danois-800\\\/#breadcrumb\",\"itemListElement\":[{\"@type\":\"ListItem\",\"position\":1,\"name\":\"Home\",\"item\":\"https:\\\/\\\/antiquariatopitanti.it\\\/fr\\\/home\\\/\"},{\"@type\":\"ListItem\",\"position\":2,\"name\":\"Shop\",\"item\":\"https:\\\/\\\/antiquariatopitanti.it\\\/negozio\\\/\"},{\"@type\":\"ListItem\",\"position\":3,\"name\":\"Buffet danois 2 portes en noyer 800\"}]},{\"@type\":\"WebSite\",\"@id\":\"https:\\\/\\\/antiquariatopitanti.it\\\/#website\",\"url\":\"https:\\\/\\\/antiquariatopitanti.it\\\/\",\"name\":\"Pitanti Chesterfield &amp; Vintage\",\"description\":\"\",\"publisher\":{\"@id\":\"https:\\\/\\\/antiquariatopitanti.it\\\/#organization\"},\"potentialAction\":[{\"@type\":\"SearchAction\",\"target\":{\"@type\":\"EntryPoint\",\"urlTemplate\":\"https:\\\/\\\/antiquariatopitanti.it\\\/?s={search_term_string}\"},\"query-input\":{\"@type\":\"PropertyValueSpecification\",\"valueRequired\":true,\"valueName\":\"search_term_string\"}}],\"inLanguage\":\"fr-FR\"},{\"@type\":\"Organization\",\"@id\":\"https:\\\/\\\/antiquariatopitanti.it\\\/#organization\",\"name\":\"Antiquariato Pitanti\",\"url\":\"https:\\\/\\\/antiquariatopitanti.it\\\/\",\"logo\":{\"@type\":\"ImageObject\",\"inLanguage\":\"fr-FR\",\"@id\":\"https:\\\/\\\/antiquariatopitanti.it\\\/#\\\/schema\\\/logo\\\/image\\\/\",\"url\":\"https:\\\/\\\/antiquariatopitanti.it\\\/wp-content\\\/uploads\\\/2022\\\/03\\\/logo-pitanti-new-2.png\",\"contentUrl\":\"https:\\\/\\\/antiquariatopitanti.it\\\/wp-content\\\/uploads\\\/2022\\\/03\\\/logo-pitanti-new-2.png\",\"width\":944,\"height\":798,\"caption\":\"Antiquariato Pitanti\"},\"image\":{\"@id\":\"https:\\\/\\\/antiquariatopitanti.it\\\/#\\\/schema\\\/logo\\\/image\\\/\"},\"sameAs\":[\"https:\\\/\\\/www.facebook.com\\\/mobili.pitanti.vintage\\\/\"]}]}<\/script>\n<!-- \/ Yoast SEO plugin. -->","yoast_head_json":{"title":"Buffet danois 2 portes en noyer 800 -","description":"Buffet Danois 2 portes en noyer 800, ondul\u00e9, avec tiroir central ondul\u00e9.L'\u00e9tat de conservation du meuble est excellent, il a besoin d'\u00eatre cir\u00e9. Epoque vers 1860-80.","robots":{"index":"index","follow":"follow","max-snippet":"max-snippet:-1","max-image-preview":"max-image-preview:large","max-video-preview":"max-video-preview:-1"},"canonical":"https:\/\/antiquariatopitanti.it\/fr\/prodotto\/buffet-2-portes-noyer-danois-800\/","og_locale":"fr_FR","og_type":"article","og_title":"Buffet danois 2 portes en noyer 800 -","og_description":"Buffet Danois 2 portes en noyer 800, ondul\u00e9, avec tiroir central ondul\u00e9.L'\u00e9tat de conservation du meuble est excellent, il a besoin d'\u00eatre cir\u00e9. Epoque vers 1860-80.","og_url":"https:\/\/antiquariatopitanti.it\/fr\/prodotto\/buffet-2-portes-noyer-danois-800\/","og_site_name":"Pitanti Chesterfield &amp; Vintage","article_publisher":"https:\/\/www.facebook.com\/mobili.pitanti.vintage\/","article_modified_time":"2022-11-19T18:19:02+00:00","og_image":[{"width":1008,"height":1323,"url":"https:\/\/antiquariatopitanti.it\/wp-content\/uploads\/2022\/10\/RM07-CREDENZA-DANESE-2-ANTE-MOSSA-IN-LEGNO-DI-NOCE-1870-b.jpeg","type":"image\/jpeg"}],"twitter_card":"summary_large_image","schema":{"@context":"https:\/\/schema.org","@graph":[{"@type":"WebPage","@id":"https:\/\/antiquariatopitanti.it\/fr\/prodotto\/buffet-2-portes-noyer-danois-800\/","url":"https:\/\/antiquariatopitanti.it\/fr\/prodotto\/buffet-2-portes-noyer-danois-800\/","name":"Buffet danois 2 portes en noyer 800 -","isPartOf":{"@id":"https:\/\/antiquariatopitanti.it\/#website"},"primaryImageOfPage":{"@id":"https:\/\/antiquariatopitanti.it\/fr\/prodotto\/buffet-2-portes-noyer-danois-800\/#primaryimage"},"image":{"@id":"https:\/\/antiquariatopitanti.it\/fr\/prodotto\/buffet-2-portes-noyer-danois-800\/#primaryimage"},"thumbnailUrl":"https:\/\/antiquariatopitanti.it\/wp-content\/uploads\/2022\/10\/RM07-CREDENZA-DANESE-2-ANTE-MOSSA-IN-LEGNO-DI-NOCE-1870-b.jpeg","datePublished":"2022-10-25T09:47:29+00:00","dateModified":"2022-11-19T18:19:02+00:00","description":"Buffet Danois 2 portes en noyer 800, ondul\u00e9, avec tiroir central ondul\u00e9.L'\u00e9tat de conservation du meuble est excellent, il a besoin d'\u00eatre cir\u00e9. Epoque vers 1860-80.","breadcrumb":{"@id":"https:\/\/antiquariatopitanti.it\/fr\/prodotto\/buffet-2-portes-noyer-danois-800\/#breadcrumb"},"inLanguage":"fr-FR","potentialAction":[{"@type":"ReadAction","target":["https:\/\/antiquariatopitanti.it\/fr\/prodotto\/buffet-2-portes-noyer-danois-800\/"]}]},{"@type":"ImageObject","inLanguage":"fr-FR","@id":"https:\/\/antiquariatopitanti.it\/fr\/prodotto\/buffet-2-portes-noyer-danois-800\/#primaryimage","url":"https:\/\/antiquariatopitanti.it\/wp-content\/uploads\/2022\/10\/RM07-CREDENZA-DANESE-2-ANTE-MOSSA-IN-LEGNO-DI-NOCE-1870-b.jpeg","contentUrl":"https:\/\/antiquariatopitanti.it\/wp-content\/uploads\/2022\/10\/RM07-CREDENZA-DANESE-2-ANTE-MOSSA-IN-LEGNO-DI-NOCE-1870-b.jpeg","width":1008,"height":1323,"caption":"Credenza 2 ante Danese in noce 800"},{"@type":"BreadcrumbList","@id":"https:\/\/antiquariatopitanti.it\/fr\/prodotto\/buffet-2-portes-noyer-danois-800\/#breadcrumb","itemListElement":[{"@type":"ListItem","position":1,"name":"Home","item":"https:\/\/antiquariatopitanti.it\/fr\/home\/"},{"@type":"ListItem","position":2,"name":"Shop","item":"https:\/\/antiquariatopitanti.it\/negozio\/"},{"@type":"ListItem","position":3,"name":"Buffet danois 2 portes en noyer 800"}]},{"@type":"WebSite","@id":"https:\/\/antiquariatopitanti.it\/#website","url":"https:\/\/antiquariatopitanti.it\/","name":"Pitanti Chesterfield &amp; Vintage","description":"","publisher":{"@id":"https:\/\/antiquariatopitanti.it\/#organization"},"potentialAction":[{"@type":"SearchAction","target":{"@type":"EntryPoint","urlTemplate":"https:\/\/antiquariatopitanti.it\/?s={search_term_string}"},"query-input":{"@type":"PropertyValueSpecification","valueRequired":true,"valueName":"search_term_string"}}],"inLanguage":"fr-FR"},{"@type":"Organization","@id":"https:\/\/antiquariatopitanti.it\/#organization","name":"Antiquariato Pitanti","url":"https:\/\/antiquariatopitanti.it\/","logo":{"@type":"ImageObject","inLanguage":"fr-FR","@id":"https:\/\/antiquariatopitanti.it\/#\/schema\/logo\/image\/","url":"https:\/\/antiquariatopitanti.it\/wp-content\/uploads\/2022\/03\/logo-pitanti-new-2.png","contentUrl":"https:\/\/antiquariatopitanti.it\/wp-content\/uploads\/2022\/03\/logo-pitanti-new-2.png","width":944,"height":798,"caption":"Antiquariato Pitanti"},"image":{"@id":"https:\/\/antiquariatopitanti.it\/#\/schema\/logo\/image\/"},"sameAs":["https:\/\/www.facebook.com\/mobili.pitanti.vintage\/"]}]}},"_links":{"self":[{"href":"https:\/\/antiquariatopitanti.it\/fr\/wp-json\/wp\/v2\/product\/6580","targetHints":{"allow":["GET"]}}],"collection":[{"href":"https:\/\/antiquariatopitanti.it\/fr\/wp-json\/wp\/v2\/product"}],"about":[{"href":"https:\/\/antiquariatopitanti.it\/fr\/wp-json\/wp\/v2\/types\/product"}],"wp:featuredmedia":[{"embeddable":true,"href":"https:\/\/antiquariatopitanti.it\/fr\/wp-json\/wp\/v2\/media\/6543"}],"wp:attachment":[{"href":"https:\/\/antiquariatopitanti.it\/fr\/wp-json\/wp\/v2\/media?parent=6580"}],"wp:term":[{"taxonomy":"product_brand","embeddable":true,"href":"https:\/\/antiquariatopitanti.it\/fr\/wp-json\/wp\/v2\/product_brand?post=6580"},{"taxonomy":"product_cat","embeddable":true,"href":"https:\/\/antiquariatopitanti.it\/fr\/wp-json\/wp\/v2\/product_cat?post=6580"},{"taxonomy":"product_tag","embeddable":true,"href":"https:\/\/antiquariatopitanti.it\/fr\/wp-json\/wp\/v2\/product_tag?post=6580"}],"curies":[{"name":"wp","href":"https:\/\/api.w.org\/{rel}","templated":true}]}}