{"id":6531,"date":"2022-10-22T19:47:52","date_gmt":"2022-10-24T16:07:52","guid":{"rendered":"https:\/\/antiquariatopitanti.it\/prodotto\/table-a-jeux-regency-anglaise-filetee-et-incrustee\/"},"modified":"2022-11-20T15:07:32","modified_gmt":"2022-11-20T14:07:32","slug":"table-de-jeu-regency-anglais-filetage-et-incrustation","status":"publish","type":"product","link":"https:\/\/antiquariatopitanti.it\/fr\/prodotto\/table-de-jeu-regency-anglais-filetage-et-incrustation\/","title":{"rendered":"Table \u00e0 jeux Regency anglaise filet\u00e9e et incrust\u00e9e"},"content":{"rendered":"<p>Table \u00e0 jeux en palissandre filet\u00e9 et marquet\u00e9 de la R\u00e9gence anglaise du XIXe si\u00e8cle avec pied central et 4 pieds de lion aux extr\u00e9mit\u00e9s. La table est crois\u00e9e et est finement incrust\u00e9e de laiton sur le dessus, sur le devant et sur les c\u00f4t\u00e9s.La table Regency a \u00e9t\u00e9 restaur\u00e9e de mani\u00e8re experte par nos artisans avec de la gomme laque et de l&rsquo;alcool, strictement \u00e0 la main et au tampon. Le tissu int\u00e9rieur a \u00e9t\u00e9 remplac\u00e9.<\/p>\n","protected":false},"excerpt":{"rendered":"<p>Ref.: RM05<br \/>\n<strong>Table de jeux en palissandre Regency<\/strong><br \/>\n<strong>Origine<\/strong> : Anglaise<br \/>\n<strong>P\u00e9riode<\/strong> : R\u00e9gence 800<br \/>\n<strong>Mat\u00e9riau<\/strong> : palissandre avec incrustations de laiton<br \/>\n<strong>Mesures<\/strong> : L.94 cm x P. 47 cm x H. 80 cm Ouvert : 94 cm x 94 cm<br \/>\n<strong>\u00c9tat Conservatif<\/strong> : Restaur\u00e9<\/p>\n","protected":false},"featured_media":6391,"template":"","meta":[],"product_brand":[],"product_cat":[585,612],"product_tag":[692,1153,1114,1948,1949,1950],"class_list":{"0":"post-6531","1":"product","2":"type-product","3":"status-publish","4":"has-post-thumbnail","6":"product_cat-antiquites","7":"product_cat-tables-fr","8":"product_tag-antiquites-anglaises-800","9":"product_tag-incrustations","10":"product_tag-meubles-anciens-anglais","11":"product_tag-regence-anglaise","12":"product_tag-table-de-jeu-en-palissandre","13":"product_tag-tables-de-jeu-avec-pied-central","14":"entry","15":"has-media","17":"first","18":"outofstock","19":"sold-individually","20":"shipping-taxable","21":"product-type-simple"},"yoast_head":"<!-- This site is optimized with the Yoast SEO plugin v27.4 - https:\/\/yoast.com\/product\/yoast-seo-wordpress\/ -->\n<title>Table \u00e0 jeux Regency anglaise filet\u00e9e et incrust\u00e9e -<\/title>\n<meta name=\"description\" content=\"Table \u00e0 jeux en palissandre filet\u00e9 et marquet\u00e9 de la R\u00e9gence anglaise du XIXe si\u00e8cle avec pied central et 4 pieds de lion aux extr\u00e9mit\u00e9s.\" \/>\n<meta name=\"robots\" content=\"index, follow, max-snippet:-1, max-image-preview:large, max-video-preview:-1\" \/>\n<link rel=\"canonical\" href=\"https:\/\/antiquariatopitanti.it\/fr\/produit\/table-de-jeu-regency-anglais-filetage-et-incrustation\/\" \/>\n<meta property=\"og:locale\" content=\"fr_FR\" \/>\n<meta property=\"og:type\" content=\"article\" \/>\n<meta property=\"og:title\" content=\"Table \u00e0 jeux Regency anglaise filet\u00e9e et incrust\u00e9e -\" \/>\n<meta property=\"og:description\" content=\"Table \u00e0 jeux en palissandre filet\u00e9 et marquet\u00e9 de la R\u00e9gence anglaise du XIXe si\u00e8cle avec pied central et 4 pieds de lion aux extr\u00e9mit\u00e9s.\" \/>\n<meta property=\"og:url\" content=\"https:\/\/antiquariatopitanti.it\/fr\/produit\/table-de-jeu-regency-anglais-filetage-et-incrustation\/\" \/>\n<meta property=\"og:site_name\" content=\"Pitanti Chesterfield &amp; Vintage\" \/>\n<meta property=\"article:publisher\" content=\"https:\/\/www.facebook.com\/mobili.pitanti.vintage\/\" \/>\n<meta property=\"article:modified_time\" content=\"2022-11-20T14:07:32+00:00\" \/>\n<meta property=\"og:image\" content=\"https:\/\/antiquariatopitanti.it\/wp-content\/uploads\/2022\/10\/RM05-regency-rosewood-inlaid-game-table-9.jpeg\" \/>\n\t<meta property=\"og:image:width\" content=\"1008\" \/>\n\t<meta property=\"og:image:height\" content=\"1344\" \/>\n\t<meta property=\"og:image:type\" content=\"image\/jpeg\" \/>\n<meta name=\"twitter:card\" content=\"summary_large_image\" \/>\n<script type=\"application\/ld+json\" class=\"yoast-schema-graph\">{\"@context\":\"https:\\\/\\\/schema.org\",\"@graph\":[{\"@type\":\"WebPage\",\"@id\":\"https:\\\/\\\/antiquariatopitanti.it\\\/fr\\\/produit\\\/table-de-jeu-regency-anglais-filetage-et-incrustation\\\/\",\"url\":\"https:\\\/\\\/antiquariatopitanti.it\\\/fr\\\/produit\\\/table-de-jeu-regency-anglais-filetage-et-incrustation\\\/\",\"name\":\"Table \u00e0 jeux Regency anglaise filet\u00e9e et incrust\u00e9e -\",\"isPartOf\":{\"@id\":\"https:\\\/\\\/antiquariatopitanti.it\\\/#website\"},\"primaryImageOfPage\":{\"@id\":\"https:\\\/\\\/antiquariatopitanti.it\\\/fr\\\/produit\\\/table-de-jeu-regency-anglais-filetage-et-incrustation\\\/#primaryimage\"},\"image\":{\"@id\":\"https:\\\/\\\/antiquariatopitanti.it\\\/fr\\\/produit\\\/table-de-jeu-regency-anglais-filetage-et-incrustation\\\/#primaryimage\"},\"thumbnailUrl\":\"https:\\\/\\\/antiquariatopitanti.it\\\/wp-content\\\/uploads\\\/2022\\\/10\\\/RM05-regency-rosewood-inlaid-game-table-9.jpeg\",\"datePublished\":\"2022-10-24T16:07:52+00:00\",\"dateModified\":\"2022-11-20T14:07:32+00:00\",\"description\":\"Table \u00e0 jeux en palissandre filet\u00e9 et marquet\u00e9 de la R\u00e9gence anglaise du XIXe si\u00e8cle avec pied central et 4 pieds de lion aux extr\u00e9mit\u00e9s.\",\"breadcrumb\":{\"@id\":\"https:\\\/\\\/antiquariatopitanti.it\\\/fr\\\/produit\\\/table-de-jeu-regency-anglais-filetage-et-incrustation\\\/#breadcrumb\"},\"inLanguage\":\"fr-FR\",\"potentialAction\":[{\"@type\":\"ReadAction\",\"target\":[\"https:\\\/\\\/antiquariatopitanti.it\\\/fr\\\/produit\\\/table-de-jeu-regency-anglais-filetage-et-incrustation\\\/\"]}]},{\"@type\":\"ImageObject\",\"inLanguage\":\"fr-FR\",\"@id\":\"https:\\\/\\\/antiquariatopitanti.it\\\/fr\\\/produit\\\/table-de-jeu-regency-anglais-filetage-et-incrustation\\\/#primaryimage\",\"url\":\"https:\\\/\\\/antiquariatopitanti.it\\\/wp-content\\\/uploads\\\/2022\\\/10\\\/RM05-regency-rosewood-inlaid-game-table-9.jpeg\",\"contentUrl\":\"https:\\\/\\\/antiquariatopitanti.it\\\/wp-content\\\/uploads\\\/2022\\\/10\\\/RM05-regency-rosewood-inlaid-game-table-9.jpeg\",\"width\":1008,\"height\":1344,\"caption\":\"Table \u00e0 jeux Regency anglaise filet\u00e9e et incrust\u00e9e\"},{\"@type\":\"BreadcrumbList\",\"@id\":\"https:\\\/\\\/antiquariatopitanti.it\\\/fr\\\/produit\\\/table-de-jeu-regency-anglais-filetage-et-incrustation\\\/#breadcrumb\",\"itemListElement\":[{\"@type\":\"ListItem\",\"position\":1,\"name\":\"Home\",\"item\":\"https:\\\/\\\/antiquariatopitanti.it\\\/fr\\\/home\\\/\"},{\"@type\":\"ListItem\",\"position\":2,\"name\":\"Shop\",\"item\":\"https:\\\/\\\/antiquariatopitanti.it\\\/negozio\\\/\"},{\"@type\":\"ListItem\",\"position\":3,\"name\":\"Table \u00e0 jeux Regency anglaise filet\u00e9e et incrust\u00e9e\"}]},{\"@type\":\"WebSite\",\"@id\":\"https:\\\/\\\/antiquariatopitanti.it\\\/#website\",\"url\":\"https:\\\/\\\/antiquariatopitanti.it\\\/\",\"name\":\"Pitanti Chesterfield &amp; Vintage\",\"description\":\"\",\"publisher\":{\"@id\":\"https:\\\/\\\/antiquariatopitanti.it\\\/#organization\"},\"potentialAction\":[{\"@type\":\"SearchAction\",\"target\":{\"@type\":\"EntryPoint\",\"urlTemplate\":\"https:\\\/\\\/antiquariatopitanti.it\\\/?s={search_term_string}\"},\"query-input\":{\"@type\":\"PropertyValueSpecification\",\"valueRequired\":true,\"valueName\":\"search_term_string\"}}],\"inLanguage\":\"fr-FR\"},{\"@type\":\"Organization\",\"@id\":\"https:\\\/\\\/antiquariatopitanti.it\\\/#organization\",\"name\":\"Antiquariato Pitanti\",\"url\":\"https:\\\/\\\/antiquariatopitanti.it\\\/\",\"logo\":{\"@type\":\"ImageObject\",\"inLanguage\":\"fr-FR\",\"@id\":\"https:\\\/\\\/antiquariatopitanti.it\\\/#\\\/schema\\\/logo\\\/image\\\/\",\"url\":\"https:\\\/\\\/antiquariatopitanti.it\\\/wp-content\\\/uploads\\\/2022\\\/03\\\/logo-pitanti-new-2.png\",\"contentUrl\":\"https:\\\/\\\/antiquariatopitanti.it\\\/wp-content\\\/uploads\\\/2022\\\/03\\\/logo-pitanti-new-2.png\",\"width\":944,\"height\":798,\"caption\":\"Antiquariato Pitanti\"},\"image\":{\"@id\":\"https:\\\/\\\/antiquariatopitanti.it\\\/#\\\/schema\\\/logo\\\/image\\\/\"},\"sameAs\":[\"https:\\\/\\\/www.facebook.com\\\/mobili.pitanti.vintage\\\/\"]}]}<\/script>\n<!-- \/ Yoast SEO plugin. -->","yoast_head_json":{"title":"Table \u00e0 jeux Regency anglaise filet\u00e9e et incrust\u00e9e -","description":"Table \u00e0 jeux en palissandre filet\u00e9 et marquet\u00e9 de la R\u00e9gence anglaise du XIXe si\u00e8cle avec pied central et 4 pieds de lion aux extr\u00e9mit\u00e9s.","robots":{"index":"index","follow":"follow","max-snippet":"max-snippet:-1","max-image-preview":"max-image-preview:large","max-video-preview":"max-video-preview:-1"},"canonical":"https:\/\/antiquariatopitanti.it\/fr\/produit\/table-de-jeu-regency-anglais-filetage-et-incrustation\/","og_locale":"fr_FR","og_type":"article","og_title":"Table \u00e0 jeux Regency anglaise filet\u00e9e et incrust\u00e9e -","og_description":"Table \u00e0 jeux en palissandre filet\u00e9 et marquet\u00e9 de la R\u00e9gence anglaise du XIXe si\u00e8cle avec pied central et 4 pieds de lion aux extr\u00e9mit\u00e9s.","og_url":"https:\/\/antiquariatopitanti.it\/fr\/produit\/table-de-jeu-regency-anglais-filetage-et-incrustation\/","og_site_name":"Pitanti Chesterfield &amp; Vintage","article_publisher":"https:\/\/www.facebook.com\/mobili.pitanti.vintage\/","article_modified_time":"2022-11-20T14:07:32+00:00","og_image":[{"width":1008,"height":1344,"url":"https:\/\/antiquariatopitanti.it\/wp-content\/uploads\/2022\/10\/RM05-regency-rosewood-inlaid-game-table-9.jpeg","type":"image\/jpeg"}],"twitter_card":"summary_large_image","schema":{"@context":"https:\/\/schema.org","@graph":[{"@type":"WebPage","@id":"https:\/\/antiquariatopitanti.it\/fr\/produit\/table-de-jeu-regency-anglais-filetage-et-incrustation\/","url":"https:\/\/antiquariatopitanti.it\/fr\/produit\/table-de-jeu-regency-anglais-filetage-et-incrustation\/","name":"Table \u00e0 jeux Regency anglaise filet\u00e9e et incrust\u00e9e -","isPartOf":{"@id":"https:\/\/antiquariatopitanti.it\/#website"},"primaryImageOfPage":{"@id":"https:\/\/antiquariatopitanti.it\/fr\/produit\/table-de-jeu-regency-anglais-filetage-et-incrustation\/#primaryimage"},"image":{"@id":"https:\/\/antiquariatopitanti.it\/fr\/produit\/table-de-jeu-regency-anglais-filetage-et-incrustation\/#primaryimage"},"thumbnailUrl":"https:\/\/antiquariatopitanti.it\/wp-content\/uploads\/2022\/10\/RM05-regency-rosewood-inlaid-game-table-9.jpeg","datePublished":"2022-10-24T16:07:52+00:00","dateModified":"2022-11-20T14:07:32+00:00","description":"Table \u00e0 jeux en palissandre filet\u00e9 et marquet\u00e9 de la R\u00e9gence anglaise du XIXe si\u00e8cle avec pied central et 4 pieds de lion aux extr\u00e9mit\u00e9s.","breadcrumb":{"@id":"https:\/\/antiquariatopitanti.it\/fr\/produit\/table-de-jeu-regency-anglais-filetage-et-incrustation\/#breadcrumb"},"inLanguage":"fr-FR","potentialAction":[{"@type":"ReadAction","target":["https:\/\/antiquariatopitanti.it\/fr\/produit\/table-de-jeu-regency-anglais-filetage-et-incrustation\/"]}]},{"@type":"ImageObject","inLanguage":"fr-FR","@id":"https:\/\/antiquariatopitanti.it\/fr\/produit\/table-de-jeu-regency-anglais-filetage-et-incrustation\/#primaryimage","url":"https:\/\/antiquariatopitanti.it\/wp-content\/uploads\/2022\/10\/RM05-regency-rosewood-inlaid-game-table-9.jpeg","contentUrl":"https:\/\/antiquariatopitanti.it\/wp-content\/uploads\/2022\/10\/RM05-regency-rosewood-inlaid-game-table-9.jpeg","width":1008,"height":1344,"caption":"Table \u00e0 jeux Regency anglaise filet\u00e9e et incrust\u00e9e"},{"@type":"BreadcrumbList","@id":"https:\/\/antiquariatopitanti.it\/fr\/produit\/table-de-jeu-regency-anglais-filetage-et-incrustation\/#breadcrumb","itemListElement":[{"@type":"ListItem","position":1,"name":"Home","item":"https:\/\/antiquariatopitanti.it\/fr\/home\/"},{"@type":"ListItem","position":2,"name":"Shop","item":"https:\/\/antiquariatopitanti.it\/negozio\/"},{"@type":"ListItem","position":3,"name":"Table \u00e0 jeux Regency anglaise filet\u00e9e et incrust\u00e9e"}]},{"@type":"WebSite","@id":"https:\/\/antiquariatopitanti.it\/#website","url":"https:\/\/antiquariatopitanti.it\/","name":"Pitanti Chesterfield &amp; Vintage","description":"","publisher":{"@id":"https:\/\/antiquariatopitanti.it\/#organization"},"potentialAction":[{"@type":"SearchAction","target":{"@type":"EntryPoint","urlTemplate":"https:\/\/antiquariatopitanti.it\/?s={search_term_string}"},"query-input":{"@type":"PropertyValueSpecification","valueRequired":true,"valueName":"search_term_string"}}],"inLanguage":"fr-FR"},{"@type":"Organization","@id":"https:\/\/antiquariatopitanti.it\/#organization","name":"Antiquariato Pitanti","url":"https:\/\/antiquariatopitanti.it\/","logo":{"@type":"ImageObject","inLanguage":"fr-FR","@id":"https:\/\/antiquariatopitanti.it\/#\/schema\/logo\/image\/","url":"https:\/\/antiquariatopitanti.it\/wp-content\/uploads\/2022\/03\/logo-pitanti-new-2.png","contentUrl":"https:\/\/antiquariatopitanti.it\/wp-content\/uploads\/2022\/03\/logo-pitanti-new-2.png","width":944,"height":798,"caption":"Antiquariato Pitanti"},"image":{"@id":"https:\/\/antiquariatopitanti.it\/#\/schema\/logo\/image\/"},"sameAs":["https:\/\/www.facebook.com\/mobili.pitanti.vintage\/"]}]}},"_links":{"self":[{"href":"https:\/\/antiquariatopitanti.it\/fr\/wp-json\/wp\/v2\/product\/6531","targetHints":{"allow":["GET"]}}],"collection":[{"href":"https:\/\/antiquariatopitanti.it\/fr\/wp-json\/wp\/v2\/product"}],"about":[{"href":"https:\/\/antiquariatopitanti.it\/fr\/wp-json\/wp\/v2\/types\/product"}],"wp:featuredmedia":[{"embeddable":true,"href":"https:\/\/antiquariatopitanti.it\/fr\/wp-json\/wp\/v2\/media\/6391"}],"wp:attachment":[{"href":"https:\/\/antiquariatopitanti.it\/fr\/wp-json\/wp\/v2\/media?parent=6531"}],"wp:term":[{"taxonomy":"product_brand","embeddable":true,"href":"https:\/\/antiquariatopitanti.it\/fr\/wp-json\/wp\/v2\/product_brand?post=6531"},{"taxonomy":"product_cat","embeddable":true,"href":"https:\/\/antiquariatopitanti.it\/fr\/wp-json\/wp\/v2\/product_cat?post=6531"},{"taxonomy":"product_tag","embeddable":true,"href":"https:\/\/antiquariatopitanti.it\/fr\/wp-json\/wp\/v2\/product_tag?post=6531"}],"curies":[{"name":"wp","href":"https:\/\/api.w.org\/{rel}","templated":true}]}}