{"id":6482,"date":"2022-10-23T11:43:24","date_gmt":"2022-10-23T10:06:41","guid":{"rendered":"https:\/\/antiquariatopitanti.it\/prodotto\/commode-biedermeier-avec-4-tiroirs-en-bois-dacajou\/"},"modified":"2022-11-20T14:43:52","modified_gmt":"2022-11-20T13:43:52","slug":"como-biedermeier-danois-800","status":"publish","type":"product","link":"https:\/\/antiquariatopitanti.it\/fr\/prodotto\/como-biedermeier-danois-800\/","title":{"rendered":"Commode Biedermeier danoise du 19\u00e8me si\u00e8cle"},"content":{"rendered":"<p>Commode Biedermeier danoise du XIXe si\u00e8cle avec 4 tiroirs en bois d&rsquo;acajou et plume d&rsquo;acajou, l\u00e9g\u00e8rement arrondie en excellent \u00e9tat et facile \u00e0 placer structurellement la commode est en parfait \u00e9tat elle a besoin d&rsquo;un polissage \u00e0 la gomme laque<\/p>\n","protected":false},"excerpt":{"rendered":"<p>Ref.: RM08<br \/>\n<strong>Commode Biedermeier 800<\/strong><br \/>\n<strong>Origine<\/strong> : Danois<br \/>\n<strong>P\u00e9riode<\/strong> : vers 1830-40<br \/>\n<strong>Mat\u00e9riau<\/strong> : bois d&rsquo;acajou et plume d&rsquo;acajou<br \/>\n<strong>Mesures<\/strong>: L. 75 cm x P. 46 cm x H. 82 cm<br \/>\n<strong>\u00c9tat conservatif<\/strong> : Excellent<\/p>\n","protected":false},"featured_media":6477,"template":"","meta":[],"product_brand":[],"product_cat":[585,593],"product_tag":[1152,683,2086,1678,1189,2090],"class_list":{"0":"post-6482","1":"product","2":"type-product","3":"status-publish","4":"has-post-thumbnail","6":"product_cat-antiquites","7":"product_cat-commodes","8":"product_tag-acajou","9":"product_tag-antiquites-danoises-800","10":"product_tag-antiquites-scandinaves","11":"product_tag-epoque-biedermeier","12":"product_tag-meubles-anciens-danois","13":"product_tag-petite-commode","14":"entry","15":"has-media","17":"first","18":"instock","19":"sold-individually","20":"shipping-taxable","21":"product-type-simple"},"yoast_head":"<!-- This site is optimized with the Yoast SEO plugin v27.4 - https:\/\/yoast.com\/product\/yoast-seo-wordpress\/ -->\n<title>Commode Biedermeier danoise du 19\u00e8me si\u00e8cle - Pitanti Chesterfield &amp; Vintage<\/title>\n<meta name=\"description\" content=\"Commode Biedermeier danoise du XIXe si\u00e8cle \u00e0 4 tiroirs en bois d&#039;acajou et plume d&#039;acajou, l\u00e9g\u00e8rement bomb\u00e9e en excellent \u00e9tat et facile \u00e0 placer\" \/>\n<meta name=\"robots\" content=\"index, follow, max-snippet:-1, max-image-preview:large, max-video-preview:-1\" \/>\n<link rel=\"canonical\" href=\"https:\/\/antiquariatopitanti.it\/fr\/produit\/como-biedermeier-avec-4-tiroirs-en-acajou-bois\/\" \/>\n<meta property=\"og:locale\" content=\"fr_FR\" \/>\n<meta property=\"og:type\" content=\"article\" \/>\n<meta property=\"og:title\" content=\"Commode Biedermeier danoise du 19\u00e8me si\u00e8cle - Pitanti Chesterfield &amp; Vintage\" \/>\n<meta property=\"og:description\" content=\"Commode Biedermeier danoise du XIXe si\u00e8cle \u00e0 4 tiroirs en bois d&#039;acajou et plume d&#039;acajou, l\u00e9g\u00e8rement bomb\u00e9e en excellent \u00e9tat et facile \u00e0 placer\" \/>\n<meta property=\"og:url\" content=\"https:\/\/antiquariatopitanti.it\/fr\/produit\/como-biedermeier-avec-4-tiroirs-en-acajou-bois\/\" \/>\n<meta property=\"og:site_name\" content=\"Pitanti Chesterfield &amp; Vintage\" \/>\n<meta property=\"article:publisher\" content=\"https:\/\/www.facebook.com\/mobili.pitanti.vintage\/\" \/>\n<meta property=\"article:modified_time\" content=\"2022-11-20T13:43:52+00:00\" \/>\n<meta property=\"og:image\" content=\"https:\/\/antiquariatopitanti.it\/wp-content\/uploads\/2022\/10\/RM08-como-BIEDERMEIER-danese-a-4-cassetti-in-legno-di-mogano-d-1.jpeg\" \/>\n\t<meta property=\"og:image:width\" content=\"1008\" \/>\n\t<meta property=\"og:image:height\" content=\"1344\" \/>\n\t<meta property=\"og:image:type\" content=\"image\/jpeg\" \/>\n<meta name=\"twitter:card\" content=\"summary_large_image\" \/>\n<script type=\"application\/ld+json\" class=\"yoast-schema-graph\">{\"@context\":\"https:\\\/\\\/schema.org\",\"@graph\":[{\"@type\":\"WebPage\",\"@id\":\"https:\\\/\\\/antiquariatopitanti.it\\\/fr\\\/produit\\\/como-biedermeier-avec-4-tiroirs-en-acajou-bois\\\/\",\"url\":\"https:\\\/\\\/antiquariatopitanti.it\\\/fr\\\/produit\\\/como-biedermeier-avec-4-tiroirs-en-acajou-bois\\\/\",\"name\":\"Commode Biedermeier danoise du 19\u00e8me si\u00e8cle - Pitanti Chesterfield &amp; Vintage\",\"isPartOf\":{\"@id\":\"https:\\\/\\\/antiquariatopitanti.it\\\/#website\"},\"primaryImageOfPage\":{\"@id\":\"https:\\\/\\\/antiquariatopitanti.it\\\/fr\\\/produit\\\/como-biedermeier-avec-4-tiroirs-en-acajou-bois\\\/#primaryimage\"},\"image\":{\"@id\":\"https:\\\/\\\/antiquariatopitanti.it\\\/fr\\\/produit\\\/como-biedermeier-avec-4-tiroirs-en-acajou-bois\\\/#primaryimage\"},\"thumbnailUrl\":\"https:\\\/\\\/antiquariatopitanti.it\\\/wp-content\\\/uploads\\\/2022\\\/10\\\/RM08-como-BIEDERMEIER-danese-a-4-cassetti-in-legno-di-mogano-d-1.jpeg\",\"datePublished\":\"2022-10-23T10:06:41+00:00\",\"dateModified\":\"2022-11-20T13:43:52+00:00\",\"description\":\"Commode Biedermeier danoise du XIXe si\u00e8cle \u00e0 4 tiroirs en bois d'acajou et plume d'acajou, l\u00e9g\u00e8rement bomb\u00e9e en excellent \u00e9tat et facile \u00e0 placer\",\"breadcrumb\":{\"@id\":\"https:\\\/\\\/antiquariatopitanti.it\\\/fr\\\/produit\\\/como-biedermeier-avec-4-tiroirs-en-acajou-bois\\\/#breadcrumb\"},\"inLanguage\":\"fr-FR\",\"potentialAction\":[{\"@type\":\"ReadAction\",\"target\":[\"https:\\\/\\\/antiquariatopitanti.it\\\/fr\\\/produit\\\/como-biedermeier-avec-4-tiroirs-en-acajou-bois\\\/\"]}]},{\"@type\":\"ImageObject\",\"inLanguage\":\"fr-FR\",\"@id\":\"https:\\\/\\\/antiquariatopitanti.it\\\/fr\\\/produit\\\/como-biedermeier-avec-4-tiroirs-en-acajou-bois\\\/#primaryimage\",\"url\":\"https:\\\/\\\/antiquariatopitanti.it\\\/wp-content\\\/uploads\\\/2022\\\/10\\\/RM08-como-BIEDERMEIER-danese-a-4-cassetti-in-legno-di-mogano-d-1.jpeg\",\"contentUrl\":\"https:\\\/\\\/antiquariatopitanti.it\\\/wp-content\\\/uploads\\\/2022\\\/10\\\/RM08-como-BIEDERMEIER-danese-a-4-cassetti-in-legno-di-mogano-d-1.jpeg\",\"width\":1008,\"height\":1344,\"caption\":\"Commode Biedermeier danoise du 19\u00e8me si\u00e8cle\"},{\"@type\":\"BreadcrumbList\",\"@id\":\"https:\\\/\\\/antiquariatopitanti.it\\\/fr\\\/produit\\\/como-biedermeier-avec-4-tiroirs-en-acajou-bois\\\/#breadcrumb\",\"itemListElement\":[{\"@type\":\"ListItem\",\"position\":1,\"name\":\"Home\",\"item\":\"https:\\\/\\\/antiquariatopitanti.it\\\/fr\\\/home\\\/\"},{\"@type\":\"ListItem\",\"position\":2,\"name\":\"Shop\",\"item\":\"https:\\\/\\\/antiquariatopitanti.it\\\/negozio\\\/\"},{\"@type\":\"ListItem\",\"position\":3,\"name\":\"Commode Biedermeier danoise du 19\u00e8me si\u00e8cle\"}]},{\"@type\":\"WebSite\",\"@id\":\"https:\\\/\\\/antiquariatopitanti.it\\\/#website\",\"url\":\"https:\\\/\\\/antiquariatopitanti.it\\\/\",\"name\":\"Pitanti Chesterfield &amp; Vintage\",\"description\":\"\",\"publisher\":{\"@id\":\"https:\\\/\\\/antiquariatopitanti.it\\\/#organization\"},\"potentialAction\":[{\"@type\":\"SearchAction\",\"target\":{\"@type\":\"EntryPoint\",\"urlTemplate\":\"https:\\\/\\\/antiquariatopitanti.it\\\/?s={search_term_string}\"},\"query-input\":{\"@type\":\"PropertyValueSpecification\",\"valueRequired\":true,\"valueName\":\"search_term_string\"}}],\"inLanguage\":\"fr-FR\"},{\"@type\":\"Organization\",\"@id\":\"https:\\\/\\\/antiquariatopitanti.it\\\/#organization\",\"name\":\"Antiquariato Pitanti\",\"url\":\"https:\\\/\\\/antiquariatopitanti.it\\\/\",\"logo\":{\"@type\":\"ImageObject\",\"inLanguage\":\"fr-FR\",\"@id\":\"https:\\\/\\\/antiquariatopitanti.it\\\/#\\\/schema\\\/logo\\\/image\\\/\",\"url\":\"https:\\\/\\\/antiquariatopitanti.it\\\/wp-content\\\/uploads\\\/2022\\\/03\\\/logo-pitanti-new-2.png\",\"contentUrl\":\"https:\\\/\\\/antiquariatopitanti.it\\\/wp-content\\\/uploads\\\/2022\\\/03\\\/logo-pitanti-new-2.png\",\"width\":944,\"height\":798,\"caption\":\"Antiquariato Pitanti\"},\"image\":{\"@id\":\"https:\\\/\\\/antiquariatopitanti.it\\\/#\\\/schema\\\/logo\\\/image\\\/\"},\"sameAs\":[\"https:\\\/\\\/www.facebook.com\\\/mobili.pitanti.vintage\\\/\"]}]}<\/script>\n<!-- \/ Yoast SEO plugin. -->","yoast_head_json":{"title":"Commode Biedermeier danoise du 19\u00e8me si\u00e8cle - Pitanti Chesterfield &amp; Vintage","description":"Commode Biedermeier danoise du XIXe si\u00e8cle \u00e0 4 tiroirs en bois d'acajou et plume d'acajou, l\u00e9g\u00e8rement bomb\u00e9e en excellent \u00e9tat et facile \u00e0 placer","robots":{"index":"index","follow":"follow","max-snippet":"max-snippet:-1","max-image-preview":"max-image-preview:large","max-video-preview":"max-video-preview:-1"},"canonical":"https:\/\/antiquariatopitanti.it\/fr\/produit\/como-biedermeier-avec-4-tiroirs-en-acajou-bois\/","og_locale":"fr_FR","og_type":"article","og_title":"Commode Biedermeier danoise du 19\u00e8me si\u00e8cle - Pitanti Chesterfield &amp; Vintage","og_description":"Commode Biedermeier danoise du XIXe si\u00e8cle \u00e0 4 tiroirs en bois d'acajou et plume d'acajou, l\u00e9g\u00e8rement bomb\u00e9e en excellent \u00e9tat et facile \u00e0 placer","og_url":"https:\/\/antiquariatopitanti.it\/fr\/produit\/como-biedermeier-avec-4-tiroirs-en-acajou-bois\/","og_site_name":"Pitanti Chesterfield &amp; Vintage","article_publisher":"https:\/\/www.facebook.com\/mobili.pitanti.vintage\/","article_modified_time":"2022-11-20T13:43:52+00:00","og_image":[{"width":1008,"height":1344,"url":"https:\/\/antiquariatopitanti.it\/wp-content\/uploads\/2022\/10\/RM08-como-BIEDERMEIER-danese-a-4-cassetti-in-legno-di-mogano-d-1.jpeg","type":"image\/jpeg"}],"twitter_card":"summary_large_image","schema":{"@context":"https:\/\/schema.org","@graph":[{"@type":"WebPage","@id":"https:\/\/antiquariatopitanti.it\/fr\/produit\/como-biedermeier-avec-4-tiroirs-en-acajou-bois\/","url":"https:\/\/antiquariatopitanti.it\/fr\/produit\/como-biedermeier-avec-4-tiroirs-en-acajou-bois\/","name":"Commode Biedermeier danoise du 19\u00e8me si\u00e8cle - Pitanti Chesterfield &amp; Vintage","isPartOf":{"@id":"https:\/\/antiquariatopitanti.it\/#website"},"primaryImageOfPage":{"@id":"https:\/\/antiquariatopitanti.it\/fr\/produit\/como-biedermeier-avec-4-tiroirs-en-acajou-bois\/#primaryimage"},"image":{"@id":"https:\/\/antiquariatopitanti.it\/fr\/produit\/como-biedermeier-avec-4-tiroirs-en-acajou-bois\/#primaryimage"},"thumbnailUrl":"https:\/\/antiquariatopitanti.it\/wp-content\/uploads\/2022\/10\/RM08-como-BIEDERMEIER-danese-a-4-cassetti-in-legno-di-mogano-d-1.jpeg","datePublished":"2022-10-23T10:06:41+00:00","dateModified":"2022-11-20T13:43:52+00:00","description":"Commode Biedermeier danoise du XIXe si\u00e8cle \u00e0 4 tiroirs en bois d'acajou et plume d'acajou, l\u00e9g\u00e8rement bomb\u00e9e en excellent \u00e9tat et facile \u00e0 placer","breadcrumb":{"@id":"https:\/\/antiquariatopitanti.it\/fr\/produit\/como-biedermeier-avec-4-tiroirs-en-acajou-bois\/#breadcrumb"},"inLanguage":"fr-FR","potentialAction":[{"@type":"ReadAction","target":["https:\/\/antiquariatopitanti.it\/fr\/produit\/como-biedermeier-avec-4-tiroirs-en-acajou-bois\/"]}]},{"@type":"ImageObject","inLanguage":"fr-FR","@id":"https:\/\/antiquariatopitanti.it\/fr\/produit\/como-biedermeier-avec-4-tiroirs-en-acajou-bois\/#primaryimage","url":"https:\/\/antiquariatopitanti.it\/wp-content\/uploads\/2022\/10\/RM08-como-BIEDERMEIER-danese-a-4-cassetti-in-legno-di-mogano-d-1.jpeg","contentUrl":"https:\/\/antiquariatopitanti.it\/wp-content\/uploads\/2022\/10\/RM08-como-BIEDERMEIER-danese-a-4-cassetti-in-legno-di-mogano-d-1.jpeg","width":1008,"height":1344,"caption":"Commode Biedermeier danoise du 19\u00e8me si\u00e8cle"},{"@type":"BreadcrumbList","@id":"https:\/\/antiquariatopitanti.it\/fr\/produit\/como-biedermeier-avec-4-tiroirs-en-acajou-bois\/#breadcrumb","itemListElement":[{"@type":"ListItem","position":1,"name":"Home","item":"https:\/\/antiquariatopitanti.it\/fr\/home\/"},{"@type":"ListItem","position":2,"name":"Shop","item":"https:\/\/antiquariatopitanti.it\/negozio\/"},{"@type":"ListItem","position":3,"name":"Commode Biedermeier danoise du 19\u00e8me si\u00e8cle"}]},{"@type":"WebSite","@id":"https:\/\/antiquariatopitanti.it\/#website","url":"https:\/\/antiquariatopitanti.it\/","name":"Pitanti Chesterfield &amp; Vintage","description":"","publisher":{"@id":"https:\/\/antiquariatopitanti.it\/#organization"},"potentialAction":[{"@type":"SearchAction","target":{"@type":"EntryPoint","urlTemplate":"https:\/\/antiquariatopitanti.it\/?s={search_term_string}"},"query-input":{"@type":"PropertyValueSpecification","valueRequired":true,"valueName":"search_term_string"}}],"inLanguage":"fr-FR"},{"@type":"Organization","@id":"https:\/\/antiquariatopitanti.it\/#organization","name":"Antiquariato Pitanti","url":"https:\/\/antiquariatopitanti.it\/","logo":{"@type":"ImageObject","inLanguage":"fr-FR","@id":"https:\/\/antiquariatopitanti.it\/#\/schema\/logo\/image\/","url":"https:\/\/antiquariatopitanti.it\/wp-content\/uploads\/2022\/03\/logo-pitanti-new-2.png","contentUrl":"https:\/\/antiquariatopitanti.it\/wp-content\/uploads\/2022\/03\/logo-pitanti-new-2.png","width":944,"height":798,"caption":"Antiquariato Pitanti"},"image":{"@id":"https:\/\/antiquariatopitanti.it\/#\/schema\/logo\/image\/"},"sameAs":["https:\/\/www.facebook.com\/mobili.pitanti.vintage\/"]}]}},"_links":{"self":[{"href":"https:\/\/antiquariatopitanti.it\/fr\/wp-json\/wp\/v2\/product\/6482","targetHints":{"allow":["GET"]}}],"collection":[{"href":"https:\/\/antiquariatopitanti.it\/fr\/wp-json\/wp\/v2\/product"}],"about":[{"href":"https:\/\/antiquariatopitanti.it\/fr\/wp-json\/wp\/v2\/types\/product"}],"wp:featuredmedia":[{"embeddable":true,"href":"https:\/\/antiquariatopitanti.it\/fr\/wp-json\/wp\/v2\/media\/6477"}],"wp:attachment":[{"href":"https:\/\/antiquariatopitanti.it\/fr\/wp-json\/wp\/v2\/media?parent=6482"}],"wp:term":[{"taxonomy":"product_brand","embeddable":true,"href":"https:\/\/antiquariatopitanti.it\/fr\/wp-json\/wp\/v2\/product_brand?post=6482"},{"taxonomy":"product_cat","embeddable":true,"href":"https:\/\/antiquariatopitanti.it\/fr\/wp-json\/wp\/v2\/product_cat?post=6482"},{"taxonomy":"product_tag","embeddable":true,"href":"https:\/\/antiquariatopitanti.it\/fr\/wp-json\/wp\/v2\/product_tag?post=6482"}],"curies":[{"name":"wp","href":"https:\/\/api.w.org\/{rel}","templated":true}]}}