{"id":6326,"date":"2022-10-07T12:30:54","date_gmt":"2022-10-17T08:28:10","guid":{"rendered":"https:\/\/antiquariatopitanti.it\/prodotto\/table-italienne-en-vieux-bois-de-sapin-des-annees-1900\/"},"modified":"2022-10-17T10:28:10","modified_gmt":"2022-10-17T08:28:10","slug":"table-italienne-en-sapin-ancienne-des-annees-1900","status":"publish","type":"product","link":"https:\/\/antiquariatopitanti.it\/fr\/prodotto\/table-italienne-en-sapin-ancienne-des-annees-1900\/","title":{"rendered":"Table italienne en vieux bois de sapin des ann\u00e9es 1900"},"content":{"rendered":"<p>Table en bois de sapin. \u00e8 stato sverniciato e restaurato. Le plan est au quadrillage. Possibilit\u00e9 de laisser la table dans son \u00e9tat naturel ou de la teindre dans une couleur au choix du client et de la polir. Tout inclus dans le prix final.<\/p>\n","protected":false},"excerpt":{"rendered":"<p>Ref.: Gra20<br \/>\n<strong>Table rectangulaire italienne en sapin<\/strong><br \/>\n<strong>Origine<\/strong> : Italienne<br \/>\n<strong>P\u00e8riode<\/strong> : Premi\u00e8re moiti\u00e9 du 20\u00e8me si\u00e8cle<br \/>\n<strong>Mat\u00e9riau<\/strong> : vieux bois de sapin<br \/>\n<strong>Mesures<\/strong>: L. 201.5 cm x P. 89 cm x H. 78 cm Epaisseur du dessus H. 3 cm<br \/>\n<strong>Etat Conservatif<\/strong> : Restaur\u00e9<\/p>\n","protected":false},"featured_media":5944,"template":"","meta":[],"product_brand":[],"product_cat":[585,612],"product_tag":[819,1388,1725,1708],"class_list":{"0":"post-6326","1":"product","2":"type-product","3":"status-publish","4":"has-post-thumbnail","6":"product_cat-antiquites","7":"product_cat-tables-fr","8":"product_tag-antiquites-italiennes-900","9":"product_tag-periode-900","10":"product_tag-tables-en-epicea","11":"product_tag-tables-rectangulaires-en-vieux-sapin","12":"entry","13":"has-media","15":"first","16":"instock","17":"sold-individually","18":"shipping-taxable","19":"purchasable","20":"product-type-simple"},"yoast_head":"<!-- This site is optimized with the Yoast SEO plugin v27.4 - https:\/\/yoast.com\/product\/yoast-seo-wordpress\/ -->\n<title>Table italienne en vieux bois de sapin des ann\u00e9es 1900 - Pitanti Chesterfield &amp; Vintage<\/title>\n<meta name=\"robots\" content=\"index, follow, max-snippet:-1, max-image-preview:large, max-video-preview:-1\" \/>\n<link rel=\"canonical\" href=\"https:\/\/antiquariatopitanti.it\/prodotto\/table-italienne-en-vieux-bois-de-sapin-des-annees-1900\/\" \/>\n<meta property=\"og:locale\" content=\"fr_FR\" \/>\n<meta property=\"og:type\" content=\"article\" \/>\n<meta property=\"og:title\" content=\"Table italienne en vieux bois de sapin des ann\u00e9es 1900 - Pitanti Chesterfield &amp; Vintage\" \/>\n<meta property=\"og:description\" content=\"Ref.: Gra20 Table rectangulaire italienne en sapin Origine : Italienne P\u00e8riode : Premi\u00e8re moiti\u00e9 du 20\u00e8me si\u00e8cle Mat\u00e9riau : vieux bois de sapin Mesures: L. 201.5 cm x P. 89 cm x H. 78 cm Epaisseur du dessus H. 3 cm Etat Conservatif : Restaur\u00e9\" \/>\n<meta property=\"og:url\" content=\"https:\/\/antiquariatopitanti.it\/prodotto\/table-italienne-en-vieux-bois-de-sapin-des-annees-1900\/\" \/>\n<meta property=\"og:site_name\" content=\"Pitanti Chesterfield &amp; Vintage\" \/>\n<meta property=\"article:publisher\" content=\"https:\/\/www.facebook.com\/mobili.pitanti.vintage\/\" \/>\n<meta name=\"twitter:card\" content=\"summary_large_image\" \/>\n<script type=\"application\/ld+json\" class=\"yoast-schema-graph\">{\"@context\":\"https:\\\/\\\/schema.org\",\"@graph\":[{\"@type\":\"WebPage\",\"@id\":\"https:\\\/\\\/antiquariatopitanti.it\\\/prodotto\\\/table-italienne-en-vieux-bois-de-sapin-des-annees-1900\\\/\",\"url\":\"https:\\\/\\\/antiquariatopitanti.it\\\/prodotto\\\/table-italienne-en-vieux-bois-de-sapin-des-annees-1900\\\/\",\"name\":\"Table italienne en vieux bois de sapin des ann\u00e9es 1900 - Pitanti Chesterfield &amp; Vintage\",\"isPartOf\":{\"@id\":\"https:\\\/\\\/antiquariatopitanti.it\\\/#website\"},\"primaryImageOfPage\":{\"@id\":\"https:\\\/\\\/antiquariatopitanti.it\\\/prodotto\\\/table-italienne-en-vieux-bois-de-sapin-des-annees-1900\\\/#primaryimage\"},\"image\":{\"@id\":\"https:\\\/\\\/antiquariatopitanti.it\\\/prodotto\\\/table-italienne-en-vieux-bois-de-sapin-des-annees-1900\\\/#primaryimage\"},\"thumbnailUrl\":\"https:\\\/\\\/antiquariatopitanti.it\\\/wp-content\\\/uploads\\\/2022\\\/10\\\/GRA20-TAVOLO-ABETE-VECCHIA-EPOCA-900-MISURE-201CM-89CM-H78CM-c.jpeg\",\"datePublished\":\"2022-10-17T08:28:10+00:00\",\"breadcrumb\":{\"@id\":\"https:\\\/\\\/antiquariatopitanti.it\\\/prodotto\\\/table-italienne-en-vieux-bois-de-sapin-des-annees-1900\\\/#breadcrumb\"},\"inLanguage\":\"fr-FR\",\"potentialAction\":[{\"@type\":\"ReadAction\",\"target\":[\"https:\\\/\\\/antiquariatopitanti.it\\\/prodotto\\\/table-italienne-en-vieux-bois-de-sapin-des-annees-1900\\\/\"]}]},{\"@type\":\"ImageObject\",\"inLanguage\":\"fr-FR\",\"@id\":\"https:\\\/\\\/antiquariatopitanti.it\\\/prodotto\\\/table-italienne-en-vieux-bois-de-sapin-des-annees-1900\\\/#primaryimage\",\"url\":\"https:\\\/\\\/antiquariatopitanti.it\\\/wp-content\\\/uploads\\\/2022\\\/10\\\/GRA20-TAVOLO-ABETE-VECCHIA-EPOCA-900-MISURE-201CM-89CM-H78CM-c.jpeg\",\"contentUrl\":\"https:\\\/\\\/antiquariatopitanti.it\\\/wp-content\\\/uploads\\\/2022\\\/10\\\/GRA20-TAVOLO-ABETE-VECCHIA-EPOCA-900-MISURE-201CM-89CM-H78CM-c.jpeg\",\"width\":1008,\"height\":1344,\"caption\":\"Antico Tavolo in abete del 900\"},{\"@type\":\"BreadcrumbList\",\"@id\":\"https:\\\/\\\/antiquariatopitanti.it\\\/prodotto\\\/table-italienne-en-vieux-bois-de-sapin-des-annees-1900\\\/#breadcrumb\",\"itemListElement\":[{\"@type\":\"ListItem\",\"position\":1,\"name\":\"Home\",\"item\":\"https:\\\/\\\/antiquariatopitanti.it\\\/fr\\\/home\\\/\"},{\"@type\":\"ListItem\",\"position\":2,\"name\":\"Shop\",\"item\":\"https:\\\/\\\/antiquariatopitanti.it\\\/negozio\\\/\"},{\"@type\":\"ListItem\",\"position\":3,\"name\":\"Table italienne en vieux bois de sapin des ann\u00e9es 1900\"}]},{\"@type\":\"WebSite\",\"@id\":\"https:\\\/\\\/antiquariatopitanti.it\\\/#website\",\"url\":\"https:\\\/\\\/antiquariatopitanti.it\\\/\",\"name\":\"Pitanti Chesterfield &amp; Vintage\",\"description\":\"\",\"publisher\":{\"@id\":\"https:\\\/\\\/antiquariatopitanti.it\\\/#organization\"},\"potentialAction\":[{\"@type\":\"SearchAction\",\"target\":{\"@type\":\"EntryPoint\",\"urlTemplate\":\"https:\\\/\\\/antiquariatopitanti.it\\\/?s={search_term_string}\"},\"query-input\":{\"@type\":\"PropertyValueSpecification\",\"valueRequired\":true,\"valueName\":\"search_term_string\"}}],\"inLanguage\":\"fr-FR\"},{\"@type\":\"Organization\",\"@id\":\"https:\\\/\\\/antiquariatopitanti.it\\\/#organization\",\"name\":\"Antiquariato Pitanti\",\"url\":\"https:\\\/\\\/antiquariatopitanti.it\\\/\",\"logo\":{\"@type\":\"ImageObject\",\"inLanguage\":\"fr-FR\",\"@id\":\"https:\\\/\\\/antiquariatopitanti.it\\\/#\\\/schema\\\/logo\\\/image\\\/\",\"url\":\"https:\\\/\\\/antiquariatopitanti.it\\\/wp-content\\\/uploads\\\/2022\\\/03\\\/logo-pitanti-new-2.png\",\"contentUrl\":\"https:\\\/\\\/antiquariatopitanti.it\\\/wp-content\\\/uploads\\\/2022\\\/03\\\/logo-pitanti-new-2.png\",\"width\":944,\"height\":798,\"caption\":\"Antiquariato Pitanti\"},\"image\":{\"@id\":\"https:\\\/\\\/antiquariatopitanti.it\\\/#\\\/schema\\\/logo\\\/image\\\/\"},\"sameAs\":[\"https:\\\/\\\/www.facebook.com\\\/mobili.pitanti.vintage\\\/\"]}]}<\/script>\n<!-- \/ Yoast SEO plugin. -->","yoast_head_json":{"title":"Table italienne en vieux bois de sapin des ann\u00e9es 1900 - Pitanti Chesterfield &amp; Vintage","robots":{"index":"index","follow":"follow","max-snippet":"max-snippet:-1","max-image-preview":"max-image-preview:large","max-video-preview":"max-video-preview:-1"},"canonical":"https:\/\/antiquariatopitanti.it\/prodotto\/table-italienne-en-vieux-bois-de-sapin-des-annees-1900\/","og_locale":"fr_FR","og_type":"article","og_title":"Table italienne en vieux bois de sapin des ann\u00e9es 1900 - Pitanti Chesterfield &amp; Vintage","og_description":"Ref.: Gra20 Table rectangulaire italienne en sapin Origine : Italienne P\u00e8riode : Premi\u00e8re moiti\u00e9 du 20\u00e8me si\u00e8cle Mat\u00e9riau : vieux bois de sapin Mesures: L. 201.5 cm x P. 89 cm x H. 78 cm Epaisseur du dessus H. 3 cm Etat Conservatif : Restaur\u00e9","og_url":"https:\/\/antiquariatopitanti.it\/prodotto\/table-italienne-en-vieux-bois-de-sapin-des-annees-1900\/","og_site_name":"Pitanti Chesterfield &amp; Vintage","article_publisher":"https:\/\/www.facebook.com\/mobili.pitanti.vintage\/","twitter_card":"summary_large_image","schema":{"@context":"https:\/\/schema.org","@graph":[{"@type":"WebPage","@id":"https:\/\/antiquariatopitanti.it\/prodotto\/table-italienne-en-vieux-bois-de-sapin-des-annees-1900\/","url":"https:\/\/antiquariatopitanti.it\/prodotto\/table-italienne-en-vieux-bois-de-sapin-des-annees-1900\/","name":"Table italienne en vieux bois de sapin des ann\u00e9es 1900 - Pitanti Chesterfield &amp; Vintage","isPartOf":{"@id":"https:\/\/antiquariatopitanti.it\/#website"},"primaryImageOfPage":{"@id":"https:\/\/antiquariatopitanti.it\/prodotto\/table-italienne-en-vieux-bois-de-sapin-des-annees-1900\/#primaryimage"},"image":{"@id":"https:\/\/antiquariatopitanti.it\/prodotto\/table-italienne-en-vieux-bois-de-sapin-des-annees-1900\/#primaryimage"},"thumbnailUrl":"https:\/\/antiquariatopitanti.it\/wp-content\/uploads\/2022\/10\/GRA20-TAVOLO-ABETE-VECCHIA-EPOCA-900-MISURE-201CM-89CM-H78CM-c.jpeg","datePublished":"2022-10-17T08:28:10+00:00","breadcrumb":{"@id":"https:\/\/antiquariatopitanti.it\/prodotto\/table-italienne-en-vieux-bois-de-sapin-des-annees-1900\/#breadcrumb"},"inLanguage":"fr-FR","potentialAction":[{"@type":"ReadAction","target":["https:\/\/antiquariatopitanti.it\/prodotto\/table-italienne-en-vieux-bois-de-sapin-des-annees-1900\/"]}]},{"@type":"ImageObject","inLanguage":"fr-FR","@id":"https:\/\/antiquariatopitanti.it\/prodotto\/table-italienne-en-vieux-bois-de-sapin-des-annees-1900\/#primaryimage","url":"https:\/\/antiquariatopitanti.it\/wp-content\/uploads\/2022\/10\/GRA20-TAVOLO-ABETE-VECCHIA-EPOCA-900-MISURE-201CM-89CM-H78CM-c.jpeg","contentUrl":"https:\/\/antiquariatopitanti.it\/wp-content\/uploads\/2022\/10\/GRA20-TAVOLO-ABETE-VECCHIA-EPOCA-900-MISURE-201CM-89CM-H78CM-c.jpeg","width":1008,"height":1344,"caption":"Antico Tavolo in abete del 900"},{"@type":"BreadcrumbList","@id":"https:\/\/antiquariatopitanti.it\/prodotto\/table-italienne-en-vieux-bois-de-sapin-des-annees-1900\/#breadcrumb","itemListElement":[{"@type":"ListItem","position":1,"name":"Home","item":"https:\/\/antiquariatopitanti.it\/fr\/home\/"},{"@type":"ListItem","position":2,"name":"Shop","item":"https:\/\/antiquariatopitanti.it\/negozio\/"},{"@type":"ListItem","position":3,"name":"Table italienne en vieux bois de sapin des ann\u00e9es 1900"}]},{"@type":"WebSite","@id":"https:\/\/antiquariatopitanti.it\/#website","url":"https:\/\/antiquariatopitanti.it\/","name":"Pitanti Chesterfield &amp; Vintage","description":"","publisher":{"@id":"https:\/\/antiquariatopitanti.it\/#organization"},"potentialAction":[{"@type":"SearchAction","target":{"@type":"EntryPoint","urlTemplate":"https:\/\/antiquariatopitanti.it\/?s={search_term_string}"},"query-input":{"@type":"PropertyValueSpecification","valueRequired":true,"valueName":"search_term_string"}}],"inLanguage":"fr-FR"},{"@type":"Organization","@id":"https:\/\/antiquariatopitanti.it\/#organization","name":"Antiquariato Pitanti","url":"https:\/\/antiquariatopitanti.it\/","logo":{"@type":"ImageObject","inLanguage":"fr-FR","@id":"https:\/\/antiquariatopitanti.it\/#\/schema\/logo\/image\/","url":"https:\/\/antiquariatopitanti.it\/wp-content\/uploads\/2022\/03\/logo-pitanti-new-2.png","contentUrl":"https:\/\/antiquariatopitanti.it\/wp-content\/uploads\/2022\/03\/logo-pitanti-new-2.png","width":944,"height":798,"caption":"Antiquariato Pitanti"},"image":{"@id":"https:\/\/antiquariatopitanti.it\/#\/schema\/logo\/image\/"},"sameAs":["https:\/\/www.facebook.com\/mobili.pitanti.vintage\/"]}]}},"_links":{"self":[{"href":"https:\/\/antiquariatopitanti.it\/fr\/wp-json\/wp\/v2\/product\/6326","targetHints":{"allow":["GET"]}}],"collection":[{"href":"https:\/\/antiquariatopitanti.it\/fr\/wp-json\/wp\/v2\/product"}],"about":[{"href":"https:\/\/antiquariatopitanti.it\/fr\/wp-json\/wp\/v2\/types\/product"}],"wp:featuredmedia":[{"embeddable":true,"href":"https:\/\/antiquariatopitanti.it\/fr\/wp-json\/wp\/v2\/media\/5944"}],"wp:attachment":[{"href":"https:\/\/antiquariatopitanti.it\/fr\/wp-json\/wp\/v2\/media?parent=6326"}],"wp:term":[{"taxonomy":"product_brand","embeddable":true,"href":"https:\/\/antiquariatopitanti.it\/fr\/wp-json\/wp\/v2\/product_brand?post=6326"},{"taxonomy":"product_cat","embeddable":true,"href":"https:\/\/antiquariatopitanti.it\/fr\/wp-json\/wp\/v2\/product_cat?post=6326"},{"taxonomy":"product_tag","embeddable":true,"href":"https:\/\/antiquariatopitanti.it\/fr\/wp-json\/wp\/v2\/product_tag?post=6326"}],"curies":[{"name":"wp","href":"https:\/\/api.w.org\/{rel}","templated":true}]}}