{"id":6322,"date":"2022-10-11T11:19:15","date_gmt":"2022-10-17T08:08:07","guid":{"rendered":"https:\/\/antiquariatopitanti.it\/prodotto\/meuble-industriel-italien-a-6-portes-en-bois-de-sapin-des-annees-50\/"},"modified":"2022-10-17T10:08:07","modified_gmt":"2022-10-17T08:08:07","slug":"meuble-industriel-italien-a-6-portes-en-bois-de-sapin-des-annees-50","status":"publish","type":"product","link":"https:\/\/antiquariatopitanti.it\/fr\/prodotto\/meuble-industriel-italien-a-6-portes-en-bois-de-sapin-des-annees-50\/","title":{"rendered":"Meuble industriel italien \u00e0 6 portes en bois de sapin des ann\u00e9es 50"},"content":{"rendered":"<p>Armoire industrielle \u00e0 6 portes en bois de sapin des ann\u00e9es 50. pi\u00e8ce unique non d\u00e9montable. \u00e0 restaurer<\/p>\n<p>&nbsp;<\/p>\n","protected":false},"excerpt":{"rendered":"<p>Ref.: GRA21<br \/>\n<strong>Meuble industriel italien \u00e0 6 portes en bois de sapin des ann\u00e9es 50<\/strong><br \/>\n<strong>Origine<\/strong> : Italienne<br \/>\n<strong>P\u00e9riode<\/strong> : ann\u00e9es 50\/60<br \/>\n<strong>M\u00e8sures<\/strong>: L. 370 cm x P. 48 cm x H. 159 cm<br \/>\n<strong>\u00c9tat conservatif<\/strong> : \u00e0 restaurer<\/p>\n<p><strong>\u00ab\u00a0EXP\u00c9DITION \u00c0 CONVENIR PAR T\u00c9L\u00c9PHONE\u00a0\u00bb<\/strong><\/p>\n","protected":false},"featured_media":6046,"template":"","meta":[],"product_brand":[],"product_cat":[660],"product_tag":[1721,1719,1720,1718],"class_list":{"0":"post-6322","1":"product","2":"type-product","3":"status-publish","4":"has-post-thumbnail","6":"product_cat-industriel","7":"product_tag-900-meubles-italiens","8":"product_tag-armoire-en-sapin-des-annees-1950","9":"product_tag-design-contemporain","10":"product_tag-mobilier-industriel-italien","11":"entry","12":"has-media","14":"first","15":"instock","16":"sold-individually","17":"shipping-taxable","18":"purchasable","19":"product-type-simple"},"yoast_head":"<!-- This site is optimized with the Yoast SEO plugin v27.4 - https:\/\/yoast.com\/product\/yoast-seo-wordpress\/ -->\n<title>Meuble industriel italien \u00e0 6 portes en bois de sapin des ann\u00e9es 50 - Pitanti Chesterfield &amp; Vintage<\/title>\n<meta name=\"robots\" content=\"index, follow, max-snippet:-1, max-image-preview:large, max-video-preview:-1\" \/>\n<link rel=\"canonical\" href=\"https:\/\/antiquariatopitanti.it\/prodotto\/meuble-industriel-italien-a-6-portes-en-bois-de-sapin-des-annees-50\/\" \/>\n<meta property=\"og:locale\" content=\"fr_FR\" \/>\n<meta property=\"og:type\" content=\"article\" \/>\n<meta property=\"og:title\" content=\"Meuble industriel italien \u00e0 6 portes en bois de sapin des ann\u00e9es 50 - Pitanti Chesterfield &amp; Vintage\" \/>\n<meta property=\"og:description\" content=\"Ref.: GRA21 Meuble industriel italien \u00e0 6 portes en bois de sapin des ann\u00e9es 50 Origine : Italienne P\u00e9riode : ann\u00e9es 50\/60 M\u00e8sures: L. 370 cm x P. 48 cm x H. 159 cm \u00c9tat conservatif : \u00e0 restaurer &quot;EXP\u00c9DITION \u00c0 CONVENIR PAR T\u00c9L\u00c9PHONE&quot;\" \/>\n<meta property=\"og:url\" content=\"https:\/\/antiquariatopitanti.it\/prodotto\/meuble-industriel-italien-a-6-portes-en-bois-de-sapin-des-annees-50\/\" \/>\n<meta property=\"og:site_name\" content=\"Pitanti Chesterfield &amp; Vintage\" \/>\n<meta property=\"article:publisher\" content=\"https:\/\/www.facebook.com\/mobili.pitanti.vintage\/\" \/>\n<meta name=\"twitter:card\" content=\"summary_large_image\" \/>\n<script type=\"application\/ld+json\" class=\"yoast-schema-graph\">{\"@context\":\"https:\\\/\\\/schema.org\",\"@graph\":[{\"@type\":\"WebPage\",\"@id\":\"https:\\\/\\\/antiquariatopitanti.it\\\/prodotto\\\/meuble-industriel-italien-a-6-portes-en-bois-de-sapin-des-annees-50\\\/\",\"url\":\"https:\\\/\\\/antiquariatopitanti.it\\\/prodotto\\\/meuble-industriel-italien-a-6-portes-en-bois-de-sapin-des-annees-50\\\/\",\"name\":\"Meuble industriel italien \u00e0 6 portes en bois de sapin des ann\u00e9es 50 - Pitanti Chesterfield &amp; Vintage\",\"isPartOf\":{\"@id\":\"https:\\\/\\\/antiquariatopitanti.it\\\/#website\"},\"primaryImageOfPage\":{\"@id\":\"https:\\\/\\\/antiquariatopitanti.it\\\/prodotto\\\/meuble-industriel-italien-a-6-portes-en-bois-de-sapin-des-annees-50\\\/#primaryimage\"},\"image\":{\"@id\":\"https:\\\/\\\/antiquariatopitanti.it\\\/prodotto\\\/meuble-industriel-italien-a-6-portes-en-bois-de-sapin-des-annees-50\\\/#primaryimage\"},\"thumbnailUrl\":\"https:\\\/\\\/antiquariatopitanti.it\\\/wp-content\\\/uploads\\\/2022\\\/10\\\/GRA21-stipo-a-6-ante-abete-vecchia-epoca-1950-industriale-a.jpeg\",\"datePublished\":\"2022-10-17T08:08:07+00:00\",\"breadcrumb\":{\"@id\":\"https:\\\/\\\/antiquariatopitanti.it\\\/prodotto\\\/meuble-industriel-italien-a-6-portes-en-bois-de-sapin-des-annees-50\\\/#breadcrumb\"},\"inLanguage\":\"fr-FR\",\"potentialAction\":[{\"@type\":\"ReadAction\",\"target\":[\"https:\\\/\\\/antiquariatopitanti.it\\\/prodotto\\\/meuble-industriel-italien-a-6-portes-en-bois-de-sapin-des-annees-50\\\/\"]}]},{\"@type\":\"ImageObject\",\"inLanguage\":\"fr-FR\",\"@id\":\"https:\\\/\\\/antiquariatopitanti.it\\\/prodotto\\\/meuble-industriel-italien-a-6-portes-en-bois-de-sapin-des-annees-50\\\/#primaryimage\",\"url\":\"https:\\\/\\\/antiquariatopitanti.it\\\/wp-content\\\/uploads\\\/2022\\\/10\\\/GRA21-stipo-a-6-ante-abete-vecchia-epoca-1950-industriale-a.jpeg\",\"contentUrl\":\"https:\\\/\\\/antiquariatopitanti.it\\\/wp-content\\\/uploads\\\/2022\\\/10\\\/GRA21-stipo-a-6-ante-abete-vecchia-epoca-1950-industriale-a.jpeg\",\"width\":1008,\"height\":1344,\"caption\":\"Stipo Industriale 6 ante\"},{\"@type\":\"BreadcrumbList\",\"@id\":\"https:\\\/\\\/antiquariatopitanti.it\\\/prodotto\\\/meuble-industriel-italien-a-6-portes-en-bois-de-sapin-des-annees-50\\\/#breadcrumb\",\"itemListElement\":[{\"@type\":\"ListItem\",\"position\":1,\"name\":\"Home\",\"item\":\"https:\\\/\\\/antiquariatopitanti.it\\\/fr\\\/home\\\/\"},{\"@type\":\"ListItem\",\"position\":2,\"name\":\"Shop\",\"item\":\"https:\\\/\\\/antiquariatopitanti.it\\\/negozio\\\/\"},{\"@type\":\"ListItem\",\"position\":3,\"name\":\"Meuble industriel italien \u00e0 6 portes en bois de sapin des ann\u00e9es 50\"}]},{\"@type\":\"WebSite\",\"@id\":\"https:\\\/\\\/antiquariatopitanti.it\\\/#website\",\"url\":\"https:\\\/\\\/antiquariatopitanti.it\\\/\",\"name\":\"Pitanti Chesterfield &amp; Vintage\",\"description\":\"\",\"publisher\":{\"@id\":\"https:\\\/\\\/antiquariatopitanti.it\\\/#organization\"},\"potentialAction\":[{\"@type\":\"SearchAction\",\"target\":{\"@type\":\"EntryPoint\",\"urlTemplate\":\"https:\\\/\\\/antiquariatopitanti.it\\\/?s={search_term_string}\"},\"query-input\":{\"@type\":\"PropertyValueSpecification\",\"valueRequired\":true,\"valueName\":\"search_term_string\"}}],\"inLanguage\":\"fr-FR\"},{\"@type\":\"Organization\",\"@id\":\"https:\\\/\\\/antiquariatopitanti.it\\\/#organization\",\"name\":\"Antiquariato Pitanti\",\"url\":\"https:\\\/\\\/antiquariatopitanti.it\\\/\",\"logo\":{\"@type\":\"ImageObject\",\"inLanguage\":\"fr-FR\",\"@id\":\"https:\\\/\\\/antiquariatopitanti.it\\\/#\\\/schema\\\/logo\\\/image\\\/\",\"url\":\"https:\\\/\\\/antiquariatopitanti.it\\\/wp-content\\\/uploads\\\/2022\\\/03\\\/logo-pitanti-new-2.png\",\"contentUrl\":\"https:\\\/\\\/antiquariatopitanti.it\\\/wp-content\\\/uploads\\\/2022\\\/03\\\/logo-pitanti-new-2.png\",\"width\":944,\"height\":798,\"caption\":\"Antiquariato Pitanti\"},\"image\":{\"@id\":\"https:\\\/\\\/antiquariatopitanti.it\\\/#\\\/schema\\\/logo\\\/image\\\/\"},\"sameAs\":[\"https:\\\/\\\/www.facebook.com\\\/mobili.pitanti.vintage\\\/\"]}]}<\/script>\n<!-- \/ Yoast SEO plugin. -->","yoast_head_json":{"title":"Meuble industriel italien \u00e0 6 portes en bois de sapin des ann\u00e9es 50 - Pitanti Chesterfield &amp; Vintage","robots":{"index":"index","follow":"follow","max-snippet":"max-snippet:-1","max-image-preview":"max-image-preview:large","max-video-preview":"max-video-preview:-1"},"canonical":"https:\/\/antiquariatopitanti.it\/prodotto\/meuble-industriel-italien-a-6-portes-en-bois-de-sapin-des-annees-50\/","og_locale":"fr_FR","og_type":"article","og_title":"Meuble industriel italien \u00e0 6 portes en bois de sapin des ann\u00e9es 50 - Pitanti Chesterfield &amp; Vintage","og_description":"Ref.: GRA21 Meuble industriel italien \u00e0 6 portes en bois de sapin des ann\u00e9es 50 Origine : Italienne P\u00e9riode : ann\u00e9es 50\/60 M\u00e8sures: L. 370 cm x P. 48 cm x H. 159 cm \u00c9tat conservatif : \u00e0 restaurer \"EXP\u00c9DITION \u00c0 CONVENIR PAR T\u00c9L\u00c9PHONE\"","og_url":"https:\/\/antiquariatopitanti.it\/prodotto\/meuble-industriel-italien-a-6-portes-en-bois-de-sapin-des-annees-50\/","og_site_name":"Pitanti Chesterfield &amp; Vintage","article_publisher":"https:\/\/www.facebook.com\/mobili.pitanti.vintage\/","twitter_card":"summary_large_image","schema":{"@context":"https:\/\/schema.org","@graph":[{"@type":"WebPage","@id":"https:\/\/antiquariatopitanti.it\/prodotto\/meuble-industriel-italien-a-6-portes-en-bois-de-sapin-des-annees-50\/","url":"https:\/\/antiquariatopitanti.it\/prodotto\/meuble-industriel-italien-a-6-portes-en-bois-de-sapin-des-annees-50\/","name":"Meuble industriel italien \u00e0 6 portes en bois de sapin des ann\u00e9es 50 - Pitanti Chesterfield &amp; Vintage","isPartOf":{"@id":"https:\/\/antiquariatopitanti.it\/#website"},"primaryImageOfPage":{"@id":"https:\/\/antiquariatopitanti.it\/prodotto\/meuble-industriel-italien-a-6-portes-en-bois-de-sapin-des-annees-50\/#primaryimage"},"image":{"@id":"https:\/\/antiquariatopitanti.it\/prodotto\/meuble-industriel-italien-a-6-portes-en-bois-de-sapin-des-annees-50\/#primaryimage"},"thumbnailUrl":"https:\/\/antiquariatopitanti.it\/wp-content\/uploads\/2022\/10\/GRA21-stipo-a-6-ante-abete-vecchia-epoca-1950-industriale-a.jpeg","datePublished":"2022-10-17T08:08:07+00:00","breadcrumb":{"@id":"https:\/\/antiquariatopitanti.it\/prodotto\/meuble-industriel-italien-a-6-portes-en-bois-de-sapin-des-annees-50\/#breadcrumb"},"inLanguage":"fr-FR","potentialAction":[{"@type":"ReadAction","target":["https:\/\/antiquariatopitanti.it\/prodotto\/meuble-industriel-italien-a-6-portes-en-bois-de-sapin-des-annees-50\/"]}]},{"@type":"ImageObject","inLanguage":"fr-FR","@id":"https:\/\/antiquariatopitanti.it\/prodotto\/meuble-industriel-italien-a-6-portes-en-bois-de-sapin-des-annees-50\/#primaryimage","url":"https:\/\/antiquariatopitanti.it\/wp-content\/uploads\/2022\/10\/GRA21-stipo-a-6-ante-abete-vecchia-epoca-1950-industriale-a.jpeg","contentUrl":"https:\/\/antiquariatopitanti.it\/wp-content\/uploads\/2022\/10\/GRA21-stipo-a-6-ante-abete-vecchia-epoca-1950-industriale-a.jpeg","width":1008,"height":1344,"caption":"Stipo Industriale 6 ante"},{"@type":"BreadcrumbList","@id":"https:\/\/antiquariatopitanti.it\/prodotto\/meuble-industriel-italien-a-6-portes-en-bois-de-sapin-des-annees-50\/#breadcrumb","itemListElement":[{"@type":"ListItem","position":1,"name":"Home","item":"https:\/\/antiquariatopitanti.it\/fr\/home\/"},{"@type":"ListItem","position":2,"name":"Shop","item":"https:\/\/antiquariatopitanti.it\/negozio\/"},{"@type":"ListItem","position":3,"name":"Meuble industriel italien \u00e0 6 portes en bois de sapin des ann\u00e9es 50"}]},{"@type":"WebSite","@id":"https:\/\/antiquariatopitanti.it\/#website","url":"https:\/\/antiquariatopitanti.it\/","name":"Pitanti Chesterfield &amp; Vintage","description":"","publisher":{"@id":"https:\/\/antiquariatopitanti.it\/#organization"},"potentialAction":[{"@type":"SearchAction","target":{"@type":"EntryPoint","urlTemplate":"https:\/\/antiquariatopitanti.it\/?s={search_term_string}"},"query-input":{"@type":"PropertyValueSpecification","valueRequired":true,"valueName":"search_term_string"}}],"inLanguage":"fr-FR"},{"@type":"Organization","@id":"https:\/\/antiquariatopitanti.it\/#organization","name":"Antiquariato Pitanti","url":"https:\/\/antiquariatopitanti.it\/","logo":{"@type":"ImageObject","inLanguage":"fr-FR","@id":"https:\/\/antiquariatopitanti.it\/#\/schema\/logo\/image\/","url":"https:\/\/antiquariatopitanti.it\/wp-content\/uploads\/2022\/03\/logo-pitanti-new-2.png","contentUrl":"https:\/\/antiquariatopitanti.it\/wp-content\/uploads\/2022\/03\/logo-pitanti-new-2.png","width":944,"height":798,"caption":"Antiquariato Pitanti"},"image":{"@id":"https:\/\/antiquariatopitanti.it\/#\/schema\/logo\/image\/"},"sameAs":["https:\/\/www.facebook.com\/mobili.pitanti.vintage\/"]}]}},"_links":{"self":[{"href":"https:\/\/antiquariatopitanti.it\/fr\/wp-json\/wp\/v2\/product\/6322","targetHints":{"allow":["GET"]}}],"collection":[{"href":"https:\/\/antiquariatopitanti.it\/fr\/wp-json\/wp\/v2\/product"}],"about":[{"href":"https:\/\/antiquariatopitanti.it\/fr\/wp-json\/wp\/v2\/types\/product"}],"wp:featuredmedia":[{"embeddable":true,"href":"https:\/\/antiquariatopitanti.it\/fr\/wp-json\/wp\/v2\/media\/6046"}],"wp:attachment":[{"href":"https:\/\/antiquariatopitanti.it\/fr\/wp-json\/wp\/v2\/media?parent=6322"}],"wp:term":[{"taxonomy":"product_brand","embeddable":true,"href":"https:\/\/antiquariatopitanti.it\/fr\/wp-json\/wp\/v2\/product_brand?post=6322"},{"taxonomy":"product_cat","embeddable":true,"href":"https:\/\/antiquariatopitanti.it\/fr\/wp-json\/wp\/v2\/product_cat?post=6322"},{"taxonomy":"product_tag","embeddable":true,"href":"https:\/\/antiquariatopitanti.it\/fr\/wp-json\/wp\/v2\/product_tag?post=6322"}],"curies":[{"name":"wp","href":"https:\/\/api.w.org\/{rel}","templated":true}]}}