{"id":6316,"date":"2022-10-15T16:45:48","date_gmt":"2022-10-16T10:08:03","guid":{"rendered":"https:\/\/antiquariatopitanti.it\/prodotto\/table-rectangulaire-italienne-a-deux-tiroirs\/"},"modified":"2022-10-16T12:08:06","modified_gmt":"2022-10-16T10:08:06","slug":"table-italienne-rectangulaire-a-deux-tiroirs","status":"publish","type":"product","link":"https:\/\/antiquariatopitanti.it\/fr\/prodotto\/table-italienne-rectangulaire-a-deux-tiroirs\/","title":{"rendered":"Table rectangulaire italienne \u00e0 deux tiroirs"},"content":{"rendered":"<p>Table rectangulaire en bois de sapin ancien. d\u00e9but des ann\u00e9es 1900. restaur\u00e9 au naturel. y compris la restauration de polissage.<\/p>\n","protected":false},"excerpt":{"rendered":"<p>Ref.: Gra21<br \/>\n<strong>Table rectangulaire italienne \u00e0 deux tiroirs<\/strong><br \/>\n<strong>Origine<\/strong> : Italienne<br \/>\n<strong>P\u00e8riode<\/strong> : Premi\u00e8re moiti\u00e9 du 20\u00e8me si\u00e8cle<br \/>\n<strong>Mat\u00e9riau<\/strong> : vieux bois de sapin<br \/>\n<strong>Mesures<\/strong> : L. 199 cm x P. 96 cm x H. 78 cm Epaisseur du plateau H. 3 cm<br \/>\n<strong>Etat Conservatif<\/strong> : Restaur\u00e9<\/p>\n","protected":false},"featured_media":6198,"template":"","meta":[],"product_brand":[],"product_cat":[585,612],"product_tag":[819,1709,1310,1708],"class_list":{"0":"post-6316","1":"product","2":"type-product","3":"status-publish","4":"has-post-thumbnail","6":"product_cat-antiquites","7":"product_cat-tables-fr","8":"product_tag-antiquites-italiennes-900","9":"product_tag-les-tables","10":"product_tag-mobili-antichi-italiani-fr","11":"product_tag-tables-rectangulaires-en-vieux-sapin","12":"entry","13":"has-media","15":"first","16":"instock","17":"sold-individually","18":"shipping-taxable","19":"product-type-simple"},"yoast_head":"<!-- This site is optimized with the Yoast SEO plugin v27.4 - https:\/\/yoast.com\/product\/yoast-seo-wordpress\/ -->\n<title>Table rectangulaire italienne \u00e0 deux tiroirs - Pitanti Chesterfield &amp; Vintage<\/title>\n<meta name=\"robots\" content=\"index, follow, max-snippet:-1, max-image-preview:large, max-video-preview:-1\" \/>\n<link rel=\"canonical\" href=\"https:\/\/antiquariatopitanti.it\/fr\/produit\/table-italienne-rectangulaire-a-deux-tiroirs\/\" \/>\n<meta property=\"og:locale\" content=\"fr_FR\" \/>\n<meta property=\"og:type\" content=\"article\" \/>\n<meta property=\"og:title\" content=\"Table rectangulaire italienne \u00e0 deux tiroirs - Pitanti Chesterfield &amp; Vintage\" \/>\n<meta property=\"og:description\" content=\"Ref.: Gra21 Table rectangulaire italienne \u00e0 deux tiroirs Origine : Italienne P\u00e8riode : Premi\u00e8re moiti\u00e9 du 20\u00e8me si\u00e8cle Mat\u00e9riau : vieux bois de sapin Mesures : L. 199 cm x P. 96 cm x H. 78 cm Epaisseur du plateau H. 3 cm Etat Conservatif : Restaur\u00e9\" \/>\n<meta property=\"og:url\" content=\"https:\/\/antiquariatopitanti.it\/fr\/produit\/table-italienne-rectangulaire-a-deux-tiroirs\/\" \/>\n<meta property=\"og:site_name\" content=\"Pitanti Chesterfield &amp; Vintage\" \/>\n<meta property=\"article:publisher\" content=\"https:\/\/www.facebook.com\/mobili.pitanti.vintage\/\" \/>\n<meta property=\"article:modified_time\" content=\"2022-10-16T10:08:06+00:00\" \/>\n<meta property=\"og:image\" content=\"https:\/\/antiquariatopitanti.it\/wp-content\/uploads\/2022\/10\/GRA21-TAVOLO-ABETE-VECCHIA-EPOCA-900-MISURE-199CM-96CM-H78CM-b.jpeg\" \/>\n\t<meta property=\"og:image:width\" content=\"1008\" \/>\n\t<meta property=\"og:image:height\" content=\"1344\" \/>\n\t<meta property=\"og:image:type\" content=\"image\/jpeg\" \/>\n<meta name=\"twitter:card\" content=\"summary_large_image\" \/>\n<script type=\"application\/ld+json\" class=\"yoast-schema-graph\">{\"@context\":\"https:\\\/\\\/schema.org\",\"@graph\":[{\"@type\":\"WebPage\",\"@id\":\"https:\\\/\\\/antiquariatopitanti.it\\\/fr\\\/produit\\\/table-italienne-rectangulaire-a-deux-tiroirs\\\/\",\"url\":\"https:\\\/\\\/antiquariatopitanti.it\\\/fr\\\/produit\\\/table-italienne-rectangulaire-a-deux-tiroirs\\\/\",\"name\":\"Table rectangulaire italienne \u00e0 deux tiroirs - Pitanti Chesterfield &amp; Vintage\",\"isPartOf\":{\"@id\":\"https:\\\/\\\/antiquariatopitanti.it\\\/#website\"},\"primaryImageOfPage\":{\"@id\":\"https:\\\/\\\/antiquariatopitanti.it\\\/fr\\\/produit\\\/table-italienne-rectangulaire-a-deux-tiroirs\\\/#primaryimage\"},\"image\":{\"@id\":\"https:\\\/\\\/antiquariatopitanti.it\\\/fr\\\/produit\\\/table-italienne-rectangulaire-a-deux-tiroirs\\\/#primaryimage\"},\"thumbnailUrl\":\"https:\\\/\\\/antiquariatopitanti.it\\\/wp-content\\\/uploads\\\/2022\\\/10\\\/GRA21-TAVOLO-ABETE-VECCHIA-EPOCA-900-MISURE-199CM-96CM-H78CM-b.jpeg\",\"datePublished\":\"2022-10-16T10:08:03+00:00\",\"dateModified\":\"2022-10-16T10:08:06+00:00\",\"breadcrumb\":{\"@id\":\"https:\\\/\\\/antiquariatopitanti.it\\\/fr\\\/produit\\\/table-italienne-rectangulaire-a-deux-tiroirs\\\/#breadcrumb\"},\"inLanguage\":\"fr-FR\",\"potentialAction\":[{\"@type\":\"ReadAction\",\"target\":[\"https:\\\/\\\/antiquariatopitanti.it\\\/fr\\\/produit\\\/table-italienne-rectangulaire-a-deux-tiroirs\\\/\"]}]},{\"@type\":\"ImageObject\",\"inLanguage\":\"fr-FR\",\"@id\":\"https:\\\/\\\/antiquariatopitanti.it\\\/fr\\\/produit\\\/table-italienne-rectangulaire-a-deux-tiroirs\\\/#primaryimage\",\"url\":\"https:\\\/\\\/antiquariatopitanti.it\\\/wp-content\\\/uploads\\\/2022\\\/10\\\/GRA21-TAVOLO-ABETE-VECCHIA-EPOCA-900-MISURE-199CM-96CM-H78CM-b.jpeg\",\"contentUrl\":\"https:\\\/\\\/antiquariatopitanti.it\\\/wp-content\\\/uploads\\\/2022\\\/10\\\/GRA21-TAVOLO-ABETE-VECCHIA-EPOCA-900-MISURE-199CM-96CM-H78CM-b.jpeg\",\"width\":1008,\"height\":1344,\"caption\":\"Tavolo antico in abete\"},{\"@type\":\"BreadcrumbList\",\"@id\":\"https:\\\/\\\/antiquariatopitanti.it\\\/fr\\\/produit\\\/table-italienne-rectangulaire-a-deux-tiroirs\\\/#breadcrumb\",\"itemListElement\":[{\"@type\":\"ListItem\",\"position\":1,\"name\":\"Home\",\"item\":\"https:\\\/\\\/antiquariatopitanti.it\\\/fr\\\/home\\\/\"},{\"@type\":\"ListItem\",\"position\":2,\"name\":\"Shop\",\"item\":\"https:\\\/\\\/antiquariatopitanti.it\\\/negozio\\\/\"},{\"@type\":\"ListItem\",\"position\":3,\"name\":\"Table rectangulaire italienne \u00e0 deux tiroirs\"}]},{\"@type\":\"WebSite\",\"@id\":\"https:\\\/\\\/antiquariatopitanti.it\\\/#website\",\"url\":\"https:\\\/\\\/antiquariatopitanti.it\\\/\",\"name\":\"Pitanti Chesterfield &amp; Vintage\",\"description\":\"\",\"publisher\":{\"@id\":\"https:\\\/\\\/antiquariatopitanti.it\\\/#organization\"},\"potentialAction\":[{\"@type\":\"SearchAction\",\"target\":{\"@type\":\"EntryPoint\",\"urlTemplate\":\"https:\\\/\\\/antiquariatopitanti.it\\\/?s={search_term_string}\"},\"query-input\":{\"@type\":\"PropertyValueSpecification\",\"valueRequired\":true,\"valueName\":\"search_term_string\"}}],\"inLanguage\":\"fr-FR\"},{\"@type\":\"Organization\",\"@id\":\"https:\\\/\\\/antiquariatopitanti.it\\\/#organization\",\"name\":\"Antiquariato Pitanti\",\"url\":\"https:\\\/\\\/antiquariatopitanti.it\\\/\",\"logo\":{\"@type\":\"ImageObject\",\"inLanguage\":\"fr-FR\",\"@id\":\"https:\\\/\\\/antiquariatopitanti.it\\\/#\\\/schema\\\/logo\\\/image\\\/\",\"url\":\"https:\\\/\\\/antiquariatopitanti.it\\\/wp-content\\\/uploads\\\/2022\\\/03\\\/logo-pitanti-new-2.png\",\"contentUrl\":\"https:\\\/\\\/antiquariatopitanti.it\\\/wp-content\\\/uploads\\\/2022\\\/03\\\/logo-pitanti-new-2.png\",\"width\":944,\"height\":798,\"caption\":\"Antiquariato Pitanti\"},\"image\":{\"@id\":\"https:\\\/\\\/antiquariatopitanti.it\\\/#\\\/schema\\\/logo\\\/image\\\/\"},\"sameAs\":[\"https:\\\/\\\/www.facebook.com\\\/mobili.pitanti.vintage\\\/\"]}]}<\/script>\n<!-- \/ Yoast SEO plugin. -->","yoast_head_json":{"title":"Table rectangulaire italienne \u00e0 deux tiroirs - Pitanti Chesterfield &amp; Vintage","robots":{"index":"index","follow":"follow","max-snippet":"max-snippet:-1","max-image-preview":"max-image-preview:large","max-video-preview":"max-video-preview:-1"},"canonical":"https:\/\/antiquariatopitanti.it\/fr\/produit\/table-italienne-rectangulaire-a-deux-tiroirs\/","og_locale":"fr_FR","og_type":"article","og_title":"Table rectangulaire italienne \u00e0 deux tiroirs - Pitanti Chesterfield &amp; Vintage","og_description":"Ref.: Gra21 Table rectangulaire italienne \u00e0 deux tiroirs Origine : Italienne P\u00e8riode : Premi\u00e8re moiti\u00e9 du 20\u00e8me si\u00e8cle Mat\u00e9riau : vieux bois de sapin Mesures : L. 199 cm x P. 96 cm x H. 78 cm Epaisseur du plateau H. 3 cm Etat Conservatif : Restaur\u00e9","og_url":"https:\/\/antiquariatopitanti.it\/fr\/produit\/table-italienne-rectangulaire-a-deux-tiroirs\/","og_site_name":"Pitanti Chesterfield &amp; Vintage","article_publisher":"https:\/\/www.facebook.com\/mobili.pitanti.vintage\/","article_modified_time":"2022-10-16T10:08:06+00:00","og_image":[{"width":1008,"height":1344,"url":"https:\/\/antiquariatopitanti.it\/wp-content\/uploads\/2022\/10\/GRA21-TAVOLO-ABETE-VECCHIA-EPOCA-900-MISURE-199CM-96CM-H78CM-b.jpeg","type":"image\/jpeg"}],"twitter_card":"summary_large_image","schema":{"@context":"https:\/\/schema.org","@graph":[{"@type":"WebPage","@id":"https:\/\/antiquariatopitanti.it\/fr\/produit\/table-italienne-rectangulaire-a-deux-tiroirs\/","url":"https:\/\/antiquariatopitanti.it\/fr\/produit\/table-italienne-rectangulaire-a-deux-tiroirs\/","name":"Table rectangulaire italienne \u00e0 deux tiroirs - Pitanti Chesterfield &amp; Vintage","isPartOf":{"@id":"https:\/\/antiquariatopitanti.it\/#website"},"primaryImageOfPage":{"@id":"https:\/\/antiquariatopitanti.it\/fr\/produit\/table-italienne-rectangulaire-a-deux-tiroirs\/#primaryimage"},"image":{"@id":"https:\/\/antiquariatopitanti.it\/fr\/produit\/table-italienne-rectangulaire-a-deux-tiroirs\/#primaryimage"},"thumbnailUrl":"https:\/\/antiquariatopitanti.it\/wp-content\/uploads\/2022\/10\/GRA21-TAVOLO-ABETE-VECCHIA-EPOCA-900-MISURE-199CM-96CM-H78CM-b.jpeg","datePublished":"2022-10-16T10:08:03+00:00","dateModified":"2022-10-16T10:08:06+00:00","breadcrumb":{"@id":"https:\/\/antiquariatopitanti.it\/fr\/produit\/table-italienne-rectangulaire-a-deux-tiroirs\/#breadcrumb"},"inLanguage":"fr-FR","potentialAction":[{"@type":"ReadAction","target":["https:\/\/antiquariatopitanti.it\/fr\/produit\/table-italienne-rectangulaire-a-deux-tiroirs\/"]}]},{"@type":"ImageObject","inLanguage":"fr-FR","@id":"https:\/\/antiquariatopitanti.it\/fr\/produit\/table-italienne-rectangulaire-a-deux-tiroirs\/#primaryimage","url":"https:\/\/antiquariatopitanti.it\/wp-content\/uploads\/2022\/10\/GRA21-TAVOLO-ABETE-VECCHIA-EPOCA-900-MISURE-199CM-96CM-H78CM-b.jpeg","contentUrl":"https:\/\/antiquariatopitanti.it\/wp-content\/uploads\/2022\/10\/GRA21-TAVOLO-ABETE-VECCHIA-EPOCA-900-MISURE-199CM-96CM-H78CM-b.jpeg","width":1008,"height":1344,"caption":"Tavolo antico in abete"},{"@type":"BreadcrumbList","@id":"https:\/\/antiquariatopitanti.it\/fr\/produit\/table-italienne-rectangulaire-a-deux-tiroirs\/#breadcrumb","itemListElement":[{"@type":"ListItem","position":1,"name":"Home","item":"https:\/\/antiquariatopitanti.it\/fr\/home\/"},{"@type":"ListItem","position":2,"name":"Shop","item":"https:\/\/antiquariatopitanti.it\/negozio\/"},{"@type":"ListItem","position":3,"name":"Table rectangulaire italienne \u00e0 deux tiroirs"}]},{"@type":"WebSite","@id":"https:\/\/antiquariatopitanti.it\/#website","url":"https:\/\/antiquariatopitanti.it\/","name":"Pitanti Chesterfield &amp; Vintage","description":"","publisher":{"@id":"https:\/\/antiquariatopitanti.it\/#organization"},"potentialAction":[{"@type":"SearchAction","target":{"@type":"EntryPoint","urlTemplate":"https:\/\/antiquariatopitanti.it\/?s={search_term_string}"},"query-input":{"@type":"PropertyValueSpecification","valueRequired":true,"valueName":"search_term_string"}}],"inLanguage":"fr-FR"},{"@type":"Organization","@id":"https:\/\/antiquariatopitanti.it\/#organization","name":"Antiquariato Pitanti","url":"https:\/\/antiquariatopitanti.it\/","logo":{"@type":"ImageObject","inLanguage":"fr-FR","@id":"https:\/\/antiquariatopitanti.it\/#\/schema\/logo\/image\/","url":"https:\/\/antiquariatopitanti.it\/wp-content\/uploads\/2022\/03\/logo-pitanti-new-2.png","contentUrl":"https:\/\/antiquariatopitanti.it\/wp-content\/uploads\/2022\/03\/logo-pitanti-new-2.png","width":944,"height":798,"caption":"Antiquariato Pitanti"},"image":{"@id":"https:\/\/antiquariatopitanti.it\/#\/schema\/logo\/image\/"},"sameAs":["https:\/\/www.facebook.com\/mobili.pitanti.vintage\/"]}]}},"_links":{"self":[{"href":"https:\/\/antiquariatopitanti.it\/fr\/wp-json\/wp\/v2\/product\/6316","targetHints":{"allow":["GET"]}}],"collection":[{"href":"https:\/\/antiquariatopitanti.it\/fr\/wp-json\/wp\/v2\/product"}],"about":[{"href":"https:\/\/antiquariatopitanti.it\/fr\/wp-json\/wp\/v2\/types\/product"}],"wp:featuredmedia":[{"embeddable":true,"href":"https:\/\/antiquariatopitanti.it\/fr\/wp-json\/wp\/v2\/media\/6198"}],"wp:attachment":[{"href":"https:\/\/antiquariatopitanti.it\/fr\/wp-json\/wp\/v2\/media?parent=6316"}],"wp:term":[{"taxonomy":"product_brand","embeddable":true,"href":"https:\/\/antiquariatopitanti.it\/fr\/wp-json\/wp\/v2\/product_brand?post=6316"},{"taxonomy":"product_cat","embeddable":true,"href":"https:\/\/antiquariatopitanti.it\/fr\/wp-json\/wp\/v2\/product_cat?post=6316"},{"taxonomy":"product_tag","embeddable":true,"href":"https:\/\/antiquariatopitanti.it\/fr\/wp-json\/wp\/v2\/product_tag?post=6316"}],"curies":[{"name":"wp","href":"https:\/\/api.w.org\/{rel}","templated":true}]}}