{"id":6312,"date":"2022-09-28T11:46:19","date_gmt":"2022-10-16T09:08:31","guid":{"rendered":"https:\/\/antiquariatopitanti.it\/prodotto\/ancienne-peinture-italienne-0lio-sur-toile-vierge-a-lenfant-xviii-sec\/"},"modified":"2022-10-16T11:08:31","modified_gmt":"2022-10-16T09:08:31","slug":"peinture-ancienne-italienne-vierge-a-l-enfant-18e-siecle","status":"publish","type":"product","link":"https:\/\/antiquariatopitanti.it\/fr\/prodotto\/peinture-ancienne-italienne-vierge-a-l-enfant-18e-siecle\/","title":{"rendered":"Ancienne peinture italienne 0lio sur toile Vierge \u00e0 l&rsquo;Enfant XVIII Sec."},"content":{"rendered":"<p>Ancienne peinture italienne du XVIIIe si\u00e8cle. Huile sur toile sans cadre, repr\u00e9sentant la Vierge \u00e0 l&rsquo;Enfant d&rsquo;excellente qualit\u00e9 picturale. La toile avec quelques petits signes de vieillissement, peinte dans l&rsquo;ensemble en bon \u00e9tat.<\/p>\n","protected":false},"excerpt":{"rendered":"<p>Ref.: MC14<br \/>\n<strong>Peinture \u00e0 l&rsquo;huile italienne ancienne sur toile <\/strong><br \/>\n<strong>Origine<\/strong> : Italienne<br \/>\n<strong>P\u00e9riode<\/strong> : Fin du 17\u00e8me si\u00e8cle, d\u00e9but du 18\u00e8me si\u00e8cle<br \/>\n<strong>Mat\u00e8riau<\/strong>: Huile sur toile non encadr\u00e9e<br \/>\n<strong>M\u00e8sures<\/strong>: peinture L. 50 cm x H. 65 cm<br \/>\n<strong>Etat conservatif<\/strong> : Jamais touch\u00e9, \u00e0 nettoyer<\/p>\n","protected":false},"featured_media":5877,"template":"","meta":[],"product_brand":[],"product_cat":[656,654],"product_tag":[1363,1617,1703,1702,1629],"class_list":{"0":"post-6312","1":"product","2":"type-product","3":"status-publish","4":"has-post-thumbnail","6":"product_cat-du-18eme","7":"product_cat-tableaux-et-impressions","8":"product_tag-antiquites-italiennes-700","9":"product_tag-epoque-700","10":"product_tag-huile-sur-toile-italienne-700","11":"product_tag-peintures-italiennes-du-700","12":"product_tag-vierge-a-lenfant","13":"entry","14":"has-media","16":"first","17":"instock","18":"sold-individually","19":"shipping-taxable","20":"purchasable","21":"product-type-simple"},"yoast_head":"<!-- This site is optimized with the Yoast SEO plugin v27.4 - https:\/\/yoast.com\/product\/yoast-seo-wordpress\/ -->\n<title>Ancienne peinture italienne 0lio sur toile Vierge \u00e0 l&#039;Enfant XVIII Sec. - Pitanti Chesterfield &amp; Vintage<\/title>\n<meta name=\"robots\" content=\"index, follow, max-snippet:-1, max-image-preview:large, max-video-preview:-1\" \/>\n<link rel=\"canonical\" href=\"https:\/\/antiquariatopitanti.it\/prodotto\/ancienne-peinture-italienne-0lio-sur-toile-vierge-a-lenfant-xviii-sec\/\" \/>\n<meta property=\"og:locale\" content=\"fr_FR\" \/>\n<meta property=\"og:type\" content=\"article\" \/>\n<meta property=\"og:title\" content=\"Ancienne peinture italienne 0lio sur toile Vierge \u00e0 l&#039;Enfant XVIII Sec. - Pitanti Chesterfield &amp; Vintage\" \/>\n<meta property=\"og:description\" content=\"Ref.: MC14 Peinture \u00e0 l&#039;huile italienne ancienne sur toile Origine : Italienne P\u00e9riode : Fin du 17\u00e8me si\u00e8cle, d\u00e9but du 18\u00e8me si\u00e8cle Mat\u00e8riau: Huile sur toile non encadr\u00e9e M\u00e8sures: peinture L. 50 cm x H. 65 cm Etat conservatif : Jamais touch\u00e9, \u00e0 nettoyer\" \/>\n<meta property=\"og:url\" content=\"https:\/\/antiquariatopitanti.it\/prodotto\/ancienne-peinture-italienne-0lio-sur-toile-vierge-a-lenfant-xviii-sec\/\" \/>\n<meta property=\"og:site_name\" content=\"Pitanti Chesterfield &amp; Vintage\" \/>\n<meta property=\"article:publisher\" content=\"https:\/\/www.facebook.com\/mobili.pitanti.vintage\/\" \/>\n<meta name=\"twitter:card\" content=\"summary_large_image\" \/>\n<script type=\"application\/ld+json\" class=\"yoast-schema-graph\">{\"@context\":\"https:\\\/\\\/schema.org\",\"@graph\":[{\"@type\":\"WebPage\",\"@id\":\"https:\\\/\\\/antiquariatopitanti.it\\\/prodotto\\\/ancienne-peinture-italienne-0lio-sur-toile-vierge-a-lenfant-xviii-sec\\\/\",\"url\":\"https:\\\/\\\/antiquariatopitanti.it\\\/prodotto\\\/ancienne-peinture-italienne-0lio-sur-toile-vierge-a-lenfant-xviii-sec\\\/\",\"name\":\"Ancienne peinture italienne 0lio sur toile Vierge \u00e0 l'Enfant XVIII Sec. - Pitanti Chesterfield &amp; Vintage\",\"isPartOf\":{\"@id\":\"https:\\\/\\\/antiquariatopitanti.it\\\/#website\"},\"primaryImageOfPage\":{\"@id\":\"https:\\\/\\\/antiquariatopitanti.it\\\/prodotto\\\/ancienne-peinture-italienne-0lio-sur-toile-vierge-a-lenfant-xviii-sec\\\/#primaryimage\"},\"image\":{\"@id\":\"https:\\\/\\\/antiquariatopitanti.it\\\/prodotto\\\/ancienne-peinture-italienne-0lio-sur-toile-vierge-a-lenfant-xviii-sec\\\/#primaryimage\"},\"thumbnailUrl\":\"https:\\\/\\\/antiquariatopitanti.it\\\/wp-content\\\/uploads\\\/2022\\\/09\\\/MC14-antico-dipinto-italiano-olio-su-tela-madonna-col-bambino-epoca-700-e-scaled.jpeg\",\"datePublished\":\"2022-10-16T09:08:31+00:00\",\"breadcrumb\":{\"@id\":\"https:\\\/\\\/antiquariatopitanti.it\\\/prodotto\\\/ancienne-peinture-italienne-0lio-sur-toile-vierge-a-lenfant-xviii-sec\\\/#breadcrumb\"},\"inLanguage\":\"fr-FR\",\"potentialAction\":[{\"@type\":\"ReadAction\",\"target\":[\"https:\\\/\\\/antiquariatopitanti.it\\\/prodotto\\\/ancienne-peinture-italienne-0lio-sur-toile-vierge-a-lenfant-xviii-sec\\\/\"]}]},{\"@type\":\"ImageObject\",\"inLanguage\":\"fr-FR\",\"@id\":\"https:\\\/\\\/antiquariatopitanti.it\\\/prodotto\\\/ancienne-peinture-italienne-0lio-sur-toile-vierge-a-lenfant-xviii-sec\\\/#primaryimage\",\"url\":\"https:\\\/\\\/antiquariatopitanti.it\\\/wp-content\\\/uploads\\\/2022\\\/09\\\/MC14-antico-dipinto-italiano-olio-su-tela-madonna-col-bambino-epoca-700-e-scaled.jpeg\",\"contentUrl\":\"https:\\\/\\\/antiquariatopitanti.it\\\/wp-content\\\/uploads\\\/2022\\\/09\\\/MC14-antico-dipinto-italiano-olio-su-tela-madonna-col-bambino-epoca-700-e-scaled.jpeg\",\"width\":1920,\"height\":2560,\"caption\":\"Antico dipinto italiano\"},{\"@type\":\"BreadcrumbList\",\"@id\":\"https:\\\/\\\/antiquariatopitanti.it\\\/prodotto\\\/ancienne-peinture-italienne-0lio-sur-toile-vierge-a-lenfant-xviii-sec\\\/#breadcrumb\",\"itemListElement\":[{\"@type\":\"ListItem\",\"position\":1,\"name\":\"Home\",\"item\":\"https:\\\/\\\/antiquariatopitanti.it\\\/fr\\\/home\\\/\"},{\"@type\":\"ListItem\",\"position\":2,\"name\":\"Shop\",\"item\":\"https:\\\/\\\/antiquariatopitanti.it\\\/negozio\\\/\"},{\"@type\":\"ListItem\",\"position\":3,\"name\":\"Ancienne peinture italienne 0lio sur toile Vierge \u00e0 l&#8217;Enfant XVIII Sec.\"}]},{\"@type\":\"WebSite\",\"@id\":\"https:\\\/\\\/antiquariatopitanti.it\\\/#website\",\"url\":\"https:\\\/\\\/antiquariatopitanti.it\\\/\",\"name\":\"Pitanti Chesterfield &amp; Vintage\",\"description\":\"\",\"publisher\":{\"@id\":\"https:\\\/\\\/antiquariatopitanti.it\\\/#organization\"},\"potentialAction\":[{\"@type\":\"SearchAction\",\"target\":{\"@type\":\"EntryPoint\",\"urlTemplate\":\"https:\\\/\\\/antiquariatopitanti.it\\\/?s={search_term_string}\"},\"query-input\":{\"@type\":\"PropertyValueSpecification\",\"valueRequired\":true,\"valueName\":\"search_term_string\"}}],\"inLanguage\":\"fr-FR\"},{\"@type\":\"Organization\",\"@id\":\"https:\\\/\\\/antiquariatopitanti.it\\\/#organization\",\"name\":\"Antiquariato Pitanti\",\"url\":\"https:\\\/\\\/antiquariatopitanti.it\\\/\",\"logo\":{\"@type\":\"ImageObject\",\"inLanguage\":\"fr-FR\",\"@id\":\"https:\\\/\\\/antiquariatopitanti.it\\\/#\\\/schema\\\/logo\\\/image\\\/\",\"url\":\"https:\\\/\\\/antiquariatopitanti.it\\\/wp-content\\\/uploads\\\/2022\\\/03\\\/logo-pitanti-new-2.png\",\"contentUrl\":\"https:\\\/\\\/antiquariatopitanti.it\\\/wp-content\\\/uploads\\\/2022\\\/03\\\/logo-pitanti-new-2.png\",\"width\":944,\"height\":798,\"caption\":\"Antiquariato Pitanti\"},\"image\":{\"@id\":\"https:\\\/\\\/antiquariatopitanti.it\\\/#\\\/schema\\\/logo\\\/image\\\/\"},\"sameAs\":[\"https:\\\/\\\/www.facebook.com\\\/mobili.pitanti.vintage\\\/\"]}]}<\/script>\n<!-- \/ Yoast SEO plugin. -->","yoast_head_json":{"title":"Ancienne peinture italienne 0lio sur toile Vierge \u00e0 l'Enfant XVIII Sec. - Pitanti Chesterfield &amp; Vintage","robots":{"index":"index","follow":"follow","max-snippet":"max-snippet:-1","max-image-preview":"max-image-preview:large","max-video-preview":"max-video-preview:-1"},"canonical":"https:\/\/antiquariatopitanti.it\/prodotto\/ancienne-peinture-italienne-0lio-sur-toile-vierge-a-lenfant-xviii-sec\/","og_locale":"fr_FR","og_type":"article","og_title":"Ancienne peinture italienne 0lio sur toile Vierge \u00e0 l'Enfant XVIII Sec. - Pitanti Chesterfield &amp; Vintage","og_description":"Ref.: MC14 Peinture \u00e0 l'huile italienne ancienne sur toile Origine : Italienne P\u00e9riode : Fin du 17\u00e8me si\u00e8cle, d\u00e9but du 18\u00e8me si\u00e8cle Mat\u00e8riau: Huile sur toile non encadr\u00e9e M\u00e8sures: peinture L. 50 cm x H. 65 cm Etat conservatif : Jamais touch\u00e9, \u00e0 nettoyer","og_url":"https:\/\/antiquariatopitanti.it\/prodotto\/ancienne-peinture-italienne-0lio-sur-toile-vierge-a-lenfant-xviii-sec\/","og_site_name":"Pitanti Chesterfield &amp; Vintage","article_publisher":"https:\/\/www.facebook.com\/mobili.pitanti.vintage\/","twitter_card":"summary_large_image","schema":{"@context":"https:\/\/schema.org","@graph":[{"@type":"WebPage","@id":"https:\/\/antiquariatopitanti.it\/prodotto\/ancienne-peinture-italienne-0lio-sur-toile-vierge-a-lenfant-xviii-sec\/","url":"https:\/\/antiquariatopitanti.it\/prodotto\/ancienne-peinture-italienne-0lio-sur-toile-vierge-a-lenfant-xviii-sec\/","name":"Ancienne peinture italienne 0lio sur toile Vierge \u00e0 l'Enfant XVIII Sec. - Pitanti Chesterfield &amp; Vintage","isPartOf":{"@id":"https:\/\/antiquariatopitanti.it\/#website"},"primaryImageOfPage":{"@id":"https:\/\/antiquariatopitanti.it\/prodotto\/ancienne-peinture-italienne-0lio-sur-toile-vierge-a-lenfant-xviii-sec\/#primaryimage"},"image":{"@id":"https:\/\/antiquariatopitanti.it\/prodotto\/ancienne-peinture-italienne-0lio-sur-toile-vierge-a-lenfant-xviii-sec\/#primaryimage"},"thumbnailUrl":"https:\/\/antiquariatopitanti.it\/wp-content\/uploads\/2022\/09\/MC14-antico-dipinto-italiano-olio-su-tela-madonna-col-bambino-epoca-700-e-scaled.jpeg","datePublished":"2022-10-16T09:08:31+00:00","breadcrumb":{"@id":"https:\/\/antiquariatopitanti.it\/prodotto\/ancienne-peinture-italienne-0lio-sur-toile-vierge-a-lenfant-xviii-sec\/#breadcrumb"},"inLanguage":"fr-FR","potentialAction":[{"@type":"ReadAction","target":["https:\/\/antiquariatopitanti.it\/prodotto\/ancienne-peinture-italienne-0lio-sur-toile-vierge-a-lenfant-xviii-sec\/"]}]},{"@type":"ImageObject","inLanguage":"fr-FR","@id":"https:\/\/antiquariatopitanti.it\/prodotto\/ancienne-peinture-italienne-0lio-sur-toile-vierge-a-lenfant-xviii-sec\/#primaryimage","url":"https:\/\/antiquariatopitanti.it\/wp-content\/uploads\/2022\/09\/MC14-antico-dipinto-italiano-olio-su-tela-madonna-col-bambino-epoca-700-e-scaled.jpeg","contentUrl":"https:\/\/antiquariatopitanti.it\/wp-content\/uploads\/2022\/09\/MC14-antico-dipinto-italiano-olio-su-tela-madonna-col-bambino-epoca-700-e-scaled.jpeg","width":1920,"height":2560,"caption":"Antico dipinto italiano"},{"@type":"BreadcrumbList","@id":"https:\/\/antiquariatopitanti.it\/prodotto\/ancienne-peinture-italienne-0lio-sur-toile-vierge-a-lenfant-xviii-sec\/#breadcrumb","itemListElement":[{"@type":"ListItem","position":1,"name":"Home","item":"https:\/\/antiquariatopitanti.it\/fr\/home\/"},{"@type":"ListItem","position":2,"name":"Shop","item":"https:\/\/antiquariatopitanti.it\/negozio\/"},{"@type":"ListItem","position":3,"name":"Ancienne peinture italienne 0lio sur toile Vierge \u00e0 l&#8217;Enfant XVIII Sec."}]},{"@type":"WebSite","@id":"https:\/\/antiquariatopitanti.it\/#website","url":"https:\/\/antiquariatopitanti.it\/","name":"Pitanti Chesterfield &amp; Vintage","description":"","publisher":{"@id":"https:\/\/antiquariatopitanti.it\/#organization"},"potentialAction":[{"@type":"SearchAction","target":{"@type":"EntryPoint","urlTemplate":"https:\/\/antiquariatopitanti.it\/?s={search_term_string}"},"query-input":{"@type":"PropertyValueSpecification","valueRequired":true,"valueName":"search_term_string"}}],"inLanguage":"fr-FR"},{"@type":"Organization","@id":"https:\/\/antiquariatopitanti.it\/#organization","name":"Antiquariato Pitanti","url":"https:\/\/antiquariatopitanti.it\/","logo":{"@type":"ImageObject","inLanguage":"fr-FR","@id":"https:\/\/antiquariatopitanti.it\/#\/schema\/logo\/image\/","url":"https:\/\/antiquariatopitanti.it\/wp-content\/uploads\/2022\/03\/logo-pitanti-new-2.png","contentUrl":"https:\/\/antiquariatopitanti.it\/wp-content\/uploads\/2022\/03\/logo-pitanti-new-2.png","width":944,"height":798,"caption":"Antiquariato Pitanti"},"image":{"@id":"https:\/\/antiquariatopitanti.it\/#\/schema\/logo\/image\/"},"sameAs":["https:\/\/www.facebook.com\/mobili.pitanti.vintage\/"]}]}},"_links":{"self":[{"href":"https:\/\/antiquariatopitanti.it\/fr\/wp-json\/wp\/v2\/product\/6312","targetHints":{"allow":["GET"]}}],"collection":[{"href":"https:\/\/antiquariatopitanti.it\/fr\/wp-json\/wp\/v2\/product"}],"about":[{"href":"https:\/\/antiquariatopitanti.it\/fr\/wp-json\/wp\/v2\/types\/product"}],"wp:featuredmedia":[{"embeddable":true,"href":"https:\/\/antiquariatopitanti.it\/fr\/wp-json\/wp\/v2\/media\/5877"}],"wp:attachment":[{"href":"https:\/\/antiquariatopitanti.it\/fr\/wp-json\/wp\/v2\/media?parent=6312"}],"wp:term":[{"taxonomy":"product_brand","embeddable":true,"href":"https:\/\/antiquariatopitanti.it\/fr\/wp-json\/wp\/v2\/product_brand?post=6312"},{"taxonomy":"product_cat","embeddable":true,"href":"https:\/\/antiquariatopitanti.it\/fr\/wp-json\/wp\/v2\/product_cat?post=6312"},{"taxonomy":"product_tag","embeddable":true,"href":"https:\/\/antiquariatopitanti.it\/fr\/wp-json\/wp\/v2\/product_tag?post=6312"}],"curies":[{"name":"wp","href":"https:\/\/api.w.org\/{rel}","templated":true}]}}