{"id":6132,"date":"2022-09-27T11:10:09","date_gmt":"2022-10-14T09:08:48","guid":{"rendered":"https:\/\/antiquariatopitanti.it\/prodotto\/lampe-de-table-des-annees-1960\/"},"modified":"2022-11-01T23:01:50","modified_gmt":"2022-11-01T22:01:50","slug":"lampe-de-table-annees-60","status":"publish","type":"product","link":"https:\/\/antiquariatopitanti.it\/fr\/prodotto\/lampe-de-table-annees-60\/","title":{"rendered":"Lampe de table des ann\u00e9es 1960"},"content":{"rendered":"<p>Lampe de table minist\u00e9rielle en m\u00e9tal des ann\u00e9es 60\/70 en bon \u00e9tat. r\u00e9glable dans diff\u00e9rentes positions<\/p>\n","protected":false},"excerpt":{"rendered":"<p>Ref.: Mod33<br \/>\n<strong>Lampe de table minist\u00e9rielle des ann\u00e9es 1960<\/strong><br \/>\n<strong>Origine<\/strong> : Italienne<br \/>\n<strong>P\u00e9riode<\/strong> : ann\u00e9es 1960<br \/>\n<strong>Mat\u00e9riau<\/strong>: M\u00e9tal<br \/>\n<strong>M\u00e8sures<\/strong> : Base diam\u00e8tre 25 cm x H. 45 cm<br \/>\n<strong>\u00c9tat conservatif<\/strong> : Excellent<\/p>\n","protected":false},"featured_media":5754,"template":"","meta":[],"product_brand":[],"product_cat":[640,643],"product_tag":[1113,1121,1524,1671,2099],"class_list":{"0":"post-6132","1":"product","2":"type-product","3":"status-publish","4":"has-post-thumbnail","6":"product_cat-art-moderne","7":"product_cat-eclairage-fr","8":"product_tag-antiquites-modernes-italiennes-des-annees-1960","9":"product_tag-ere-des-annees-60","10":"product_tag-lampe-de-table","11":"product_tag-lampes-en-metal","12":"product_tag-milieu-du-siecle-900","13":"entry","14":"has-media","16":"first","17":"instock","18":"sold-individually","19":"shipping-taxable","20":"purchasable","21":"product-type-simple"},"yoast_head":"<!-- This site is optimized with the Yoast SEO plugin v27.4 - https:\/\/yoast.com\/product\/yoast-seo-wordpress\/ -->\n<title>Lampe de table des ann\u00e9es 1960 - Pitanti Chesterfield &amp; Vintage<\/title>\n<meta name=\"robots\" content=\"index, follow, max-snippet:-1, max-image-preview:large, max-video-preview:-1\" \/>\n<link rel=\"canonical\" href=\"https:\/\/antiquariatopitanti.it\/prodotto\/lampe-de-table-des-annees-1960\/\" \/>\n<meta property=\"og:locale\" content=\"fr_FR\" \/>\n<meta property=\"og:type\" content=\"article\" \/>\n<meta property=\"og:title\" content=\"Lampe de table des ann\u00e9es 1960 - Pitanti Chesterfield &amp; Vintage\" \/>\n<meta property=\"og:description\" content=\"Ref.: Mod33 Lampe de table minist\u00e9rielle des ann\u00e9es 1960 Origine : Italienne P\u00e9riode : ann\u00e9es 1960 Mat\u00e9riau: M\u00e9tal M\u00e8sures : Base diam\u00e8tre 25 cm x H. 45 cm \u00c9tat conservatif : Excellent\" \/>\n<meta property=\"og:url\" content=\"https:\/\/antiquariatopitanti.it\/prodotto\/lampe-de-table-des-annees-1960\/\" \/>\n<meta property=\"og:site_name\" content=\"Pitanti Chesterfield &amp; Vintage\" \/>\n<meta property=\"article:publisher\" content=\"https:\/\/www.facebook.com\/mobili.pitanti.vintage\/\" \/>\n<meta property=\"article:modified_time\" content=\"2022-11-01T22:01:50+00:00\" \/>\n<meta name=\"twitter:card\" content=\"summary_large_image\" \/>\n<script type=\"application\/ld+json\" class=\"yoast-schema-graph\">{\"@context\":\"https:\\\/\\\/schema.org\",\"@graph\":[{\"@type\":\"WebPage\",\"@id\":\"https:\\\/\\\/antiquariatopitanti.it\\\/prodotto\\\/lampe-de-table-des-annees-1960\\\/\",\"url\":\"https:\\\/\\\/antiquariatopitanti.it\\\/prodotto\\\/lampe-de-table-des-annees-1960\\\/\",\"name\":\"Lampe de table des ann\u00e9es 1960 - Pitanti Chesterfield &amp; Vintage\",\"isPartOf\":{\"@id\":\"https:\\\/\\\/antiquariatopitanti.it\\\/#website\"},\"primaryImageOfPage\":{\"@id\":\"https:\\\/\\\/antiquariatopitanti.it\\\/prodotto\\\/lampe-de-table-des-annees-1960\\\/#primaryimage\"},\"image\":{\"@id\":\"https:\\\/\\\/antiquariatopitanti.it\\\/prodotto\\\/lampe-de-table-des-annees-1960\\\/#primaryimage\"},\"thumbnailUrl\":\"https:\\\/\\\/antiquariatopitanti.it\\\/wp-content\\\/uploads\\\/2022\\\/09\\\/Mod33-office-desk-lamp-from-the-60-metal-e.jpeg\",\"datePublished\":\"2022-10-14T09:08:48+00:00\",\"dateModified\":\"2022-11-01T22:01:50+00:00\",\"breadcrumb\":{\"@id\":\"https:\\\/\\\/antiquariatopitanti.it\\\/prodotto\\\/lampe-de-table-des-annees-1960\\\/#breadcrumb\"},\"inLanguage\":\"fr-FR\",\"potentialAction\":[{\"@type\":\"ReadAction\",\"target\":[\"https:\\\/\\\/antiquariatopitanti.it\\\/prodotto\\\/lampe-de-table-des-annees-1960\\\/\"]}]},{\"@type\":\"ImageObject\",\"inLanguage\":\"fr-FR\",\"@id\":\"https:\\\/\\\/antiquariatopitanti.it\\\/prodotto\\\/lampe-de-table-des-annees-1960\\\/#primaryimage\",\"url\":\"https:\\\/\\\/antiquariatopitanti.it\\\/wp-content\\\/uploads\\\/2022\\\/09\\\/Mod33-office-desk-lamp-from-the-60-metal-e.jpeg\",\"contentUrl\":\"https:\\\/\\\/antiquariatopitanti.it\\\/wp-content\\\/uploads\\\/2022\\\/09\\\/Mod33-office-desk-lamp-from-the-60-metal-e.jpeg\",\"width\":1008,\"height\":1344},{\"@type\":\"BreadcrumbList\",\"@id\":\"https:\\\/\\\/antiquariatopitanti.it\\\/prodotto\\\/lampe-de-table-des-annees-1960\\\/#breadcrumb\",\"itemListElement\":[{\"@type\":\"ListItem\",\"position\":1,\"name\":\"Home\",\"item\":\"https:\\\/\\\/antiquariatopitanti.it\\\/fr\\\/home\\\/\"},{\"@type\":\"ListItem\",\"position\":2,\"name\":\"Shop\",\"item\":\"https:\\\/\\\/antiquariatopitanti.it\\\/negozio\\\/\"},{\"@type\":\"ListItem\",\"position\":3,\"name\":\"Lampe de table des ann\u00e9es 1960\"}]},{\"@type\":\"WebSite\",\"@id\":\"https:\\\/\\\/antiquariatopitanti.it\\\/#website\",\"url\":\"https:\\\/\\\/antiquariatopitanti.it\\\/\",\"name\":\"Pitanti Chesterfield &amp; Vintage\",\"description\":\"\",\"publisher\":{\"@id\":\"https:\\\/\\\/antiquariatopitanti.it\\\/#organization\"},\"potentialAction\":[{\"@type\":\"SearchAction\",\"target\":{\"@type\":\"EntryPoint\",\"urlTemplate\":\"https:\\\/\\\/antiquariatopitanti.it\\\/?s={search_term_string}\"},\"query-input\":{\"@type\":\"PropertyValueSpecification\",\"valueRequired\":true,\"valueName\":\"search_term_string\"}}],\"inLanguage\":\"fr-FR\"},{\"@type\":\"Organization\",\"@id\":\"https:\\\/\\\/antiquariatopitanti.it\\\/#organization\",\"name\":\"Antiquariato Pitanti\",\"url\":\"https:\\\/\\\/antiquariatopitanti.it\\\/\",\"logo\":{\"@type\":\"ImageObject\",\"inLanguage\":\"fr-FR\",\"@id\":\"https:\\\/\\\/antiquariatopitanti.it\\\/#\\\/schema\\\/logo\\\/image\\\/\",\"url\":\"https:\\\/\\\/antiquariatopitanti.it\\\/wp-content\\\/uploads\\\/2022\\\/03\\\/logo-pitanti-new-2.png\",\"contentUrl\":\"https:\\\/\\\/antiquariatopitanti.it\\\/wp-content\\\/uploads\\\/2022\\\/03\\\/logo-pitanti-new-2.png\",\"width\":944,\"height\":798,\"caption\":\"Antiquariato Pitanti\"},\"image\":{\"@id\":\"https:\\\/\\\/antiquariatopitanti.it\\\/#\\\/schema\\\/logo\\\/image\\\/\"},\"sameAs\":[\"https:\\\/\\\/www.facebook.com\\\/mobili.pitanti.vintage\\\/\"]}]}<\/script>\n<!-- \/ Yoast SEO plugin. -->","yoast_head_json":{"title":"Lampe de table des ann\u00e9es 1960 - Pitanti Chesterfield &amp; Vintage","robots":{"index":"index","follow":"follow","max-snippet":"max-snippet:-1","max-image-preview":"max-image-preview:large","max-video-preview":"max-video-preview:-1"},"canonical":"https:\/\/antiquariatopitanti.it\/prodotto\/lampe-de-table-des-annees-1960\/","og_locale":"fr_FR","og_type":"article","og_title":"Lampe de table des ann\u00e9es 1960 - Pitanti Chesterfield &amp; Vintage","og_description":"Ref.: Mod33 Lampe de table minist\u00e9rielle des ann\u00e9es 1960 Origine : Italienne P\u00e9riode : ann\u00e9es 1960 Mat\u00e9riau: M\u00e9tal M\u00e8sures : Base diam\u00e8tre 25 cm x H. 45 cm \u00c9tat conservatif : Excellent","og_url":"https:\/\/antiquariatopitanti.it\/prodotto\/lampe-de-table-des-annees-1960\/","og_site_name":"Pitanti Chesterfield &amp; Vintage","article_publisher":"https:\/\/www.facebook.com\/mobili.pitanti.vintage\/","article_modified_time":"2022-11-01T22:01:50+00:00","twitter_card":"summary_large_image","schema":{"@context":"https:\/\/schema.org","@graph":[{"@type":"WebPage","@id":"https:\/\/antiquariatopitanti.it\/prodotto\/lampe-de-table-des-annees-1960\/","url":"https:\/\/antiquariatopitanti.it\/prodotto\/lampe-de-table-des-annees-1960\/","name":"Lampe de table des ann\u00e9es 1960 - Pitanti Chesterfield &amp; Vintage","isPartOf":{"@id":"https:\/\/antiquariatopitanti.it\/#website"},"primaryImageOfPage":{"@id":"https:\/\/antiquariatopitanti.it\/prodotto\/lampe-de-table-des-annees-1960\/#primaryimage"},"image":{"@id":"https:\/\/antiquariatopitanti.it\/prodotto\/lampe-de-table-des-annees-1960\/#primaryimage"},"thumbnailUrl":"https:\/\/antiquariatopitanti.it\/wp-content\/uploads\/2022\/09\/Mod33-office-desk-lamp-from-the-60-metal-e.jpeg","datePublished":"2022-10-14T09:08:48+00:00","dateModified":"2022-11-01T22:01:50+00:00","breadcrumb":{"@id":"https:\/\/antiquariatopitanti.it\/prodotto\/lampe-de-table-des-annees-1960\/#breadcrumb"},"inLanguage":"fr-FR","potentialAction":[{"@type":"ReadAction","target":["https:\/\/antiquariatopitanti.it\/prodotto\/lampe-de-table-des-annees-1960\/"]}]},{"@type":"ImageObject","inLanguage":"fr-FR","@id":"https:\/\/antiquariatopitanti.it\/prodotto\/lampe-de-table-des-annees-1960\/#primaryimage","url":"https:\/\/antiquariatopitanti.it\/wp-content\/uploads\/2022\/09\/Mod33-office-desk-lamp-from-the-60-metal-e.jpeg","contentUrl":"https:\/\/antiquariatopitanti.it\/wp-content\/uploads\/2022\/09\/Mod33-office-desk-lamp-from-the-60-metal-e.jpeg","width":1008,"height":1344},{"@type":"BreadcrumbList","@id":"https:\/\/antiquariatopitanti.it\/prodotto\/lampe-de-table-des-annees-1960\/#breadcrumb","itemListElement":[{"@type":"ListItem","position":1,"name":"Home","item":"https:\/\/antiquariatopitanti.it\/fr\/home\/"},{"@type":"ListItem","position":2,"name":"Shop","item":"https:\/\/antiquariatopitanti.it\/negozio\/"},{"@type":"ListItem","position":3,"name":"Lampe de table des ann\u00e9es 1960"}]},{"@type":"WebSite","@id":"https:\/\/antiquariatopitanti.it\/#website","url":"https:\/\/antiquariatopitanti.it\/","name":"Pitanti Chesterfield &amp; Vintage","description":"","publisher":{"@id":"https:\/\/antiquariatopitanti.it\/#organization"},"potentialAction":[{"@type":"SearchAction","target":{"@type":"EntryPoint","urlTemplate":"https:\/\/antiquariatopitanti.it\/?s={search_term_string}"},"query-input":{"@type":"PropertyValueSpecification","valueRequired":true,"valueName":"search_term_string"}}],"inLanguage":"fr-FR"},{"@type":"Organization","@id":"https:\/\/antiquariatopitanti.it\/#organization","name":"Antiquariato Pitanti","url":"https:\/\/antiquariatopitanti.it\/","logo":{"@type":"ImageObject","inLanguage":"fr-FR","@id":"https:\/\/antiquariatopitanti.it\/#\/schema\/logo\/image\/","url":"https:\/\/antiquariatopitanti.it\/wp-content\/uploads\/2022\/03\/logo-pitanti-new-2.png","contentUrl":"https:\/\/antiquariatopitanti.it\/wp-content\/uploads\/2022\/03\/logo-pitanti-new-2.png","width":944,"height":798,"caption":"Antiquariato Pitanti"},"image":{"@id":"https:\/\/antiquariatopitanti.it\/#\/schema\/logo\/image\/"},"sameAs":["https:\/\/www.facebook.com\/mobili.pitanti.vintage\/"]}]}},"_links":{"self":[{"href":"https:\/\/antiquariatopitanti.it\/fr\/wp-json\/wp\/v2\/product\/6132","targetHints":{"allow":["GET"]}}],"collection":[{"href":"https:\/\/antiquariatopitanti.it\/fr\/wp-json\/wp\/v2\/product"}],"about":[{"href":"https:\/\/antiquariatopitanti.it\/fr\/wp-json\/wp\/v2\/types\/product"}],"wp:featuredmedia":[{"embeddable":true,"href":"https:\/\/antiquariatopitanti.it\/fr\/wp-json\/wp\/v2\/media\/5754"}],"wp:attachment":[{"href":"https:\/\/antiquariatopitanti.it\/fr\/wp-json\/wp\/v2\/media?parent=6132"}],"wp:term":[{"taxonomy":"product_brand","embeddable":true,"href":"https:\/\/antiquariatopitanti.it\/fr\/wp-json\/wp\/v2\/product_brand?post=6132"},{"taxonomy":"product_cat","embeddable":true,"href":"https:\/\/antiquariatopitanti.it\/fr\/wp-json\/wp\/v2\/product_cat?post=6132"},{"taxonomy":"product_tag","embeddable":true,"href":"https:\/\/antiquariatopitanti.it\/fr\/wp-json\/wp\/v2\/product_tag?post=6132"}],"curies":[{"name":"wp","href":"https:\/\/api.w.org\/{rel}","templated":true}]}}