{"id":5833,"date":"2022-09-27T17:23:35","date_gmt":"2022-09-27T15:45:32","guid":{"rendered":"https:\/\/antiquariatopitanti.it\/prodotto\/peinture-flamande-ancienne-du-xviieme-siecle\/"},"modified":"2022-09-27T17:45:32","modified_gmt":"2022-09-27T15:45:32","slug":"peinture-flamande-ancienne-du-xviie-siecle","status":"publish","type":"product","link":"https:\/\/antiquariatopitanti.it\/fr\/prodotto\/peinture-flamande-ancienne-du-xviie-siecle\/","title":{"rendered":"Peinture flamande ancienne du XVII\u00e8me si\u00e8cle."},"content":{"rendered":"<p>Peinture flamande ancienne du XVII\u00e8me si\u00e8cle. . Oeuvre huile sur toile de l&rsquo;\u00e9cole flamande repr\u00e9sentant un paysage avec des personnages d&rsquo;excellente qualit\u00e9 picturale.<br \/>\nPeinture de grande qualit\u00e9 et impact, pour antiquaires, d\u00e9corateurs d&rsquo;int\u00e9rieur et collectionneurs de peinture flamande ancienne.<br \/>\nCadre ovale antique joliment d\u00e9cor\u00e9, avec quelques petits signes de vieillissement, peint dans l&rsquo;ensemble en excellent \u00e9tat. jamais touch\u00e9<\/p>\n","protected":false},"excerpt":{"rendered":"<p>Ref.: MC15<br \/>\n<strong>Peinture flamande ancienne du XVII\u00e8me si\u00e8cle.<\/strong><br \/>\n<strong>Origine<\/strong> : Flamand<br \/>\n<strong>P\u00e9riode : Fin du 17\u00e8me si\u00e8cle, d\u00e9but du 18\u00e8me si\u00e8cle<\/strong><br \/>\n<strong>Mat\u00e9riau : Huile sur toile avec cadre contemporain<\/strong><br \/>\n<strong>Mat\u00e9riau<\/strong> : Huile sur toile avec cadre contemporain<br \/>\n<strong>Etat conservatif<\/strong> : Jamais touch\u00e9, \u00e0 restaurer et nettoyer<\/p>\n<p>&nbsp;<\/p>\n","protected":false},"featured_media":5822,"template":"","meta":[],"product_brand":[],"product_cat":[655,654],"product_tag":[1618,1309,1617,1619,2357,1621,2327,1620],"class_list":{"0":"post-5833","1":"product","2":"type-product","3":"status-publish","4":"has-post-thumbnail","6":"product_cat-du-17eme","7":"product_cat-tableaux-et-impressions","8":"product_tag-anciennes-peintures-flamandes-du-17eme-siecle","9":"product_tag-epoca-600-fr","10":"product_tag-epoque-700","11":"product_tag-flamand-huile-sur-toile","12":"product_tag-flemish-antiques-fr","13":"product_tag-paysage","14":"product_tag-peinture-flamande-ancienne","15":"product_tag-personnages","16":"entry","17":"has-media","19":"first","20":"instock","21":"sold-individually","22":"shipping-taxable","23":"purchasable","24":"product-type-simple"},"yoast_head":"<!-- This site is optimized with the Yoast SEO plugin v27.4 - https:\/\/yoast.com\/product\/yoast-seo-wordpress\/ -->\n<title>Peinture flamande ancienne du XVII\u00e8me si\u00e8cle. - Pitanti Chesterfield &amp; Vintage<\/title>\n<meta name=\"robots\" content=\"index, follow, max-snippet:-1, max-image-preview:large, max-video-preview:-1\" \/>\n<link rel=\"canonical\" href=\"https:\/\/antiquariatopitanti.it\/prodotto\/peinture-flamande-ancienne-du-xviieme-siecle\/\" \/>\n<meta property=\"og:locale\" content=\"fr_FR\" \/>\n<meta property=\"og:type\" content=\"article\" \/>\n<meta property=\"og:title\" content=\"Peinture flamande ancienne du XVII\u00e8me si\u00e8cle. - Pitanti Chesterfield &amp; Vintage\" \/>\n<meta property=\"og:description\" content=\"Ref.: MC15 Peinture flamande ancienne du XVII\u00e8me si\u00e8cle. Origine : Flamand P\u00e9riode : Fin du 17\u00e8me si\u00e8cle, d\u00e9but du 18\u00e8me si\u00e8cle Mat\u00e9riau : Huile sur toile avec cadre contemporain Mat\u00e9riau : Huile sur toile avec cadre contemporain Etat conservatif : Jamais touch\u00e9, \u00e0 restaurer et nettoyer &nbsp;\" \/>\n<meta property=\"og:url\" content=\"https:\/\/antiquariatopitanti.it\/prodotto\/peinture-flamande-ancienne-du-xviieme-siecle\/\" \/>\n<meta property=\"og:site_name\" content=\"Pitanti Chesterfield &amp; Vintage\" \/>\n<meta property=\"article:publisher\" content=\"https:\/\/www.facebook.com\/mobili.pitanti.vintage\/\" \/>\n<meta name=\"twitter:card\" content=\"summary_large_image\" \/>\n<script type=\"application\/ld+json\" class=\"yoast-schema-graph\">{\"@context\":\"https:\\\/\\\/schema.org\",\"@graph\":[{\"@type\":\"WebPage\",\"@id\":\"https:\\\/\\\/antiquariatopitanti.it\\\/prodotto\\\/peinture-flamande-ancienne-du-xviieme-siecle\\\/\",\"url\":\"https:\\\/\\\/antiquariatopitanti.it\\\/prodotto\\\/peinture-flamande-ancienne-du-xviieme-siecle\\\/\",\"name\":\"Peinture flamande ancienne du XVII\u00e8me si\u00e8cle. - Pitanti Chesterfield &amp; Vintage\",\"isPartOf\":{\"@id\":\"https:\\\/\\\/antiquariatopitanti.it\\\/#website\"},\"primaryImageOfPage\":{\"@id\":\"https:\\\/\\\/antiquariatopitanti.it\\\/prodotto\\\/peinture-flamande-ancienne-du-xviieme-siecle\\\/#primaryimage\"},\"image\":{\"@id\":\"https:\\\/\\\/antiquariatopitanti.it\\\/prodotto\\\/peinture-flamande-ancienne-du-xviieme-siecle\\\/#primaryimage\"},\"thumbnailUrl\":\"https:\\\/\\\/antiquariatopitanti.it\\\/wp-content\\\/uploads\\\/2022\\\/09\\\/MC15-olio-su-tela-fiammingo-epoca-700-paesaggio-con-figure-g-scaled.jpeg\",\"datePublished\":\"2022-09-27T15:45:32+00:00\",\"breadcrumb\":{\"@id\":\"https:\\\/\\\/antiquariatopitanti.it\\\/prodotto\\\/peinture-flamande-ancienne-du-xviieme-siecle\\\/#breadcrumb\"},\"inLanguage\":\"fr-FR\",\"potentialAction\":[{\"@type\":\"ReadAction\",\"target\":[\"https:\\\/\\\/antiquariatopitanti.it\\\/prodotto\\\/peinture-flamande-ancienne-du-xviieme-siecle\\\/\"]}]},{\"@type\":\"ImageObject\",\"inLanguage\":\"fr-FR\",\"@id\":\"https:\\\/\\\/antiquariatopitanti.it\\\/prodotto\\\/peinture-flamande-ancienne-du-xviieme-siecle\\\/#primaryimage\",\"url\":\"https:\\\/\\\/antiquariatopitanti.it\\\/wp-content\\\/uploads\\\/2022\\\/09\\\/MC15-olio-su-tela-fiammingo-epoca-700-paesaggio-con-figure-g-scaled.jpeg\",\"contentUrl\":\"https:\\\/\\\/antiquariatopitanti.it\\\/wp-content\\\/uploads\\\/2022\\\/09\\\/MC15-olio-su-tela-fiammingo-epoca-700-paesaggio-con-figure-g-scaled.jpeg\",\"width\":1920,\"height\":2560,\"caption\":\"Antico dipinto Fiammingo del XVII Sec. . Opera olio su tela di scuola Fiamminga raffigurante un paesaggio con dei personaggi di ottima mano pittorica. Dipinto di grande qualit\u00e0 e impatto, per antiquari, arredatori e collezionisti di pittura Fiamminga antica.\"},{\"@type\":\"BreadcrumbList\",\"@id\":\"https:\\\/\\\/antiquariatopitanti.it\\\/prodotto\\\/peinture-flamande-ancienne-du-xviieme-siecle\\\/#breadcrumb\",\"itemListElement\":[{\"@type\":\"ListItem\",\"position\":1,\"name\":\"Home\",\"item\":\"https:\\\/\\\/antiquariatopitanti.it\\\/fr\\\/home\\\/\"},{\"@type\":\"ListItem\",\"position\":2,\"name\":\"Shop\",\"item\":\"https:\\\/\\\/antiquariatopitanti.it\\\/negozio\\\/\"},{\"@type\":\"ListItem\",\"position\":3,\"name\":\"Peinture flamande ancienne du XVII\u00e8me si\u00e8cle.\"}]},{\"@type\":\"WebSite\",\"@id\":\"https:\\\/\\\/antiquariatopitanti.it\\\/#website\",\"url\":\"https:\\\/\\\/antiquariatopitanti.it\\\/\",\"name\":\"Pitanti Chesterfield &amp; Vintage\",\"description\":\"\",\"publisher\":{\"@id\":\"https:\\\/\\\/antiquariatopitanti.it\\\/#organization\"},\"potentialAction\":[{\"@type\":\"SearchAction\",\"target\":{\"@type\":\"EntryPoint\",\"urlTemplate\":\"https:\\\/\\\/antiquariatopitanti.it\\\/?s={search_term_string}\"},\"query-input\":{\"@type\":\"PropertyValueSpecification\",\"valueRequired\":true,\"valueName\":\"search_term_string\"}}],\"inLanguage\":\"fr-FR\"},{\"@type\":\"Organization\",\"@id\":\"https:\\\/\\\/antiquariatopitanti.it\\\/#organization\",\"name\":\"Antiquariato Pitanti\",\"url\":\"https:\\\/\\\/antiquariatopitanti.it\\\/\",\"logo\":{\"@type\":\"ImageObject\",\"inLanguage\":\"fr-FR\",\"@id\":\"https:\\\/\\\/antiquariatopitanti.it\\\/#\\\/schema\\\/logo\\\/image\\\/\",\"url\":\"https:\\\/\\\/antiquariatopitanti.it\\\/wp-content\\\/uploads\\\/2022\\\/03\\\/logo-pitanti-new-2.png\",\"contentUrl\":\"https:\\\/\\\/antiquariatopitanti.it\\\/wp-content\\\/uploads\\\/2022\\\/03\\\/logo-pitanti-new-2.png\",\"width\":944,\"height\":798,\"caption\":\"Antiquariato Pitanti\"},\"image\":{\"@id\":\"https:\\\/\\\/antiquariatopitanti.it\\\/#\\\/schema\\\/logo\\\/image\\\/\"},\"sameAs\":[\"https:\\\/\\\/www.facebook.com\\\/mobili.pitanti.vintage\\\/\"]}]}<\/script>\n<!-- \/ Yoast SEO plugin. -->","yoast_head_json":{"title":"Peinture flamande ancienne du XVII\u00e8me si\u00e8cle. - Pitanti Chesterfield &amp; Vintage","robots":{"index":"index","follow":"follow","max-snippet":"max-snippet:-1","max-image-preview":"max-image-preview:large","max-video-preview":"max-video-preview:-1"},"canonical":"https:\/\/antiquariatopitanti.it\/prodotto\/peinture-flamande-ancienne-du-xviieme-siecle\/","og_locale":"fr_FR","og_type":"article","og_title":"Peinture flamande ancienne du XVII\u00e8me si\u00e8cle. - Pitanti Chesterfield &amp; Vintage","og_description":"Ref.: MC15 Peinture flamande ancienne du XVII\u00e8me si\u00e8cle. Origine : Flamand P\u00e9riode : Fin du 17\u00e8me si\u00e8cle, d\u00e9but du 18\u00e8me si\u00e8cle Mat\u00e9riau : Huile sur toile avec cadre contemporain Mat\u00e9riau : Huile sur toile avec cadre contemporain Etat conservatif : Jamais touch\u00e9, \u00e0 restaurer et nettoyer &nbsp;","og_url":"https:\/\/antiquariatopitanti.it\/prodotto\/peinture-flamande-ancienne-du-xviieme-siecle\/","og_site_name":"Pitanti Chesterfield &amp; Vintage","article_publisher":"https:\/\/www.facebook.com\/mobili.pitanti.vintage\/","twitter_card":"summary_large_image","schema":{"@context":"https:\/\/schema.org","@graph":[{"@type":"WebPage","@id":"https:\/\/antiquariatopitanti.it\/prodotto\/peinture-flamande-ancienne-du-xviieme-siecle\/","url":"https:\/\/antiquariatopitanti.it\/prodotto\/peinture-flamande-ancienne-du-xviieme-siecle\/","name":"Peinture flamande ancienne du XVII\u00e8me si\u00e8cle. - Pitanti Chesterfield &amp; Vintage","isPartOf":{"@id":"https:\/\/antiquariatopitanti.it\/#website"},"primaryImageOfPage":{"@id":"https:\/\/antiquariatopitanti.it\/prodotto\/peinture-flamande-ancienne-du-xviieme-siecle\/#primaryimage"},"image":{"@id":"https:\/\/antiquariatopitanti.it\/prodotto\/peinture-flamande-ancienne-du-xviieme-siecle\/#primaryimage"},"thumbnailUrl":"https:\/\/antiquariatopitanti.it\/wp-content\/uploads\/2022\/09\/MC15-olio-su-tela-fiammingo-epoca-700-paesaggio-con-figure-g-scaled.jpeg","datePublished":"2022-09-27T15:45:32+00:00","breadcrumb":{"@id":"https:\/\/antiquariatopitanti.it\/prodotto\/peinture-flamande-ancienne-du-xviieme-siecle\/#breadcrumb"},"inLanguage":"fr-FR","potentialAction":[{"@type":"ReadAction","target":["https:\/\/antiquariatopitanti.it\/prodotto\/peinture-flamande-ancienne-du-xviieme-siecle\/"]}]},{"@type":"ImageObject","inLanguage":"fr-FR","@id":"https:\/\/antiquariatopitanti.it\/prodotto\/peinture-flamande-ancienne-du-xviieme-siecle\/#primaryimage","url":"https:\/\/antiquariatopitanti.it\/wp-content\/uploads\/2022\/09\/MC15-olio-su-tela-fiammingo-epoca-700-paesaggio-con-figure-g-scaled.jpeg","contentUrl":"https:\/\/antiquariatopitanti.it\/wp-content\/uploads\/2022\/09\/MC15-olio-su-tela-fiammingo-epoca-700-paesaggio-con-figure-g-scaled.jpeg","width":1920,"height":2560,"caption":"Antico dipinto Fiammingo del XVII Sec. . Opera olio su tela di scuola Fiamminga raffigurante un paesaggio con dei personaggi di ottima mano pittorica. Dipinto di grande qualit\u00e0 e impatto, per antiquari, arredatori e collezionisti di pittura Fiamminga antica."},{"@type":"BreadcrumbList","@id":"https:\/\/antiquariatopitanti.it\/prodotto\/peinture-flamande-ancienne-du-xviieme-siecle\/#breadcrumb","itemListElement":[{"@type":"ListItem","position":1,"name":"Home","item":"https:\/\/antiquariatopitanti.it\/fr\/home\/"},{"@type":"ListItem","position":2,"name":"Shop","item":"https:\/\/antiquariatopitanti.it\/negozio\/"},{"@type":"ListItem","position":3,"name":"Peinture flamande ancienne du XVII\u00e8me si\u00e8cle."}]},{"@type":"WebSite","@id":"https:\/\/antiquariatopitanti.it\/#website","url":"https:\/\/antiquariatopitanti.it\/","name":"Pitanti Chesterfield &amp; Vintage","description":"","publisher":{"@id":"https:\/\/antiquariatopitanti.it\/#organization"},"potentialAction":[{"@type":"SearchAction","target":{"@type":"EntryPoint","urlTemplate":"https:\/\/antiquariatopitanti.it\/?s={search_term_string}"},"query-input":{"@type":"PropertyValueSpecification","valueRequired":true,"valueName":"search_term_string"}}],"inLanguage":"fr-FR"},{"@type":"Organization","@id":"https:\/\/antiquariatopitanti.it\/#organization","name":"Antiquariato Pitanti","url":"https:\/\/antiquariatopitanti.it\/","logo":{"@type":"ImageObject","inLanguage":"fr-FR","@id":"https:\/\/antiquariatopitanti.it\/#\/schema\/logo\/image\/","url":"https:\/\/antiquariatopitanti.it\/wp-content\/uploads\/2022\/03\/logo-pitanti-new-2.png","contentUrl":"https:\/\/antiquariatopitanti.it\/wp-content\/uploads\/2022\/03\/logo-pitanti-new-2.png","width":944,"height":798,"caption":"Antiquariato Pitanti"},"image":{"@id":"https:\/\/antiquariatopitanti.it\/#\/schema\/logo\/image\/"},"sameAs":["https:\/\/www.facebook.com\/mobili.pitanti.vintage\/"]}]}},"_links":{"self":[{"href":"https:\/\/antiquariatopitanti.it\/fr\/wp-json\/wp\/v2\/product\/5833","targetHints":{"allow":["GET"]}}],"collection":[{"href":"https:\/\/antiquariatopitanti.it\/fr\/wp-json\/wp\/v2\/product"}],"about":[{"href":"https:\/\/antiquariatopitanti.it\/fr\/wp-json\/wp\/v2\/types\/product"}],"wp:featuredmedia":[{"embeddable":true,"href":"https:\/\/antiquariatopitanti.it\/fr\/wp-json\/wp\/v2\/media\/5822"}],"wp:attachment":[{"href":"https:\/\/antiquariatopitanti.it\/fr\/wp-json\/wp\/v2\/media?parent=5833"}],"wp:term":[{"taxonomy":"product_brand","embeddable":true,"href":"https:\/\/antiquariatopitanti.it\/fr\/wp-json\/wp\/v2\/product_brand?post=5833"},{"taxonomy":"product_cat","embeddable":true,"href":"https:\/\/antiquariatopitanti.it\/fr\/wp-json\/wp\/v2\/product_cat?post=5833"},{"taxonomy":"product_tag","embeddable":true,"href":"https:\/\/antiquariatopitanti.it\/fr\/wp-json\/wp\/v2\/product_tag?post=5833"}],"curies":[{"name":"wp","href":"https:\/\/api.w.org\/{rel}","templated":true}]}}