{"id":5727,"date":"2022-09-22T10:44:56","date_gmt":"2022-09-24T15:16:05","guid":{"rendered":"https:\/\/antiquariatopitanti.it\/prodotto\/lampe-anglaise-a-sheffield\/"},"modified":"2022-09-24T17:16:05","modified_gmt":"2022-09-24T15:16:05","slug":"lampe-anglaise-a-sheffield","status":"publish","type":"product","link":"https:\/\/antiquariatopitanti.it\/fr\/prodotto\/lampe-anglaise-a-sheffield\/","title":{"rendered":"Lampe anglaise \u00e0 Sheffield"},"content":{"rendered":"<p>Lampe de table anglaise \u00e0 Sheffield. La lampe est r\u00e9glable en hauteur et fonctionne avec des bougies.<\/p>\n","protected":false},"excerpt":{"rendered":"<p>Ref.: GZ002<br \/>\n<strong>Lampe de table Sheffield<\/strong><br \/>\n<strong>Origine<\/strong> : Anglaise<br \/>\n<strong>P\u00e9riode<\/strong>: &lsquo;900<br \/>\n<strong>Mat\u00e9riau<\/strong>: Sheffield<br \/>\n<strong>Mesures<\/strong>: Base 20 cm x 20 cm x H. 70 cm<br \/>\n<strong>\u00c9tat conservatif<\/strong> : Excellent<\/p>\n","protected":false},"featured_media":5589,"template":"","meta":[],"product_brand":[],"product_cat":[645,650],"product_tag":[758,1524,1579,1584,1406,1537],"class_list":{"0":"post-5727","1":"product","2":"type-product","3":"status-publish","4":"has-post-thumbnail","6":"product_cat-objets-fr","7":"product_cat-sheffield-fr","8":"product_tag-antiquites-anglaises-900","9":"product_tag-lampe-de-table","10":"product_tag-objets-anglais-900","11":"product_tag-plat-en-argent","12":"product_tag-sheffield-fr","13":"product_tag-victorien-fr","14":"entry","15":"has-media","17":"first","18":"instock","19":"sold-individually","20":"shipping-taxable","21":"purchasable","22":"product-type-simple"},"yoast_head":"<!-- This site is optimized with the Yoast SEO plugin v27.4 - https:\/\/yoast.com\/product\/yoast-seo-wordpress\/ -->\n<title>Lampe anglaise \u00e0 Sheffield - Pitanti Chesterfield &amp; Vintage<\/title>\n<meta name=\"robots\" content=\"index, follow, max-snippet:-1, max-image-preview:large, max-video-preview:-1\" \/>\n<link rel=\"canonical\" href=\"https:\/\/antiquariatopitanti.it\/prodotto\/lampe-anglaise-a-sheffield\/\" \/>\n<meta property=\"og:locale\" content=\"fr_FR\" \/>\n<meta property=\"og:type\" content=\"article\" \/>\n<meta property=\"og:title\" content=\"Lampe anglaise \u00e0 Sheffield - Pitanti Chesterfield &amp; Vintage\" \/>\n<meta property=\"og:description\" content=\"Ref.: GZ002 Lampe de table Sheffield Origine : Anglaise P\u00e9riode: &#039;900 Mat\u00e9riau: Sheffield Mesures: Base 20 cm x 20 cm x H. 70 cm \u00c9tat conservatif : Excellent\" \/>\n<meta property=\"og:url\" content=\"https:\/\/antiquariatopitanti.it\/prodotto\/lampe-anglaise-a-sheffield\/\" \/>\n<meta property=\"og:site_name\" content=\"Pitanti Chesterfield &amp; Vintage\" \/>\n<meta property=\"article:publisher\" content=\"https:\/\/www.facebook.com\/mobili.pitanti.vintage\/\" \/>\n<meta name=\"twitter:card\" content=\"summary_large_image\" \/>\n<script type=\"application\/ld+json\" class=\"yoast-schema-graph\">{\"@context\":\"https:\\\/\\\/schema.org\",\"@graph\":[{\"@type\":\"WebPage\",\"@id\":\"https:\\\/\\\/antiquariatopitanti.it\\\/prodotto\\\/lampe-anglaise-a-sheffield\\\/\",\"url\":\"https:\\\/\\\/antiquariatopitanti.it\\\/prodotto\\\/lampe-anglaise-a-sheffield\\\/\",\"name\":\"Lampe anglaise \u00e0 Sheffield - Pitanti Chesterfield &amp; Vintage\",\"isPartOf\":{\"@id\":\"https:\\\/\\\/antiquariatopitanti.it\\\/#website\"},\"primaryImageOfPage\":{\"@id\":\"https:\\\/\\\/antiquariatopitanti.it\\\/prodotto\\\/lampe-anglaise-a-sheffield\\\/#primaryimage\"},\"image\":{\"@id\":\"https:\\\/\\\/antiquariatopitanti.it\\\/prodotto\\\/lampe-anglaise-a-sheffield\\\/#primaryimage\"},\"thumbnailUrl\":\"https:\\\/\\\/antiquariatopitanti.it\\\/wp-content\\\/uploads\\\/2022\\\/09\\\/GZ002-lampade-a-stelo-in-sheffield-inglese-c.jpeg\",\"datePublished\":\"2022-09-24T15:16:05+00:00\",\"breadcrumb\":{\"@id\":\"https:\\\/\\\/antiquariatopitanti.it\\\/prodotto\\\/lampe-anglaise-a-sheffield\\\/#breadcrumb\"},\"inLanguage\":\"fr-FR\",\"potentialAction\":[{\"@type\":\"ReadAction\",\"target\":[\"https:\\\/\\\/antiquariatopitanti.it\\\/prodotto\\\/lampe-anglaise-a-sheffield\\\/\"]}]},{\"@type\":\"ImageObject\",\"inLanguage\":\"fr-FR\",\"@id\":\"https:\\\/\\\/antiquariatopitanti.it\\\/prodotto\\\/lampe-anglaise-a-sheffield\\\/#primaryimage\",\"url\":\"https:\\\/\\\/antiquariatopitanti.it\\\/wp-content\\\/uploads\\\/2022\\\/09\\\/GZ002-lampade-a-stelo-in-sheffield-inglese-c.jpeg\",\"contentUrl\":\"https:\\\/\\\/antiquariatopitanti.it\\\/wp-content\\\/uploads\\\/2022\\\/09\\\/GZ002-lampade-a-stelo-in-sheffield-inglese-c.jpeg\",\"width\":797,\"height\":1344,\"caption\":\"Lampada Inglese in Sheffield\"},{\"@type\":\"BreadcrumbList\",\"@id\":\"https:\\\/\\\/antiquariatopitanti.it\\\/prodotto\\\/lampe-anglaise-a-sheffield\\\/#breadcrumb\",\"itemListElement\":[{\"@type\":\"ListItem\",\"position\":1,\"name\":\"Home\",\"item\":\"https:\\\/\\\/antiquariatopitanti.it\\\/fr\\\/home\\\/\"},{\"@type\":\"ListItem\",\"position\":2,\"name\":\"Shop\",\"item\":\"https:\\\/\\\/antiquariatopitanti.it\\\/negozio\\\/\"},{\"@type\":\"ListItem\",\"position\":3,\"name\":\"Lampe anglaise \u00e0 Sheffield\"}]},{\"@type\":\"WebSite\",\"@id\":\"https:\\\/\\\/antiquariatopitanti.it\\\/#website\",\"url\":\"https:\\\/\\\/antiquariatopitanti.it\\\/\",\"name\":\"Pitanti Chesterfield &amp; Vintage\",\"description\":\"\",\"publisher\":{\"@id\":\"https:\\\/\\\/antiquariatopitanti.it\\\/#organization\"},\"potentialAction\":[{\"@type\":\"SearchAction\",\"target\":{\"@type\":\"EntryPoint\",\"urlTemplate\":\"https:\\\/\\\/antiquariatopitanti.it\\\/?s={search_term_string}\"},\"query-input\":{\"@type\":\"PropertyValueSpecification\",\"valueRequired\":true,\"valueName\":\"search_term_string\"}}],\"inLanguage\":\"fr-FR\"},{\"@type\":\"Organization\",\"@id\":\"https:\\\/\\\/antiquariatopitanti.it\\\/#organization\",\"name\":\"Antiquariato Pitanti\",\"url\":\"https:\\\/\\\/antiquariatopitanti.it\\\/\",\"logo\":{\"@type\":\"ImageObject\",\"inLanguage\":\"fr-FR\",\"@id\":\"https:\\\/\\\/antiquariatopitanti.it\\\/#\\\/schema\\\/logo\\\/image\\\/\",\"url\":\"https:\\\/\\\/antiquariatopitanti.it\\\/wp-content\\\/uploads\\\/2022\\\/03\\\/logo-pitanti-new-2.png\",\"contentUrl\":\"https:\\\/\\\/antiquariatopitanti.it\\\/wp-content\\\/uploads\\\/2022\\\/03\\\/logo-pitanti-new-2.png\",\"width\":944,\"height\":798,\"caption\":\"Antiquariato Pitanti\"},\"image\":{\"@id\":\"https:\\\/\\\/antiquariatopitanti.it\\\/#\\\/schema\\\/logo\\\/image\\\/\"},\"sameAs\":[\"https:\\\/\\\/www.facebook.com\\\/mobili.pitanti.vintage\\\/\"]}]}<\/script>\n<!-- \/ Yoast SEO plugin. -->","yoast_head_json":{"title":"Lampe anglaise \u00e0 Sheffield - Pitanti Chesterfield &amp; Vintage","robots":{"index":"index","follow":"follow","max-snippet":"max-snippet:-1","max-image-preview":"max-image-preview:large","max-video-preview":"max-video-preview:-1"},"canonical":"https:\/\/antiquariatopitanti.it\/prodotto\/lampe-anglaise-a-sheffield\/","og_locale":"fr_FR","og_type":"article","og_title":"Lampe anglaise \u00e0 Sheffield - Pitanti Chesterfield &amp; Vintage","og_description":"Ref.: GZ002 Lampe de table Sheffield Origine : Anglaise P\u00e9riode: '900 Mat\u00e9riau: Sheffield Mesures: Base 20 cm x 20 cm x H. 70 cm \u00c9tat conservatif : Excellent","og_url":"https:\/\/antiquariatopitanti.it\/prodotto\/lampe-anglaise-a-sheffield\/","og_site_name":"Pitanti Chesterfield &amp; Vintage","article_publisher":"https:\/\/www.facebook.com\/mobili.pitanti.vintage\/","twitter_card":"summary_large_image","schema":{"@context":"https:\/\/schema.org","@graph":[{"@type":"WebPage","@id":"https:\/\/antiquariatopitanti.it\/prodotto\/lampe-anglaise-a-sheffield\/","url":"https:\/\/antiquariatopitanti.it\/prodotto\/lampe-anglaise-a-sheffield\/","name":"Lampe anglaise \u00e0 Sheffield - Pitanti Chesterfield &amp; Vintage","isPartOf":{"@id":"https:\/\/antiquariatopitanti.it\/#website"},"primaryImageOfPage":{"@id":"https:\/\/antiquariatopitanti.it\/prodotto\/lampe-anglaise-a-sheffield\/#primaryimage"},"image":{"@id":"https:\/\/antiquariatopitanti.it\/prodotto\/lampe-anglaise-a-sheffield\/#primaryimage"},"thumbnailUrl":"https:\/\/antiquariatopitanti.it\/wp-content\/uploads\/2022\/09\/GZ002-lampade-a-stelo-in-sheffield-inglese-c.jpeg","datePublished":"2022-09-24T15:16:05+00:00","breadcrumb":{"@id":"https:\/\/antiquariatopitanti.it\/prodotto\/lampe-anglaise-a-sheffield\/#breadcrumb"},"inLanguage":"fr-FR","potentialAction":[{"@type":"ReadAction","target":["https:\/\/antiquariatopitanti.it\/prodotto\/lampe-anglaise-a-sheffield\/"]}]},{"@type":"ImageObject","inLanguage":"fr-FR","@id":"https:\/\/antiquariatopitanti.it\/prodotto\/lampe-anglaise-a-sheffield\/#primaryimage","url":"https:\/\/antiquariatopitanti.it\/wp-content\/uploads\/2022\/09\/GZ002-lampade-a-stelo-in-sheffield-inglese-c.jpeg","contentUrl":"https:\/\/antiquariatopitanti.it\/wp-content\/uploads\/2022\/09\/GZ002-lampade-a-stelo-in-sheffield-inglese-c.jpeg","width":797,"height":1344,"caption":"Lampada Inglese in Sheffield"},{"@type":"BreadcrumbList","@id":"https:\/\/antiquariatopitanti.it\/prodotto\/lampe-anglaise-a-sheffield\/#breadcrumb","itemListElement":[{"@type":"ListItem","position":1,"name":"Home","item":"https:\/\/antiquariatopitanti.it\/fr\/home\/"},{"@type":"ListItem","position":2,"name":"Shop","item":"https:\/\/antiquariatopitanti.it\/negozio\/"},{"@type":"ListItem","position":3,"name":"Lampe anglaise \u00e0 Sheffield"}]},{"@type":"WebSite","@id":"https:\/\/antiquariatopitanti.it\/#website","url":"https:\/\/antiquariatopitanti.it\/","name":"Pitanti Chesterfield &amp; Vintage","description":"","publisher":{"@id":"https:\/\/antiquariatopitanti.it\/#organization"},"potentialAction":[{"@type":"SearchAction","target":{"@type":"EntryPoint","urlTemplate":"https:\/\/antiquariatopitanti.it\/?s={search_term_string}"},"query-input":{"@type":"PropertyValueSpecification","valueRequired":true,"valueName":"search_term_string"}}],"inLanguage":"fr-FR"},{"@type":"Organization","@id":"https:\/\/antiquariatopitanti.it\/#organization","name":"Antiquariato Pitanti","url":"https:\/\/antiquariatopitanti.it\/","logo":{"@type":"ImageObject","inLanguage":"fr-FR","@id":"https:\/\/antiquariatopitanti.it\/#\/schema\/logo\/image\/","url":"https:\/\/antiquariatopitanti.it\/wp-content\/uploads\/2022\/03\/logo-pitanti-new-2.png","contentUrl":"https:\/\/antiquariatopitanti.it\/wp-content\/uploads\/2022\/03\/logo-pitanti-new-2.png","width":944,"height":798,"caption":"Antiquariato Pitanti"},"image":{"@id":"https:\/\/antiquariatopitanti.it\/#\/schema\/logo\/image\/"},"sameAs":["https:\/\/www.facebook.com\/mobili.pitanti.vintage\/"]}]}},"_links":{"self":[{"href":"https:\/\/antiquariatopitanti.it\/fr\/wp-json\/wp\/v2\/product\/5727","targetHints":{"allow":["GET"]}}],"collection":[{"href":"https:\/\/antiquariatopitanti.it\/fr\/wp-json\/wp\/v2\/product"}],"about":[{"href":"https:\/\/antiquariatopitanti.it\/fr\/wp-json\/wp\/v2\/types\/product"}],"wp:featuredmedia":[{"embeddable":true,"href":"https:\/\/antiquariatopitanti.it\/fr\/wp-json\/wp\/v2\/media\/5589"}],"wp:attachment":[{"href":"https:\/\/antiquariatopitanti.it\/fr\/wp-json\/wp\/v2\/media?parent=5727"}],"wp:term":[{"taxonomy":"product_brand","embeddable":true,"href":"https:\/\/antiquariatopitanti.it\/fr\/wp-json\/wp\/v2\/product_brand?post=5727"},{"taxonomy":"product_cat","embeddable":true,"href":"https:\/\/antiquariatopitanti.it\/fr\/wp-json\/wp\/v2\/product_cat?post=5727"},{"taxonomy":"product_tag","embeddable":true,"href":"https:\/\/antiquariatopitanti.it\/fr\/wp-json\/wp\/v2\/product_tag?post=5727"}],"curies":[{"name":"wp","href":"https:\/\/api.w.org\/{rel}","templated":true}]}}