{"id":5726,"date":"2022-09-24T16:45:20","date_gmt":"2022-09-24T15:12:30","guid":{"rendered":"https:\/\/antiquariatopitanti.it\/prodotto\/lampe-a-arc-des-annees-70-80\/"},"modified":"2022-11-07T10:41:24","modified_gmt":"2022-11-07T09:41:24","slug":"lampe-arc-70-80","status":"publish","type":"product","link":"https:\/\/antiquariatopitanti.it\/fr\/prodotto\/lampe-arc-70-80\/","title":{"rendered":"Lampe \u00e0 arc des ann\u00e9es 70"},"content":{"rendered":"<p>Lampadaire \u00e0 arc des ann\u00e9es 70 qui fait partie des antiquit\u00e9s modernes italiennes 900. Mid Century Furniture, de plus, la structure en aluminium est r\u00e9glable en hauteur et en diff\u00e9rentes inclinaisons. L&rsquo;abat-jour en plastique orange d&rsquo;origine de l&rsquo;\u00e9poque ne pr\u00e9sente aucun d\u00e9faut ni casse. le syst\u00e8me est enti\u00e8rement fonctionnel. \u00c9tat conservatif Excellent.<\/p>\n","protected":false},"excerpt":{"rendered":"<p>Ref.: Mod.RO01<br \/>\n<strong>Lampe \u00e0 arc <\/strong><br \/>\n<strong>Origine<\/strong> : Italienne<br \/>\n<strong>P\u00e9riode<\/strong> : ann\u00e9es 1970<br \/>\n<strong>Mat\u00e9riau<\/strong> : base en fonte finie avec de l&rsquo;aluminium, de l&rsquo;aluminium, du fer et du plastique<br \/>\n<strong>\u00c9tat conservatif<\/strong> : Excellent<\/p>\n","protected":false},"featured_media":5694,"template":"","meta":[],"product_brand":[],"product_cat":[640,643],"product_tag":[755,1583,2339,1397,2099],"class_list":{"0":"post-5726","1":"product","2":"type-product","3":"status-publish","4":"has-post-thumbnail","6":"product_cat-art-moderne","7":"product_cat-eclairage-fr","8":"product_tag-antiquites-modernes-italiennes-900","9":"product_tag-lampe-a-arc","10":"product_tag-lampe-arco-des-annees-70","11":"product_tag-lampe-au-sol","12":"product_tag-milieu-du-siecle-900","13":"entry","14":"has-media","16":"first","17":"outofstock","18":"sold-individually","19":"shipping-taxable","20":"product-type-simple"},"yoast_head":"<!-- This site is optimized with the Yoast SEO plugin v27.4 - https:\/\/yoast.com\/product\/yoast-seo-wordpress\/ -->\n<title>Lampe \u00e0 arc des ann\u00e9es 70 - Pitanti Chesterfield &amp; Vintage<\/title>\n<meta name=\"robots\" content=\"index, follow, max-snippet:-1, max-image-preview:large, max-video-preview:-1\" \/>\n<link rel=\"canonical\" href=\"https:\/\/antiquariatopitanti.it\/fr\/prodotto\/lampe-arc-70-80\/\" \/>\n<meta property=\"og:locale\" content=\"fr_FR\" \/>\n<meta property=\"og:type\" content=\"article\" \/>\n<meta property=\"og:title\" content=\"Lampe \u00e0 arc des ann\u00e9es 70 - Pitanti Chesterfield &amp; Vintage\" \/>\n<meta property=\"og:description\" content=\"Ref.: Mod.RO01 Lampe \u00e0 arc Origine : Italienne P\u00e9riode : ann\u00e9es 1970 Mat\u00e9riau : base en fonte finie avec de l&#039;aluminium, de l&#039;aluminium, du fer et du plastique \u00c9tat conservatif : Excellent\" \/>\n<meta property=\"og:url\" content=\"https:\/\/antiquariatopitanti.it\/fr\/prodotto\/lampe-arc-70-80\/\" \/>\n<meta property=\"og:site_name\" content=\"Pitanti Chesterfield &amp; Vintage\" \/>\n<meta property=\"article:publisher\" content=\"https:\/\/www.facebook.com\/mobili.pitanti.vintage\/\" \/>\n<meta property=\"article:modified_time\" content=\"2022-11-07T09:41:24+00:00\" \/>\n<meta property=\"og:image\" content=\"https:\/\/antiquariatopitanti.it\/wp-content\/uploads\/2022\/09\/Mod.RO01-lampada-modernariato-italiano-anni-70-arco-c.jpeg\" \/>\n\t<meta property=\"og:image:width\" content=\"1008\" \/>\n\t<meta property=\"og:image:height\" content=\"1344\" \/>\n\t<meta property=\"og:image:type\" content=\"image\/jpeg\" \/>\n<meta name=\"twitter:card\" content=\"summary_large_image\" \/>\n<script type=\"application\/ld+json\" class=\"yoast-schema-graph\">{\"@context\":\"https:\\\/\\\/schema.org\",\"@graph\":[{\"@type\":\"WebPage\",\"@id\":\"https:\\\/\\\/antiquariatopitanti.it\\\/fr\\\/prodotto\\\/lampe-arc-70-80\\\/\",\"url\":\"https:\\\/\\\/antiquariatopitanti.it\\\/fr\\\/prodotto\\\/lampe-arc-70-80\\\/\",\"name\":\"Lampe \u00e0 arc des ann\u00e9es 70 - Pitanti Chesterfield &amp; Vintage\",\"isPartOf\":{\"@id\":\"https:\\\/\\\/antiquariatopitanti.it\\\/#website\"},\"primaryImageOfPage\":{\"@id\":\"https:\\\/\\\/antiquariatopitanti.it\\\/fr\\\/prodotto\\\/lampe-arc-70-80\\\/#primaryimage\"},\"image\":{\"@id\":\"https:\\\/\\\/antiquariatopitanti.it\\\/fr\\\/prodotto\\\/lampe-arc-70-80\\\/#primaryimage\"},\"thumbnailUrl\":\"https:\\\/\\\/antiquariatopitanti.it\\\/wp-content\\\/uploads\\\/2022\\\/09\\\/Mod.RO01-lampada-modernariato-italiano-anni-70-arco-c.jpeg\",\"datePublished\":\"2022-09-24T15:12:30+00:00\",\"dateModified\":\"2022-11-07T09:41:24+00:00\",\"breadcrumb\":{\"@id\":\"https:\\\/\\\/antiquariatopitanti.it\\\/fr\\\/prodotto\\\/lampe-arc-70-80\\\/#breadcrumb\"},\"inLanguage\":\"fr-FR\",\"potentialAction\":[{\"@type\":\"ReadAction\",\"target\":[\"https:\\\/\\\/antiquariatopitanti.it\\\/fr\\\/prodotto\\\/lampe-arc-70-80\\\/\"]}]},{\"@type\":\"ImageObject\",\"inLanguage\":\"fr-FR\",\"@id\":\"https:\\\/\\\/antiquariatopitanti.it\\\/fr\\\/prodotto\\\/lampe-arc-70-80\\\/#primaryimage\",\"url\":\"https:\\\/\\\/antiquariatopitanti.it\\\/wp-content\\\/uploads\\\/2022\\\/09\\\/Mod.RO01-lampada-modernariato-italiano-anni-70-arco-c.jpeg\",\"contentUrl\":\"https:\\\/\\\/antiquariatopitanti.it\\\/wp-content\\\/uploads\\\/2022\\\/09\\\/Mod.RO01-lampada-modernariato-italiano-anni-70-arco-c.jpeg\",\"width\":1008,\"height\":1344,\"caption\":\"Lampada ad Arco anni'70\"},{\"@type\":\"BreadcrumbList\",\"@id\":\"https:\\\/\\\/antiquariatopitanti.it\\\/fr\\\/prodotto\\\/lampe-arc-70-80\\\/#breadcrumb\",\"itemListElement\":[{\"@type\":\"ListItem\",\"position\":1,\"name\":\"Home\",\"item\":\"https:\\\/\\\/antiquariatopitanti.it\\\/fr\\\/home\\\/\"},{\"@type\":\"ListItem\",\"position\":2,\"name\":\"Shop\",\"item\":\"https:\\\/\\\/antiquariatopitanti.it\\\/negozio\\\/\"},{\"@type\":\"ListItem\",\"position\":3,\"name\":\"Lampe \u00e0 arc des ann\u00e9es 70\"}]},{\"@type\":\"WebSite\",\"@id\":\"https:\\\/\\\/antiquariatopitanti.it\\\/#website\",\"url\":\"https:\\\/\\\/antiquariatopitanti.it\\\/\",\"name\":\"Pitanti Chesterfield &amp; Vintage\",\"description\":\"\",\"publisher\":{\"@id\":\"https:\\\/\\\/antiquariatopitanti.it\\\/#organization\"},\"potentialAction\":[{\"@type\":\"SearchAction\",\"target\":{\"@type\":\"EntryPoint\",\"urlTemplate\":\"https:\\\/\\\/antiquariatopitanti.it\\\/?s={search_term_string}\"},\"query-input\":{\"@type\":\"PropertyValueSpecification\",\"valueRequired\":true,\"valueName\":\"search_term_string\"}}],\"inLanguage\":\"fr-FR\"},{\"@type\":\"Organization\",\"@id\":\"https:\\\/\\\/antiquariatopitanti.it\\\/#organization\",\"name\":\"Antiquariato Pitanti\",\"url\":\"https:\\\/\\\/antiquariatopitanti.it\\\/\",\"logo\":{\"@type\":\"ImageObject\",\"inLanguage\":\"fr-FR\",\"@id\":\"https:\\\/\\\/antiquariatopitanti.it\\\/#\\\/schema\\\/logo\\\/image\\\/\",\"url\":\"https:\\\/\\\/antiquariatopitanti.it\\\/wp-content\\\/uploads\\\/2022\\\/03\\\/logo-pitanti-new-2.png\",\"contentUrl\":\"https:\\\/\\\/antiquariatopitanti.it\\\/wp-content\\\/uploads\\\/2022\\\/03\\\/logo-pitanti-new-2.png\",\"width\":944,\"height\":798,\"caption\":\"Antiquariato Pitanti\"},\"image\":{\"@id\":\"https:\\\/\\\/antiquariatopitanti.it\\\/#\\\/schema\\\/logo\\\/image\\\/\"},\"sameAs\":[\"https:\\\/\\\/www.facebook.com\\\/mobili.pitanti.vintage\\\/\"]}]}<\/script>\n<!-- \/ Yoast SEO plugin. -->","yoast_head_json":{"title":"Lampe \u00e0 arc des ann\u00e9es 70 - Pitanti Chesterfield &amp; Vintage","robots":{"index":"index","follow":"follow","max-snippet":"max-snippet:-1","max-image-preview":"max-image-preview:large","max-video-preview":"max-video-preview:-1"},"canonical":"https:\/\/antiquariatopitanti.it\/fr\/prodotto\/lampe-arc-70-80\/","og_locale":"fr_FR","og_type":"article","og_title":"Lampe \u00e0 arc des ann\u00e9es 70 - Pitanti Chesterfield &amp; Vintage","og_description":"Ref.: Mod.RO01 Lampe \u00e0 arc Origine : Italienne P\u00e9riode : ann\u00e9es 1970 Mat\u00e9riau : base en fonte finie avec de l'aluminium, de l'aluminium, du fer et du plastique \u00c9tat conservatif : Excellent","og_url":"https:\/\/antiquariatopitanti.it\/fr\/prodotto\/lampe-arc-70-80\/","og_site_name":"Pitanti Chesterfield &amp; Vintage","article_publisher":"https:\/\/www.facebook.com\/mobili.pitanti.vintage\/","article_modified_time":"2022-11-07T09:41:24+00:00","og_image":[{"width":1008,"height":1344,"url":"https:\/\/antiquariatopitanti.it\/wp-content\/uploads\/2022\/09\/Mod.RO01-lampada-modernariato-italiano-anni-70-arco-c.jpeg","type":"image\/jpeg"}],"twitter_card":"summary_large_image","schema":{"@context":"https:\/\/schema.org","@graph":[{"@type":"WebPage","@id":"https:\/\/antiquariatopitanti.it\/fr\/prodotto\/lampe-arc-70-80\/","url":"https:\/\/antiquariatopitanti.it\/fr\/prodotto\/lampe-arc-70-80\/","name":"Lampe \u00e0 arc des ann\u00e9es 70 - Pitanti Chesterfield &amp; Vintage","isPartOf":{"@id":"https:\/\/antiquariatopitanti.it\/#website"},"primaryImageOfPage":{"@id":"https:\/\/antiquariatopitanti.it\/fr\/prodotto\/lampe-arc-70-80\/#primaryimage"},"image":{"@id":"https:\/\/antiquariatopitanti.it\/fr\/prodotto\/lampe-arc-70-80\/#primaryimage"},"thumbnailUrl":"https:\/\/antiquariatopitanti.it\/wp-content\/uploads\/2022\/09\/Mod.RO01-lampada-modernariato-italiano-anni-70-arco-c.jpeg","datePublished":"2022-09-24T15:12:30+00:00","dateModified":"2022-11-07T09:41:24+00:00","breadcrumb":{"@id":"https:\/\/antiquariatopitanti.it\/fr\/prodotto\/lampe-arc-70-80\/#breadcrumb"},"inLanguage":"fr-FR","potentialAction":[{"@type":"ReadAction","target":["https:\/\/antiquariatopitanti.it\/fr\/prodotto\/lampe-arc-70-80\/"]}]},{"@type":"ImageObject","inLanguage":"fr-FR","@id":"https:\/\/antiquariatopitanti.it\/fr\/prodotto\/lampe-arc-70-80\/#primaryimage","url":"https:\/\/antiquariatopitanti.it\/wp-content\/uploads\/2022\/09\/Mod.RO01-lampada-modernariato-italiano-anni-70-arco-c.jpeg","contentUrl":"https:\/\/antiquariatopitanti.it\/wp-content\/uploads\/2022\/09\/Mod.RO01-lampada-modernariato-italiano-anni-70-arco-c.jpeg","width":1008,"height":1344,"caption":"Lampada ad Arco anni'70"},{"@type":"BreadcrumbList","@id":"https:\/\/antiquariatopitanti.it\/fr\/prodotto\/lampe-arc-70-80\/#breadcrumb","itemListElement":[{"@type":"ListItem","position":1,"name":"Home","item":"https:\/\/antiquariatopitanti.it\/fr\/home\/"},{"@type":"ListItem","position":2,"name":"Shop","item":"https:\/\/antiquariatopitanti.it\/negozio\/"},{"@type":"ListItem","position":3,"name":"Lampe \u00e0 arc des ann\u00e9es 70"}]},{"@type":"WebSite","@id":"https:\/\/antiquariatopitanti.it\/#website","url":"https:\/\/antiquariatopitanti.it\/","name":"Pitanti Chesterfield &amp; Vintage","description":"","publisher":{"@id":"https:\/\/antiquariatopitanti.it\/#organization"},"potentialAction":[{"@type":"SearchAction","target":{"@type":"EntryPoint","urlTemplate":"https:\/\/antiquariatopitanti.it\/?s={search_term_string}"},"query-input":{"@type":"PropertyValueSpecification","valueRequired":true,"valueName":"search_term_string"}}],"inLanguage":"fr-FR"},{"@type":"Organization","@id":"https:\/\/antiquariatopitanti.it\/#organization","name":"Antiquariato Pitanti","url":"https:\/\/antiquariatopitanti.it\/","logo":{"@type":"ImageObject","inLanguage":"fr-FR","@id":"https:\/\/antiquariatopitanti.it\/#\/schema\/logo\/image\/","url":"https:\/\/antiquariatopitanti.it\/wp-content\/uploads\/2022\/03\/logo-pitanti-new-2.png","contentUrl":"https:\/\/antiquariatopitanti.it\/wp-content\/uploads\/2022\/03\/logo-pitanti-new-2.png","width":944,"height":798,"caption":"Antiquariato Pitanti"},"image":{"@id":"https:\/\/antiquariatopitanti.it\/#\/schema\/logo\/image\/"},"sameAs":["https:\/\/www.facebook.com\/mobili.pitanti.vintage\/"]}]}},"_links":{"self":[{"href":"https:\/\/antiquariatopitanti.it\/fr\/wp-json\/wp\/v2\/product\/5726","targetHints":{"allow":["GET"]}}],"collection":[{"href":"https:\/\/antiquariatopitanti.it\/fr\/wp-json\/wp\/v2\/product"}],"about":[{"href":"https:\/\/antiquariatopitanti.it\/fr\/wp-json\/wp\/v2\/types\/product"}],"wp:featuredmedia":[{"embeddable":true,"href":"https:\/\/antiquariatopitanti.it\/fr\/wp-json\/wp\/v2\/media\/5694"}],"wp:attachment":[{"href":"https:\/\/antiquariatopitanti.it\/fr\/wp-json\/wp\/v2\/media?parent=5726"}],"wp:term":[{"taxonomy":"product_brand","embeddable":true,"href":"https:\/\/antiquariatopitanti.it\/fr\/wp-json\/wp\/v2\/product_brand?post=5726"},{"taxonomy":"product_cat","embeddable":true,"href":"https:\/\/antiquariatopitanti.it\/fr\/wp-json\/wp\/v2\/product_cat?post=5726"},{"taxonomy":"product_tag","embeddable":true,"href":"https:\/\/antiquariatopitanti.it\/fr\/wp-json\/wp\/v2\/product_tag?post=5726"}],"curies":[{"name":"wp","href":"https:\/\/api.w.org\/{rel}","templated":true}]}}