{"id":5365,"date":"2022-04-20T11:01:57","date_gmt":"2022-09-11T06:31:58","guid":{"rendered":"https:\/\/antiquariatopitanti.it\/prodotto\/commode-victorienne-anglaise-en-acajou\/"},"modified":"2022-09-11T08:31:58","modified_gmt":"2022-09-11T06:31:58","slug":"commode-anglaise-victorienne-en-acajou","status":"publish","type":"product","link":"https:\/\/antiquariatopitanti.it\/fr\/prodotto\/commode-anglaise-victorienne-en-acajou\/","title":{"rendered":"Commode victorienne anglaise en acajou"},"content":{"rendered":"<p>Chaque tiroir est \u00e9quip\u00e9 d&rsquo;une serrure avec rosace en laiton et de 6 poign\u00e9es en laiton.<br \/>\nLe dessus et les tiroirs de cette ancienne commode anglaise sont incrust\u00e9s de bois fruitier<br \/>\ndans des filets noircis qui mettent en valeur le contraste chromatique.<br \/>\nDans le bandeau inf\u00e9rieur, sous les tiroirs, cette petite commode d&rsquo;\u00e9poque, <strong>d&rsquo;origine anglaise<\/strong>,<br \/>\nconstruite vers 1870, elle est orn\u00e9e de lambrequins, bandes en forme plac\u00e9es entre les \u00e9l\u00e9gants pieds en sabre.<br \/>\nle coulissement des tiroirs a \u00e9t\u00e9 revu,<br \/>\nrestaur\u00e9 les manques minimes de la dalle et a \u00e9t\u00e9 nettoy\u00e9 et fini avec un polissage<br \/>\navec de la gomme laque naturelle et de la cire qui rehausse le chromatisme des essences.<br \/>\nLes dimensions discr\u00e8tes et contenues, le <strong>style victorien<\/strong> au design lin\u00e9aire et \u00e9l\u00e9gant,<br \/>\nfaire de cette petite commode ancienne un placement polyvalent et tr\u00e8s actuel dans les int\u00e9rieurs contemporains,<br \/>\n\u00e0 la fois classique et moderne.<\/p>\n","protected":false},"excerpt":{"rendered":"<p>Ref.: Gb1<br \/>\n<strong>Commode victorienne antique en acajou avec trois tiroirs.<\/strong><br \/>\n<strong>Origine<\/strong> : Anglaise<br \/>\n<strong>P\u00e9riode<\/strong> : &lsquo;800<br \/>\n<strong>Mat\u00e9riau: fils d&rsquo;acajou et plume d&rsquo;acajou<\/strong><br \/>\n<strong>Mesures<\/strong>: L. 91 cm x P. 45 cm x H. 89 cm<br \/>\n<strong>\u00c9tat conservatif<\/strong> : Restaur\u00e9<\/p>\n","protected":false},"featured_media":3893,"template":"","meta":[],"product_brand":[],"product_cat":[585,593],"product_tag":[692,799,1534],"class_list":{"0":"post-5365","1":"product","2":"type-product","3":"status-publish","4":"has-post-thumbnail","6":"product_cat-antiquites","7":"product_cat-commodes","8":"product_tag-antiquites-anglaises-800","9":"product_tag-antiquites-victoriennes-anglaises","10":"product_tag-commode-victorienne-incrustee","11":"entry","12":"has-media","14":"first","15":"outofstock","16":"sold-individually","17":"shipping-taxable","18":"product-type-simple"},"yoast_head":"<!-- This site is optimized with the Yoast SEO plugin v27.4 - https:\/\/yoast.com\/product\/yoast-seo-wordpress\/ -->\n<title>Pitanti - Citta &#039;di Castello<\/title>\n<meta name=\"description\" content=\"Commode victorienne antique en acajou avec trois tiroirs. Chaque tiroir est \u00e9quip\u00e9 d&#039;une serrure avec \u00e9cusson en laiton et de 6 poign\u00e9es en laiton. Le dessus et les tiroirs de cette commode anglaise antique sont incrust\u00e9s de bois fruitier dans des fils noircis qui mettent en valeur le contraste chromatique. Dans le bandeau inf\u00e9rieur, sous les tiroirs, cette petite commode d&#039;\u00e9poque, d&#039;origine anglaise, r\u00e9alis\u00e9e vers 1870, est orn\u00e9e de lambrequins, bandes en forme plac\u00e9es entre les \u00e9l\u00e9gants pieds sabres. L&#039;\u00e9tat de conservation est excellent, le coulissement des tiroirs a \u00e9t\u00e9 r\u00e9vis\u00e9, les manques minimes de la plaque ont \u00e9t\u00e9 restaur\u00e9s et ont \u00e9t\u00e9 nettoy\u00e9s et finis avec un polissage \u00e0 la gomme laque naturelle et \u00e0 la cire qui am\u00e9liore le chromatisme des essences. dimensions, le style victorien avec un design lin\u00e9aire et \u00e9l\u00e9gant, ils rendent cette petite commode ancienne polyvalente et de placement tr\u00e8s actuel dans les int\u00e9rieurs contemporains, \u00e0 la fois classiques et modernes.\" \/>\n<meta name=\"robots\" content=\"index, follow, max-snippet:-1, max-image-preview:large, max-video-preview:-1\" \/>\n<link rel=\"canonical\" href=\"https:\/\/antiquariatopitanti.it\/fr\/produit\/commode-victorienne-anglaise-en-acajou\/\" \/>\n<meta property=\"og:locale\" content=\"fr_FR\" \/>\n<meta property=\"og:type\" content=\"article\" \/>\n<meta property=\"og:title\" content=\"Pitanti - Citta &#039;di Castello\" \/>\n<meta property=\"og:description\" content=\"Commode victorienne antique en acajou avec trois tiroirs. Chaque tiroir est \u00e9quip\u00e9 d&#039;une serrure avec \u00e9cusson en laiton et de 6 poign\u00e9es en laiton. Le dessus et les tiroirs de cette commode anglaise antique sont incrust\u00e9s de bois fruitier dans des fils noircis qui mettent en valeur le contraste chromatique. Dans le bandeau inf\u00e9rieur, sous les tiroirs, cette petite commode d&#039;\u00e9poque, d&#039;origine anglaise, r\u00e9alis\u00e9e vers 1870, est orn\u00e9e de lambrequins, bandes en forme plac\u00e9es entre les \u00e9l\u00e9gants pieds sabres. L&#039;\u00e9tat de conservation est excellent, le coulissement des tiroirs a \u00e9t\u00e9 r\u00e9vis\u00e9, les manques minimes de la plaque ont \u00e9t\u00e9 restaur\u00e9s et ont \u00e9t\u00e9 nettoy\u00e9s et finis avec un polissage \u00e0 la gomme laque naturelle et \u00e0 la cire qui am\u00e9liore le chromatisme des essences. dimensions, le style victorien avec un design lin\u00e9aire et \u00e9l\u00e9gant, ils rendent cette petite commode ancienne polyvalente et de placement tr\u00e8s actuel dans les int\u00e9rieurs contemporains, \u00e0 la fois classiques et modernes.\" \/>\n<meta property=\"og:url\" content=\"https:\/\/antiquariatopitanti.it\/fr\/produit\/commode-victorienne-anglaise-en-acajou\/\" \/>\n<meta property=\"og:site_name\" content=\"Pitanti Chesterfield &amp; Vintage\" \/>\n<meta property=\"article:publisher\" content=\"https:\/\/www.facebook.com\/mobili.pitanti.vintage\/\" \/>\n<meta property=\"og:image\" content=\"https:\/\/antiquariatopitanti.it\/wp-content\/uploads\/2022\/04\/Gb01-Antico-Cassettone-Vittoriano-in-Mogano-1870-1.jpeg\" \/>\n\t<meta property=\"og:image:width\" content=\"1008\" \/>\n\t<meta property=\"og:image:height\" content=\"1093\" \/>\n\t<meta property=\"og:image:type\" content=\"image\/jpeg\" \/>\n<meta name=\"twitter:card\" content=\"summary_large_image\" \/>\n<meta name=\"twitter:label1\" content=\"Dur\u00e9e de lecture estim\u00e9e\" \/>\n\t<meta name=\"twitter:data1\" content=\"1 minute\" \/>\n<script type=\"application\/ld+json\" class=\"yoast-schema-graph\">{\"@context\":\"https:\\\/\\\/schema.org\",\"@graph\":[{\"@type\":\"WebPage\",\"@id\":\"https:\\\/\\\/antiquariatopitanti.it\\\/fr\\\/produit\\\/commode-victorienne-anglaise-en-acajou\\\/\",\"url\":\"https:\\\/\\\/antiquariatopitanti.it\\\/fr\\\/produit\\\/commode-victorienne-anglaise-en-acajou\\\/\",\"name\":\"Pitanti - Citta 'di Castello\",\"isPartOf\":{\"@id\":\"https:\\\/\\\/antiquariatopitanti.it\\\/#website\"},\"primaryImageOfPage\":{\"@id\":\"https:\\\/\\\/antiquariatopitanti.it\\\/fr\\\/produit\\\/commode-victorienne-anglaise-en-acajou\\\/#primaryimage\"},\"image\":{\"@id\":\"https:\\\/\\\/antiquariatopitanti.it\\\/fr\\\/produit\\\/commode-victorienne-anglaise-en-acajou\\\/#primaryimage\"},\"thumbnailUrl\":\"https:\\\/\\\/antiquariatopitanti.it\\\/wp-content\\\/uploads\\\/2022\\\/04\\\/Gb01-Antico-Cassettone-Vittoriano-in-Mogano-1870-1.jpeg\",\"datePublished\":\"2022-09-11T06:31:58+00:00\",\"description\":\"Commode victorienne antique en acajou avec trois tiroirs. Chaque tiroir est \u00e9quip\u00e9 d'une serrure avec \u00e9cusson en laiton et de 6 poign\u00e9es en laiton. Le dessus et les tiroirs de cette commode anglaise antique sont incrust\u00e9s de bois fruitier dans des fils noircis qui mettent en valeur le contraste chromatique. Dans le bandeau inf\u00e9rieur, sous les tiroirs, cette petite commode d'\u00e9poque, d'origine anglaise, r\u00e9alis\u00e9e vers 1870, est orn\u00e9e de lambrequins, bandes en forme plac\u00e9es entre les \u00e9l\u00e9gants pieds sabres. L'\u00e9tat de conservation est excellent, le coulissement des tiroirs a \u00e9t\u00e9 r\u00e9vis\u00e9, les manques minimes de la plaque ont \u00e9t\u00e9 restaur\u00e9s et ont \u00e9t\u00e9 nettoy\u00e9s et finis avec un polissage \u00e0 la gomme laque naturelle et \u00e0 la cire qui am\u00e9liore le chromatisme des essences. dimensions, le style victorien avec un design lin\u00e9aire et \u00e9l\u00e9gant, ils rendent cette petite commode ancienne polyvalente et de placement tr\u00e8s actuel dans les int\u00e9rieurs contemporains, \u00e0 la fois classiques et modernes.\",\"breadcrumb\":{\"@id\":\"https:\\\/\\\/antiquariatopitanti.it\\\/fr\\\/produit\\\/commode-victorienne-anglaise-en-acajou\\\/#breadcrumb\"},\"inLanguage\":\"fr-FR\",\"potentialAction\":[{\"@type\":\"ReadAction\",\"target\":[\"https:\\\/\\\/antiquariatopitanti.it\\\/fr\\\/produit\\\/commode-victorienne-anglaise-en-acajou\\\/\"]}]},{\"@type\":\"ImageObject\",\"inLanguage\":\"fr-FR\",\"@id\":\"https:\\\/\\\/antiquariatopitanti.it\\\/fr\\\/produit\\\/commode-victorienne-anglaise-en-acajou\\\/#primaryimage\",\"url\":\"https:\\\/\\\/antiquariatopitanti.it\\\/wp-content\\\/uploads\\\/2022\\\/04\\\/Gb01-Antico-Cassettone-Vittoriano-in-Mogano-1870-1.jpeg\",\"contentUrl\":\"https:\\\/\\\/antiquariatopitanti.it\\\/wp-content\\\/uploads\\\/2022\\\/04\\\/Gb01-Antico-Cassettone-Vittoriano-in-Mogano-1870-1.jpeg\",\"width\":1008,\"height\":1093,\"caption\":\"Commode victorienne anglaise en bois d'acajou '800\"},{\"@type\":\"BreadcrumbList\",\"@id\":\"https:\\\/\\\/antiquariatopitanti.it\\\/fr\\\/produit\\\/commode-victorienne-anglaise-en-acajou\\\/#breadcrumb\",\"itemListElement\":[{\"@type\":\"ListItem\",\"position\":1,\"name\":\"Home\",\"item\":\"https:\\\/\\\/antiquariatopitanti.it\\\/fr\\\/home\\\/\"},{\"@type\":\"ListItem\",\"position\":2,\"name\":\"Shop\",\"item\":\"https:\\\/\\\/antiquariatopitanti.it\\\/negozio\\\/\"},{\"@type\":\"ListItem\",\"position\":3,\"name\":\"Commode victorienne anglaise en acajou\"}]},{\"@type\":\"WebSite\",\"@id\":\"https:\\\/\\\/antiquariatopitanti.it\\\/#website\",\"url\":\"https:\\\/\\\/antiquariatopitanti.it\\\/\",\"name\":\"Pitanti Chesterfield &amp; Vintage\",\"description\":\"\",\"publisher\":{\"@id\":\"https:\\\/\\\/antiquariatopitanti.it\\\/#organization\"},\"potentialAction\":[{\"@type\":\"SearchAction\",\"target\":{\"@type\":\"EntryPoint\",\"urlTemplate\":\"https:\\\/\\\/antiquariatopitanti.it\\\/?s={search_term_string}\"},\"query-input\":{\"@type\":\"PropertyValueSpecification\",\"valueRequired\":true,\"valueName\":\"search_term_string\"}}],\"inLanguage\":\"fr-FR\"},{\"@type\":\"Organization\",\"@id\":\"https:\\\/\\\/antiquariatopitanti.it\\\/#organization\",\"name\":\"Antiquariato Pitanti\",\"url\":\"https:\\\/\\\/antiquariatopitanti.it\\\/\",\"logo\":{\"@type\":\"ImageObject\",\"inLanguage\":\"fr-FR\",\"@id\":\"https:\\\/\\\/antiquariatopitanti.it\\\/#\\\/schema\\\/logo\\\/image\\\/\",\"url\":\"https:\\\/\\\/antiquariatopitanti.it\\\/wp-content\\\/uploads\\\/2022\\\/03\\\/logo-pitanti-new-2.png\",\"contentUrl\":\"https:\\\/\\\/antiquariatopitanti.it\\\/wp-content\\\/uploads\\\/2022\\\/03\\\/logo-pitanti-new-2.png\",\"width\":944,\"height\":798,\"caption\":\"Antiquariato Pitanti\"},\"image\":{\"@id\":\"https:\\\/\\\/antiquariatopitanti.it\\\/#\\\/schema\\\/logo\\\/image\\\/\"},\"sameAs\":[\"https:\\\/\\\/www.facebook.com\\\/mobili.pitanti.vintage\\\/\"]}]}<\/script>\n<!-- \/ Yoast SEO plugin. -->","yoast_head_json":{"title":"Pitanti - Citta 'di Castello","description":"Commode victorienne antique en acajou avec trois tiroirs. Chaque tiroir est \u00e9quip\u00e9 d'une serrure avec \u00e9cusson en laiton et de 6 poign\u00e9es en laiton. Le dessus et les tiroirs de cette commode anglaise antique sont incrust\u00e9s de bois fruitier dans des fils noircis qui mettent en valeur le contraste chromatique. Dans le bandeau inf\u00e9rieur, sous les tiroirs, cette petite commode d'\u00e9poque, d'origine anglaise, r\u00e9alis\u00e9e vers 1870, est orn\u00e9e de lambrequins, bandes en forme plac\u00e9es entre les \u00e9l\u00e9gants pieds sabres. L'\u00e9tat de conservation est excellent, le coulissement des tiroirs a \u00e9t\u00e9 r\u00e9vis\u00e9, les manques minimes de la plaque ont \u00e9t\u00e9 restaur\u00e9s et ont \u00e9t\u00e9 nettoy\u00e9s et finis avec un polissage \u00e0 la gomme laque naturelle et \u00e0 la cire qui am\u00e9liore le chromatisme des essences. dimensions, le style victorien avec un design lin\u00e9aire et \u00e9l\u00e9gant, ils rendent cette petite commode ancienne polyvalente et de placement tr\u00e8s actuel dans les int\u00e9rieurs contemporains, \u00e0 la fois classiques et modernes.","robots":{"index":"index","follow":"follow","max-snippet":"max-snippet:-1","max-image-preview":"max-image-preview:large","max-video-preview":"max-video-preview:-1"},"canonical":"https:\/\/antiquariatopitanti.it\/fr\/produit\/commode-victorienne-anglaise-en-acajou\/","og_locale":"fr_FR","og_type":"article","og_title":"Pitanti - Citta 'di Castello","og_description":"Commode victorienne antique en acajou avec trois tiroirs. Chaque tiroir est \u00e9quip\u00e9 d'une serrure avec \u00e9cusson en laiton et de 6 poign\u00e9es en laiton. Le dessus et les tiroirs de cette commode anglaise antique sont incrust\u00e9s de bois fruitier dans des fils noircis qui mettent en valeur le contraste chromatique. Dans le bandeau inf\u00e9rieur, sous les tiroirs, cette petite commode d'\u00e9poque, d'origine anglaise, r\u00e9alis\u00e9e vers 1870, est orn\u00e9e de lambrequins, bandes en forme plac\u00e9es entre les \u00e9l\u00e9gants pieds sabres. L'\u00e9tat de conservation est excellent, le coulissement des tiroirs a \u00e9t\u00e9 r\u00e9vis\u00e9, les manques minimes de la plaque ont \u00e9t\u00e9 restaur\u00e9s et ont \u00e9t\u00e9 nettoy\u00e9s et finis avec un polissage \u00e0 la gomme laque naturelle et \u00e0 la cire qui am\u00e9liore le chromatisme des essences. dimensions, le style victorien avec un design lin\u00e9aire et \u00e9l\u00e9gant, ils rendent cette petite commode ancienne polyvalente et de placement tr\u00e8s actuel dans les int\u00e9rieurs contemporains, \u00e0 la fois classiques et modernes.","og_url":"https:\/\/antiquariatopitanti.it\/fr\/produit\/commode-victorienne-anglaise-en-acajou\/","og_site_name":"Pitanti Chesterfield &amp; Vintage","article_publisher":"https:\/\/www.facebook.com\/mobili.pitanti.vintage\/","og_image":[{"width":1008,"height":1093,"url":"https:\/\/antiquariatopitanti.it\/wp-content\/uploads\/2022\/04\/Gb01-Antico-Cassettone-Vittoriano-in-Mogano-1870-1.jpeg","type":"image\/jpeg"}],"twitter_card":"summary_large_image","twitter_misc":{"Dur\u00e9e de lecture estim\u00e9e":"1 minute"},"schema":{"@context":"https:\/\/schema.org","@graph":[{"@type":"WebPage","@id":"https:\/\/antiquariatopitanti.it\/fr\/produit\/commode-victorienne-anglaise-en-acajou\/","url":"https:\/\/antiquariatopitanti.it\/fr\/produit\/commode-victorienne-anglaise-en-acajou\/","name":"Pitanti - Citta 'di Castello","isPartOf":{"@id":"https:\/\/antiquariatopitanti.it\/#website"},"primaryImageOfPage":{"@id":"https:\/\/antiquariatopitanti.it\/fr\/produit\/commode-victorienne-anglaise-en-acajou\/#primaryimage"},"image":{"@id":"https:\/\/antiquariatopitanti.it\/fr\/produit\/commode-victorienne-anglaise-en-acajou\/#primaryimage"},"thumbnailUrl":"https:\/\/antiquariatopitanti.it\/wp-content\/uploads\/2022\/04\/Gb01-Antico-Cassettone-Vittoriano-in-Mogano-1870-1.jpeg","datePublished":"2022-09-11T06:31:58+00:00","description":"Commode victorienne antique en acajou avec trois tiroirs. Chaque tiroir est \u00e9quip\u00e9 d'une serrure avec \u00e9cusson en laiton et de 6 poign\u00e9es en laiton. Le dessus et les tiroirs de cette commode anglaise antique sont incrust\u00e9s de bois fruitier dans des fils noircis qui mettent en valeur le contraste chromatique. Dans le bandeau inf\u00e9rieur, sous les tiroirs, cette petite commode d'\u00e9poque, d'origine anglaise, r\u00e9alis\u00e9e vers 1870, est orn\u00e9e de lambrequins, bandes en forme plac\u00e9es entre les \u00e9l\u00e9gants pieds sabres. L'\u00e9tat de conservation est excellent, le coulissement des tiroirs a \u00e9t\u00e9 r\u00e9vis\u00e9, les manques minimes de la plaque ont \u00e9t\u00e9 restaur\u00e9s et ont \u00e9t\u00e9 nettoy\u00e9s et finis avec un polissage \u00e0 la gomme laque naturelle et \u00e0 la cire qui am\u00e9liore le chromatisme des essences. dimensions, le style victorien avec un design lin\u00e9aire et \u00e9l\u00e9gant, ils rendent cette petite commode ancienne polyvalente et de placement tr\u00e8s actuel dans les int\u00e9rieurs contemporains, \u00e0 la fois classiques et modernes.","breadcrumb":{"@id":"https:\/\/antiquariatopitanti.it\/fr\/produit\/commode-victorienne-anglaise-en-acajou\/#breadcrumb"},"inLanguage":"fr-FR","potentialAction":[{"@type":"ReadAction","target":["https:\/\/antiquariatopitanti.it\/fr\/produit\/commode-victorienne-anglaise-en-acajou\/"]}]},{"@type":"ImageObject","inLanguage":"fr-FR","@id":"https:\/\/antiquariatopitanti.it\/fr\/produit\/commode-victorienne-anglaise-en-acajou\/#primaryimage","url":"https:\/\/antiquariatopitanti.it\/wp-content\/uploads\/2022\/04\/Gb01-Antico-Cassettone-Vittoriano-in-Mogano-1870-1.jpeg","contentUrl":"https:\/\/antiquariatopitanti.it\/wp-content\/uploads\/2022\/04\/Gb01-Antico-Cassettone-Vittoriano-in-Mogano-1870-1.jpeg","width":1008,"height":1093,"caption":"Commode victorienne anglaise en bois d'acajou '800"},{"@type":"BreadcrumbList","@id":"https:\/\/antiquariatopitanti.it\/fr\/produit\/commode-victorienne-anglaise-en-acajou\/#breadcrumb","itemListElement":[{"@type":"ListItem","position":1,"name":"Home","item":"https:\/\/antiquariatopitanti.it\/fr\/home\/"},{"@type":"ListItem","position":2,"name":"Shop","item":"https:\/\/antiquariatopitanti.it\/negozio\/"},{"@type":"ListItem","position":3,"name":"Commode victorienne anglaise en acajou"}]},{"@type":"WebSite","@id":"https:\/\/antiquariatopitanti.it\/#website","url":"https:\/\/antiquariatopitanti.it\/","name":"Pitanti Chesterfield &amp; Vintage","description":"","publisher":{"@id":"https:\/\/antiquariatopitanti.it\/#organization"},"potentialAction":[{"@type":"SearchAction","target":{"@type":"EntryPoint","urlTemplate":"https:\/\/antiquariatopitanti.it\/?s={search_term_string}"},"query-input":{"@type":"PropertyValueSpecification","valueRequired":true,"valueName":"search_term_string"}}],"inLanguage":"fr-FR"},{"@type":"Organization","@id":"https:\/\/antiquariatopitanti.it\/#organization","name":"Antiquariato Pitanti","url":"https:\/\/antiquariatopitanti.it\/","logo":{"@type":"ImageObject","inLanguage":"fr-FR","@id":"https:\/\/antiquariatopitanti.it\/#\/schema\/logo\/image\/","url":"https:\/\/antiquariatopitanti.it\/wp-content\/uploads\/2022\/03\/logo-pitanti-new-2.png","contentUrl":"https:\/\/antiquariatopitanti.it\/wp-content\/uploads\/2022\/03\/logo-pitanti-new-2.png","width":944,"height":798,"caption":"Antiquariato Pitanti"},"image":{"@id":"https:\/\/antiquariatopitanti.it\/#\/schema\/logo\/image\/"},"sameAs":["https:\/\/www.facebook.com\/mobili.pitanti.vintage\/"]}]}},"_links":{"self":[{"href":"https:\/\/antiquariatopitanti.it\/fr\/wp-json\/wp\/v2\/product\/5365","targetHints":{"allow":["GET"]}}],"collection":[{"href":"https:\/\/antiquariatopitanti.it\/fr\/wp-json\/wp\/v2\/product"}],"about":[{"href":"https:\/\/antiquariatopitanti.it\/fr\/wp-json\/wp\/v2\/types\/product"}],"wp:featuredmedia":[{"embeddable":true,"href":"https:\/\/antiquariatopitanti.it\/fr\/wp-json\/wp\/v2\/media\/3893"}],"wp:attachment":[{"href":"https:\/\/antiquariatopitanti.it\/fr\/wp-json\/wp\/v2\/media?parent=5365"}],"wp:term":[{"taxonomy":"product_brand","embeddable":true,"href":"https:\/\/antiquariatopitanti.it\/fr\/wp-json\/wp\/v2\/product_brand?post=5365"},{"taxonomy":"product_cat","embeddable":true,"href":"https:\/\/antiquariatopitanti.it\/fr\/wp-json\/wp\/v2\/product_cat?post=5365"},{"taxonomy":"product_tag","embeddable":true,"href":"https:\/\/antiquariatopitanti.it\/fr\/wp-json\/wp\/v2\/product_tag?post=5365"}],"curies":[{"name":"wp","href":"https:\/\/api.w.org\/{rel}","templated":true}]}}