{"id":5364,"date":"2022-04-20T10:31:52","date_gmt":"2022-09-11T06:24:28","guid":{"rendered":"https:\/\/antiquariatopitanti.it\/prodotto\/lampadaire-antique-moderne-avec-abat-jour-des-annees-60\/"},"modified":"2022-10-14T12:23:35","modified_gmt":"2022-10-14T10:23:35","slug":"lampadaire-moderne-antique-avec-abat-jour","status":"publish","type":"product","link":"https:\/\/antiquariatopitanti.it\/fr\/prodotto\/lampadaire-moderne-antique-avec-abat-jour\/","title":{"rendered":"Lampadaire antique moderne avec abat-jour des ann\u00e9es 60"},"content":{"rendered":"<h4>Lampadaire danois commun\u00e9ment appel\u00e9 lampadaire, des ann\u00e9es 60\/70 en bois d&rsquo;acajou en excellent \u00e9tat complet avec abat-jour en jute coupl\u00e9 \u00e0 du PVC et avec syst\u00e8me \u00e9lectrique conforme \u00e0 la loi. facilmente inseribile sia in un&rsquo;ambiente moderno che Vintage<\/h4>\n","protected":false},"excerpt":{"rendered":"<p>Ref.: DK04<br \/>\n<strong>Lampadaire antique moderne avec abat-jour<\/strong><br \/>\n<strong>P\u00e9riode<\/strong>: 60\/70<br \/>\n<strong>Origine<\/strong>: Danois<br \/>\n<strong>Mat\u00e9riau:<\/strong> Bois d&rsquo;acajou clair, abat-jour en jute coupl\u00e9 sur PVC<br \/>\n<strong>Mesures<\/strong>: L .base Diametro 35 cm x H. 183 cm<br \/>\n<strong>\u00c9tat conservatif<\/strong> : Restaur\u00e9<\/p>\n","protected":false},"featured_media":3455,"template":"","meta":[],"product_brand":[],"product_cat":[640,625],"product_tag":[1096,1121,1531,1397,1532,2099,2106],"class_list":{"0":"post-5364","1":"product","2":"type-product","3":"status-publish","4":"has-post-thumbnail","6":"product_cat-art-moderne","7":"product_cat-eclairage","8":"product_tag-antiquites-modernes","9":"product_tag-ere-des-annees-60","10":"product_tag-lampadaire-en-bois-fr","11":"product_tag-lampe-au-sol","12":"product_tag-lampe-danoise","13":"product_tag-milieu-du-siecle-900","14":"product_tag-pays-scandinaves","15":"entry","16":"has-media","18":"first","19":"instock","20":"sold-individually","21":"shipping-taxable","22":"purchasable","23":"product-type-simple"},"yoast_head":"<!-- This site is optimized with the Yoast SEO plugin v27.4 - https:\/\/yoast.com\/product\/yoast-seo-wordpress\/ -->\n<title>design moderne des ann\u00e9es 1960<\/title>\n<meta name=\"description\" content=\"Lampadaire danois en bois avec abat-jour, la p\u00e9riode remonte aux ann\u00e9es 60-70 et les mesures sont : L. Base Diam\u00e8tre 35 cm x H. 183 cm l&#039;\u00e9tat de conservation, il est enti\u00e8rement fonctionnel et pr\u00eat \u00e0 \u00eatre livr\u00e9.\" \/>\n<meta name=\"robots\" content=\"index, follow, max-snippet:-1, max-image-preview:large, max-video-preview:-1\" \/>\n<link rel=\"canonical\" href=\"https:\/\/antiquariatopitanti.it\/fr\/produit\/lampadaire-moderne-antique-avec-abat-jour\/\" \/>\n<meta property=\"og:locale\" content=\"fr_FR\" \/>\n<meta property=\"og:type\" content=\"article\" \/>\n<meta property=\"og:title\" content=\"design moderne des ann\u00e9es 1960\" \/>\n<meta property=\"og:description\" content=\"Lampadaire danois en bois avec abat-jour, la p\u00e9riode remonte aux ann\u00e9es 60-70 et les mesures sont : L. Base Diam\u00e8tre 35 cm x H. 183 cm l&#039;\u00e9tat de conservation, il est enti\u00e8rement fonctionnel et pr\u00eat \u00e0 \u00eatre livr\u00e9.\" \/>\n<meta property=\"og:url\" content=\"https:\/\/antiquariatopitanti.it\/fr\/produit\/lampadaire-moderne-antique-avec-abat-jour\/\" \/>\n<meta property=\"og:site_name\" content=\"Pitanti Chesterfield &amp; Vintage\" \/>\n<meta property=\"article:publisher\" content=\"https:\/\/www.facebook.com\/mobili.pitanti.vintage\/\" \/>\n<meta property=\"article:modified_time\" content=\"2022-10-14T10:23:35+00:00\" \/>\n<meta property=\"og:image\" content=\"https:\/\/antiquariatopitanti.it\/wp-content\/uploads\/2022\/04\/mod11-lampada-piantana-anni-60-a-1.jpg\" \/>\n\t<meta property=\"og:image:width\" content=\"411\" \/>\n\t<meta property=\"og:image:height\" content=\"640\" \/>\n\t<meta property=\"og:image:type\" content=\"image\/jpeg\" \/>\n<meta name=\"twitter:card\" content=\"summary_large_image\" \/>\n<script type=\"application\/ld+json\" class=\"yoast-schema-graph\">{\"@context\":\"https:\\\/\\\/schema.org\",\"@graph\":[{\"@type\":\"WebPage\",\"@id\":\"https:\\\/\\\/antiquariatopitanti.it\\\/fr\\\/produit\\\/lampadaire-moderne-antique-avec-abat-jour\\\/\",\"url\":\"https:\\\/\\\/antiquariatopitanti.it\\\/fr\\\/produit\\\/lampadaire-moderne-antique-avec-abat-jour\\\/\",\"name\":\"design moderne des ann\u00e9es 1960\",\"isPartOf\":{\"@id\":\"https:\\\/\\\/antiquariatopitanti.it\\\/#website\"},\"primaryImageOfPage\":{\"@id\":\"https:\\\/\\\/antiquariatopitanti.it\\\/fr\\\/produit\\\/lampadaire-moderne-antique-avec-abat-jour\\\/#primaryimage\"},\"image\":{\"@id\":\"https:\\\/\\\/antiquariatopitanti.it\\\/fr\\\/produit\\\/lampadaire-moderne-antique-avec-abat-jour\\\/#primaryimage\"},\"thumbnailUrl\":\"https:\\\/\\\/antiquariatopitanti.it\\\/wp-content\\\/uploads\\\/2022\\\/04\\\/mod11-lampada-piantana-anni-60-a-1.jpg\",\"datePublished\":\"2022-09-11T06:24:28+00:00\",\"dateModified\":\"2022-10-14T10:23:35+00:00\",\"description\":\"Lampadaire danois en bois avec abat-jour, la p\u00e9riode remonte aux ann\u00e9es 60-70 et les mesures sont : L. Base Diam\u00e8tre 35 cm x H. 183 cm l'\u00e9tat de conservation, il est enti\u00e8rement fonctionnel et pr\u00eat \u00e0 \u00eatre livr\u00e9.\",\"breadcrumb\":{\"@id\":\"https:\\\/\\\/antiquariatopitanti.it\\\/fr\\\/produit\\\/lampadaire-moderne-antique-avec-abat-jour\\\/#breadcrumb\"},\"inLanguage\":\"fr-FR\",\"potentialAction\":[{\"@type\":\"ReadAction\",\"target\":[\"https:\\\/\\\/antiquariatopitanti.it\\\/fr\\\/produit\\\/lampadaire-moderne-antique-avec-abat-jour\\\/\"]}]},{\"@type\":\"ImageObject\",\"inLanguage\":\"fr-FR\",\"@id\":\"https:\\\/\\\/antiquariatopitanti.it\\\/fr\\\/produit\\\/lampadaire-moderne-antique-avec-abat-jour\\\/#primaryimage\",\"url\":\"https:\\\/\\\/antiquariatopitanti.it\\\/wp-content\\\/uploads\\\/2022\\\/04\\\/mod11-lampada-piantana-anni-60-a-1.jpg\",\"contentUrl\":\"https:\\\/\\\/antiquariatopitanti.it\\\/wp-content\\\/uploads\\\/2022\\\/04\\\/mod11-lampada-piantana-anni-60-a-1.jpg\",\"width\":411,\"height\":640,\"caption\":\"Lampada Piantana anni '60 con paralume\"},{\"@type\":\"BreadcrumbList\",\"@id\":\"https:\\\/\\\/antiquariatopitanti.it\\\/fr\\\/produit\\\/lampadaire-moderne-antique-avec-abat-jour\\\/#breadcrumb\",\"itemListElement\":[{\"@type\":\"ListItem\",\"position\":1,\"name\":\"Home\",\"item\":\"https:\\\/\\\/antiquariatopitanti.it\\\/fr\\\/home\\\/\"},{\"@type\":\"ListItem\",\"position\":2,\"name\":\"Shop\",\"item\":\"https:\\\/\\\/antiquariatopitanti.it\\\/negozio\\\/\"},{\"@type\":\"ListItem\",\"position\":3,\"name\":\"Lampadaire antique moderne avec abat-jour des ann\u00e9es 60\"}]},{\"@type\":\"WebSite\",\"@id\":\"https:\\\/\\\/antiquariatopitanti.it\\\/#website\",\"url\":\"https:\\\/\\\/antiquariatopitanti.it\\\/\",\"name\":\"Pitanti Chesterfield &amp; Vintage\",\"description\":\"\",\"publisher\":{\"@id\":\"https:\\\/\\\/antiquariatopitanti.it\\\/#organization\"},\"potentialAction\":[{\"@type\":\"SearchAction\",\"target\":{\"@type\":\"EntryPoint\",\"urlTemplate\":\"https:\\\/\\\/antiquariatopitanti.it\\\/?s={search_term_string}\"},\"query-input\":{\"@type\":\"PropertyValueSpecification\",\"valueRequired\":true,\"valueName\":\"search_term_string\"}}],\"inLanguage\":\"fr-FR\"},{\"@type\":\"Organization\",\"@id\":\"https:\\\/\\\/antiquariatopitanti.it\\\/#organization\",\"name\":\"Antiquariato Pitanti\",\"url\":\"https:\\\/\\\/antiquariatopitanti.it\\\/\",\"logo\":{\"@type\":\"ImageObject\",\"inLanguage\":\"fr-FR\",\"@id\":\"https:\\\/\\\/antiquariatopitanti.it\\\/#\\\/schema\\\/logo\\\/image\\\/\",\"url\":\"https:\\\/\\\/antiquariatopitanti.it\\\/wp-content\\\/uploads\\\/2022\\\/03\\\/logo-pitanti-new-2.png\",\"contentUrl\":\"https:\\\/\\\/antiquariatopitanti.it\\\/wp-content\\\/uploads\\\/2022\\\/03\\\/logo-pitanti-new-2.png\",\"width\":944,\"height\":798,\"caption\":\"Antiquariato Pitanti\"},\"image\":{\"@id\":\"https:\\\/\\\/antiquariatopitanti.it\\\/#\\\/schema\\\/logo\\\/image\\\/\"},\"sameAs\":[\"https:\\\/\\\/www.facebook.com\\\/mobili.pitanti.vintage\\\/\"]}]}<\/script>\n<!-- \/ Yoast SEO plugin. -->","yoast_head_json":{"title":"design moderne des ann\u00e9es 1960","description":"Lampadaire danois en bois avec abat-jour, la p\u00e9riode remonte aux ann\u00e9es 60-70 et les mesures sont : L. Base Diam\u00e8tre 35 cm x H. 183 cm l'\u00e9tat de conservation, il est enti\u00e8rement fonctionnel et pr\u00eat \u00e0 \u00eatre livr\u00e9.","robots":{"index":"index","follow":"follow","max-snippet":"max-snippet:-1","max-image-preview":"max-image-preview:large","max-video-preview":"max-video-preview:-1"},"canonical":"https:\/\/antiquariatopitanti.it\/fr\/produit\/lampadaire-moderne-antique-avec-abat-jour\/","og_locale":"fr_FR","og_type":"article","og_title":"design moderne des ann\u00e9es 1960","og_description":"Lampadaire danois en bois avec abat-jour, la p\u00e9riode remonte aux ann\u00e9es 60-70 et les mesures sont : L. Base Diam\u00e8tre 35 cm x H. 183 cm l'\u00e9tat de conservation, il est enti\u00e8rement fonctionnel et pr\u00eat \u00e0 \u00eatre livr\u00e9.","og_url":"https:\/\/antiquariatopitanti.it\/fr\/produit\/lampadaire-moderne-antique-avec-abat-jour\/","og_site_name":"Pitanti Chesterfield &amp; Vintage","article_publisher":"https:\/\/www.facebook.com\/mobili.pitanti.vintage\/","article_modified_time":"2022-10-14T10:23:35+00:00","og_image":[{"width":411,"height":640,"url":"https:\/\/antiquariatopitanti.it\/wp-content\/uploads\/2022\/04\/mod11-lampada-piantana-anni-60-a-1.jpg","type":"image\/jpeg"}],"twitter_card":"summary_large_image","schema":{"@context":"https:\/\/schema.org","@graph":[{"@type":"WebPage","@id":"https:\/\/antiquariatopitanti.it\/fr\/produit\/lampadaire-moderne-antique-avec-abat-jour\/","url":"https:\/\/antiquariatopitanti.it\/fr\/produit\/lampadaire-moderne-antique-avec-abat-jour\/","name":"design moderne des ann\u00e9es 1960","isPartOf":{"@id":"https:\/\/antiquariatopitanti.it\/#website"},"primaryImageOfPage":{"@id":"https:\/\/antiquariatopitanti.it\/fr\/produit\/lampadaire-moderne-antique-avec-abat-jour\/#primaryimage"},"image":{"@id":"https:\/\/antiquariatopitanti.it\/fr\/produit\/lampadaire-moderne-antique-avec-abat-jour\/#primaryimage"},"thumbnailUrl":"https:\/\/antiquariatopitanti.it\/wp-content\/uploads\/2022\/04\/mod11-lampada-piantana-anni-60-a-1.jpg","datePublished":"2022-09-11T06:24:28+00:00","dateModified":"2022-10-14T10:23:35+00:00","description":"Lampadaire danois en bois avec abat-jour, la p\u00e9riode remonte aux ann\u00e9es 60-70 et les mesures sont : L. Base Diam\u00e8tre 35 cm x H. 183 cm l'\u00e9tat de conservation, il est enti\u00e8rement fonctionnel et pr\u00eat \u00e0 \u00eatre livr\u00e9.","breadcrumb":{"@id":"https:\/\/antiquariatopitanti.it\/fr\/produit\/lampadaire-moderne-antique-avec-abat-jour\/#breadcrumb"},"inLanguage":"fr-FR","potentialAction":[{"@type":"ReadAction","target":["https:\/\/antiquariatopitanti.it\/fr\/produit\/lampadaire-moderne-antique-avec-abat-jour\/"]}]},{"@type":"ImageObject","inLanguage":"fr-FR","@id":"https:\/\/antiquariatopitanti.it\/fr\/produit\/lampadaire-moderne-antique-avec-abat-jour\/#primaryimage","url":"https:\/\/antiquariatopitanti.it\/wp-content\/uploads\/2022\/04\/mod11-lampada-piantana-anni-60-a-1.jpg","contentUrl":"https:\/\/antiquariatopitanti.it\/wp-content\/uploads\/2022\/04\/mod11-lampada-piantana-anni-60-a-1.jpg","width":411,"height":640,"caption":"Lampada Piantana anni '60 con paralume"},{"@type":"BreadcrumbList","@id":"https:\/\/antiquariatopitanti.it\/fr\/produit\/lampadaire-moderne-antique-avec-abat-jour\/#breadcrumb","itemListElement":[{"@type":"ListItem","position":1,"name":"Home","item":"https:\/\/antiquariatopitanti.it\/fr\/home\/"},{"@type":"ListItem","position":2,"name":"Shop","item":"https:\/\/antiquariatopitanti.it\/negozio\/"},{"@type":"ListItem","position":3,"name":"Lampadaire antique moderne avec abat-jour des ann\u00e9es 60"}]},{"@type":"WebSite","@id":"https:\/\/antiquariatopitanti.it\/#website","url":"https:\/\/antiquariatopitanti.it\/","name":"Pitanti Chesterfield &amp; Vintage","description":"","publisher":{"@id":"https:\/\/antiquariatopitanti.it\/#organization"},"potentialAction":[{"@type":"SearchAction","target":{"@type":"EntryPoint","urlTemplate":"https:\/\/antiquariatopitanti.it\/?s={search_term_string}"},"query-input":{"@type":"PropertyValueSpecification","valueRequired":true,"valueName":"search_term_string"}}],"inLanguage":"fr-FR"},{"@type":"Organization","@id":"https:\/\/antiquariatopitanti.it\/#organization","name":"Antiquariato Pitanti","url":"https:\/\/antiquariatopitanti.it\/","logo":{"@type":"ImageObject","inLanguage":"fr-FR","@id":"https:\/\/antiquariatopitanti.it\/#\/schema\/logo\/image\/","url":"https:\/\/antiquariatopitanti.it\/wp-content\/uploads\/2022\/03\/logo-pitanti-new-2.png","contentUrl":"https:\/\/antiquariatopitanti.it\/wp-content\/uploads\/2022\/03\/logo-pitanti-new-2.png","width":944,"height":798,"caption":"Antiquariato Pitanti"},"image":{"@id":"https:\/\/antiquariatopitanti.it\/#\/schema\/logo\/image\/"},"sameAs":["https:\/\/www.facebook.com\/mobili.pitanti.vintage\/"]}]}},"_links":{"self":[{"href":"https:\/\/antiquariatopitanti.it\/fr\/wp-json\/wp\/v2\/product\/5364","targetHints":{"allow":["GET"]}}],"collection":[{"href":"https:\/\/antiquariatopitanti.it\/fr\/wp-json\/wp\/v2\/product"}],"about":[{"href":"https:\/\/antiquariatopitanti.it\/fr\/wp-json\/wp\/v2\/types\/product"}],"wp:featuredmedia":[{"embeddable":true,"href":"https:\/\/antiquariatopitanti.it\/fr\/wp-json\/wp\/v2\/media\/3455"}],"wp:attachment":[{"href":"https:\/\/antiquariatopitanti.it\/fr\/wp-json\/wp\/v2\/media?parent=5364"}],"wp:term":[{"taxonomy":"product_brand","embeddable":true,"href":"https:\/\/antiquariatopitanti.it\/fr\/wp-json\/wp\/v2\/product_brand?post=5364"},{"taxonomy":"product_cat","embeddable":true,"href":"https:\/\/antiquariatopitanti.it\/fr\/wp-json\/wp\/v2\/product_cat?post=5364"},{"taxonomy":"product_tag","embeddable":true,"href":"https:\/\/antiquariatopitanti.it\/fr\/wp-json\/wp\/v2\/product_tag?post=5364"}],"curies":[{"name":"wp","href":"https:\/\/api.w.org\/{rel}","templated":true}]}}