{"id":5360,"date":"2022-04-20T10:17:19","date_gmt":"2022-09-11T05:52:33","guid":{"rendered":"https:\/\/antiquariatopitanti.it\/prodotto\/lampe-en-porcelaine-florale-victorienne-anglaise\/"},"modified":"2022-10-15T18:20:46","modified_gmt":"2022-10-15T16:20:46","slug":"lampe-porcelaine-florale-victorienne-anglaise","status":"publish","type":"product","link":"https:\/\/antiquariatopitanti.it\/fr\/prodotto\/lampe-porcelaine-florale-victorienne-anglaise\/","title":{"rendered":"Lampe en porcelaine florale victorienne anglaise"},"content":{"rendered":"<p>Lampe en porcelaine florale de l&rsquo;\u00e9poque victorienne anglaise au d\u00e9cor floral raffin\u00e9 et aux tons vifs de bleu, rouge et blanc, travaill\u00e9e et peinte \u00e0 la main. la p\u00e9riode remonte aux environs de 1870 et l&rsquo;\u00e9tat de conservation est impeccable compte tenu de l&rsquo;anciennet\u00e9 de l&rsquo;objet.<\/p>\n<p>Il n&rsquo;y a pas de bris et \/ ou de dommages divers.<\/p>\n","protected":false},"excerpt":{"rendered":"<p>Ref.: Co1<br \/>\n<strong>Lampe en porcelaine florale victorienne anglaise<\/strong><br \/>\nA la d\u00e9coration florale raffin\u00e9e aux tons lumineux de bleu,<br \/>\nrouge et blanc, travaill\u00e9 et peint \u00e0 la main.<br \/>\n<strong>Origine<\/strong> : Anglais<br \/>\n<strong>P\u00e9riode<\/strong> : vers 1870<br \/>\n<strong>Mesures<\/strong> : H.35 cm la lampe totale H.65 cm (y compris l&rsquo;abat-jour)<br \/>\n<strong>\u00c9tat conservatif<\/strong> : Parfait, il n&rsquo;y a pas de casse et\/ou de d\u00e9gradations diverses.<\/p>\n","protected":false},"featured_media":6289,"template":"","meta":[],"product_brand":[],"product_cat":[625,627],"product_tag":[942,799,824,1564,1525,1527,1524,1526],"class_list":{"0":"post-5360","1":"product","2":"type-product","3":"status-publish","4":"has-post-thumbnail","6":"product_cat-eclairage","7":"product_cat-lampe-de-bureau","8":"product_tag-antiquites-anglaises","9":"product_tag-antiquites-victoriennes-anglaises","10":"product_tag-epoque-800","11":"product_tag-floral-fr","12":"product_tag-lampada-porcellana-fr","13":"product_tag-lampe-anglaise","14":"product_tag-lampe-de-table","15":"product_tag-lampe-florale","16":"entry","17":"has-media","19":"first","20":"instock","21":"sale","22":"sold-individually","23":"shipping-taxable","24":"purchasable","25":"product-type-simple"},"yoast_head":"<!-- This site is optimized with the Yoast SEO plugin v27.4 - https:\/\/yoast.com\/product\/yoast-seo-wordpress\/ -->\n<title>Lampe en porcelaine florale victorienne anglaise<\/title>\n<meta name=\"description\" content=\"Lampe en porcelaine florale de l&#039;\u00e9poque victorienne anglaise au d\u00e9cor floral raffin\u00e9 et aux tons vifs de bleu, rouge et blanc, travaill\u00e9e et peinte \u00e0 la main. la p\u00e9riode remonte aux environs de 1870 et les mesures sont H.35 cm la lampe totale H.65 cm (y compris l&#039;abat-jour). l&#039;\u00e9tat de conservation est impeccable compte tenu de l&#039;\u00e2ge antique de l&#039;objet.Il n&#039;y a pas de cassures et\/ou de dommages divers.\" \/>\n<meta name=\"robots\" content=\"index, follow, max-snippet:-1, max-image-preview:large, max-video-preview:-1\" \/>\n<link rel=\"canonical\" href=\"https:\/\/antiquariatopitanti.it\/fr\/produit\/lampe-porcelaine-florale-victorienne-anglaise\/\" \/>\n<meta property=\"og:locale\" content=\"fr_FR\" \/>\n<meta property=\"og:type\" content=\"article\" \/>\n<meta property=\"og:title\" content=\"Lampe en porcelaine florale victorienne anglaise\" \/>\n<meta property=\"og:description\" content=\"Lampe en porcelaine florale de l&#039;\u00e9poque victorienne anglaise au d\u00e9cor floral raffin\u00e9 et aux tons vifs de bleu, rouge et blanc, travaill\u00e9e et peinte \u00e0 la main. la p\u00e9riode remonte aux environs de 1870 et les mesures sont H.35 cm la lampe totale H.65 cm (y compris l&#039;abat-jour). l&#039;\u00e9tat de conservation est impeccable compte tenu de l&#039;\u00e2ge antique de l&#039;objet.Il n&#039;y a pas de cassures et\/ou de dommages divers.\" \/>\n<meta property=\"og:url\" content=\"https:\/\/antiquariatopitanti.it\/fr\/produit\/lampe-porcelaine-florale-victorienne-anglaise\/\" \/>\n<meta property=\"og:site_name\" content=\"Pitanti Chesterfield &amp; Vintage\" \/>\n<meta property=\"article:publisher\" content=\"https:\/\/www.facebook.com\/mobili.pitanti.vintage\/\" \/>\n<meta property=\"article:modified_time\" content=\"2022-10-15T16:20:46+00:00\" \/>\n<meta property=\"og:image\" content=\"https:\/\/antiquariatopitanti.it\/wp-content\/uploads\/2022\/04\/co1-Lampada-in-porcellana-floreale-vittoriana-inglese-b.jpeg\" \/>\n\t<meta property=\"og:image:width\" content=\"1008\" \/>\n\t<meta property=\"og:image:height\" content=\"1344\" \/>\n\t<meta property=\"og:image:type\" content=\"image\/jpeg\" \/>\n<meta name=\"twitter:card\" content=\"summary_large_image\" \/>\n<script type=\"application\/ld+json\" class=\"yoast-schema-graph\">{\"@context\":\"https:\\\/\\\/schema.org\",\"@graph\":[{\"@type\":\"WebPage\",\"@id\":\"https:\\\/\\\/antiquariatopitanti.it\\\/fr\\\/produit\\\/lampe-porcelaine-florale-victorienne-anglaise\\\/\",\"url\":\"https:\\\/\\\/antiquariatopitanti.it\\\/fr\\\/produit\\\/lampe-porcelaine-florale-victorienne-anglaise\\\/\",\"name\":\"Lampe en porcelaine florale victorienne anglaise\",\"isPartOf\":{\"@id\":\"https:\\\/\\\/antiquariatopitanti.it\\\/#website\"},\"primaryImageOfPage\":{\"@id\":\"https:\\\/\\\/antiquariatopitanti.it\\\/fr\\\/produit\\\/lampe-porcelaine-florale-victorienne-anglaise\\\/#primaryimage\"},\"image\":{\"@id\":\"https:\\\/\\\/antiquariatopitanti.it\\\/fr\\\/produit\\\/lampe-porcelaine-florale-victorienne-anglaise\\\/#primaryimage\"},\"thumbnailUrl\":\"https:\\\/\\\/antiquariatopitanti.it\\\/wp-content\\\/uploads\\\/2022\\\/04\\\/co1-Lampada-in-porcellana-floreale-vittoriana-inglese-b.jpeg\",\"datePublished\":\"2022-09-11T05:52:33+00:00\",\"dateModified\":\"2022-10-15T16:20:46+00:00\",\"description\":\"Lampe en porcelaine florale de l'\u00e9poque victorienne anglaise au d\u00e9cor floral raffin\u00e9 et aux tons vifs de bleu, rouge et blanc, travaill\u00e9e et peinte \u00e0 la main. la p\u00e9riode remonte aux environs de 1870 et les mesures sont H.35 cm la lampe totale H.65 cm (y compris l'abat-jour). l'\u00e9tat de conservation est impeccable compte tenu de l'\u00e2ge antique de l'objet.Il n'y a pas de cassures et\\\/ou de dommages divers.\",\"breadcrumb\":{\"@id\":\"https:\\\/\\\/antiquariatopitanti.it\\\/fr\\\/produit\\\/lampe-porcelaine-florale-victorienne-anglaise\\\/#breadcrumb\"},\"inLanguage\":\"fr-FR\",\"potentialAction\":[{\"@type\":\"ReadAction\",\"target\":[\"https:\\\/\\\/antiquariatopitanti.it\\\/fr\\\/produit\\\/lampe-porcelaine-florale-victorienne-anglaise\\\/\"]}]},{\"@type\":\"ImageObject\",\"inLanguage\":\"fr-FR\",\"@id\":\"https:\\\/\\\/antiquariatopitanti.it\\\/fr\\\/produit\\\/lampe-porcelaine-florale-victorienne-anglaise\\\/#primaryimage\",\"url\":\"https:\\\/\\\/antiquariatopitanti.it\\\/wp-content\\\/uploads\\\/2022\\\/04\\\/co1-Lampada-in-porcellana-floreale-vittoriana-inglese-b.jpeg\",\"contentUrl\":\"https:\\\/\\\/antiquariatopitanti.it\\\/wp-content\\\/uploads\\\/2022\\\/04\\\/co1-Lampada-in-porcellana-floreale-vittoriana-inglese-b.jpeg\",\"width\":1008,\"height\":1344},{\"@type\":\"BreadcrumbList\",\"@id\":\"https:\\\/\\\/antiquariatopitanti.it\\\/fr\\\/produit\\\/lampe-porcelaine-florale-victorienne-anglaise\\\/#breadcrumb\",\"itemListElement\":[{\"@type\":\"ListItem\",\"position\":1,\"name\":\"Home\",\"item\":\"https:\\\/\\\/antiquariatopitanti.it\\\/fr\\\/home\\\/\"},{\"@type\":\"ListItem\",\"position\":2,\"name\":\"Shop\",\"item\":\"https:\\\/\\\/antiquariatopitanti.it\\\/negozio\\\/\"},{\"@type\":\"ListItem\",\"position\":3,\"name\":\"Lampe en porcelaine florale victorienne anglaise\"}]},{\"@type\":\"WebSite\",\"@id\":\"https:\\\/\\\/antiquariatopitanti.it\\\/#website\",\"url\":\"https:\\\/\\\/antiquariatopitanti.it\\\/\",\"name\":\"Pitanti Chesterfield &amp; Vintage\",\"description\":\"\",\"publisher\":{\"@id\":\"https:\\\/\\\/antiquariatopitanti.it\\\/#organization\"},\"potentialAction\":[{\"@type\":\"SearchAction\",\"target\":{\"@type\":\"EntryPoint\",\"urlTemplate\":\"https:\\\/\\\/antiquariatopitanti.it\\\/?s={search_term_string}\"},\"query-input\":{\"@type\":\"PropertyValueSpecification\",\"valueRequired\":true,\"valueName\":\"search_term_string\"}}],\"inLanguage\":\"fr-FR\"},{\"@type\":\"Organization\",\"@id\":\"https:\\\/\\\/antiquariatopitanti.it\\\/#organization\",\"name\":\"Antiquariato Pitanti\",\"url\":\"https:\\\/\\\/antiquariatopitanti.it\\\/\",\"logo\":{\"@type\":\"ImageObject\",\"inLanguage\":\"fr-FR\",\"@id\":\"https:\\\/\\\/antiquariatopitanti.it\\\/#\\\/schema\\\/logo\\\/image\\\/\",\"url\":\"https:\\\/\\\/antiquariatopitanti.it\\\/wp-content\\\/uploads\\\/2022\\\/03\\\/logo-pitanti-new-2.png\",\"contentUrl\":\"https:\\\/\\\/antiquariatopitanti.it\\\/wp-content\\\/uploads\\\/2022\\\/03\\\/logo-pitanti-new-2.png\",\"width\":944,\"height\":798,\"caption\":\"Antiquariato Pitanti\"},\"image\":{\"@id\":\"https:\\\/\\\/antiquariatopitanti.it\\\/#\\\/schema\\\/logo\\\/image\\\/\"},\"sameAs\":[\"https:\\\/\\\/www.facebook.com\\\/mobili.pitanti.vintage\\\/\"]}]}<\/script>\n<!-- \/ Yoast SEO plugin. -->","yoast_head_json":{"title":"Lampe en porcelaine florale victorienne anglaise","description":"Lampe en porcelaine florale de l'\u00e9poque victorienne anglaise au d\u00e9cor floral raffin\u00e9 et aux tons vifs de bleu, rouge et blanc, travaill\u00e9e et peinte \u00e0 la main. la p\u00e9riode remonte aux environs de 1870 et les mesures sont H.35 cm la lampe totale H.65 cm (y compris l'abat-jour). l'\u00e9tat de conservation est impeccable compte tenu de l'\u00e2ge antique de l'objet.Il n'y a pas de cassures et\/ou de dommages divers.","robots":{"index":"index","follow":"follow","max-snippet":"max-snippet:-1","max-image-preview":"max-image-preview:large","max-video-preview":"max-video-preview:-1"},"canonical":"https:\/\/antiquariatopitanti.it\/fr\/produit\/lampe-porcelaine-florale-victorienne-anglaise\/","og_locale":"fr_FR","og_type":"article","og_title":"Lampe en porcelaine florale victorienne anglaise","og_description":"Lampe en porcelaine florale de l'\u00e9poque victorienne anglaise au d\u00e9cor floral raffin\u00e9 et aux tons vifs de bleu, rouge et blanc, travaill\u00e9e et peinte \u00e0 la main. la p\u00e9riode remonte aux environs de 1870 et les mesures sont H.35 cm la lampe totale H.65 cm (y compris l'abat-jour). l'\u00e9tat de conservation est impeccable compte tenu de l'\u00e2ge antique de l'objet.Il n'y a pas de cassures et\/ou de dommages divers.","og_url":"https:\/\/antiquariatopitanti.it\/fr\/produit\/lampe-porcelaine-florale-victorienne-anglaise\/","og_site_name":"Pitanti Chesterfield &amp; Vintage","article_publisher":"https:\/\/www.facebook.com\/mobili.pitanti.vintage\/","article_modified_time":"2022-10-15T16:20:46+00:00","og_image":[{"width":1008,"height":1344,"url":"https:\/\/antiquariatopitanti.it\/wp-content\/uploads\/2022\/04\/co1-Lampada-in-porcellana-floreale-vittoriana-inglese-b.jpeg","type":"image\/jpeg"}],"twitter_card":"summary_large_image","schema":{"@context":"https:\/\/schema.org","@graph":[{"@type":"WebPage","@id":"https:\/\/antiquariatopitanti.it\/fr\/produit\/lampe-porcelaine-florale-victorienne-anglaise\/","url":"https:\/\/antiquariatopitanti.it\/fr\/produit\/lampe-porcelaine-florale-victorienne-anglaise\/","name":"Lampe en porcelaine florale victorienne anglaise","isPartOf":{"@id":"https:\/\/antiquariatopitanti.it\/#website"},"primaryImageOfPage":{"@id":"https:\/\/antiquariatopitanti.it\/fr\/produit\/lampe-porcelaine-florale-victorienne-anglaise\/#primaryimage"},"image":{"@id":"https:\/\/antiquariatopitanti.it\/fr\/produit\/lampe-porcelaine-florale-victorienne-anglaise\/#primaryimage"},"thumbnailUrl":"https:\/\/antiquariatopitanti.it\/wp-content\/uploads\/2022\/04\/co1-Lampada-in-porcellana-floreale-vittoriana-inglese-b.jpeg","datePublished":"2022-09-11T05:52:33+00:00","dateModified":"2022-10-15T16:20:46+00:00","description":"Lampe en porcelaine florale de l'\u00e9poque victorienne anglaise au d\u00e9cor floral raffin\u00e9 et aux tons vifs de bleu, rouge et blanc, travaill\u00e9e et peinte \u00e0 la main. la p\u00e9riode remonte aux environs de 1870 et les mesures sont H.35 cm la lampe totale H.65 cm (y compris l'abat-jour). l'\u00e9tat de conservation est impeccable compte tenu de l'\u00e2ge antique de l'objet.Il n'y a pas de cassures et\/ou de dommages divers.","breadcrumb":{"@id":"https:\/\/antiquariatopitanti.it\/fr\/produit\/lampe-porcelaine-florale-victorienne-anglaise\/#breadcrumb"},"inLanguage":"fr-FR","potentialAction":[{"@type":"ReadAction","target":["https:\/\/antiquariatopitanti.it\/fr\/produit\/lampe-porcelaine-florale-victorienne-anglaise\/"]}]},{"@type":"ImageObject","inLanguage":"fr-FR","@id":"https:\/\/antiquariatopitanti.it\/fr\/produit\/lampe-porcelaine-florale-victorienne-anglaise\/#primaryimage","url":"https:\/\/antiquariatopitanti.it\/wp-content\/uploads\/2022\/04\/co1-Lampada-in-porcellana-floreale-vittoriana-inglese-b.jpeg","contentUrl":"https:\/\/antiquariatopitanti.it\/wp-content\/uploads\/2022\/04\/co1-Lampada-in-porcellana-floreale-vittoriana-inglese-b.jpeg","width":1008,"height":1344},{"@type":"BreadcrumbList","@id":"https:\/\/antiquariatopitanti.it\/fr\/produit\/lampe-porcelaine-florale-victorienne-anglaise\/#breadcrumb","itemListElement":[{"@type":"ListItem","position":1,"name":"Home","item":"https:\/\/antiquariatopitanti.it\/fr\/home\/"},{"@type":"ListItem","position":2,"name":"Shop","item":"https:\/\/antiquariatopitanti.it\/negozio\/"},{"@type":"ListItem","position":3,"name":"Lampe en porcelaine florale victorienne anglaise"}]},{"@type":"WebSite","@id":"https:\/\/antiquariatopitanti.it\/#website","url":"https:\/\/antiquariatopitanti.it\/","name":"Pitanti Chesterfield &amp; Vintage","description":"","publisher":{"@id":"https:\/\/antiquariatopitanti.it\/#organization"},"potentialAction":[{"@type":"SearchAction","target":{"@type":"EntryPoint","urlTemplate":"https:\/\/antiquariatopitanti.it\/?s={search_term_string}"},"query-input":{"@type":"PropertyValueSpecification","valueRequired":true,"valueName":"search_term_string"}}],"inLanguage":"fr-FR"},{"@type":"Organization","@id":"https:\/\/antiquariatopitanti.it\/#organization","name":"Antiquariato Pitanti","url":"https:\/\/antiquariatopitanti.it\/","logo":{"@type":"ImageObject","inLanguage":"fr-FR","@id":"https:\/\/antiquariatopitanti.it\/#\/schema\/logo\/image\/","url":"https:\/\/antiquariatopitanti.it\/wp-content\/uploads\/2022\/03\/logo-pitanti-new-2.png","contentUrl":"https:\/\/antiquariatopitanti.it\/wp-content\/uploads\/2022\/03\/logo-pitanti-new-2.png","width":944,"height":798,"caption":"Antiquariato Pitanti"},"image":{"@id":"https:\/\/antiquariatopitanti.it\/#\/schema\/logo\/image\/"},"sameAs":["https:\/\/www.facebook.com\/mobili.pitanti.vintage\/"]}]}},"_links":{"self":[{"href":"https:\/\/antiquariatopitanti.it\/fr\/wp-json\/wp\/v2\/product\/5360","targetHints":{"allow":["GET"]}}],"collection":[{"href":"https:\/\/antiquariatopitanti.it\/fr\/wp-json\/wp\/v2\/product"}],"about":[{"href":"https:\/\/antiquariatopitanti.it\/fr\/wp-json\/wp\/v2\/types\/product"}],"wp:featuredmedia":[{"embeddable":true,"href":"https:\/\/antiquariatopitanti.it\/fr\/wp-json\/wp\/v2\/media\/6289"}],"wp:attachment":[{"href":"https:\/\/antiquariatopitanti.it\/fr\/wp-json\/wp\/v2\/media?parent=5360"}],"wp:term":[{"taxonomy":"product_brand","embeddable":true,"href":"https:\/\/antiquariatopitanti.it\/fr\/wp-json\/wp\/v2\/product_brand?post=5360"},{"taxonomy":"product_cat","embeddable":true,"href":"https:\/\/antiquariatopitanti.it\/fr\/wp-json\/wp\/v2\/product_cat?post=5360"},{"taxonomy":"product_tag","embeddable":true,"href":"https:\/\/antiquariatopitanti.it\/fr\/wp-json\/wp\/v2\/product_tag?post=5360"}],"curies":[{"name":"wp","href":"https:\/\/api.w.org\/{rel}","templated":true}]}}