{"id":5352,"date":"2022-04-20T10:39:59","date_gmt":"2022-09-11T05:10:07","guid":{"rendered":"https:\/\/antiquariatopitanti.it\/prodotto\/fauteuil-de-bureau-chesterfield-pivotant\/"},"modified":"2022-09-11T07:10:07","modified_gmt":"2022-09-11T05:10:07","slug":"fauteuil-de-bureau-pivotant-chesterfield","status":"publish","type":"product","link":"https:\/\/antiquariatopitanti.it\/fr\/prodotto\/fauteuil-de-bureau-pivotant-chesterfield\/","title":{"rendered":"Fauteuil de bureau Chesterfield pivotant"},"content":{"rendered":"<h4>Le fauteuil chesterfield classique id\u00e9al pour le bureau, pivotant, en v\u00e9ritable cuir vert anglais est en tr\u00e8s bon \u00e9tat.<\/h4>\n","protected":false},"excerpt":{"rendered":"<p>Ref.: Gb902<br \/>\n<strong>Fauteuil de bureau Chesterfield pivotant<\/strong><br \/>\n<strong>Origine<\/strong> : Anglais<br \/>\n<strong>P\u00e9riode<\/strong> : ann\u00e9es 1970<br \/>\n<strong>Mat\u00e9riau<\/strong> : Cuir vert anglais<br \/>\n<strong>Mesures<\/strong>: L. 58 cm x P. 64 cm x H. 94 cm Diam\u00e8tre de base 76 cm<br \/>\n<strong>\u00c9tat conservatif<\/strong> : Excellent<\/p>\n","protected":false},"featured_media":2673,"template":"","meta":[],"product_brand":[],"product_cat":[619,621],"product_tag":[969,959,1053,1293,1510,987],"class_list":{"0":"post-5352","1":"product","2":"type-product","3":"status-publish","4":"has-post-thumbnail","6":"product_cat-chesterfield-fr","7":"product_cat-fauteuils-fr","8":"product_tag-antiquites-anglais","9":"product_tag-chaise-pivotante-anglaise","10":"product_tag-chesterfield-fr","11":"product_tag-fauteuils-capitonnes","12":"product_tag-meuble-antique-anglais-900","13":"product_tag-mobilier-de-bureau-fr","14":"entry","15":"has-media","17":"first","18":"outofstock","19":"sold-individually","20":"shipping-taxable","21":"product-type-simple"},"yoast_head":"<!-- This site is optimized with the Yoast SEO plugin v27.4 - https:\/\/yoast.com\/product\/yoast-seo-wordpress\/ -->\n<title>Fauteuil de bureau Chesterfield pivotant - Pitanti Citta&#039; di Castello Perugia<\/title>\n<meta name=\"description\" content=\"Fauteuil de Bureau Chesterfield pivotant des ann\u00e9es 70 de couleur Vert Anglais et qui mesure, L. 58 cm x P. 64 cm x H. 94 cm Diam\u00e8tre de la base 76 cm, l&#039;\u00e9tat de conservation est bon Lived Vintage, il n&#039;y a aucun dommage.\" \/>\n<meta name=\"robots\" content=\"index, follow, max-snippet:-1, max-image-preview:large, max-video-preview:-1\" \/>\n<link rel=\"canonical\" href=\"https:\/\/antiquariatopitanti.it\/fr\/produit\/fauteuil-de-bureau-chesterfield-pivotant\/\" \/>\n<meta property=\"og:locale\" content=\"fr_FR\" \/>\n<meta property=\"og:type\" content=\"article\" \/>\n<meta property=\"og:title\" content=\"Fauteuil de bureau Chesterfield pivotant - Pitanti Citta&#039; di Castello Perugia\" \/>\n<meta property=\"og:description\" content=\"Fauteuil de Bureau Chesterfield pivotant des ann\u00e9es 70 de couleur Vert Anglais et qui mesure, L. 58 cm x P. 64 cm x H. 94 cm Diam\u00e8tre de la base 76 cm, l&#039;\u00e9tat de conservation est bon Lived Vintage, il n&#039;y a aucun dommage.\" \/>\n<meta property=\"og:url\" content=\"https:\/\/antiquariatopitanti.it\/fr\/produit\/fauteuil-de-bureau-chesterfield-pivotant\/\" \/>\n<meta property=\"og:site_name\" content=\"Pitanti Chesterfield &amp; Vintage\" \/>\n<meta property=\"article:publisher\" content=\"https:\/\/www.facebook.com\/mobili.pitanti.vintage\/\" \/>\n<meta property=\"og:image\" content=\"https:\/\/antiquariatopitanti.it\/wp-content\/uploads\/2022\/04\/gb902-poltrona-chesterfield-girevole-verde-3.jpg\" \/>\n\t<meta property=\"og:image:width\" content=\"480\" \/>\n\t<meta property=\"og:image:height\" content=\"640\" \/>\n\t<meta property=\"og:image:type\" content=\"image\/jpeg\" \/>\n<meta name=\"twitter:card\" content=\"summary_large_image\" \/>\n<script type=\"application\/ld+json\" class=\"yoast-schema-graph\">{\"@context\":\"https:\\\/\\\/schema.org\",\"@graph\":[{\"@type\":\"WebPage\",\"@id\":\"https:\\\/\\\/antiquariatopitanti.it\\\/fr\\\/produit\\\/fauteuil-de-bureau-chesterfield-pivotant\\\/\",\"url\":\"https:\\\/\\\/antiquariatopitanti.it\\\/fr\\\/produit\\\/fauteuil-de-bureau-chesterfield-pivotant\\\/\",\"name\":\"Fauteuil de bureau Chesterfield pivotant - Pitanti Citta' di Castello Perugia\",\"isPartOf\":{\"@id\":\"https:\\\/\\\/antiquariatopitanti.it\\\/#website\"},\"primaryImageOfPage\":{\"@id\":\"https:\\\/\\\/antiquariatopitanti.it\\\/fr\\\/produit\\\/fauteuil-de-bureau-chesterfield-pivotant\\\/#primaryimage\"},\"image\":{\"@id\":\"https:\\\/\\\/antiquariatopitanti.it\\\/fr\\\/produit\\\/fauteuil-de-bureau-chesterfield-pivotant\\\/#primaryimage\"},\"thumbnailUrl\":\"https:\\\/\\\/antiquariatopitanti.it\\\/wp-content\\\/uploads\\\/2022\\\/04\\\/gb902-poltrona-chesterfield-girevole-verde-3.jpg\",\"datePublished\":\"2022-09-11T05:10:07+00:00\",\"description\":\"Fauteuil de Bureau Chesterfield pivotant des ann\u00e9es 70 de couleur Vert Anglais et qui mesure, L. 58 cm x P. 64 cm x H. 94 cm Diam\u00e8tre de la base 76 cm, l'\u00e9tat de conservation est bon Lived Vintage, il n'y a aucun dommage.\",\"breadcrumb\":{\"@id\":\"https:\\\/\\\/antiquariatopitanti.it\\\/fr\\\/produit\\\/fauteuil-de-bureau-chesterfield-pivotant\\\/#breadcrumb\"},\"inLanguage\":\"fr-FR\",\"potentialAction\":[{\"@type\":\"ReadAction\",\"target\":[\"https:\\\/\\\/antiquariatopitanti.it\\\/fr\\\/produit\\\/fauteuil-de-bureau-chesterfield-pivotant\\\/\"]}]},{\"@type\":\"ImageObject\",\"inLanguage\":\"fr-FR\",\"@id\":\"https:\\\/\\\/antiquariatopitanti.it\\\/fr\\\/produit\\\/fauteuil-de-bureau-chesterfield-pivotant\\\/#primaryimage\",\"url\":\"https:\\\/\\\/antiquariatopitanti.it\\\/wp-content\\\/uploads\\\/2022\\\/04\\\/gb902-poltrona-chesterfield-girevole-verde-3.jpg\",\"contentUrl\":\"https:\\\/\\\/antiquariatopitanti.it\\\/wp-content\\\/uploads\\\/2022\\\/04\\\/gb902-poltrona-chesterfield-girevole-verde-3.jpg\",\"width\":480,\"height\":640},{\"@type\":\"BreadcrumbList\",\"@id\":\"https:\\\/\\\/antiquariatopitanti.it\\\/fr\\\/produit\\\/fauteuil-de-bureau-chesterfield-pivotant\\\/#breadcrumb\",\"itemListElement\":[{\"@type\":\"ListItem\",\"position\":1,\"name\":\"Home\",\"item\":\"https:\\\/\\\/antiquariatopitanti.it\\\/fr\\\/home\\\/\"},{\"@type\":\"ListItem\",\"position\":2,\"name\":\"Shop\",\"item\":\"https:\\\/\\\/antiquariatopitanti.it\\\/negozio\\\/\"},{\"@type\":\"ListItem\",\"position\":3,\"name\":\"Fauteuil de bureau Chesterfield pivotant\"}]},{\"@type\":\"WebSite\",\"@id\":\"https:\\\/\\\/antiquariatopitanti.it\\\/#website\",\"url\":\"https:\\\/\\\/antiquariatopitanti.it\\\/\",\"name\":\"Pitanti Chesterfield &amp; Vintage\",\"description\":\"\",\"publisher\":{\"@id\":\"https:\\\/\\\/antiquariatopitanti.it\\\/#organization\"},\"potentialAction\":[{\"@type\":\"SearchAction\",\"target\":{\"@type\":\"EntryPoint\",\"urlTemplate\":\"https:\\\/\\\/antiquariatopitanti.it\\\/?s={search_term_string}\"},\"query-input\":{\"@type\":\"PropertyValueSpecification\",\"valueRequired\":true,\"valueName\":\"search_term_string\"}}],\"inLanguage\":\"fr-FR\"},{\"@type\":\"Organization\",\"@id\":\"https:\\\/\\\/antiquariatopitanti.it\\\/#organization\",\"name\":\"Antiquariato Pitanti\",\"url\":\"https:\\\/\\\/antiquariatopitanti.it\\\/\",\"logo\":{\"@type\":\"ImageObject\",\"inLanguage\":\"fr-FR\",\"@id\":\"https:\\\/\\\/antiquariatopitanti.it\\\/#\\\/schema\\\/logo\\\/image\\\/\",\"url\":\"https:\\\/\\\/antiquariatopitanti.it\\\/wp-content\\\/uploads\\\/2022\\\/03\\\/logo-pitanti-new-2.png\",\"contentUrl\":\"https:\\\/\\\/antiquariatopitanti.it\\\/wp-content\\\/uploads\\\/2022\\\/03\\\/logo-pitanti-new-2.png\",\"width\":944,\"height\":798,\"caption\":\"Antiquariato Pitanti\"},\"image\":{\"@id\":\"https:\\\/\\\/antiquariatopitanti.it\\\/#\\\/schema\\\/logo\\\/image\\\/\"},\"sameAs\":[\"https:\\\/\\\/www.facebook.com\\\/mobili.pitanti.vintage\\\/\"]}]}<\/script>\n<!-- \/ Yoast SEO plugin. -->","yoast_head_json":{"title":"Fauteuil de bureau Chesterfield pivotant - Pitanti Citta' di Castello Perugia","description":"Fauteuil de Bureau Chesterfield pivotant des ann\u00e9es 70 de couleur Vert Anglais et qui mesure, L. 58 cm x P. 64 cm x H. 94 cm Diam\u00e8tre de la base 76 cm, l'\u00e9tat de conservation est bon Lived Vintage, il n'y a aucun dommage.","robots":{"index":"index","follow":"follow","max-snippet":"max-snippet:-1","max-image-preview":"max-image-preview:large","max-video-preview":"max-video-preview:-1"},"canonical":"https:\/\/antiquariatopitanti.it\/fr\/produit\/fauteuil-de-bureau-chesterfield-pivotant\/","og_locale":"fr_FR","og_type":"article","og_title":"Fauteuil de bureau Chesterfield pivotant - Pitanti Citta' di Castello Perugia","og_description":"Fauteuil de Bureau Chesterfield pivotant des ann\u00e9es 70 de couleur Vert Anglais et qui mesure, L. 58 cm x P. 64 cm x H. 94 cm Diam\u00e8tre de la base 76 cm, l'\u00e9tat de conservation est bon Lived Vintage, il n'y a aucun dommage.","og_url":"https:\/\/antiquariatopitanti.it\/fr\/produit\/fauteuil-de-bureau-chesterfield-pivotant\/","og_site_name":"Pitanti Chesterfield &amp; Vintage","article_publisher":"https:\/\/www.facebook.com\/mobili.pitanti.vintage\/","og_image":[{"width":480,"height":640,"url":"https:\/\/antiquariatopitanti.it\/wp-content\/uploads\/2022\/04\/gb902-poltrona-chesterfield-girevole-verde-3.jpg","type":"image\/jpeg"}],"twitter_card":"summary_large_image","schema":{"@context":"https:\/\/schema.org","@graph":[{"@type":"WebPage","@id":"https:\/\/antiquariatopitanti.it\/fr\/produit\/fauteuil-de-bureau-chesterfield-pivotant\/","url":"https:\/\/antiquariatopitanti.it\/fr\/produit\/fauteuil-de-bureau-chesterfield-pivotant\/","name":"Fauteuil de bureau Chesterfield pivotant - Pitanti Citta' di Castello Perugia","isPartOf":{"@id":"https:\/\/antiquariatopitanti.it\/#website"},"primaryImageOfPage":{"@id":"https:\/\/antiquariatopitanti.it\/fr\/produit\/fauteuil-de-bureau-chesterfield-pivotant\/#primaryimage"},"image":{"@id":"https:\/\/antiquariatopitanti.it\/fr\/produit\/fauteuil-de-bureau-chesterfield-pivotant\/#primaryimage"},"thumbnailUrl":"https:\/\/antiquariatopitanti.it\/wp-content\/uploads\/2022\/04\/gb902-poltrona-chesterfield-girevole-verde-3.jpg","datePublished":"2022-09-11T05:10:07+00:00","description":"Fauteuil de Bureau Chesterfield pivotant des ann\u00e9es 70 de couleur Vert Anglais et qui mesure, L. 58 cm x P. 64 cm x H. 94 cm Diam\u00e8tre de la base 76 cm, l'\u00e9tat de conservation est bon Lived Vintage, il n'y a aucun dommage.","breadcrumb":{"@id":"https:\/\/antiquariatopitanti.it\/fr\/produit\/fauteuil-de-bureau-chesterfield-pivotant\/#breadcrumb"},"inLanguage":"fr-FR","potentialAction":[{"@type":"ReadAction","target":["https:\/\/antiquariatopitanti.it\/fr\/produit\/fauteuil-de-bureau-chesterfield-pivotant\/"]}]},{"@type":"ImageObject","inLanguage":"fr-FR","@id":"https:\/\/antiquariatopitanti.it\/fr\/produit\/fauteuil-de-bureau-chesterfield-pivotant\/#primaryimage","url":"https:\/\/antiquariatopitanti.it\/wp-content\/uploads\/2022\/04\/gb902-poltrona-chesterfield-girevole-verde-3.jpg","contentUrl":"https:\/\/antiquariatopitanti.it\/wp-content\/uploads\/2022\/04\/gb902-poltrona-chesterfield-girevole-verde-3.jpg","width":480,"height":640},{"@type":"BreadcrumbList","@id":"https:\/\/antiquariatopitanti.it\/fr\/produit\/fauteuil-de-bureau-chesterfield-pivotant\/#breadcrumb","itemListElement":[{"@type":"ListItem","position":1,"name":"Home","item":"https:\/\/antiquariatopitanti.it\/fr\/home\/"},{"@type":"ListItem","position":2,"name":"Shop","item":"https:\/\/antiquariatopitanti.it\/negozio\/"},{"@type":"ListItem","position":3,"name":"Fauteuil de bureau Chesterfield pivotant"}]},{"@type":"WebSite","@id":"https:\/\/antiquariatopitanti.it\/#website","url":"https:\/\/antiquariatopitanti.it\/","name":"Pitanti Chesterfield &amp; Vintage","description":"","publisher":{"@id":"https:\/\/antiquariatopitanti.it\/#organization"},"potentialAction":[{"@type":"SearchAction","target":{"@type":"EntryPoint","urlTemplate":"https:\/\/antiquariatopitanti.it\/?s={search_term_string}"},"query-input":{"@type":"PropertyValueSpecification","valueRequired":true,"valueName":"search_term_string"}}],"inLanguage":"fr-FR"},{"@type":"Organization","@id":"https:\/\/antiquariatopitanti.it\/#organization","name":"Antiquariato Pitanti","url":"https:\/\/antiquariatopitanti.it\/","logo":{"@type":"ImageObject","inLanguage":"fr-FR","@id":"https:\/\/antiquariatopitanti.it\/#\/schema\/logo\/image\/","url":"https:\/\/antiquariatopitanti.it\/wp-content\/uploads\/2022\/03\/logo-pitanti-new-2.png","contentUrl":"https:\/\/antiquariatopitanti.it\/wp-content\/uploads\/2022\/03\/logo-pitanti-new-2.png","width":944,"height":798,"caption":"Antiquariato Pitanti"},"image":{"@id":"https:\/\/antiquariatopitanti.it\/#\/schema\/logo\/image\/"},"sameAs":["https:\/\/www.facebook.com\/mobili.pitanti.vintage\/"]}]}},"_links":{"self":[{"href":"https:\/\/antiquariatopitanti.it\/fr\/wp-json\/wp\/v2\/product\/5352","targetHints":{"allow":["GET"]}}],"collection":[{"href":"https:\/\/antiquariatopitanti.it\/fr\/wp-json\/wp\/v2\/product"}],"about":[{"href":"https:\/\/antiquariatopitanti.it\/fr\/wp-json\/wp\/v2\/types\/product"}],"wp:featuredmedia":[{"embeddable":true,"href":"https:\/\/antiquariatopitanti.it\/fr\/wp-json\/wp\/v2\/media\/2673"}],"wp:attachment":[{"href":"https:\/\/antiquariatopitanti.it\/fr\/wp-json\/wp\/v2\/media?parent=5352"}],"wp:term":[{"taxonomy":"product_brand","embeddable":true,"href":"https:\/\/antiquariatopitanti.it\/fr\/wp-json\/wp\/v2\/product_brand?post=5352"},{"taxonomy":"product_cat","embeddable":true,"href":"https:\/\/antiquariatopitanti.it\/fr\/wp-json\/wp\/v2\/product_cat?post=5352"},{"taxonomy":"product_tag","embeddable":true,"href":"https:\/\/antiquariatopitanti.it\/fr\/wp-json\/wp\/v2\/product_tag?post=5352"}],"curies":[{"name":"wp","href":"https:\/\/api.w.org\/{rel}","templated":true}]}}