{"id":5349,"date":"2022-04-20T10:51:18","date_gmt":"2022-09-11T04:54:10","guid":{"rendered":"https:\/\/antiquariatopitanti.it\/prodotto\/commode-francaise-louis-xvi-marquete-de-marbre\/"},"modified":"2022-10-17T18:11:36","modified_gmt":"2022-10-17T16:11:36","slug":"como-marqueterie-francaise-louis-xvi-de-marbre","status":"publish","type":"product","link":"https:\/\/antiquariatopitanti.it\/fr\/prodotto\/como-marqueterie-francaise-louis-xvi-de-marbre\/","title":{"rendered":"Como &lsquo;Fran\u00e7ais Louis XVI incrust\u00e9 de marbre"},"content":{"rendered":"<p>Ancienne commode fran\u00e7aise Louis XVI \u00e0 trois tiroirs avec structure en placage de bois exotiques et incrust\u00e9 d&rsquo;essences de bois pr\u00e9cieux surmont\u00e9e d&rsquo;un plateau en marbre gris fran\u00e7ais, milieu du XIXe si\u00e8cle.<\/p>\n<p>Restaur\u00e9 par nos ma\u00eetres artisans avec la m\u00e9thode traditionnelle de la gomme laque et de l&rsquo;alcool artisanal.<\/p>\n<h4><\/h4>\n","protected":false},"excerpt":{"rendered":"<h5>Ref.. A5898<br \/>\n<strong>C\u00f4me &lsquo;fran\u00e7ais incrust\u00e9 de marbre d&rsquo;origine<\/strong><br \/>\n<strong>Origine<\/strong> : France<br \/>\n<strong>P\u00e9riode<\/strong> : 19\u00e8me si\u00e8cle<br \/>\n<strong>Mat\u00e9riau:<\/strong> Bois mixtes, \u00e9b\u00e8ne, noyer, \u00e9rable, bois de rose<br \/>\n<strong>Mesures<\/strong>: L.120 cm x P. 53 cm x H. 87 cm<br \/>\n<strong>\u00c9tat conservatif<\/strong> : RESTAURE &#8211; PR\u00caT POUR LA LIVRAISON<\/h5>\n<h4><\/h4>\n","protected":false},"featured_media":9102,"template":"","meta":[],"product_brand":[],"product_cat":[585,593],"product_tag":[912,1737,2404,1069,824,1666,1153,1504,1110],"class_list":{"0":"post-5349","1":"product","2":"type-product","3":"status-publish","4":"has-post-thumbnail","6":"product_cat-antiquites","7":"product_cat-commodes","8":"product_tag-antiquites-francaises","9":"product_tag-bois-de-rose-fr","10":"product_tag-comme-le-louis-xvi-francais","11":"product_tag-como-francais","12":"product_tag-epoque-800","13":"product_tag-francais","14":"product_tag-incrustations","15":"product_tag-marbre","16":"product_tag-meubles-anciens-francais","17":"entry","18":"has-media","20":"first","21":"outofstock","22":"sold-individually","23":"shipping-taxable","24":"purchasable","25":"product-type-simple"},"yoast_head":"<!-- This site is optimized with the Yoast SEO plugin v27.4 - https:\/\/yoast.com\/product\/yoast-seo-wordpress\/ -->\n<title>Como &#039;Fran\u00e7ais Louis XVI incrust\u00e9 de marbre originale offerta - Pitanti srl<\/title>\n<meta name=\"description\" content=\"Commode fran\u00e7aise incrust\u00e9e de marbre du XIXe si\u00e8cle Le mat\u00e9riau est divers Bois m\u00e9lang\u00e9s, \u00e9b\u00e8ne, noyer, \u00e9rable, bois de rose et les mesures sont L.120 cm x P. 53 cm x H. 87 cm Etat du meuble : bon \u00e0 restaurer et polir\" \/>\n<meta name=\"robots\" content=\"index, follow, max-snippet:-1, max-image-preview:large, max-video-preview:-1\" \/>\n<link rel=\"canonical\" href=\"https:\/\/antiquariatopitanti.it\/fr\/produit\/como-marqueterie-francaise-louis-xvi-de-marbre\/\" \/>\n<meta property=\"og:locale\" content=\"fr_FR\" \/>\n<meta property=\"og:type\" content=\"article\" \/>\n<meta property=\"og:title\" content=\"Como &#039;Fran\u00e7ais Louis XVI incrust\u00e9 de marbre originale offerta - Pitanti srl\" \/>\n<meta property=\"og:description\" content=\"Commode fran\u00e7aise incrust\u00e9e de marbre du XIXe si\u00e8cle Le mat\u00e9riau est divers Bois m\u00e9lang\u00e9s, \u00e9b\u00e8ne, noyer, \u00e9rable, bois de rose et les mesures sont L.120 cm x P. 53 cm x H. 87 cm Etat du meuble : bon \u00e0 restaurer et polir\" \/>\n<meta property=\"og:url\" content=\"https:\/\/antiquariatopitanti.it\/fr\/produit\/como-marqueterie-francaise-louis-xvi-de-marbre\/\" \/>\n<meta property=\"og:site_name\" content=\"Pitanti Chesterfield &amp; Vintage\" \/>\n<meta property=\"article:publisher\" content=\"https:\/\/www.facebook.com\/mobili.pitanti.vintage\/\" \/>\n<meta property=\"article:modified_time\" content=\"2022-10-17T16:11:36+00:00\" \/>\n<meta property=\"og:image\" content=\"https:\/\/antiquariatopitanti.it\/wp-content\/uploads\/2022\/04\/A5898-como-francese-luigi-XVI-intarsiato-epoca-800-c.jpeg\" \/>\n\t<meta property=\"og:image:width\" content=\"1008\" \/>\n\t<meta property=\"og:image:height\" content=\"1344\" \/>\n\t<meta property=\"og:image:type\" content=\"image\/jpeg\" \/>\n<meta name=\"twitter:card\" content=\"summary_large_image\" \/>\n<script type=\"application\/ld+json\" class=\"yoast-schema-graph\">{\"@context\":\"https:\\\/\\\/schema.org\",\"@graph\":[{\"@type\":\"WebPage\",\"@id\":\"https:\\\/\\\/antiquariatopitanti.it\\\/fr\\\/produit\\\/como-marqueterie-francaise-louis-xvi-de-marbre\\\/\",\"url\":\"https:\\\/\\\/antiquariatopitanti.it\\\/fr\\\/produit\\\/como-marqueterie-francaise-louis-xvi-de-marbre\\\/\",\"name\":\"Como 'Fran\u00e7ais Louis XVI incrust\u00e9 de marbre originale offerta - Pitanti srl\",\"isPartOf\":{\"@id\":\"https:\\\/\\\/antiquariatopitanti.it\\\/#website\"},\"primaryImageOfPage\":{\"@id\":\"https:\\\/\\\/antiquariatopitanti.it\\\/fr\\\/produit\\\/como-marqueterie-francaise-louis-xvi-de-marbre\\\/#primaryimage\"},\"image\":{\"@id\":\"https:\\\/\\\/antiquariatopitanti.it\\\/fr\\\/produit\\\/como-marqueterie-francaise-louis-xvi-de-marbre\\\/#primaryimage\"},\"thumbnailUrl\":\"https:\\\/\\\/antiquariatopitanti.it\\\/wp-content\\\/uploads\\\/2022\\\/04\\\/Como-francese-luigi-XVI-intarsiato-epoca-800-e.jpeg\",\"datePublished\":\"2022-09-11T04:54:10+00:00\",\"dateModified\":\"2022-10-17T16:11:36+00:00\",\"description\":\"Commode fran\u00e7aise incrust\u00e9e de marbre du XIXe si\u00e8cle Le mat\u00e9riau est divers Bois m\u00e9lang\u00e9s, \u00e9b\u00e8ne, noyer, \u00e9rable, bois de rose et les mesures sont L.120 cm x P. 53 cm x H. 87 cm Etat du meuble : bon \u00e0 restaurer et polir\",\"breadcrumb\":{\"@id\":\"https:\\\/\\\/antiquariatopitanti.it\\\/fr\\\/produit\\\/como-marqueterie-francaise-louis-xvi-de-marbre\\\/#breadcrumb\"},\"inLanguage\":\"fr-FR\",\"potentialAction\":[{\"@type\":\"ReadAction\",\"target\":[\"https:\\\/\\\/antiquariatopitanti.it\\\/fr\\\/produit\\\/como-marqueterie-francaise-louis-xvi-de-marbre\\\/\"]}]},{\"@type\":\"ImageObject\",\"inLanguage\":\"fr-FR\",\"@id\":\"https:\\\/\\\/antiquariatopitanti.it\\\/fr\\\/produit\\\/como-marqueterie-francaise-louis-xvi-de-marbre\\\/#primaryimage\",\"url\":\"https:\\\/\\\/antiquariatopitanti.it\\\/wp-content\\\/uploads\\\/2022\\\/04\\\/Como-francese-luigi-XVI-intarsiato-epoca-800-e.jpeg\",\"contentUrl\":\"https:\\\/\\\/antiquariatopitanti.it\\\/wp-content\\\/uploads\\\/2022\\\/04\\\/Como-francese-luigi-XVI-intarsiato-epoca-800-e.jpeg\",\"width\":1008,\"height\":1344,\"caption\":\"Como' Francese Luigi XVI\"},{\"@type\":\"BreadcrumbList\",\"@id\":\"https:\\\/\\\/antiquariatopitanti.it\\\/fr\\\/produit\\\/como-marqueterie-francaise-louis-xvi-de-marbre\\\/#breadcrumb\",\"itemListElement\":[{\"@type\":\"ListItem\",\"position\":1,\"name\":\"Home\",\"item\":\"https:\\\/\\\/antiquariatopitanti.it\\\/fr\\\/home\\\/\"},{\"@type\":\"ListItem\",\"position\":2,\"name\":\"Shop\",\"item\":\"https:\\\/\\\/antiquariatopitanti.it\\\/negozio\\\/\"},{\"@type\":\"ListItem\",\"position\":3,\"name\":\"Como &#8216;Fran\u00e7ais Louis XVI incrust\u00e9 de marbre\"}]},{\"@type\":\"WebSite\",\"@id\":\"https:\\\/\\\/antiquariatopitanti.it\\\/#website\",\"url\":\"https:\\\/\\\/antiquariatopitanti.it\\\/\",\"name\":\"Pitanti Chesterfield &amp; Vintage\",\"description\":\"\",\"publisher\":{\"@id\":\"https:\\\/\\\/antiquariatopitanti.it\\\/#organization\"},\"potentialAction\":[{\"@type\":\"SearchAction\",\"target\":{\"@type\":\"EntryPoint\",\"urlTemplate\":\"https:\\\/\\\/antiquariatopitanti.it\\\/?s={search_term_string}\"},\"query-input\":{\"@type\":\"PropertyValueSpecification\",\"valueRequired\":true,\"valueName\":\"search_term_string\"}}],\"inLanguage\":\"fr-FR\"},{\"@type\":\"Organization\",\"@id\":\"https:\\\/\\\/antiquariatopitanti.it\\\/#organization\",\"name\":\"Antiquariato Pitanti\",\"url\":\"https:\\\/\\\/antiquariatopitanti.it\\\/\",\"logo\":{\"@type\":\"ImageObject\",\"inLanguage\":\"fr-FR\",\"@id\":\"https:\\\/\\\/antiquariatopitanti.it\\\/#\\\/schema\\\/logo\\\/image\\\/\",\"url\":\"https:\\\/\\\/antiquariatopitanti.it\\\/wp-content\\\/uploads\\\/2022\\\/03\\\/logo-pitanti-new-2.png\",\"contentUrl\":\"https:\\\/\\\/antiquariatopitanti.it\\\/wp-content\\\/uploads\\\/2022\\\/03\\\/logo-pitanti-new-2.png\",\"width\":944,\"height\":798,\"caption\":\"Antiquariato Pitanti\"},\"image\":{\"@id\":\"https:\\\/\\\/antiquariatopitanti.it\\\/#\\\/schema\\\/logo\\\/image\\\/\"},\"sameAs\":[\"https:\\\/\\\/www.facebook.com\\\/mobili.pitanti.vintage\\\/\"]}]}<\/script>\n<!-- \/ Yoast SEO plugin. -->","yoast_head_json":{"title":"Como 'Fran\u00e7ais Louis XVI incrust\u00e9 de marbre originale offerta - Pitanti srl","description":"Commode fran\u00e7aise incrust\u00e9e de marbre du XIXe si\u00e8cle Le mat\u00e9riau est divers Bois m\u00e9lang\u00e9s, \u00e9b\u00e8ne, noyer, \u00e9rable, bois de rose et les mesures sont L.120 cm x P. 53 cm x H. 87 cm Etat du meuble : bon \u00e0 restaurer et polir","robots":{"index":"index","follow":"follow","max-snippet":"max-snippet:-1","max-image-preview":"max-image-preview:large","max-video-preview":"max-video-preview:-1"},"canonical":"https:\/\/antiquariatopitanti.it\/fr\/produit\/como-marqueterie-francaise-louis-xvi-de-marbre\/","og_locale":"fr_FR","og_type":"article","og_title":"Como 'Fran\u00e7ais Louis XVI incrust\u00e9 de marbre originale offerta - Pitanti srl","og_description":"Commode fran\u00e7aise incrust\u00e9e de marbre du XIXe si\u00e8cle Le mat\u00e9riau est divers Bois m\u00e9lang\u00e9s, \u00e9b\u00e8ne, noyer, \u00e9rable, bois de rose et les mesures sont L.120 cm x P. 53 cm x H. 87 cm Etat du meuble : bon \u00e0 restaurer et polir","og_url":"https:\/\/antiquariatopitanti.it\/fr\/produit\/como-marqueterie-francaise-louis-xvi-de-marbre\/","og_site_name":"Pitanti Chesterfield &amp; Vintage","article_publisher":"https:\/\/www.facebook.com\/mobili.pitanti.vintage\/","article_modified_time":"2022-10-17T16:11:36+00:00","og_image":[{"width":1008,"height":1344,"url":"https:\/\/antiquariatopitanti.it\/wp-content\/uploads\/2022\/04\/A5898-como-francese-luigi-XVI-intarsiato-epoca-800-c.jpeg","type":"image\/jpeg"}],"twitter_card":"summary_large_image","schema":{"@context":"https:\/\/schema.org","@graph":[{"@type":"WebPage","@id":"https:\/\/antiquariatopitanti.it\/fr\/produit\/como-marqueterie-francaise-louis-xvi-de-marbre\/","url":"https:\/\/antiquariatopitanti.it\/fr\/produit\/como-marqueterie-francaise-louis-xvi-de-marbre\/","name":"Como 'Fran\u00e7ais Louis XVI incrust\u00e9 de marbre originale offerta - Pitanti srl","isPartOf":{"@id":"https:\/\/antiquariatopitanti.it\/#website"},"primaryImageOfPage":{"@id":"https:\/\/antiquariatopitanti.it\/fr\/produit\/como-marqueterie-francaise-louis-xvi-de-marbre\/#primaryimage"},"image":{"@id":"https:\/\/antiquariatopitanti.it\/fr\/produit\/como-marqueterie-francaise-louis-xvi-de-marbre\/#primaryimage"},"thumbnailUrl":"https:\/\/antiquariatopitanti.it\/wp-content\/uploads\/2022\/04\/Como-francese-luigi-XVI-intarsiato-epoca-800-e.jpeg","datePublished":"2022-09-11T04:54:10+00:00","dateModified":"2022-10-17T16:11:36+00:00","description":"Commode fran\u00e7aise incrust\u00e9e de marbre du XIXe si\u00e8cle Le mat\u00e9riau est divers Bois m\u00e9lang\u00e9s, \u00e9b\u00e8ne, noyer, \u00e9rable, bois de rose et les mesures sont L.120 cm x P. 53 cm x H. 87 cm Etat du meuble : bon \u00e0 restaurer et polir","breadcrumb":{"@id":"https:\/\/antiquariatopitanti.it\/fr\/produit\/como-marqueterie-francaise-louis-xvi-de-marbre\/#breadcrumb"},"inLanguage":"fr-FR","potentialAction":[{"@type":"ReadAction","target":["https:\/\/antiquariatopitanti.it\/fr\/produit\/como-marqueterie-francaise-louis-xvi-de-marbre\/"]}]},{"@type":"ImageObject","inLanguage":"fr-FR","@id":"https:\/\/antiquariatopitanti.it\/fr\/produit\/como-marqueterie-francaise-louis-xvi-de-marbre\/#primaryimage","url":"https:\/\/antiquariatopitanti.it\/wp-content\/uploads\/2022\/04\/Como-francese-luigi-XVI-intarsiato-epoca-800-e.jpeg","contentUrl":"https:\/\/antiquariatopitanti.it\/wp-content\/uploads\/2022\/04\/Como-francese-luigi-XVI-intarsiato-epoca-800-e.jpeg","width":1008,"height":1344,"caption":"Como' Francese Luigi XVI"},{"@type":"BreadcrumbList","@id":"https:\/\/antiquariatopitanti.it\/fr\/produit\/como-marqueterie-francaise-louis-xvi-de-marbre\/#breadcrumb","itemListElement":[{"@type":"ListItem","position":1,"name":"Home","item":"https:\/\/antiquariatopitanti.it\/fr\/home\/"},{"@type":"ListItem","position":2,"name":"Shop","item":"https:\/\/antiquariatopitanti.it\/negozio\/"},{"@type":"ListItem","position":3,"name":"Como &#8216;Fran\u00e7ais Louis XVI incrust\u00e9 de marbre"}]},{"@type":"WebSite","@id":"https:\/\/antiquariatopitanti.it\/#website","url":"https:\/\/antiquariatopitanti.it\/","name":"Pitanti Chesterfield &amp; Vintage","description":"","publisher":{"@id":"https:\/\/antiquariatopitanti.it\/#organization"},"potentialAction":[{"@type":"SearchAction","target":{"@type":"EntryPoint","urlTemplate":"https:\/\/antiquariatopitanti.it\/?s={search_term_string}"},"query-input":{"@type":"PropertyValueSpecification","valueRequired":true,"valueName":"search_term_string"}}],"inLanguage":"fr-FR"},{"@type":"Organization","@id":"https:\/\/antiquariatopitanti.it\/#organization","name":"Antiquariato Pitanti","url":"https:\/\/antiquariatopitanti.it\/","logo":{"@type":"ImageObject","inLanguage":"fr-FR","@id":"https:\/\/antiquariatopitanti.it\/#\/schema\/logo\/image\/","url":"https:\/\/antiquariatopitanti.it\/wp-content\/uploads\/2022\/03\/logo-pitanti-new-2.png","contentUrl":"https:\/\/antiquariatopitanti.it\/wp-content\/uploads\/2022\/03\/logo-pitanti-new-2.png","width":944,"height":798,"caption":"Antiquariato Pitanti"},"image":{"@id":"https:\/\/antiquariatopitanti.it\/#\/schema\/logo\/image\/"},"sameAs":["https:\/\/www.facebook.com\/mobili.pitanti.vintage\/"]}]}},"_links":{"self":[{"href":"https:\/\/antiquariatopitanti.it\/fr\/wp-json\/wp\/v2\/product\/5349","targetHints":{"allow":["GET"]}}],"collection":[{"href":"https:\/\/antiquariatopitanti.it\/fr\/wp-json\/wp\/v2\/product"}],"about":[{"href":"https:\/\/antiquariatopitanti.it\/fr\/wp-json\/wp\/v2\/types\/product"}],"wp:featuredmedia":[{"embeddable":true,"href":"https:\/\/antiquariatopitanti.it\/fr\/wp-json\/wp\/v2\/media\/9102"}],"wp:attachment":[{"href":"https:\/\/antiquariatopitanti.it\/fr\/wp-json\/wp\/v2\/media?parent=5349"}],"wp:term":[{"taxonomy":"product_brand","embeddable":true,"href":"https:\/\/antiquariatopitanti.it\/fr\/wp-json\/wp\/v2\/product_brand?post=5349"},{"taxonomy":"product_cat","embeddable":true,"href":"https:\/\/antiquariatopitanti.it\/fr\/wp-json\/wp\/v2\/product_cat?post=5349"},{"taxonomy":"product_tag","embeddable":true,"href":"https:\/\/antiquariatopitanti.it\/fr\/wp-json\/wp\/v2\/product_tag?post=5349"}],"curies":[{"name":"wp","href":"https:\/\/api.w.org\/{rel}","templated":true}]}}