{"id":5247,"date":"2022-04-17T11:13:36","date_gmt":"2022-09-09T15:16:28","guid":{"rendered":"https:\/\/antiquariatopitanti.it\/prodotto\/lampe-reggiani-eclairage-annees-70\/"},"modified":"2022-10-14T11:10:18","modified_gmt":"2022-10-14T09:10:18","slug":"lampe-reggiani-eclairage-annees-70","status":"publish","type":"product","link":"https:\/\/antiquariatopitanti.it\/fr\/prodotto\/lampe-reggiani-eclairage-annees-70\/","title":{"rendered":"Lampe Reggiani \u00e9clairage ann\u00e9es 70"},"content":{"rendered":"<p>Entreprise de r\u00e9f\u00e9rence d&rsquo;aujourd&rsquo;hui et d&rsquo;hier, Reggiani illuminazioni avec ses designs uniques, certainement pr\u00e9sents dans les maisons les plus belles et les plus importantes du monde. un must dans les meubles modernes et vintage mais aussi comme combinaison dans les antiquit\u00e9s.<\/p>\n","protected":false},"excerpt":{"rendered":"<p>Ref.. Reg01<br \/>\n<strong>Lampe d&rsquo;\u00e9clairage Reggiani<\/strong><br \/>\n<strong>P\u00e9riode<\/strong> : ann\u00e9es 1970<br \/>\n<strong>Mat\u00e9riau<\/strong> : M\u00e9tal, chrome et plastique, rotatif<br \/>\n<strong>Mesures<\/strong>: diam\u00e8tre de base 32 cm x H. 84 cm , rotatif<br \/>\n<strong>\u00c9tat conservatif<\/strong>: enti\u00e8rement fonctionnel<\/p>\n","protected":false},"featured_media":9771,"template":"","meta":[],"product_brand":[],"product_cat":[640,643],"product_tag":[815,1562,1524,1561,2204,1925],"class_list":{"0":"post-5247","1":"product","2":"type-product","3":"status-publish","4":"has-post-thumbnail","6":"product_cat-art-moderne","7":"product_cat-eclairage-fr","8":"product_tag-antiquites-modernes-italiennes","9":"product_tag-conception-italienne-900","10":"product_tag-lampe-de-table","11":"product_tag-lampe-en-metal","12":"product_tag-luminaire-reggiani-des-annees-70","13":"product_tag-milieu-du-siecle-moderne","14":"entry","15":"has-media","17":"first","18":"instock","19":"sold-individually","20":"shipping-taxable","21":"purchasable","22":"product-type-simple"},"yoast_head":"<!-- This site is optimized with the Yoast SEO plugin v27.4 - https:\/\/yoast.com\/product\/yoast-seo-wordpress\/ -->\n<title>Lampe Reggiani \u00e9clairage ann\u00e9es 70 - Pitanti Chesterfield &amp; Vintage<\/title>\n<meta name=\"robots\" content=\"index, follow, max-snippet:-1, max-image-preview:large, max-video-preview:-1\" \/>\n<link rel=\"canonical\" href=\"https:\/\/antiquariatopitanti.it\/fr\/produit\/lampe-reggiani-eclairage-annees-70\/\" \/>\n<meta property=\"og:locale\" content=\"fr_FR\" \/>\n<meta property=\"og:type\" content=\"article\" \/>\n<meta property=\"og:title\" content=\"Lampe Reggiani \u00e9clairage ann\u00e9es 70 - Pitanti Chesterfield &amp; Vintage\" \/>\n<meta property=\"og:description\" content=\"Ref.. Reg01 Lampe d&#039;\u00e9clairage Reggiani P\u00e9riode : ann\u00e9es 1970 Mat\u00e9riau : M\u00e9tal, chrome et plastique, rotatif Mesures: diam\u00e8tre de base 32 cm x H. 84 cm , rotatif \u00c9tat conservatif: enti\u00e8rement fonctionnel\" \/>\n<meta property=\"og:url\" content=\"https:\/\/antiquariatopitanti.it\/fr\/produit\/lampe-reggiani-eclairage-annees-70\/\" \/>\n<meta property=\"og:site_name\" content=\"Pitanti Chesterfield &amp; Vintage\" \/>\n<meta property=\"article:publisher\" content=\"https:\/\/www.facebook.com\/mobili.pitanti.vintage\/\" \/>\n<meta property=\"article:modified_time\" content=\"2022-10-14T09:10:18+00:00\" \/>\n<meta property=\"og:image\" content=\"https:\/\/antiquariatopitanti.it\/wp-content\/uploads\/2022\/04\/reg01-Lampada-Reggiani-illuminazioni-anni-70-b.jpg\" \/>\n\t<meta property=\"og:image:width\" content=\"480\" \/>\n\t<meta property=\"og:image:height\" content=\"640\" \/>\n\t<meta property=\"og:image:type\" content=\"image\/jpeg\" \/>\n<meta name=\"twitter:card\" content=\"summary_large_image\" \/>\n<script type=\"application\/ld+json\" class=\"yoast-schema-graph\">{\"@context\":\"https:\\\/\\\/schema.org\",\"@graph\":[{\"@type\":\"WebPage\",\"@id\":\"https:\\\/\\\/antiquariatopitanti.it\\\/fr\\\/produit\\\/lampe-reggiani-eclairage-annees-70\\\/\",\"url\":\"https:\\\/\\\/antiquariatopitanti.it\\\/fr\\\/produit\\\/lampe-reggiani-eclairage-annees-70\\\/\",\"name\":\"Lampe Reggiani \u00e9clairage ann\u00e9es 70 - Pitanti Chesterfield &amp; Vintage\",\"isPartOf\":{\"@id\":\"https:\\\/\\\/antiquariatopitanti.it\\\/#website\"},\"primaryImageOfPage\":{\"@id\":\"https:\\\/\\\/antiquariatopitanti.it\\\/fr\\\/produit\\\/lampe-reggiani-eclairage-annees-70\\\/#primaryimage\"},\"image\":{\"@id\":\"https:\\\/\\\/antiquariatopitanti.it\\\/fr\\\/produit\\\/lampe-reggiani-eclairage-annees-70\\\/#primaryimage\"},\"thumbnailUrl\":\"https:\\\/\\\/antiquariatopitanti.it\\\/wp-content\\\/uploads\\\/2022\\\/04\\\/Reggiani-illuminazioni-anni-70-b.jpeg\",\"datePublished\":\"2022-09-09T15:16:28+00:00\",\"dateModified\":\"2022-10-14T09:10:18+00:00\",\"breadcrumb\":{\"@id\":\"https:\\\/\\\/antiquariatopitanti.it\\\/fr\\\/produit\\\/lampe-reggiani-eclairage-annees-70\\\/#breadcrumb\"},\"inLanguage\":\"fr-FR\",\"potentialAction\":[{\"@type\":\"ReadAction\",\"target\":[\"https:\\\/\\\/antiquariatopitanti.it\\\/fr\\\/produit\\\/lampe-reggiani-eclairage-annees-70\\\/\"]}]},{\"@type\":\"ImageObject\",\"inLanguage\":\"fr-FR\",\"@id\":\"https:\\\/\\\/antiquariatopitanti.it\\\/fr\\\/produit\\\/lampe-reggiani-eclairage-annees-70\\\/#primaryimage\",\"url\":\"https:\\\/\\\/antiquariatopitanti.it\\\/wp-content\\\/uploads\\\/2022\\\/04\\\/Reggiani-illuminazioni-anni-70-b.jpeg\",\"contentUrl\":\"https:\\\/\\\/antiquariatopitanti.it\\\/wp-content\\\/uploads\\\/2022\\\/04\\\/Reggiani-illuminazioni-anni-70-b.jpeg\",\"width\":1008,\"height\":1344,\"caption\":\"Reggiani illuminazioni anni \u201970\"},{\"@type\":\"BreadcrumbList\",\"@id\":\"https:\\\/\\\/antiquariatopitanti.it\\\/fr\\\/produit\\\/lampe-reggiani-eclairage-annees-70\\\/#breadcrumb\",\"itemListElement\":[{\"@type\":\"ListItem\",\"position\":1,\"name\":\"Home\",\"item\":\"https:\\\/\\\/antiquariatopitanti.it\\\/fr\\\/home\\\/\"},{\"@type\":\"ListItem\",\"position\":2,\"name\":\"Shop\",\"item\":\"https:\\\/\\\/antiquariatopitanti.it\\\/negozio\\\/\"},{\"@type\":\"ListItem\",\"position\":3,\"name\":\"Lampe Reggiani \u00e9clairage ann\u00e9es 70\"}]},{\"@type\":\"WebSite\",\"@id\":\"https:\\\/\\\/antiquariatopitanti.it\\\/#website\",\"url\":\"https:\\\/\\\/antiquariatopitanti.it\\\/\",\"name\":\"Pitanti Chesterfield &amp; Vintage\",\"description\":\"\",\"publisher\":{\"@id\":\"https:\\\/\\\/antiquariatopitanti.it\\\/#organization\"},\"potentialAction\":[{\"@type\":\"SearchAction\",\"target\":{\"@type\":\"EntryPoint\",\"urlTemplate\":\"https:\\\/\\\/antiquariatopitanti.it\\\/?s={search_term_string}\"},\"query-input\":{\"@type\":\"PropertyValueSpecification\",\"valueRequired\":true,\"valueName\":\"search_term_string\"}}],\"inLanguage\":\"fr-FR\"},{\"@type\":\"Organization\",\"@id\":\"https:\\\/\\\/antiquariatopitanti.it\\\/#organization\",\"name\":\"Antiquariato Pitanti\",\"url\":\"https:\\\/\\\/antiquariatopitanti.it\\\/\",\"logo\":{\"@type\":\"ImageObject\",\"inLanguage\":\"fr-FR\",\"@id\":\"https:\\\/\\\/antiquariatopitanti.it\\\/#\\\/schema\\\/logo\\\/image\\\/\",\"url\":\"https:\\\/\\\/antiquariatopitanti.it\\\/wp-content\\\/uploads\\\/2022\\\/03\\\/logo-pitanti-new-2.png\",\"contentUrl\":\"https:\\\/\\\/antiquariatopitanti.it\\\/wp-content\\\/uploads\\\/2022\\\/03\\\/logo-pitanti-new-2.png\",\"width\":944,\"height\":798,\"caption\":\"Antiquariato Pitanti\"},\"image\":{\"@id\":\"https:\\\/\\\/antiquariatopitanti.it\\\/#\\\/schema\\\/logo\\\/image\\\/\"},\"sameAs\":[\"https:\\\/\\\/www.facebook.com\\\/mobili.pitanti.vintage\\\/\"]}]}<\/script>\n<!-- \/ Yoast SEO plugin. -->","yoast_head_json":{"title":"Lampe Reggiani \u00e9clairage ann\u00e9es 70 - Pitanti Chesterfield &amp; Vintage","robots":{"index":"index","follow":"follow","max-snippet":"max-snippet:-1","max-image-preview":"max-image-preview:large","max-video-preview":"max-video-preview:-1"},"canonical":"https:\/\/antiquariatopitanti.it\/fr\/produit\/lampe-reggiani-eclairage-annees-70\/","og_locale":"fr_FR","og_type":"article","og_title":"Lampe Reggiani \u00e9clairage ann\u00e9es 70 - Pitanti Chesterfield &amp; Vintage","og_description":"Ref.. Reg01 Lampe d'\u00e9clairage Reggiani P\u00e9riode : ann\u00e9es 1970 Mat\u00e9riau : M\u00e9tal, chrome et plastique, rotatif Mesures: diam\u00e8tre de base 32 cm x H. 84 cm , rotatif \u00c9tat conservatif: enti\u00e8rement fonctionnel","og_url":"https:\/\/antiquariatopitanti.it\/fr\/produit\/lampe-reggiani-eclairage-annees-70\/","og_site_name":"Pitanti Chesterfield &amp; Vintage","article_publisher":"https:\/\/www.facebook.com\/mobili.pitanti.vintage\/","article_modified_time":"2022-10-14T09:10:18+00:00","og_image":[{"width":480,"height":640,"url":"https:\/\/antiquariatopitanti.it\/wp-content\/uploads\/2022\/04\/reg01-Lampada-Reggiani-illuminazioni-anni-70-b.jpg","type":"image\/jpeg"}],"twitter_card":"summary_large_image","schema":{"@context":"https:\/\/schema.org","@graph":[{"@type":"WebPage","@id":"https:\/\/antiquariatopitanti.it\/fr\/produit\/lampe-reggiani-eclairage-annees-70\/","url":"https:\/\/antiquariatopitanti.it\/fr\/produit\/lampe-reggiani-eclairage-annees-70\/","name":"Lampe Reggiani \u00e9clairage ann\u00e9es 70 - Pitanti Chesterfield &amp; Vintage","isPartOf":{"@id":"https:\/\/antiquariatopitanti.it\/#website"},"primaryImageOfPage":{"@id":"https:\/\/antiquariatopitanti.it\/fr\/produit\/lampe-reggiani-eclairage-annees-70\/#primaryimage"},"image":{"@id":"https:\/\/antiquariatopitanti.it\/fr\/produit\/lampe-reggiani-eclairage-annees-70\/#primaryimage"},"thumbnailUrl":"https:\/\/antiquariatopitanti.it\/wp-content\/uploads\/2022\/04\/Reggiani-illuminazioni-anni-70-b.jpeg","datePublished":"2022-09-09T15:16:28+00:00","dateModified":"2022-10-14T09:10:18+00:00","breadcrumb":{"@id":"https:\/\/antiquariatopitanti.it\/fr\/produit\/lampe-reggiani-eclairage-annees-70\/#breadcrumb"},"inLanguage":"fr-FR","potentialAction":[{"@type":"ReadAction","target":["https:\/\/antiquariatopitanti.it\/fr\/produit\/lampe-reggiani-eclairage-annees-70\/"]}]},{"@type":"ImageObject","inLanguage":"fr-FR","@id":"https:\/\/antiquariatopitanti.it\/fr\/produit\/lampe-reggiani-eclairage-annees-70\/#primaryimage","url":"https:\/\/antiquariatopitanti.it\/wp-content\/uploads\/2022\/04\/Reggiani-illuminazioni-anni-70-b.jpeg","contentUrl":"https:\/\/antiquariatopitanti.it\/wp-content\/uploads\/2022\/04\/Reggiani-illuminazioni-anni-70-b.jpeg","width":1008,"height":1344,"caption":"Reggiani illuminazioni anni \u201970"},{"@type":"BreadcrumbList","@id":"https:\/\/antiquariatopitanti.it\/fr\/produit\/lampe-reggiani-eclairage-annees-70\/#breadcrumb","itemListElement":[{"@type":"ListItem","position":1,"name":"Home","item":"https:\/\/antiquariatopitanti.it\/fr\/home\/"},{"@type":"ListItem","position":2,"name":"Shop","item":"https:\/\/antiquariatopitanti.it\/negozio\/"},{"@type":"ListItem","position":3,"name":"Lampe Reggiani \u00e9clairage ann\u00e9es 70"}]},{"@type":"WebSite","@id":"https:\/\/antiquariatopitanti.it\/#website","url":"https:\/\/antiquariatopitanti.it\/","name":"Pitanti Chesterfield &amp; Vintage","description":"","publisher":{"@id":"https:\/\/antiquariatopitanti.it\/#organization"},"potentialAction":[{"@type":"SearchAction","target":{"@type":"EntryPoint","urlTemplate":"https:\/\/antiquariatopitanti.it\/?s={search_term_string}"},"query-input":{"@type":"PropertyValueSpecification","valueRequired":true,"valueName":"search_term_string"}}],"inLanguage":"fr-FR"},{"@type":"Organization","@id":"https:\/\/antiquariatopitanti.it\/#organization","name":"Antiquariato Pitanti","url":"https:\/\/antiquariatopitanti.it\/","logo":{"@type":"ImageObject","inLanguage":"fr-FR","@id":"https:\/\/antiquariatopitanti.it\/#\/schema\/logo\/image\/","url":"https:\/\/antiquariatopitanti.it\/wp-content\/uploads\/2022\/03\/logo-pitanti-new-2.png","contentUrl":"https:\/\/antiquariatopitanti.it\/wp-content\/uploads\/2022\/03\/logo-pitanti-new-2.png","width":944,"height":798,"caption":"Antiquariato Pitanti"},"image":{"@id":"https:\/\/antiquariatopitanti.it\/#\/schema\/logo\/image\/"},"sameAs":["https:\/\/www.facebook.com\/mobili.pitanti.vintage\/"]}]}},"_links":{"self":[{"href":"https:\/\/antiquariatopitanti.it\/fr\/wp-json\/wp\/v2\/product\/5247","targetHints":{"allow":["GET"]}}],"collection":[{"href":"https:\/\/antiquariatopitanti.it\/fr\/wp-json\/wp\/v2\/product"}],"about":[{"href":"https:\/\/antiquariatopitanti.it\/fr\/wp-json\/wp\/v2\/types\/product"}],"wp:featuredmedia":[{"embeddable":true,"href":"https:\/\/antiquariatopitanti.it\/fr\/wp-json\/wp\/v2\/media\/9771"}],"wp:attachment":[{"href":"https:\/\/antiquariatopitanti.it\/fr\/wp-json\/wp\/v2\/media?parent=5247"}],"wp:term":[{"taxonomy":"product_brand","embeddable":true,"href":"https:\/\/antiquariatopitanti.it\/fr\/wp-json\/wp\/v2\/product_brand?post=5247"},{"taxonomy":"product_cat","embeddable":true,"href":"https:\/\/antiquariatopitanti.it\/fr\/wp-json\/wp\/v2\/product_cat?post=5247"},{"taxonomy":"product_tag","embeddable":true,"href":"https:\/\/antiquariatopitanti.it\/fr\/wp-json\/wp\/v2\/product_tag?post=5247"}],"curies":[{"name":"wp","href":"https:\/\/api.w.org\/{rel}","templated":true}]}}