{"id":5128,"date":"2022-09-06T17:03:43","date_gmt":"2022-09-06T15:03:43","guid":{"rendered":"https:\/\/antiquariatopitanti.it\/prodotto\/cassettone-luigi-xiv-canavese-del-600-intarsiato\/"},"modified":"2022-10-14T18:34:28","modified_gmt":"2022-10-14T16:34:28","slug":"commode-louis-xiv-canavese-de-600-marqueterie","status":"publish","type":"product","link":"https:\/\/antiquariatopitanti.it\/fr\/prodotto\/commode-louis-xiv-canavese-de-600-marqueterie\/","title":{"rendered":"Commode Italienne Louis XIV Canavese d&rsquo;\u00e9poque XVIIe en marqueterie"},"content":{"rendered":"<p>Le Canavese est une r\u00e9gion du Pi\u00e9mont qui s&rsquo;\u00e9tend entre les Alpes au nord, le P\u00f4 au sud, le ruisseau Stura di Lanzo \u00e0 l&rsquo;ouest et la Serra di Ivrea \u00e0 l&rsquo;est. La commode Louis XIV, intacte dans toutes ses parties, poss\u00e8de les principales caract\u00e9ristiques qui font de ces meubles typiques de la r\u00e9gion. Il \u00e9tait en noyer massif, partiellement plaqu\u00e9 en noyer et incrust\u00e9 d&rsquo;\u00e9rable, avec quelques parties noircies, tandis que les int\u00e9rieurs sont en peuplier d&rsquo;origine de l&rsquo;\u00e9poque avec des planches dispos\u00e9es horizontalement et fix\u00e9es par des clous. Le plateau, construit dans une seule planche de noyer, est profil\u00e9 en noyer dispos\u00e9 dans la contre veine, \u00e9galement appel\u00e9e \u00ab\u00a0t\u00eate filet\u00e9e\u00a0\u00bb et incrust\u00e9 d&rsquo;\u00e9rable au centre, sur le c\u00f4t\u00e9 et sur les bords. La fa\u00e7ade est marqu\u00e9e par quatre tiroirs identiques, d\u00e9cor\u00e9s de carreaux en double relief avec un dossier central plaqu\u00e9 de noyer, incrust\u00e9 d&rsquo;\u00e9rable et contours noircis. les deux lat\u00e9rales sont de forme rectangulaire allong\u00e9e, tandis que la centrale, accueillant le patch, est de forme rhombo\u00efdale. Les tiroirs sont ins\u00e9r\u00e9s \u00ab\u00a0\u00e0 but\u00e9e\u00a0\u00bb dans la fa\u00e7ade et le bord noirci qui d\u00e9limite le p\u00e9rim\u00e8tre se d\u00e9tache sur la surface des montants et des cha\u00eenes plaqu\u00e9s en noyer. Les anses, aussi authentiques et caract\u00e9ristiques que l&rsquo;\u00e9cusson, ont la forme d&rsquo;une ceinture greff\u00e9e sur une paire de rosaces. Gli spigoli anteriori sono scantonati e decorati con preziosi intarsi in acero. Le motif se r\u00e9p\u00e8te sur les c\u00f4t\u00e9s \u00e0 leur tour incrust\u00e9s d&rsquo;\u00e9rable qui refl\u00e8tent l&rsquo;\u00e9l\u00e9gance de l&rsquo;incrustation sur le dessus. Les pieds, dispos\u00e9s obliquement selon l&rsquo;inclinaison de l&rsquo;angle dont ils constituent le prolongement, sont form\u00e9s par une s\u00e9rie de moulures superpos\u00e9es, mais ils peuvent aussi appara\u00eetre en forme d&rsquo;oignon. Un meuble de grande valeur. Pi\u00e8ces uniques.<\/p>\n","protected":false},"excerpt":{"rendered":"<p>Ref.: R1<br \/>\n<strong>Commode Italienne Louis XIV du 17\u00e8me si\u00e8cle marquet\u00e9e<\/strong><br \/>\n<strong>Origine<\/strong> : Italienne<br \/>\n<strong>P\u00e9riode<\/strong> : Fin du 17\u00e8me si\u00e8cle.<br \/>\n<strong>Mat\u00e9riau<\/strong> : Noyer, placage de noyer, incrustations d&rsquo;\u00e9rable et bronzes d&rsquo;origine<br \/>\n<strong>Mesures<\/strong>: L. 134 cm P. 60cm H. 94 cm<br \/>\n<strong>\u00c9tat conservatif<\/strong> : Excellent<\/p>\n","protected":false},"featured_media":9543,"template":"","meta":[],"product_brand":[],"product_cat":[585,593],"product_tag":[1307,996,1308,1309,1153,1310,1315,1311,1312],"class_list":{"0":"post-5128","1":"product","2":"type-product","3":"status-publish","4":"has-post-thumbnail","6":"product_cat-antiquites","7":"product_cat-commodes","8":"product_tag-antiquariato-italiano-600-fr","9":"product_tag-bronzes","10":"product_tag-cassettone-luigi-xiv-noce-intarsiato-fr","11":"product_tag-epoca-600-fr","12":"product_tag-incrustations","13":"product_tag-mobili-antichi-italiani-fr","14":"product_tag-mobili-antichi-piemontesi-fr","15":"product_tag-mobili-canavesi-fr","16":"product_tag-noce-fr","17":"entry","18":"has-media","20":"first","21":"instock","22":"sold-individually","23":"shipping-taxable","24":"purchasable","25":"product-type-simple"},"yoast_head":"<!-- This site is optimized with the Yoast SEO plugin v27.4 - https:\/\/yoast.com\/product\/yoast-seo-wordpress\/ -->\n<title>Commode Italienne Louis XIV Canavese d&#039;\u00e9poque XVIIe en marqueterie - Pitanti Chesterfield &amp; Vintage<\/title>\n<meta name=\"robots\" content=\"index, follow, max-snippet:-1, max-image-preview:large, max-video-preview:-1\" \/>\n<link rel=\"canonical\" href=\"https:\/\/antiquariatopitanti.it\/fr\/produit\/commode-louis-xiv-canavese-de-600-marqueterie\/\" \/>\n<meta property=\"og:locale\" content=\"fr_FR\" \/>\n<meta property=\"og:type\" content=\"article\" \/>\n<meta property=\"og:title\" content=\"Commode Italienne Louis XIV Canavese d&#039;\u00e9poque XVIIe en marqueterie - Pitanti Chesterfield &amp; Vintage\" \/>\n<meta property=\"og:description\" content=\"Ref.: R1 Commode Italienne Louis XIV du 17\u00e8me si\u00e8cle marquet\u00e9e Origine : Italienne P\u00e9riode : Fin du 17\u00e8me si\u00e8cle. Mat\u00e9riau : Noyer, placage de noyer, incrustations d&#039;\u00e9rable et bronzes d&#039;origine Mesures: L. 134 cm P. 60cm H. 94 cm \u00c9tat conservatif : Excellent\" \/>\n<meta property=\"og:url\" content=\"https:\/\/antiquariatopitanti.it\/fr\/produit\/commode-louis-xiv-canavese-de-600-marqueterie\/\" \/>\n<meta property=\"og:site_name\" content=\"Pitanti Chesterfield &amp; Vintage\" \/>\n<meta property=\"article:publisher\" content=\"https:\/\/www.facebook.com\/mobili.pitanti.vintage\/\" \/>\n<meta property=\"article:modified_time\" content=\"2022-10-14T16:34:28+00:00\" \/>\n<meta property=\"og:image\" content=\"https:\/\/antiquariatopitanti.it\/wp-content\/uploads\/2022\/09\/R1-CASSETTONE-LUIGI-XIV-PIEMONTESE-NOCE-EPOCA-600-b.jpeg\" \/>\n\t<meta property=\"og:image:width\" content=\"1008\" \/>\n\t<meta property=\"og:image:height\" content=\"1344\" \/>\n\t<meta property=\"og:image:type\" content=\"image\/jpeg\" \/>\n<meta name=\"twitter:card\" content=\"summary_large_image\" \/>\n<meta name=\"twitter:label1\" content=\"Dur\u00e9e de lecture estim\u00e9e\" \/>\n\t<meta name=\"twitter:data1\" content=\"2 minutes\" \/>\n<script type=\"application\/ld+json\" class=\"yoast-schema-graph\">{\"@context\":\"https:\\\/\\\/schema.org\",\"@graph\":[{\"@type\":\"WebPage\",\"@id\":\"https:\\\/\\\/antiquariatopitanti.it\\\/fr\\\/produit\\\/commode-louis-xiv-canavese-de-600-marqueterie\\\/\",\"url\":\"https:\\\/\\\/antiquariatopitanti.it\\\/fr\\\/produit\\\/commode-louis-xiv-canavese-de-600-marqueterie\\\/\",\"name\":\"Commode Italienne Louis XIV Canavese d'\u00e9poque XVIIe en marqueterie - Pitanti Chesterfield &amp; Vintage\",\"isPartOf\":{\"@id\":\"https:\\\/\\\/antiquariatopitanti.it\\\/#website\"},\"primaryImageOfPage\":{\"@id\":\"https:\\\/\\\/antiquariatopitanti.it\\\/fr\\\/produit\\\/commode-louis-xiv-canavese-de-600-marqueterie\\\/#primaryimage\"},\"image\":{\"@id\":\"https:\\\/\\\/antiquariatopitanti.it\\\/fr\\\/produit\\\/commode-louis-xiv-canavese-de-600-marqueterie\\\/#primaryimage\"},\"thumbnailUrl\":\"https:\\\/\\\/antiquariatopitanti.it\\\/wp-content\\\/uploads\\\/2022\\\/09\\\/CASSETTONE-LUIGI-XIV-CANAVESE-NOCE-EPOCA-600-1.jpeg\",\"datePublished\":\"2022-09-06T15:03:43+00:00\",\"dateModified\":\"2022-10-14T16:34:28+00:00\",\"breadcrumb\":{\"@id\":\"https:\\\/\\\/antiquariatopitanti.it\\\/fr\\\/produit\\\/commode-louis-xiv-canavese-de-600-marqueterie\\\/#breadcrumb\"},\"inLanguage\":\"fr-FR\",\"potentialAction\":[{\"@type\":\"ReadAction\",\"target\":[\"https:\\\/\\\/antiquariatopitanti.it\\\/fr\\\/produit\\\/commode-louis-xiv-canavese-de-600-marqueterie\\\/\"]}]},{\"@type\":\"ImageObject\",\"inLanguage\":\"fr-FR\",\"@id\":\"https:\\\/\\\/antiquariatopitanti.it\\\/fr\\\/produit\\\/commode-louis-xiv-canavese-de-600-marqueterie\\\/#primaryimage\",\"url\":\"https:\\\/\\\/antiquariatopitanti.it\\\/wp-content\\\/uploads\\\/2022\\\/09\\\/CASSETTONE-LUIGI-XIV-CANAVESE-NOCE-EPOCA-600-1.jpeg\",\"contentUrl\":\"https:\\\/\\\/antiquariatopitanti.it\\\/wp-content\\\/uploads\\\/2022\\\/09\\\/CASSETTONE-LUIGI-XIV-CANAVESE-NOCE-EPOCA-600-1.jpeg\",\"width\":1008,\"height\":1344,\"caption\":\"Cassettone Luigi XIV Canavese\"},{\"@type\":\"BreadcrumbList\",\"@id\":\"https:\\\/\\\/antiquariatopitanti.it\\\/fr\\\/produit\\\/commode-louis-xiv-canavese-de-600-marqueterie\\\/#breadcrumb\",\"itemListElement\":[{\"@type\":\"ListItem\",\"position\":1,\"name\":\"Home\",\"item\":\"https:\\\/\\\/antiquariatopitanti.it\\\/fr\\\/home\\\/\"},{\"@type\":\"ListItem\",\"position\":2,\"name\":\"Shop\",\"item\":\"https:\\\/\\\/antiquariatopitanti.it\\\/negozio\\\/\"},{\"@type\":\"ListItem\",\"position\":3,\"name\":\"Commode Italienne Louis XIV Canavese d&#8217;\u00e9poque XVIIe en marqueterie\"}]},{\"@type\":\"WebSite\",\"@id\":\"https:\\\/\\\/antiquariatopitanti.it\\\/#website\",\"url\":\"https:\\\/\\\/antiquariatopitanti.it\\\/\",\"name\":\"Pitanti Chesterfield &amp; Vintage\",\"description\":\"\",\"publisher\":{\"@id\":\"https:\\\/\\\/antiquariatopitanti.it\\\/#organization\"},\"potentialAction\":[{\"@type\":\"SearchAction\",\"target\":{\"@type\":\"EntryPoint\",\"urlTemplate\":\"https:\\\/\\\/antiquariatopitanti.it\\\/?s={search_term_string}\"},\"query-input\":{\"@type\":\"PropertyValueSpecification\",\"valueRequired\":true,\"valueName\":\"search_term_string\"}}],\"inLanguage\":\"fr-FR\"},{\"@type\":\"Organization\",\"@id\":\"https:\\\/\\\/antiquariatopitanti.it\\\/#organization\",\"name\":\"Antiquariato Pitanti\",\"url\":\"https:\\\/\\\/antiquariatopitanti.it\\\/\",\"logo\":{\"@type\":\"ImageObject\",\"inLanguage\":\"fr-FR\",\"@id\":\"https:\\\/\\\/antiquariatopitanti.it\\\/#\\\/schema\\\/logo\\\/image\\\/\",\"url\":\"https:\\\/\\\/antiquariatopitanti.it\\\/wp-content\\\/uploads\\\/2022\\\/03\\\/logo-pitanti-new-2.png\",\"contentUrl\":\"https:\\\/\\\/antiquariatopitanti.it\\\/wp-content\\\/uploads\\\/2022\\\/03\\\/logo-pitanti-new-2.png\",\"width\":944,\"height\":798,\"caption\":\"Antiquariato Pitanti\"},\"image\":{\"@id\":\"https:\\\/\\\/antiquariatopitanti.it\\\/#\\\/schema\\\/logo\\\/image\\\/\"},\"sameAs\":[\"https:\\\/\\\/www.facebook.com\\\/mobili.pitanti.vintage\\\/\"]}]}<\/script>\n<!-- \/ Yoast SEO plugin. -->","yoast_head_json":{"title":"Commode Italienne Louis XIV Canavese d'\u00e9poque XVIIe en marqueterie - Pitanti Chesterfield &amp; Vintage","robots":{"index":"index","follow":"follow","max-snippet":"max-snippet:-1","max-image-preview":"max-image-preview:large","max-video-preview":"max-video-preview:-1"},"canonical":"https:\/\/antiquariatopitanti.it\/fr\/produit\/commode-louis-xiv-canavese-de-600-marqueterie\/","og_locale":"fr_FR","og_type":"article","og_title":"Commode Italienne Louis XIV Canavese d'\u00e9poque XVIIe en marqueterie - Pitanti Chesterfield &amp; Vintage","og_description":"Ref.: R1 Commode Italienne Louis XIV du 17\u00e8me si\u00e8cle marquet\u00e9e Origine : Italienne P\u00e9riode : Fin du 17\u00e8me si\u00e8cle. Mat\u00e9riau : Noyer, placage de noyer, incrustations d'\u00e9rable et bronzes d'origine Mesures: L. 134 cm P. 60cm H. 94 cm \u00c9tat conservatif : Excellent","og_url":"https:\/\/antiquariatopitanti.it\/fr\/produit\/commode-louis-xiv-canavese-de-600-marqueterie\/","og_site_name":"Pitanti Chesterfield &amp; Vintage","article_publisher":"https:\/\/www.facebook.com\/mobili.pitanti.vintage\/","article_modified_time":"2022-10-14T16:34:28+00:00","og_image":[{"width":1008,"height":1344,"url":"https:\/\/antiquariatopitanti.it\/wp-content\/uploads\/2022\/09\/R1-CASSETTONE-LUIGI-XIV-PIEMONTESE-NOCE-EPOCA-600-b.jpeg","type":"image\/jpeg"}],"twitter_card":"summary_large_image","twitter_misc":{"Dur\u00e9e de lecture estim\u00e9e":"2 minutes"},"schema":{"@context":"https:\/\/schema.org","@graph":[{"@type":"WebPage","@id":"https:\/\/antiquariatopitanti.it\/fr\/produit\/commode-louis-xiv-canavese-de-600-marqueterie\/","url":"https:\/\/antiquariatopitanti.it\/fr\/produit\/commode-louis-xiv-canavese-de-600-marqueterie\/","name":"Commode Italienne Louis XIV Canavese d'\u00e9poque XVIIe en marqueterie - Pitanti Chesterfield &amp; Vintage","isPartOf":{"@id":"https:\/\/antiquariatopitanti.it\/#website"},"primaryImageOfPage":{"@id":"https:\/\/antiquariatopitanti.it\/fr\/produit\/commode-louis-xiv-canavese-de-600-marqueterie\/#primaryimage"},"image":{"@id":"https:\/\/antiquariatopitanti.it\/fr\/produit\/commode-louis-xiv-canavese-de-600-marqueterie\/#primaryimage"},"thumbnailUrl":"https:\/\/antiquariatopitanti.it\/wp-content\/uploads\/2022\/09\/CASSETTONE-LUIGI-XIV-CANAVESE-NOCE-EPOCA-600-1.jpeg","datePublished":"2022-09-06T15:03:43+00:00","dateModified":"2022-10-14T16:34:28+00:00","breadcrumb":{"@id":"https:\/\/antiquariatopitanti.it\/fr\/produit\/commode-louis-xiv-canavese-de-600-marqueterie\/#breadcrumb"},"inLanguage":"fr-FR","potentialAction":[{"@type":"ReadAction","target":["https:\/\/antiquariatopitanti.it\/fr\/produit\/commode-louis-xiv-canavese-de-600-marqueterie\/"]}]},{"@type":"ImageObject","inLanguage":"fr-FR","@id":"https:\/\/antiquariatopitanti.it\/fr\/produit\/commode-louis-xiv-canavese-de-600-marqueterie\/#primaryimage","url":"https:\/\/antiquariatopitanti.it\/wp-content\/uploads\/2022\/09\/CASSETTONE-LUIGI-XIV-CANAVESE-NOCE-EPOCA-600-1.jpeg","contentUrl":"https:\/\/antiquariatopitanti.it\/wp-content\/uploads\/2022\/09\/CASSETTONE-LUIGI-XIV-CANAVESE-NOCE-EPOCA-600-1.jpeg","width":1008,"height":1344,"caption":"Cassettone Luigi XIV Canavese"},{"@type":"BreadcrumbList","@id":"https:\/\/antiquariatopitanti.it\/fr\/produit\/commode-louis-xiv-canavese-de-600-marqueterie\/#breadcrumb","itemListElement":[{"@type":"ListItem","position":1,"name":"Home","item":"https:\/\/antiquariatopitanti.it\/fr\/home\/"},{"@type":"ListItem","position":2,"name":"Shop","item":"https:\/\/antiquariatopitanti.it\/negozio\/"},{"@type":"ListItem","position":3,"name":"Commode Italienne Louis XIV Canavese d&#8217;\u00e9poque XVIIe en marqueterie"}]},{"@type":"WebSite","@id":"https:\/\/antiquariatopitanti.it\/#website","url":"https:\/\/antiquariatopitanti.it\/","name":"Pitanti Chesterfield &amp; Vintage","description":"","publisher":{"@id":"https:\/\/antiquariatopitanti.it\/#organization"},"potentialAction":[{"@type":"SearchAction","target":{"@type":"EntryPoint","urlTemplate":"https:\/\/antiquariatopitanti.it\/?s={search_term_string}"},"query-input":{"@type":"PropertyValueSpecification","valueRequired":true,"valueName":"search_term_string"}}],"inLanguage":"fr-FR"},{"@type":"Organization","@id":"https:\/\/antiquariatopitanti.it\/#organization","name":"Antiquariato Pitanti","url":"https:\/\/antiquariatopitanti.it\/","logo":{"@type":"ImageObject","inLanguage":"fr-FR","@id":"https:\/\/antiquariatopitanti.it\/#\/schema\/logo\/image\/","url":"https:\/\/antiquariatopitanti.it\/wp-content\/uploads\/2022\/03\/logo-pitanti-new-2.png","contentUrl":"https:\/\/antiquariatopitanti.it\/wp-content\/uploads\/2022\/03\/logo-pitanti-new-2.png","width":944,"height":798,"caption":"Antiquariato Pitanti"},"image":{"@id":"https:\/\/antiquariatopitanti.it\/#\/schema\/logo\/image\/"},"sameAs":["https:\/\/www.facebook.com\/mobili.pitanti.vintage\/"]}]}},"_links":{"self":[{"href":"https:\/\/antiquariatopitanti.it\/fr\/wp-json\/wp\/v2\/product\/5128","targetHints":{"allow":["GET"]}}],"collection":[{"href":"https:\/\/antiquariatopitanti.it\/fr\/wp-json\/wp\/v2\/product"}],"about":[{"href":"https:\/\/antiquariatopitanti.it\/fr\/wp-json\/wp\/v2\/types\/product"}],"wp:featuredmedia":[{"embeddable":true,"href":"https:\/\/antiquariatopitanti.it\/fr\/wp-json\/wp\/v2\/media\/9543"}],"wp:attachment":[{"href":"https:\/\/antiquariatopitanti.it\/fr\/wp-json\/wp\/v2\/media?parent=5128"}],"wp:term":[{"taxonomy":"product_brand","embeddable":true,"href":"https:\/\/antiquariatopitanti.it\/fr\/wp-json\/wp\/v2\/product_brand?post=5128"},{"taxonomy":"product_cat","embeddable":true,"href":"https:\/\/antiquariatopitanti.it\/fr\/wp-json\/wp\/v2\/product_cat?post=5128"},{"taxonomy":"product_tag","embeddable":true,"href":"https:\/\/antiquariatopitanti.it\/fr\/wp-json\/wp\/v2\/product_tag?post=5128"}],"curies":[{"name":"wp","href":"https:\/\/api.w.org\/{rel}","templated":true}]}}