{"id":5101,"date":"2022-04-20T11:11:53","date_gmt":"2022-09-05T06:37:42","guid":{"rendered":"https:\/\/antiquariatopitanti.it\/prodotto\/bureau-des-annees-60-antiquites-modernes\/"},"modified":"2022-10-14T12:22:18","modified_gmt":"2022-10-14T10:22:18","slug":"bureau-dassi-annees-60-moderne","status":"publish","type":"product","link":"https:\/\/antiquariatopitanti.it\/fr\/prodotto\/bureau-dassi-annees-60-moderne\/","title":{"rendered":"Bureau des ann\u00e9es 60 Antiquit\u00e9s modernes"},"content":{"rendered":"<h4 class=\"primary-subtitle\">Les meubles de Vittorio Dassi (1893-1973), r\u00e9alis\u00e9s dans les ann\u00e9es 40 et 50, se distinguent par le choix de bois pr\u00e9cieux comme le palissandre, le cerisier, le fr\u00eane et le noyer, souvent d\u00e9cor\u00e9s de panneaux incrust\u00e9s et de cristaux sign\u00e9s par de grands ma\u00eetres verriers. Design \u00e9l\u00e9gant sans perte de qualit\u00e9 fonctionnelle, son mobilier peut \u00eatre compar\u00e9 au style raffin\u00e9 de Gio Ponti, auquel Vittorio \u00e9tait li\u00e9 par d&rsquo;importantes collaborations apr\u00e8s avoir succ\u00e9d\u00e9 \u00e0 son p\u00e8re dans l&rsquo;entreprise Dassi Mobili Moderni \u00e0 Lissone. Parmi les projets les plus importants de l&rsquo;usine, il y a en effet la r\u00e9alisation du mobilier des chambres de l&rsquo;h\u00f4tel Royal de Naples, con\u00e7u par Ponti au milieu des ann\u00e9es 1950, une p\u00e9riode qui marque le tournant de Dassi vers des formes plus sch\u00e9matiques et du bois de teck. .pour la production de meubles modulaires.<\/h4>\n","protected":false},"excerpt":{"rendered":"<p>Ref.: Mod 15<br \/>\n<strong>bureau des ann\u00e9es 1960<\/strong><br \/>\n<strong>Brand<\/strong>: DASSI<br \/>\n<strong>Origine<\/strong> : Italienne<br \/>\n<strong>P\u00e9riode : 1960<\/strong><br \/>\n<strong>Mat\u00e9riau<\/strong>: Bois de laiton<br \/>\n<strong>Mesures<\/strong> : L. 160 cm x P. 80 cm x H.76 cm<br \/>\n<strong>\u00c9tat conservatif<\/strong> : Restaur\u00e9<\/p>\n","protected":false},"featured_media":8154,"template":"","meta":[],"product_brand":[],"product_cat":[640,642],"product_tag":[1113,985,988],"class_list":{"0":"post-5101","1":"product","2":"type-product","3":"status-publish","4":"has-post-thumbnail","6":"product_cat-art-moderne","7":"product_cat-mobilier-et-design-contemporain","8":"product_tag-antiquites-modernes-italiennes-des-annees-1960","9":"product_tag-deco-annees-60","10":"product_tag-decor-de-bureau-vintage","11":"entry","12":"has-media","14":"first","15":"instock","16":"sold-individually","17":"shipping-taxable","18":"purchasable","19":"product-type-simple"},"yoast_head":"<!-- This site is optimized with the Yoast SEO plugin v27.4 - https:\/\/yoast.com\/product\/yoast-seo-wordpress\/ -->\n<title>Bureau des ann\u00e9es 60 Antiquit\u00e9s modernes - Pitanti Chesterfield &amp; Vintage<\/title>\n<meta name=\"robots\" content=\"index, follow, max-snippet:-1, max-image-preview:large, max-video-preview:-1\" \/>\n<link rel=\"canonical\" href=\"https:\/\/antiquariatopitanti.it\/fr\/produit\/bureau-dassi-annees-60-moderne\/\" \/>\n<meta property=\"og:locale\" content=\"fr_FR\" \/>\n<meta property=\"og:type\" content=\"article\" \/>\n<meta property=\"og:title\" content=\"Bureau des ann\u00e9es 60 Antiquit\u00e9s modernes - Pitanti Chesterfield &amp; Vintage\" \/>\n<meta property=\"og:description\" content=\"Ref.: Mod 15 bureau des ann\u00e9es 1960 Brand: DASSI Origine : Italienne P\u00e9riode : 1960 Mat\u00e9riau: Bois de laiton Mesures : L. 160 cm x P. 80 cm x H.76 cm \u00c9tat conservatif : Restaur\u00e9\" \/>\n<meta property=\"og:url\" content=\"https:\/\/antiquariatopitanti.it\/fr\/produit\/bureau-dassi-annees-60-moderne\/\" \/>\n<meta property=\"og:site_name\" content=\"Pitanti Chesterfield &amp; Vintage\" \/>\n<meta property=\"article:publisher\" content=\"https:\/\/www.facebook.com\/mobili.pitanti.vintage\/\" \/>\n<meta property=\"article:modified_time\" content=\"2022-10-14T10:22:18+00:00\" \/>\n<meta property=\"og:image\" content=\"https:\/\/antiquariatopitanti.it\/wp-content\/uploads\/2022\/04\/Mod15-scrivania-anni-60-dassi-a-Copy.jpeg\" \/>\n\t<meta property=\"og:image:width\" content=\"1008\" \/>\n\t<meta property=\"og:image:height\" content=\"1344\" \/>\n\t<meta property=\"og:image:type\" content=\"image\/jpeg\" \/>\n<meta name=\"twitter:card\" content=\"summary_large_image\" \/>\n<meta name=\"twitter:label1\" content=\"Dur\u00e9e de lecture estim\u00e9e\" \/>\n\t<meta name=\"twitter:data1\" content=\"1 minute\" \/>\n<script type=\"application\/ld+json\" class=\"yoast-schema-graph\">{\"@context\":\"https:\\\/\\\/schema.org\",\"@graph\":[{\"@type\":\"WebPage\",\"@id\":\"https:\\\/\\\/antiquariatopitanti.it\\\/fr\\\/produit\\\/bureau-dassi-annees-60-moderne\\\/\",\"url\":\"https:\\\/\\\/antiquariatopitanti.it\\\/fr\\\/produit\\\/bureau-dassi-annees-60-moderne\\\/\",\"name\":\"Bureau des ann\u00e9es 60 Antiquit\u00e9s modernes - Pitanti Chesterfield &amp; Vintage\",\"isPartOf\":{\"@id\":\"https:\\\/\\\/antiquariatopitanti.it\\\/#website\"},\"primaryImageOfPage\":{\"@id\":\"https:\\\/\\\/antiquariatopitanti.it\\\/fr\\\/produit\\\/bureau-dassi-annees-60-moderne\\\/#primaryimage\"},\"image\":{\"@id\":\"https:\\\/\\\/antiquariatopitanti.it\\\/fr\\\/produit\\\/bureau-dassi-annees-60-moderne\\\/#primaryimage\"},\"thumbnailUrl\":\"https:\\\/\\\/antiquariatopitanti.it\\\/wp-content\\\/uploads\\\/2022\\\/04\\\/Scrivania-Dassi-anni-60-mid-century-italian-design-b.jpeg\",\"datePublished\":\"2022-09-05T06:37:42+00:00\",\"dateModified\":\"2022-10-14T10:22:18+00:00\",\"breadcrumb\":{\"@id\":\"https:\\\/\\\/antiquariatopitanti.it\\\/fr\\\/produit\\\/bureau-dassi-annees-60-moderne\\\/#breadcrumb\"},\"inLanguage\":\"fr-FR\",\"potentialAction\":[{\"@type\":\"ReadAction\",\"target\":[\"https:\\\/\\\/antiquariatopitanti.it\\\/fr\\\/produit\\\/bureau-dassi-annees-60-moderne\\\/\"]}]},{\"@type\":\"ImageObject\",\"inLanguage\":\"fr-FR\",\"@id\":\"https:\\\/\\\/antiquariatopitanti.it\\\/fr\\\/produit\\\/bureau-dassi-annees-60-moderne\\\/#primaryimage\",\"url\":\"https:\\\/\\\/antiquariatopitanti.it\\\/wp-content\\\/uploads\\\/2022\\\/04\\\/Scrivania-Dassi-anni-60-mid-century-italian-design-b.jpeg\",\"contentUrl\":\"https:\\\/\\\/antiquariatopitanti.it\\\/wp-content\\\/uploads\\\/2022\\\/04\\\/Scrivania-Dassi-anni-60-mid-century-italian-design-b.jpeg\",\"width\":1008,\"height\":1344,\"caption\":\"Scrivania Dassi anni'60\"},{\"@type\":\"BreadcrumbList\",\"@id\":\"https:\\\/\\\/antiquariatopitanti.it\\\/fr\\\/produit\\\/bureau-dassi-annees-60-moderne\\\/#breadcrumb\",\"itemListElement\":[{\"@type\":\"ListItem\",\"position\":1,\"name\":\"Home\",\"item\":\"https:\\\/\\\/antiquariatopitanti.it\\\/fr\\\/home\\\/\"},{\"@type\":\"ListItem\",\"position\":2,\"name\":\"Shop\",\"item\":\"https:\\\/\\\/antiquariatopitanti.it\\\/negozio\\\/\"},{\"@type\":\"ListItem\",\"position\":3,\"name\":\"Bureau des ann\u00e9es 60 Antiquit\u00e9s modernes\"}]},{\"@type\":\"WebSite\",\"@id\":\"https:\\\/\\\/antiquariatopitanti.it\\\/#website\",\"url\":\"https:\\\/\\\/antiquariatopitanti.it\\\/\",\"name\":\"Pitanti Chesterfield &amp; Vintage\",\"description\":\"\",\"publisher\":{\"@id\":\"https:\\\/\\\/antiquariatopitanti.it\\\/#organization\"},\"potentialAction\":[{\"@type\":\"SearchAction\",\"target\":{\"@type\":\"EntryPoint\",\"urlTemplate\":\"https:\\\/\\\/antiquariatopitanti.it\\\/?s={search_term_string}\"},\"query-input\":{\"@type\":\"PropertyValueSpecification\",\"valueRequired\":true,\"valueName\":\"search_term_string\"}}],\"inLanguage\":\"fr-FR\"},{\"@type\":\"Organization\",\"@id\":\"https:\\\/\\\/antiquariatopitanti.it\\\/#organization\",\"name\":\"Antiquariato Pitanti\",\"url\":\"https:\\\/\\\/antiquariatopitanti.it\\\/\",\"logo\":{\"@type\":\"ImageObject\",\"inLanguage\":\"fr-FR\",\"@id\":\"https:\\\/\\\/antiquariatopitanti.it\\\/#\\\/schema\\\/logo\\\/image\\\/\",\"url\":\"https:\\\/\\\/antiquariatopitanti.it\\\/wp-content\\\/uploads\\\/2022\\\/03\\\/logo-pitanti-new-2.png\",\"contentUrl\":\"https:\\\/\\\/antiquariatopitanti.it\\\/wp-content\\\/uploads\\\/2022\\\/03\\\/logo-pitanti-new-2.png\",\"width\":944,\"height\":798,\"caption\":\"Antiquariato Pitanti\"},\"image\":{\"@id\":\"https:\\\/\\\/antiquariatopitanti.it\\\/#\\\/schema\\\/logo\\\/image\\\/\"},\"sameAs\":[\"https:\\\/\\\/www.facebook.com\\\/mobili.pitanti.vintage\\\/\"]}]}<\/script>\n<!-- \/ Yoast SEO plugin. -->","yoast_head_json":{"title":"Bureau des ann\u00e9es 60 Antiquit\u00e9s modernes - Pitanti Chesterfield &amp; Vintage","robots":{"index":"index","follow":"follow","max-snippet":"max-snippet:-1","max-image-preview":"max-image-preview:large","max-video-preview":"max-video-preview:-1"},"canonical":"https:\/\/antiquariatopitanti.it\/fr\/produit\/bureau-dassi-annees-60-moderne\/","og_locale":"fr_FR","og_type":"article","og_title":"Bureau des ann\u00e9es 60 Antiquit\u00e9s modernes - Pitanti Chesterfield &amp; Vintage","og_description":"Ref.: Mod 15 bureau des ann\u00e9es 1960 Brand: DASSI Origine : Italienne P\u00e9riode : 1960 Mat\u00e9riau: Bois de laiton Mesures : L. 160 cm x P. 80 cm x H.76 cm \u00c9tat conservatif : Restaur\u00e9","og_url":"https:\/\/antiquariatopitanti.it\/fr\/produit\/bureau-dassi-annees-60-moderne\/","og_site_name":"Pitanti Chesterfield &amp; Vintage","article_publisher":"https:\/\/www.facebook.com\/mobili.pitanti.vintage\/","article_modified_time":"2022-10-14T10:22:18+00:00","og_image":[{"width":1008,"height":1344,"url":"https:\/\/antiquariatopitanti.it\/wp-content\/uploads\/2022\/04\/Mod15-scrivania-anni-60-dassi-a-Copy.jpeg","type":"image\/jpeg"}],"twitter_card":"summary_large_image","twitter_misc":{"Dur\u00e9e de lecture estim\u00e9e":"1 minute"},"schema":{"@context":"https:\/\/schema.org","@graph":[{"@type":"WebPage","@id":"https:\/\/antiquariatopitanti.it\/fr\/produit\/bureau-dassi-annees-60-moderne\/","url":"https:\/\/antiquariatopitanti.it\/fr\/produit\/bureau-dassi-annees-60-moderne\/","name":"Bureau des ann\u00e9es 60 Antiquit\u00e9s modernes - Pitanti Chesterfield &amp; Vintage","isPartOf":{"@id":"https:\/\/antiquariatopitanti.it\/#website"},"primaryImageOfPage":{"@id":"https:\/\/antiquariatopitanti.it\/fr\/produit\/bureau-dassi-annees-60-moderne\/#primaryimage"},"image":{"@id":"https:\/\/antiquariatopitanti.it\/fr\/produit\/bureau-dassi-annees-60-moderne\/#primaryimage"},"thumbnailUrl":"https:\/\/antiquariatopitanti.it\/wp-content\/uploads\/2022\/04\/Scrivania-Dassi-anni-60-mid-century-italian-design-b.jpeg","datePublished":"2022-09-05T06:37:42+00:00","dateModified":"2022-10-14T10:22:18+00:00","breadcrumb":{"@id":"https:\/\/antiquariatopitanti.it\/fr\/produit\/bureau-dassi-annees-60-moderne\/#breadcrumb"},"inLanguage":"fr-FR","potentialAction":[{"@type":"ReadAction","target":["https:\/\/antiquariatopitanti.it\/fr\/produit\/bureau-dassi-annees-60-moderne\/"]}]},{"@type":"ImageObject","inLanguage":"fr-FR","@id":"https:\/\/antiquariatopitanti.it\/fr\/produit\/bureau-dassi-annees-60-moderne\/#primaryimage","url":"https:\/\/antiquariatopitanti.it\/wp-content\/uploads\/2022\/04\/Scrivania-Dassi-anni-60-mid-century-italian-design-b.jpeg","contentUrl":"https:\/\/antiquariatopitanti.it\/wp-content\/uploads\/2022\/04\/Scrivania-Dassi-anni-60-mid-century-italian-design-b.jpeg","width":1008,"height":1344,"caption":"Scrivania Dassi anni'60"},{"@type":"BreadcrumbList","@id":"https:\/\/antiquariatopitanti.it\/fr\/produit\/bureau-dassi-annees-60-moderne\/#breadcrumb","itemListElement":[{"@type":"ListItem","position":1,"name":"Home","item":"https:\/\/antiquariatopitanti.it\/fr\/home\/"},{"@type":"ListItem","position":2,"name":"Shop","item":"https:\/\/antiquariatopitanti.it\/negozio\/"},{"@type":"ListItem","position":3,"name":"Bureau des ann\u00e9es 60 Antiquit\u00e9s modernes"}]},{"@type":"WebSite","@id":"https:\/\/antiquariatopitanti.it\/#website","url":"https:\/\/antiquariatopitanti.it\/","name":"Pitanti Chesterfield &amp; Vintage","description":"","publisher":{"@id":"https:\/\/antiquariatopitanti.it\/#organization"},"potentialAction":[{"@type":"SearchAction","target":{"@type":"EntryPoint","urlTemplate":"https:\/\/antiquariatopitanti.it\/?s={search_term_string}"},"query-input":{"@type":"PropertyValueSpecification","valueRequired":true,"valueName":"search_term_string"}}],"inLanguage":"fr-FR"},{"@type":"Organization","@id":"https:\/\/antiquariatopitanti.it\/#organization","name":"Antiquariato Pitanti","url":"https:\/\/antiquariatopitanti.it\/","logo":{"@type":"ImageObject","inLanguage":"fr-FR","@id":"https:\/\/antiquariatopitanti.it\/#\/schema\/logo\/image\/","url":"https:\/\/antiquariatopitanti.it\/wp-content\/uploads\/2022\/03\/logo-pitanti-new-2.png","contentUrl":"https:\/\/antiquariatopitanti.it\/wp-content\/uploads\/2022\/03\/logo-pitanti-new-2.png","width":944,"height":798,"caption":"Antiquariato Pitanti"},"image":{"@id":"https:\/\/antiquariatopitanti.it\/#\/schema\/logo\/image\/"},"sameAs":["https:\/\/www.facebook.com\/mobili.pitanti.vintage\/"]}]}},"_links":{"self":[{"href":"https:\/\/antiquariatopitanti.it\/fr\/wp-json\/wp\/v2\/product\/5101","targetHints":{"allow":["GET"]}}],"collection":[{"href":"https:\/\/antiquariatopitanti.it\/fr\/wp-json\/wp\/v2\/product"}],"about":[{"href":"https:\/\/antiquariatopitanti.it\/fr\/wp-json\/wp\/v2\/types\/product"}],"wp:featuredmedia":[{"embeddable":true,"href":"https:\/\/antiquariatopitanti.it\/fr\/wp-json\/wp\/v2\/media\/8154"}],"wp:attachment":[{"href":"https:\/\/antiquariatopitanti.it\/fr\/wp-json\/wp\/v2\/media?parent=5101"}],"wp:term":[{"taxonomy":"product_brand","embeddable":true,"href":"https:\/\/antiquariatopitanti.it\/fr\/wp-json\/wp\/v2\/product_brand?post=5101"},{"taxonomy":"product_cat","embeddable":true,"href":"https:\/\/antiquariatopitanti.it\/fr\/wp-json\/wp\/v2\/product_cat?post=5101"},{"taxonomy":"product_tag","embeddable":true,"href":"https:\/\/antiquariatopitanti.it\/fr\/wp-json\/wp\/v2\/product_tag?post=5101"}],"curies":[{"name":"wp","href":"https:\/\/api.w.org\/{rel}","templated":true}]}}