{"id":5094,"date":"2022-04-15T15:47:48","date_gmt":"2022-09-04T16:26:49","guid":{"rendered":"https:\/\/antiquariatopitanti.it\/prodotto\/vitrine-moderne-des-annees-1960\/"},"modified":"2022-11-17T17:42:21","modified_gmt":"2022-11-17T16:42:21","slug":"vitrine-moderne-des-annees-1960","status":"publish","type":"product","link":"https:\/\/antiquariatopitanti.it\/fr\/prodotto\/vitrine-moderne-des-annees-1960\/","title":{"rendered":"Vitrine design contemporain des ann\u00e9es 80"},"content":{"rendered":"<p>Vitrine italienne en acier et verre attribu\u00e9e \u00e0 Willy Rizzo, design contemporain des ann\u00e9es 1980, art moderne italien, d&rsquo;un c\u00f4t\u00e9 elle est ferm\u00e9e par un seul verre, avec 3 \u00e9tag\u00e8res int\u00e9rieures, la patine est d&rsquo;origine de l&rsquo;\u00e9poque<\/p>\n","protected":false},"excerpt":{"rendered":"<p>Ref.:Mod: 25<br \/>\n<strong>Vitrine en acier et verre<\/strong><br \/>\n<strong>Origine<\/strong> : Italienne<br \/>\n<strong>Anciennet\u00e9<\/strong> : attribu\u00e9e \u00e0 Willy Rizzo des ann\u00e9es 80<br \/>\n<strong>Mesures<\/strong>: L.76 cm X P. 37 cm x H. 174 cm<br \/>\n<strong>Etat conservatif<\/strong> : patine d&rsquo;origine<\/p>\n<p><em><strong>CONTACT POUR LE PRIX+39 3929514115<\/strong><\/em><\/p>\n","protected":false},"featured_media":2300,"template":"","meta":[],"product_brand":[],"product_cat":[640,642],"product_tag":[1112,815,1113],"class_list":{"0":"post-5094","1":"product","2":"type-product","3":"status-publish","4":"has-post-thumbnail","6":"product_cat-art-moderne","7":"product_cat-mobilier-et-design-contemporain","8":"product_tag-antiquites-modernes-des-annees-1960","9":"product_tag-antiquites-modernes-italiennes","10":"product_tag-antiquites-modernes-italiennes-des-annees-1960","11":"entry","12":"has-media","14":"first","15":"instock","16":"sold-individually","17":"shipping-taxable","18":"product-type-simple"},"yoast_head":"<!-- This site is optimized with the Yoast SEO plugin v27.4 - https:\/\/yoast.com\/product\/yoast-seo-wordpress\/ -->\n<title>Vitrine design contemporain des ann\u00e9es 80 - Pitanti Chesterfield &amp; Vintage<\/title>\n<meta name=\"robots\" content=\"index, follow, max-snippet:-1, max-image-preview:large, max-video-preview:-1\" \/>\n<link rel=\"canonical\" href=\"https:\/\/antiquariatopitanti.it\/fr\/prodotto\/vitrine-moderne-des-annees-1960\/\" \/>\n<meta property=\"og:locale\" content=\"fr_FR\" \/>\n<meta property=\"og:type\" content=\"article\" \/>\n<meta property=\"og:title\" content=\"Vitrine design contemporain des ann\u00e9es 80 - Pitanti Chesterfield &amp; Vintage\" \/>\n<meta property=\"og:description\" content=\"Ref.:Mod: 25 Vitrine en acier et verre Origine : Italienne Anciennet\u00e9 : attribu\u00e9e \u00e0 Willy Rizzo des ann\u00e9es 80 Mesures: L.76 cm X P. 37 cm x H. 174 cm Etat conservatif : patine d&#039;origine CONTACT POUR LE PRIX+39 3929514115\" \/>\n<meta property=\"og:url\" content=\"https:\/\/antiquariatopitanti.it\/fr\/prodotto\/vitrine-moderne-des-annees-1960\/\" \/>\n<meta property=\"og:site_name\" content=\"Pitanti Chesterfield &amp; Vintage\" \/>\n<meta property=\"article:publisher\" content=\"https:\/\/www.facebook.com\/mobili.pitanti.vintage\/\" \/>\n<meta property=\"article:modified_time\" content=\"2022-11-17T16:42:21+00:00\" \/>\n<meta property=\"og:image\" content=\"https:\/\/antiquariatopitanti.it\/wp-content\/uploads\/2022\/04\/mod25-vetrina-italiana-modernariato-anni60-e.jpg\" \/>\n\t<meta property=\"og:image:width\" content=\"480\" \/>\n\t<meta property=\"og:image:height\" content=\"640\" \/>\n\t<meta property=\"og:image:type\" content=\"image\/jpeg\" \/>\n<meta name=\"twitter:card\" content=\"summary_large_image\" \/>\n<script type=\"application\/ld+json\" class=\"yoast-schema-graph\">{\"@context\":\"https:\\\/\\\/schema.org\",\"@graph\":[{\"@type\":\"WebPage\",\"@id\":\"https:\\\/\\\/antiquariatopitanti.it\\\/fr\\\/prodotto\\\/vitrine-moderne-des-annees-1960\\\/\",\"url\":\"https:\\\/\\\/antiquariatopitanti.it\\\/fr\\\/prodotto\\\/vitrine-moderne-des-annees-1960\\\/\",\"name\":\"Vitrine design contemporain des ann\u00e9es 80 - Pitanti Chesterfield &amp; Vintage\",\"isPartOf\":{\"@id\":\"https:\\\/\\\/antiquariatopitanti.it\\\/#website\"},\"primaryImageOfPage\":{\"@id\":\"https:\\\/\\\/antiquariatopitanti.it\\\/fr\\\/prodotto\\\/vitrine-moderne-des-annees-1960\\\/#primaryimage\"},\"image\":{\"@id\":\"https:\\\/\\\/antiquariatopitanti.it\\\/fr\\\/prodotto\\\/vitrine-moderne-des-annees-1960\\\/#primaryimage\"},\"thumbnailUrl\":\"https:\\\/\\\/antiquariatopitanti.it\\\/wp-content\\\/uploads\\\/2022\\\/04\\\/mod25-vetrina-italiana-modernariato-anni60-e.jpg\",\"datePublished\":\"2022-09-04T16:26:49+00:00\",\"dateModified\":\"2022-11-17T16:42:21+00:00\",\"breadcrumb\":{\"@id\":\"https:\\\/\\\/antiquariatopitanti.it\\\/fr\\\/prodotto\\\/vitrine-moderne-des-annees-1960\\\/#breadcrumb\"},\"inLanguage\":\"fr-FR\",\"potentialAction\":[{\"@type\":\"ReadAction\",\"target\":[\"https:\\\/\\\/antiquariatopitanti.it\\\/fr\\\/prodotto\\\/vitrine-moderne-des-annees-1960\\\/\"]}]},{\"@type\":\"ImageObject\",\"inLanguage\":\"fr-FR\",\"@id\":\"https:\\\/\\\/antiquariatopitanti.it\\\/fr\\\/prodotto\\\/vitrine-moderne-des-annees-1960\\\/#primaryimage\",\"url\":\"https:\\\/\\\/antiquariatopitanti.it\\\/wp-content\\\/uploads\\\/2022\\\/04\\\/mod25-vetrina-italiana-modernariato-anni60-e.jpg\",\"contentUrl\":\"https:\\\/\\\/antiquariatopitanti.it\\\/wp-content\\\/uploads\\\/2022\\\/04\\\/mod25-vetrina-italiana-modernariato-anni60-e.jpg\",\"width\":480,\"height\":640},{\"@type\":\"BreadcrumbList\",\"@id\":\"https:\\\/\\\/antiquariatopitanti.it\\\/fr\\\/prodotto\\\/vitrine-moderne-des-annees-1960\\\/#breadcrumb\",\"itemListElement\":[{\"@type\":\"ListItem\",\"position\":1,\"name\":\"Home\",\"item\":\"https:\\\/\\\/antiquariatopitanti.it\\\/fr\\\/home\\\/\"},{\"@type\":\"ListItem\",\"position\":2,\"name\":\"Shop\",\"item\":\"https:\\\/\\\/antiquariatopitanti.it\\\/negozio\\\/\"},{\"@type\":\"ListItem\",\"position\":3,\"name\":\"Vitrine design contemporain des ann\u00e9es 80\"}]},{\"@type\":\"WebSite\",\"@id\":\"https:\\\/\\\/antiquariatopitanti.it\\\/#website\",\"url\":\"https:\\\/\\\/antiquariatopitanti.it\\\/\",\"name\":\"Pitanti Chesterfield &amp; Vintage\",\"description\":\"\",\"publisher\":{\"@id\":\"https:\\\/\\\/antiquariatopitanti.it\\\/#organization\"},\"potentialAction\":[{\"@type\":\"SearchAction\",\"target\":{\"@type\":\"EntryPoint\",\"urlTemplate\":\"https:\\\/\\\/antiquariatopitanti.it\\\/?s={search_term_string}\"},\"query-input\":{\"@type\":\"PropertyValueSpecification\",\"valueRequired\":true,\"valueName\":\"search_term_string\"}}],\"inLanguage\":\"fr-FR\"},{\"@type\":\"Organization\",\"@id\":\"https:\\\/\\\/antiquariatopitanti.it\\\/#organization\",\"name\":\"Antiquariato Pitanti\",\"url\":\"https:\\\/\\\/antiquariatopitanti.it\\\/\",\"logo\":{\"@type\":\"ImageObject\",\"inLanguage\":\"fr-FR\",\"@id\":\"https:\\\/\\\/antiquariatopitanti.it\\\/#\\\/schema\\\/logo\\\/image\\\/\",\"url\":\"https:\\\/\\\/antiquariatopitanti.it\\\/wp-content\\\/uploads\\\/2022\\\/03\\\/logo-pitanti-new-2.png\",\"contentUrl\":\"https:\\\/\\\/antiquariatopitanti.it\\\/wp-content\\\/uploads\\\/2022\\\/03\\\/logo-pitanti-new-2.png\",\"width\":944,\"height\":798,\"caption\":\"Antiquariato Pitanti\"},\"image\":{\"@id\":\"https:\\\/\\\/antiquariatopitanti.it\\\/#\\\/schema\\\/logo\\\/image\\\/\"},\"sameAs\":[\"https:\\\/\\\/www.facebook.com\\\/mobili.pitanti.vintage\\\/\"]}]}<\/script>\n<!-- \/ Yoast SEO plugin. -->","yoast_head_json":{"title":"Vitrine design contemporain des ann\u00e9es 80 - Pitanti Chesterfield &amp; Vintage","robots":{"index":"index","follow":"follow","max-snippet":"max-snippet:-1","max-image-preview":"max-image-preview:large","max-video-preview":"max-video-preview:-1"},"canonical":"https:\/\/antiquariatopitanti.it\/fr\/prodotto\/vitrine-moderne-des-annees-1960\/","og_locale":"fr_FR","og_type":"article","og_title":"Vitrine design contemporain des ann\u00e9es 80 - Pitanti Chesterfield &amp; Vintage","og_description":"Ref.:Mod: 25 Vitrine en acier et verre Origine : Italienne Anciennet\u00e9 : attribu\u00e9e \u00e0 Willy Rizzo des ann\u00e9es 80 Mesures: L.76 cm X P. 37 cm x H. 174 cm Etat conservatif : patine d'origine CONTACT POUR LE PRIX+39 3929514115","og_url":"https:\/\/antiquariatopitanti.it\/fr\/prodotto\/vitrine-moderne-des-annees-1960\/","og_site_name":"Pitanti Chesterfield &amp; Vintage","article_publisher":"https:\/\/www.facebook.com\/mobili.pitanti.vintage\/","article_modified_time":"2022-11-17T16:42:21+00:00","og_image":[{"width":480,"height":640,"url":"https:\/\/antiquariatopitanti.it\/wp-content\/uploads\/2022\/04\/mod25-vetrina-italiana-modernariato-anni60-e.jpg","type":"image\/jpeg"}],"twitter_card":"summary_large_image","schema":{"@context":"https:\/\/schema.org","@graph":[{"@type":"WebPage","@id":"https:\/\/antiquariatopitanti.it\/fr\/prodotto\/vitrine-moderne-des-annees-1960\/","url":"https:\/\/antiquariatopitanti.it\/fr\/prodotto\/vitrine-moderne-des-annees-1960\/","name":"Vitrine design contemporain des ann\u00e9es 80 - Pitanti Chesterfield &amp; Vintage","isPartOf":{"@id":"https:\/\/antiquariatopitanti.it\/#website"},"primaryImageOfPage":{"@id":"https:\/\/antiquariatopitanti.it\/fr\/prodotto\/vitrine-moderne-des-annees-1960\/#primaryimage"},"image":{"@id":"https:\/\/antiquariatopitanti.it\/fr\/prodotto\/vitrine-moderne-des-annees-1960\/#primaryimage"},"thumbnailUrl":"https:\/\/antiquariatopitanti.it\/wp-content\/uploads\/2022\/04\/mod25-vetrina-italiana-modernariato-anni60-e.jpg","datePublished":"2022-09-04T16:26:49+00:00","dateModified":"2022-11-17T16:42:21+00:00","breadcrumb":{"@id":"https:\/\/antiquariatopitanti.it\/fr\/prodotto\/vitrine-moderne-des-annees-1960\/#breadcrumb"},"inLanguage":"fr-FR","potentialAction":[{"@type":"ReadAction","target":["https:\/\/antiquariatopitanti.it\/fr\/prodotto\/vitrine-moderne-des-annees-1960\/"]}]},{"@type":"ImageObject","inLanguage":"fr-FR","@id":"https:\/\/antiquariatopitanti.it\/fr\/prodotto\/vitrine-moderne-des-annees-1960\/#primaryimage","url":"https:\/\/antiquariatopitanti.it\/wp-content\/uploads\/2022\/04\/mod25-vetrina-italiana-modernariato-anni60-e.jpg","contentUrl":"https:\/\/antiquariatopitanti.it\/wp-content\/uploads\/2022\/04\/mod25-vetrina-italiana-modernariato-anni60-e.jpg","width":480,"height":640},{"@type":"BreadcrumbList","@id":"https:\/\/antiquariatopitanti.it\/fr\/prodotto\/vitrine-moderne-des-annees-1960\/#breadcrumb","itemListElement":[{"@type":"ListItem","position":1,"name":"Home","item":"https:\/\/antiquariatopitanti.it\/fr\/home\/"},{"@type":"ListItem","position":2,"name":"Shop","item":"https:\/\/antiquariatopitanti.it\/negozio\/"},{"@type":"ListItem","position":3,"name":"Vitrine design contemporain des ann\u00e9es 80"}]},{"@type":"WebSite","@id":"https:\/\/antiquariatopitanti.it\/#website","url":"https:\/\/antiquariatopitanti.it\/","name":"Pitanti Chesterfield &amp; Vintage","description":"","publisher":{"@id":"https:\/\/antiquariatopitanti.it\/#organization"},"potentialAction":[{"@type":"SearchAction","target":{"@type":"EntryPoint","urlTemplate":"https:\/\/antiquariatopitanti.it\/?s={search_term_string}"},"query-input":{"@type":"PropertyValueSpecification","valueRequired":true,"valueName":"search_term_string"}}],"inLanguage":"fr-FR"},{"@type":"Organization","@id":"https:\/\/antiquariatopitanti.it\/#organization","name":"Antiquariato Pitanti","url":"https:\/\/antiquariatopitanti.it\/","logo":{"@type":"ImageObject","inLanguage":"fr-FR","@id":"https:\/\/antiquariatopitanti.it\/#\/schema\/logo\/image\/","url":"https:\/\/antiquariatopitanti.it\/wp-content\/uploads\/2022\/03\/logo-pitanti-new-2.png","contentUrl":"https:\/\/antiquariatopitanti.it\/wp-content\/uploads\/2022\/03\/logo-pitanti-new-2.png","width":944,"height":798,"caption":"Antiquariato Pitanti"},"image":{"@id":"https:\/\/antiquariatopitanti.it\/#\/schema\/logo\/image\/"},"sameAs":["https:\/\/www.facebook.com\/mobili.pitanti.vintage\/"]}]}},"_links":{"self":[{"href":"https:\/\/antiquariatopitanti.it\/fr\/wp-json\/wp\/v2\/product\/5094","targetHints":{"allow":["GET"]}}],"collection":[{"href":"https:\/\/antiquariatopitanti.it\/fr\/wp-json\/wp\/v2\/product"}],"about":[{"href":"https:\/\/antiquariatopitanti.it\/fr\/wp-json\/wp\/v2\/types\/product"}],"wp:featuredmedia":[{"embeddable":true,"href":"https:\/\/antiquariatopitanti.it\/fr\/wp-json\/wp\/v2\/media\/2300"}],"wp:attachment":[{"href":"https:\/\/antiquariatopitanti.it\/fr\/wp-json\/wp\/v2\/media?parent=5094"}],"wp:term":[{"taxonomy":"product_brand","embeddable":true,"href":"https:\/\/antiquariatopitanti.it\/fr\/wp-json\/wp\/v2\/product_brand?post=5094"},{"taxonomy":"product_cat","embeddable":true,"href":"https:\/\/antiquariatopitanti.it\/fr\/wp-json\/wp\/v2\/product_cat?post=5094"},{"taxonomy":"product_tag","embeddable":true,"href":"https:\/\/antiquariatopitanti.it\/fr\/wp-json\/wp\/v2\/product_tag?post=5094"}],"curies":[{"name":"wp","href":"https:\/\/api.w.org\/{rel}","templated":true}]}}