{"id":5093,"date":"2022-04-15T17:12:06","date_gmt":"2022-09-04T16:19:53","guid":{"rendered":"https:\/\/antiquariatopitanti.it\/prodotto\/vitrine-dantiquites-francaises-vernis-martin\/"},"modified":"2022-10-14T11:14:55","modified_gmt":"2022-10-14T09:14:55","slug":"vitrine-antiquites-francaises-vernis-martin","status":"publish","type":"product","link":"https:\/\/antiquariatopitanti.it\/fr\/prodotto\/vitrine-antiquites-francaises-vernis-martin\/","title":{"rendered":"Vitrine d&rsquo;antiquit\u00e9s fran\u00e7aises Vernis Martin"},"content":{"rendered":"<p>Les <i>Vernis Martin<\/i> ont \u00e9t\u00e9 con\u00e7us en concurrence avec des panneaux de laque de Chine, import\u00e9s et tr\u00e8s chers. Le <a title=\"style Louis XV\" href=\"https:\/\/it.wikipedia.org\/wiki\/Stile_Luigi_XV\">style Louis XV<\/a> avait chang\u00e9 le profil des meubles, en particulier les confortables \u00e0 la mode avaient des c\u00f4t\u00e9s arrondis, de sorte que les panneaux chinois carr\u00e9s n&rsquo;\u00e9taient pas utilisables. Ce type de peinture, en revanche, \u00e0 base de <a title=\"Copal\" href=\"https:\/\/it.wikipedia.org\/wiki\/Copale\">copal<\/a> m\u00e9lang\u00e9 \u00e0 une couleur de base &#8211; rouge Pompadour, vert, gris, ivoire, noir &#8211; avec des mouchetures d&rsquo;or, avait l&rsquo;avantage d&rsquo;\u00eatre utilisable sur n&rsquo;importe quelle surface : lisse ou arrondie. La technique a \u00e9t\u00e9 mise au point en 1728 par les fr\u00e8res Martin qui en d\u00e9tiennent le monopole pendant vingt ans. Le <i>Vernis Martin<\/i> avait le d\u00e9faut de ne pas \u00eatre r\u00e9sistant \u00e0 l&rsquo;eau et le meuble devait donc \u00eatre prot\u00e9g\u00e9 de l&rsquo;humidit\u00e9.<\/p>\n<p>Il a \u00e9t\u00e9 appliqu\u00e9 en couches superpos\u00e9es, puis laiss\u00e9 s\u00e9cher puis peint de paysages, de personnages, de sc\u00e8nes de genre. Les d\u00e9cors du <i>vernis Martin<\/i> sont confi\u00e9s \u00e0 des peintres de talent. Ce laquage servait \u00e9galement \u00e0 assembler des panneaux de laque de Chine, fix\u00e9s sur des meubles au profil ondul\u00e9. Des voitures, des couvertures de livres <a title=\"Carrosse\" href=\"https:\/\/it.wikipedia.org\/wiki\/Carrozza\">rigides<\/a>, des chaises \u00e0 <a title=\"Chaise \u00e0 porteurs\" href=\"https:\/\/it.wikipedia.org\/wiki\/Portantina\">porteurs<\/a>, des \u00e9pinettes et des pianos ont \u00e9t\u00e9 d\u00e9cor\u00e9s avec cette technique.<\/p>\n<p>Panneau de piano \u00c9rard, Ch\u00e2teau de Bizy, Vernon <a href=\"https:\/\/it.wikipedia.org\/wiki\/Vernis_Martin#cite_note-1\">[1<\/a>]<sup id=\"cite_ref-1\" class=\"reference\"><\/sup><\/p>\n<p>La mode du <i>vernis Martin<\/i> se poursuit au XIXe si\u00e8cle et les meubles laqu\u00e9s et peints deviennent l&rsquo;une des caract\u00e9ristiques du <a class=\"mw-redirect\" title=\"Style Napol\u00e9on III\" href=\"https:\/\/it.wikipedia.org\/wiki\/Stile_Napoleone_III\">style Napol\u00e9on III<\/a>. Un type d&rsquo;\u00e9ventail, appel\u00e9 <i>vernis Martin<\/i>, \u00e0 lamelles laqu\u00e9es et d\u00e9cor\u00e9 de paysages ou de sc\u00e8nes galantes et r\u00e9unis par un n\u0153ud en soie ou en parchemin, \u00e9tait tr\u00e8s en vogue au XIXe si\u00e8cle.<\/p>\n","protected":false},"excerpt":{"rendered":"<p>Ref.: FR02<br \/>\n<strong>Vitrine d&rsquo;antiquit\u00e9s fran\u00e7aises \u00ab\u00a0Vernis Martin \u00ab\u00a0<\/strong><br \/>\n<strong>Origine<\/strong> : Fran\u00e7aise<br \/>\n<strong>P\u00e9riode<\/strong> : vers 1880\/90 Napol\u00e9on III<br \/>\n<strong>Mat\u00e9riau<\/strong> : Bois dor\u00e9 Dorure et Peinture<br \/>\n<strong>Mesures<\/strong>: L. 66 cm x P 34 cm x H 139 cm<br \/>\n<strong>\u00c9tat conservatif<\/strong> : Excellent<\/p>\n","protected":false},"featured_media":9390,"template":"","meta":[],"product_brand":[],"product_cat":[585,614],"product_tag":[912,750,1110,1467,1465,1466,1111],"class_list":{"0":"post-5093","1":"product","2":"type-product","3":"status-publish","4":"has-post-thumbnail","6":"product_cat-antiquites","7":"product_cat-vitrines-dantiquites","8":"product_tag-antiquites-francaises","9":"product_tag-epoque-napoleon-iii","10":"product_tag-meubles-anciens-francais","11":"product_tag-peinture-antique-francaise","12":"product_tag-vernis-martin-fr","13":"product_tag-vernis-martin-meubles-anciens","14":"product_tag-vitrine-francaise-doree","15":"entry","16":"has-media","18":"first","19":"outofstock","20":"sold-individually","21":"shipping-taxable","22":"purchasable","23":"product-type-simple"},"yoast_head":"<!-- This site is optimized with the Yoast SEO plugin v27.4 - https:\/\/yoast.com\/product\/yoast-seo-wordpress\/ -->\n<title>Vitrine d&#039;antiquit\u00e9s fran\u00e7aises Vernis Martin - Pitanti Chesterfield &amp; Vintage<\/title>\n<meta name=\"robots\" content=\"index, follow, max-snippet:-1, max-image-preview:large, max-video-preview:-1\" \/>\n<link rel=\"canonical\" href=\"https:\/\/antiquariatopitanti.it\/fr\/produit\/vitrine-antiquites-francaises-vernis-martin\/\" \/>\n<meta property=\"og:locale\" content=\"fr_FR\" \/>\n<meta property=\"og:type\" content=\"article\" \/>\n<meta property=\"og:title\" content=\"Vitrine d&#039;antiquit\u00e9s fran\u00e7aises Vernis Martin - Pitanti Chesterfield &amp; Vintage\" \/>\n<meta property=\"og:description\" content=\"Ref.: FR02 Vitrine d&#039;antiquit\u00e9s fran\u00e7aises &quot;Vernis Martin &quot; Origine : Fran\u00e7aise P\u00e9riode : vers 1880\/90 Napol\u00e9on III Mat\u00e9riau : Bois dor\u00e9 Dorure et Peinture Mesures: L. 66 cm x P 34 cm x H 139 cm \u00c9tat conservatif : Excellent\" \/>\n<meta property=\"og:url\" content=\"https:\/\/antiquariatopitanti.it\/fr\/produit\/vitrine-antiquites-francaises-vernis-martin\/\" \/>\n<meta property=\"og:site_name\" content=\"Pitanti Chesterfield &amp; Vintage\" \/>\n<meta property=\"article:publisher\" content=\"https:\/\/www.facebook.com\/mobili.pitanti.vintage\/\" \/>\n<meta property=\"article:modified_time\" content=\"2022-10-14T09:14:55+00:00\" \/>\n<meta property=\"og:image\" content=\"https:\/\/antiquariatopitanti.it\/wp-content\/uploads\/2022\/04\/Fr02-Vetrinetta-francese-bombata-dorata-Vernis-Maritn-a.jpeg\" \/>\n\t<meta property=\"og:image:width\" content=\"1008\" \/>\n\t<meta property=\"og:image:height\" content=\"1344\" \/>\n\t<meta property=\"og:image:type\" content=\"image\/jpeg\" \/>\n<meta name=\"twitter:card\" content=\"summary_large_image\" \/>\n<meta name=\"twitter:label1\" content=\"Dur\u00e9e de lecture estim\u00e9e\" \/>\n\t<meta name=\"twitter:data1\" content=\"1 minute\" \/>\n<script type=\"application\/ld+json\" class=\"yoast-schema-graph\">{\"@context\":\"https:\\\/\\\/schema.org\",\"@graph\":[{\"@type\":\"WebPage\",\"@id\":\"https:\\\/\\\/antiquariatopitanti.it\\\/fr\\\/produit\\\/vitrine-antiquites-francaises-vernis-martin\\\/\",\"url\":\"https:\\\/\\\/antiquariatopitanti.it\\\/fr\\\/produit\\\/vitrine-antiquites-francaises-vernis-martin\\\/\",\"name\":\"Vitrine d'antiquit\u00e9s fran\u00e7aises Vernis Martin - Pitanti Chesterfield &amp; Vintage\",\"isPartOf\":{\"@id\":\"https:\\\/\\\/antiquariatopitanti.it\\\/#website\"},\"primaryImageOfPage\":{\"@id\":\"https:\\\/\\\/antiquariatopitanti.it\\\/fr\\\/produit\\\/vitrine-antiquites-francaises-vernis-martin\\\/#primaryimage\"},\"image\":{\"@id\":\"https:\\\/\\\/antiquariatopitanti.it\\\/fr\\\/produit\\\/vitrine-antiquites-francaises-vernis-martin\\\/#primaryimage\"},\"thumbnailUrl\":\"https:\\\/\\\/antiquariatopitanti.it\\\/wp-content\\\/uploads\\\/2022\\\/04\\\/Vetrina-francese-Vernis-Maritn-1.jpeg\",\"datePublished\":\"2022-09-04T16:19:53+00:00\",\"dateModified\":\"2022-10-14T09:14:55+00:00\",\"breadcrumb\":{\"@id\":\"https:\\\/\\\/antiquariatopitanti.it\\\/fr\\\/produit\\\/vitrine-antiquites-francaises-vernis-martin\\\/#breadcrumb\"},\"inLanguage\":\"fr-FR\",\"potentialAction\":[{\"@type\":\"ReadAction\",\"target\":[\"https:\\\/\\\/antiquariatopitanti.it\\\/fr\\\/produit\\\/vitrine-antiquites-francaises-vernis-martin\\\/\"]}]},{\"@type\":\"ImageObject\",\"inLanguage\":\"fr-FR\",\"@id\":\"https:\\\/\\\/antiquariatopitanti.it\\\/fr\\\/produit\\\/vitrine-antiquites-francaises-vernis-martin\\\/#primaryimage\",\"url\":\"https:\\\/\\\/antiquariatopitanti.it\\\/wp-content\\\/uploads\\\/2022\\\/04\\\/Vetrina-francese-Vernis-Maritn-1.jpeg\",\"contentUrl\":\"https:\\\/\\\/antiquariatopitanti.it\\\/wp-content\\\/uploads\\\/2022\\\/04\\\/Vetrina-francese-Vernis-Maritn-1.jpeg\",\"width\":1008,\"height\":1344,\"caption\":\"Vetrina francese Vernis Martin\"},{\"@type\":\"BreadcrumbList\",\"@id\":\"https:\\\/\\\/antiquariatopitanti.it\\\/fr\\\/produit\\\/vitrine-antiquites-francaises-vernis-martin\\\/#breadcrumb\",\"itemListElement\":[{\"@type\":\"ListItem\",\"position\":1,\"name\":\"Home\",\"item\":\"https:\\\/\\\/antiquariatopitanti.it\\\/fr\\\/home\\\/\"},{\"@type\":\"ListItem\",\"position\":2,\"name\":\"Shop\",\"item\":\"https:\\\/\\\/antiquariatopitanti.it\\\/negozio\\\/\"},{\"@type\":\"ListItem\",\"position\":3,\"name\":\"Vitrine d&#8217;antiquit\u00e9s fran\u00e7aises Vernis Martin\"}]},{\"@type\":\"WebSite\",\"@id\":\"https:\\\/\\\/antiquariatopitanti.it\\\/#website\",\"url\":\"https:\\\/\\\/antiquariatopitanti.it\\\/\",\"name\":\"Pitanti Chesterfield &amp; Vintage\",\"description\":\"\",\"publisher\":{\"@id\":\"https:\\\/\\\/antiquariatopitanti.it\\\/#organization\"},\"potentialAction\":[{\"@type\":\"SearchAction\",\"target\":{\"@type\":\"EntryPoint\",\"urlTemplate\":\"https:\\\/\\\/antiquariatopitanti.it\\\/?s={search_term_string}\"},\"query-input\":{\"@type\":\"PropertyValueSpecification\",\"valueRequired\":true,\"valueName\":\"search_term_string\"}}],\"inLanguage\":\"fr-FR\"},{\"@type\":\"Organization\",\"@id\":\"https:\\\/\\\/antiquariatopitanti.it\\\/#organization\",\"name\":\"Antiquariato Pitanti\",\"url\":\"https:\\\/\\\/antiquariatopitanti.it\\\/\",\"logo\":{\"@type\":\"ImageObject\",\"inLanguage\":\"fr-FR\",\"@id\":\"https:\\\/\\\/antiquariatopitanti.it\\\/#\\\/schema\\\/logo\\\/image\\\/\",\"url\":\"https:\\\/\\\/antiquariatopitanti.it\\\/wp-content\\\/uploads\\\/2022\\\/03\\\/logo-pitanti-new-2.png\",\"contentUrl\":\"https:\\\/\\\/antiquariatopitanti.it\\\/wp-content\\\/uploads\\\/2022\\\/03\\\/logo-pitanti-new-2.png\",\"width\":944,\"height\":798,\"caption\":\"Antiquariato Pitanti\"},\"image\":{\"@id\":\"https:\\\/\\\/antiquariatopitanti.it\\\/#\\\/schema\\\/logo\\\/image\\\/\"},\"sameAs\":[\"https:\\\/\\\/www.facebook.com\\\/mobili.pitanti.vintage\\\/\"]}]}<\/script>\n<!-- \/ Yoast SEO plugin. -->","yoast_head_json":{"title":"Vitrine d'antiquit\u00e9s fran\u00e7aises Vernis Martin - Pitanti Chesterfield &amp; Vintage","robots":{"index":"index","follow":"follow","max-snippet":"max-snippet:-1","max-image-preview":"max-image-preview:large","max-video-preview":"max-video-preview:-1"},"canonical":"https:\/\/antiquariatopitanti.it\/fr\/produit\/vitrine-antiquites-francaises-vernis-martin\/","og_locale":"fr_FR","og_type":"article","og_title":"Vitrine d'antiquit\u00e9s fran\u00e7aises Vernis Martin - Pitanti Chesterfield &amp; Vintage","og_description":"Ref.: FR02 Vitrine d'antiquit\u00e9s fran\u00e7aises \"Vernis Martin \" Origine : Fran\u00e7aise P\u00e9riode : vers 1880\/90 Napol\u00e9on III Mat\u00e9riau : Bois dor\u00e9 Dorure et Peinture Mesures: L. 66 cm x P 34 cm x H 139 cm \u00c9tat conservatif : Excellent","og_url":"https:\/\/antiquariatopitanti.it\/fr\/produit\/vitrine-antiquites-francaises-vernis-martin\/","og_site_name":"Pitanti Chesterfield &amp; Vintage","article_publisher":"https:\/\/www.facebook.com\/mobili.pitanti.vintage\/","article_modified_time":"2022-10-14T09:14:55+00:00","og_image":[{"width":1008,"height":1344,"url":"https:\/\/antiquariatopitanti.it\/wp-content\/uploads\/2022\/04\/Fr02-Vetrinetta-francese-bombata-dorata-Vernis-Maritn-a.jpeg","type":"image\/jpeg"}],"twitter_card":"summary_large_image","twitter_misc":{"Dur\u00e9e de lecture estim\u00e9e":"1 minute"},"schema":{"@context":"https:\/\/schema.org","@graph":[{"@type":"WebPage","@id":"https:\/\/antiquariatopitanti.it\/fr\/produit\/vitrine-antiquites-francaises-vernis-martin\/","url":"https:\/\/antiquariatopitanti.it\/fr\/produit\/vitrine-antiquites-francaises-vernis-martin\/","name":"Vitrine d'antiquit\u00e9s fran\u00e7aises Vernis Martin - Pitanti Chesterfield &amp; Vintage","isPartOf":{"@id":"https:\/\/antiquariatopitanti.it\/#website"},"primaryImageOfPage":{"@id":"https:\/\/antiquariatopitanti.it\/fr\/produit\/vitrine-antiquites-francaises-vernis-martin\/#primaryimage"},"image":{"@id":"https:\/\/antiquariatopitanti.it\/fr\/produit\/vitrine-antiquites-francaises-vernis-martin\/#primaryimage"},"thumbnailUrl":"https:\/\/antiquariatopitanti.it\/wp-content\/uploads\/2022\/04\/Vetrina-francese-Vernis-Maritn-1.jpeg","datePublished":"2022-09-04T16:19:53+00:00","dateModified":"2022-10-14T09:14:55+00:00","breadcrumb":{"@id":"https:\/\/antiquariatopitanti.it\/fr\/produit\/vitrine-antiquites-francaises-vernis-martin\/#breadcrumb"},"inLanguage":"fr-FR","potentialAction":[{"@type":"ReadAction","target":["https:\/\/antiquariatopitanti.it\/fr\/produit\/vitrine-antiquites-francaises-vernis-martin\/"]}]},{"@type":"ImageObject","inLanguage":"fr-FR","@id":"https:\/\/antiquariatopitanti.it\/fr\/produit\/vitrine-antiquites-francaises-vernis-martin\/#primaryimage","url":"https:\/\/antiquariatopitanti.it\/wp-content\/uploads\/2022\/04\/Vetrina-francese-Vernis-Maritn-1.jpeg","contentUrl":"https:\/\/antiquariatopitanti.it\/wp-content\/uploads\/2022\/04\/Vetrina-francese-Vernis-Maritn-1.jpeg","width":1008,"height":1344,"caption":"Vetrina francese Vernis Martin"},{"@type":"BreadcrumbList","@id":"https:\/\/antiquariatopitanti.it\/fr\/produit\/vitrine-antiquites-francaises-vernis-martin\/#breadcrumb","itemListElement":[{"@type":"ListItem","position":1,"name":"Home","item":"https:\/\/antiquariatopitanti.it\/fr\/home\/"},{"@type":"ListItem","position":2,"name":"Shop","item":"https:\/\/antiquariatopitanti.it\/negozio\/"},{"@type":"ListItem","position":3,"name":"Vitrine d&#8217;antiquit\u00e9s fran\u00e7aises Vernis Martin"}]},{"@type":"WebSite","@id":"https:\/\/antiquariatopitanti.it\/#website","url":"https:\/\/antiquariatopitanti.it\/","name":"Pitanti Chesterfield &amp; Vintage","description":"","publisher":{"@id":"https:\/\/antiquariatopitanti.it\/#organization"},"potentialAction":[{"@type":"SearchAction","target":{"@type":"EntryPoint","urlTemplate":"https:\/\/antiquariatopitanti.it\/?s={search_term_string}"},"query-input":{"@type":"PropertyValueSpecification","valueRequired":true,"valueName":"search_term_string"}}],"inLanguage":"fr-FR"},{"@type":"Organization","@id":"https:\/\/antiquariatopitanti.it\/#organization","name":"Antiquariato Pitanti","url":"https:\/\/antiquariatopitanti.it\/","logo":{"@type":"ImageObject","inLanguage":"fr-FR","@id":"https:\/\/antiquariatopitanti.it\/#\/schema\/logo\/image\/","url":"https:\/\/antiquariatopitanti.it\/wp-content\/uploads\/2022\/03\/logo-pitanti-new-2.png","contentUrl":"https:\/\/antiquariatopitanti.it\/wp-content\/uploads\/2022\/03\/logo-pitanti-new-2.png","width":944,"height":798,"caption":"Antiquariato Pitanti"},"image":{"@id":"https:\/\/antiquariatopitanti.it\/#\/schema\/logo\/image\/"},"sameAs":["https:\/\/www.facebook.com\/mobili.pitanti.vintage\/"]}]}},"_links":{"self":[{"href":"https:\/\/antiquariatopitanti.it\/fr\/wp-json\/wp\/v2\/product\/5093","targetHints":{"allow":["GET"]}}],"collection":[{"href":"https:\/\/antiquariatopitanti.it\/fr\/wp-json\/wp\/v2\/product"}],"about":[{"href":"https:\/\/antiquariatopitanti.it\/fr\/wp-json\/wp\/v2\/types\/product"}],"wp:featuredmedia":[{"embeddable":true,"href":"https:\/\/antiquariatopitanti.it\/fr\/wp-json\/wp\/v2\/media\/9390"}],"wp:attachment":[{"href":"https:\/\/antiquariatopitanti.it\/fr\/wp-json\/wp\/v2\/media?parent=5093"}],"wp:term":[{"taxonomy":"product_brand","embeddable":true,"href":"https:\/\/antiquariatopitanti.it\/fr\/wp-json\/wp\/v2\/product_brand?post=5093"},{"taxonomy":"product_cat","embeddable":true,"href":"https:\/\/antiquariatopitanti.it\/fr\/wp-json\/wp\/v2\/product_cat?post=5093"},{"taxonomy":"product_tag","embeddable":true,"href":"https:\/\/antiquariatopitanti.it\/fr\/wp-json\/wp\/v2\/product_tag?post=5093"}],"curies":[{"name":"wp","href":"https:\/\/api.w.org\/{rel}","templated":true}]}}