{"id":5070,"date":"2022-04-17T11:08:54","date_gmt":"2022-09-03T17:13:10","guid":{"rendered":"https:\/\/antiquariatopitanti.it\/prodotto\/coffre-fort-victorien-anglais-3\/"},"modified":"2022-10-14T11:10:32","modified_gmt":"2022-10-14T09:10:32","slug":"coffre-fort-victorien-anglais-samuel-withers","status":"publish","type":"product","link":"https:\/\/antiquariatopitanti.it\/fr\/prodotto\/coffre-fort-victorien-anglais-samuel-withers\/","title":{"rendered":"Coffre-fort victorien anglais"},"content":{"rendered":"<p>Les coffres-forts anglais antiques ou vintage, pour la plupart, sont en m\u00e9tal robuste et avec un m\u00e9canisme de verrouillage simple avec la cl\u00e9 ou avec la combinaison. De nombreux coffres-forts ont une cavit\u00e9 remplie de poudre ignifuge, ils sont donc simplement appel\u00e9s anti-feu. Cela permet, en cas d&rsquo;incendie, de conserver des documents et\/ou des objets de valeur \u00e0 l&rsquo;int\u00e9rieur m\u00eame du coffre-fort pendant un certain temps. la marque est de \u00ab\u00a0Samuel Withers\u00a0\u00bb<\/p>\n","protected":false},"excerpt":{"rendered":"<p>Rif.: Gb60<br \/>\n<strong>Coffre-fort victorien anglais<\/strong><br \/>\n<strong>Origine<\/strong> : Anglaise<br \/>\n<strong>Epoque<\/strong> : 20\u00e8me si\u00e8cle<br \/>\n<strong>Mat\u00e9riau<\/strong> : Fer avec poign\u00e9e en laiton, embl\u00e8me en laiton et finition d&rsquo;origine et peinture verte et dor\u00e9e<br \/>\nL&rsquo;int\u00e9rieur a deux tiroirs simples verrouillables. pr\u00e9sente 01 cl\u00e9 d&rsquo;origine<br \/>\n<strong>Marque<\/strong>: Samuel Wither&rsquo;s &amp; co.Ltd West Bromwich (GB)<br \/>\n<strong>Mesures<\/strong>: L.51 cm x P.50 x H.71 cm<br \/>\n<strong>\u00c9tat conservatif<\/strong> : Bon \u00e9tat g\u00e9n\u00e9ral avec rayures proportionnelles \u00e0 l&rsquo;\u00e2ge, \u00e0 restaurer<\/p>\n","protected":false},"featured_media":8260,"template":"","meta":[],"product_brand":[],"product_cat":[585,591],"product_tag":[969,1001],"class_list":{"0":"post-5070","1":"product","2":"type-product","3":"status-publish","4":"has-post-thumbnail","6":"product_cat-antiquites","7":"product_cat-sur","8":"product_tag-antiquites-anglais","9":"product_tag-coffre-fort-anglais-en-metal","10":"entry","11":"has-media","13":"first","14":"outofstock","15":"sold-individually","16":"shipping-taxable","17":"purchasable","18":"product-type-simple"},"yoast_head":"<!-- This site is optimized with the Yoast SEO plugin v27.4 - https:\/\/yoast.com\/product\/yoast-seo-wordpress\/ -->\n<title>Coffre-fort victorien anglais - Pitanti Chesterfield &amp; Vintage<\/title>\n<meta name=\"robots\" content=\"index, follow, max-snippet:-1, max-image-preview:large, max-video-preview:-1\" \/>\n<link rel=\"canonical\" href=\"https:\/\/antiquariatopitanti.it\/fr\/produit\/coffre-fort-victorien-anglais-samuel-withers\/\" \/>\n<meta property=\"og:locale\" content=\"fr_FR\" \/>\n<meta property=\"og:type\" content=\"article\" \/>\n<meta property=\"og:title\" content=\"Coffre-fort victorien anglais - Pitanti Chesterfield &amp; Vintage\" \/>\n<meta property=\"og:description\" content=\"Rif.: Gb60 Coffre-fort victorien anglais Origine : Anglaise Epoque : 20\u00e8me si\u00e8cle Mat\u00e9riau : Fer avec poign\u00e9e en laiton, embl\u00e8me en laiton et finition d&#039;origine et peinture verte et dor\u00e9e L&#039;int\u00e9rieur a deux tiroirs simples verrouillables. pr\u00e9sente 01 cl\u00e9 d&#039;origine Marque: Samuel Wither&#039;s &amp; co.Ltd West Bromwich (GB) Mesures: L.51 cm x P.50 x H.71 cm \u00c9tat conservatif : Bon \u00e9tat g\u00e9n\u00e9ral avec rayures proportionnelles \u00e0 l&#039;\u00e2ge, \u00e0 restaurer\" \/>\n<meta property=\"og:url\" content=\"https:\/\/antiquariatopitanti.it\/fr\/produit\/coffre-fort-victorien-anglais-samuel-withers\/\" \/>\n<meta property=\"og:site_name\" content=\"Pitanti Chesterfield &amp; Vintage\" \/>\n<meta property=\"article:publisher\" content=\"https:\/\/www.facebook.com\/mobili.pitanti.vintage\/\" \/>\n<meta property=\"article:modified_time\" content=\"2022-10-14T09:10:32+00:00\" \/>\n<meta property=\"og:image\" content=\"https:\/\/antiquariatopitanti.it\/wp-content\/uploads\/2022\/04\/Gb60-cassaforte-antica-inglese-samuelwithers-a.jpeg\" \/>\n\t<meta property=\"og:image:width\" content=\"1008\" \/>\n\t<meta property=\"og:image:height\" content=\"1344\" \/>\n\t<meta property=\"og:image:type\" content=\"image\/jpeg\" \/>\n<meta name=\"twitter:card\" content=\"summary_large_image\" \/>\n<script type=\"application\/ld+json\" class=\"yoast-schema-graph\">{\"@context\":\"https:\\\/\\\/schema.org\",\"@graph\":[{\"@type\":\"WebPage\",\"@id\":\"https:\\\/\\\/antiquariatopitanti.it\\\/fr\\\/produit\\\/coffre-fort-victorien-anglais-samuel-withers\\\/\",\"url\":\"https:\\\/\\\/antiquariatopitanti.it\\\/fr\\\/produit\\\/coffre-fort-victorien-anglais-samuel-withers\\\/\",\"name\":\"Coffre-fort victorien anglais - Pitanti Chesterfield &amp; Vintage\",\"isPartOf\":{\"@id\":\"https:\\\/\\\/antiquariatopitanti.it\\\/#website\"},\"primaryImageOfPage\":{\"@id\":\"https:\\\/\\\/antiquariatopitanti.it\\\/fr\\\/produit\\\/coffre-fort-victorien-anglais-samuel-withers\\\/#primaryimage\"},\"image\":{\"@id\":\"https:\\\/\\\/antiquariatopitanti.it\\\/fr\\\/produit\\\/coffre-fort-victorien-anglais-samuel-withers\\\/#primaryimage\"},\"thumbnailUrl\":\"https:\\\/\\\/antiquariatopitanti.it\\\/wp-content\\\/uploads\\\/2022\\\/04\\\/Cassaforte-Vittoriana-Inglese-dell800-a.jpeg\",\"datePublished\":\"2022-09-03T17:13:10+00:00\",\"dateModified\":\"2022-10-14T09:10:32+00:00\",\"breadcrumb\":{\"@id\":\"https:\\\/\\\/antiquariatopitanti.it\\\/fr\\\/produit\\\/coffre-fort-victorien-anglais-samuel-withers\\\/#breadcrumb\"},\"inLanguage\":\"fr-FR\",\"potentialAction\":[{\"@type\":\"ReadAction\",\"target\":[\"https:\\\/\\\/antiquariatopitanti.it\\\/fr\\\/produit\\\/coffre-fort-victorien-anglais-samuel-withers\\\/\"]}]},{\"@type\":\"ImageObject\",\"inLanguage\":\"fr-FR\",\"@id\":\"https:\\\/\\\/antiquariatopitanti.it\\\/fr\\\/produit\\\/coffre-fort-victorien-anglais-samuel-withers\\\/#primaryimage\",\"url\":\"https:\\\/\\\/antiquariatopitanti.it\\\/wp-content\\\/uploads\\\/2022\\\/04\\\/Cassaforte-Vittoriana-Inglese-dell800-a.jpeg\",\"contentUrl\":\"https:\\\/\\\/antiquariatopitanti.it\\\/wp-content\\\/uploads\\\/2022\\\/04\\\/Cassaforte-Vittoriana-Inglese-dell800-a.jpeg\",\"width\":1008,\"height\":1344,\"caption\":\"Cassaforte Vittoriana Inglese dell'800\"},{\"@type\":\"BreadcrumbList\",\"@id\":\"https:\\\/\\\/antiquariatopitanti.it\\\/fr\\\/produit\\\/coffre-fort-victorien-anglais-samuel-withers\\\/#breadcrumb\",\"itemListElement\":[{\"@type\":\"ListItem\",\"position\":1,\"name\":\"Home\",\"item\":\"https:\\\/\\\/antiquariatopitanti.it\\\/fr\\\/home\\\/\"},{\"@type\":\"ListItem\",\"position\":2,\"name\":\"Shop\",\"item\":\"https:\\\/\\\/antiquariatopitanti.it\\\/negozio\\\/\"},{\"@type\":\"ListItem\",\"position\":3,\"name\":\"Coffre-fort victorien anglais\"}]},{\"@type\":\"WebSite\",\"@id\":\"https:\\\/\\\/antiquariatopitanti.it\\\/#website\",\"url\":\"https:\\\/\\\/antiquariatopitanti.it\\\/\",\"name\":\"Pitanti Chesterfield &amp; Vintage\",\"description\":\"\",\"publisher\":{\"@id\":\"https:\\\/\\\/antiquariatopitanti.it\\\/#organization\"},\"potentialAction\":[{\"@type\":\"SearchAction\",\"target\":{\"@type\":\"EntryPoint\",\"urlTemplate\":\"https:\\\/\\\/antiquariatopitanti.it\\\/?s={search_term_string}\"},\"query-input\":{\"@type\":\"PropertyValueSpecification\",\"valueRequired\":true,\"valueName\":\"search_term_string\"}}],\"inLanguage\":\"fr-FR\"},{\"@type\":\"Organization\",\"@id\":\"https:\\\/\\\/antiquariatopitanti.it\\\/#organization\",\"name\":\"Antiquariato Pitanti\",\"url\":\"https:\\\/\\\/antiquariatopitanti.it\\\/\",\"logo\":{\"@type\":\"ImageObject\",\"inLanguage\":\"fr-FR\",\"@id\":\"https:\\\/\\\/antiquariatopitanti.it\\\/#\\\/schema\\\/logo\\\/image\\\/\",\"url\":\"https:\\\/\\\/antiquariatopitanti.it\\\/wp-content\\\/uploads\\\/2022\\\/03\\\/logo-pitanti-new-2.png\",\"contentUrl\":\"https:\\\/\\\/antiquariatopitanti.it\\\/wp-content\\\/uploads\\\/2022\\\/03\\\/logo-pitanti-new-2.png\",\"width\":944,\"height\":798,\"caption\":\"Antiquariato Pitanti\"},\"image\":{\"@id\":\"https:\\\/\\\/antiquariatopitanti.it\\\/#\\\/schema\\\/logo\\\/image\\\/\"},\"sameAs\":[\"https:\\\/\\\/www.facebook.com\\\/mobili.pitanti.vintage\\\/\"]}]}<\/script>\n<!-- \/ Yoast SEO plugin. -->","yoast_head_json":{"title":"Coffre-fort victorien anglais - Pitanti Chesterfield &amp; Vintage","robots":{"index":"index","follow":"follow","max-snippet":"max-snippet:-1","max-image-preview":"max-image-preview:large","max-video-preview":"max-video-preview:-1"},"canonical":"https:\/\/antiquariatopitanti.it\/fr\/produit\/coffre-fort-victorien-anglais-samuel-withers\/","og_locale":"fr_FR","og_type":"article","og_title":"Coffre-fort victorien anglais - Pitanti Chesterfield &amp; Vintage","og_description":"Rif.: Gb60 Coffre-fort victorien anglais Origine : Anglaise Epoque : 20\u00e8me si\u00e8cle Mat\u00e9riau : Fer avec poign\u00e9e en laiton, embl\u00e8me en laiton et finition d'origine et peinture verte et dor\u00e9e L'int\u00e9rieur a deux tiroirs simples verrouillables. pr\u00e9sente 01 cl\u00e9 d'origine Marque: Samuel Wither's &amp; co.Ltd West Bromwich (GB) Mesures: L.51 cm x P.50 x H.71 cm \u00c9tat conservatif : Bon \u00e9tat g\u00e9n\u00e9ral avec rayures proportionnelles \u00e0 l'\u00e2ge, \u00e0 restaurer","og_url":"https:\/\/antiquariatopitanti.it\/fr\/produit\/coffre-fort-victorien-anglais-samuel-withers\/","og_site_name":"Pitanti Chesterfield &amp; Vintage","article_publisher":"https:\/\/www.facebook.com\/mobili.pitanti.vintage\/","article_modified_time":"2022-10-14T09:10:32+00:00","og_image":[{"width":1008,"height":1344,"url":"https:\/\/antiquariatopitanti.it\/wp-content\/uploads\/2022\/04\/Gb60-cassaforte-antica-inglese-samuelwithers-a.jpeg","type":"image\/jpeg"}],"twitter_card":"summary_large_image","schema":{"@context":"https:\/\/schema.org","@graph":[{"@type":"WebPage","@id":"https:\/\/antiquariatopitanti.it\/fr\/produit\/coffre-fort-victorien-anglais-samuel-withers\/","url":"https:\/\/antiquariatopitanti.it\/fr\/produit\/coffre-fort-victorien-anglais-samuel-withers\/","name":"Coffre-fort victorien anglais - Pitanti Chesterfield &amp; Vintage","isPartOf":{"@id":"https:\/\/antiquariatopitanti.it\/#website"},"primaryImageOfPage":{"@id":"https:\/\/antiquariatopitanti.it\/fr\/produit\/coffre-fort-victorien-anglais-samuel-withers\/#primaryimage"},"image":{"@id":"https:\/\/antiquariatopitanti.it\/fr\/produit\/coffre-fort-victorien-anglais-samuel-withers\/#primaryimage"},"thumbnailUrl":"https:\/\/antiquariatopitanti.it\/wp-content\/uploads\/2022\/04\/Cassaforte-Vittoriana-Inglese-dell800-a.jpeg","datePublished":"2022-09-03T17:13:10+00:00","dateModified":"2022-10-14T09:10:32+00:00","breadcrumb":{"@id":"https:\/\/antiquariatopitanti.it\/fr\/produit\/coffre-fort-victorien-anglais-samuel-withers\/#breadcrumb"},"inLanguage":"fr-FR","potentialAction":[{"@type":"ReadAction","target":["https:\/\/antiquariatopitanti.it\/fr\/produit\/coffre-fort-victorien-anglais-samuel-withers\/"]}]},{"@type":"ImageObject","inLanguage":"fr-FR","@id":"https:\/\/antiquariatopitanti.it\/fr\/produit\/coffre-fort-victorien-anglais-samuel-withers\/#primaryimage","url":"https:\/\/antiquariatopitanti.it\/wp-content\/uploads\/2022\/04\/Cassaforte-Vittoriana-Inglese-dell800-a.jpeg","contentUrl":"https:\/\/antiquariatopitanti.it\/wp-content\/uploads\/2022\/04\/Cassaforte-Vittoriana-Inglese-dell800-a.jpeg","width":1008,"height":1344,"caption":"Cassaforte Vittoriana Inglese dell'800"},{"@type":"BreadcrumbList","@id":"https:\/\/antiquariatopitanti.it\/fr\/produit\/coffre-fort-victorien-anglais-samuel-withers\/#breadcrumb","itemListElement":[{"@type":"ListItem","position":1,"name":"Home","item":"https:\/\/antiquariatopitanti.it\/fr\/home\/"},{"@type":"ListItem","position":2,"name":"Shop","item":"https:\/\/antiquariatopitanti.it\/negozio\/"},{"@type":"ListItem","position":3,"name":"Coffre-fort victorien anglais"}]},{"@type":"WebSite","@id":"https:\/\/antiquariatopitanti.it\/#website","url":"https:\/\/antiquariatopitanti.it\/","name":"Pitanti Chesterfield &amp; Vintage","description":"","publisher":{"@id":"https:\/\/antiquariatopitanti.it\/#organization"},"potentialAction":[{"@type":"SearchAction","target":{"@type":"EntryPoint","urlTemplate":"https:\/\/antiquariatopitanti.it\/?s={search_term_string}"},"query-input":{"@type":"PropertyValueSpecification","valueRequired":true,"valueName":"search_term_string"}}],"inLanguage":"fr-FR"},{"@type":"Organization","@id":"https:\/\/antiquariatopitanti.it\/#organization","name":"Antiquariato Pitanti","url":"https:\/\/antiquariatopitanti.it\/","logo":{"@type":"ImageObject","inLanguage":"fr-FR","@id":"https:\/\/antiquariatopitanti.it\/#\/schema\/logo\/image\/","url":"https:\/\/antiquariatopitanti.it\/wp-content\/uploads\/2022\/03\/logo-pitanti-new-2.png","contentUrl":"https:\/\/antiquariatopitanti.it\/wp-content\/uploads\/2022\/03\/logo-pitanti-new-2.png","width":944,"height":798,"caption":"Antiquariato Pitanti"},"image":{"@id":"https:\/\/antiquariatopitanti.it\/#\/schema\/logo\/image\/"},"sameAs":["https:\/\/www.facebook.com\/mobili.pitanti.vintage\/"]}]}},"_links":{"self":[{"href":"https:\/\/antiquariatopitanti.it\/fr\/wp-json\/wp\/v2\/product\/5070","targetHints":{"allow":["GET"]}}],"collection":[{"href":"https:\/\/antiquariatopitanti.it\/fr\/wp-json\/wp\/v2\/product"}],"about":[{"href":"https:\/\/antiquariatopitanti.it\/fr\/wp-json\/wp\/v2\/types\/product"}],"wp:featuredmedia":[{"embeddable":true,"href":"https:\/\/antiquariatopitanti.it\/fr\/wp-json\/wp\/v2\/media\/8260"}],"wp:attachment":[{"href":"https:\/\/antiquariatopitanti.it\/fr\/wp-json\/wp\/v2\/media?parent=5070"}],"wp:term":[{"taxonomy":"product_brand","embeddable":true,"href":"https:\/\/antiquariatopitanti.it\/fr\/wp-json\/wp\/v2\/product_brand?post=5070"},{"taxonomy":"product_cat","embeddable":true,"href":"https:\/\/antiquariatopitanti.it\/fr\/wp-json\/wp\/v2\/product_cat?post=5070"},{"taxonomy":"product_tag","embeddable":true,"href":"https:\/\/antiquariatopitanti.it\/fr\/wp-json\/wp\/v2\/product_tag?post=5070"}],"curies":[{"name":"wp","href":"https:\/\/api.w.org\/{rel}","templated":true}]}}