{"id":5064,"date":"2022-05-27T11:38:23","date_gmt":"2022-09-03T10:03:10","guid":{"rendered":"https:\/\/antiquariatopitanti.it\/prodotto\/coffre-fort-anglais-en-metal-des-annees-1800\/"},"modified":"2022-09-08T09:50:19","modified_gmt":"2022-09-08T07:50:19","slug":"coffre-fort-anglais-en-metal-du-19eme-siecle","status":"publish","type":"product","link":"https:\/\/antiquariatopitanti.it\/fr\/prodotto\/coffre-fort-anglais-en-metal-du-19eme-siecle\/","title":{"rendered":"Coffre-fort anglais en m\u00e9tal des ann\u00e9es 1800"},"content":{"rendered":"<p>Ce coffre-fort anglais en fer de la fin du XIXe si\u00e8cle a \u00e9t\u00e9 restaur\u00e9. c&rsquo;est un coffre-fort coupe-feu, ce qui signifie qu&rsquo;en cas d&rsquo;incendie dans un environnement, ce type de coffre-fort a \u00e9t\u00e9 con\u00e7u pour r\u00e9sister au feu pendant quelques heures avant que le contenu ne soit d\u00e9truit.<\/p>\n","protected":false},"excerpt":{"rendered":"<p>Ref.: Gb111<br \/>\n<strong>Coffre-fort victorien anglais<\/strong><br \/>\n<strong>Origine<\/strong> : Anglaise<br \/>\n<strong>Epoque<\/strong> : Fin du 19\u00e8me si\u00e8cle<br \/>\n<strong>Mat\u00e9riau<\/strong>: Fer vert anglais<br \/>\n<strong>Mesures<\/strong>: L. 48 cm x P 48 cm x H.63 cm<br \/>\n<strong>Etat conservatif<\/strong> : Restaur\u00e9<\/p>\n","protected":false},"featured_media":3141,"template":"","meta":[],"product_brand":[],"product_cat":[585,591],"product_tag":[1389,1156,1048,1114,1388],"class_list":{"0":"post-5064","1":"product","2":"type-product","3":"status-publish","4":"has-post-thumbnail","6":"product_cat-antiquites","7":"product_cat-sur","8":"product_tag-antiquites-anglaises-vintage","9":"product_tag-antiquites-victoriennes","10":"product_tag-coffre-fort-anglais","11":"product_tag-meubles-anciens-anglais","12":"product_tag-periode-900","13":"entry","14":"has-media","16":"first","17":"outofstock","18":"sold-individually","19":"shipping-taxable","20":"product-type-simple"},"yoast_head":"<!-- This site is optimized with the Yoast SEO plugin v27.4 - https:\/\/yoast.com\/product\/yoast-seo-wordpress\/ -->\n<title>Coffre-fort anglais en m\u00e9tal des ann\u00e9es 1800 - Pitanti Chesterfield &amp; Vintage<\/title>\n<meta name=\"robots\" content=\"index, follow, max-snippet:-1, max-image-preview:large, max-video-preview:-1\" \/>\n<link rel=\"canonical\" href=\"https:\/\/antiquariatopitanti.it\/fr\/produit\/coffre-fort-anglais-en-metal-du-19eme-siecle\/\" \/>\n<meta property=\"og:locale\" content=\"fr_FR\" \/>\n<meta property=\"og:type\" content=\"article\" \/>\n<meta property=\"og:title\" content=\"Coffre-fort anglais en m\u00e9tal des ann\u00e9es 1800 - Pitanti Chesterfield &amp; Vintage\" \/>\n<meta property=\"og:description\" content=\"Ref.: Gb111 Coffre-fort victorien anglais Origine : Anglaise Epoque : Fin du 19\u00e8me si\u00e8cle Mat\u00e9riau: Fer vert anglais Mesures: L. 48 cm x P 48 cm x H.63 cm Etat conservatif : Restaur\u00e9\" \/>\n<meta property=\"og:url\" content=\"https:\/\/antiquariatopitanti.it\/fr\/produit\/coffre-fort-anglais-en-metal-du-19eme-siecle\/\" \/>\n<meta property=\"og:site_name\" content=\"Pitanti Chesterfield &amp; Vintage\" \/>\n<meta property=\"article:publisher\" content=\"https:\/\/www.facebook.com\/mobili.pitanti.vintage\/\" \/>\n<meta property=\"article:modified_time\" content=\"2022-09-08T07:50:19+00:00\" \/>\n<meta property=\"og:image\" content=\"https:\/\/antiquariatopitanti.it\/wp-content\/uploads\/2022\/05\/IMG_E7442-225x300-1.jpg\" \/>\n\t<meta property=\"og:image:width\" content=\"225\" \/>\n\t<meta property=\"og:image:height\" content=\"300\" \/>\n\t<meta property=\"og:image:type\" content=\"image\/jpeg\" \/>\n<meta name=\"twitter:card\" content=\"summary_large_image\" \/>\n<script type=\"application\/ld+json\" class=\"yoast-schema-graph\">{\"@context\":\"https:\\\/\\\/schema.org\",\"@graph\":[{\"@type\":\"WebPage\",\"@id\":\"https:\\\/\\\/antiquariatopitanti.it\\\/fr\\\/produit\\\/coffre-fort-anglais-en-metal-du-19eme-siecle\\\/\",\"url\":\"https:\\\/\\\/antiquariatopitanti.it\\\/fr\\\/produit\\\/coffre-fort-anglais-en-metal-du-19eme-siecle\\\/\",\"name\":\"Coffre-fort anglais en m\u00e9tal des ann\u00e9es 1800 - Pitanti Chesterfield &amp; Vintage\",\"isPartOf\":{\"@id\":\"https:\\\/\\\/antiquariatopitanti.it\\\/#website\"},\"primaryImageOfPage\":{\"@id\":\"https:\\\/\\\/antiquariatopitanti.it\\\/fr\\\/produit\\\/coffre-fort-anglais-en-metal-du-19eme-siecle\\\/#primaryimage\"},\"image\":{\"@id\":\"https:\\\/\\\/antiquariatopitanti.it\\\/fr\\\/produit\\\/coffre-fort-anglais-en-metal-du-19eme-siecle\\\/#primaryimage\"},\"thumbnailUrl\":\"https:\\\/\\\/antiquariatopitanti.it\\\/wp-content\\\/uploads\\\/2022\\\/05\\\/IMG_E7442-225x300-1.jpg\",\"datePublished\":\"2022-09-03T10:03:10+00:00\",\"dateModified\":\"2022-09-08T07:50:19+00:00\",\"breadcrumb\":{\"@id\":\"https:\\\/\\\/antiquariatopitanti.it\\\/fr\\\/produit\\\/coffre-fort-anglais-en-metal-du-19eme-siecle\\\/#breadcrumb\"},\"inLanguage\":\"fr-FR\",\"potentialAction\":[{\"@type\":\"ReadAction\",\"target\":[\"https:\\\/\\\/antiquariatopitanti.it\\\/fr\\\/produit\\\/coffre-fort-anglais-en-metal-du-19eme-siecle\\\/\"]}]},{\"@type\":\"ImageObject\",\"inLanguage\":\"fr-FR\",\"@id\":\"https:\\\/\\\/antiquariatopitanti.it\\\/fr\\\/produit\\\/coffre-fort-anglais-en-metal-du-19eme-siecle\\\/#primaryimage\",\"url\":\"https:\\\/\\\/antiquariatopitanti.it\\\/wp-content\\\/uploads\\\/2022\\\/05\\\/IMG_E7442-225x300-1.jpg\",\"contentUrl\":\"https:\\\/\\\/antiquariatopitanti.it\\\/wp-content\\\/uploads\\\/2022\\\/05\\\/IMG_E7442-225x300-1.jpg\",\"width\":225,\"height\":300},{\"@type\":\"BreadcrumbList\",\"@id\":\"https:\\\/\\\/antiquariatopitanti.it\\\/fr\\\/produit\\\/coffre-fort-anglais-en-metal-du-19eme-siecle\\\/#breadcrumb\",\"itemListElement\":[{\"@type\":\"ListItem\",\"position\":1,\"name\":\"Home\",\"item\":\"https:\\\/\\\/antiquariatopitanti.it\\\/fr\\\/home\\\/\"},{\"@type\":\"ListItem\",\"position\":2,\"name\":\"Shop\",\"item\":\"https:\\\/\\\/antiquariatopitanti.it\\\/negozio\\\/\"},{\"@type\":\"ListItem\",\"position\":3,\"name\":\"Coffre-fort anglais en m\u00e9tal des ann\u00e9es 1800\"}]},{\"@type\":\"WebSite\",\"@id\":\"https:\\\/\\\/antiquariatopitanti.it\\\/#website\",\"url\":\"https:\\\/\\\/antiquariatopitanti.it\\\/\",\"name\":\"Pitanti Chesterfield &amp; Vintage\",\"description\":\"\",\"publisher\":{\"@id\":\"https:\\\/\\\/antiquariatopitanti.it\\\/#organization\"},\"potentialAction\":[{\"@type\":\"SearchAction\",\"target\":{\"@type\":\"EntryPoint\",\"urlTemplate\":\"https:\\\/\\\/antiquariatopitanti.it\\\/?s={search_term_string}\"},\"query-input\":{\"@type\":\"PropertyValueSpecification\",\"valueRequired\":true,\"valueName\":\"search_term_string\"}}],\"inLanguage\":\"fr-FR\"},{\"@type\":\"Organization\",\"@id\":\"https:\\\/\\\/antiquariatopitanti.it\\\/#organization\",\"name\":\"Antiquariato Pitanti\",\"url\":\"https:\\\/\\\/antiquariatopitanti.it\\\/\",\"logo\":{\"@type\":\"ImageObject\",\"inLanguage\":\"fr-FR\",\"@id\":\"https:\\\/\\\/antiquariatopitanti.it\\\/#\\\/schema\\\/logo\\\/image\\\/\",\"url\":\"https:\\\/\\\/antiquariatopitanti.it\\\/wp-content\\\/uploads\\\/2022\\\/03\\\/logo-pitanti-new-2.png\",\"contentUrl\":\"https:\\\/\\\/antiquariatopitanti.it\\\/wp-content\\\/uploads\\\/2022\\\/03\\\/logo-pitanti-new-2.png\",\"width\":944,\"height\":798,\"caption\":\"Antiquariato Pitanti\"},\"image\":{\"@id\":\"https:\\\/\\\/antiquariatopitanti.it\\\/#\\\/schema\\\/logo\\\/image\\\/\"},\"sameAs\":[\"https:\\\/\\\/www.facebook.com\\\/mobili.pitanti.vintage\\\/\"]}]}<\/script>\n<!-- \/ Yoast SEO plugin. -->","yoast_head_json":{"title":"Coffre-fort anglais en m\u00e9tal des ann\u00e9es 1800 - Pitanti Chesterfield &amp; Vintage","robots":{"index":"index","follow":"follow","max-snippet":"max-snippet:-1","max-image-preview":"max-image-preview:large","max-video-preview":"max-video-preview:-1"},"canonical":"https:\/\/antiquariatopitanti.it\/fr\/produit\/coffre-fort-anglais-en-metal-du-19eme-siecle\/","og_locale":"fr_FR","og_type":"article","og_title":"Coffre-fort anglais en m\u00e9tal des ann\u00e9es 1800 - Pitanti Chesterfield &amp; Vintage","og_description":"Ref.: Gb111 Coffre-fort victorien anglais Origine : Anglaise Epoque : Fin du 19\u00e8me si\u00e8cle Mat\u00e9riau: Fer vert anglais Mesures: L. 48 cm x P 48 cm x H.63 cm Etat conservatif : Restaur\u00e9","og_url":"https:\/\/antiquariatopitanti.it\/fr\/produit\/coffre-fort-anglais-en-metal-du-19eme-siecle\/","og_site_name":"Pitanti Chesterfield &amp; Vintage","article_publisher":"https:\/\/www.facebook.com\/mobili.pitanti.vintage\/","article_modified_time":"2022-09-08T07:50:19+00:00","og_image":[{"width":225,"height":300,"url":"https:\/\/antiquariatopitanti.it\/wp-content\/uploads\/2022\/05\/IMG_E7442-225x300-1.jpg","type":"image\/jpeg"}],"twitter_card":"summary_large_image","schema":{"@context":"https:\/\/schema.org","@graph":[{"@type":"WebPage","@id":"https:\/\/antiquariatopitanti.it\/fr\/produit\/coffre-fort-anglais-en-metal-du-19eme-siecle\/","url":"https:\/\/antiquariatopitanti.it\/fr\/produit\/coffre-fort-anglais-en-metal-du-19eme-siecle\/","name":"Coffre-fort anglais en m\u00e9tal des ann\u00e9es 1800 - Pitanti Chesterfield &amp; Vintage","isPartOf":{"@id":"https:\/\/antiquariatopitanti.it\/#website"},"primaryImageOfPage":{"@id":"https:\/\/antiquariatopitanti.it\/fr\/produit\/coffre-fort-anglais-en-metal-du-19eme-siecle\/#primaryimage"},"image":{"@id":"https:\/\/antiquariatopitanti.it\/fr\/produit\/coffre-fort-anglais-en-metal-du-19eme-siecle\/#primaryimage"},"thumbnailUrl":"https:\/\/antiquariatopitanti.it\/wp-content\/uploads\/2022\/05\/IMG_E7442-225x300-1.jpg","datePublished":"2022-09-03T10:03:10+00:00","dateModified":"2022-09-08T07:50:19+00:00","breadcrumb":{"@id":"https:\/\/antiquariatopitanti.it\/fr\/produit\/coffre-fort-anglais-en-metal-du-19eme-siecle\/#breadcrumb"},"inLanguage":"fr-FR","potentialAction":[{"@type":"ReadAction","target":["https:\/\/antiquariatopitanti.it\/fr\/produit\/coffre-fort-anglais-en-metal-du-19eme-siecle\/"]}]},{"@type":"ImageObject","inLanguage":"fr-FR","@id":"https:\/\/antiquariatopitanti.it\/fr\/produit\/coffre-fort-anglais-en-metal-du-19eme-siecle\/#primaryimage","url":"https:\/\/antiquariatopitanti.it\/wp-content\/uploads\/2022\/05\/IMG_E7442-225x300-1.jpg","contentUrl":"https:\/\/antiquariatopitanti.it\/wp-content\/uploads\/2022\/05\/IMG_E7442-225x300-1.jpg","width":225,"height":300},{"@type":"BreadcrumbList","@id":"https:\/\/antiquariatopitanti.it\/fr\/produit\/coffre-fort-anglais-en-metal-du-19eme-siecle\/#breadcrumb","itemListElement":[{"@type":"ListItem","position":1,"name":"Home","item":"https:\/\/antiquariatopitanti.it\/fr\/home\/"},{"@type":"ListItem","position":2,"name":"Shop","item":"https:\/\/antiquariatopitanti.it\/negozio\/"},{"@type":"ListItem","position":3,"name":"Coffre-fort anglais en m\u00e9tal des ann\u00e9es 1800"}]},{"@type":"WebSite","@id":"https:\/\/antiquariatopitanti.it\/#website","url":"https:\/\/antiquariatopitanti.it\/","name":"Pitanti Chesterfield &amp; Vintage","description":"","publisher":{"@id":"https:\/\/antiquariatopitanti.it\/#organization"},"potentialAction":[{"@type":"SearchAction","target":{"@type":"EntryPoint","urlTemplate":"https:\/\/antiquariatopitanti.it\/?s={search_term_string}"},"query-input":{"@type":"PropertyValueSpecification","valueRequired":true,"valueName":"search_term_string"}}],"inLanguage":"fr-FR"},{"@type":"Organization","@id":"https:\/\/antiquariatopitanti.it\/#organization","name":"Antiquariato Pitanti","url":"https:\/\/antiquariatopitanti.it\/","logo":{"@type":"ImageObject","inLanguage":"fr-FR","@id":"https:\/\/antiquariatopitanti.it\/#\/schema\/logo\/image\/","url":"https:\/\/antiquariatopitanti.it\/wp-content\/uploads\/2022\/03\/logo-pitanti-new-2.png","contentUrl":"https:\/\/antiquariatopitanti.it\/wp-content\/uploads\/2022\/03\/logo-pitanti-new-2.png","width":944,"height":798,"caption":"Antiquariato Pitanti"},"image":{"@id":"https:\/\/antiquariatopitanti.it\/#\/schema\/logo\/image\/"},"sameAs":["https:\/\/www.facebook.com\/mobili.pitanti.vintage\/"]}]}},"_links":{"self":[{"href":"https:\/\/antiquariatopitanti.it\/fr\/wp-json\/wp\/v2\/product\/5064","targetHints":{"allow":["GET"]}}],"collection":[{"href":"https:\/\/antiquariatopitanti.it\/fr\/wp-json\/wp\/v2\/product"}],"about":[{"href":"https:\/\/antiquariatopitanti.it\/fr\/wp-json\/wp\/v2\/types\/product"}],"wp:featuredmedia":[{"embeddable":true,"href":"https:\/\/antiquariatopitanti.it\/fr\/wp-json\/wp\/v2\/media\/3141"}],"wp:attachment":[{"href":"https:\/\/antiquariatopitanti.it\/fr\/wp-json\/wp\/v2\/media?parent=5064"}],"wp:term":[{"taxonomy":"product_brand","embeddable":true,"href":"https:\/\/antiquariatopitanti.it\/fr\/wp-json\/wp\/v2\/product_brand?post=5064"},{"taxonomy":"product_cat","embeddable":true,"href":"https:\/\/antiquariatopitanti.it\/fr\/wp-json\/wp\/v2\/product_cat?post=5064"},{"taxonomy":"product_tag","embeddable":true,"href":"https:\/\/antiquariatopitanti.it\/fr\/wp-json\/wp\/v2\/product_tag?post=5064"}],"curies":[{"name":"wp","href":"https:\/\/api.w.org\/{rel}","templated":true}]}}