{"id":5055,"date":"2022-05-29T12:00:36","date_gmt":"2022-09-03T08:48:42","guid":{"rendered":"https:\/\/antiquariatopitanti.it\/prodotto\/paire-de-2-tables-basses-shabby-chic-annees-40\/"},"modified":"2022-10-17T18:01:18","modified_gmt":"2022-10-17T16:01:18","slug":"paire-de-2-tables-basses-annees-annees-shabby-chic","status":"publish","type":"product","link":"https:\/\/antiquariatopitanti.it\/fr\/prodotto\/paire-de-2-tables-basses-annees-annees-shabby-chic\/","title":{"rendered":"Paire de 2 tables basses shabby-chic ann\u00e9es 40"},"content":{"rendered":"<p>Cette paire de tables de salon est am\u00e9ricaine des ann\u00e9es 1940, la base du bois est en acajou et a \u00e9t\u00e9 restaur\u00e9e avec la technique shabby chic.<\/p>\n","protected":false},"excerpt":{"rendered":"<p>Ref.: Mod41<br \/>\n<strong>Paire de 2 tables basses shabby-chic ann\u00e9es 40<\/strong><br \/>\n<strong>P\u00e9riode<\/strong> : ann\u00e9es 1940<br \/>\n<strong>Mesures:<\/strong> L. 51 cm X P. 58 cm X H. 64 cm<br \/>\n<strong>Origine<\/strong> : Am\u00e9ricaine<br \/>\n<strong>Etat conservatif<\/strong> : Restaur\u00e9 avec la technique Shabby chic<\/p>\n","protected":false},"featured_media":9154,"template":"","meta":[],"product_brand":[],"product_cat":[629,639],"product_tag":[940,941,1388,816],"class_list":{"0":"post-5055","1":"product","2":"type-product","3":"status-publish","4":"has-post-thumbnail","6":"product_cat-meubles-provencaux-et-shabby-chic","7":"product_cat-tables-shabby-chic-2","8":"product_tag-antiquites-americaines","9":"product_tag-antiquites-modernes-americaines-des-annees-1940","10":"product_tag-periode-900","11":"product_tag-vintage-fr","12":"entry","13":"has-media","15":"first","16":"outofstock","17":"sold-individually","18":"shipping-taxable","19":"purchasable","20":"product-type-simple"},"yoast_head":"<!-- This site is optimized with the Yoast SEO plugin v27.4 - https:\/\/yoast.com\/product\/yoast-seo-wordpress\/ -->\n<title>Paire de 2 tables basses shabby-chic ann\u00e9es 40 - Pitanti Chesterfield &amp; Vintage<\/title>\n<meta name=\"robots\" content=\"index, follow, max-snippet:-1, max-image-preview:large, max-video-preview:-1\" \/>\n<link rel=\"canonical\" href=\"https:\/\/antiquariatopitanti.it\/fr\/produit\/paire-de-2-tables-basses-annees-annees-shabby-chic\/\" \/>\n<meta property=\"og:locale\" content=\"fr_FR\" \/>\n<meta property=\"og:type\" content=\"article\" \/>\n<meta property=\"og:title\" content=\"Paire de 2 tables basses shabby-chic ann\u00e9es 40 - Pitanti Chesterfield &amp; Vintage\" \/>\n<meta property=\"og:description\" content=\"Ref.: Mod41 Paire de 2 tables basses shabby-chic ann\u00e9es 40 P\u00e9riode : ann\u00e9es 1940 Mesures: L. 51 cm X P. 58 cm X H. 64 cm Origine : Am\u00e9ricaine Etat conservatif : Restaur\u00e9 avec la technique Shabby chic\" \/>\n<meta property=\"og:url\" content=\"https:\/\/antiquariatopitanti.it\/fr\/produit\/paire-de-2-tables-basses-annees-annees-shabby-chic\/\" \/>\n<meta property=\"og:site_name\" content=\"Pitanti Chesterfield &amp; Vintage\" \/>\n<meta property=\"article:publisher\" content=\"https:\/\/www.facebook.com\/mobili.pitanti.vintage\/\" \/>\n<meta property=\"article:modified_time\" content=\"2022-10-17T16:01:18+00:00\" \/>\n<meta property=\"og:image\" content=\"https:\/\/antiquariatopitanti.it\/wp-content\/uploads\/2022\/05\/Mod41-coppia-di-2-tavolini-anni-40-shabby-chic-h.jpeg\" \/>\n\t<meta property=\"og:image:width\" content=\"1008\" \/>\n\t<meta property=\"og:image:height\" content=\"1344\" \/>\n\t<meta property=\"og:image:type\" content=\"image\/jpeg\" \/>\n<meta name=\"twitter:card\" content=\"summary_large_image\" \/>\n<script type=\"application\/ld+json\" class=\"yoast-schema-graph\">{\"@context\":\"https:\\\/\\\/schema.org\",\"@graph\":[{\"@type\":\"WebPage\",\"@id\":\"https:\\\/\\\/antiquariatopitanti.it\\\/fr\\\/produit\\\/paire-de-2-tables-basses-annees-annees-shabby-chic\\\/\",\"url\":\"https:\\\/\\\/antiquariatopitanti.it\\\/fr\\\/produit\\\/paire-de-2-tables-basses-annees-annees-shabby-chic\\\/\",\"name\":\"Paire de 2 tables basses shabby-chic ann\u00e9es 40 - Pitanti Chesterfield &amp; Vintage\",\"isPartOf\":{\"@id\":\"https:\\\/\\\/antiquariatopitanti.it\\\/#website\"},\"primaryImageOfPage\":{\"@id\":\"https:\\\/\\\/antiquariatopitanti.it\\\/fr\\\/produit\\\/paire-de-2-tables-basses-annees-annees-shabby-chic\\\/#primaryimage\"},\"image\":{\"@id\":\"https:\\\/\\\/antiquariatopitanti.it\\\/fr\\\/produit\\\/paire-de-2-tables-basses-annees-annees-shabby-chic\\\/#primaryimage\"},\"thumbnailUrl\":\"https:\\\/\\\/antiquariatopitanti.it\\\/wp-content\\\/uploads\\\/2022\\\/05\\\/Coppia-Tavolini-shabby-chic-antiquariato-americano-anni-40-1.jpeg\",\"datePublished\":\"2022-09-03T08:48:42+00:00\",\"dateModified\":\"2022-10-17T16:01:18+00:00\",\"breadcrumb\":{\"@id\":\"https:\\\/\\\/antiquariatopitanti.it\\\/fr\\\/produit\\\/paire-de-2-tables-basses-annees-annees-shabby-chic\\\/#breadcrumb\"},\"inLanguage\":\"fr-FR\",\"potentialAction\":[{\"@type\":\"ReadAction\",\"target\":[\"https:\\\/\\\/antiquariatopitanti.it\\\/fr\\\/produit\\\/paire-de-2-tables-basses-annees-annees-shabby-chic\\\/\"]}]},{\"@type\":\"ImageObject\",\"inLanguage\":\"fr-FR\",\"@id\":\"https:\\\/\\\/antiquariatopitanti.it\\\/fr\\\/produit\\\/paire-de-2-tables-basses-annees-annees-shabby-chic\\\/#primaryimage\",\"url\":\"https:\\\/\\\/antiquariatopitanti.it\\\/wp-content\\\/uploads\\\/2022\\\/05\\\/Coppia-Tavolini-shabby-chic-antiquariato-americano-anni-40-1.jpeg\",\"contentUrl\":\"https:\\\/\\\/antiquariatopitanti.it\\\/wp-content\\\/uploads\\\/2022\\\/05\\\/Coppia-Tavolini-shabby-chic-antiquariato-americano-anni-40-1.jpeg\",\"width\":1008,\"height\":1344,\"caption\":\"Coppia Tavolini shabby-chic\"},{\"@type\":\"BreadcrumbList\",\"@id\":\"https:\\\/\\\/antiquariatopitanti.it\\\/fr\\\/produit\\\/paire-de-2-tables-basses-annees-annees-shabby-chic\\\/#breadcrumb\",\"itemListElement\":[{\"@type\":\"ListItem\",\"position\":1,\"name\":\"Home\",\"item\":\"https:\\\/\\\/antiquariatopitanti.it\\\/fr\\\/home\\\/\"},{\"@type\":\"ListItem\",\"position\":2,\"name\":\"Shop\",\"item\":\"https:\\\/\\\/antiquariatopitanti.it\\\/negozio\\\/\"},{\"@type\":\"ListItem\",\"position\":3,\"name\":\"Paire de 2 tables basses shabby-chic ann\u00e9es 40\"}]},{\"@type\":\"WebSite\",\"@id\":\"https:\\\/\\\/antiquariatopitanti.it\\\/#website\",\"url\":\"https:\\\/\\\/antiquariatopitanti.it\\\/\",\"name\":\"Pitanti Chesterfield &amp; Vintage\",\"description\":\"\",\"publisher\":{\"@id\":\"https:\\\/\\\/antiquariatopitanti.it\\\/#organization\"},\"potentialAction\":[{\"@type\":\"SearchAction\",\"target\":{\"@type\":\"EntryPoint\",\"urlTemplate\":\"https:\\\/\\\/antiquariatopitanti.it\\\/?s={search_term_string}\"},\"query-input\":{\"@type\":\"PropertyValueSpecification\",\"valueRequired\":true,\"valueName\":\"search_term_string\"}}],\"inLanguage\":\"fr-FR\"},{\"@type\":\"Organization\",\"@id\":\"https:\\\/\\\/antiquariatopitanti.it\\\/#organization\",\"name\":\"Antiquariato Pitanti\",\"url\":\"https:\\\/\\\/antiquariatopitanti.it\\\/\",\"logo\":{\"@type\":\"ImageObject\",\"inLanguage\":\"fr-FR\",\"@id\":\"https:\\\/\\\/antiquariatopitanti.it\\\/#\\\/schema\\\/logo\\\/image\\\/\",\"url\":\"https:\\\/\\\/antiquariatopitanti.it\\\/wp-content\\\/uploads\\\/2022\\\/03\\\/logo-pitanti-new-2.png\",\"contentUrl\":\"https:\\\/\\\/antiquariatopitanti.it\\\/wp-content\\\/uploads\\\/2022\\\/03\\\/logo-pitanti-new-2.png\",\"width\":944,\"height\":798,\"caption\":\"Antiquariato Pitanti\"},\"image\":{\"@id\":\"https:\\\/\\\/antiquariatopitanti.it\\\/#\\\/schema\\\/logo\\\/image\\\/\"},\"sameAs\":[\"https:\\\/\\\/www.facebook.com\\\/mobili.pitanti.vintage\\\/\"]}]}<\/script>\n<!-- \/ Yoast SEO plugin. -->","yoast_head_json":{"title":"Paire de 2 tables basses shabby-chic ann\u00e9es 40 - Pitanti Chesterfield &amp; Vintage","robots":{"index":"index","follow":"follow","max-snippet":"max-snippet:-1","max-image-preview":"max-image-preview:large","max-video-preview":"max-video-preview:-1"},"canonical":"https:\/\/antiquariatopitanti.it\/fr\/produit\/paire-de-2-tables-basses-annees-annees-shabby-chic\/","og_locale":"fr_FR","og_type":"article","og_title":"Paire de 2 tables basses shabby-chic ann\u00e9es 40 - Pitanti Chesterfield &amp; Vintage","og_description":"Ref.: Mod41 Paire de 2 tables basses shabby-chic ann\u00e9es 40 P\u00e9riode : ann\u00e9es 1940 Mesures: L. 51 cm X P. 58 cm X H. 64 cm Origine : Am\u00e9ricaine Etat conservatif : Restaur\u00e9 avec la technique Shabby chic","og_url":"https:\/\/antiquariatopitanti.it\/fr\/produit\/paire-de-2-tables-basses-annees-annees-shabby-chic\/","og_site_name":"Pitanti Chesterfield &amp; Vintage","article_publisher":"https:\/\/www.facebook.com\/mobili.pitanti.vintage\/","article_modified_time":"2022-10-17T16:01:18+00:00","og_image":[{"width":1008,"height":1344,"url":"https:\/\/antiquariatopitanti.it\/wp-content\/uploads\/2022\/05\/Mod41-coppia-di-2-tavolini-anni-40-shabby-chic-h.jpeg","type":"image\/jpeg"}],"twitter_card":"summary_large_image","schema":{"@context":"https:\/\/schema.org","@graph":[{"@type":"WebPage","@id":"https:\/\/antiquariatopitanti.it\/fr\/produit\/paire-de-2-tables-basses-annees-annees-shabby-chic\/","url":"https:\/\/antiquariatopitanti.it\/fr\/produit\/paire-de-2-tables-basses-annees-annees-shabby-chic\/","name":"Paire de 2 tables basses shabby-chic ann\u00e9es 40 - Pitanti Chesterfield &amp; Vintage","isPartOf":{"@id":"https:\/\/antiquariatopitanti.it\/#website"},"primaryImageOfPage":{"@id":"https:\/\/antiquariatopitanti.it\/fr\/produit\/paire-de-2-tables-basses-annees-annees-shabby-chic\/#primaryimage"},"image":{"@id":"https:\/\/antiquariatopitanti.it\/fr\/produit\/paire-de-2-tables-basses-annees-annees-shabby-chic\/#primaryimage"},"thumbnailUrl":"https:\/\/antiquariatopitanti.it\/wp-content\/uploads\/2022\/05\/Coppia-Tavolini-shabby-chic-antiquariato-americano-anni-40-1.jpeg","datePublished":"2022-09-03T08:48:42+00:00","dateModified":"2022-10-17T16:01:18+00:00","breadcrumb":{"@id":"https:\/\/antiquariatopitanti.it\/fr\/produit\/paire-de-2-tables-basses-annees-annees-shabby-chic\/#breadcrumb"},"inLanguage":"fr-FR","potentialAction":[{"@type":"ReadAction","target":["https:\/\/antiquariatopitanti.it\/fr\/produit\/paire-de-2-tables-basses-annees-annees-shabby-chic\/"]}]},{"@type":"ImageObject","inLanguage":"fr-FR","@id":"https:\/\/antiquariatopitanti.it\/fr\/produit\/paire-de-2-tables-basses-annees-annees-shabby-chic\/#primaryimage","url":"https:\/\/antiquariatopitanti.it\/wp-content\/uploads\/2022\/05\/Coppia-Tavolini-shabby-chic-antiquariato-americano-anni-40-1.jpeg","contentUrl":"https:\/\/antiquariatopitanti.it\/wp-content\/uploads\/2022\/05\/Coppia-Tavolini-shabby-chic-antiquariato-americano-anni-40-1.jpeg","width":1008,"height":1344,"caption":"Coppia Tavolini shabby-chic"},{"@type":"BreadcrumbList","@id":"https:\/\/antiquariatopitanti.it\/fr\/produit\/paire-de-2-tables-basses-annees-annees-shabby-chic\/#breadcrumb","itemListElement":[{"@type":"ListItem","position":1,"name":"Home","item":"https:\/\/antiquariatopitanti.it\/fr\/home\/"},{"@type":"ListItem","position":2,"name":"Shop","item":"https:\/\/antiquariatopitanti.it\/negozio\/"},{"@type":"ListItem","position":3,"name":"Paire de 2 tables basses shabby-chic ann\u00e9es 40"}]},{"@type":"WebSite","@id":"https:\/\/antiquariatopitanti.it\/#website","url":"https:\/\/antiquariatopitanti.it\/","name":"Pitanti Chesterfield &amp; Vintage","description":"","publisher":{"@id":"https:\/\/antiquariatopitanti.it\/#organization"},"potentialAction":[{"@type":"SearchAction","target":{"@type":"EntryPoint","urlTemplate":"https:\/\/antiquariatopitanti.it\/?s={search_term_string}"},"query-input":{"@type":"PropertyValueSpecification","valueRequired":true,"valueName":"search_term_string"}}],"inLanguage":"fr-FR"},{"@type":"Organization","@id":"https:\/\/antiquariatopitanti.it\/#organization","name":"Antiquariato Pitanti","url":"https:\/\/antiquariatopitanti.it\/","logo":{"@type":"ImageObject","inLanguage":"fr-FR","@id":"https:\/\/antiquariatopitanti.it\/#\/schema\/logo\/image\/","url":"https:\/\/antiquariatopitanti.it\/wp-content\/uploads\/2022\/03\/logo-pitanti-new-2.png","contentUrl":"https:\/\/antiquariatopitanti.it\/wp-content\/uploads\/2022\/03\/logo-pitanti-new-2.png","width":944,"height":798,"caption":"Antiquariato Pitanti"},"image":{"@id":"https:\/\/antiquariatopitanti.it\/#\/schema\/logo\/image\/"},"sameAs":["https:\/\/www.facebook.com\/mobili.pitanti.vintage\/"]}]}},"_links":{"self":[{"href":"https:\/\/antiquariatopitanti.it\/fr\/wp-json\/wp\/v2\/product\/5055","targetHints":{"allow":["GET"]}}],"collection":[{"href":"https:\/\/antiquariatopitanti.it\/fr\/wp-json\/wp\/v2\/product"}],"about":[{"href":"https:\/\/antiquariatopitanti.it\/fr\/wp-json\/wp\/v2\/types\/product"}],"wp:featuredmedia":[{"embeddable":true,"href":"https:\/\/antiquariatopitanti.it\/fr\/wp-json\/wp\/v2\/media\/9154"}],"wp:attachment":[{"href":"https:\/\/antiquariatopitanti.it\/fr\/wp-json\/wp\/v2\/media?parent=5055"}],"wp:term":[{"taxonomy":"product_brand","embeddable":true,"href":"https:\/\/antiquariatopitanti.it\/fr\/wp-json\/wp\/v2\/product_brand?post=5055"},{"taxonomy":"product_cat","embeddable":true,"href":"https:\/\/antiquariatopitanti.it\/fr\/wp-json\/wp\/v2\/product_cat?post=5055"},{"taxonomy":"product_tag","embeddable":true,"href":"https:\/\/antiquariatopitanti.it\/fr\/wp-json\/wp\/v2\/product_tag?post=5055"}],"curies":[{"name":"wp","href":"https:\/\/api.w.org\/{rel}","templated":true}]}}