{"id":5050,"date":"2022-05-30T17:10:06","date_gmt":"2022-09-02T15:03:22","guid":{"rendered":"https:\/\/antiquariatopitanti.it\/prodotto\/abattant-hollandais-en-noyer-fin-xviiie-siecle\/"},"modified":"2022-09-07T11:33:56","modified_gmt":"2022-09-07T09:33:56","slug":"rabat-hollandais-noyer-fin-700","status":"publish","type":"product","link":"https:\/\/antiquariatopitanti.it\/fr\/prodotto\/rabat-hollandais-noyer-fin-700\/","title":{"rendered":"Abattant hollandais en noyer fin XVIIIe si\u00e8cle"},"content":{"rendered":"<p>Rabat hollandais incrust\u00e9 et marqu\u00e9 de fleurs et d&rsquo;animaux, tout d&rsquo;origine, en noyer, \u00e0 l&rsquo;\u00e9tat conservatif restaur\u00e9 et poli, il sera repoli avant livraison, garantie d&rsquo;origine et d&rsquo;\u00e9poque d\u00e9livr\u00e9e.<\/p>\n","protected":false},"excerpt":{"rendered":"<p>Ref.:Gb105<br \/>\n<strong>Rabat hollandaise du 18\u00e8me si\u00e8cle<\/strong><br \/>\n<strong>Origine<\/strong> : N\u00e9erlandais<br \/>\n<strong>P\u00e9riode : fin &lsquo;700 d\u00e9but &lsquo;800<\/strong> &lsquo;700<br \/>\n<strong>Mat\u00e9riau<\/strong> : bois de noyer avec incrustations d&rsquo;\u00e9rable et divers bois pr\u00e9cieux<br \/>\n<strong>Mesures<\/strong> : L. 105 cm x P 60 cm x H 104 cm profondeur maximum lorsqu&rsquo;il est ouvert P.87 CM<br \/>\n<strong>Etat conservatif<\/strong> : restaur\u00e9 et poli<\/p>\n<p><em><strong>CONTACT POUR LE PRIX+39 3929514115<\/strong><\/em><\/p>\n","protected":false},"featured_media":9825,"template":"","meta":[],"product_brand":[],"product_cat":[605,585],"product_tag":[918,919,1153,1337,920,921,1312,2104,908,1338],"class_list":{"0":"post-5050","1":"product","2":"type-product","3":"status-publish","4":"has-post-thumbnail","6":"product_cat-abattants","7":"product_cat-antiquites","8":"product_tag-antiquites-hollandaises-des-annees-1700","9":"product_tag-antiquites-hollandaises-en-noyer","10":"product_tag-incrustations","11":"product_tag-meubles-anciens-hollandais","12":"product_tag-meubles-anciens-incrustes-700","13":"product_tag-meubles-marques-de-fleurs","14":"product_tag-noce-fr","15":"product_tag-pays-bas","16":"product_tag-pieces-uniques","17":"product_tag-rabat-marquetterie","18":"entry","19":"has-media","21":"first","22":"outofstock","23":"sold-individually","24":"shipping-taxable","25":"product-type-simple"},"yoast_head":"<!-- This site is optimized with the Yoast SEO plugin v27.4 - https:\/\/yoast.com\/product\/yoast-seo-wordpress\/ -->\n<title>Abattant hollandais en noyer fin XVIIIe si\u00e8cle - Pitanti Chesterfield &amp; Vintage<\/title>\n<meta name=\"robots\" content=\"index, follow, max-snippet:-1, max-image-preview:large, max-video-preview:-1\" \/>\n<link rel=\"canonical\" href=\"https:\/\/antiquariatopitanti.it\/fr\/produit\/rabat-hollandais-noyer-fin-700\/\" \/>\n<meta property=\"og:locale\" content=\"fr_FR\" \/>\n<meta property=\"og:type\" content=\"article\" \/>\n<meta property=\"og:title\" content=\"Abattant hollandais en noyer fin XVIIIe si\u00e8cle - Pitanti Chesterfield &amp; Vintage\" \/>\n<meta property=\"og:description\" content=\"Ref.:Gb105 Rabat hollandaise du 18\u00e8me si\u00e8cle Origine : N\u00e9erlandais P\u00e9riode : fin &#039;700 d\u00e9but &#039;800 &#039;700 Mat\u00e9riau : bois de noyer avec incrustations d&#039;\u00e9rable et divers bois pr\u00e9cieux Mesures : L. 105 cm x P 60 cm x H 104 cm profondeur maximum lorsqu&#039;il est ouvert P.87 CM Etat conservatif : restaur\u00e9 et poli CONTACT POUR LE PRIX+39 3929514115\" \/>\n<meta property=\"og:url\" content=\"https:\/\/antiquariatopitanti.it\/fr\/produit\/rabat-hollandais-noyer-fin-700\/\" \/>\n<meta property=\"og:site_name\" content=\"Pitanti Chesterfield &amp; Vintage\" \/>\n<meta property=\"article:publisher\" content=\"https:\/\/www.facebook.com\/mobili.pitanti.vintage\/\" \/>\n<meta property=\"article:modified_time\" content=\"2022-09-07T09:33:56+00:00\" \/>\n<meta property=\"og:image\" content=\"https:\/\/antiquariatopitanti.it\/wp-content\/uploads\/2022\/05\/Gb105-Ribalta-Olandese-intarsiata-a-marquetterie-Fine-700-in-Noce-q.jpeg\" \/>\n\t<meta property=\"og:image:width\" content=\"1008\" \/>\n\t<meta property=\"og:image:height\" content=\"1344\" \/>\n\t<meta property=\"og:image:type\" content=\"image\/jpeg\" \/>\n<meta name=\"twitter:card\" content=\"summary_large_image\" \/>\n<script type=\"application\/ld+json\" class=\"yoast-schema-graph\">{\"@context\":\"https:\\\/\\\/schema.org\",\"@graph\":[{\"@type\":\"WebPage\",\"@id\":\"https:\\\/\\\/antiquariatopitanti.it\\\/fr\\\/produit\\\/rabat-hollandais-noyer-fin-700\\\/\",\"url\":\"https:\\\/\\\/antiquariatopitanti.it\\\/fr\\\/produit\\\/rabat-hollandais-noyer-fin-700\\\/\",\"name\":\"Abattant hollandais en noyer fin XVIIIe si\u00e8cle - Pitanti Chesterfield &amp; Vintage\",\"isPartOf\":{\"@id\":\"https:\\\/\\\/antiquariatopitanti.it\\\/#website\"},\"primaryImageOfPage\":{\"@id\":\"https:\\\/\\\/antiquariatopitanti.it\\\/fr\\\/produit\\\/rabat-hollandais-noyer-fin-700\\\/#primaryimage\"},\"image\":{\"@id\":\"https:\\\/\\\/antiquariatopitanti.it\\\/fr\\\/produit\\\/rabat-hollandais-noyer-fin-700\\\/#primaryimage\"},\"thumbnailUrl\":\"https:\\\/\\\/antiquariatopitanti.it\\\/wp-content\\\/uploads\\\/2022\\\/05\\\/Ribalta-Olandese-noce-intarsiata-a-marquetterie-Fine-700-in-Noce-2.jpeg\",\"datePublished\":\"2022-09-02T15:03:22+00:00\",\"dateModified\":\"2022-09-07T09:33:56+00:00\",\"breadcrumb\":{\"@id\":\"https:\\\/\\\/antiquariatopitanti.it\\\/fr\\\/produit\\\/rabat-hollandais-noyer-fin-700\\\/#breadcrumb\"},\"inLanguage\":\"fr-FR\",\"potentialAction\":[{\"@type\":\"ReadAction\",\"target\":[\"https:\\\/\\\/antiquariatopitanti.it\\\/fr\\\/produit\\\/rabat-hollandais-noyer-fin-700\\\/\"]}]},{\"@type\":\"ImageObject\",\"inLanguage\":\"fr-FR\",\"@id\":\"https:\\\/\\\/antiquariatopitanti.it\\\/fr\\\/produit\\\/rabat-hollandais-noyer-fin-700\\\/#primaryimage\",\"url\":\"https:\\\/\\\/antiquariatopitanti.it\\\/wp-content\\\/uploads\\\/2022\\\/05\\\/Ribalta-Olandese-noce-intarsiata-a-marquetterie-Fine-700-in-Noce-2.jpeg\",\"contentUrl\":\"https:\\\/\\\/antiquariatopitanti.it\\\/wp-content\\\/uploads\\\/2022\\\/05\\\/Ribalta-Olandese-noce-intarsiata-a-marquetterie-Fine-700-in-Noce-2.jpeg\",\"width\":1008,\"height\":1344,\"caption\":\"Ribalta olandese noce fine'700\"},{\"@type\":\"BreadcrumbList\",\"@id\":\"https:\\\/\\\/antiquariatopitanti.it\\\/fr\\\/produit\\\/rabat-hollandais-noyer-fin-700\\\/#breadcrumb\",\"itemListElement\":[{\"@type\":\"ListItem\",\"position\":1,\"name\":\"Home\",\"item\":\"https:\\\/\\\/antiquariatopitanti.it\\\/fr\\\/home\\\/\"},{\"@type\":\"ListItem\",\"position\":2,\"name\":\"Shop\",\"item\":\"https:\\\/\\\/antiquariatopitanti.it\\\/negozio\\\/\"},{\"@type\":\"ListItem\",\"position\":3,\"name\":\"Abattant hollandais en noyer fin XVIIIe si\u00e8cle\"}]},{\"@type\":\"WebSite\",\"@id\":\"https:\\\/\\\/antiquariatopitanti.it\\\/#website\",\"url\":\"https:\\\/\\\/antiquariatopitanti.it\\\/\",\"name\":\"Pitanti Chesterfield &amp; Vintage\",\"description\":\"\",\"publisher\":{\"@id\":\"https:\\\/\\\/antiquariatopitanti.it\\\/#organization\"},\"potentialAction\":[{\"@type\":\"SearchAction\",\"target\":{\"@type\":\"EntryPoint\",\"urlTemplate\":\"https:\\\/\\\/antiquariatopitanti.it\\\/?s={search_term_string}\"},\"query-input\":{\"@type\":\"PropertyValueSpecification\",\"valueRequired\":true,\"valueName\":\"search_term_string\"}}],\"inLanguage\":\"fr-FR\"},{\"@type\":\"Organization\",\"@id\":\"https:\\\/\\\/antiquariatopitanti.it\\\/#organization\",\"name\":\"Antiquariato Pitanti\",\"url\":\"https:\\\/\\\/antiquariatopitanti.it\\\/\",\"logo\":{\"@type\":\"ImageObject\",\"inLanguage\":\"fr-FR\",\"@id\":\"https:\\\/\\\/antiquariatopitanti.it\\\/#\\\/schema\\\/logo\\\/image\\\/\",\"url\":\"https:\\\/\\\/antiquariatopitanti.it\\\/wp-content\\\/uploads\\\/2022\\\/03\\\/logo-pitanti-new-2.png\",\"contentUrl\":\"https:\\\/\\\/antiquariatopitanti.it\\\/wp-content\\\/uploads\\\/2022\\\/03\\\/logo-pitanti-new-2.png\",\"width\":944,\"height\":798,\"caption\":\"Antiquariato Pitanti\"},\"image\":{\"@id\":\"https:\\\/\\\/antiquariatopitanti.it\\\/#\\\/schema\\\/logo\\\/image\\\/\"},\"sameAs\":[\"https:\\\/\\\/www.facebook.com\\\/mobili.pitanti.vintage\\\/\"]}]}<\/script>\n<!-- \/ Yoast SEO plugin. -->","yoast_head_json":{"title":"Abattant hollandais en noyer fin XVIIIe si\u00e8cle - Pitanti Chesterfield &amp; Vintage","robots":{"index":"index","follow":"follow","max-snippet":"max-snippet:-1","max-image-preview":"max-image-preview:large","max-video-preview":"max-video-preview:-1"},"canonical":"https:\/\/antiquariatopitanti.it\/fr\/produit\/rabat-hollandais-noyer-fin-700\/","og_locale":"fr_FR","og_type":"article","og_title":"Abattant hollandais en noyer fin XVIIIe si\u00e8cle - Pitanti Chesterfield &amp; Vintage","og_description":"Ref.:Gb105 Rabat hollandaise du 18\u00e8me si\u00e8cle Origine : N\u00e9erlandais P\u00e9riode : fin '700 d\u00e9but '800 '700 Mat\u00e9riau : bois de noyer avec incrustations d'\u00e9rable et divers bois pr\u00e9cieux Mesures : L. 105 cm x P 60 cm x H 104 cm profondeur maximum lorsqu'il est ouvert P.87 CM Etat conservatif : restaur\u00e9 et poli CONTACT POUR LE PRIX+39 3929514115","og_url":"https:\/\/antiquariatopitanti.it\/fr\/produit\/rabat-hollandais-noyer-fin-700\/","og_site_name":"Pitanti Chesterfield &amp; Vintage","article_publisher":"https:\/\/www.facebook.com\/mobili.pitanti.vintage\/","article_modified_time":"2022-09-07T09:33:56+00:00","og_image":[{"width":1008,"height":1344,"url":"https:\/\/antiquariatopitanti.it\/wp-content\/uploads\/2022\/05\/Gb105-Ribalta-Olandese-intarsiata-a-marquetterie-Fine-700-in-Noce-q.jpeg","type":"image\/jpeg"}],"twitter_card":"summary_large_image","schema":{"@context":"https:\/\/schema.org","@graph":[{"@type":"WebPage","@id":"https:\/\/antiquariatopitanti.it\/fr\/produit\/rabat-hollandais-noyer-fin-700\/","url":"https:\/\/antiquariatopitanti.it\/fr\/produit\/rabat-hollandais-noyer-fin-700\/","name":"Abattant hollandais en noyer fin XVIIIe si\u00e8cle - Pitanti Chesterfield &amp; Vintage","isPartOf":{"@id":"https:\/\/antiquariatopitanti.it\/#website"},"primaryImageOfPage":{"@id":"https:\/\/antiquariatopitanti.it\/fr\/produit\/rabat-hollandais-noyer-fin-700\/#primaryimage"},"image":{"@id":"https:\/\/antiquariatopitanti.it\/fr\/produit\/rabat-hollandais-noyer-fin-700\/#primaryimage"},"thumbnailUrl":"https:\/\/antiquariatopitanti.it\/wp-content\/uploads\/2022\/05\/Ribalta-Olandese-noce-intarsiata-a-marquetterie-Fine-700-in-Noce-2.jpeg","datePublished":"2022-09-02T15:03:22+00:00","dateModified":"2022-09-07T09:33:56+00:00","breadcrumb":{"@id":"https:\/\/antiquariatopitanti.it\/fr\/produit\/rabat-hollandais-noyer-fin-700\/#breadcrumb"},"inLanguage":"fr-FR","potentialAction":[{"@type":"ReadAction","target":["https:\/\/antiquariatopitanti.it\/fr\/produit\/rabat-hollandais-noyer-fin-700\/"]}]},{"@type":"ImageObject","inLanguage":"fr-FR","@id":"https:\/\/antiquariatopitanti.it\/fr\/produit\/rabat-hollandais-noyer-fin-700\/#primaryimage","url":"https:\/\/antiquariatopitanti.it\/wp-content\/uploads\/2022\/05\/Ribalta-Olandese-noce-intarsiata-a-marquetterie-Fine-700-in-Noce-2.jpeg","contentUrl":"https:\/\/antiquariatopitanti.it\/wp-content\/uploads\/2022\/05\/Ribalta-Olandese-noce-intarsiata-a-marquetterie-Fine-700-in-Noce-2.jpeg","width":1008,"height":1344,"caption":"Ribalta olandese noce fine'700"},{"@type":"BreadcrumbList","@id":"https:\/\/antiquariatopitanti.it\/fr\/produit\/rabat-hollandais-noyer-fin-700\/#breadcrumb","itemListElement":[{"@type":"ListItem","position":1,"name":"Home","item":"https:\/\/antiquariatopitanti.it\/fr\/home\/"},{"@type":"ListItem","position":2,"name":"Shop","item":"https:\/\/antiquariatopitanti.it\/negozio\/"},{"@type":"ListItem","position":3,"name":"Abattant hollandais en noyer fin XVIIIe si\u00e8cle"}]},{"@type":"WebSite","@id":"https:\/\/antiquariatopitanti.it\/#website","url":"https:\/\/antiquariatopitanti.it\/","name":"Pitanti Chesterfield &amp; Vintage","description":"","publisher":{"@id":"https:\/\/antiquariatopitanti.it\/#organization"},"potentialAction":[{"@type":"SearchAction","target":{"@type":"EntryPoint","urlTemplate":"https:\/\/antiquariatopitanti.it\/?s={search_term_string}"},"query-input":{"@type":"PropertyValueSpecification","valueRequired":true,"valueName":"search_term_string"}}],"inLanguage":"fr-FR"},{"@type":"Organization","@id":"https:\/\/antiquariatopitanti.it\/#organization","name":"Antiquariato Pitanti","url":"https:\/\/antiquariatopitanti.it\/","logo":{"@type":"ImageObject","inLanguage":"fr-FR","@id":"https:\/\/antiquariatopitanti.it\/#\/schema\/logo\/image\/","url":"https:\/\/antiquariatopitanti.it\/wp-content\/uploads\/2022\/03\/logo-pitanti-new-2.png","contentUrl":"https:\/\/antiquariatopitanti.it\/wp-content\/uploads\/2022\/03\/logo-pitanti-new-2.png","width":944,"height":798,"caption":"Antiquariato Pitanti"},"image":{"@id":"https:\/\/antiquariatopitanti.it\/#\/schema\/logo\/image\/"},"sameAs":["https:\/\/www.facebook.com\/mobili.pitanti.vintage\/"]}]}},"_links":{"self":[{"href":"https:\/\/antiquariatopitanti.it\/fr\/wp-json\/wp\/v2\/product\/5050","targetHints":{"allow":["GET"]}}],"collection":[{"href":"https:\/\/antiquariatopitanti.it\/fr\/wp-json\/wp\/v2\/product"}],"about":[{"href":"https:\/\/antiquariatopitanti.it\/fr\/wp-json\/wp\/v2\/types\/product"}],"wp:featuredmedia":[{"embeddable":true,"href":"https:\/\/antiquariatopitanti.it\/fr\/wp-json\/wp\/v2\/media\/9825"}],"wp:attachment":[{"href":"https:\/\/antiquariatopitanti.it\/fr\/wp-json\/wp\/v2\/media?parent=5050"}],"wp:term":[{"taxonomy":"product_brand","embeddable":true,"href":"https:\/\/antiquariatopitanti.it\/fr\/wp-json\/wp\/v2\/product_brand?post=5050"},{"taxonomy":"product_cat","embeddable":true,"href":"https:\/\/antiquariatopitanti.it\/fr\/wp-json\/wp\/v2\/product_cat?post=5050"},{"taxonomy":"product_tag","embeddable":true,"href":"https:\/\/antiquariatopitanti.it\/fr\/wp-json\/wp\/v2\/product_tag?post=5050"}],"curies":[{"name":"wp","href":"https:\/\/api.w.org\/{rel}","templated":true}]}}