{"id":5046,"date":"2022-05-31T10:01:09","date_gmt":"2022-09-02T14:07:18","guid":{"rendered":"https:\/\/antiquariatopitanti.it\/prodotto\/pouf-vintage-chesterfield-capitonne-anglais\/"},"modified":"2022-09-02T16:07:18","modified_gmt":"2022-09-02T14:07:18","slug":"pouf-chesterfield-anglais-capitonne-vintage-2","status":"publish","type":"product","link":"https:\/\/antiquariatopitanti.it\/fr\/prodotto\/pouf-chesterfield-anglais-capitonne-vintage-2\/","title":{"rendered":"Pouf vintage Chesterfield capitonn\u00e9 anglais"},"content":{"rendered":"<p>Pouf anglais avec pi\u00e8tement en bois d&rsquo;acajou et cuir capitonn\u00e9 vert anglais vintage<\/p>\n","protected":false},"excerpt":{"rendered":"<p>Ref.: Gb38<br \/>\n<strong>Pouf vintage Chesterfield capitonn\u00e9 anglais<\/strong><br \/>\n<strong>P\u00e9riode<\/strong> : ann\u00e9es 70\/80<br \/>\n<strong>Origine<\/strong> : Angleterre<br \/>\n<strong>Mat\u00e9riau<\/strong>: bois et cuir capitonn\u00e9 vert anglais<br \/>\n<strong>Mesures<\/strong>: L. 70 cm x P. 44 cm x H. 40 cm<br \/>\n<strong>\u00c9tat conservatif<\/strong> : Excellent Vintage<\/p>\n","protected":false},"featured_media":3447,"template":"","meta":[],"product_brand":[],"product_cat":[585,619,622],"product_tag":[758,1926,911,910],"class_list":{"0":"post-5046","1":"product","2":"type-product","3":"status-publish","4":"has-post-thumbnail","6":"product_cat-antiquites","7":"product_cat-chesterfield-fr","8":"product_cat-poufs","9":"product_tag-antiquites-anglaises-900","10":"product_tag-meubles-vintage-du-milieu-du-siecle-fr","11":"product_tag-pouf-capitonne-fr","12":"product_tag-pouf-chesterfield-fr","13":"entry","14":"has-media","16":"first","17":"outofstock","18":"sold-individually","19":"shipping-taxable","20":"product-type-simple"},"yoast_head":"<!-- This site is optimized with the Yoast SEO plugin v27.4 - https:\/\/yoast.com\/product\/yoast-seo-wordpress\/ -->\n<title>Pouf vintage Chesterfield capitonn\u00e9 anglais - Pitanti Chesterfield &amp; Vintage<\/title>\n<meta name=\"robots\" content=\"index, follow, max-snippet:-1, max-image-preview:large, max-video-preview:-1\" \/>\n<link rel=\"canonical\" href=\"https:\/\/antiquariatopitanti.it\/prodotto\/pouf-vintage-chesterfield-capitonne-anglais\/\" \/>\n<meta property=\"og:locale\" content=\"fr_FR\" \/>\n<meta property=\"og:type\" content=\"article\" \/>\n<meta property=\"og:title\" content=\"Pouf vintage Chesterfield capitonn\u00e9 anglais - Pitanti Chesterfield &amp; Vintage\" \/>\n<meta property=\"og:description\" content=\"Ref.: Gb38 Pouf vintage Chesterfield capitonn\u00e9 anglais P\u00e9riode : ann\u00e9es 70\/80 Origine : Angleterre Mat\u00e9riau: bois et cuir capitonn\u00e9 vert anglais Mesures: L. 70 cm x P. 44 cm x H. 40 cm \u00c9tat conservatif : Excellent Vintage\" \/>\n<meta property=\"og:url\" content=\"https:\/\/antiquariatopitanti.it\/prodotto\/pouf-vintage-chesterfield-capitonne-anglais\/\" \/>\n<meta property=\"og:site_name\" content=\"Pitanti Chesterfield &amp; Vintage\" \/>\n<meta property=\"article:publisher\" content=\"https:\/\/www.facebook.com\/mobili.pitanti.vintage\/\" \/>\n<meta name=\"twitter:card\" content=\"summary_large_image\" \/>\n<script type=\"application\/ld+json\" class=\"yoast-schema-graph\">{\"@context\":\"https:\\\/\\\/schema.org\",\"@graph\":[{\"@type\":\"WebPage\",\"@id\":\"https:\\\/\\\/antiquariatopitanti.it\\\/prodotto\\\/pouf-vintage-chesterfield-capitonne-anglais\\\/\",\"url\":\"https:\\\/\\\/antiquariatopitanti.it\\\/prodotto\\\/pouf-vintage-chesterfield-capitonne-anglais\\\/\",\"name\":\"Pouf vintage Chesterfield capitonn\u00e9 anglais - Pitanti Chesterfield &amp; Vintage\",\"isPartOf\":{\"@id\":\"https:\\\/\\\/antiquariatopitanti.it\\\/#website\"},\"primaryImageOfPage\":{\"@id\":\"https:\\\/\\\/antiquariatopitanti.it\\\/prodotto\\\/pouf-vintage-chesterfield-capitonne-anglais\\\/#primaryimage\"},\"image\":{\"@id\":\"https:\\\/\\\/antiquariatopitanti.it\\\/prodotto\\\/pouf-vintage-chesterfield-capitonne-anglais\\\/#primaryimage\"},\"thumbnailUrl\":\"https:\\\/\\\/antiquariatopitanti.it\\\/wp-content\\\/uploads\\\/2022\\\/05\\\/Gb38-pouf-chesterfield-originale-inglese-vintage-a.jpeg\",\"datePublished\":\"2022-09-02T14:07:18+00:00\",\"breadcrumb\":{\"@id\":\"https:\\\/\\\/antiquariatopitanti.it\\\/prodotto\\\/pouf-vintage-chesterfield-capitonne-anglais\\\/#breadcrumb\"},\"inLanguage\":\"fr-FR\",\"potentialAction\":[{\"@type\":\"ReadAction\",\"target\":[\"https:\\\/\\\/antiquariatopitanti.it\\\/prodotto\\\/pouf-vintage-chesterfield-capitonne-anglais\\\/\"]}]},{\"@type\":\"ImageObject\",\"inLanguage\":\"fr-FR\",\"@id\":\"https:\\\/\\\/antiquariatopitanti.it\\\/prodotto\\\/pouf-vintage-chesterfield-capitonne-anglais\\\/#primaryimage\",\"url\":\"https:\\\/\\\/antiquariatopitanti.it\\\/wp-content\\\/uploads\\\/2022\\\/05\\\/Gb38-pouf-chesterfield-originale-inglese-vintage-a.jpeg\",\"contentUrl\":\"https:\\\/\\\/antiquariatopitanti.it\\\/wp-content\\\/uploads\\\/2022\\\/05\\\/Gb38-pouf-chesterfield-originale-inglese-vintage-a.jpeg\",\"width\":1008,\"height\":1344,\"caption\":\"Pouf vintage chesterfield vert\"},{\"@type\":\"BreadcrumbList\",\"@id\":\"https:\\\/\\\/antiquariatopitanti.it\\\/prodotto\\\/pouf-vintage-chesterfield-capitonne-anglais\\\/#breadcrumb\",\"itemListElement\":[{\"@type\":\"ListItem\",\"position\":1,\"name\":\"Home\",\"item\":\"https:\\\/\\\/antiquariatopitanti.it\\\/fr\\\/home\\\/\"},{\"@type\":\"ListItem\",\"position\":2,\"name\":\"Shop\",\"item\":\"https:\\\/\\\/antiquariatopitanti.it\\\/negozio\\\/\"},{\"@type\":\"ListItem\",\"position\":3,\"name\":\"Pouf vintage Chesterfield capitonn\u00e9 anglais\"}]},{\"@type\":\"WebSite\",\"@id\":\"https:\\\/\\\/antiquariatopitanti.it\\\/#website\",\"url\":\"https:\\\/\\\/antiquariatopitanti.it\\\/\",\"name\":\"Pitanti Chesterfield &amp; Vintage\",\"description\":\"\",\"publisher\":{\"@id\":\"https:\\\/\\\/antiquariatopitanti.it\\\/#organization\"},\"potentialAction\":[{\"@type\":\"SearchAction\",\"target\":{\"@type\":\"EntryPoint\",\"urlTemplate\":\"https:\\\/\\\/antiquariatopitanti.it\\\/?s={search_term_string}\"},\"query-input\":{\"@type\":\"PropertyValueSpecification\",\"valueRequired\":true,\"valueName\":\"search_term_string\"}}],\"inLanguage\":\"fr-FR\"},{\"@type\":\"Organization\",\"@id\":\"https:\\\/\\\/antiquariatopitanti.it\\\/#organization\",\"name\":\"Antiquariato Pitanti\",\"url\":\"https:\\\/\\\/antiquariatopitanti.it\\\/\",\"logo\":{\"@type\":\"ImageObject\",\"inLanguage\":\"fr-FR\",\"@id\":\"https:\\\/\\\/antiquariatopitanti.it\\\/#\\\/schema\\\/logo\\\/image\\\/\",\"url\":\"https:\\\/\\\/antiquariatopitanti.it\\\/wp-content\\\/uploads\\\/2022\\\/03\\\/logo-pitanti-new-2.png\",\"contentUrl\":\"https:\\\/\\\/antiquariatopitanti.it\\\/wp-content\\\/uploads\\\/2022\\\/03\\\/logo-pitanti-new-2.png\",\"width\":944,\"height\":798,\"caption\":\"Antiquariato Pitanti\"},\"image\":{\"@id\":\"https:\\\/\\\/antiquariatopitanti.it\\\/#\\\/schema\\\/logo\\\/image\\\/\"},\"sameAs\":[\"https:\\\/\\\/www.facebook.com\\\/mobili.pitanti.vintage\\\/\"]}]}<\/script>\n<!-- \/ Yoast SEO plugin. -->","yoast_head_json":{"title":"Pouf vintage Chesterfield capitonn\u00e9 anglais - Pitanti Chesterfield &amp; Vintage","robots":{"index":"index","follow":"follow","max-snippet":"max-snippet:-1","max-image-preview":"max-image-preview:large","max-video-preview":"max-video-preview:-1"},"canonical":"https:\/\/antiquariatopitanti.it\/prodotto\/pouf-vintage-chesterfield-capitonne-anglais\/","og_locale":"fr_FR","og_type":"article","og_title":"Pouf vintage Chesterfield capitonn\u00e9 anglais - Pitanti Chesterfield &amp; Vintage","og_description":"Ref.: Gb38 Pouf vintage Chesterfield capitonn\u00e9 anglais P\u00e9riode : ann\u00e9es 70\/80 Origine : Angleterre Mat\u00e9riau: bois et cuir capitonn\u00e9 vert anglais Mesures: L. 70 cm x P. 44 cm x H. 40 cm \u00c9tat conservatif : Excellent Vintage","og_url":"https:\/\/antiquariatopitanti.it\/prodotto\/pouf-vintage-chesterfield-capitonne-anglais\/","og_site_name":"Pitanti Chesterfield &amp; Vintage","article_publisher":"https:\/\/www.facebook.com\/mobili.pitanti.vintage\/","twitter_card":"summary_large_image","schema":{"@context":"https:\/\/schema.org","@graph":[{"@type":"WebPage","@id":"https:\/\/antiquariatopitanti.it\/prodotto\/pouf-vintage-chesterfield-capitonne-anglais\/","url":"https:\/\/antiquariatopitanti.it\/prodotto\/pouf-vintage-chesterfield-capitonne-anglais\/","name":"Pouf vintage Chesterfield capitonn\u00e9 anglais - Pitanti Chesterfield &amp; Vintage","isPartOf":{"@id":"https:\/\/antiquariatopitanti.it\/#website"},"primaryImageOfPage":{"@id":"https:\/\/antiquariatopitanti.it\/prodotto\/pouf-vintage-chesterfield-capitonne-anglais\/#primaryimage"},"image":{"@id":"https:\/\/antiquariatopitanti.it\/prodotto\/pouf-vintage-chesterfield-capitonne-anglais\/#primaryimage"},"thumbnailUrl":"https:\/\/antiquariatopitanti.it\/wp-content\/uploads\/2022\/05\/Gb38-pouf-chesterfield-originale-inglese-vintage-a.jpeg","datePublished":"2022-09-02T14:07:18+00:00","breadcrumb":{"@id":"https:\/\/antiquariatopitanti.it\/prodotto\/pouf-vintage-chesterfield-capitonne-anglais\/#breadcrumb"},"inLanguage":"fr-FR","potentialAction":[{"@type":"ReadAction","target":["https:\/\/antiquariatopitanti.it\/prodotto\/pouf-vintage-chesterfield-capitonne-anglais\/"]}]},{"@type":"ImageObject","inLanguage":"fr-FR","@id":"https:\/\/antiquariatopitanti.it\/prodotto\/pouf-vintage-chesterfield-capitonne-anglais\/#primaryimage","url":"https:\/\/antiquariatopitanti.it\/wp-content\/uploads\/2022\/05\/Gb38-pouf-chesterfield-originale-inglese-vintage-a.jpeg","contentUrl":"https:\/\/antiquariatopitanti.it\/wp-content\/uploads\/2022\/05\/Gb38-pouf-chesterfield-originale-inglese-vintage-a.jpeg","width":1008,"height":1344,"caption":"Pouf vintage chesterfield vert"},{"@type":"BreadcrumbList","@id":"https:\/\/antiquariatopitanti.it\/prodotto\/pouf-vintage-chesterfield-capitonne-anglais\/#breadcrumb","itemListElement":[{"@type":"ListItem","position":1,"name":"Home","item":"https:\/\/antiquariatopitanti.it\/fr\/home\/"},{"@type":"ListItem","position":2,"name":"Shop","item":"https:\/\/antiquariatopitanti.it\/negozio\/"},{"@type":"ListItem","position":3,"name":"Pouf vintage Chesterfield capitonn\u00e9 anglais"}]},{"@type":"WebSite","@id":"https:\/\/antiquariatopitanti.it\/#website","url":"https:\/\/antiquariatopitanti.it\/","name":"Pitanti Chesterfield &amp; Vintage","description":"","publisher":{"@id":"https:\/\/antiquariatopitanti.it\/#organization"},"potentialAction":[{"@type":"SearchAction","target":{"@type":"EntryPoint","urlTemplate":"https:\/\/antiquariatopitanti.it\/?s={search_term_string}"},"query-input":{"@type":"PropertyValueSpecification","valueRequired":true,"valueName":"search_term_string"}}],"inLanguage":"fr-FR"},{"@type":"Organization","@id":"https:\/\/antiquariatopitanti.it\/#organization","name":"Antiquariato Pitanti","url":"https:\/\/antiquariatopitanti.it\/","logo":{"@type":"ImageObject","inLanguage":"fr-FR","@id":"https:\/\/antiquariatopitanti.it\/#\/schema\/logo\/image\/","url":"https:\/\/antiquariatopitanti.it\/wp-content\/uploads\/2022\/03\/logo-pitanti-new-2.png","contentUrl":"https:\/\/antiquariatopitanti.it\/wp-content\/uploads\/2022\/03\/logo-pitanti-new-2.png","width":944,"height":798,"caption":"Antiquariato Pitanti"},"image":{"@id":"https:\/\/antiquariatopitanti.it\/#\/schema\/logo\/image\/"},"sameAs":["https:\/\/www.facebook.com\/mobili.pitanti.vintage\/"]}]}},"_links":{"self":[{"href":"https:\/\/antiquariatopitanti.it\/fr\/wp-json\/wp\/v2\/product\/5046","targetHints":{"allow":["GET"]}}],"collection":[{"href":"https:\/\/antiquariatopitanti.it\/fr\/wp-json\/wp\/v2\/product"}],"about":[{"href":"https:\/\/antiquariatopitanti.it\/fr\/wp-json\/wp\/v2\/types\/product"}],"wp:featuredmedia":[{"embeddable":true,"href":"https:\/\/antiquariatopitanti.it\/fr\/wp-json\/wp\/v2\/media\/3447"}],"wp:attachment":[{"href":"https:\/\/antiquariatopitanti.it\/fr\/wp-json\/wp\/v2\/media?parent=5046"}],"wp:term":[{"taxonomy":"product_brand","embeddable":true,"href":"https:\/\/antiquariatopitanti.it\/fr\/wp-json\/wp\/v2\/product_brand?post=5046"},{"taxonomy":"product_cat","embeddable":true,"href":"https:\/\/antiquariatopitanti.it\/fr\/wp-json\/wp\/v2\/product_cat?post=5046"},{"taxonomy":"product_tag","embeddable":true,"href":"https:\/\/antiquariatopitanti.it\/fr\/wp-json\/wp\/v2\/product_tag?post=5046"}],"curies":[{"name":"wp","href":"https:\/\/api.w.org\/{rel}","templated":true}]}}