{"id":5042,"date":"2022-05-31T17:30:16","date_gmt":"2022-09-02T13:40:52","guid":{"rendered":"https:\/\/antiquariatopitanti.it\/prodotto\/peinture-a-lhuile-italienne-sur-toile-avec-cadre-du-xviiie-siecle\/"},"modified":"2022-10-15T18:10:14","modified_gmt":"2022-10-15T16:10:14","slug":"peinture-italienne-huile-sur-toile-avec-cadre-700","status":"publish","type":"product","link":"https:\/\/antiquariatopitanti.it\/fr\/prodotto\/peinture-italienne-huile-sur-toile-avec-cadre-700\/","title":{"rendered":"Peinture \u00e0 l&rsquo;huile italienne sur toile avec cadre du XVIIIe si\u00e8cle"},"content":{"rendered":"<p>Portrait d&rsquo;une florentine huile sur toile avec cadre contemporain. le tableau a subi des restaurations ant\u00e9rieurement. En excellent \u00e9tat, il doit \u00eatre nettoy\u00e9<\/p>\n","protected":false},"excerpt":{"rendered":"<p>Ref.. Mc-03<br \/>\n<strong>Tableau italien huile sur toile avec cadre<\/strong><br \/>\n<strong>Origine<\/strong> : Italienne<br \/>\n<strong>Epoque<\/strong>: &lsquo;700<br \/>\n<strong>Mat\u00e9riau<\/strong>: huile sur toile, portrait de femme noble<br \/>\n<strong>Misures cadre compris<\/strong> : L.72 cm x H. 86 cm<br \/>\n<strong>\u00c9tat conservatif<\/strong> : excellent<\/p>\n","protected":false},"featured_media":3541,"template":"","meta":[],"product_brand":[],"product_cat":[656,654],"product_tag":[1365,1363,1364,2112,905],"class_list":{"0":"post-5042","1":"product","2":"type-product","3":"status-publish","4":"has-post-thumbnail","6":"product_cat-du-18eme","7":"product_cat-tableaux-et-impressions","8":"product_tag-anciens-portraits-italiens-700","9":"product_tag-antiquites-italiennes-700","10":"product_tag-peintures-anciennes-700","11":"product_tag-peintures-anciennes-des-annees-1700","12":"product_tag-peintures-anciennes-italiennes-700","13":"entry","14":"has-media","16":"first","17":"instock","18":"sold-individually","19":"shipping-taxable","20":"purchasable","21":"product-type-simple"},"yoast_head":"<!-- This site is optimized with the Yoast SEO plugin v27.4 - https:\/\/yoast.com\/product\/yoast-seo-wordpress\/ -->\n<title>Peinture \u00e0 l&#039;huile italienne sur toile avec cadre du XVIIIe si\u00e8cle - Pitanti Chesterfield &amp; Vintage<\/title>\n<meta name=\"robots\" content=\"index, follow, max-snippet:-1, max-image-preview:large, max-video-preview:-1\" \/>\n<link rel=\"canonical\" href=\"https:\/\/antiquariatopitanti.it\/fr\/produit\/peinture-italienne-huile-sur-toile-avec-cadre-700\/\" \/>\n<meta property=\"og:locale\" content=\"fr_FR\" \/>\n<meta property=\"og:type\" content=\"article\" \/>\n<meta property=\"og:title\" content=\"Peinture \u00e0 l&#039;huile italienne sur toile avec cadre du XVIIIe si\u00e8cle - Pitanti Chesterfield &amp; Vintage\" \/>\n<meta property=\"og:description\" content=\"Ref.. Mc-03 Tableau italien huile sur toile avec cadre Origine : Italienne Epoque: &#039;700 Mat\u00e9riau: huile sur toile, portrait de femme noble Misures cadre compris : L.72 cm x H. 86 cm \u00c9tat conservatif : excellent\" \/>\n<meta property=\"og:url\" content=\"https:\/\/antiquariatopitanti.it\/fr\/produit\/peinture-italienne-huile-sur-toile-avec-cadre-700\/\" \/>\n<meta property=\"og:site_name\" content=\"Pitanti Chesterfield &amp; Vintage\" \/>\n<meta property=\"article:publisher\" content=\"https:\/\/www.facebook.com\/mobili.pitanti.vintage\/\" \/>\n<meta property=\"article:modified_time\" content=\"2022-10-15T16:10:14+00:00\" \/>\n<meta property=\"og:image\" content=\"https:\/\/antiquariatopitanti.it\/wp-content\/uploads\/2022\/05\/Mc03-dipinto-olio-su-tela-italiano-con-cornice-epoca-700-f.jpeg\" \/>\n\t<meta property=\"og:image:width\" content=\"1163\" \/>\n\t<meta property=\"og:image:height\" content=\"1344\" \/>\n\t<meta property=\"og:image:type\" content=\"image\/jpeg\" \/>\n<meta name=\"twitter:card\" content=\"summary_large_image\" \/>\n<script type=\"application\/ld+json\" class=\"yoast-schema-graph\">{\"@context\":\"https:\\\/\\\/schema.org\",\"@graph\":[{\"@type\":\"WebPage\",\"@id\":\"https:\\\/\\\/antiquariatopitanti.it\\\/fr\\\/produit\\\/peinture-italienne-huile-sur-toile-avec-cadre-700\\\/\",\"url\":\"https:\\\/\\\/antiquariatopitanti.it\\\/fr\\\/produit\\\/peinture-italienne-huile-sur-toile-avec-cadre-700\\\/\",\"name\":\"Peinture \u00e0 l'huile italienne sur toile avec cadre du XVIIIe si\u00e8cle - Pitanti Chesterfield &amp; Vintage\",\"isPartOf\":{\"@id\":\"https:\\\/\\\/antiquariatopitanti.it\\\/#website\"},\"primaryImageOfPage\":{\"@id\":\"https:\\\/\\\/antiquariatopitanti.it\\\/fr\\\/produit\\\/peinture-italienne-huile-sur-toile-avec-cadre-700\\\/#primaryimage\"},\"image\":{\"@id\":\"https:\\\/\\\/antiquariatopitanti.it\\\/fr\\\/produit\\\/peinture-italienne-huile-sur-toile-avec-cadre-700\\\/#primaryimage\"},\"thumbnailUrl\":\"https:\\\/\\\/antiquariatopitanti.it\\\/wp-content\\\/uploads\\\/2022\\\/05\\\/Mc03-dipinto-olio-su-tela-italiano-con-cornice-epoca-700-f.jpeg\",\"datePublished\":\"2022-09-02T13:40:52+00:00\",\"dateModified\":\"2022-10-15T16:10:14+00:00\",\"breadcrumb\":{\"@id\":\"https:\\\/\\\/antiquariatopitanti.it\\\/fr\\\/produit\\\/peinture-italienne-huile-sur-toile-avec-cadre-700\\\/#breadcrumb\"},\"inLanguage\":\"fr-FR\",\"potentialAction\":[{\"@type\":\"ReadAction\",\"target\":[\"https:\\\/\\\/antiquariatopitanti.it\\\/fr\\\/produit\\\/peinture-italienne-huile-sur-toile-avec-cadre-700\\\/\"]}]},{\"@type\":\"ImageObject\",\"inLanguage\":\"fr-FR\",\"@id\":\"https:\\\/\\\/antiquariatopitanti.it\\\/fr\\\/produit\\\/peinture-italienne-huile-sur-toile-avec-cadre-700\\\/#primaryimage\",\"url\":\"https:\\\/\\\/antiquariatopitanti.it\\\/wp-content\\\/uploads\\\/2022\\\/05\\\/Mc03-dipinto-olio-su-tela-italiano-con-cornice-epoca-700-f.jpeg\",\"contentUrl\":\"https:\\\/\\\/antiquariatopitanti.it\\\/wp-content\\\/uploads\\\/2022\\\/05\\\/Mc03-dipinto-olio-su-tela-italiano-con-cornice-epoca-700-f.jpeg\",\"width\":1163,\"height\":1344,\"caption\":\"Peinture italienne de la noble florentine du XVIIIe si\u00e8cle\"},{\"@type\":\"BreadcrumbList\",\"@id\":\"https:\\\/\\\/antiquariatopitanti.it\\\/fr\\\/produit\\\/peinture-italienne-huile-sur-toile-avec-cadre-700\\\/#breadcrumb\",\"itemListElement\":[{\"@type\":\"ListItem\",\"position\":1,\"name\":\"Home\",\"item\":\"https:\\\/\\\/antiquariatopitanti.it\\\/fr\\\/home\\\/\"},{\"@type\":\"ListItem\",\"position\":2,\"name\":\"Shop\",\"item\":\"https:\\\/\\\/antiquariatopitanti.it\\\/negozio\\\/\"},{\"@type\":\"ListItem\",\"position\":3,\"name\":\"Peinture \u00e0 l&#8217;huile italienne sur toile avec cadre du XVIIIe si\u00e8cle\"}]},{\"@type\":\"WebSite\",\"@id\":\"https:\\\/\\\/antiquariatopitanti.it\\\/#website\",\"url\":\"https:\\\/\\\/antiquariatopitanti.it\\\/\",\"name\":\"Pitanti Chesterfield &amp; Vintage\",\"description\":\"\",\"publisher\":{\"@id\":\"https:\\\/\\\/antiquariatopitanti.it\\\/#organization\"},\"potentialAction\":[{\"@type\":\"SearchAction\",\"target\":{\"@type\":\"EntryPoint\",\"urlTemplate\":\"https:\\\/\\\/antiquariatopitanti.it\\\/?s={search_term_string}\"},\"query-input\":{\"@type\":\"PropertyValueSpecification\",\"valueRequired\":true,\"valueName\":\"search_term_string\"}}],\"inLanguage\":\"fr-FR\"},{\"@type\":\"Organization\",\"@id\":\"https:\\\/\\\/antiquariatopitanti.it\\\/#organization\",\"name\":\"Antiquariato Pitanti\",\"url\":\"https:\\\/\\\/antiquariatopitanti.it\\\/\",\"logo\":{\"@type\":\"ImageObject\",\"inLanguage\":\"fr-FR\",\"@id\":\"https:\\\/\\\/antiquariatopitanti.it\\\/#\\\/schema\\\/logo\\\/image\\\/\",\"url\":\"https:\\\/\\\/antiquariatopitanti.it\\\/wp-content\\\/uploads\\\/2022\\\/03\\\/logo-pitanti-new-2.png\",\"contentUrl\":\"https:\\\/\\\/antiquariatopitanti.it\\\/wp-content\\\/uploads\\\/2022\\\/03\\\/logo-pitanti-new-2.png\",\"width\":944,\"height\":798,\"caption\":\"Antiquariato Pitanti\"},\"image\":{\"@id\":\"https:\\\/\\\/antiquariatopitanti.it\\\/#\\\/schema\\\/logo\\\/image\\\/\"},\"sameAs\":[\"https:\\\/\\\/www.facebook.com\\\/mobili.pitanti.vintage\\\/\"]}]}<\/script>\n<!-- \/ Yoast SEO plugin. -->","yoast_head_json":{"title":"Peinture \u00e0 l'huile italienne sur toile avec cadre du XVIIIe si\u00e8cle - Pitanti Chesterfield &amp; Vintage","robots":{"index":"index","follow":"follow","max-snippet":"max-snippet:-1","max-image-preview":"max-image-preview:large","max-video-preview":"max-video-preview:-1"},"canonical":"https:\/\/antiquariatopitanti.it\/fr\/produit\/peinture-italienne-huile-sur-toile-avec-cadre-700\/","og_locale":"fr_FR","og_type":"article","og_title":"Peinture \u00e0 l'huile italienne sur toile avec cadre du XVIIIe si\u00e8cle - Pitanti Chesterfield &amp; Vintage","og_description":"Ref.. Mc-03 Tableau italien huile sur toile avec cadre Origine : Italienne Epoque: '700 Mat\u00e9riau: huile sur toile, portrait de femme noble Misures cadre compris : L.72 cm x H. 86 cm \u00c9tat conservatif : excellent","og_url":"https:\/\/antiquariatopitanti.it\/fr\/produit\/peinture-italienne-huile-sur-toile-avec-cadre-700\/","og_site_name":"Pitanti Chesterfield &amp; Vintage","article_publisher":"https:\/\/www.facebook.com\/mobili.pitanti.vintage\/","article_modified_time":"2022-10-15T16:10:14+00:00","og_image":[{"width":1163,"height":1344,"url":"https:\/\/antiquariatopitanti.it\/wp-content\/uploads\/2022\/05\/Mc03-dipinto-olio-su-tela-italiano-con-cornice-epoca-700-f.jpeg","type":"image\/jpeg"}],"twitter_card":"summary_large_image","schema":{"@context":"https:\/\/schema.org","@graph":[{"@type":"WebPage","@id":"https:\/\/antiquariatopitanti.it\/fr\/produit\/peinture-italienne-huile-sur-toile-avec-cadre-700\/","url":"https:\/\/antiquariatopitanti.it\/fr\/produit\/peinture-italienne-huile-sur-toile-avec-cadre-700\/","name":"Peinture \u00e0 l'huile italienne sur toile avec cadre du XVIIIe si\u00e8cle - Pitanti Chesterfield &amp; Vintage","isPartOf":{"@id":"https:\/\/antiquariatopitanti.it\/#website"},"primaryImageOfPage":{"@id":"https:\/\/antiquariatopitanti.it\/fr\/produit\/peinture-italienne-huile-sur-toile-avec-cadre-700\/#primaryimage"},"image":{"@id":"https:\/\/antiquariatopitanti.it\/fr\/produit\/peinture-italienne-huile-sur-toile-avec-cadre-700\/#primaryimage"},"thumbnailUrl":"https:\/\/antiquariatopitanti.it\/wp-content\/uploads\/2022\/05\/Mc03-dipinto-olio-su-tela-italiano-con-cornice-epoca-700-f.jpeg","datePublished":"2022-09-02T13:40:52+00:00","dateModified":"2022-10-15T16:10:14+00:00","breadcrumb":{"@id":"https:\/\/antiquariatopitanti.it\/fr\/produit\/peinture-italienne-huile-sur-toile-avec-cadre-700\/#breadcrumb"},"inLanguage":"fr-FR","potentialAction":[{"@type":"ReadAction","target":["https:\/\/antiquariatopitanti.it\/fr\/produit\/peinture-italienne-huile-sur-toile-avec-cadre-700\/"]}]},{"@type":"ImageObject","inLanguage":"fr-FR","@id":"https:\/\/antiquariatopitanti.it\/fr\/produit\/peinture-italienne-huile-sur-toile-avec-cadre-700\/#primaryimage","url":"https:\/\/antiquariatopitanti.it\/wp-content\/uploads\/2022\/05\/Mc03-dipinto-olio-su-tela-italiano-con-cornice-epoca-700-f.jpeg","contentUrl":"https:\/\/antiquariatopitanti.it\/wp-content\/uploads\/2022\/05\/Mc03-dipinto-olio-su-tela-italiano-con-cornice-epoca-700-f.jpeg","width":1163,"height":1344,"caption":"Peinture italienne de la noble florentine du XVIIIe si\u00e8cle"},{"@type":"BreadcrumbList","@id":"https:\/\/antiquariatopitanti.it\/fr\/produit\/peinture-italienne-huile-sur-toile-avec-cadre-700\/#breadcrumb","itemListElement":[{"@type":"ListItem","position":1,"name":"Home","item":"https:\/\/antiquariatopitanti.it\/fr\/home\/"},{"@type":"ListItem","position":2,"name":"Shop","item":"https:\/\/antiquariatopitanti.it\/negozio\/"},{"@type":"ListItem","position":3,"name":"Peinture \u00e0 l&#8217;huile italienne sur toile avec cadre du XVIIIe si\u00e8cle"}]},{"@type":"WebSite","@id":"https:\/\/antiquariatopitanti.it\/#website","url":"https:\/\/antiquariatopitanti.it\/","name":"Pitanti Chesterfield &amp; Vintage","description":"","publisher":{"@id":"https:\/\/antiquariatopitanti.it\/#organization"},"potentialAction":[{"@type":"SearchAction","target":{"@type":"EntryPoint","urlTemplate":"https:\/\/antiquariatopitanti.it\/?s={search_term_string}"},"query-input":{"@type":"PropertyValueSpecification","valueRequired":true,"valueName":"search_term_string"}}],"inLanguage":"fr-FR"},{"@type":"Organization","@id":"https:\/\/antiquariatopitanti.it\/#organization","name":"Antiquariato Pitanti","url":"https:\/\/antiquariatopitanti.it\/","logo":{"@type":"ImageObject","inLanguage":"fr-FR","@id":"https:\/\/antiquariatopitanti.it\/#\/schema\/logo\/image\/","url":"https:\/\/antiquariatopitanti.it\/wp-content\/uploads\/2022\/03\/logo-pitanti-new-2.png","contentUrl":"https:\/\/antiquariatopitanti.it\/wp-content\/uploads\/2022\/03\/logo-pitanti-new-2.png","width":944,"height":798,"caption":"Antiquariato Pitanti"},"image":{"@id":"https:\/\/antiquariatopitanti.it\/#\/schema\/logo\/image\/"},"sameAs":["https:\/\/www.facebook.com\/mobili.pitanti.vintage\/"]}]}},"_links":{"self":[{"href":"https:\/\/antiquariatopitanti.it\/fr\/wp-json\/wp\/v2\/product\/5042","targetHints":{"allow":["GET"]}}],"collection":[{"href":"https:\/\/antiquariatopitanti.it\/fr\/wp-json\/wp\/v2\/product"}],"about":[{"href":"https:\/\/antiquariatopitanti.it\/fr\/wp-json\/wp\/v2\/types\/product"}],"wp:featuredmedia":[{"embeddable":true,"href":"https:\/\/antiquariatopitanti.it\/fr\/wp-json\/wp\/v2\/media\/3541"}],"wp:attachment":[{"href":"https:\/\/antiquariatopitanti.it\/fr\/wp-json\/wp\/v2\/media?parent=5042"}],"wp:term":[{"taxonomy":"product_brand","embeddable":true,"href":"https:\/\/antiquariatopitanti.it\/fr\/wp-json\/wp\/v2\/product_brand?post=5042"},{"taxonomy":"product_cat","embeddable":true,"href":"https:\/\/antiquariatopitanti.it\/fr\/wp-json\/wp\/v2\/product_cat?post=5042"},{"taxonomy":"product_tag","embeddable":true,"href":"https:\/\/antiquariatopitanti.it\/fr\/wp-json\/wp\/v2\/product_tag?post=5042"}],"curies":[{"name":"wp","href":"https:\/\/api.w.org\/{rel}","templated":true}]}}