{"id":5041,"date":"2022-05-31T17:13:55","date_gmt":"2022-09-02T13:34:59","guid":{"rendered":"https:\/\/antiquariatopitanti.it\/prodotto\/table-basse-americaine-marquetee-et-filetee-900\/"},"modified":"2022-09-02T15:35:01","modified_gmt":"2022-09-02T13:35:01","slug":"petite-table-americaine-incruste-et-filetage-900","status":"publish","type":"product","link":"https:\/\/antiquariatopitanti.it\/fr\/prodotto\/petite-table-americaine-incruste-et-filetage-900\/","title":{"rendered":"Table basse am\u00e9ricaine marquet\u00e9e et filet\u00e9e &lsquo;900"},"content":{"rendered":"<p>Table de canap\u00e9 am\u00e9ricaine des ann\u00e9es 40 \u00e9galement consid\u00e9r\u00e9e comme des antiquit\u00e9s modernes des ann\u00e9es 900 ou vintage. la table basse est en bois d&rsquo;acajou desig<strong> Meubles Weiman<\/strong> de haute qualit\u00e9, en plus du fil et des petites incrustations, sur le dessus il y a le cuir d\u00e9cor\u00e9 et sur le c\u00f4t\u00e9 il y a la galerie en laiton de l&rsquo;\u00e9poque.la table a \u00e9t\u00e9 restaur\u00e9e et polie par notre laboratoire interne.<\/p>\n","protected":false},"excerpt":{"rendered":"<p>Ref.: Us55<br \/>\n<strong>Table incrust\u00e9e et filet\u00e9e &lsquo;900<\/strong><br \/>\n<strong>Origine<\/strong> : Am\u00e9ricaine<br \/>\n<strong>Marque : Weiman Furniture<\/strong><br \/>\n<strong>Epoque<\/strong> : 40 ans<br \/>\n<strong>Mat\u00e9riau<\/strong>: bois d&rsquo;acajou avec incrustations et dessus en cuir d\u00e9cor\u00e9<br \/>\ngalerie lat\u00e9rale en laiton<br \/>\n<strong>Etat conservatif<\/strong> : restaur\u00e9 et poli<\/p>\n","protected":false},"featured_media":3525,"template":"","meta":[],"product_brand":[],"product_cat":[585,613],"product_tag":[829,901,902],"class_list":{"0":"post-5041","1":"product","2":"type-product","3":"status-publish","4":"has-post-thumbnail","6":"product_cat-antiquites","7":"product_cat-tables-basses","8":"product_tag-antiquites-americaines-900","9":"product_tag-table-de-salon-americaine","10":"product_tag-tableaux-des-annees-40","11":"entry","12":"has-media","14":"first","15":"outofstock","16":"sold-individually","17":"shipping-taxable","18":"product-type-simple"},"yoast_head":"<!-- This site is optimized with the Yoast SEO plugin v27.4 - https:\/\/yoast.com\/product\/yoast-seo-wordpress\/ -->\n<title>Table basse am\u00e9ricaine marquet\u00e9e et filet\u00e9e &#039;900 - Pitanti Chesterfield &amp; Vintage<\/title>\n<meta name=\"robots\" content=\"index, follow, max-snippet:-1, max-image-preview:large, max-video-preview:-1\" \/>\n<link rel=\"canonical\" href=\"https:\/\/antiquariatopitanti.it\/fr\/prodotto\/petite-table-americaine-incruste-et-filetage-900\/\" \/>\n<meta property=\"og:locale\" content=\"fr_FR\" \/>\n<meta property=\"og:type\" content=\"article\" \/>\n<meta property=\"og:title\" content=\"Table basse am\u00e9ricaine marquet\u00e9e et filet\u00e9e &#039;900 - Pitanti Chesterfield &amp; Vintage\" \/>\n<meta property=\"og:description\" content=\"Ref.: Us55 Table incrust\u00e9e et filet\u00e9e &#039;900 Origine : Am\u00e9ricaine Marque : Weiman Furniture Epoque : 40 ans Mat\u00e9riau: bois d&#039;acajou avec incrustations et dessus en cuir d\u00e9cor\u00e9 galerie lat\u00e9rale en laiton Etat conservatif : restaur\u00e9 et poli\" \/>\n<meta property=\"og:url\" content=\"https:\/\/antiquariatopitanti.it\/fr\/prodotto\/petite-table-americaine-incruste-et-filetage-900\/\" \/>\n<meta property=\"og:site_name\" content=\"Pitanti Chesterfield &amp; Vintage\" \/>\n<meta property=\"article:publisher\" content=\"https:\/\/www.facebook.com\/mobili.pitanti.vintage\/\" \/>\n<meta property=\"article:modified_time\" content=\"2022-09-02T13:35:01+00:00\" \/>\n<meta property=\"og:image\" content=\"https:\/\/antiquariatopitanti.it\/wp-content\/uploads\/2022\/05\/us55-tavolino-da-salotto-mogano-filettato-con-ottone-americano-vintage-b.jpeg\" \/>\n\t<meta property=\"og:image:width\" content=\"1008\" \/>\n\t<meta property=\"og:image:height\" content=\"1260\" \/>\n\t<meta property=\"og:image:type\" content=\"image\/jpeg\" \/>\n<meta name=\"twitter:card\" content=\"summary_large_image\" \/>\n<script type=\"application\/ld+json\" class=\"yoast-schema-graph\">{\"@context\":\"https:\\\/\\\/schema.org\",\"@graph\":[{\"@type\":\"WebPage\",\"@id\":\"https:\\\/\\\/antiquariatopitanti.it\\\/fr\\\/prodotto\\\/petite-table-americaine-incruste-et-filetage-900\\\/\",\"url\":\"https:\\\/\\\/antiquariatopitanti.it\\\/fr\\\/prodotto\\\/petite-table-americaine-incruste-et-filetage-900\\\/\",\"name\":\"Table basse am\u00e9ricaine marquet\u00e9e et filet\u00e9e '900 - Pitanti Chesterfield &amp; Vintage\",\"isPartOf\":{\"@id\":\"https:\\\/\\\/antiquariatopitanti.it\\\/#website\"},\"primaryImageOfPage\":{\"@id\":\"https:\\\/\\\/antiquariatopitanti.it\\\/fr\\\/prodotto\\\/petite-table-americaine-incruste-et-filetage-900\\\/#primaryimage\"},\"image\":{\"@id\":\"https:\\\/\\\/antiquariatopitanti.it\\\/fr\\\/prodotto\\\/petite-table-americaine-incruste-et-filetage-900\\\/#primaryimage\"},\"thumbnailUrl\":\"https:\\\/\\\/antiquariatopitanti.it\\\/wp-content\\\/uploads\\\/2022\\\/05\\\/us55-tavolino-da-salotto-mogano-filettato-con-ottone-americano-vintage-b.jpeg\",\"datePublished\":\"2022-09-02T13:34:59+00:00\",\"dateModified\":\"2022-09-02T13:35:01+00:00\",\"breadcrumb\":{\"@id\":\"https:\\\/\\\/antiquariatopitanti.it\\\/fr\\\/prodotto\\\/petite-table-americaine-incruste-et-filetage-900\\\/#breadcrumb\"},\"inLanguage\":\"fr-FR\",\"potentialAction\":[{\"@type\":\"ReadAction\",\"target\":[\"https:\\\/\\\/antiquariatopitanti.it\\\/fr\\\/prodotto\\\/petite-table-americaine-incruste-et-filetage-900\\\/\"]}]},{\"@type\":\"ImageObject\",\"inLanguage\":\"fr-FR\",\"@id\":\"https:\\\/\\\/antiquariatopitanti.it\\\/fr\\\/prodotto\\\/petite-table-americaine-incruste-et-filetage-900\\\/#primaryimage\",\"url\":\"https:\\\/\\\/antiquariatopitanti.it\\\/wp-content\\\/uploads\\\/2022\\\/05\\\/us55-tavolino-da-salotto-mogano-filettato-con-ottone-americano-vintage-b.jpeg\",\"contentUrl\":\"https:\\\/\\\/antiquariatopitanti.it\\\/wp-content\\\/uploads\\\/2022\\\/05\\\/us55-tavolino-da-salotto-mogano-filettato-con-ottone-americano-vintage-b.jpeg\",\"width\":1008,\"height\":1260,\"caption\":\"Table d'antiquit\u00e9s am\u00e9ricaines '900\"},{\"@type\":\"BreadcrumbList\",\"@id\":\"https:\\\/\\\/antiquariatopitanti.it\\\/fr\\\/prodotto\\\/petite-table-americaine-incruste-et-filetage-900\\\/#breadcrumb\",\"itemListElement\":[{\"@type\":\"ListItem\",\"position\":1,\"name\":\"Home\",\"item\":\"https:\\\/\\\/antiquariatopitanti.it\\\/fr\\\/home\\\/\"},{\"@type\":\"ListItem\",\"position\":2,\"name\":\"Shop\",\"item\":\"https:\\\/\\\/antiquariatopitanti.it\\\/negozio\\\/\"},{\"@type\":\"ListItem\",\"position\":3,\"name\":\"Table basse am\u00e9ricaine marquet\u00e9e et filet\u00e9e &#8216;900\"}]},{\"@type\":\"WebSite\",\"@id\":\"https:\\\/\\\/antiquariatopitanti.it\\\/#website\",\"url\":\"https:\\\/\\\/antiquariatopitanti.it\\\/\",\"name\":\"Pitanti Chesterfield &amp; Vintage\",\"description\":\"\",\"publisher\":{\"@id\":\"https:\\\/\\\/antiquariatopitanti.it\\\/#organization\"},\"potentialAction\":[{\"@type\":\"SearchAction\",\"target\":{\"@type\":\"EntryPoint\",\"urlTemplate\":\"https:\\\/\\\/antiquariatopitanti.it\\\/?s={search_term_string}\"},\"query-input\":{\"@type\":\"PropertyValueSpecification\",\"valueRequired\":true,\"valueName\":\"search_term_string\"}}],\"inLanguage\":\"fr-FR\"},{\"@type\":\"Organization\",\"@id\":\"https:\\\/\\\/antiquariatopitanti.it\\\/#organization\",\"name\":\"Antiquariato Pitanti\",\"url\":\"https:\\\/\\\/antiquariatopitanti.it\\\/\",\"logo\":{\"@type\":\"ImageObject\",\"inLanguage\":\"fr-FR\",\"@id\":\"https:\\\/\\\/antiquariatopitanti.it\\\/#\\\/schema\\\/logo\\\/image\\\/\",\"url\":\"https:\\\/\\\/antiquariatopitanti.it\\\/wp-content\\\/uploads\\\/2022\\\/03\\\/logo-pitanti-new-2.png\",\"contentUrl\":\"https:\\\/\\\/antiquariatopitanti.it\\\/wp-content\\\/uploads\\\/2022\\\/03\\\/logo-pitanti-new-2.png\",\"width\":944,\"height\":798,\"caption\":\"Antiquariato Pitanti\"},\"image\":{\"@id\":\"https:\\\/\\\/antiquariatopitanti.it\\\/#\\\/schema\\\/logo\\\/image\\\/\"},\"sameAs\":[\"https:\\\/\\\/www.facebook.com\\\/mobili.pitanti.vintage\\\/\"]}]}<\/script>\n<!-- \/ Yoast SEO plugin. -->","yoast_head_json":{"title":"Table basse am\u00e9ricaine marquet\u00e9e et filet\u00e9e '900 - Pitanti Chesterfield &amp; Vintage","robots":{"index":"index","follow":"follow","max-snippet":"max-snippet:-1","max-image-preview":"max-image-preview:large","max-video-preview":"max-video-preview:-1"},"canonical":"https:\/\/antiquariatopitanti.it\/fr\/prodotto\/petite-table-americaine-incruste-et-filetage-900\/","og_locale":"fr_FR","og_type":"article","og_title":"Table basse am\u00e9ricaine marquet\u00e9e et filet\u00e9e '900 - Pitanti Chesterfield &amp; Vintage","og_description":"Ref.: Us55 Table incrust\u00e9e et filet\u00e9e '900 Origine : Am\u00e9ricaine Marque : Weiman Furniture Epoque : 40 ans Mat\u00e9riau: bois d'acajou avec incrustations et dessus en cuir d\u00e9cor\u00e9 galerie lat\u00e9rale en laiton Etat conservatif : restaur\u00e9 et poli","og_url":"https:\/\/antiquariatopitanti.it\/fr\/prodotto\/petite-table-americaine-incruste-et-filetage-900\/","og_site_name":"Pitanti Chesterfield &amp; Vintage","article_publisher":"https:\/\/www.facebook.com\/mobili.pitanti.vintage\/","article_modified_time":"2022-09-02T13:35:01+00:00","og_image":[{"width":1008,"height":1260,"url":"https:\/\/antiquariatopitanti.it\/wp-content\/uploads\/2022\/05\/us55-tavolino-da-salotto-mogano-filettato-con-ottone-americano-vintage-b.jpeg","type":"image\/jpeg"}],"twitter_card":"summary_large_image","schema":{"@context":"https:\/\/schema.org","@graph":[{"@type":"WebPage","@id":"https:\/\/antiquariatopitanti.it\/fr\/prodotto\/petite-table-americaine-incruste-et-filetage-900\/","url":"https:\/\/antiquariatopitanti.it\/fr\/prodotto\/petite-table-americaine-incruste-et-filetage-900\/","name":"Table basse am\u00e9ricaine marquet\u00e9e et filet\u00e9e '900 - Pitanti Chesterfield &amp; Vintage","isPartOf":{"@id":"https:\/\/antiquariatopitanti.it\/#website"},"primaryImageOfPage":{"@id":"https:\/\/antiquariatopitanti.it\/fr\/prodotto\/petite-table-americaine-incruste-et-filetage-900\/#primaryimage"},"image":{"@id":"https:\/\/antiquariatopitanti.it\/fr\/prodotto\/petite-table-americaine-incruste-et-filetage-900\/#primaryimage"},"thumbnailUrl":"https:\/\/antiquariatopitanti.it\/wp-content\/uploads\/2022\/05\/us55-tavolino-da-salotto-mogano-filettato-con-ottone-americano-vintage-b.jpeg","datePublished":"2022-09-02T13:34:59+00:00","dateModified":"2022-09-02T13:35:01+00:00","breadcrumb":{"@id":"https:\/\/antiquariatopitanti.it\/fr\/prodotto\/petite-table-americaine-incruste-et-filetage-900\/#breadcrumb"},"inLanguage":"fr-FR","potentialAction":[{"@type":"ReadAction","target":["https:\/\/antiquariatopitanti.it\/fr\/prodotto\/petite-table-americaine-incruste-et-filetage-900\/"]}]},{"@type":"ImageObject","inLanguage":"fr-FR","@id":"https:\/\/antiquariatopitanti.it\/fr\/prodotto\/petite-table-americaine-incruste-et-filetage-900\/#primaryimage","url":"https:\/\/antiquariatopitanti.it\/wp-content\/uploads\/2022\/05\/us55-tavolino-da-salotto-mogano-filettato-con-ottone-americano-vintage-b.jpeg","contentUrl":"https:\/\/antiquariatopitanti.it\/wp-content\/uploads\/2022\/05\/us55-tavolino-da-salotto-mogano-filettato-con-ottone-americano-vintage-b.jpeg","width":1008,"height":1260,"caption":"Table d'antiquit\u00e9s am\u00e9ricaines '900"},{"@type":"BreadcrumbList","@id":"https:\/\/antiquariatopitanti.it\/fr\/prodotto\/petite-table-americaine-incruste-et-filetage-900\/#breadcrumb","itemListElement":[{"@type":"ListItem","position":1,"name":"Home","item":"https:\/\/antiquariatopitanti.it\/fr\/home\/"},{"@type":"ListItem","position":2,"name":"Shop","item":"https:\/\/antiquariatopitanti.it\/negozio\/"},{"@type":"ListItem","position":3,"name":"Table basse am\u00e9ricaine marquet\u00e9e et filet\u00e9e &#8216;900"}]},{"@type":"WebSite","@id":"https:\/\/antiquariatopitanti.it\/#website","url":"https:\/\/antiquariatopitanti.it\/","name":"Pitanti Chesterfield &amp; Vintage","description":"","publisher":{"@id":"https:\/\/antiquariatopitanti.it\/#organization"},"potentialAction":[{"@type":"SearchAction","target":{"@type":"EntryPoint","urlTemplate":"https:\/\/antiquariatopitanti.it\/?s={search_term_string}"},"query-input":{"@type":"PropertyValueSpecification","valueRequired":true,"valueName":"search_term_string"}}],"inLanguage":"fr-FR"},{"@type":"Organization","@id":"https:\/\/antiquariatopitanti.it\/#organization","name":"Antiquariato Pitanti","url":"https:\/\/antiquariatopitanti.it\/","logo":{"@type":"ImageObject","inLanguage":"fr-FR","@id":"https:\/\/antiquariatopitanti.it\/#\/schema\/logo\/image\/","url":"https:\/\/antiquariatopitanti.it\/wp-content\/uploads\/2022\/03\/logo-pitanti-new-2.png","contentUrl":"https:\/\/antiquariatopitanti.it\/wp-content\/uploads\/2022\/03\/logo-pitanti-new-2.png","width":944,"height":798,"caption":"Antiquariato Pitanti"},"image":{"@id":"https:\/\/antiquariatopitanti.it\/#\/schema\/logo\/image\/"},"sameAs":["https:\/\/www.facebook.com\/mobili.pitanti.vintage\/"]}]}},"_links":{"self":[{"href":"https:\/\/antiquariatopitanti.it\/fr\/wp-json\/wp\/v2\/product\/5041","targetHints":{"allow":["GET"]}}],"collection":[{"href":"https:\/\/antiquariatopitanti.it\/fr\/wp-json\/wp\/v2\/product"}],"about":[{"href":"https:\/\/antiquariatopitanti.it\/fr\/wp-json\/wp\/v2\/types\/product"}],"wp:featuredmedia":[{"embeddable":true,"href":"https:\/\/antiquariatopitanti.it\/fr\/wp-json\/wp\/v2\/media\/3525"}],"wp:attachment":[{"href":"https:\/\/antiquariatopitanti.it\/fr\/wp-json\/wp\/v2\/media?parent=5041"}],"wp:term":[{"taxonomy":"product_brand","embeddable":true,"href":"https:\/\/antiquariatopitanti.it\/fr\/wp-json\/wp\/v2\/product_brand?post=5041"},{"taxonomy":"product_cat","embeddable":true,"href":"https:\/\/antiquariatopitanti.it\/fr\/wp-json\/wp\/v2\/product_cat?post=5041"},{"taxonomy":"product_tag","embeddable":true,"href":"https:\/\/antiquariatopitanti.it\/fr\/wp-json\/wp\/v2\/product_tag?post=5041"}],"curies":[{"name":"wp","href":"https:\/\/api.w.org\/{rel}","templated":true}]}}