{"id":5040,"date":"2022-05-31T18:04:12","date_gmt":"2022-09-02T13:13:35","guid":{"rendered":"https:\/\/antiquariatopitanti.it\/prodotto\/vitrine-victorienne-anglaise-800-2\/"},"modified":"2022-10-15T18:09:39","modified_gmt":"2022-10-15T16:09:39","slug":"vitrine-victorienne-anglaise-800-2","status":"publish","type":"product","link":"https:\/\/antiquariatopitanti.it\/fr\/prodotto\/vitrine-victorienne-anglaise-800-2\/","title":{"rendered":"Vitrine Pier Cabinet Victorienne anglaise &lsquo;800"},"content":{"rendered":"<p>Vitrine \u00e0 porte en noyer dite pier cabinet, marqueterie anglaise avec ses bronzes d&rsquo;origine.<\/p>\n","protected":false},"excerpt":{"rendered":"<p>Ref.. Gb108<br \/>\n<strong>Pier Cabinet Victoriane anglais &lsquo;800<\/strong><br \/>\n<strong>Origine<\/strong> : Anglaise<br \/>\n<strong>Epoque<\/strong> : Victorienne fin du 19\u00e8me si\u00e8cle<br \/>\n<strong>Mat\u00e9riau<\/strong> : Noyer avec incrustations d&rsquo;\u00e9rable et bronzes d&rsquo;\u00e9poque d&rsquo;origine<br \/>\n<strong>Mesures:<\/strong> L. 77 cm x P. 29 cm x H. 106 cm<br \/>\n<strong>\u00c9tat conservatif<\/strong>: \u00c0 restaurer<\/p>\n","protected":false},"featured_media":3563,"template":"","meta":[],"product_brand":[],"product_cat":[585,614],"product_tag":[692,758,996,1153,1114,900,899],"class_list":{"0":"post-5040","1":"product","2":"type-product","3":"status-publish","4":"has-post-thumbnail","6":"product_cat-antiquites","7":"product_cat-vitrines-dantiquites","8":"product_tag-antiquites-anglaises-800","9":"product_tag-antiquites-anglaises-900","10":"product_tag-bronzes","11":"product_tag-incrustations","12":"product_tag-meubles-anciens-anglais","13":"product_tag-pier-cabinet-fr","14":"product_tag-vitrine-anglais","15":"entry","16":"has-media","18":"first","19":"instock","20":"sold-individually","21":"shipping-taxable","22":"purchasable","23":"product-type-simple"},"yoast_head":"<!-- This site is optimized with the Yoast SEO plugin v27.4 - https:\/\/yoast.com\/product\/yoast-seo-wordpress\/ -->\n<title>Vitrine Pier Cabinet Victorienne anglaise &#039;800 - Pitanti Chesterfield &amp; Vintage<\/title>\n<meta name=\"robots\" content=\"index, follow, max-snippet:-1, max-image-preview:large, max-video-preview:-1\" \/>\n<link rel=\"canonical\" href=\"https:\/\/antiquariatopitanti.it\/fr\/produit\/vitrine-victorienne-anglaise-800-2\/\" \/>\n<meta property=\"og:locale\" content=\"fr_FR\" \/>\n<meta property=\"og:type\" content=\"article\" \/>\n<meta property=\"og:title\" content=\"Vitrine Pier Cabinet Victorienne anglaise &#039;800 - Pitanti Chesterfield &amp; Vintage\" \/>\n<meta property=\"og:description\" content=\"Ref.. Gb108 Pier Cabinet Victoriane anglais &#039;800 Origine : Anglaise Epoque : Victorienne fin du 19\u00e8me si\u00e8cle Mat\u00e9riau : Noyer avec incrustations d&#039;\u00e9rable et bronzes d&#039;\u00e9poque d&#039;origine Mesures: L. 77 cm x P. 29 cm x H. 106 cm \u00c9tat conservatif: \u00c0 restaurer\" \/>\n<meta property=\"og:url\" content=\"https:\/\/antiquariatopitanti.it\/fr\/produit\/vitrine-victorienne-anglaise-800-2\/\" \/>\n<meta property=\"og:site_name\" content=\"Pitanti Chesterfield &amp; Vintage\" \/>\n<meta property=\"article:publisher\" content=\"https:\/\/www.facebook.com\/mobili.pitanti.vintage\/\" \/>\n<meta property=\"article:modified_time\" content=\"2022-10-15T16:09:39+00:00\" \/>\n<meta property=\"og:image\" content=\"https:\/\/antiquariatopitanti.it\/wp-content\/uploads\/2022\/05\/Gb108-pier-cabinet-inglese-in-noce-800-a.jpeg\" \/>\n\t<meta property=\"og:image:width\" content=\"1008\" \/>\n\t<meta property=\"og:image:height\" content=\"1344\" \/>\n\t<meta property=\"og:image:type\" content=\"image\/jpeg\" \/>\n<meta name=\"twitter:card\" content=\"summary_large_image\" \/>\n<script type=\"application\/ld+json\" class=\"yoast-schema-graph\">{\"@context\":\"https:\\\/\\\/schema.org\",\"@graph\":[{\"@type\":\"WebPage\",\"@id\":\"https:\\\/\\\/antiquariatopitanti.it\\\/fr\\\/produit\\\/vitrine-victorienne-anglaise-800-2\\\/\",\"url\":\"https:\\\/\\\/antiquariatopitanti.it\\\/fr\\\/produit\\\/vitrine-victorienne-anglaise-800-2\\\/\",\"name\":\"Vitrine Pier Cabinet Victorienne anglaise '800 - Pitanti Chesterfield &amp; Vintage\",\"isPartOf\":{\"@id\":\"https:\\\/\\\/antiquariatopitanti.it\\\/#website\"},\"primaryImageOfPage\":{\"@id\":\"https:\\\/\\\/antiquariatopitanti.it\\\/fr\\\/produit\\\/vitrine-victorienne-anglaise-800-2\\\/#primaryimage\"},\"image\":{\"@id\":\"https:\\\/\\\/antiquariatopitanti.it\\\/fr\\\/produit\\\/vitrine-victorienne-anglaise-800-2\\\/#primaryimage\"},\"thumbnailUrl\":\"https:\\\/\\\/antiquariatopitanti.it\\\/wp-content\\\/uploads\\\/2022\\\/05\\\/Gb108-pier-cabinet-inglese-in-noce-800-a.jpeg\",\"datePublished\":\"2022-09-02T13:13:35+00:00\",\"dateModified\":\"2022-10-15T16:09:39+00:00\",\"breadcrumb\":{\"@id\":\"https:\\\/\\\/antiquariatopitanti.it\\\/fr\\\/produit\\\/vitrine-victorienne-anglaise-800-2\\\/#breadcrumb\"},\"inLanguage\":\"fr-FR\",\"potentialAction\":[{\"@type\":\"ReadAction\",\"target\":[\"https:\\\/\\\/antiquariatopitanti.it\\\/fr\\\/produit\\\/vitrine-victorienne-anglaise-800-2\\\/\"]}]},{\"@type\":\"ImageObject\",\"inLanguage\":\"fr-FR\",\"@id\":\"https:\\\/\\\/antiquariatopitanti.it\\\/fr\\\/produit\\\/vitrine-victorienne-anglaise-800-2\\\/#primaryimage\",\"url\":\"https:\\\/\\\/antiquariatopitanti.it\\\/wp-content\\\/uploads\\\/2022\\\/05\\\/Gb108-pier-cabinet-inglese-in-noce-800-a.jpeg\",\"contentUrl\":\"https:\\\/\\\/antiquariatopitanti.it\\\/wp-content\\\/uploads\\\/2022\\\/05\\\/Gb108-pier-cabinet-inglese-in-noce-800-a.jpeg\",\"width\":1008,\"height\":1344,\"caption\":\"Vitrine pier cabinet victorienne en noyer\"},{\"@type\":\"BreadcrumbList\",\"@id\":\"https:\\\/\\\/antiquariatopitanti.it\\\/fr\\\/produit\\\/vitrine-victorienne-anglaise-800-2\\\/#breadcrumb\",\"itemListElement\":[{\"@type\":\"ListItem\",\"position\":1,\"name\":\"Home\",\"item\":\"https:\\\/\\\/antiquariatopitanti.it\\\/fr\\\/home\\\/\"},{\"@type\":\"ListItem\",\"position\":2,\"name\":\"Shop\",\"item\":\"https:\\\/\\\/antiquariatopitanti.it\\\/negozio\\\/\"},{\"@type\":\"ListItem\",\"position\":3,\"name\":\"Vitrine Pier Cabinet Victorienne anglaise &#8216;800\"}]},{\"@type\":\"WebSite\",\"@id\":\"https:\\\/\\\/antiquariatopitanti.it\\\/#website\",\"url\":\"https:\\\/\\\/antiquariatopitanti.it\\\/\",\"name\":\"Pitanti Chesterfield &amp; Vintage\",\"description\":\"\",\"publisher\":{\"@id\":\"https:\\\/\\\/antiquariatopitanti.it\\\/#organization\"},\"potentialAction\":[{\"@type\":\"SearchAction\",\"target\":{\"@type\":\"EntryPoint\",\"urlTemplate\":\"https:\\\/\\\/antiquariatopitanti.it\\\/?s={search_term_string}\"},\"query-input\":{\"@type\":\"PropertyValueSpecification\",\"valueRequired\":true,\"valueName\":\"search_term_string\"}}],\"inLanguage\":\"fr-FR\"},{\"@type\":\"Organization\",\"@id\":\"https:\\\/\\\/antiquariatopitanti.it\\\/#organization\",\"name\":\"Antiquariato Pitanti\",\"url\":\"https:\\\/\\\/antiquariatopitanti.it\\\/\",\"logo\":{\"@type\":\"ImageObject\",\"inLanguage\":\"fr-FR\",\"@id\":\"https:\\\/\\\/antiquariatopitanti.it\\\/#\\\/schema\\\/logo\\\/image\\\/\",\"url\":\"https:\\\/\\\/antiquariatopitanti.it\\\/wp-content\\\/uploads\\\/2022\\\/03\\\/logo-pitanti-new-2.png\",\"contentUrl\":\"https:\\\/\\\/antiquariatopitanti.it\\\/wp-content\\\/uploads\\\/2022\\\/03\\\/logo-pitanti-new-2.png\",\"width\":944,\"height\":798,\"caption\":\"Antiquariato Pitanti\"},\"image\":{\"@id\":\"https:\\\/\\\/antiquariatopitanti.it\\\/#\\\/schema\\\/logo\\\/image\\\/\"},\"sameAs\":[\"https:\\\/\\\/www.facebook.com\\\/mobili.pitanti.vintage\\\/\"]}]}<\/script>\n<!-- \/ Yoast SEO plugin. -->","yoast_head_json":{"title":"Vitrine Pier Cabinet Victorienne anglaise '800 - Pitanti Chesterfield &amp; Vintage","robots":{"index":"index","follow":"follow","max-snippet":"max-snippet:-1","max-image-preview":"max-image-preview:large","max-video-preview":"max-video-preview:-1"},"canonical":"https:\/\/antiquariatopitanti.it\/fr\/produit\/vitrine-victorienne-anglaise-800-2\/","og_locale":"fr_FR","og_type":"article","og_title":"Vitrine Pier Cabinet Victorienne anglaise '800 - Pitanti Chesterfield &amp; Vintage","og_description":"Ref.. Gb108 Pier Cabinet Victoriane anglais '800 Origine : Anglaise Epoque : Victorienne fin du 19\u00e8me si\u00e8cle Mat\u00e9riau : Noyer avec incrustations d'\u00e9rable et bronzes d'\u00e9poque d'origine Mesures: L. 77 cm x P. 29 cm x H. 106 cm \u00c9tat conservatif: \u00c0 restaurer","og_url":"https:\/\/antiquariatopitanti.it\/fr\/produit\/vitrine-victorienne-anglaise-800-2\/","og_site_name":"Pitanti Chesterfield &amp; Vintage","article_publisher":"https:\/\/www.facebook.com\/mobili.pitanti.vintage\/","article_modified_time":"2022-10-15T16:09:39+00:00","og_image":[{"width":1008,"height":1344,"url":"https:\/\/antiquariatopitanti.it\/wp-content\/uploads\/2022\/05\/Gb108-pier-cabinet-inglese-in-noce-800-a.jpeg","type":"image\/jpeg"}],"twitter_card":"summary_large_image","schema":{"@context":"https:\/\/schema.org","@graph":[{"@type":"WebPage","@id":"https:\/\/antiquariatopitanti.it\/fr\/produit\/vitrine-victorienne-anglaise-800-2\/","url":"https:\/\/antiquariatopitanti.it\/fr\/produit\/vitrine-victorienne-anglaise-800-2\/","name":"Vitrine Pier Cabinet Victorienne anglaise '800 - Pitanti Chesterfield &amp; Vintage","isPartOf":{"@id":"https:\/\/antiquariatopitanti.it\/#website"},"primaryImageOfPage":{"@id":"https:\/\/antiquariatopitanti.it\/fr\/produit\/vitrine-victorienne-anglaise-800-2\/#primaryimage"},"image":{"@id":"https:\/\/antiquariatopitanti.it\/fr\/produit\/vitrine-victorienne-anglaise-800-2\/#primaryimage"},"thumbnailUrl":"https:\/\/antiquariatopitanti.it\/wp-content\/uploads\/2022\/05\/Gb108-pier-cabinet-inglese-in-noce-800-a.jpeg","datePublished":"2022-09-02T13:13:35+00:00","dateModified":"2022-10-15T16:09:39+00:00","breadcrumb":{"@id":"https:\/\/antiquariatopitanti.it\/fr\/produit\/vitrine-victorienne-anglaise-800-2\/#breadcrumb"},"inLanguage":"fr-FR","potentialAction":[{"@type":"ReadAction","target":["https:\/\/antiquariatopitanti.it\/fr\/produit\/vitrine-victorienne-anglaise-800-2\/"]}]},{"@type":"ImageObject","inLanguage":"fr-FR","@id":"https:\/\/antiquariatopitanti.it\/fr\/produit\/vitrine-victorienne-anglaise-800-2\/#primaryimage","url":"https:\/\/antiquariatopitanti.it\/wp-content\/uploads\/2022\/05\/Gb108-pier-cabinet-inglese-in-noce-800-a.jpeg","contentUrl":"https:\/\/antiquariatopitanti.it\/wp-content\/uploads\/2022\/05\/Gb108-pier-cabinet-inglese-in-noce-800-a.jpeg","width":1008,"height":1344,"caption":"Vitrine pier cabinet victorienne en noyer"},{"@type":"BreadcrumbList","@id":"https:\/\/antiquariatopitanti.it\/fr\/produit\/vitrine-victorienne-anglaise-800-2\/#breadcrumb","itemListElement":[{"@type":"ListItem","position":1,"name":"Home","item":"https:\/\/antiquariatopitanti.it\/fr\/home\/"},{"@type":"ListItem","position":2,"name":"Shop","item":"https:\/\/antiquariatopitanti.it\/negozio\/"},{"@type":"ListItem","position":3,"name":"Vitrine Pier Cabinet Victorienne anglaise &#8216;800"}]},{"@type":"WebSite","@id":"https:\/\/antiquariatopitanti.it\/#website","url":"https:\/\/antiquariatopitanti.it\/","name":"Pitanti Chesterfield &amp; Vintage","description":"","publisher":{"@id":"https:\/\/antiquariatopitanti.it\/#organization"},"potentialAction":[{"@type":"SearchAction","target":{"@type":"EntryPoint","urlTemplate":"https:\/\/antiquariatopitanti.it\/?s={search_term_string}"},"query-input":{"@type":"PropertyValueSpecification","valueRequired":true,"valueName":"search_term_string"}}],"inLanguage":"fr-FR"},{"@type":"Organization","@id":"https:\/\/antiquariatopitanti.it\/#organization","name":"Antiquariato Pitanti","url":"https:\/\/antiquariatopitanti.it\/","logo":{"@type":"ImageObject","inLanguage":"fr-FR","@id":"https:\/\/antiquariatopitanti.it\/#\/schema\/logo\/image\/","url":"https:\/\/antiquariatopitanti.it\/wp-content\/uploads\/2022\/03\/logo-pitanti-new-2.png","contentUrl":"https:\/\/antiquariatopitanti.it\/wp-content\/uploads\/2022\/03\/logo-pitanti-new-2.png","width":944,"height":798,"caption":"Antiquariato Pitanti"},"image":{"@id":"https:\/\/antiquariatopitanti.it\/#\/schema\/logo\/image\/"},"sameAs":["https:\/\/www.facebook.com\/mobili.pitanti.vintage\/"]}]}},"_links":{"self":[{"href":"https:\/\/antiquariatopitanti.it\/fr\/wp-json\/wp\/v2\/product\/5040","targetHints":{"allow":["GET"]}}],"collection":[{"href":"https:\/\/antiquariatopitanti.it\/fr\/wp-json\/wp\/v2\/product"}],"about":[{"href":"https:\/\/antiquariatopitanti.it\/fr\/wp-json\/wp\/v2\/types\/product"}],"wp:featuredmedia":[{"embeddable":true,"href":"https:\/\/antiquariatopitanti.it\/fr\/wp-json\/wp\/v2\/media\/3563"}],"wp:attachment":[{"href":"https:\/\/antiquariatopitanti.it\/fr\/wp-json\/wp\/v2\/media?parent=5040"}],"wp:term":[{"taxonomy":"product_brand","embeddable":true,"href":"https:\/\/antiquariatopitanti.it\/fr\/wp-json\/wp\/v2\/product_brand?post=5040"},{"taxonomy":"product_cat","embeddable":true,"href":"https:\/\/antiquariatopitanti.it\/fr\/wp-json\/wp\/v2\/product_cat?post=5040"},{"taxonomy":"product_tag","embeddable":true,"href":"https:\/\/antiquariatopitanti.it\/fr\/wp-json\/wp\/v2\/product_tag?post=5040"}],"curies":[{"name":"wp","href":"https:\/\/api.w.org\/{rel}","templated":true}]}}