{"id":5000,"date":"2022-06-21T17:30:08","date_gmt":"2022-09-01T09:40:12","guid":{"rendered":"https:\/\/antiquariatopitanti.it\/prodotto\/vitrine-2-portes-en-noyer-800\/"},"modified":"2022-10-15T18:03:41","modified_gmt":"2022-10-15T16:03:41","slug":"vitrine-2-portes-en-noyer-800","status":"publish","type":"product","link":"https:\/\/antiquariatopitanti.it\/fr\/prodotto\/vitrine-2-portes-en-noyer-800\/","title":{"rendered":"Vitrine 2 portes en noyer &lsquo;800"},"content":{"rendered":"<p>Vitrine \u00e0 deux portes en noyer et noyer racin\u00e9, XIXe si\u00e8cle \u00e0 restaurer<\/p>\n","protected":false},"excerpt":{"rendered":"<p>Ref.:Gb1349<br \/>\n<strong>Vitrine su\u00e9doise \u00e0 deux portes en noyer &lsquo;800<\/strong><br \/>\n<strong>Origine<\/strong> : Europe du Nord<br \/>\n<strong>P\u00e9riode<\/strong> : &lsquo;800<br \/>\n<strong>Mat\u00e9riau<\/strong> : bois de noyer et loupe de noyer<br \/>\n<strong>Mesures<\/strong>: L. 104 cm x P. 36 cm x H. 202 cm<br \/>\n<strong>\u00c9tat conservatif<\/strong> \u00e0 restaurer<\/p>\n<p><em><strong>CONTACT POUR LE PRIX+39 3929514115<\/strong><\/em><\/p>\n","protected":false},"featured_media":9846,"template":"","meta":[],"product_brand":[],"product_cat":[585,614],"product_tag":[765,824,825,1191,2108,1280],"class_list":{"0":"post-5000","1":"product","2":"type-product","3":"status-publish","4":"has-post-thumbnail","6":"product_cat-antiquites","7":"product_cat-vitrines-dantiquites","8":"product_tag-antiquites-suedoises-800","9":"product_tag-epoque-800","10":"product_tag-meubles-anciens-en-noyer","11":"product_tag-meubles-anciens-suedois","12":"product_tag-pays-scandinaves-fr","13":"product_tag-vitrine-deux-portes-800","14":"entry","15":"has-media","17":"first","18":"instock","19":"sold-individually","20":"shipping-taxable","21":"purchasable","22":"product-type-simple"},"yoast_head":"<!-- This site is optimized with the Yoast SEO plugin v27.4 - https:\/\/yoast.com\/product\/yoast-seo-wordpress\/ -->\n<title>Vitrine 2 portes en noyer &#039;800 - Pitanti Chesterfield &amp; Vintage<\/title>\n<meta name=\"robots\" content=\"index, follow, max-snippet:-1, max-image-preview:large, max-video-preview:-1\" \/>\n<link rel=\"canonical\" href=\"https:\/\/antiquariatopitanti.it\/fr\/produit\/vitrine-2-portes-en-noyer-800\/\" \/>\n<meta property=\"og:locale\" content=\"fr_FR\" \/>\n<meta property=\"og:type\" content=\"article\" \/>\n<meta property=\"og:title\" content=\"Vitrine 2 portes en noyer &#039;800 - Pitanti Chesterfield &amp; Vintage\" \/>\n<meta property=\"og:description\" content=\"Ref.:Gb1349 Vitrine su\u00e9doise \u00e0 deux portes en noyer &#039;800 Origine : Europe du Nord P\u00e9riode : &#039;800 Mat\u00e9riau : bois de noyer et loupe de noyer Mesures: L. 104 cm x P. 36 cm x H. 202 cm \u00c9tat conservatif \u00e0 restaurer CONTACT POUR LE PRIX+39 3929514115\" \/>\n<meta property=\"og:url\" content=\"https:\/\/antiquariatopitanti.it\/fr\/produit\/vitrine-2-portes-en-noyer-800\/\" \/>\n<meta property=\"og:site_name\" content=\"Pitanti Chesterfield &amp; Vintage\" \/>\n<meta property=\"article:publisher\" content=\"https:\/\/www.facebook.com\/mobili.pitanti.vintage\/\" \/>\n<meta property=\"article:modified_time\" content=\"2022-10-15T16:03:41+00:00\" \/>\n<meta property=\"og:image\" content=\"https:\/\/antiquariatopitanti.it\/wp-content\/uploads\/2022\/06\/Gb1349-vetrina-2-ante-noce-epoca-800-b.jpeg\" \/>\n\t<meta property=\"og:image:width\" content=\"801\" \/>\n\t<meta property=\"og:image:height\" content=\"1344\" \/>\n\t<meta property=\"og:image:type\" content=\"image\/jpeg\" \/>\n<meta name=\"twitter:card\" content=\"summary_large_image\" \/>\n<script type=\"application\/ld+json\" class=\"yoast-schema-graph\">{\"@context\":\"https:\\\/\\\/schema.org\",\"@graph\":[{\"@type\":\"WebPage\",\"@id\":\"https:\\\/\\\/antiquariatopitanti.it\\\/fr\\\/produit\\\/vitrine-2-portes-en-noyer-800\\\/\",\"url\":\"https:\\\/\\\/antiquariatopitanti.it\\\/fr\\\/produit\\\/vitrine-2-portes-en-noyer-800\\\/\",\"name\":\"Vitrine 2 portes en noyer '800 - Pitanti Chesterfield &amp; Vintage\",\"isPartOf\":{\"@id\":\"https:\\\/\\\/antiquariatopitanti.it\\\/#website\"},\"primaryImageOfPage\":{\"@id\":\"https:\\\/\\\/antiquariatopitanti.it\\\/fr\\\/produit\\\/vitrine-2-portes-en-noyer-800\\\/#primaryimage\"},\"image\":{\"@id\":\"https:\\\/\\\/antiquariatopitanti.it\\\/fr\\\/produit\\\/vitrine-2-portes-en-noyer-800\\\/#primaryimage\"},\"thumbnailUrl\":\"https:\\\/\\\/antiquariatopitanti.it\\\/wp-content\\\/uploads\\\/2022\\\/06\\\/Vetrina-2-ante-800-noce-3.jpeg\",\"datePublished\":\"2022-09-01T09:40:12+00:00\",\"dateModified\":\"2022-10-15T16:03:41+00:00\",\"breadcrumb\":{\"@id\":\"https:\\\/\\\/antiquariatopitanti.it\\\/fr\\\/produit\\\/vitrine-2-portes-en-noyer-800\\\/#breadcrumb\"},\"inLanguage\":\"fr-FR\",\"potentialAction\":[{\"@type\":\"ReadAction\",\"target\":[\"https:\\\/\\\/antiquariatopitanti.it\\\/fr\\\/produit\\\/vitrine-2-portes-en-noyer-800\\\/\"]}]},{\"@type\":\"ImageObject\",\"inLanguage\":\"fr-FR\",\"@id\":\"https:\\\/\\\/antiquariatopitanti.it\\\/fr\\\/produit\\\/vitrine-2-portes-en-noyer-800\\\/#primaryimage\",\"url\":\"https:\\\/\\\/antiquariatopitanti.it\\\/wp-content\\\/uploads\\\/2022\\\/06\\\/Vetrina-2-ante-800-noce-3.jpeg\",\"contentUrl\":\"https:\\\/\\\/antiquariatopitanti.it\\\/wp-content\\\/uploads\\\/2022\\\/06\\\/Vetrina-2-ante-800-noce-3.jpeg\",\"width\":894,\"height\":1344,\"caption\":\"Vetrina 2 ante '800\"},{\"@type\":\"BreadcrumbList\",\"@id\":\"https:\\\/\\\/antiquariatopitanti.it\\\/fr\\\/produit\\\/vitrine-2-portes-en-noyer-800\\\/#breadcrumb\",\"itemListElement\":[{\"@type\":\"ListItem\",\"position\":1,\"name\":\"Home\",\"item\":\"https:\\\/\\\/antiquariatopitanti.it\\\/fr\\\/home\\\/\"},{\"@type\":\"ListItem\",\"position\":2,\"name\":\"Shop\",\"item\":\"https:\\\/\\\/antiquariatopitanti.it\\\/negozio\\\/\"},{\"@type\":\"ListItem\",\"position\":3,\"name\":\"Vitrine 2 portes en noyer &#8216;800\"}]},{\"@type\":\"WebSite\",\"@id\":\"https:\\\/\\\/antiquariatopitanti.it\\\/#website\",\"url\":\"https:\\\/\\\/antiquariatopitanti.it\\\/\",\"name\":\"Pitanti Chesterfield &amp; Vintage\",\"description\":\"\",\"publisher\":{\"@id\":\"https:\\\/\\\/antiquariatopitanti.it\\\/#organization\"},\"potentialAction\":[{\"@type\":\"SearchAction\",\"target\":{\"@type\":\"EntryPoint\",\"urlTemplate\":\"https:\\\/\\\/antiquariatopitanti.it\\\/?s={search_term_string}\"},\"query-input\":{\"@type\":\"PropertyValueSpecification\",\"valueRequired\":true,\"valueName\":\"search_term_string\"}}],\"inLanguage\":\"fr-FR\"},{\"@type\":\"Organization\",\"@id\":\"https:\\\/\\\/antiquariatopitanti.it\\\/#organization\",\"name\":\"Antiquariato Pitanti\",\"url\":\"https:\\\/\\\/antiquariatopitanti.it\\\/\",\"logo\":{\"@type\":\"ImageObject\",\"inLanguage\":\"fr-FR\",\"@id\":\"https:\\\/\\\/antiquariatopitanti.it\\\/#\\\/schema\\\/logo\\\/image\\\/\",\"url\":\"https:\\\/\\\/antiquariatopitanti.it\\\/wp-content\\\/uploads\\\/2022\\\/03\\\/logo-pitanti-new-2.png\",\"contentUrl\":\"https:\\\/\\\/antiquariatopitanti.it\\\/wp-content\\\/uploads\\\/2022\\\/03\\\/logo-pitanti-new-2.png\",\"width\":944,\"height\":798,\"caption\":\"Antiquariato Pitanti\"},\"image\":{\"@id\":\"https:\\\/\\\/antiquariatopitanti.it\\\/#\\\/schema\\\/logo\\\/image\\\/\"},\"sameAs\":[\"https:\\\/\\\/www.facebook.com\\\/mobili.pitanti.vintage\\\/\"]}]}<\/script>\n<!-- \/ Yoast SEO plugin. -->","yoast_head_json":{"title":"Vitrine 2 portes en noyer '800 - Pitanti Chesterfield &amp; Vintage","robots":{"index":"index","follow":"follow","max-snippet":"max-snippet:-1","max-image-preview":"max-image-preview:large","max-video-preview":"max-video-preview:-1"},"canonical":"https:\/\/antiquariatopitanti.it\/fr\/produit\/vitrine-2-portes-en-noyer-800\/","og_locale":"fr_FR","og_type":"article","og_title":"Vitrine 2 portes en noyer '800 - Pitanti Chesterfield &amp; Vintage","og_description":"Ref.:Gb1349 Vitrine su\u00e9doise \u00e0 deux portes en noyer '800 Origine : Europe du Nord P\u00e9riode : '800 Mat\u00e9riau : bois de noyer et loupe de noyer Mesures: L. 104 cm x P. 36 cm x H. 202 cm \u00c9tat conservatif \u00e0 restaurer CONTACT POUR LE PRIX+39 3929514115","og_url":"https:\/\/antiquariatopitanti.it\/fr\/produit\/vitrine-2-portes-en-noyer-800\/","og_site_name":"Pitanti Chesterfield &amp; Vintage","article_publisher":"https:\/\/www.facebook.com\/mobili.pitanti.vintage\/","article_modified_time":"2022-10-15T16:03:41+00:00","og_image":[{"width":801,"height":1344,"url":"https:\/\/antiquariatopitanti.it\/wp-content\/uploads\/2022\/06\/Gb1349-vetrina-2-ante-noce-epoca-800-b.jpeg","type":"image\/jpeg"}],"twitter_card":"summary_large_image","schema":{"@context":"https:\/\/schema.org","@graph":[{"@type":"WebPage","@id":"https:\/\/antiquariatopitanti.it\/fr\/produit\/vitrine-2-portes-en-noyer-800\/","url":"https:\/\/antiquariatopitanti.it\/fr\/produit\/vitrine-2-portes-en-noyer-800\/","name":"Vitrine 2 portes en noyer '800 - Pitanti Chesterfield &amp; Vintage","isPartOf":{"@id":"https:\/\/antiquariatopitanti.it\/#website"},"primaryImageOfPage":{"@id":"https:\/\/antiquariatopitanti.it\/fr\/produit\/vitrine-2-portes-en-noyer-800\/#primaryimage"},"image":{"@id":"https:\/\/antiquariatopitanti.it\/fr\/produit\/vitrine-2-portes-en-noyer-800\/#primaryimage"},"thumbnailUrl":"https:\/\/antiquariatopitanti.it\/wp-content\/uploads\/2022\/06\/Vetrina-2-ante-800-noce-3.jpeg","datePublished":"2022-09-01T09:40:12+00:00","dateModified":"2022-10-15T16:03:41+00:00","breadcrumb":{"@id":"https:\/\/antiquariatopitanti.it\/fr\/produit\/vitrine-2-portes-en-noyer-800\/#breadcrumb"},"inLanguage":"fr-FR","potentialAction":[{"@type":"ReadAction","target":["https:\/\/antiquariatopitanti.it\/fr\/produit\/vitrine-2-portes-en-noyer-800\/"]}]},{"@type":"ImageObject","inLanguage":"fr-FR","@id":"https:\/\/antiquariatopitanti.it\/fr\/produit\/vitrine-2-portes-en-noyer-800\/#primaryimage","url":"https:\/\/antiquariatopitanti.it\/wp-content\/uploads\/2022\/06\/Vetrina-2-ante-800-noce-3.jpeg","contentUrl":"https:\/\/antiquariatopitanti.it\/wp-content\/uploads\/2022\/06\/Vetrina-2-ante-800-noce-3.jpeg","width":894,"height":1344,"caption":"Vetrina 2 ante '800"},{"@type":"BreadcrumbList","@id":"https:\/\/antiquariatopitanti.it\/fr\/produit\/vitrine-2-portes-en-noyer-800\/#breadcrumb","itemListElement":[{"@type":"ListItem","position":1,"name":"Home","item":"https:\/\/antiquariatopitanti.it\/fr\/home\/"},{"@type":"ListItem","position":2,"name":"Shop","item":"https:\/\/antiquariatopitanti.it\/negozio\/"},{"@type":"ListItem","position":3,"name":"Vitrine 2 portes en noyer &#8216;800"}]},{"@type":"WebSite","@id":"https:\/\/antiquariatopitanti.it\/#website","url":"https:\/\/antiquariatopitanti.it\/","name":"Pitanti Chesterfield &amp; Vintage","description":"","publisher":{"@id":"https:\/\/antiquariatopitanti.it\/#organization"},"potentialAction":[{"@type":"SearchAction","target":{"@type":"EntryPoint","urlTemplate":"https:\/\/antiquariatopitanti.it\/?s={search_term_string}"},"query-input":{"@type":"PropertyValueSpecification","valueRequired":true,"valueName":"search_term_string"}}],"inLanguage":"fr-FR"},{"@type":"Organization","@id":"https:\/\/antiquariatopitanti.it\/#organization","name":"Antiquariato Pitanti","url":"https:\/\/antiquariatopitanti.it\/","logo":{"@type":"ImageObject","inLanguage":"fr-FR","@id":"https:\/\/antiquariatopitanti.it\/#\/schema\/logo\/image\/","url":"https:\/\/antiquariatopitanti.it\/wp-content\/uploads\/2022\/03\/logo-pitanti-new-2.png","contentUrl":"https:\/\/antiquariatopitanti.it\/wp-content\/uploads\/2022\/03\/logo-pitanti-new-2.png","width":944,"height":798,"caption":"Antiquariato Pitanti"},"image":{"@id":"https:\/\/antiquariatopitanti.it\/#\/schema\/logo\/image\/"},"sameAs":["https:\/\/www.facebook.com\/mobili.pitanti.vintage\/"]}]}},"_links":{"self":[{"href":"https:\/\/antiquariatopitanti.it\/fr\/wp-json\/wp\/v2\/product\/5000","targetHints":{"allow":["GET"]}}],"collection":[{"href":"https:\/\/antiquariatopitanti.it\/fr\/wp-json\/wp\/v2\/product"}],"about":[{"href":"https:\/\/antiquariatopitanti.it\/fr\/wp-json\/wp\/v2\/types\/product"}],"wp:featuredmedia":[{"embeddable":true,"href":"https:\/\/antiquariatopitanti.it\/fr\/wp-json\/wp\/v2\/media\/9846"}],"wp:attachment":[{"href":"https:\/\/antiquariatopitanti.it\/fr\/wp-json\/wp\/v2\/media?parent=5000"}],"wp:term":[{"taxonomy":"product_brand","embeddable":true,"href":"https:\/\/antiquariatopitanti.it\/fr\/wp-json\/wp\/v2\/product_brand?post=5000"},{"taxonomy":"product_cat","embeddable":true,"href":"https:\/\/antiquariatopitanti.it\/fr\/wp-json\/wp\/v2\/product_cat?post=5000"},{"taxonomy":"product_tag","embeddable":true,"href":"https:\/\/antiquariatopitanti.it\/fr\/wp-json\/wp\/v2\/product_tag?post=5000"}],"curies":[{"name":"wp","href":"https:\/\/api.w.org\/{rel}","templated":true}]}}