{"id":4983,"date":"2022-06-24T18:03:05","date_gmt":"2022-08-31T16:01:08","guid":{"rendered":"https:\/\/antiquariatopitanti.it\/prodotto\/miroir-dore-francais\/"},"modified":"2022-10-17T11:21:07","modified_gmt":"2022-10-17T09:21:07","slug":"miroir-dore-a-la-francaise","status":"publish","type":"product","link":"https:\/\/antiquariatopitanti.it\/fr\/prodotto\/miroir-dore-a-la-francaise\/","title":{"rendered":"Miroir dor\u00e9 fran\u00e7ais"},"content":{"rendered":"<p>Miroir fran\u00e7ais du 19\u00e8me si\u00e8cle, restaur\u00e9 avec un verre d\u00e9poli d&rsquo;origine de la p\u00e9riode Louis Philippe<\/p>\n","protected":false},"excerpt":{"rendered":"<p>Ref.: Cla02<br \/>\n<strong>Miroir dor\u00e9 fran\u00e7ais du 19\u00e8me si\u00e8cle<\/strong><br \/>\n<strong>Origine<\/strong> : fran\u00e7aise<br \/>\n<strong>Mat\u00e9riau<\/strong> : Bois dor\u00e9<br \/>\n<strong>Mesures<\/strong>: L. 83 cm x H.132 cm<br \/>\n<strong> \u00c9tat conservatif<\/strong> : Restaurant<\/p>\n<p><em><strong>CONTACT POUR LE PRIX+39 3929514115<\/strong><\/em><\/p>\n","protected":false},"featured_media":4109,"template":"","meta":[],"product_brand":[],"product_cat":[585,610],"product_tag":[912,1667,1668,824,1735,2325,1669],"class_list":{"0":"post-4983","1":"product","2":"type-product","3":"status-publish","4":"has-post-thumbnail","6":"product_cat-antiquites","7":"product_cat-miroirs","8":"product_tag-antiquites-francaises","9":"product_tag-bois-dore","10":"product_tag-couronnement-sculpte","11":"product_tag-epoque-800","12":"product_tag-epoque-louis-philippe","13":"product_tag-miroir-francais-ancien-des-annees-1800","14":"product_tag-verre-depoli","15":"entry","16":"has-media","18":"first","19":"instock","20":"sold-individually","21":"shipping-taxable","22":"product-type-simple"},"yoast_head":"<!-- This site is optimized with the Yoast SEO plugin v27.4 - https:\/\/yoast.com\/product\/yoast-seo-wordpress\/ -->\n<title>Miroir dor\u00e9 fran\u00e7ais - Pitanti Chesterfield &amp; Vintage<\/title>\n<meta name=\"robots\" content=\"index, follow, max-snippet:-1, max-image-preview:large, max-video-preview:-1\" \/>\n<link rel=\"canonical\" href=\"https:\/\/antiquariatopitanti.it\/fr\/produit\/miroir-dore-a-la-francaise\/\" \/>\n<meta property=\"og:locale\" content=\"fr_FR\" \/>\n<meta property=\"og:type\" content=\"article\" \/>\n<meta property=\"og:title\" content=\"Miroir dor\u00e9 fran\u00e7ais - Pitanti Chesterfield &amp; Vintage\" \/>\n<meta property=\"og:description\" content=\"Ref.: Cla02 Miroir dor\u00e9 fran\u00e7ais du 19\u00e8me si\u00e8cle Origine : fran\u00e7aise Mat\u00e9riau : Bois dor\u00e9 Mesures: L. 83 cm x H.132 cm \u00c9tat conservatif : Restaurant CONTACT POUR LE PRIX+39 3929514115\" \/>\n<meta property=\"og:url\" content=\"https:\/\/antiquariatopitanti.it\/fr\/produit\/miroir-dore-a-la-francaise\/\" \/>\n<meta property=\"og:site_name\" content=\"Pitanti Chesterfield &amp; Vintage\" \/>\n<meta property=\"article:publisher\" content=\"https:\/\/www.facebook.com\/mobili.pitanti.vintage\/\" \/>\n<meta property=\"article:modified_time\" content=\"2022-10-17T09:21:07+00:00\" \/>\n<meta property=\"og:image\" content=\"https:\/\/antiquariatopitanti.it\/wp-content\/uploads\/2022\/06\/cla02-specchio-francese-dorato-900-a.jpeg\" \/>\n\t<meta property=\"og:image:width\" content=\"1008\" \/>\n\t<meta property=\"og:image:height\" content=\"1344\" \/>\n\t<meta property=\"og:image:type\" content=\"image\/jpeg\" \/>\n<meta name=\"twitter:card\" content=\"summary_large_image\" \/>\n<script type=\"application\/ld+json\" class=\"yoast-schema-graph\">{\"@context\":\"https:\\\/\\\/schema.org\",\"@graph\":[{\"@type\":\"WebPage\",\"@id\":\"https:\\\/\\\/antiquariatopitanti.it\\\/fr\\\/produit\\\/miroir-dore-a-la-francaise\\\/\",\"url\":\"https:\\\/\\\/antiquariatopitanti.it\\\/fr\\\/produit\\\/miroir-dore-a-la-francaise\\\/\",\"name\":\"Miroir dor\u00e9 fran\u00e7ais - Pitanti Chesterfield &amp; Vintage\",\"isPartOf\":{\"@id\":\"https:\\\/\\\/antiquariatopitanti.it\\\/#website\"},\"primaryImageOfPage\":{\"@id\":\"https:\\\/\\\/antiquariatopitanti.it\\\/fr\\\/produit\\\/miroir-dore-a-la-francaise\\\/#primaryimage\"},\"image\":{\"@id\":\"https:\\\/\\\/antiquariatopitanti.it\\\/fr\\\/produit\\\/miroir-dore-a-la-francaise\\\/#primaryimage\"},\"thumbnailUrl\":\"https:\\\/\\\/antiquariatopitanti.it\\\/wp-content\\\/uploads\\\/2022\\\/06\\\/cla02-specchio-francese-dorato-900-a.jpeg\",\"datePublished\":\"2022-08-31T16:01:08+00:00\",\"dateModified\":\"2022-10-17T09:21:07+00:00\",\"breadcrumb\":{\"@id\":\"https:\\\/\\\/antiquariatopitanti.it\\\/fr\\\/produit\\\/miroir-dore-a-la-francaise\\\/#breadcrumb\"},\"inLanguage\":\"fr-FR\",\"potentialAction\":[{\"@type\":\"ReadAction\",\"target\":[\"https:\\\/\\\/antiquariatopitanti.it\\\/fr\\\/produit\\\/miroir-dore-a-la-francaise\\\/\"]}]},{\"@type\":\"ImageObject\",\"inLanguage\":\"fr-FR\",\"@id\":\"https:\\\/\\\/antiquariatopitanti.it\\\/fr\\\/produit\\\/miroir-dore-a-la-francaise\\\/#primaryimage\",\"url\":\"https:\\\/\\\/antiquariatopitanti.it\\\/wp-content\\\/uploads\\\/2022\\\/06\\\/cla02-specchio-francese-dorato-900-a.jpeg\",\"contentUrl\":\"https:\\\/\\\/antiquariatopitanti.it\\\/wp-content\\\/uploads\\\/2022\\\/06\\\/cla02-specchio-francese-dorato-900-a.jpeg\",\"width\":1008,\"height\":1344,\"caption\":\"Miroir fran\u00e7ais des ann\u00e9es 1900, dor\u00e9, restaur\u00e9\"},{\"@type\":\"BreadcrumbList\",\"@id\":\"https:\\\/\\\/antiquariatopitanti.it\\\/fr\\\/produit\\\/miroir-dore-a-la-francaise\\\/#breadcrumb\",\"itemListElement\":[{\"@type\":\"ListItem\",\"position\":1,\"name\":\"Home\",\"item\":\"https:\\\/\\\/antiquariatopitanti.it\\\/fr\\\/home\\\/\"},{\"@type\":\"ListItem\",\"position\":2,\"name\":\"Shop\",\"item\":\"https:\\\/\\\/antiquariatopitanti.it\\\/negozio\\\/\"},{\"@type\":\"ListItem\",\"position\":3,\"name\":\"Miroir dor\u00e9 fran\u00e7ais\"}]},{\"@type\":\"WebSite\",\"@id\":\"https:\\\/\\\/antiquariatopitanti.it\\\/#website\",\"url\":\"https:\\\/\\\/antiquariatopitanti.it\\\/\",\"name\":\"Pitanti Chesterfield &amp; Vintage\",\"description\":\"\",\"publisher\":{\"@id\":\"https:\\\/\\\/antiquariatopitanti.it\\\/#organization\"},\"potentialAction\":[{\"@type\":\"SearchAction\",\"target\":{\"@type\":\"EntryPoint\",\"urlTemplate\":\"https:\\\/\\\/antiquariatopitanti.it\\\/?s={search_term_string}\"},\"query-input\":{\"@type\":\"PropertyValueSpecification\",\"valueRequired\":true,\"valueName\":\"search_term_string\"}}],\"inLanguage\":\"fr-FR\"},{\"@type\":\"Organization\",\"@id\":\"https:\\\/\\\/antiquariatopitanti.it\\\/#organization\",\"name\":\"Antiquariato Pitanti\",\"url\":\"https:\\\/\\\/antiquariatopitanti.it\\\/\",\"logo\":{\"@type\":\"ImageObject\",\"inLanguage\":\"fr-FR\",\"@id\":\"https:\\\/\\\/antiquariatopitanti.it\\\/#\\\/schema\\\/logo\\\/image\\\/\",\"url\":\"https:\\\/\\\/antiquariatopitanti.it\\\/wp-content\\\/uploads\\\/2022\\\/03\\\/logo-pitanti-new-2.png\",\"contentUrl\":\"https:\\\/\\\/antiquariatopitanti.it\\\/wp-content\\\/uploads\\\/2022\\\/03\\\/logo-pitanti-new-2.png\",\"width\":944,\"height\":798,\"caption\":\"Antiquariato Pitanti\"},\"image\":{\"@id\":\"https:\\\/\\\/antiquariatopitanti.it\\\/#\\\/schema\\\/logo\\\/image\\\/\"},\"sameAs\":[\"https:\\\/\\\/www.facebook.com\\\/mobili.pitanti.vintage\\\/\"]}]}<\/script>\n<!-- \/ Yoast SEO plugin. -->","yoast_head_json":{"title":"Miroir dor\u00e9 fran\u00e7ais - Pitanti Chesterfield &amp; Vintage","robots":{"index":"index","follow":"follow","max-snippet":"max-snippet:-1","max-image-preview":"max-image-preview:large","max-video-preview":"max-video-preview:-1"},"canonical":"https:\/\/antiquariatopitanti.it\/fr\/produit\/miroir-dore-a-la-francaise\/","og_locale":"fr_FR","og_type":"article","og_title":"Miroir dor\u00e9 fran\u00e7ais - Pitanti Chesterfield &amp; Vintage","og_description":"Ref.: Cla02 Miroir dor\u00e9 fran\u00e7ais du 19\u00e8me si\u00e8cle Origine : fran\u00e7aise Mat\u00e9riau : Bois dor\u00e9 Mesures: L. 83 cm x H.132 cm \u00c9tat conservatif : Restaurant CONTACT POUR LE PRIX+39 3929514115","og_url":"https:\/\/antiquariatopitanti.it\/fr\/produit\/miroir-dore-a-la-francaise\/","og_site_name":"Pitanti Chesterfield &amp; Vintage","article_publisher":"https:\/\/www.facebook.com\/mobili.pitanti.vintage\/","article_modified_time":"2022-10-17T09:21:07+00:00","og_image":[{"width":1008,"height":1344,"url":"https:\/\/antiquariatopitanti.it\/wp-content\/uploads\/2022\/06\/cla02-specchio-francese-dorato-900-a.jpeg","type":"image\/jpeg"}],"twitter_card":"summary_large_image","schema":{"@context":"https:\/\/schema.org","@graph":[{"@type":"WebPage","@id":"https:\/\/antiquariatopitanti.it\/fr\/produit\/miroir-dore-a-la-francaise\/","url":"https:\/\/antiquariatopitanti.it\/fr\/produit\/miroir-dore-a-la-francaise\/","name":"Miroir dor\u00e9 fran\u00e7ais - Pitanti Chesterfield &amp; Vintage","isPartOf":{"@id":"https:\/\/antiquariatopitanti.it\/#website"},"primaryImageOfPage":{"@id":"https:\/\/antiquariatopitanti.it\/fr\/produit\/miroir-dore-a-la-francaise\/#primaryimage"},"image":{"@id":"https:\/\/antiquariatopitanti.it\/fr\/produit\/miroir-dore-a-la-francaise\/#primaryimage"},"thumbnailUrl":"https:\/\/antiquariatopitanti.it\/wp-content\/uploads\/2022\/06\/cla02-specchio-francese-dorato-900-a.jpeg","datePublished":"2022-08-31T16:01:08+00:00","dateModified":"2022-10-17T09:21:07+00:00","breadcrumb":{"@id":"https:\/\/antiquariatopitanti.it\/fr\/produit\/miroir-dore-a-la-francaise\/#breadcrumb"},"inLanguage":"fr-FR","potentialAction":[{"@type":"ReadAction","target":["https:\/\/antiquariatopitanti.it\/fr\/produit\/miroir-dore-a-la-francaise\/"]}]},{"@type":"ImageObject","inLanguage":"fr-FR","@id":"https:\/\/antiquariatopitanti.it\/fr\/produit\/miroir-dore-a-la-francaise\/#primaryimage","url":"https:\/\/antiquariatopitanti.it\/wp-content\/uploads\/2022\/06\/cla02-specchio-francese-dorato-900-a.jpeg","contentUrl":"https:\/\/antiquariatopitanti.it\/wp-content\/uploads\/2022\/06\/cla02-specchio-francese-dorato-900-a.jpeg","width":1008,"height":1344,"caption":"Miroir fran\u00e7ais des ann\u00e9es 1900, dor\u00e9, restaur\u00e9"},{"@type":"BreadcrumbList","@id":"https:\/\/antiquariatopitanti.it\/fr\/produit\/miroir-dore-a-la-francaise\/#breadcrumb","itemListElement":[{"@type":"ListItem","position":1,"name":"Home","item":"https:\/\/antiquariatopitanti.it\/fr\/home\/"},{"@type":"ListItem","position":2,"name":"Shop","item":"https:\/\/antiquariatopitanti.it\/negozio\/"},{"@type":"ListItem","position":3,"name":"Miroir dor\u00e9 fran\u00e7ais"}]},{"@type":"WebSite","@id":"https:\/\/antiquariatopitanti.it\/#website","url":"https:\/\/antiquariatopitanti.it\/","name":"Pitanti Chesterfield &amp; Vintage","description":"","publisher":{"@id":"https:\/\/antiquariatopitanti.it\/#organization"},"potentialAction":[{"@type":"SearchAction","target":{"@type":"EntryPoint","urlTemplate":"https:\/\/antiquariatopitanti.it\/?s={search_term_string}"},"query-input":{"@type":"PropertyValueSpecification","valueRequired":true,"valueName":"search_term_string"}}],"inLanguage":"fr-FR"},{"@type":"Organization","@id":"https:\/\/antiquariatopitanti.it\/#organization","name":"Antiquariato Pitanti","url":"https:\/\/antiquariatopitanti.it\/","logo":{"@type":"ImageObject","inLanguage":"fr-FR","@id":"https:\/\/antiquariatopitanti.it\/#\/schema\/logo\/image\/","url":"https:\/\/antiquariatopitanti.it\/wp-content\/uploads\/2022\/03\/logo-pitanti-new-2.png","contentUrl":"https:\/\/antiquariatopitanti.it\/wp-content\/uploads\/2022\/03\/logo-pitanti-new-2.png","width":944,"height":798,"caption":"Antiquariato Pitanti"},"image":{"@id":"https:\/\/antiquariatopitanti.it\/#\/schema\/logo\/image\/"},"sameAs":["https:\/\/www.facebook.com\/mobili.pitanti.vintage\/"]}]}},"_links":{"self":[{"href":"https:\/\/antiquariatopitanti.it\/fr\/wp-json\/wp\/v2\/product\/4983","targetHints":{"allow":["GET"]}}],"collection":[{"href":"https:\/\/antiquariatopitanti.it\/fr\/wp-json\/wp\/v2\/product"}],"about":[{"href":"https:\/\/antiquariatopitanti.it\/fr\/wp-json\/wp\/v2\/types\/product"}],"wp:featuredmedia":[{"embeddable":true,"href":"https:\/\/antiquariatopitanti.it\/fr\/wp-json\/wp\/v2\/media\/4109"}],"wp:attachment":[{"href":"https:\/\/antiquariatopitanti.it\/fr\/wp-json\/wp\/v2\/media?parent=4983"}],"wp:term":[{"taxonomy":"product_brand","embeddable":true,"href":"https:\/\/antiquariatopitanti.it\/fr\/wp-json\/wp\/v2\/product_brand?post=4983"},{"taxonomy":"product_cat","embeddable":true,"href":"https:\/\/antiquariatopitanti.it\/fr\/wp-json\/wp\/v2\/product_cat?post=4983"},{"taxonomy":"product_tag","embeddable":true,"href":"https:\/\/antiquariatopitanti.it\/fr\/wp-json\/wp\/v2\/product_tag?post=4983"}],"curies":[{"name":"wp","href":"https:\/\/api.w.org\/{rel}","templated":true}]}}