{"id":4965,"date":"2022-06-25T12:43:36","date_gmt":"2022-08-31T09:37:50","guid":{"rendered":"https:\/\/antiquariatopitanti.it\/prodotto\/canape-maralunga-de-vico-magistretti-70\/"},"modified":"2022-09-01T10:34:29","modified_gmt":"2022-09-01T08:34:29","slug":"canape-maralunga-de-vico-magistretti-70","status":"publish","type":"product","link":"https:\/\/antiquariatopitanti.it\/fr\/prodotto\/canape-maralunga-de-vico-magistretti-70\/","title":{"rendered":"Canap\u00e9 Maralunga de Vico Magistretti &rsquo;70"},"content":{"rendered":"<p>Canap\u00e9 deux places dit mod\u00e8le Maralunga du designer Vico Magistretti des ann\u00e9es 70 et 80 en cuir de premi\u00e8re qualit\u00e9 \u00e9tant de la c\u00e9l\u00e8bre marque italienne CASSINA<\/p>\n","protected":false},"excerpt":{"rendered":"<p>Ref.: Cass01<br \/>\n<strong>canap\u00e9 cuir 2 places<\/strong><br \/>\n<strong>Origine<\/strong> : Italienne<br \/>\n<strong>Brand:<\/strong> CASSINA by Vico Magistretti<br \/>\n<strong>P\u00e9riode<\/strong> : ann\u00e9es 1970-1980<br \/>\n<strong>Mat\u00e9riau<\/strong> : Cuir de couleur marron clair<br \/>\n<strong>\u00c9tat conservatif<\/strong> : Excellent<\/p>\n","protected":false},"featured_media":4181,"template":"","meta":[],"product_brand":[],"product_cat":[640,642],"product_tag":[],"class_list":{"0":"post-4965","1":"product","2":"type-product","3":"status-publish","4":"has-post-thumbnail","6":"product_cat-art-moderne","7":"product_cat-mobilier-et-design-contemporain","8":"entry","9":"has-media","11":"first","12":"outofstock","13":"sold-individually","14":"shipping-taxable","15":"product-type-simple"},"yoast_head":"<!-- This site is optimized with the Yoast SEO plugin v27.4 - https:\/\/yoast.com\/product\/yoast-seo-wordpress\/ -->\n<title>Canap\u00e9 Maralunga de Vico Magistretti &#039;70 - Pitanti Chesterfield &amp; Vintage<\/title>\n<meta name=\"robots\" content=\"index, follow, max-snippet:-1, max-image-preview:large, max-video-preview:-1\" \/>\n<link rel=\"canonical\" href=\"https:\/\/antiquariatopitanti.it\/fr\/prodotto\/canape-maralunga-de-vico-magistretti-70\/\" \/>\n<meta property=\"og:locale\" content=\"fr_FR\" \/>\n<meta property=\"og:type\" content=\"article\" \/>\n<meta property=\"og:title\" content=\"Canap\u00e9 Maralunga de Vico Magistretti &#039;70 - Pitanti Chesterfield &amp; Vintage\" \/>\n<meta property=\"og:description\" content=\"Ref.: Cass01 canap\u00e9 cuir 2 places Origine : Italienne Brand: CASSINA by Vico Magistretti P\u00e9riode : ann\u00e9es 1970-1980 Mat\u00e9riau : Cuir de couleur marron clair \u00c9tat conservatif : Excellent\" \/>\n<meta property=\"og:url\" content=\"https:\/\/antiquariatopitanti.it\/fr\/prodotto\/canape-maralunga-de-vico-magistretti-70\/\" \/>\n<meta property=\"og:site_name\" content=\"Pitanti Chesterfield &amp; Vintage\" \/>\n<meta property=\"article:publisher\" content=\"https:\/\/www.facebook.com\/mobili.pitanti.vintage\/\" \/>\n<meta property=\"article:modified_time\" content=\"2022-09-01T08:34:29+00:00\" \/>\n<meta property=\"og:image\" content=\"https:\/\/antiquariatopitanti.it\/wp-content\/uploads\/2022\/06\/CASS01-divano-modernariato-italiano-cassina-pelle-2-posti-anni-80-a.jpg\" \/>\n\t<meta property=\"og:image:width\" content=\"1008\" \/>\n\t<meta property=\"og:image:height\" content=\"567\" \/>\n\t<meta property=\"og:image:type\" content=\"image\/jpeg\" \/>\n<meta name=\"twitter:card\" content=\"summary_large_image\" \/>\n<script type=\"application\/ld+json\" class=\"yoast-schema-graph\">{\"@context\":\"https:\\\/\\\/schema.org\",\"@graph\":[{\"@type\":\"WebPage\",\"@id\":\"https:\\\/\\\/antiquariatopitanti.it\\\/fr\\\/prodotto\\\/canape-maralunga-de-vico-magistretti-70\\\/\",\"url\":\"https:\\\/\\\/antiquariatopitanti.it\\\/fr\\\/prodotto\\\/canape-maralunga-de-vico-magistretti-70\\\/\",\"name\":\"Canap\u00e9 Maralunga de Vico Magistretti '70 - Pitanti Chesterfield &amp; Vintage\",\"isPartOf\":{\"@id\":\"https:\\\/\\\/antiquariatopitanti.it\\\/#website\"},\"primaryImageOfPage\":{\"@id\":\"https:\\\/\\\/antiquariatopitanti.it\\\/fr\\\/prodotto\\\/canape-maralunga-de-vico-magistretti-70\\\/#primaryimage\"},\"image\":{\"@id\":\"https:\\\/\\\/antiquariatopitanti.it\\\/fr\\\/prodotto\\\/canape-maralunga-de-vico-magistretti-70\\\/#primaryimage\"},\"thumbnailUrl\":\"https:\\\/\\\/antiquariatopitanti.it\\\/wp-content\\\/uploads\\\/2022\\\/06\\\/CASS01-divano-modernariato-italiano-cassina-pelle-2-posti-anni-80-a.jpg\",\"datePublished\":\"2022-08-31T09:37:50+00:00\",\"dateModified\":\"2022-09-01T08:34:29+00:00\",\"breadcrumb\":{\"@id\":\"https:\\\/\\\/antiquariatopitanti.it\\\/fr\\\/prodotto\\\/canape-maralunga-de-vico-magistretti-70\\\/#breadcrumb\"},\"inLanguage\":\"fr-FR\",\"potentialAction\":[{\"@type\":\"ReadAction\",\"target\":[\"https:\\\/\\\/antiquariatopitanti.it\\\/fr\\\/prodotto\\\/canape-maralunga-de-vico-magistretti-70\\\/\"]}]},{\"@type\":\"ImageObject\",\"inLanguage\":\"fr-FR\",\"@id\":\"https:\\\/\\\/antiquariatopitanti.it\\\/fr\\\/prodotto\\\/canape-maralunga-de-vico-magistretti-70\\\/#primaryimage\",\"url\":\"https:\\\/\\\/antiquariatopitanti.it\\\/wp-content\\\/uploads\\\/2022\\\/06\\\/CASS01-divano-modernariato-italiano-cassina-pelle-2-posti-anni-80-a.jpg\",\"contentUrl\":\"https:\\\/\\\/antiquariatopitanti.it\\\/wp-content\\\/uploads\\\/2022\\\/06\\\/CASS01-divano-modernariato-italiano-cassina-pelle-2-posti-anni-80-a.jpg\",\"width\":1008,\"height\":567,\"caption\":\"Canap\u00e9 Maralunga de Cassina et Vico Magistretti\"},{\"@type\":\"BreadcrumbList\",\"@id\":\"https:\\\/\\\/antiquariatopitanti.it\\\/fr\\\/prodotto\\\/canape-maralunga-de-vico-magistretti-70\\\/#breadcrumb\",\"itemListElement\":[{\"@type\":\"ListItem\",\"position\":1,\"name\":\"Home\",\"item\":\"https:\\\/\\\/antiquariatopitanti.it\\\/fr\\\/home\\\/\"},{\"@type\":\"ListItem\",\"position\":2,\"name\":\"Shop\",\"item\":\"https:\\\/\\\/antiquariatopitanti.it\\\/negozio\\\/\"},{\"@type\":\"ListItem\",\"position\":3,\"name\":\"Canap\u00e9 Maralunga de Vico Magistretti &#8217;70\"}]},{\"@type\":\"WebSite\",\"@id\":\"https:\\\/\\\/antiquariatopitanti.it\\\/#website\",\"url\":\"https:\\\/\\\/antiquariatopitanti.it\\\/\",\"name\":\"Pitanti Chesterfield &amp; Vintage\",\"description\":\"\",\"publisher\":{\"@id\":\"https:\\\/\\\/antiquariatopitanti.it\\\/#organization\"},\"potentialAction\":[{\"@type\":\"SearchAction\",\"target\":{\"@type\":\"EntryPoint\",\"urlTemplate\":\"https:\\\/\\\/antiquariatopitanti.it\\\/?s={search_term_string}\"},\"query-input\":{\"@type\":\"PropertyValueSpecification\",\"valueRequired\":true,\"valueName\":\"search_term_string\"}}],\"inLanguage\":\"fr-FR\"},{\"@type\":\"Organization\",\"@id\":\"https:\\\/\\\/antiquariatopitanti.it\\\/#organization\",\"name\":\"Antiquariato Pitanti\",\"url\":\"https:\\\/\\\/antiquariatopitanti.it\\\/\",\"logo\":{\"@type\":\"ImageObject\",\"inLanguage\":\"fr-FR\",\"@id\":\"https:\\\/\\\/antiquariatopitanti.it\\\/#\\\/schema\\\/logo\\\/image\\\/\",\"url\":\"https:\\\/\\\/antiquariatopitanti.it\\\/wp-content\\\/uploads\\\/2022\\\/03\\\/logo-pitanti-new-2.png\",\"contentUrl\":\"https:\\\/\\\/antiquariatopitanti.it\\\/wp-content\\\/uploads\\\/2022\\\/03\\\/logo-pitanti-new-2.png\",\"width\":944,\"height\":798,\"caption\":\"Antiquariato Pitanti\"},\"image\":{\"@id\":\"https:\\\/\\\/antiquariatopitanti.it\\\/#\\\/schema\\\/logo\\\/image\\\/\"},\"sameAs\":[\"https:\\\/\\\/www.facebook.com\\\/mobili.pitanti.vintage\\\/\"]}]}<\/script>\n<!-- \/ Yoast SEO plugin. -->","yoast_head_json":{"title":"Canap\u00e9 Maralunga de Vico Magistretti '70 - Pitanti Chesterfield &amp; Vintage","robots":{"index":"index","follow":"follow","max-snippet":"max-snippet:-1","max-image-preview":"max-image-preview:large","max-video-preview":"max-video-preview:-1"},"canonical":"https:\/\/antiquariatopitanti.it\/fr\/prodotto\/canape-maralunga-de-vico-magistretti-70\/","og_locale":"fr_FR","og_type":"article","og_title":"Canap\u00e9 Maralunga de Vico Magistretti '70 - Pitanti Chesterfield &amp; Vintage","og_description":"Ref.: Cass01 canap\u00e9 cuir 2 places Origine : Italienne Brand: CASSINA by Vico Magistretti P\u00e9riode : ann\u00e9es 1970-1980 Mat\u00e9riau : Cuir de couleur marron clair \u00c9tat conservatif : Excellent","og_url":"https:\/\/antiquariatopitanti.it\/fr\/prodotto\/canape-maralunga-de-vico-magistretti-70\/","og_site_name":"Pitanti Chesterfield &amp; Vintage","article_publisher":"https:\/\/www.facebook.com\/mobili.pitanti.vintage\/","article_modified_time":"2022-09-01T08:34:29+00:00","og_image":[{"width":1008,"height":567,"url":"https:\/\/antiquariatopitanti.it\/wp-content\/uploads\/2022\/06\/CASS01-divano-modernariato-italiano-cassina-pelle-2-posti-anni-80-a.jpg","type":"image\/jpeg"}],"twitter_card":"summary_large_image","schema":{"@context":"https:\/\/schema.org","@graph":[{"@type":"WebPage","@id":"https:\/\/antiquariatopitanti.it\/fr\/prodotto\/canape-maralunga-de-vico-magistretti-70\/","url":"https:\/\/antiquariatopitanti.it\/fr\/prodotto\/canape-maralunga-de-vico-magistretti-70\/","name":"Canap\u00e9 Maralunga de Vico Magistretti '70 - Pitanti Chesterfield &amp; Vintage","isPartOf":{"@id":"https:\/\/antiquariatopitanti.it\/#website"},"primaryImageOfPage":{"@id":"https:\/\/antiquariatopitanti.it\/fr\/prodotto\/canape-maralunga-de-vico-magistretti-70\/#primaryimage"},"image":{"@id":"https:\/\/antiquariatopitanti.it\/fr\/prodotto\/canape-maralunga-de-vico-magistretti-70\/#primaryimage"},"thumbnailUrl":"https:\/\/antiquariatopitanti.it\/wp-content\/uploads\/2022\/06\/CASS01-divano-modernariato-italiano-cassina-pelle-2-posti-anni-80-a.jpg","datePublished":"2022-08-31T09:37:50+00:00","dateModified":"2022-09-01T08:34:29+00:00","breadcrumb":{"@id":"https:\/\/antiquariatopitanti.it\/fr\/prodotto\/canape-maralunga-de-vico-magistretti-70\/#breadcrumb"},"inLanguage":"fr-FR","potentialAction":[{"@type":"ReadAction","target":["https:\/\/antiquariatopitanti.it\/fr\/prodotto\/canape-maralunga-de-vico-magistretti-70\/"]}]},{"@type":"ImageObject","inLanguage":"fr-FR","@id":"https:\/\/antiquariatopitanti.it\/fr\/prodotto\/canape-maralunga-de-vico-magistretti-70\/#primaryimage","url":"https:\/\/antiquariatopitanti.it\/wp-content\/uploads\/2022\/06\/CASS01-divano-modernariato-italiano-cassina-pelle-2-posti-anni-80-a.jpg","contentUrl":"https:\/\/antiquariatopitanti.it\/wp-content\/uploads\/2022\/06\/CASS01-divano-modernariato-italiano-cassina-pelle-2-posti-anni-80-a.jpg","width":1008,"height":567,"caption":"Canap\u00e9 Maralunga de Cassina et Vico Magistretti"},{"@type":"BreadcrumbList","@id":"https:\/\/antiquariatopitanti.it\/fr\/prodotto\/canape-maralunga-de-vico-magistretti-70\/#breadcrumb","itemListElement":[{"@type":"ListItem","position":1,"name":"Home","item":"https:\/\/antiquariatopitanti.it\/fr\/home\/"},{"@type":"ListItem","position":2,"name":"Shop","item":"https:\/\/antiquariatopitanti.it\/negozio\/"},{"@type":"ListItem","position":3,"name":"Canap\u00e9 Maralunga de Vico Magistretti &#8217;70"}]},{"@type":"WebSite","@id":"https:\/\/antiquariatopitanti.it\/#website","url":"https:\/\/antiquariatopitanti.it\/","name":"Pitanti Chesterfield &amp; Vintage","description":"","publisher":{"@id":"https:\/\/antiquariatopitanti.it\/#organization"},"potentialAction":[{"@type":"SearchAction","target":{"@type":"EntryPoint","urlTemplate":"https:\/\/antiquariatopitanti.it\/?s={search_term_string}"},"query-input":{"@type":"PropertyValueSpecification","valueRequired":true,"valueName":"search_term_string"}}],"inLanguage":"fr-FR"},{"@type":"Organization","@id":"https:\/\/antiquariatopitanti.it\/#organization","name":"Antiquariato Pitanti","url":"https:\/\/antiquariatopitanti.it\/","logo":{"@type":"ImageObject","inLanguage":"fr-FR","@id":"https:\/\/antiquariatopitanti.it\/#\/schema\/logo\/image\/","url":"https:\/\/antiquariatopitanti.it\/wp-content\/uploads\/2022\/03\/logo-pitanti-new-2.png","contentUrl":"https:\/\/antiquariatopitanti.it\/wp-content\/uploads\/2022\/03\/logo-pitanti-new-2.png","width":944,"height":798,"caption":"Antiquariato Pitanti"},"image":{"@id":"https:\/\/antiquariatopitanti.it\/#\/schema\/logo\/image\/"},"sameAs":["https:\/\/www.facebook.com\/mobili.pitanti.vintage\/"]}]}},"_links":{"self":[{"href":"https:\/\/antiquariatopitanti.it\/fr\/wp-json\/wp\/v2\/product\/4965","targetHints":{"allow":["GET"]}}],"collection":[{"href":"https:\/\/antiquariatopitanti.it\/fr\/wp-json\/wp\/v2\/product"}],"about":[{"href":"https:\/\/antiquariatopitanti.it\/fr\/wp-json\/wp\/v2\/types\/product"}],"wp:featuredmedia":[{"embeddable":true,"href":"https:\/\/antiquariatopitanti.it\/fr\/wp-json\/wp\/v2\/media\/4181"}],"wp:attachment":[{"href":"https:\/\/antiquariatopitanti.it\/fr\/wp-json\/wp\/v2\/media?parent=4965"}],"wp:term":[{"taxonomy":"product_brand","embeddable":true,"href":"https:\/\/antiquariatopitanti.it\/fr\/wp-json\/wp\/v2\/product_brand?post=4965"},{"taxonomy":"product_cat","embeddable":true,"href":"https:\/\/antiquariatopitanti.it\/fr\/wp-json\/wp\/v2\/product_cat?post=4965"},{"taxonomy":"product_tag","embeddable":true,"href":"https:\/\/antiquariatopitanti.it\/fr\/wp-json\/wp\/v2\/product_tag?post=4965"}],"curies":[{"name":"wp","href":"https:\/\/api.w.org\/{rel}","templated":true}]}}