{"id":4941,"date":"2022-08-27T09:30:16","date_gmt":"2022-08-30T16:18:35","guid":{"rendered":"https:\/\/antiquariatopitanti.it\/prodotto\/chaises-suedoises-en-bois-de-bouleau-des-annees-1900\/"},"modified":"2022-10-15T17:59:11","modified_gmt":"2022-10-15T15:59:11","slug":"chaises-en-bois-de-bouleau-epoque-suedoise-900","status":"publish","type":"product","link":"https:\/\/antiquariatopitanti.it\/fr\/prodotto\/chaises-en-bois-de-bouleau-epoque-suedoise-900\/","title":{"rendered":"Chaises su\u00e9doises en bois de bouleau des ann\u00e9es 1900"},"content":{"rendered":"<p>Ces chaises en bois de bouleau sont su\u00e9doises de la premi\u00e8re moiti\u00e9 des ann\u00e9es 1900 \u00e0 restaurer mais en bon \u00e9tat id\u00e9ales \u00e0 la fois pour une insertion moderne et n\u00e9oclassique de meubles anciens su\u00e9dois<\/p>\n","protected":false},"excerpt":{"rendered":"<h4>Ref.: D31<br \/>\n<strong>04 chaises en bouleau su\u00e9dois<\/strong><br \/>\n<strong>Origine<\/strong> : Su\u00e8de<br \/>\n<strong>P\u00e9riode<\/strong> : D\u00e9but des ann\u00e9es 1900<br \/>\n<strong>Mat\u00e9riau<\/strong> : bois de bouleau clair<br \/>\n<strong>Mesures<\/strong>: L. 46 cm x P. 41 cm x H 80 cm<br \/>\n<strong>Etat conservatif<\/strong> : A restaurer<\/h4>\n","protected":false},"featured_media":8844,"template":"","meta":[],"product_brand":[],"product_cat":[585,608],"product_tag":[708,706,707,1191],"class_list":{"0":"post-4941","1":"product","2":"type-product","3":"status-publish","4":"has-post-thumbnail","6":"product_cat-antiquites","7":"product_cat-chaises","8":"product_tag-antiquites-neoclassiques-900","9":"product_tag-antiquites-suedoises-900","10":"product_tag-chaises-suedoises-en-bouleau","11":"product_tag-meubles-anciens-suedois","12":"entry","13":"has-media","15":"first","16":"instock","17":"sold-individually","18":"shipping-taxable","19":"purchasable","20":"product-type-simple"},"yoast_head":"<!-- This site is optimized with the Yoast SEO plugin v27.4 - https:\/\/yoast.com\/product\/yoast-seo-wordpress\/ -->\n<title>Chaises su\u00e9doises en bois de bouleau des ann\u00e9es 1900 - Pitanti Chesterfield &amp; Vintage<\/title>\n<meta name=\"robots\" content=\"index, follow, max-snippet:-1, max-image-preview:large, max-video-preview:-1\" \/>\n<link rel=\"canonical\" href=\"https:\/\/antiquariatopitanti.it\/fr\/produit\/chaises-en-bois-de-bouleau-epoque-suedoise-900\/\" \/>\n<meta property=\"og:locale\" content=\"fr_FR\" \/>\n<meta property=\"og:type\" content=\"article\" \/>\n<meta property=\"og:title\" content=\"Chaises su\u00e9doises en bois de bouleau des ann\u00e9es 1900 - Pitanti Chesterfield &amp; Vintage\" \/>\n<meta property=\"og:description\" content=\"Ref.: D31 04 chaises en bouleau su\u00e9dois Origine : Su\u00e8de P\u00e9riode : D\u00e9but des ann\u00e9es 1900 Mat\u00e9riau : bois de bouleau clair Mesures: L. 46 cm x P. 41 cm x H 80 cm Etat conservatif : A restaurer\" \/>\n<meta property=\"og:url\" content=\"https:\/\/antiquariatopitanti.it\/fr\/produit\/chaises-en-bois-de-bouleau-epoque-suedoise-900\/\" \/>\n<meta property=\"og:site_name\" content=\"Pitanti Chesterfield &amp; Vintage\" \/>\n<meta property=\"article:publisher\" content=\"https:\/\/www.facebook.com\/mobili.pitanti.vintage\/\" \/>\n<meta property=\"article:modified_time\" content=\"2022-10-15T15:59:11+00:00\" \/>\n<meta property=\"og:image\" content=\"https:\/\/antiquariatopitanti.it\/wp-content\/uploads\/2022\/08\/D31-quattro-sedie-in-betulla-del-900-b.jpeg\" \/>\n\t<meta property=\"og:image:width\" content=\"1008\" \/>\n\t<meta property=\"og:image:height\" content=\"1344\" \/>\n\t<meta property=\"og:image:type\" content=\"image\/jpeg\" \/>\n<meta name=\"twitter:card\" content=\"summary_large_image\" \/>\n<script type=\"application\/ld+json\" class=\"yoast-schema-graph\">{\"@context\":\"https:\\\/\\\/schema.org\",\"@graph\":[{\"@type\":\"WebPage\",\"@id\":\"https:\\\/\\\/antiquariatopitanti.it\\\/fr\\\/produit\\\/chaises-en-bois-de-bouleau-epoque-suedoise-900\\\/\",\"url\":\"https:\\\/\\\/antiquariatopitanti.it\\\/fr\\\/produit\\\/chaises-en-bois-de-bouleau-epoque-suedoise-900\\\/\",\"name\":\"Chaises su\u00e9doises en bois de bouleau des ann\u00e9es 1900 - Pitanti Chesterfield &amp; Vintage\",\"isPartOf\":{\"@id\":\"https:\\\/\\\/antiquariatopitanti.it\\\/#website\"},\"primaryImageOfPage\":{\"@id\":\"https:\\\/\\\/antiquariatopitanti.it\\\/fr\\\/produit\\\/chaises-en-bois-de-bouleau-epoque-suedoise-900\\\/#primaryimage\"},\"image\":{\"@id\":\"https:\\\/\\\/antiquariatopitanti.it\\\/fr\\\/produit\\\/chaises-en-bois-de-bouleau-epoque-suedoise-900\\\/#primaryimage\"},\"thumbnailUrl\":\"https:\\\/\\\/antiquariatopitanti.it\\\/wp-content\\\/uploads\\\/2022\\\/08\\\/4-Sedie-betulla-scandinavi-900-a.jpeg\",\"datePublished\":\"2022-08-30T16:18:35+00:00\",\"dateModified\":\"2022-10-15T15:59:11+00:00\",\"breadcrumb\":{\"@id\":\"https:\\\/\\\/antiquariatopitanti.it\\\/fr\\\/produit\\\/chaises-en-bois-de-bouleau-epoque-suedoise-900\\\/#breadcrumb\"},\"inLanguage\":\"fr-FR\",\"potentialAction\":[{\"@type\":\"ReadAction\",\"target\":[\"https:\\\/\\\/antiquariatopitanti.it\\\/fr\\\/produit\\\/chaises-en-bois-de-bouleau-epoque-suedoise-900\\\/\"]}]},{\"@type\":\"ImageObject\",\"inLanguage\":\"fr-FR\",\"@id\":\"https:\\\/\\\/antiquariatopitanti.it\\\/fr\\\/produit\\\/chaises-en-bois-de-bouleau-epoque-suedoise-900\\\/#primaryimage\",\"url\":\"https:\\\/\\\/antiquariatopitanti.it\\\/wp-content\\\/uploads\\\/2022\\\/08\\\/4-Sedie-betulla-scandinavi-900-a.jpeg\",\"contentUrl\":\"https:\\\/\\\/antiquariatopitanti.it\\\/wp-content\\\/uploads\\\/2022\\\/08\\\/4-Sedie-betulla-scandinavi-900-a.jpeg\",\"width\":1008,\"height\":1344,\"caption\":\"4 Sedie betulla Scandinavi\u00a0\"},{\"@type\":\"BreadcrumbList\",\"@id\":\"https:\\\/\\\/antiquariatopitanti.it\\\/fr\\\/produit\\\/chaises-en-bois-de-bouleau-epoque-suedoise-900\\\/#breadcrumb\",\"itemListElement\":[{\"@type\":\"ListItem\",\"position\":1,\"name\":\"Home\",\"item\":\"https:\\\/\\\/antiquariatopitanti.it\\\/fr\\\/home\\\/\"},{\"@type\":\"ListItem\",\"position\":2,\"name\":\"Shop\",\"item\":\"https:\\\/\\\/antiquariatopitanti.it\\\/negozio\\\/\"},{\"@type\":\"ListItem\",\"position\":3,\"name\":\"Chaises su\u00e9doises en bois de bouleau des ann\u00e9es 1900\"}]},{\"@type\":\"WebSite\",\"@id\":\"https:\\\/\\\/antiquariatopitanti.it\\\/#website\",\"url\":\"https:\\\/\\\/antiquariatopitanti.it\\\/\",\"name\":\"Pitanti Chesterfield &amp; Vintage\",\"description\":\"\",\"publisher\":{\"@id\":\"https:\\\/\\\/antiquariatopitanti.it\\\/#organization\"},\"potentialAction\":[{\"@type\":\"SearchAction\",\"target\":{\"@type\":\"EntryPoint\",\"urlTemplate\":\"https:\\\/\\\/antiquariatopitanti.it\\\/?s={search_term_string}\"},\"query-input\":{\"@type\":\"PropertyValueSpecification\",\"valueRequired\":true,\"valueName\":\"search_term_string\"}}],\"inLanguage\":\"fr-FR\"},{\"@type\":\"Organization\",\"@id\":\"https:\\\/\\\/antiquariatopitanti.it\\\/#organization\",\"name\":\"Antiquariato Pitanti\",\"url\":\"https:\\\/\\\/antiquariatopitanti.it\\\/\",\"logo\":{\"@type\":\"ImageObject\",\"inLanguage\":\"fr-FR\",\"@id\":\"https:\\\/\\\/antiquariatopitanti.it\\\/#\\\/schema\\\/logo\\\/image\\\/\",\"url\":\"https:\\\/\\\/antiquariatopitanti.it\\\/wp-content\\\/uploads\\\/2022\\\/03\\\/logo-pitanti-new-2.png\",\"contentUrl\":\"https:\\\/\\\/antiquariatopitanti.it\\\/wp-content\\\/uploads\\\/2022\\\/03\\\/logo-pitanti-new-2.png\",\"width\":944,\"height\":798,\"caption\":\"Antiquariato Pitanti\"},\"image\":{\"@id\":\"https:\\\/\\\/antiquariatopitanti.it\\\/#\\\/schema\\\/logo\\\/image\\\/\"},\"sameAs\":[\"https:\\\/\\\/www.facebook.com\\\/mobili.pitanti.vintage\\\/\"]}]}<\/script>\n<!-- \/ Yoast SEO plugin. -->","yoast_head_json":{"title":"Chaises su\u00e9doises en bois de bouleau des ann\u00e9es 1900 - Pitanti Chesterfield &amp; Vintage","robots":{"index":"index","follow":"follow","max-snippet":"max-snippet:-1","max-image-preview":"max-image-preview:large","max-video-preview":"max-video-preview:-1"},"canonical":"https:\/\/antiquariatopitanti.it\/fr\/produit\/chaises-en-bois-de-bouleau-epoque-suedoise-900\/","og_locale":"fr_FR","og_type":"article","og_title":"Chaises su\u00e9doises en bois de bouleau des ann\u00e9es 1900 - Pitanti Chesterfield &amp; Vintage","og_description":"Ref.: D31 04 chaises en bouleau su\u00e9dois Origine : Su\u00e8de P\u00e9riode : D\u00e9but des ann\u00e9es 1900 Mat\u00e9riau : bois de bouleau clair Mesures: L. 46 cm x P. 41 cm x H 80 cm Etat conservatif : A restaurer","og_url":"https:\/\/antiquariatopitanti.it\/fr\/produit\/chaises-en-bois-de-bouleau-epoque-suedoise-900\/","og_site_name":"Pitanti Chesterfield &amp; Vintage","article_publisher":"https:\/\/www.facebook.com\/mobili.pitanti.vintage\/","article_modified_time":"2022-10-15T15:59:11+00:00","og_image":[{"width":1008,"height":1344,"url":"https:\/\/antiquariatopitanti.it\/wp-content\/uploads\/2022\/08\/D31-quattro-sedie-in-betulla-del-900-b.jpeg","type":"image\/jpeg"}],"twitter_card":"summary_large_image","schema":{"@context":"https:\/\/schema.org","@graph":[{"@type":"WebPage","@id":"https:\/\/antiquariatopitanti.it\/fr\/produit\/chaises-en-bois-de-bouleau-epoque-suedoise-900\/","url":"https:\/\/antiquariatopitanti.it\/fr\/produit\/chaises-en-bois-de-bouleau-epoque-suedoise-900\/","name":"Chaises su\u00e9doises en bois de bouleau des ann\u00e9es 1900 - Pitanti Chesterfield &amp; Vintage","isPartOf":{"@id":"https:\/\/antiquariatopitanti.it\/#website"},"primaryImageOfPage":{"@id":"https:\/\/antiquariatopitanti.it\/fr\/produit\/chaises-en-bois-de-bouleau-epoque-suedoise-900\/#primaryimage"},"image":{"@id":"https:\/\/antiquariatopitanti.it\/fr\/produit\/chaises-en-bois-de-bouleau-epoque-suedoise-900\/#primaryimage"},"thumbnailUrl":"https:\/\/antiquariatopitanti.it\/wp-content\/uploads\/2022\/08\/4-Sedie-betulla-scandinavi-900-a.jpeg","datePublished":"2022-08-30T16:18:35+00:00","dateModified":"2022-10-15T15:59:11+00:00","breadcrumb":{"@id":"https:\/\/antiquariatopitanti.it\/fr\/produit\/chaises-en-bois-de-bouleau-epoque-suedoise-900\/#breadcrumb"},"inLanguage":"fr-FR","potentialAction":[{"@type":"ReadAction","target":["https:\/\/antiquariatopitanti.it\/fr\/produit\/chaises-en-bois-de-bouleau-epoque-suedoise-900\/"]}]},{"@type":"ImageObject","inLanguage":"fr-FR","@id":"https:\/\/antiquariatopitanti.it\/fr\/produit\/chaises-en-bois-de-bouleau-epoque-suedoise-900\/#primaryimage","url":"https:\/\/antiquariatopitanti.it\/wp-content\/uploads\/2022\/08\/4-Sedie-betulla-scandinavi-900-a.jpeg","contentUrl":"https:\/\/antiquariatopitanti.it\/wp-content\/uploads\/2022\/08\/4-Sedie-betulla-scandinavi-900-a.jpeg","width":1008,"height":1344,"caption":"4 Sedie betulla Scandinavi\u00a0"},{"@type":"BreadcrumbList","@id":"https:\/\/antiquariatopitanti.it\/fr\/produit\/chaises-en-bois-de-bouleau-epoque-suedoise-900\/#breadcrumb","itemListElement":[{"@type":"ListItem","position":1,"name":"Home","item":"https:\/\/antiquariatopitanti.it\/fr\/home\/"},{"@type":"ListItem","position":2,"name":"Shop","item":"https:\/\/antiquariatopitanti.it\/negozio\/"},{"@type":"ListItem","position":3,"name":"Chaises su\u00e9doises en bois de bouleau des ann\u00e9es 1900"}]},{"@type":"WebSite","@id":"https:\/\/antiquariatopitanti.it\/#website","url":"https:\/\/antiquariatopitanti.it\/","name":"Pitanti Chesterfield &amp; Vintage","description":"","publisher":{"@id":"https:\/\/antiquariatopitanti.it\/#organization"},"potentialAction":[{"@type":"SearchAction","target":{"@type":"EntryPoint","urlTemplate":"https:\/\/antiquariatopitanti.it\/?s={search_term_string}"},"query-input":{"@type":"PropertyValueSpecification","valueRequired":true,"valueName":"search_term_string"}}],"inLanguage":"fr-FR"},{"@type":"Organization","@id":"https:\/\/antiquariatopitanti.it\/#organization","name":"Antiquariato Pitanti","url":"https:\/\/antiquariatopitanti.it\/","logo":{"@type":"ImageObject","inLanguage":"fr-FR","@id":"https:\/\/antiquariatopitanti.it\/#\/schema\/logo\/image\/","url":"https:\/\/antiquariatopitanti.it\/wp-content\/uploads\/2022\/03\/logo-pitanti-new-2.png","contentUrl":"https:\/\/antiquariatopitanti.it\/wp-content\/uploads\/2022\/03\/logo-pitanti-new-2.png","width":944,"height":798,"caption":"Antiquariato Pitanti"},"image":{"@id":"https:\/\/antiquariatopitanti.it\/#\/schema\/logo\/image\/"},"sameAs":["https:\/\/www.facebook.com\/mobili.pitanti.vintage\/"]}]}},"_links":{"self":[{"href":"https:\/\/antiquariatopitanti.it\/fr\/wp-json\/wp\/v2\/product\/4941","targetHints":{"allow":["GET"]}}],"collection":[{"href":"https:\/\/antiquariatopitanti.it\/fr\/wp-json\/wp\/v2\/product"}],"about":[{"href":"https:\/\/antiquariatopitanti.it\/fr\/wp-json\/wp\/v2\/types\/product"}],"wp:featuredmedia":[{"embeddable":true,"href":"https:\/\/antiquariatopitanti.it\/fr\/wp-json\/wp\/v2\/media\/8844"}],"wp:attachment":[{"href":"https:\/\/antiquariatopitanti.it\/fr\/wp-json\/wp\/v2\/media?parent=4941"}],"wp:term":[{"taxonomy":"product_brand","embeddable":true,"href":"https:\/\/antiquariatopitanti.it\/fr\/wp-json\/wp\/v2\/product_brand?post=4941"},{"taxonomy":"product_cat","embeddable":true,"href":"https:\/\/antiquariatopitanti.it\/fr\/wp-json\/wp\/v2\/product_cat?post=4941"},{"taxonomy":"product_tag","embeddable":true,"href":"https:\/\/antiquariatopitanti.it\/fr\/wp-json\/wp\/v2\/product_tag?post=4941"}],"curies":[{"name":"wp","href":"https:\/\/api.w.org\/{rel}","templated":true}]}}