{"id":4935,"date":"2022-08-27T09:46:27","date_gmt":"2022-08-30T13:45:12","guid":{"rendered":"https:\/\/antiquariatopitanti.it\/prodotto\/04-chaises-victoriennes-ballon-en-bois-dacajou\/"},"modified":"2022-10-15T17:58:21","modified_gmt":"2022-10-15T15:58:21","slug":"04-chaises-anglaises-en-acajou-bois-victorien","status":"publish","type":"product","link":"https:\/\/antiquariatopitanti.it\/fr\/prodotto\/04-chaises-anglaises-en-acajou-bois-victorien\/","title":{"rendered":"04 Chaises victoriennes \u00ab\u00a0Ballon\u00a0\u00bb en bois d&rsquo;acajou"},"content":{"rendered":"<p>Quatre chaises en bois d&rsquo;acajou aussi appel\u00e9es Ballon en raison de la forme du dossier sont anglaises de la seconde moiti\u00e9 du 19\u00e8me si\u00e8cle et appartiennent donc \u00e0 la p\u00e9riode victorienne anglaise qui va de 1837 \u00e0 1901. Les chaises sont en excellent \u00e9tat tant au niveau de menuiserie et tapisserie d&rsquo;ameublement, mais ils recommandent toujours le polissage et le rembourrage<\/p>\n","protected":false},"excerpt":{"rendered":"<p>Ref.: Gb102<br \/>\n<strong>04 Chaises victoriennes \u00ab\u00a0Ballon\u00a0\u00bb en bois d&rsquo;acajou<\/strong><br \/>\n<strong>Provenance<\/strong> : anglais<br \/>\n<strong>P\u00e9riode<\/strong> : Victorienne &lsquo;800<br \/>\n<strong>Mat\u00e9riau<\/strong> : bois d&rsquo;acajou et rev\u00eatement en velours<br \/>\n<strong>Mesures<\/strong>: L. 50 cm x P.48 cm x H. 89 cm Seduta H.46 cm<br \/>\n<strong>\u00c9tat conservatif<\/strong> : Excellent<\/p>\n","protected":false},"featured_media":8832,"template":"","meta":[],"product_brand":[],"product_cat":[585,608],"product_tag":[692,1156,693,694],"class_list":{"0":"post-4935","1":"product","2":"type-product","3":"status-publish","4":"has-post-thumbnail","6":"product_cat-antiquites","7":"product_cat-chaises","8":"product_tag-antiquites-anglaises-800","9":"product_tag-antiquites-victoriennes","10":"product_tag-antiquites-victoriennes-800","11":"product_tag-chaises-en-acajou-800","12":"entry","13":"has-media","15":"first","16":"outofstock","17":"sold-individually","18":"shipping-taxable","19":"purchasable","20":"product-type-simple"},"yoast_head":"<!-- This site is optimized with the Yoast SEO plugin v27.4 - https:\/\/yoast.com\/product\/yoast-seo-wordpress\/ -->\n<title>04 Chaises victoriennes &quot;Ballon&quot; en bois d&#039;acajou - Pitanti Chesterfield &amp; Vintage<\/title>\n<meta name=\"robots\" content=\"index, follow, max-snippet:-1, max-image-preview:large, max-video-preview:-1\" \/>\n<link rel=\"canonical\" href=\"https:\/\/antiquariatopitanti.it\/fr\/produit\/04-chaises-anglaises-en-acajou-bois-victorien\/\" \/>\n<meta property=\"og:locale\" content=\"fr_FR\" \/>\n<meta property=\"og:type\" content=\"article\" \/>\n<meta property=\"og:title\" content=\"04 Chaises victoriennes &quot;Ballon&quot; en bois d&#039;acajou - Pitanti Chesterfield &amp; Vintage\" \/>\n<meta property=\"og:description\" content=\"Ref.: Gb102 04 Chaises victoriennes &quot;Ballon&quot; en bois d&#039;acajou Provenance : anglais P\u00e9riode : Victorienne &#039;800 Mat\u00e9riau : bois d&#039;acajou et rev\u00eatement en velours Mesures: L. 50 cm x P.48 cm x H. 89 cm Seduta H.46 cm \u00c9tat conservatif : Excellent\" \/>\n<meta property=\"og:url\" content=\"https:\/\/antiquariatopitanti.it\/fr\/produit\/04-chaises-anglaises-en-acajou-bois-victorien\/\" \/>\n<meta property=\"og:site_name\" content=\"Pitanti Chesterfield &amp; Vintage\" \/>\n<meta property=\"article:publisher\" content=\"https:\/\/www.facebook.com\/mobili.pitanti.vintage\/\" \/>\n<meta property=\"article:modified_time\" content=\"2022-10-15T15:58:21+00:00\" \/>\n<meta property=\"og:image\" content=\"https:\/\/antiquariatopitanti.it\/wp-content\/uploads\/2022\/08\/Gb102-quattro-sedie-vittoriane-epoca-1868-balloon-a.jpeg\" \/>\n\t<meta property=\"og:image:width\" content=\"1008\" \/>\n\t<meta property=\"og:image:height\" content=\"1344\" \/>\n\t<meta property=\"og:image:type\" content=\"image\/jpeg\" \/>\n<meta name=\"twitter:card\" content=\"summary_large_image\" \/>\n<script type=\"application\/ld+json\" class=\"yoast-schema-graph\">{\"@context\":\"https:\\\/\\\/schema.org\",\"@graph\":[{\"@type\":\"WebPage\",\"@id\":\"https:\\\/\\\/antiquariatopitanti.it\\\/fr\\\/produit\\\/04-chaises-anglaises-en-acajou-bois-victorien\\\/\",\"url\":\"https:\\\/\\\/antiquariatopitanti.it\\\/fr\\\/produit\\\/04-chaises-anglaises-en-acajou-bois-victorien\\\/\",\"name\":\"04 Chaises victoriennes \\\"Ballon\\\" en bois d'acajou - Pitanti Chesterfield &amp; Vintage\",\"isPartOf\":{\"@id\":\"https:\\\/\\\/antiquariatopitanti.it\\\/#website\"},\"primaryImageOfPage\":{\"@id\":\"https:\\\/\\\/antiquariatopitanti.it\\\/fr\\\/produit\\\/04-chaises-anglaises-en-acajou-bois-victorien\\\/#primaryimage\"},\"image\":{\"@id\":\"https:\\\/\\\/antiquariatopitanti.it\\\/fr\\\/produit\\\/04-chaises-anglaises-en-acajou-bois-victorien\\\/#primaryimage\"},\"thumbnailUrl\":\"https:\\\/\\\/antiquariatopitanti.it\\\/wp-content\\\/uploads\\\/2022\\\/08\\\/4-Sedie-Vittoriane-Balloon-epoca-1860-a.jpeg\",\"datePublished\":\"2022-08-30T13:45:12+00:00\",\"dateModified\":\"2022-10-15T15:58:21+00:00\",\"breadcrumb\":{\"@id\":\"https:\\\/\\\/antiquariatopitanti.it\\\/fr\\\/produit\\\/04-chaises-anglaises-en-acajou-bois-victorien\\\/#breadcrumb\"},\"inLanguage\":\"fr-FR\",\"potentialAction\":[{\"@type\":\"ReadAction\",\"target\":[\"https:\\\/\\\/antiquariatopitanti.it\\\/fr\\\/produit\\\/04-chaises-anglaises-en-acajou-bois-victorien\\\/\"]}]},{\"@type\":\"ImageObject\",\"inLanguage\":\"fr-FR\",\"@id\":\"https:\\\/\\\/antiquariatopitanti.it\\\/fr\\\/produit\\\/04-chaises-anglaises-en-acajou-bois-victorien\\\/#primaryimage\",\"url\":\"https:\\\/\\\/antiquariatopitanti.it\\\/wp-content\\\/uploads\\\/2022\\\/08\\\/4-Sedie-Vittoriane-Balloon-epoca-1860-a.jpeg\",\"contentUrl\":\"https:\\\/\\\/antiquariatopitanti.it\\\/wp-content\\\/uploads\\\/2022\\\/08\\\/4-Sedie-Vittoriane-Balloon-epoca-1860-a.jpeg\",\"width\":1008,\"height\":1344,\"caption\":\"4 Sedie Vittoriane Balloon\"},{\"@type\":\"BreadcrumbList\",\"@id\":\"https:\\\/\\\/antiquariatopitanti.it\\\/fr\\\/produit\\\/04-chaises-anglaises-en-acajou-bois-victorien\\\/#breadcrumb\",\"itemListElement\":[{\"@type\":\"ListItem\",\"position\":1,\"name\":\"Home\",\"item\":\"https:\\\/\\\/antiquariatopitanti.it\\\/fr\\\/home\\\/\"},{\"@type\":\"ListItem\",\"position\":2,\"name\":\"Shop\",\"item\":\"https:\\\/\\\/antiquariatopitanti.it\\\/negozio\\\/\"},{\"@type\":\"ListItem\",\"position\":3,\"name\":\"04 Chaises victoriennes &#8220;Ballon&#8221; en bois d&#8217;acajou\"}]},{\"@type\":\"WebSite\",\"@id\":\"https:\\\/\\\/antiquariatopitanti.it\\\/#website\",\"url\":\"https:\\\/\\\/antiquariatopitanti.it\\\/\",\"name\":\"Pitanti Chesterfield &amp; Vintage\",\"description\":\"\",\"publisher\":{\"@id\":\"https:\\\/\\\/antiquariatopitanti.it\\\/#organization\"},\"potentialAction\":[{\"@type\":\"SearchAction\",\"target\":{\"@type\":\"EntryPoint\",\"urlTemplate\":\"https:\\\/\\\/antiquariatopitanti.it\\\/?s={search_term_string}\"},\"query-input\":{\"@type\":\"PropertyValueSpecification\",\"valueRequired\":true,\"valueName\":\"search_term_string\"}}],\"inLanguage\":\"fr-FR\"},{\"@type\":\"Organization\",\"@id\":\"https:\\\/\\\/antiquariatopitanti.it\\\/#organization\",\"name\":\"Antiquariato Pitanti\",\"url\":\"https:\\\/\\\/antiquariatopitanti.it\\\/\",\"logo\":{\"@type\":\"ImageObject\",\"inLanguage\":\"fr-FR\",\"@id\":\"https:\\\/\\\/antiquariatopitanti.it\\\/#\\\/schema\\\/logo\\\/image\\\/\",\"url\":\"https:\\\/\\\/antiquariatopitanti.it\\\/wp-content\\\/uploads\\\/2022\\\/03\\\/logo-pitanti-new-2.png\",\"contentUrl\":\"https:\\\/\\\/antiquariatopitanti.it\\\/wp-content\\\/uploads\\\/2022\\\/03\\\/logo-pitanti-new-2.png\",\"width\":944,\"height\":798,\"caption\":\"Antiquariato Pitanti\"},\"image\":{\"@id\":\"https:\\\/\\\/antiquariatopitanti.it\\\/#\\\/schema\\\/logo\\\/image\\\/\"},\"sameAs\":[\"https:\\\/\\\/www.facebook.com\\\/mobili.pitanti.vintage\\\/\"]}]}<\/script>\n<!-- \/ Yoast SEO plugin. -->","yoast_head_json":{"title":"04 Chaises victoriennes \"Ballon\" en bois d'acajou - Pitanti Chesterfield &amp; Vintage","robots":{"index":"index","follow":"follow","max-snippet":"max-snippet:-1","max-image-preview":"max-image-preview:large","max-video-preview":"max-video-preview:-1"},"canonical":"https:\/\/antiquariatopitanti.it\/fr\/produit\/04-chaises-anglaises-en-acajou-bois-victorien\/","og_locale":"fr_FR","og_type":"article","og_title":"04 Chaises victoriennes \"Ballon\" en bois d'acajou - Pitanti Chesterfield &amp; Vintage","og_description":"Ref.: Gb102 04 Chaises victoriennes \"Ballon\" en bois d'acajou Provenance : anglais P\u00e9riode : Victorienne '800 Mat\u00e9riau : bois d'acajou et rev\u00eatement en velours Mesures: L. 50 cm x P.48 cm x H. 89 cm Seduta H.46 cm \u00c9tat conservatif : Excellent","og_url":"https:\/\/antiquariatopitanti.it\/fr\/produit\/04-chaises-anglaises-en-acajou-bois-victorien\/","og_site_name":"Pitanti Chesterfield &amp; Vintage","article_publisher":"https:\/\/www.facebook.com\/mobili.pitanti.vintage\/","article_modified_time":"2022-10-15T15:58:21+00:00","og_image":[{"width":1008,"height":1344,"url":"https:\/\/antiquariatopitanti.it\/wp-content\/uploads\/2022\/08\/Gb102-quattro-sedie-vittoriane-epoca-1868-balloon-a.jpeg","type":"image\/jpeg"}],"twitter_card":"summary_large_image","schema":{"@context":"https:\/\/schema.org","@graph":[{"@type":"WebPage","@id":"https:\/\/antiquariatopitanti.it\/fr\/produit\/04-chaises-anglaises-en-acajou-bois-victorien\/","url":"https:\/\/antiquariatopitanti.it\/fr\/produit\/04-chaises-anglaises-en-acajou-bois-victorien\/","name":"04 Chaises victoriennes \"Ballon\" en bois d'acajou - Pitanti Chesterfield &amp; Vintage","isPartOf":{"@id":"https:\/\/antiquariatopitanti.it\/#website"},"primaryImageOfPage":{"@id":"https:\/\/antiquariatopitanti.it\/fr\/produit\/04-chaises-anglaises-en-acajou-bois-victorien\/#primaryimage"},"image":{"@id":"https:\/\/antiquariatopitanti.it\/fr\/produit\/04-chaises-anglaises-en-acajou-bois-victorien\/#primaryimage"},"thumbnailUrl":"https:\/\/antiquariatopitanti.it\/wp-content\/uploads\/2022\/08\/4-Sedie-Vittoriane-Balloon-epoca-1860-a.jpeg","datePublished":"2022-08-30T13:45:12+00:00","dateModified":"2022-10-15T15:58:21+00:00","breadcrumb":{"@id":"https:\/\/antiquariatopitanti.it\/fr\/produit\/04-chaises-anglaises-en-acajou-bois-victorien\/#breadcrumb"},"inLanguage":"fr-FR","potentialAction":[{"@type":"ReadAction","target":["https:\/\/antiquariatopitanti.it\/fr\/produit\/04-chaises-anglaises-en-acajou-bois-victorien\/"]}]},{"@type":"ImageObject","inLanguage":"fr-FR","@id":"https:\/\/antiquariatopitanti.it\/fr\/produit\/04-chaises-anglaises-en-acajou-bois-victorien\/#primaryimage","url":"https:\/\/antiquariatopitanti.it\/wp-content\/uploads\/2022\/08\/4-Sedie-Vittoriane-Balloon-epoca-1860-a.jpeg","contentUrl":"https:\/\/antiquariatopitanti.it\/wp-content\/uploads\/2022\/08\/4-Sedie-Vittoriane-Balloon-epoca-1860-a.jpeg","width":1008,"height":1344,"caption":"4 Sedie Vittoriane Balloon"},{"@type":"BreadcrumbList","@id":"https:\/\/antiquariatopitanti.it\/fr\/produit\/04-chaises-anglaises-en-acajou-bois-victorien\/#breadcrumb","itemListElement":[{"@type":"ListItem","position":1,"name":"Home","item":"https:\/\/antiquariatopitanti.it\/fr\/home\/"},{"@type":"ListItem","position":2,"name":"Shop","item":"https:\/\/antiquariatopitanti.it\/negozio\/"},{"@type":"ListItem","position":3,"name":"04 Chaises victoriennes &#8220;Ballon&#8221; en bois d&#8217;acajou"}]},{"@type":"WebSite","@id":"https:\/\/antiquariatopitanti.it\/#website","url":"https:\/\/antiquariatopitanti.it\/","name":"Pitanti Chesterfield &amp; Vintage","description":"","publisher":{"@id":"https:\/\/antiquariatopitanti.it\/#organization"},"potentialAction":[{"@type":"SearchAction","target":{"@type":"EntryPoint","urlTemplate":"https:\/\/antiquariatopitanti.it\/?s={search_term_string}"},"query-input":{"@type":"PropertyValueSpecification","valueRequired":true,"valueName":"search_term_string"}}],"inLanguage":"fr-FR"},{"@type":"Organization","@id":"https:\/\/antiquariatopitanti.it\/#organization","name":"Antiquariato Pitanti","url":"https:\/\/antiquariatopitanti.it\/","logo":{"@type":"ImageObject","inLanguage":"fr-FR","@id":"https:\/\/antiquariatopitanti.it\/#\/schema\/logo\/image\/","url":"https:\/\/antiquariatopitanti.it\/wp-content\/uploads\/2022\/03\/logo-pitanti-new-2.png","contentUrl":"https:\/\/antiquariatopitanti.it\/wp-content\/uploads\/2022\/03\/logo-pitanti-new-2.png","width":944,"height":798,"caption":"Antiquariato Pitanti"},"image":{"@id":"https:\/\/antiquariatopitanti.it\/#\/schema\/logo\/image\/"},"sameAs":["https:\/\/www.facebook.com\/mobili.pitanti.vintage\/"]}]}},"_links":{"self":[{"href":"https:\/\/antiquariatopitanti.it\/fr\/wp-json\/wp\/v2\/product\/4935","targetHints":{"allow":["GET"]}}],"collection":[{"href":"https:\/\/antiquariatopitanti.it\/fr\/wp-json\/wp\/v2\/product"}],"about":[{"href":"https:\/\/antiquariatopitanti.it\/fr\/wp-json\/wp\/v2\/types\/product"}],"wp:featuredmedia":[{"embeddable":true,"href":"https:\/\/antiquariatopitanti.it\/fr\/wp-json\/wp\/v2\/media\/8832"}],"wp:attachment":[{"href":"https:\/\/antiquariatopitanti.it\/fr\/wp-json\/wp\/v2\/media?parent=4935"}],"wp:term":[{"taxonomy":"product_brand","embeddable":true,"href":"https:\/\/antiquariatopitanti.it\/fr\/wp-json\/wp\/v2\/product_brand?post=4935"},{"taxonomy":"product_cat","embeddable":true,"href":"https:\/\/antiquariatopitanti.it\/fr\/wp-json\/wp\/v2\/product_cat?post=4935"},{"taxonomy":"product_tag","embeddable":true,"href":"https:\/\/antiquariatopitanti.it\/fr\/wp-json\/wp\/v2\/product_tag?post=4935"}],"curies":[{"name":"wp","href":"https:\/\/api.w.org\/{rel}","templated":true}]}}