{"id":4933,"date":"2022-08-27T10:57:31","date_gmt":"2022-08-30T13:17:56","guid":{"rendered":"https:\/\/antiquariatopitanti.it\/prodotto\/paire-de-fauteuils-danois-en-bois-dacajou-du-19eme-siecle\/"},"modified":"2022-09-05T18:15:27","modified_gmt":"2022-09-05T16:15:27","slug":"paire-de-fauteuils-danois-en-bois-dacajou-epoque-800","status":"publish","type":"product","link":"https:\/\/antiquariatopitanti.it\/fr\/prodotto\/paire-de-fauteuils-danois-en-bois-dacajou-epoque-800\/","title":{"rendered":"Paire de Fauteuils Danois en Bois d&rsquo;Acajou du 19\u00e8me si\u00e8cle"},"content":{"rendered":"<p>Paire de fauteuils danois en bois d&rsquo;acajou en excellent \u00e9tat du 19\u00e8me si\u00e8cle, \u00e0 restaurer et tapisser. Meubles anciens danois<\/p>\n<p>&nbsp;<\/p>\n","protected":false},"excerpt":{"rendered":"<p>Ref. Dk11<br \/>\n<strong>Paire de fauteuils danois en acajou<\/strong><br \/>\n<strong>Origine<\/strong> : Danemark<br \/>\n<strong>\u00c9poque<\/strong>: 1870\/1880 circa<br \/>\n<strong>Mat\u00e9riau<\/strong> : bois d&rsquo;acajou<br \/>\n<strong>Mesures<\/strong>: L. 73 cm x P 57 cm x H 107cm<br \/>\n<strong>\u00c9tat conservatif<\/strong> : \u00e0 restaurer<\/p>\n<p>&nbsp;<\/p>\n<p>&nbsp;<\/p>\n<p>&nbsp;<\/p>\n","protected":false},"featured_media":9780,"template":"","meta":[],"product_brand":[],"product_cat":[585,603],"product_tag":[683,2088,1189,2406,2108],"class_list":{"0":"post-4933","1":"product","2":"type-product","3":"status-publish","4":"has-post-thumbnail","6":"product_cat-antiquites","7":"product_cat-fauteuils","8":"product_tag-antiquites-danoises-800","9":"product_tag-antiquites-scandinaves-fr","10":"product_tag-meubles-anciens-danois","11":"product_tag-paire-de-fauteuils-danois-du-xixe-siecle","12":"product_tag-pays-scandinaves-fr","13":"entry","14":"has-media","16":"first","17":"instock","18":"sold-individually","19":"shipping-taxable","20":"product-type-simple"},"yoast_head":"<!-- This site is optimized with the Yoast SEO plugin v27.4 - https:\/\/yoast.com\/product\/yoast-seo-wordpress\/ -->\n<title>Paire de Fauteuils Danois en Bois d&#039;Acajou du 19\u00e8me si\u00e8cle - Pitanti Chesterfield &amp; Vintage<\/title>\n<meta name=\"robots\" content=\"index, follow, max-snippet:-1, max-image-preview:large, max-video-preview:-1\" \/>\n<link rel=\"canonical\" href=\"https:\/\/antiquariatopitanti.it\/fr\/produit\/paire-de-fauteuils-danois-en-bois-dacajou-epoque-800\/\" \/>\n<meta property=\"og:locale\" content=\"fr_FR\" \/>\n<meta property=\"og:type\" content=\"article\" \/>\n<meta property=\"og:title\" content=\"Paire de Fauteuils Danois en Bois d&#039;Acajou du 19\u00e8me si\u00e8cle - Pitanti Chesterfield &amp; Vintage\" \/>\n<meta property=\"og:description\" content=\"Ref. Dk11 Paire de fauteuils danois en acajou Origine : Danemark \u00c9poque: 1870\/1880 circa Mat\u00e9riau : bois d&#039;acajou Mesures: L. 73 cm x P 57 cm x H 107cm \u00c9tat conservatif : \u00e0 restaurer &nbsp; &nbsp; &nbsp;\" \/>\n<meta property=\"og:url\" content=\"https:\/\/antiquariatopitanti.it\/fr\/produit\/paire-de-fauteuils-danois-en-bois-dacajou-epoque-800\/\" \/>\n<meta property=\"og:site_name\" content=\"Pitanti Chesterfield &amp; Vintage\" \/>\n<meta property=\"article:publisher\" content=\"https:\/\/www.facebook.com\/mobili.pitanti.vintage\/\" \/>\n<meta property=\"article:modified_time\" content=\"2022-09-05T16:15:27+00:00\" \/>\n<meta property=\"og:image\" content=\"https:\/\/antiquariatopitanti.it\/wp-content\/uploads\/2022\/08\/Dk11-coppia-poltrone-danesi-in-mogano-800-1.jpeg\" \/>\n\t<meta property=\"og:image:width\" content=\"1008\" \/>\n\t<meta property=\"og:image:height\" content=\"1344\" \/>\n\t<meta property=\"og:image:type\" content=\"image\/jpeg\" \/>\n<meta name=\"twitter:card\" content=\"summary_large_image\" \/>\n<script type=\"application\/ld+json\" class=\"yoast-schema-graph\">{\"@context\":\"https:\\\/\\\/schema.org\",\"@graph\":[{\"@type\":\"WebPage\",\"@id\":\"https:\\\/\\\/antiquariatopitanti.it\\\/fr\\\/produit\\\/paire-de-fauteuils-danois-en-bois-dacajou-epoque-800\\\/\",\"url\":\"https:\\\/\\\/antiquariatopitanti.it\\\/fr\\\/produit\\\/paire-de-fauteuils-danois-en-bois-dacajou-epoque-800\\\/\",\"name\":\"Paire de Fauteuils Danois en Bois d'Acajou du 19\u00e8me si\u00e8cle - Pitanti Chesterfield &amp; Vintage\",\"isPartOf\":{\"@id\":\"https:\\\/\\\/antiquariatopitanti.it\\\/#website\"},\"primaryImageOfPage\":{\"@id\":\"https:\\\/\\\/antiquariatopitanti.it\\\/fr\\\/produit\\\/paire-de-fauteuils-danois-en-bois-dacajou-epoque-800\\\/#primaryimage\"},\"image\":{\"@id\":\"https:\\\/\\\/antiquariatopitanti.it\\\/fr\\\/produit\\\/paire-de-fauteuils-danois-en-bois-dacajou-epoque-800\\\/#primaryimage\"},\"thumbnailUrl\":\"https:\\\/\\\/antiquariatopitanti.it\\\/wp-content\\\/uploads\\\/2022\\\/08\\\/Coppia-Poltrone-Danesi-800-mogano-1.jpeg\",\"datePublished\":\"2022-08-30T13:17:56+00:00\",\"dateModified\":\"2022-09-05T16:15:27+00:00\",\"breadcrumb\":{\"@id\":\"https:\\\/\\\/antiquariatopitanti.it\\\/fr\\\/produit\\\/paire-de-fauteuils-danois-en-bois-dacajou-epoque-800\\\/#breadcrumb\"},\"inLanguage\":\"fr-FR\",\"potentialAction\":[{\"@type\":\"ReadAction\",\"target\":[\"https:\\\/\\\/antiquariatopitanti.it\\\/fr\\\/produit\\\/paire-de-fauteuils-danois-en-bois-dacajou-epoque-800\\\/\"]}]},{\"@type\":\"ImageObject\",\"inLanguage\":\"fr-FR\",\"@id\":\"https:\\\/\\\/antiquariatopitanti.it\\\/fr\\\/produit\\\/paire-de-fauteuils-danois-en-bois-dacajou-epoque-800\\\/#primaryimage\",\"url\":\"https:\\\/\\\/antiquariatopitanti.it\\\/wp-content\\\/uploads\\\/2022\\\/08\\\/Coppia-Poltrone-Danesi-800-mogano-1.jpeg\",\"contentUrl\":\"https:\\\/\\\/antiquariatopitanti.it\\\/wp-content\\\/uploads\\\/2022\\\/08\\\/Coppia-Poltrone-Danesi-800-mogano-1.jpeg\",\"width\":1008,\"height\":1344,\"caption\":\"Coppia Poltrone Danesi 800\"},{\"@type\":\"BreadcrumbList\",\"@id\":\"https:\\\/\\\/antiquariatopitanti.it\\\/fr\\\/produit\\\/paire-de-fauteuils-danois-en-bois-dacajou-epoque-800\\\/#breadcrumb\",\"itemListElement\":[{\"@type\":\"ListItem\",\"position\":1,\"name\":\"Home\",\"item\":\"https:\\\/\\\/antiquariatopitanti.it\\\/fr\\\/home\\\/\"},{\"@type\":\"ListItem\",\"position\":2,\"name\":\"Shop\",\"item\":\"https:\\\/\\\/antiquariatopitanti.it\\\/negozio\\\/\"},{\"@type\":\"ListItem\",\"position\":3,\"name\":\"Paire de Fauteuils Danois en Bois d&#8217;Acajou du 19\u00e8me si\u00e8cle\"}]},{\"@type\":\"WebSite\",\"@id\":\"https:\\\/\\\/antiquariatopitanti.it\\\/#website\",\"url\":\"https:\\\/\\\/antiquariatopitanti.it\\\/\",\"name\":\"Pitanti Chesterfield &amp; Vintage\",\"description\":\"\",\"publisher\":{\"@id\":\"https:\\\/\\\/antiquariatopitanti.it\\\/#organization\"},\"potentialAction\":[{\"@type\":\"SearchAction\",\"target\":{\"@type\":\"EntryPoint\",\"urlTemplate\":\"https:\\\/\\\/antiquariatopitanti.it\\\/?s={search_term_string}\"},\"query-input\":{\"@type\":\"PropertyValueSpecification\",\"valueRequired\":true,\"valueName\":\"search_term_string\"}}],\"inLanguage\":\"fr-FR\"},{\"@type\":\"Organization\",\"@id\":\"https:\\\/\\\/antiquariatopitanti.it\\\/#organization\",\"name\":\"Antiquariato Pitanti\",\"url\":\"https:\\\/\\\/antiquariatopitanti.it\\\/\",\"logo\":{\"@type\":\"ImageObject\",\"inLanguage\":\"fr-FR\",\"@id\":\"https:\\\/\\\/antiquariatopitanti.it\\\/#\\\/schema\\\/logo\\\/image\\\/\",\"url\":\"https:\\\/\\\/antiquariatopitanti.it\\\/wp-content\\\/uploads\\\/2022\\\/03\\\/logo-pitanti-new-2.png\",\"contentUrl\":\"https:\\\/\\\/antiquariatopitanti.it\\\/wp-content\\\/uploads\\\/2022\\\/03\\\/logo-pitanti-new-2.png\",\"width\":944,\"height\":798,\"caption\":\"Antiquariato Pitanti\"},\"image\":{\"@id\":\"https:\\\/\\\/antiquariatopitanti.it\\\/#\\\/schema\\\/logo\\\/image\\\/\"},\"sameAs\":[\"https:\\\/\\\/www.facebook.com\\\/mobili.pitanti.vintage\\\/\"]}]}<\/script>\n<!-- \/ Yoast SEO plugin. -->","yoast_head_json":{"title":"Paire de Fauteuils Danois en Bois d'Acajou du 19\u00e8me si\u00e8cle - Pitanti Chesterfield &amp; Vintage","robots":{"index":"index","follow":"follow","max-snippet":"max-snippet:-1","max-image-preview":"max-image-preview:large","max-video-preview":"max-video-preview:-1"},"canonical":"https:\/\/antiquariatopitanti.it\/fr\/produit\/paire-de-fauteuils-danois-en-bois-dacajou-epoque-800\/","og_locale":"fr_FR","og_type":"article","og_title":"Paire de Fauteuils Danois en Bois d'Acajou du 19\u00e8me si\u00e8cle - Pitanti Chesterfield &amp; Vintage","og_description":"Ref. Dk11 Paire de fauteuils danois en acajou Origine : Danemark \u00c9poque: 1870\/1880 circa Mat\u00e9riau : bois d'acajou Mesures: L. 73 cm x P 57 cm x H 107cm \u00c9tat conservatif : \u00e0 restaurer &nbsp; &nbsp; &nbsp;","og_url":"https:\/\/antiquariatopitanti.it\/fr\/produit\/paire-de-fauteuils-danois-en-bois-dacajou-epoque-800\/","og_site_name":"Pitanti Chesterfield &amp; Vintage","article_publisher":"https:\/\/www.facebook.com\/mobili.pitanti.vintage\/","article_modified_time":"2022-09-05T16:15:27+00:00","og_image":[{"width":1008,"height":1344,"url":"https:\/\/antiquariatopitanti.it\/wp-content\/uploads\/2022\/08\/Dk11-coppia-poltrone-danesi-in-mogano-800-1.jpeg","type":"image\/jpeg"}],"twitter_card":"summary_large_image","schema":{"@context":"https:\/\/schema.org","@graph":[{"@type":"WebPage","@id":"https:\/\/antiquariatopitanti.it\/fr\/produit\/paire-de-fauteuils-danois-en-bois-dacajou-epoque-800\/","url":"https:\/\/antiquariatopitanti.it\/fr\/produit\/paire-de-fauteuils-danois-en-bois-dacajou-epoque-800\/","name":"Paire de Fauteuils Danois en Bois d'Acajou du 19\u00e8me si\u00e8cle - Pitanti Chesterfield &amp; Vintage","isPartOf":{"@id":"https:\/\/antiquariatopitanti.it\/#website"},"primaryImageOfPage":{"@id":"https:\/\/antiquariatopitanti.it\/fr\/produit\/paire-de-fauteuils-danois-en-bois-dacajou-epoque-800\/#primaryimage"},"image":{"@id":"https:\/\/antiquariatopitanti.it\/fr\/produit\/paire-de-fauteuils-danois-en-bois-dacajou-epoque-800\/#primaryimage"},"thumbnailUrl":"https:\/\/antiquariatopitanti.it\/wp-content\/uploads\/2022\/08\/Coppia-Poltrone-Danesi-800-mogano-1.jpeg","datePublished":"2022-08-30T13:17:56+00:00","dateModified":"2022-09-05T16:15:27+00:00","breadcrumb":{"@id":"https:\/\/antiquariatopitanti.it\/fr\/produit\/paire-de-fauteuils-danois-en-bois-dacajou-epoque-800\/#breadcrumb"},"inLanguage":"fr-FR","potentialAction":[{"@type":"ReadAction","target":["https:\/\/antiquariatopitanti.it\/fr\/produit\/paire-de-fauteuils-danois-en-bois-dacajou-epoque-800\/"]}]},{"@type":"ImageObject","inLanguage":"fr-FR","@id":"https:\/\/antiquariatopitanti.it\/fr\/produit\/paire-de-fauteuils-danois-en-bois-dacajou-epoque-800\/#primaryimage","url":"https:\/\/antiquariatopitanti.it\/wp-content\/uploads\/2022\/08\/Coppia-Poltrone-Danesi-800-mogano-1.jpeg","contentUrl":"https:\/\/antiquariatopitanti.it\/wp-content\/uploads\/2022\/08\/Coppia-Poltrone-Danesi-800-mogano-1.jpeg","width":1008,"height":1344,"caption":"Coppia Poltrone Danesi 800"},{"@type":"BreadcrumbList","@id":"https:\/\/antiquariatopitanti.it\/fr\/produit\/paire-de-fauteuils-danois-en-bois-dacajou-epoque-800\/#breadcrumb","itemListElement":[{"@type":"ListItem","position":1,"name":"Home","item":"https:\/\/antiquariatopitanti.it\/fr\/home\/"},{"@type":"ListItem","position":2,"name":"Shop","item":"https:\/\/antiquariatopitanti.it\/negozio\/"},{"@type":"ListItem","position":3,"name":"Paire de Fauteuils Danois en Bois d&#8217;Acajou du 19\u00e8me si\u00e8cle"}]},{"@type":"WebSite","@id":"https:\/\/antiquariatopitanti.it\/#website","url":"https:\/\/antiquariatopitanti.it\/","name":"Pitanti Chesterfield &amp; Vintage","description":"","publisher":{"@id":"https:\/\/antiquariatopitanti.it\/#organization"},"potentialAction":[{"@type":"SearchAction","target":{"@type":"EntryPoint","urlTemplate":"https:\/\/antiquariatopitanti.it\/?s={search_term_string}"},"query-input":{"@type":"PropertyValueSpecification","valueRequired":true,"valueName":"search_term_string"}}],"inLanguage":"fr-FR"},{"@type":"Organization","@id":"https:\/\/antiquariatopitanti.it\/#organization","name":"Antiquariato Pitanti","url":"https:\/\/antiquariatopitanti.it\/","logo":{"@type":"ImageObject","inLanguage":"fr-FR","@id":"https:\/\/antiquariatopitanti.it\/#\/schema\/logo\/image\/","url":"https:\/\/antiquariatopitanti.it\/wp-content\/uploads\/2022\/03\/logo-pitanti-new-2.png","contentUrl":"https:\/\/antiquariatopitanti.it\/wp-content\/uploads\/2022\/03\/logo-pitanti-new-2.png","width":944,"height":798,"caption":"Antiquariato Pitanti"},"image":{"@id":"https:\/\/antiquariatopitanti.it\/#\/schema\/logo\/image\/"},"sameAs":["https:\/\/www.facebook.com\/mobili.pitanti.vintage\/"]}]}},"_links":{"self":[{"href":"https:\/\/antiquariatopitanti.it\/fr\/wp-json\/wp\/v2\/product\/4933","targetHints":{"allow":["GET"]}}],"collection":[{"href":"https:\/\/antiquariatopitanti.it\/fr\/wp-json\/wp\/v2\/product"}],"about":[{"href":"https:\/\/antiquariatopitanti.it\/fr\/wp-json\/wp\/v2\/types\/product"}],"wp:featuredmedia":[{"embeddable":true,"href":"https:\/\/antiquariatopitanti.it\/fr\/wp-json\/wp\/v2\/media\/9780"}],"wp:attachment":[{"href":"https:\/\/antiquariatopitanti.it\/fr\/wp-json\/wp\/v2\/media?parent=4933"}],"wp:term":[{"taxonomy":"product_brand","embeddable":true,"href":"https:\/\/antiquariatopitanti.it\/fr\/wp-json\/wp\/v2\/product_brand?post=4933"},{"taxonomy":"product_cat","embeddable":true,"href":"https:\/\/antiquariatopitanti.it\/fr\/wp-json\/wp\/v2\/product_cat?post=4933"},{"taxonomy":"product_tag","embeddable":true,"href":"https:\/\/antiquariatopitanti.it\/fr\/wp-json\/wp\/v2\/product_tag?post=4933"}],"curies":[{"name":"wp","href":"https:\/\/api.w.org\/{rel}","templated":true}]}}