{"id":10078,"date":"2023-02-07T11:56:05","date_gmt":"2023-02-07T11:09:47","guid":{"rendered":"https:\/\/antiquariatopitanti.it\/prodotto\/canape-francais-du-debut-des-annees-1900\/"},"modified":"2023-02-07T12:09:47","modified_gmt":"2023-02-07T11:09:47","slug":"canape-francais-debut-900","status":"publish","type":"product","link":"https:\/\/antiquariatopitanti.it\/fr\/prodotto\/canape-francais-debut-900\/","title":{"rendered":"Canap\u00e9 fran\u00e7ais du d\u00e9but des ann\u00e9es 1900"},"content":{"rendered":"<p>Canap\u00e9 fran\u00e7ais du d\u00e9but des ann\u00e9es 1900 au design \u00e9l\u00e9gant et \u00e0 la finition capitonn\u00e9e.<\/p>\n<p>Le canap\u00e9 peut \u00eatre divis\u00e9 en deux parties afin qu&rsquo;il puisse \u00e9galement \u00eatre utilis\u00e9 dans diff\u00e9rentes positions dans un environnement.<\/p>\n<p>Etat conservatif: A restaurer et tapisser<\/p>\n","protected":false},"excerpt":{"rendered":"<p>Ref.: Mod57<br \/>\n<strong>Canap\u00e9 fran\u00e7ais du d\u00e9but des ann\u00e9es 1900<\/strong><br \/>\n<strong>Origine<\/strong> : France<br \/>\n<strong>P\u00e9riode<\/strong> : &lsquo;900<br \/>\n<strong>Mat\u00e9riau<\/strong> : bois et tissu<br \/>\n<strong>Mesures<\/strong>: L.205 cm x P. 80 cm x H. 82 cm , solo uno L.125 cm<br \/>\n<strong>\u00c9tat conservatif<\/strong> : \u00e0 restaurer<\/p>\n","protected":false},"featured_media":10046,"template":"","meta":[],"product_brand":[],"product_cat":[585,597],"product_tag":[823,2459,2461],"class_list":{"0":"post-10078","1":"product","2":"type-product","3":"status-publish","4":"has-post-thumbnail","6":"product_cat-antiquites","7":"product_cat-canapes","8":"product_tag-antiquites-francaises-900-fr","9":"product_tag-canape-francais-900","10":"product_tag-capitonne-francais-900","11":"entry","12":"has-media","14":"first","15":"instock","16":"sale","17":"sold-individually","18":"shipping-taxable","19":"purchasable","20":"product-type-simple"},"yoast_head":"<!-- This site is optimized with the Yoast SEO plugin v27.4 - https:\/\/yoast.com\/product\/yoast-seo-wordpress\/ -->\n<title>Canap\u00e9 fran\u00e7ais du d\u00e9but des ann\u00e9es 1900 - Pitanti Chesterfield &amp; Vintage<\/title>\n<meta name=\"description\" content=\"Canap\u00e9 fran\u00e7ais du d\u00e9but des ann\u00e9es 1900 au design \u00e9l\u00e9gant et \u00e0 la finition capitonn\u00e9e. Le canap\u00e9 peut \u00eatre divis\u00e9 en deux parties. 250\/80\/82 cm. Antiquit\u00e9s fran\u00e7aises 900\" \/>\n<meta name=\"robots\" content=\"index, follow, max-snippet:-1, max-image-preview:large, max-video-preview:-1\" \/>\n<link rel=\"canonical\" href=\"https:\/\/antiquariatopitanti.it\/fr\/produit\/canape-francais-du-debut-des-annees-1900\/\" \/>\n<meta property=\"og:locale\" content=\"fr_FR\" \/>\n<meta property=\"og:type\" content=\"article\" \/>\n<meta property=\"og:title\" content=\"Canap\u00e9 fran\u00e7ais du d\u00e9but des ann\u00e9es 1900 - Pitanti Chesterfield &amp; Vintage\" \/>\n<meta property=\"og:description\" content=\"Canap\u00e9 fran\u00e7ais du d\u00e9but des ann\u00e9es 1900 au design \u00e9l\u00e9gant et \u00e0 la finition capitonn\u00e9e. Le canap\u00e9 peut \u00eatre divis\u00e9 en deux parties. 250\/80\/82 cm. Antiquit\u00e9s fran\u00e7aises 900\" \/>\n<meta property=\"og:url\" content=\"https:\/\/antiquariatopitanti.it\/fr\/produit\/canape-francais-du-debut-des-annees-1900\/\" \/>\n<meta property=\"og:site_name\" content=\"Pitanti Chesterfield &amp; Vintage\" \/>\n<meta property=\"article:publisher\" content=\"https:\/\/www.facebook.com\/mobili.pitanti.vintage\/\" \/>\n<meta property=\"og:image\" content=\"https:\/\/antiquariatopitanti.it\/wp-content\/uploads\/2023\/02\/Divano-Francese-primi-900-1.jpeg\" \/>\n\t<meta property=\"og:image:width\" content=\"1008\" \/>\n\t<meta property=\"og:image:height\" content=\"1344\" \/>\n\t<meta property=\"og:image:type\" content=\"image\/jpeg\" \/>\n<meta name=\"twitter:card\" content=\"summary_large_image\" \/>\n<script type=\"application\/ld+json\" class=\"yoast-schema-graph\">{\"@context\":\"https:\\\/\\\/schema.org\",\"@graph\":[{\"@type\":\"WebPage\",\"@id\":\"https:\\\/\\\/antiquariatopitanti.it\\\/fr\\\/produit\\\/canape-francais-du-debut-des-annees-1900\\\/\",\"url\":\"https:\\\/\\\/antiquariatopitanti.it\\\/fr\\\/produit\\\/canape-francais-du-debut-des-annees-1900\\\/\",\"name\":\"Canap\u00e9 fran\u00e7ais du d\u00e9but des ann\u00e9es 1900 - Pitanti Chesterfield &amp; Vintage\",\"isPartOf\":{\"@id\":\"https:\\\/\\\/antiquariatopitanti.it\\\/#website\"},\"primaryImageOfPage\":{\"@id\":\"https:\\\/\\\/antiquariatopitanti.it\\\/fr\\\/produit\\\/canape-francais-du-debut-des-annees-1900\\\/#primaryimage\"},\"image\":{\"@id\":\"https:\\\/\\\/antiquariatopitanti.it\\\/fr\\\/produit\\\/canape-francais-du-debut-des-annees-1900\\\/#primaryimage\"},\"thumbnailUrl\":\"https:\\\/\\\/antiquariatopitanti.it\\\/wp-content\\\/uploads\\\/2023\\\/02\\\/Divano-Francese-primi-900-1.jpeg\",\"datePublished\":\"2023-02-07T11:09:47+00:00\",\"description\":\"Canap\u00e9 fran\u00e7ais du d\u00e9but des ann\u00e9es 1900 au design \u00e9l\u00e9gant et \u00e0 la finition capitonn\u00e9e. Le canap\u00e9 peut \u00eatre divis\u00e9 en deux parties. 250\\\/80\\\/82 cm. Antiquit\u00e9s fran\u00e7aises 900\",\"breadcrumb\":{\"@id\":\"https:\\\/\\\/antiquariatopitanti.it\\\/fr\\\/produit\\\/canape-francais-du-debut-des-annees-1900\\\/#breadcrumb\"},\"inLanguage\":\"fr-FR\",\"potentialAction\":[{\"@type\":\"ReadAction\",\"target\":[\"https:\\\/\\\/antiquariatopitanti.it\\\/fr\\\/produit\\\/canape-francais-du-debut-des-annees-1900\\\/\"]}]},{\"@type\":\"ImageObject\",\"inLanguage\":\"fr-FR\",\"@id\":\"https:\\\/\\\/antiquariatopitanti.it\\\/fr\\\/produit\\\/canape-francais-du-debut-des-annees-1900\\\/#primaryimage\",\"url\":\"https:\\\/\\\/antiquariatopitanti.it\\\/wp-content\\\/uploads\\\/2023\\\/02\\\/Divano-Francese-primi-900-1.jpeg\",\"contentUrl\":\"https:\\\/\\\/antiquariatopitanti.it\\\/wp-content\\\/uploads\\\/2023\\\/02\\\/Divano-Francese-primi-900-1.jpeg\",\"width\":1008,\"height\":1344,\"caption\":\"Canap\u00e9 fran\u00e7ais du d\u00e9but des ann\u00e9es 1900\"},{\"@type\":\"BreadcrumbList\",\"@id\":\"https:\\\/\\\/antiquariatopitanti.it\\\/fr\\\/produit\\\/canape-francais-du-debut-des-annees-1900\\\/#breadcrumb\",\"itemListElement\":[{\"@type\":\"ListItem\",\"position\":1,\"name\":\"Home\",\"item\":\"https:\\\/\\\/antiquariatopitanti.it\\\/fr\\\/home\\\/\"},{\"@type\":\"ListItem\",\"position\":2,\"name\":\"Shop\",\"item\":\"https:\\\/\\\/antiquariatopitanti.it\\\/negozio\\\/\"},{\"@type\":\"ListItem\",\"position\":3,\"name\":\"Canap\u00e9 fran\u00e7ais du d\u00e9but des ann\u00e9es 1900\"}]},{\"@type\":\"WebSite\",\"@id\":\"https:\\\/\\\/antiquariatopitanti.it\\\/#website\",\"url\":\"https:\\\/\\\/antiquariatopitanti.it\\\/\",\"name\":\"Pitanti Chesterfield &amp; Vintage\",\"description\":\"\",\"publisher\":{\"@id\":\"https:\\\/\\\/antiquariatopitanti.it\\\/#organization\"},\"potentialAction\":[{\"@type\":\"SearchAction\",\"target\":{\"@type\":\"EntryPoint\",\"urlTemplate\":\"https:\\\/\\\/antiquariatopitanti.it\\\/?s={search_term_string}\"},\"query-input\":{\"@type\":\"PropertyValueSpecification\",\"valueRequired\":true,\"valueName\":\"search_term_string\"}}],\"inLanguage\":\"fr-FR\"},{\"@type\":\"Organization\",\"@id\":\"https:\\\/\\\/antiquariatopitanti.it\\\/#organization\",\"name\":\"Antiquariato Pitanti\",\"url\":\"https:\\\/\\\/antiquariatopitanti.it\\\/\",\"logo\":{\"@type\":\"ImageObject\",\"inLanguage\":\"fr-FR\",\"@id\":\"https:\\\/\\\/antiquariatopitanti.it\\\/#\\\/schema\\\/logo\\\/image\\\/\",\"url\":\"https:\\\/\\\/antiquariatopitanti.it\\\/wp-content\\\/uploads\\\/2022\\\/03\\\/logo-pitanti-new-2.png\",\"contentUrl\":\"https:\\\/\\\/antiquariatopitanti.it\\\/wp-content\\\/uploads\\\/2022\\\/03\\\/logo-pitanti-new-2.png\",\"width\":944,\"height\":798,\"caption\":\"Antiquariato Pitanti\"},\"image\":{\"@id\":\"https:\\\/\\\/antiquariatopitanti.it\\\/#\\\/schema\\\/logo\\\/image\\\/\"},\"sameAs\":[\"https:\\\/\\\/www.facebook.com\\\/mobili.pitanti.vintage\\\/\"]}]}<\/script>\n<!-- \/ Yoast SEO plugin. -->","yoast_head_json":{"title":"Canap\u00e9 fran\u00e7ais du d\u00e9but des ann\u00e9es 1900 - Pitanti Chesterfield &amp; Vintage","description":"Canap\u00e9 fran\u00e7ais du d\u00e9but des ann\u00e9es 1900 au design \u00e9l\u00e9gant et \u00e0 la finition capitonn\u00e9e. Le canap\u00e9 peut \u00eatre divis\u00e9 en deux parties. 250\/80\/82 cm. Antiquit\u00e9s fran\u00e7aises 900","robots":{"index":"index","follow":"follow","max-snippet":"max-snippet:-1","max-image-preview":"max-image-preview:large","max-video-preview":"max-video-preview:-1"},"canonical":"https:\/\/antiquariatopitanti.it\/fr\/produit\/canape-francais-du-debut-des-annees-1900\/","og_locale":"fr_FR","og_type":"article","og_title":"Canap\u00e9 fran\u00e7ais du d\u00e9but des ann\u00e9es 1900 - Pitanti Chesterfield &amp; Vintage","og_description":"Canap\u00e9 fran\u00e7ais du d\u00e9but des ann\u00e9es 1900 au design \u00e9l\u00e9gant et \u00e0 la finition capitonn\u00e9e. Le canap\u00e9 peut \u00eatre divis\u00e9 en deux parties. 250\/80\/82 cm. Antiquit\u00e9s fran\u00e7aises 900","og_url":"https:\/\/antiquariatopitanti.it\/fr\/produit\/canape-francais-du-debut-des-annees-1900\/","og_site_name":"Pitanti Chesterfield &amp; Vintage","article_publisher":"https:\/\/www.facebook.com\/mobili.pitanti.vintage\/","og_image":[{"width":1008,"height":1344,"url":"https:\/\/antiquariatopitanti.it\/wp-content\/uploads\/2023\/02\/Divano-Francese-primi-900-1.jpeg","type":"image\/jpeg"}],"twitter_card":"summary_large_image","schema":{"@context":"https:\/\/schema.org","@graph":[{"@type":"WebPage","@id":"https:\/\/antiquariatopitanti.it\/fr\/produit\/canape-francais-du-debut-des-annees-1900\/","url":"https:\/\/antiquariatopitanti.it\/fr\/produit\/canape-francais-du-debut-des-annees-1900\/","name":"Canap\u00e9 fran\u00e7ais du d\u00e9but des ann\u00e9es 1900 - Pitanti Chesterfield &amp; Vintage","isPartOf":{"@id":"https:\/\/antiquariatopitanti.it\/#website"},"primaryImageOfPage":{"@id":"https:\/\/antiquariatopitanti.it\/fr\/produit\/canape-francais-du-debut-des-annees-1900\/#primaryimage"},"image":{"@id":"https:\/\/antiquariatopitanti.it\/fr\/produit\/canape-francais-du-debut-des-annees-1900\/#primaryimage"},"thumbnailUrl":"https:\/\/antiquariatopitanti.it\/wp-content\/uploads\/2023\/02\/Divano-Francese-primi-900-1.jpeg","datePublished":"2023-02-07T11:09:47+00:00","description":"Canap\u00e9 fran\u00e7ais du d\u00e9but des ann\u00e9es 1900 au design \u00e9l\u00e9gant et \u00e0 la finition capitonn\u00e9e. Le canap\u00e9 peut \u00eatre divis\u00e9 en deux parties. 250\/80\/82 cm. Antiquit\u00e9s fran\u00e7aises 900","breadcrumb":{"@id":"https:\/\/antiquariatopitanti.it\/fr\/produit\/canape-francais-du-debut-des-annees-1900\/#breadcrumb"},"inLanguage":"fr-FR","potentialAction":[{"@type":"ReadAction","target":["https:\/\/antiquariatopitanti.it\/fr\/produit\/canape-francais-du-debut-des-annees-1900\/"]}]},{"@type":"ImageObject","inLanguage":"fr-FR","@id":"https:\/\/antiquariatopitanti.it\/fr\/produit\/canape-francais-du-debut-des-annees-1900\/#primaryimage","url":"https:\/\/antiquariatopitanti.it\/wp-content\/uploads\/2023\/02\/Divano-Francese-primi-900-1.jpeg","contentUrl":"https:\/\/antiquariatopitanti.it\/wp-content\/uploads\/2023\/02\/Divano-Francese-primi-900-1.jpeg","width":1008,"height":1344,"caption":"Canap\u00e9 fran\u00e7ais du d\u00e9but des ann\u00e9es 1900"},{"@type":"BreadcrumbList","@id":"https:\/\/antiquariatopitanti.it\/fr\/produit\/canape-francais-du-debut-des-annees-1900\/#breadcrumb","itemListElement":[{"@type":"ListItem","position":1,"name":"Home","item":"https:\/\/antiquariatopitanti.it\/fr\/home\/"},{"@type":"ListItem","position":2,"name":"Shop","item":"https:\/\/antiquariatopitanti.it\/negozio\/"},{"@type":"ListItem","position":3,"name":"Canap\u00e9 fran\u00e7ais du d\u00e9but des ann\u00e9es 1900"}]},{"@type":"WebSite","@id":"https:\/\/antiquariatopitanti.it\/#website","url":"https:\/\/antiquariatopitanti.it\/","name":"Pitanti Chesterfield &amp; Vintage","description":"","publisher":{"@id":"https:\/\/antiquariatopitanti.it\/#organization"},"potentialAction":[{"@type":"SearchAction","target":{"@type":"EntryPoint","urlTemplate":"https:\/\/antiquariatopitanti.it\/?s={search_term_string}"},"query-input":{"@type":"PropertyValueSpecification","valueRequired":true,"valueName":"search_term_string"}}],"inLanguage":"fr-FR"},{"@type":"Organization","@id":"https:\/\/antiquariatopitanti.it\/#organization","name":"Antiquariato Pitanti","url":"https:\/\/antiquariatopitanti.it\/","logo":{"@type":"ImageObject","inLanguage":"fr-FR","@id":"https:\/\/antiquariatopitanti.it\/#\/schema\/logo\/image\/","url":"https:\/\/antiquariatopitanti.it\/wp-content\/uploads\/2022\/03\/logo-pitanti-new-2.png","contentUrl":"https:\/\/antiquariatopitanti.it\/wp-content\/uploads\/2022\/03\/logo-pitanti-new-2.png","width":944,"height":798,"caption":"Antiquariato Pitanti"},"image":{"@id":"https:\/\/antiquariatopitanti.it\/#\/schema\/logo\/image\/"},"sameAs":["https:\/\/www.facebook.com\/mobili.pitanti.vintage\/"]}]}},"_links":{"self":[{"href":"https:\/\/antiquariatopitanti.it\/fr\/wp-json\/wp\/v2\/product\/10078","targetHints":{"allow":["GET"]}}],"collection":[{"href":"https:\/\/antiquariatopitanti.it\/fr\/wp-json\/wp\/v2\/product"}],"about":[{"href":"https:\/\/antiquariatopitanti.it\/fr\/wp-json\/wp\/v2\/types\/product"}],"wp:featuredmedia":[{"embeddable":true,"href":"https:\/\/antiquariatopitanti.it\/fr\/wp-json\/wp\/v2\/media\/10046"}],"wp:attachment":[{"href":"https:\/\/antiquariatopitanti.it\/fr\/wp-json\/wp\/v2\/media?parent=10078"}],"wp:term":[{"taxonomy":"product_brand","embeddable":true,"href":"https:\/\/antiquariatopitanti.it\/fr\/wp-json\/wp\/v2\/product_brand?post=10078"},{"taxonomy":"product_cat","embeddable":true,"href":"https:\/\/antiquariatopitanti.it\/fr\/wp-json\/wp\/v2\/product_cat?post=10078"},{"taxonomy":"product_tag","embeddable":true,"href":"https:\/\/antiquariatopitanti.it\/fr\/wp-json\/wp\/v2\/product_tag?post=10078"}],"curies":[{"name":"wp","href":"https:\/\/api.w.org\/{rel}","templated":true}]}}