{"id":4441,"date":"2022-06-30T10:42:06","date_gmt":"2022-06-30T08:42:06","guid":{"rendered":"https:\/\/antiquariatopitanti.it\/location-pour-evenements\/"},"modified":"2022-06-30T10:42:08","modified_gmt":"2022-06-30T08:42:08","slug":"location-pour-evenements","status":"publish","type":"page","link":"https:\/\/antiquariatopitanti.it\/fr\/location-pour-evenements\/","title":{"rendered":"Location pour \u00c9v\u00e9nements"},"content":{"rendered":"[vc_row css_animation=\u00a0\u00bbfadeIn\u00a0\u00bb full_width=\u00a0\u00bbstretch_row\u00a0\u00bb content_placement=\u00a0\u00bbmiddle\u00a0\u00bb css=\u00a0\u00bb.vc_custom_1652424415321{margin-bottom: 0px !important;padding-top: 0px !important;padding-bottom: 0px !important;background-image: url(https:\/\/antiquariatopitanti.it\/wp-content\/uploads\/2022\/05\/pitanti-mobili-antiquariato-noleggio.png?id=1158) !important;background-position: center !important;background-repeat: no-repeat !important;background-size: cover !important;}\u00a0\u00bb min_height=\u00a0\u00bb250px\u00a0\u00bb][vc_column css=\u00a0\u00bb.vc_custom_1649834273773{margin-bottom: 0px !important;padding-top: 0px !important;padding-bottom: 66px !important;}\u00a0\u00bb][vc_column_text font_family=\u00a0\u00bbTimes New Roman, Times, serif\u00a0\u00bb color=\u00a0\u00bb#f8f2c2&Prime; font_size=\u00a0\u00bbd:81px|pl:30px|pp:30px\u00a0\u00bb font_weight=\u00a0\u00bb600&Prime; css=\u00a0\u00bb.vc_custom_1652173254535{padding-top: 0px !important;padding-bottom: 0px !important;}\u00a0\u00bb]\n<h2 style=\"text-align: center;\">Location<\/h2>\n[\/vc_column_text]<nav class=\"vcex-breadcrumbs vc_custom_1652173106537\" style=\"color:#f8f2c2;font-size:18px;font-family:Quicksand;text-align:center;\"><span><span><a href=\"https:\/\/antiquariatopitanti.it\/fr\/home\/\">Home<\/a><\/span><\/span><\/nav>[\/vc_column][\/vc_row][vc_row content_placement=\u00a0\u00bbmiddle\u00a0\u00bb css=\u00a0\u00bb.vc_custom_1655297286305{margin-top: 40px !important;margin-bottom: 40px !important;}\u00a0\u00bb][vc_column width=\u00a0\u00bb5\/12&Prime; css=\u00a0\u00bb.vc_custom_1653912690437{margin-top: 0px !important;margin-bottom: 0px !important;}\u00a0\u00bb el_class=\u00a0\u00bbpaginterne_testo\u00a0\u00bb][vc_column_text font_family=\u00a0\u00bbTimes New Roman, Times, serif\u00a0\u00bb color=\u00a0\u00bb#0e031e\u00a0\u00bb font_size=\u00a0\u00bbd:52px|pl:42px|pp:42px\u00a0\u00bb font_weight=\u00a0\u00bb400&Prime; el_class=\u00a0\u00bbtitolo_pag_interne\u00a0\u00bb line_height=\u00a0\u00bb60px\u00a0\u00bb]Location pour<br \/>\n\u00c9v\u00e9nements[\/vc_column_text][vc_column_text css=\u00a0\u00bb.vc_custom_1653912325278{margin-top: 30px !important;}\u00a0\u00bb el_class=\u00a0\u00bbtesto_giustificato\u00a0\u00bb]L\u2019atmosph\u00e8re et la sc\u00e9nographie des espaces d&rsquo;exposition modernes ont acquis une telle importance qu&rsquo;elles sont devenues une v\u00e9ritable composante significative de l&rsquo;image d&rsquo;une entreprise.<\/p>\n<p>Pour cette raison, chez pitanti antiquit\u00e0 &amp; vintage, nous proposons les \u00e9l\u00e9ments adapt\u00e9s pour mettre en place de merveilleux sc\u00e9narios \u00e0 th\u00e8me antique en offrant le <strong>service de location de fauteuils et canap\u00e9s chesterfield originaux et de location de meubles d\u2019\u00e9poque,<\/strong> \u00e0 l&rsquo;occasion d&rsquo;expositions dans des galeries d\u2019art suggestives, de foires, de d\u00e9fil\u00e9s de mode, de repr\u00e9sentations th\u00e9\u00e2trales et de d\u00e9cors de cin\u00e9ma.<\/p>\n<p>Entrer dans un espace d&rsquo;exposition, c&rsquo;est entrer dans un monde o\u00f9 chaque \u00e9l\u00e9ment est en parfaite harmonie et symbiose les uns avec les autres, il est donc fondamental de<strong>louer les meubles<\/strong>, de mani\u00e8re \u00e0 transmettre pleinement l\u2019image et le message que l&rsquo;on entend communiquer.[\/vc_column_text][\/vc_column][vc_column css_animation=\u00a0\u00bbfadeInRight\u00a0\u00bb width=\u00a0\u00bb7\/12&Prime; css=\u00a0\u00bb.vc_custom_1653912686649{margin-top: 0px !important;margin-bottom: 0px !important;}\u00a0\u00bb el_class=\u00a0\u00bbpaginterne_carosello\u00a0\u00bb]<div class=\"vcex-module wpex-carousel wpex-carousel-images wpex-clr owl-carousel arrwstyle-default arrwpos-abs\" data-wpex-carousel=\"{&quot;nav&quot;:true,&quot;dots&quot;:false,&quot;autoplay&quot;:true,&quot;loop&quot;:true,&quot;center&quot;:false,&quot;smartSpeed&quot;:250,&quot;items&quot;:1,&quot;slideBy&quot;:1,&quot;autoplayTimeout&quot;:5000,&quot;margin&quot;:15,&quot;itemsTablet&quot;:3,&quot;itemsMobileLandscape&quot;:2,&quot;itemsMobilePortrait&quot;:1,&quot;autoHeight&quot;:false}\"><div class=\"wpex-carousel-slide\"><figure class=\"wpex-carousel-entry-media entry-media\"><img loading=\"lazy\" decoding=\"async\" width=\"900\" height=\"600\" src=\"https:\/\/antiquariatopitanti.it\/wp-content\/uploads\/2022\/05\/pitanti-noleggio-1.png\" class=\"wpex-align-middle skip-lazy\" alt=\"\" data-no-lazy=\"1\" srcset=\"https:\/\/antiquariatopitanti.it\/wp-content\/uploads\/2022\/05\/pitanti-noleggio-1.png 900w, https:\/\/antiquariatopitanti.it\/wp-content\/uploads\/2022\/05\/pitanti-noleggio-1-300x200.png 300w, https:\/\/antiquariatopitanti.it\/wp-content\/uploads\/2022\/05\/pitanti-noleggio-1-768x512.png 768w, https:\/\/antiquariatopitanti.it\/wp-content\/uploads\/2022\/05\/pitanti-noleggio-1-600x400.png 600w\" sizes=\"auto, (max-width: 900px) 100vw, 900px\" \/><\/figure><\/div><div class=\"wpex-carousel-slide\"><figure class=\"wpex-carousel-entry-media entry-media\"><img loading=\"lazy\" decoding=\"async\" width=\"900\" height=\"600\" src=\"https:\/\/antiquariatopitanti.it\/wp-content\/uploads\/2022\/05\/pitanti-noleggio-2.png\" class=\"wpex-align-middle skip-lazy\" alt=\"\" data-no-lazy=\"1\" srcset=\"https:\/\/antiquariatopitanti.it\/wp-content\/uploads\/2022\/05\/pitanti-noleggio-2.png 900w, https:\/\/antiquariatopitanti.it\/wp-content\/uploads\/2022\/05\/pitanti-noleggio-2-300x200.png 300w, https:\/\/antiquariatopitanti.it\/wp-content\/uploads\/2022\/05\/pitanti-noleggio-2-768x512.png 768w, https:\/\/antiquariatopitanti.it\/wp-content\/uploads\/2022\/05\/pitanti-noleggio-2-600x400.png 600w\" sizes=\"auto, (max-width: 900px) 100vw, 900px\" \/><\/figure><\/div><div class=\"wpex-carousel-slide\"><figure class=\"wpex-carousel-entry-media entry-media\"><img loading=\"lazy\" decoding=\"async\" width=\"900\" height=\"600\" src=\"https:\/\/antiquariatopitanti.it\/wp-content\/uploads\/2022\/05\/pitanti-noleggio-3.png\" class=\"wpex-align-middle skip-lazy\" alt=\"\" data-no-lazy=\"1\" srcset=\"https:\/\/antiquariatopitanti.it\/wp-content\/uploads\/2022\/05\/pitanti-noleggio-3.png 900w, https:\/\/antiquariatopitanti.it\/wp-content\/uploads\/2022\/05\/pitanti-noleggio-3-300x200.png 300w, https:\/\/antiquariatopitanti.it\/wp-content\/uploads\/2022\/05\/pitanti-noleggio-3-768x512.png 768w, https:\/\/antiquariatopitanti.it\/wp-content\/uploads\/2022\/05\/pitanti-noleggio-3-600x400.png 600w\" sizes=\"auto, (max-width: 900px) 100vw, 900px\" \/><\/figure><\/div><div class=\"wpex-carousel-slide\"><figure class=\"wpex-carousel-entry-media entry-media\"><img loading=\"lazy\" decoding=\"async\" width=\"900\" height=\"600\" src=\"https:\/\/antiquariatopitanti.it\/wp-content\/uploads\/2022\/05\/pitanti-noleggio-4.png\" class=\"wpex-align-middle skip-lazy\" alt=\"\" data-no-lazy=\"1\" srcset=\"https:\/\/antiquariatopitanti.it\/wp-content\/uploads\/2022\/05\/pitanti-noleggio-4.png 900w, https:\/\/antiquariatopitanti.it\/wp-content\/uploads\/2022\/05\/pitanti-noleggio-4-300x200.png 300w, https:\/\/antiquariatopitanti.it\/wp-content\/uploads\/2022\/05\/pitanti-noleggio-4-768x512.png 768w, https:\/\/antiquariatopitanti.it\/wp-content\/uploads\/2022\/05\/pitanti-noleggio-4-600x400.png 600w\" sizes=\"auto, (max-width: 900px) 100vw, 900px\" \/><\/figure><\/div><div class=\"wpex-carousel-slide\"><figure class=\"wpex-carousel-entry-media entry-media\"><img loading=\"lazy\" decoding=\"async\" width=\"900\" height=\"600\" src=\"https:\/\/antiquariatopitanti.it\/wp-content\/uploads\/2022\/05\/pitanti-noleggio-6.png\" class=\"wpex-align-middle skip-lazy\" alt=\"\" data-no-lazy=\"1\" srcset=\"https:\/\/antiquariatopitanti.it\/wp-content\/uploads\/2022\/05\/pitanti-noleggio-6.png 900w, https:\/\/antiquariatopitanti.it\/wp-content\/uploads\/2022\/05\/pitanti-noleggio-6-300x200.png 300w, https:\/\/antiquariatopitanti.it\/wp-content\/uploads\/2022\/05\/pitanti-noleggio-6-768x512.png 768w, https:\/\/antiquariatopitanti.it\/wp-content\/uploads\/2022\/05\/pitanti-noleggio-6-600x400.png 600w\" sizes=\"auto, (max-width: 900px) 100vw, 900px\" \/><\/figure><\/div><\/div>[\/vc_column][\/vc_row][vc_row full_width=\u00a0\u00bbstretch_row\u00a0\u00bb parallax=\u00a0\u00bbvcex_parallax\u00a0\u00bb parallax_image=\u00a0\u00bb1508&Prime; css=\u00a0\u00bb.vc_custom_1655297256041{margin-bottom: 0px !important;padding-top: 0px !important;padding-bottom: 0px !important;}\u00a0\u00bb min_height=\u00a0\u00bb500px\u00a0\u00bb el_class=\u00a0\u00bbparallax_pagine\u00a0\u00bb parallax_speed=\u00a0\u00bb0.1&Prime;][vc_column css=\u00a0\u00bb.vc_custom_1652342019689{margin-top: 0px !important;margin-bottom: 0px !important;padding-top: 0px !important;padding-bottom: 0px !important;}\u00a0\u00bb][\/vc_column][\/vc_row][vc_row content_placement=\u00a0\u00bbmiddle\u00a0\u00bb css=\u00a0\u00bb.vc_custom_1655299222312{margin-bottom: 0px !important;padding-top: 0px !important;padding-bottom: 0px !important;}\u00a0\u00bb el_class=\u00a0\u00bbmargin_60&Prime;][vc_column css_animation=\u00a0\u00bbfadeInLeft\u00a0\u00bb css=\u00a0\u00bb.vc_custom_1652342565095{margin-top: 0px !important;margin-bottom: 0px !important;padding-top: 0px !important;padding-bottom: 0px !important;}\u00a0\u00bb][vc_column_text css=\u00a0\u00bb.vc_custom_1653912646348{margin-top: 30px !important;}\u00a0\u00bb el_class=\u00a0\u00bbtesto_giustificato\u00a0\u00bb]Nous nous efforcerons de s\u00e9lectionner les <strong>diff\u00e9rents compl\u00e9ments pour la location<\/strong>, en accordant une attention particuli\u00e8re aux caract\u00e9ristiques du style demand\u00e9 par le client, en coordonnant les aspects pratiques et esth\u00e9tiques, de sorte que la sc\u00e9nographie reste bien ancr\u00e9e dans l&rsquo;esprit du visiteur, m\u00eame apr\u00e8s un certain temps.<\/p>\n<p>Si vous \u00eates \u00e0 la recherche d&rsquo;un sc\u00e9nario qui n&rsquo;est pas trop \u00e9loign\u00e9 de notre \u00e9poque, nous proposons \u00e9galement le service <strong>de location de mobilier moderne et la location d&rsquo;objets de design<\/strong>, une solution id\u00e9ale pour rendre contemporain et tendance tout type d&rsquo;\u00e9v\u00e9nement ou de salon.<\/p>\n<p>Que vous soyez une agence, une maison de production, un architecte ou un designer, chez pitanti antiquit\u00e0 &amp; vintage vous pouvez <strong>louer pour vos \u00e9v\u00e9nements des compl\u00e9ments uniques et recherch\u00e9s,<\/strong> capables de susciter chez le spectateur de fortes \u00e9motions visuelles et des suggestions profondes.<\/p>\n<p>De plus, l<strong>a location de meubles d\u2019\u00e9poque originaux<\/strong> est \u00e9galement une excellente alternative si vous souhaitez \u00e9conomiser par rapport \u00e0 l&rsquo;achat de ces derniers.<\/p>\n<p>Pour recr\u00e9er une ambiance dans le style parfait \u2018\u2019british\u2019\u2019 des ann\u00e9es 1800, vous ne pouvez pas manquer les si\u00e8ges typiques des \u2018\u2019gentlemen\u2019\u2019 anglais de cette p\u00e9riode, \u00e0 savoir <strong>les canap\u00e9s chesterfield.<\/strong> Choisir de l<strong>ouer un fauteuil ou un canap\u00e9 chesterfield pour un \u00e9v\u00e9nement,<\/strong>c&rsquo;est opter pour un objet authentique, impeccablement conserv\u00e9 et qui conserve encore le charme intemporel de l&rsquo;\u00e9poque.<\/p>\n<p>De plus, nous sommes parfaitement en mesure d&rsquo;affirmer qu&rsquo;avec <strong>la location de canap\u00e9s, meubles et accessoires<\/strong> <strong>de notre atelier d&rsquo;antiquit\u00e9s,<\/strong> vous aurez la garantie de l\u2019authenticit\u00e9 des produits, d&rsquo;une valeur esth\u00e9tique in\u00e9gal\u00e9e et de toute la courtoisie et la disponibilit\u00e9 d&rsquo;une \u00e9quipe de professionnels \u00e0 votre service.<\/p>\n<p>Nous louons <strong>des canap\u00e9s<\/strong> et <strong>des fauteuils chesterfield<\/strong>et <strong>des meubles d\u2019\u00e9poque<\/strong> pour <strong>tout type d&rsquo;\u00e9v\u00e9nement<\/strong> et en particulier pour des expositions dans d&rsquo;importantes <strong>galeries d\u2019art<\/strong>, des<strong>foires,<\/strong> des <strong>d\u00e9fil\u00e9s de mode,<\/strong> des <strong>repr\u00e9sentations th\u00e9\u00e2trales<\/strong>et des <strong>d\u00e9cors de cin\u00e9ma.<\/strong><\/p>\n<p>Contactez-nous pour obtenir un devis adapt\u00e9 \u00e0 vos besoins.[\/vc_column_text][\/vc_column][\/vc_row][vc_row content_placement=\u00a0\u00bbmiddle\u00a0\u00bb css=\u00a0\u00bb.vc_custom_1655298151485{margin-top: 40px !important;padding-top: 0px !important;padding-bottom: 0px !important;background-position: center !important;background-repeat: no-repeat !important;background-size: cover !important;}\u00a0\u00bb][vc_column css_animation=\u00a0\u00bbfadeInUp\u00a0\u00bb css=\u00a0\u00bb.vc_custom_1649231214803{margin-top: 0px !important;margin-bottom: 0px !important;padding-top: 0px !important;padding-bottom: 0px !important;}\u00a0\u00bb]<div class=\"vc_custom_1652346640423 wpex-clr\"><div class=\"textcenter theme-button-wrap wpex-clr\"><a href=\"https:\/\/antiquariatopitanti.it\/contatti\/\" class=\"vcex-button theme-button outline align-center inline\" style=\"padding-top:10px;padding-right:60px;padding-bottom:10px;padding-left:60px;color:#0e031e;border:1px solid;font-size:16px;font-weight:400;font-family:Arial, Helvetica, sans-serif;\" data-wpex-hover='{&quot;background&quot;:&quot;#fbf5c5&quot;,&quot;color&quot;:&quot;#0e031e&quot;}'><span class=\"theme-button-inner\">Contactez-nous pour obtenir des informations sur la location<span class=\"vcex-icon-wrap theme-button-icon-right\" style=\"padding-left:15px;\"><span class=\"ticon ticon-long-arrow-right\" aria-hidden=\"true\"><\/span><\/span><\/span><\/a><\/div><\/div> [\/vc_column][\/vc_row]\n","protected":false},"excerpt":{"rendered":"<p>[vc_row css_animation=\u00a0\u00bbfadeIn\u00a0\u00bb full_width=\u00a0\u00bbstretch_row\u00a0\u00bb content_placement=\u00a0\u00bbmiddle\u00a0\u00bb css=\u00a0\u00bb.vc_custom_1652424415321{margin-bottom: 0px !important;padding-top: 0px !important;padding-bottom: 0px !important;background-image: url(https:\/\/antiquariatopitanti.it\/wp-content\/uploads\/2022\/05\/pitanti-mobili-antiquariato-noleggio.png?id=1158) !important;background-position: center !important;background-repeat: no-repeat !important;background-size: cover !important;}\u00a0\u00bb min_height=\u00a0\u00bb250px\u00a0\u00bb][vc_column css=\u00a0\u00bb.vc_custom_1649834273773{margin-bottom: 0px !important;padding-top: 0px !important;padding-bottom: 66px !important;}\u00a0\u00bb][vc_column_text font_family=\u00a0\u00bbTimes New Roman, Times, serif\u00a0\u00bb color=\u00a0\u00bb#f8f2c2&Prime; font_size=\u00a0\u00bbd:81px|pl:30px|pp:30px\u00a0\u00bb font_weight=\u00a0\u00bb600&Prime; css=\u00a0\u00bb.vc_custom_1652173254535{padding-top: 0px !important;padding-bottom: 0px !important;}\u00a0\u00bb] Location [\/vc_column_text][\/vc_column][\/vc_row][vc_row content_placement=\u00a0\u00bbmiddle\u00a0\u00bb css=\u00a0\u00bb.vc_custom_1655297286305{margin-top: 40px !important;margin-bottom: 40px !important;}\u00a0\u00bb][vc_column width=\u00a0\u00bb5\/12&Prime; css=\u00a0\u00bb.vc_custom_1653912690437{margin-top: 0px !important;margin-bottom: 0px !important;}\u00a0\u00bb el_class=\u00a0\u00bbpaginterne_testo\u00a0\u00bb][vc_column_text&hellip;<\/p>\n","protected":false},"author":1,"featured_media":0,"parent":0,"menu_order":0,"comment_status":"closed","ping_status":"closed","template":"","meta":{"footnotes":""},"class_list":["post-4441","page","type-page","status-publish","hentry","entry","no-media"],"yoast_head":"<!-- This site is optimized with the Yoast SEO plugin v27.4 - https:\/\/yoast.com\/product\/yoast-seo-wordpress\/ -->\n<title>Location pour \u00c9v\u00e9nements - Pitanti Chesterfield &amp; Vintage<\/title>\n<meta name=\"robots\" content=\"index, follow, max-snippet:-1, max-image-preview:large, max-video-preview:-1\" \/>\n<link rel=\"canonical\" href=\"https:\/\/antiquariatopitanti.it\/fr\/location-pour-evenements\/\" \/>\n<meta property=\"og:locale\" content=\"fr_FR\" \/>\n<meta property=\"og:type\" content=\"article\" \/>\n<meta property=\"og:title\" content=\"Location pour \u00c9v\u00e9nements - Pitanti Chesterfield &amp; Vintage\" \/>\n<meta property=\"og:description\" content=\"[vc_row css_animation=\u00a0\u00bbfadeIn\u00a0\u00bb full_width=\u00a0\u00bbstretch_row\u00a0\u00bb content_placement=\u00a0\u00bbmiddle\u00a0\u00bb css=\u00a0\u00bb.vc_custom_1652424415321{margin-bottom: 0px !important;padding-top: 0px !important;padding-bottom: 0px !important;background-image: url(https:\/\/antiquariatopitanti.it\/wp-content\/uploads\/2022\/05\/pitanti-mobili-antiquariato-noleggio.png?id=1158) !important;background-position: center !important;background-repeat: no-repeat !important;background-size: cover !important;}\u00a0\u00bb min_height=\u00a0\u00bb250px\u00a0\u00bb][vc_column css=\u00a0\u00bb.vc_custom_1649834273773{margin-bottom: 0px !important;padding-top: 0px !important;padding-bottom: 66px !important;}\u00a0\u00bb][vc_column_text font_family=\u00a0\u00bbTimes New Roman, Times, serif\u00a0\u00bb color=\u00a0\u00bb#f8f2c2&Prime; font_size=\u00a0\u00bbd:81px|pl:30px|pp:30px\u00a0\u00bb font_weight=\u00a0\u00bb600&Prime; css=\u00a0\u00bb.vc_custom_1652173254535{padding-top: 0px !important;padding-bottom: 0px !important;}\u00a0\u00bb] Location [\/vc_column_text][\/vc_column][\/vc_row][vc_row content_placement=\u00a0\u00bbmiddle\u00a0\u00bb css=\u00a0\u00bb.vc_custom_1655297286305{margin-top: 40px !important;margin-bottom: 40px !important;}\u00a0\u00bb][vc_column width=\u00a0\u00bb5\/12&Prime; css=\u00a0\u00bb.vc_custom_1653912690437{margin-top: 0px !important;margin-bottom: 0px !important;}\u00a0\u00bb el_class=\u00a0\u00bbpaginterne_testo\u00a0\u00bb][vc_column_text&hellip;\" \/>\n<meta property=\"og:url\" content=\"https:\/\/antiquariatopitanti.it\/fr\/location-pour-evenements\/\" \/>\n<meta property=\"og:site_name\" content=\"Pitanti Chesterfield &amp; Vintage\" \/>\n<meta property=\"article:publisher\" content=\"https:\/\/www.facebook.com\/mobili.pitanti.vintage\/\" \/>\n<meta property=\"article:modified_time\" content=\"2022-06-30T08:42:08+00:00\" \/>\n<meta name=\"twitter:card\" content=\"summary_large_image\" \/>\n<meta name=\"twitter:label1\" content=\"Dur\u00e9e de lecture estim\u00e9e\" \/>\n\t<meta name=\"twitter:data1\" content=\"5 minutes\" \/>\n<script type=\"application\/ld+json\" class=\"yoast-schema-graph\">{\"@context\":\"https:\\\/\\\/schema.org\",\"@graph\":[{\"@type\":\"WebPage\",\"@id\":\"https:\\\/\\\/antiquariatopitanti.it\\\/fr\\\/location-pour-evenements\\\/\",\"url\":\"https:\\\/\\\/antiquariatopitanti.it\\\/fr\\\/location-pour-evenements\\\/\",\"name\":\"Location pour \u00c9v\u00e9nements - Pitanti Chesterfield &amp; Vintage\",\"isPartOf\":{\"@id\":\"https:\\\/\\\/antiquariatopitanti.it\\\/#website\"},\"datePublished\":\"2022-06-30T08:42:06+00:00\",\"dateModified\":\"2022-06-30T08:42:08+00:00\",\"breadcrumb\":{\"@id\":\"https:\\\/\\\/antiquariatopitanti.it\\\/fr\\\/location-pour-evenements\\\/#breadcrumb\"},\"inLanguage\":\"fr-FR\",\"potentialAction\":[{\"@type\":\"ReadAction\",\"target\":[\"https:\\\/\\\/antiquariatopitanti.it\\\/fr\\\/location-pour-evenements\\\/\"]}]},{\"@type\":\"BreadcrumbList\",\"@id\":\"https:\\\/\\\/antiquariatopitanti.it\\\/fr\\\/location-pour-evenements\\\/#breadcrumb\",\"itemListElement\":[{\"@type\":\"ListItem\",\"position\":1,\"name\":\"Home\",\"item\":\"https:\\\/\\\/antiquariatopitanti.it\\\/fr\\\/home\\\/\"},{\"@type\":\"ListItem\",\"position\":2,\"name\":\"Location pour \u00c9v\u00e9nements\"}]},{\"@type\":\"WebSite\",\"@id\":\"https:\\\/\\\/antiquariatopitanti.it\\\/#website\",\"url\":\"https:\\\/\\\/antiquariatopitanti.it\\\/\",\"name\":\"Pitanti Chesterfield &amp; Vintage\",\"description\":\"\",\"publisher\":{\"@id\":\"https:\\\/\\\/antiquariatopitanti.it\\\/#organization\"},\"potentialAction\":[{\"@type\":\"SearchAction\",\"target\":{\"@type\":\"EntryPoint\",\"urlTemplate\":\"https:\\\/\\\/antiquariatopitanti.it\\\/?s={search_term_string}\"},\"query-input\":{\"@type\":\"PropertyValueSpecification\",\"valueRequired\":true,\"valueName\":\"search_term_string\"}}],\"inLanguage\":\"fr-FR\"},{\"@type\":\"Organization\",\"@id\":\"https:\\\/\\\/antiquariatopitanti.it\\\/#organization\",\"name\":\"Antiquariato Pitanti\",\"url\":\"https:\\\/\\\/antiquariatopitanti.it\\\/\",\"logo\":{\"@type\":\"ImageObject\",\"inLanguage\":\"fr-FR\",\"@id\":\"https:\\\/\\\/antiquariatopitanti.it\\\/#\\\/schema\\\/logo\\\/image\\\/\",\"url\":\"https:\\\/\\\/antiquariatopitanti.it\\\/wp-content\\\/uploads\\\/2022\\\/03\\\/logo-pitanti-new-2.png\",\"contentUrl\":\"https:\\\/\\\/antiquariatopitanti.it\\\/wp-content\\\/uploads\\\/2022\\\/03\\\/logo-pitanti-new-2.png\",\"width\":944,\"height\":798,\"caption\":\"Antiquariato Pitanti\"},\"image\":{\"@id\":\"https:\\\/\\\/antiquariatopitanti.it\\\/#\\\/schema\\\/logo\\\/image\\\/\"},\"sameAs\":[\"https:\\\/\\\/www.facebook.com\\\/mobili.pitanti.vintage\\\/\"]}]}<\/script>\n<!-- \/ Yoast SEO plugin. -->","yoast_head_json":{"title":"Location pour \u00c9v\u00e9nements - Pitanti Chesterfield &amp; Vintage","robots":{"index":"index","follow":"follow","max-snippet":"max-snippet:-1","max-image-preview":"max-image-preview:large","max-video-preview":"max-video-preview:-1"},"canonical":"https:\/\/antiquariatopitanti.it\/fr\/location-pour-evenements\/","og_locale":"fr_FR","og_type":"article","og_title":"Location pour \u00c9v\u00e9nements - Pitanti Chesterfield &amp; Vintage","og_description":"[vc_row css_animation=\u00a0\u00bbfadeIn\u00a0\u00bb full_width=\u00a0\u00bbstretch_row\u00a0\u00bb content_placement=\u00a0\u00bbmiddle\u00a0\u00bb css=\u00a0\u00bb.vc_custom_1652424415321{margin-bottom: 0px !important;padding-top: 0px !important;padding-bottom: 0px !important;background-image: url(https:\/\/antiquariatopitanti.it\/wp-content\/uploads\/2022\/05\/pitanti-mobili-antiquariato-noleggio.png?id=1158) !important;background-position: center !important;background-repeat: no-repeat !important;background-size: cover !important;}\u00a0\u00bb min_height=\u00a0\u00bb250px\u00a0\u00bb][vc_column css=\u00a0\u00bb.vc_custom_1649834273773{margin-bottom: 0px !important;padding-top: 0px !important;padding-bottom: 66px !important;}\u00a0\u00bb][vc_column_text font_family=\u00a0\u00bbTimes New Roman, Times, serif\u00a0\u00bb color=\u00a0\u00bb#f8f2c2&Prime; font_size=\u00a0\u00bbd:81px|pl:30px|pp:30px\u00a0\u00bb font_weight=\u00a0\u00bb600&Prime; css=\u00a0\u00bb.vc_custom_1652173254535{padding-top: 0px !important;padding-bottom: 0px !important;}\u00a0\u00bb] Location [\/vc_column_text][\/vc_column][\/vc_row][vc_row content_placement=\u00a0\u00bbmiddle\u00a0\u00bb css=\u00a0\u00bb.vc_custom_1655297286305{margin-top: 40px !important;margin-bottom: 40px !important;}\u00a0\u00bb][vc_column width=\u00a0\u00bb5\/12&Prime; css=\u00a0\u00bb.vc_custom_1653912690437{margin-top: 0px !important;margin-bottom: 0px !important;}\u00a0\u00bb el_class=\u00a0\u00bbpaginterne_testo\u00a0\u00bb][vc_column_text&hellip;","og_url":"https:\/\/antiquariatopitanti.it\/fr\/location-pour-evenements\/","og_site_name":"Pitanti Chesterfield &amp; Vintage","article_publisher":"https:\/\/www.facebook.com\/mobili.pitanti.vintage\/","article_modified_time":"2022-06-30T08:42:08+00:00","twitter_card":"summary_large_image","twitter_misc":{"Dur\u00e9e de lecture estim\u00e9e":"5 minutes"},"schema":{"@context":"https:\/\/schema.org","@graph":[{"@type":"WebPage","@id":"https:\/\/antiquariatopitanti.it\/fr\/location-pour-evenements\/","url":"https:\/\/antiquariatopitanti.it\/fr\/location-pour-evenements\/","name":"Location pour \u00c9v\u00e9nements - Pitanti Chesterfield &amp; Vintage","isPartOf":{"@id":"https:\/\/antiquariatopitanti.it\/#website"},"datePublished":"2022-06-30T08:42:06+00:00","dateModified":"2022-06-30T08:42:08+00:00","breadcrumb":{"@id":"https:\/\/antiquariatopitanti.it\/fr\/location-pour-evenements\/#breadcrumb"},"inLanguage":"fr-FR","potentialAction":[{"@type":"ReadAction","target":["https:\/\/antiquariatopitanti.it\/fr\/location-pour-evenements\/"]}]},{"@type":"BreadcrumbList","@id":"https:\/\/antiquariatopitanti.it\/fr\/location-pour-evenements\/#breadcrumb","itemListElement":[{"@type":"ListItem","position":1,"name":"Home","item":"https:\/\/antiquariatopitanti.it\/fr\/home\/"},{"@type":"ListItem","position":2,"name":"Location pour \u00c9v\u00e9nements"}]},{"@type":"WebSite","@id":"https:\/\/antiquariatopitanti.it\/#website","url":"https:\/\/antiquariatopitanti.it\/","name":"Pitanti Chesterfield &amp; Vintage","description":"","publisher":{"@id":"https:\/\/antiquariatopitanti.it\/#organization"},"potentialAction":[{"@type":"SearchAction","target":{"@type":"EntryPoint","urlTemplate":"https:\/\/antiquariatopitanti.it\/?s={search_term_string}"},"query-input":{"@type":"PropertyValueSpecification","valueRequired":true,"valueName":"search_term_string"}}],"inLanguage":"fr-FR"},{"@type":"Organization","@id":"https:\/\/antiquariatopitanti.it\/#organization","name":"Antiquariato Pitanti","url":"https:\/\/antiquariatopitanti.it\/","logo":{"@type":"ImageObject","inLanguage":"fr-FR","@id":"https:\/\/antiquariatopitanti.it\/#\/schema\/logo\/image\/","url":"https:\/\/antiquariatopitanti.it\/wp-content\/uploads\/2022\/03\/logo-pitanti-new-2.png","contentUrl":"https:\/\/antiquariatopitanti.it\/wp-content\/uploads\/2022\/03\/logo-pitanti-new-2.png","width":944,"height":798,"caption":"Antiquariato Pitanti"},"image":{"@id":"https:\/\/antiquariatopitanti.it\/#\/schema\/logo\/image\/"},"sameAs":["https:\/\/www.facebook.com\/mobili.pitanti.vintage\/"]}]}},"_links":{"self":[{"href":"https:\/\/antiquariatopitanti.it\/fr\/wp-json\/wp\/v2\/pages\/4441","targetHints":{"allow":["GET"]}}],"collection":[{"href":"https:\/\/antiquariatopitanti.it\/fr\/wp-json\/wp\/v2\/pages"}],"about":[{"href":"https:\/\/antiquariatopitanti.it\/fr\/wp-json\/wp\/v2\/types\/page"}],"author":[{"embeddable":true,"href":"https:\/\/antiquariatopitanti.it\/fr\/wp-json\/wp\/v2\/users\/1"}],"replies":[{"embeddable":true,"href":"https:\/\/antiquariatopitanti.it\/fr\/wp-json\/wp\/v2\/comments?post=4441"}],"version-history":[{"count":5,"href":"https:\/\/antiquariatopitanti.it\/fr\/wp-json\/wp\/v2\/pages\/4441\/revisions"}],"predecessor-version":[{"id":4446,"href":"https:\/\/antiquariatopitanti.it\/fr\/wp-json\/wp\/v2\/pages\/4441\/revisions\/4446"}],"wp:attachment":[{"href":"https:\/\/antiquariatopitanti.it\/fr\/wp-json\/wp\/v2\/media?parent=4441"}],"curies":[{"name":"wp","href":"https:\/\/api.w.org\/{rel}","templated":true}]}}