{"id":4425,"date":"2022-06-30T10:00:55","date_gmt":"2022-06-30T08:00:55","guid":{"rendered":"https:\/\/antiquariatopitanti.it\/qui-nous-sommes\/"},"modified":"2022-06-30T10:00:55","modified_gmt":"2022-06-30T08:00:55","slug":"qui-nous-sommes","status":"publish","type":"page","link":"https:\/\/antiquariatopitanti.it\/fr\/qui-nous-sommes\/","title":{"rendered":"Qui nous sommes"},"content":{"rendered":"[vc_row css_animation=\u00a0\u00bbfadeIn\u00a0\u00bb full_width=\u00a0\u00bbstretch_row\u00a0\u00bb content_placement=\u00a0\u00bbmiddle\u00a0\u00bb css=\u00a0\u00bb.vc_custom_1649834109024{margin-bottom: 0px !important;padding-top: 0px !important;padding-bottom: 0px !important;background-image: url(https:\/\/antiquariatopitanti.it\/wp-content\/uploads\/2022\/04\/Pitanti-chi-siamo-mobili-1.png?id=599) !important;background-position: center !important;background-repeat: no-repeat !important;background-size: cover !important;}\u00a0\u00bb el_class=\u00a0\u00bbtestate\u00a0\u00bb][vc_column css=\u00a0\u00bb.vc_custom_1649834158526{margin-bottom: 0px !important;padding-top: 0px !important;padding-bottom: 66px !important;}\u00a0\u00bb][vc_column_text font_family=\u00a0\u00bbTimes New Roman, Times, serif\u00a0\u00bb color=\u00a0\u00bb#f8f2c2&Prime; font_size=\u00a0\u00bbd:81px|pl:30px|pp:30px\u00a0\u00bb font_weight=\u00a0\u00bb600&Prime; css=\u00a0\u00bb.vc_custom_1649833950696{margin-top: 0px !important;margin-bottom: 0px !important;padding-top: 0px !important;padding-bottom: 0px !important;}\u00a0\u00bb]\n<h2 style=\"text-align: center;\">Qui nous sommes<\/h2>\n[\/vc_column_text]<nav class=\"vcex-breadcrumbs vc_custom_1652172810997\" style=\"color:#f8f2c2;font-size:18px;font-family:Quicksand;text-align:center;\"><span><span><a href=\"https:\/\/antiquariatopitanti.it\/fr\/home\/\">Home<\/a><\/span><\/span><\/nav>[\/vc_column][\/vc_row][vc_row content_placement=\u00a0\u00bbmiddle\u00a0\u00bb css=\u00a0\u00bb.vc_custom_1655297663427{margin-top: 40px !important;margin-bottom: 40px !important;}\u00a0\u00bb][vc_column width=\u00a0\u00bb5\/12&Prime; css=\u00a0\u00bb.vc_custom_1655297645705{margin-bottom: 0px !important;}\u00a0\u00bb el_class=\u00a0\u00bbpaginterne_testo\u00a0\u00bb][vc_column_text font_family=\u00a0\u00bbTimes New Roman, Times, serif\u00a0\u00bb color=\u00a0\u00bb#0e031e\u00a0\u00bb font_size=\u00a0\u00bbd:52px|pl:42px|pp:42px\u00a0\u00bb font_weight=\u00a0\u00bb400&Prime; line_height=\u00a0\u00bb58px\u00a0\u00bb el_class=\u00a0\u00bbtitolo_pag_interne\u00a0\u00bb]Antiquit\u00e9s est<br \/>\nPassion[\/vc_column_text][vc_column_text css=\u00a0\u00bb.vc_custom_1652343521936{margin-top: 30px !important;}\u00a0\u00bb el_class=\u00a0\u00bbtesto_giustificato\u00a0\u00bb]Les antiquit\u00e9s sont une <strong>passion sans limite<\/strong> que nous cultivons chaque jour avec exp\u00e9rience et une recherche continue. Depuis quarante ans, c&rsquo;est le sentiment qui caract\u00e9rise l\u2019activit\u00e9 de notre entreprise, un lieu magique que tout amateur d&rsquo;antiquit\u00e9s devrait visiter au moins une fois.<\/p>\n<p>\u00c0 l&rsquo;int\u00e9rieur, vous trouverez des compl\u00e9ments d&rsquo;ameublement et des objets de la fin <strong>du 18\u00e8me<\/strong>, <strong>du 19\u00e8me<\/strong> et <strong>du 20\u00e8me<\/strong> si\u00e8cle, ainsi que des \u00e9l\u00e9ments d&rsquo;art moderne et de design <strong>du 20\u00e8me<\/strong> si\u00e8cle.<\/p>\n<p>Gr\u00e2ce \u00e0 la grande vari\u00e9t\u00e9 de styles et d&rsquo;objets que nous traitons, nous sommes en mesure de satisfaire les op\u00e9rateurs du secteur, avec un soin et <strong>un professionnalisme raffin\u00e9s<\/strong>, pour meubler avec inspiration et bon go\u00fbt tout type d&rsquo;environnement domestique.[\/vc_column_text][\/vc_column][vc_column css_animation=\u00a0\u00bbfadeInRight\u00a0\u00bb width=\u00a0\u00bb7\/12&Prime; css=\u00a0\u00bb.vc_custom_1652340703657{margin-bottom: 0px !important;}\u00a0\u00bb el_class=\u00a0\u00bbpaginterne_carosello\u00a0\u00bb]<div class=\"vcex-module wpex-carousel wpex-carousel-images wpex-clr owl-carousel arrwstyle-default arrwpos-abs\" data-wpex-carousel=\"{&quot;nav&quot;:true,&quot;dots&quot;:false,&quot;autoplay&quot;:true,&quot;loop&quot;:true,&quot;center&quot;:false,&quot;smartSpeed&quot;:250,&quot;items&quot;:1,&quot;slideBy&quot;:1,&quot;autoplayTimeout&quot;:5000,&quot;margin&quot;:15,&quot;itemsTablet&quot;:3,&quot;itemsMobileLandscape&quot;:2,&quot;itemsMobilePortrait&quot;:1,&quot;autoHeight&quot;:false}\"><div class=\"wpex-carousel-slide\"><figure class=\"wpex-carousel-entry-media entry-media\"><img loading=\"lazy\" decoding=\"async\" width=\"900\" height=\"600\" src=\"https:\/\/antiquariatopitanti.it\/wp-content\/uploads\/2022\/05\/pitanti-chi-siamo_2.jpg\" class=\"wpex-align-middle skip-lazy\" alt=\"\" data-no-lazy=\"1\" srcset=\"https:\/\/antiquariatopitanti.it\/wp-content\/uploads\/2022\/05\/pitanti-chi-siamo_2.jpg 900w, https:\/\/antiquariatopitanti.it\/wp-content\/uploads\/2022\/05\/pitanti-chi-siamo_2-300x200.jpg 300w, https:\/\/antiquariatopitanti.it\/wp-content\/uploads\/2022\/05\/pitanti-chi-siamo_2-768x512.jpg 768w, https:\/\/antiquariatopitanti.it\/wp-content\/uploads\/2022\/05\/pitanti-chi-siamo_2-600x400.jpg 600w\" sizes=\"auto, (max-width: 900px) 100vw, 900px\" \/><\/figure><\/div><div class=\"wpex-carousel-slide\"><figure class=\"wpex-carousel-entry-media entry-media\"><img loading=\"lazy\" decoding=\"async\" width=\"900\" height=\"600\" src=\"https:\/\/antiquariatopitanti.it\/wp-content\/uploads\/2022\/05\/pitanti-chi-siamo_1.jpg\" class=\"wpex-align-middle skip-lazy\" alt=\"\" data-no-lazy=\"1\" srcset=\"https:\/\/antiquariatopitanti.it\/wp-content\/uploads\/2022\/05\/pitanti-chi-siamo_1.jpg 900w, https:\/\/antiquariatopitanti.it\/wp-content\/uploads\/2022\/05\/pitanti-chi-siamo_1-300x200.jpg 300w, https:\/\/antiquariatopitanti.it\/wp-content\/uploads\/2022\/05\/pitanti-chi-siamo_1-768x512.jpg 768w, https:\/\/antiquariatopitanti.it\/wp-content\/uploads\/2022\/05\/pitanti-chi-siamo_1-600x400.jpg 600w\" sizes=\"auto, (max-width: 900px) 100vw, 900px\" \/><\/figure><\/div><div class=\"wpex-carousel-slide\"><figure class=\"wpex-carousel-entry-media entry-media\"><img loading=\"lazy\" decoding=\"async\" width=\"900\" height=\"600\" src=\"https:\/\/antiquariatopitanti.it\/wp-content\/uploads\/2022\/05\/pitanti-chi-siamo_5.jpg\" class=\"wpex-align-middle skip-lazy\" alt=\"\" data-no-lazy=\"1\" srcset=\"https:\/\/antiquariatopitanti.it\/wp-content\/uploads\/2022\/05\/pitanti-chi-siamo_5.jpg 900w, https:\/\/antiquariatopitanti.it\/wp-content\/uploads\/2022\/05\/pitanti-chi-siamo_5-300x200.jpg 300w, https:\/\/antiquariatopitanti.it\/wp-content\/uploads\/2022\/05\/pitanti-chi-siamo_5-768x512.jpg 768w, https:\/\/antiquariatopitanti.it\/wp-content\/uploads\/2022\/05\/pitanti-chi-siamo_5-600x400.jpg 600w\" sizes=\"auto, (max-width: 900px) 100vw, 900px\" \/><\/figure><\/div><div class=\"wpex-carousel-slide\"><figure class=\"wpex-carousel-entry-media entry-media\"><img loading=\"lazy\" decoding=\"async\" width=\"900\" height=\"600\" src=\"https:\/\/antiquariatopitanti.it\/wp-content\/uploads\/2022\/05\/pitanti-chi-siamo_6.jpg\" class=\"wpex-align-middle skip-lazy\" alt=\"\" data-no-lazy=\"1\" srcset=\"https:\/\/antiquariatopitanti.it\/wp-content\/uploads\/2022\/05\/pitanti-chi-siamo_6.jpg 900w, https:\/\/antiquariatopitanti.it\/wp-content\/uploads\/2022\/05\/pitanti-chi-siamo_6-300x200.jpg 300w, https:\/\/antiquariatopitanti.it\/wp-content\/uploads\/2022\/05\/pitanti-chi-siamo_6-768x512.jpg 768w, https:\/\/antiquariatopitanti.it\/wp-content\/uploads\/2022\/05\/pitanti-chi-siamo_6-600x400.jpg 600w\" sizes=\"auto, (max-width: 900px) 100vw, 900px\" \/><\/figure><\/div><div class=\"wpex-carousel-slide\"><figure class=\"wpex-carousel-entry-media entry-media\"><img loading=\"lazy\" decoding=\"async\" width=\"900\" height=\"600\" src=\"https:\/\/antiquariatopitanti.it\/wp-content\/uploads\/2022\/05\/21-Copy.jpg\" class=\"wpex-align-middle skip-lazy\" alt=\"\" data-no-lazy=\"1\" srcset=\"https:\/\/antiquariatopitanti.it\/wp-content\/uploads\/2022\/05\/21-Copy.jpg 900w, https:\/\/antiquariatopitanti.it\/wp-content\/uploads\/2022\/05\/21-Copy-300x200.jpg 300w, https:\/\/antiquariatopitanti.it\/wp-content\/uploads\/2022\/05\/21-Copy-768x512.jpg 768w, https:\/\/antiquariatopitanti.it\/wp-content\/uploads\/2022\/05\/21-Copy-600x400.jpg 600w\" sizes=\"auto, (max-width: 900px) 100vw, 900px\" \/><\/figure><\/div><div class=\"wpex-carousel-slide\"><figure class=\"wpex-carousel-entry-media entry-media\"><img loading=\"lazy\" decoding=\"async\" width=\"900\" height=\"600\" src=\"https:\/\/antiquariatopitanti.it\/wp-content\/uploads\/2022\/05\/2-Copy.jpg\" class=\"wpex-align-middle skip-lazy\" alt=\"\" data-no-lazy=\"1\" srcset=\"https:\/\/antiquariatopitanti.it\/wp-content\/uploads\/2022\/05\/2-Copy.jpg 900w, https:\/\/antiquariatopitanti.it\/wp-content\/uploads\/2022\/05\/2-Copy-300x200.jpg 300w, https:\/\/antiquariatopitanti.it\/wp-content\/uploads\/2022\/05\/2-Copy-768x512.jpg 768w, https:\/\/antiquariatopitanti.it\/wp-content\/uploads\/2022\/05\/2-Copy-600x400.jpg 600w\" sizes=\"auto, (max-width: 900px) 100vw, 900px\" \/><\/figure><\/div><div class=\"wpex-carousel-slide\"><figure class=\"wpex-carousel-entry-media entry-media\"><img loading=\"lazy\" decoding=\"async\" width=\"900\" height=\"600\" src=\"https:\/\/antiquariatopitanti.it\/wp-content\/uploads\/2022\/05\/3-Copy.jpg\" class=\"wpex-align-middle skip-lazy\" alt=\"\" data-no-lazy=\"1\" srcset=\"https:\/\/antiquariatopitanti.it\/wp-content\/uploads\/2022\/05\/3-Copy.jpg 900w, https:\/\/antiquariatopitanti.it\/wp-content\/uploads\/2022\/05\/3-Copy-300x200.jpg 300w, https:\/\/antiquariatopitanti.it\/wp-content\/uploads\/2022\/05\/3-Copy-768x512.jpg 768w, https:\/\/antiquariatopitanti.it\/wp-content\/uploads\/2022\/05\/3-Copy-600x400.jpg 600w\" sizes=\"auto, (max-width: 900px) 100vw, 900px\" \/><\/figure><\/div><div class=\"wpex-carousel-slide\"><figure class=\"wpex-carousel-entry-media entry-media\"><img loading=\"lazy\" decoding=\"async\" width=\"900\" height=\"600\" src=\"https:\/\/antiquariatopitanti.it\/wp-content\/uploads\/2022\/05\/1-Copy.jpg\" class=\"wpex-align-middle skip-lazy\" alt=\"\" data-no-lazy=\"1\" srcset=\"https:\/\/antiquariatopitanti.it\/wp-content\/uploads\/2022\/05\/1-Copy.jpg 900w, https:\/\/antiquariatopitanti.it\/wp-content\/uploads\/2022\/05\/1-Copy-300x200.jpg 300w, https:\/\/antiquariatopitanti.it\/wp-content\/uploads\/2022\/05\/1-Copy-768x512.jpg 768w, https:\/\/antiquariatopitanti.it\/wp-content\/uploads\/2022\/05\/1-Copy-600x400.jpg 600w\" sizes=\"auto, (max-width: 900px) 100vw, 900px\" \/><\/figure><\/div><\/div>[\/vc_column][\/vc_row][vc_row full_width=\u00a0\u00bbstretch_row\u00a0\u00bb parallax=\u00a0\u00bbvcex_parallax\u00a0\u00bb parallax_image=\u00a0\u00bb571&Prime; css=\u00a0\u00bb.vc_custom_1655297672413{margin-bottom: 0px !important;padding-top: 0px !important;padding-bottom: 0px !important;}\u00a0\u00bb min_height=\u00a0\u00bb500px\u00a0\u00bb el_class=\u00a0\u00bbparallax_pagine\u00a0\u00bb parallax_speed=\u00a0\u00bb0.1&Prime;][vc_column css=\u00a0\u00bb.vc_custom_1652339472840{margin-top: 0px !important;margin-bottom: 0px !important;padding-top: 0px !important;padding-bottom: 0px !important;}\u00a0\u00bb][\/vc_column][\/vc_row][vc_row content_placement=\u00a0\u00bbmiddle\u00a0\u00bb css=\u00a0\u00bb.vc_custom_1655297940781{margin-top: 60px !important;padding-top: 0px !important;padding-bottom: 0px !important;}\u00a0\u00bb][vc_column css_animation=\u00a0\u00bbfadeInLeft\u00a0\u00bb width=\u00a0\u00bb7\/12&Prime; css=\u00a0\u00bb.vc_custom_1655297961635{margin-top: 0px !important;padding-top: 0px !important;padding-bottom: 0px !important;}\u00a0\u00bb][vc_single_image image=\u00a0\u00bb1171&Prime; alignment=\u00a0\u00bbcenter\u00a0\u00bb][\/vc_column][vc_column width=\u00a0\u00bb5\/12&Prime; css=\u00a0\u00bb.vc_custom_1655297966443{margin-top: 0px !important;padding-top: 0px !important;padding-bottom: 0px !important;}\u00a0\u00bb][vc_column_text css=\u00a0\u00bb.vc_custom_1652343527577{margin-top: 30px !important;}\u00a0\u00bb el_class=\u00a0\u00bbtesto_giustificato\u00a0\u00bb]Avec les innombrables relations que nous entretenons avec les commer\u00e7ants et les clients priv\u00e9s, nous sommes parfaitement en mesure d&rsquo;affirmer que notre longue exp\u00e9rience dans le secteur des antiquit\u00e9s nous place certainement au sommet de la cat\u00e9gorie en termes <strong>de s\u00e9rieux,<\/strong> <strong>de fiabilit\u00e9<\/strong> et <strong>de comp\u00e9tence.<\/strong><\/p>\n<p>En outre, nous partageons avec tous nos amis et clients les int\u00e9r\u00eats du secteur et nous sommes profond\u00e9ment heureux de parler avec vous de tous les sujets concernant le monde des antiquit\u00e9s et annexes.<\/p>\n<p>Dans le magnifique panorama ombrien \u00e0 citt\u00e0 di castello, \u00e0 la fronti\u00e8re entre la toscane et les marches, vous trouverez notre showroom, o\u00f9 je me ferai un plaisir de vous accueillir personnellement chaleureusement et avec courtoisie \u2026[\/vc_column_text][vc_column_text css=\u00a0\u00bb.vc_custom_1652172729052{margin-top: 30px !important;}\u00a0\u00bb]<em>Stefano Pitanti<\/em>[\/vc_column_text][\/vc_column][\/vc_row]\n","protected":false},"excerpt":{"rendered":"<p>[vc_row css_animation=\u00a0\u00bbfadeIn\u00a0\u00bb full_width=\u00a0\u00bbstretch_row\u00a0\u00bb content_placement=\u00a0\u00bbmiddle\u00a0\u00bb css=\u00a0\u00bb.vc_custom_1649834109024{margin-bottom: 0px !important;padding-top: 0px !important;padding-bottom: 0px !important;background-image: url(https:\/\/antiquariatopitanti.it\/wp-content\/uploads\/2022\/04\/Pitanti-chi-siamo-mobili-1.png?id=599) !important;background-position: center !important;background-repeat: no-repeat !important;background-size: cover !important;}\u00a0\u00bb el_class=\u00a0\u00bbtestate\u00a0\u00bb][vc_column css=\u00a0\u00bb.vc_custom_1649834158526{margin-bottom: 0px !important;padding-top: 0px !important;padding-bottom: 66px !important;}\u00a0\u00bb][vc_column_text font_family=\u00a0\u00bbTimes New Roman, Times, serif\u00a0\u00bb color=\u00a0\u00bb#f8f2c2&Prime; font_size=\u00a0\u00bbd:81px|pl:30px|pp:30px\u00a0\u00bb font_weight=\u00a0\u00bb600&Prime; css=\u00a0\u00bb.vc_custom_1649833950696{margin-top: 0px !important;margin-bottom: 0px !important;padding-top: 0px !important;padding-bottom: 0px !important;}\u00a0\u00bb] Qui nous sommes [\/vc_column_text][\/vc_column][\/vc_row][vc_row content_placement=\u00a0\u00bbmiddle\u00a0\u00bb css=\u00a0\u00bb.vc_custom_1655297663427{margin-top: 40px !important;margin-bottom: 40px !important;}\u00a0\u00bb][vc_column width=\u00a0\u00bb5\/12&Prime;&hellip;<\/p>\n","protected":false},"author":1,"featured_media":0,"parent":0,"menu_order":0,"comment_status":"closed","ping_status":"closed","template":"","meta":{"footnotes":""},"class_list":["post-4425","page","type-page","status-publish","hentry","entry","no-media"],"yoast_head":"<!-- This site is optimized with the Yoast SEO plugin v27.4 - https:\/\/yoast.com\/product\/yoast-seo-wordpress\/ -->\n<title>Qui nous sommes - Pitanti Chesterfield &amp; Vintage<\/title>\n<meta name=\"robots\" content=\"index, follow, max-snippet:-1, max-image-preview:large, max-video-preview:-1\" \/>\n<link rel=\"canonical\" href=\"https:\/\/antiquariatopitanti.it\/fr\/qui-nous-sommes\/\" \/>\n<meta property=\"og:locale\" content=\"fr_FR\" \/>\n<meta property=\"og:type\" content=\"article\" \/>\n<meta property=\"og:title\" content=\"Qui nous sommes - Pitanti Chesterfield &amp; Vintage\" \/>\n<meta property=\"og:description\" content=\"[vc_row css_animation=\u00a0\u00bbfadeIn\u00a0\u00bb full_width=\u00a0\u00bbstretch_row\u00a0\u00bb content_placement=\u00a0\u00bbmiddle\u00a0\u00bb css=\u00a0\u00bb.vc_custom_1649834109024{margin-bottom: 0px !important;padding-top: 0px !important;padding-bottom: 0px !important;background-image: url(https:\/\/antiquariatopitanti.it\/wp-content\/uploads\/2022\/04\/Pitanti-chi-siamo-mobili-1.png?id=599) !important;background-position: center !important;background-repeat: no-repeat !important;background-size: cover !important;}\u00a0\u00bb el_class=\u00a0\u00bbtestate\u00a0\u00bb][vc_column css=\u00a0\u00bb.vc_custom_1649834158526{margin-bottom: 0px !important;padding-top: 0px !important;padding-bottom: 66px !important;}\u00a0\u00bb][vc_column_text font_family=\u00a0\u00bbTimes New Roman, Times, serif\u00a0\u00bb color=\u00a0\u00bb#f8f2c2&Prime; font_size=\u00a0\u00bbd:81px|pl:30px|pp:30px\u00a0\u00bb font_weight=\u00a0\u00bb600&Prime; css=\u00a0\u00bb.vc_custom_1649833950696{margin-top: 0px !important;margin-bottom: 0px !important;padding-top: 0px !important;padding-bottom: 0px !important;}\u00a0\u00bb] Qui nous sommes [\/vc_column_text][\/vc_column][\/vc_row][vc_row content_placement=\u00a0\u00bbmiddle\u00a0\u00bb css=\u00a0\u00bb.vc_custom_1655297663427{margin-top: 40px !important;margin-bottom: 40px !important;}\u00a0\u00bb][vc_column width=\u00a0\u00bb5\/12&Prime;&hellip;\" \/>\n<meta property=\"og:url\" content=\"https:\/\/antiquariatopitanti.it\/fr\/qui-nous-sommes\/\" \/>\n<meta property=\"og:site_name\" content=\"Pitanti Chesterfield &amp; Vintage\" \/>\n<meta property=\"article:publisher\" content=\"https:\/\/www.facebook.com\/mobili.pitanti.vintage\/\" \/>\n<meta name=\"twitter:card\" content=\"summary_large_image\" \/>\n<meta name=\"twitter:label1\" content=\"Dur\u00e9e de lecture estim\u00e9e\" \/>\n\t<meta name=\"twitter:data1\" content=\"3 minutes\" \/>\n<script type=\"application\/ld+json\" class=\"yoast-schema-graph\">{\"@context\":\"https:\\\/\\\/schema.org\",\"@graph\":[{\"@type\":\"WebPage\",\"@id\":\"https:\\\/\\\/antiquariatopitanti.it\\\/fr\\\/qui-nous-sommes\\\/\",\"url\":\"https:\\\/\\\/antiquariatopitanti.it\\\/fr\\\/qui-nous-sommes\\\/\",\"name\":\"Qui nous sommes - Pitanti Chesterfield &amp; Vintage\",\"isPartOf\":{\"@id\":\"https:\\\/\\\/antiquariatopitanti.it\\\/#website\"},\"datePublished\":\"2022-06-30T08:00:55+00:00\",\"breadcrumb\":{\"@id\":\"https:\\\/\\\/antiquariatopitanti.it\\\/fr\\\/qui-nous-sommes\\\/#breadcrumb\"},\"inLanguage\":\"fr-FR\",\"potentialAction\":[{\"@type\":\"ReadAction\",\"target\":[\"https:\\\/\\\/antiquariatopitanti.it\\\/fr\\\/qui-nous-sommes\\\/\"]}]},{\"@type\":\"BreadcrumbList\",\"@id\":\"https:\\\/\\\/antiquariatopitanti.it\\\/fr\\\/qui-nous-sommes\\\/#breadcrumb\",\"itemListElement\":[{\"@type\":\"ListItem\",\"position\":1,\"name\":\"Home\",\"item\":\"https:\\\/\\\/antiquariatopitanti.it\\\/fr\\\/home\\\/\"},{\"@type\":\"ListItem\",\"position\":2,\"name\":\"Qui nous sommes\"}]},{\"@type\":\"WebSite\",\"@id\":\"https:\\\/\\\/antiquariatopitanti.it\\\/#website\",\"url\":\"https:\\\/\\\/antiquariatopitanti.it\\\/\",\"name\":\"Pitanti Chesterfield &amp; Vintage\",\"description\":\"\",\"publisher\":{\"@id\":\"https:\\\/\\\/antiquariatopitanti.it\\\/#organization\"},\"potentialAction\":[{\"@type\":\"SearchAction\",\"target\":{\"@type\":\"EntryPoint\",\"urlTemplate\":\"https:\\\/\\\/antiquariatopitanti.it\\\/?s={search_term_string}\"},\"query-input\":{\"@type\":\"PropertyValueSpecification\",\"valueRequired\":true,\"valueName\":\"search_term_string\"}}],\"inLanguage\":\"fr-FR\"},{\"@type\":\"Organization\",\"@id\":\"https:\\\/\\\/antiquariatopitanti.it\\\/#organization\",\"name\":\"Antiquariato Pitanti\",\"url\":\"https:\\\/\\\/antiquariatopitanti.it\\\/\",\"logo\":{\"@type\":\"ImageObject\",\"inLanguage\":\"fr-FR\",\"@id\":\"https:\\\/\\\/antiquariatopitanti.it\\\/#\\\/schema\\\/logo\\\/image\\\/\",\"url\":\"https:\\\/\\\/antiquariatopitanti.it\\\/wp-content\\\/uploads\\\/2022\\\/03\\\/logo-pitanti-new-2.png\",\"contentUrl\":\"https:\\\/\\\/antiquariatopitanti.it\\\/wp-content\\\/uploads\\\/2022\\\/03\\\/logo-pitanti-new-2.png\",\"width\":944,\"height\":798,\"caption\":\"Antiquariato Pitanti\"},\"image\":{\"@id\":\"https:\\\/\\\/antiquariatopitanti.it\\\/#\\\/schema\\\/logo\\\/image\\\/\"},\"sameAs\":[\"https:\\\/\\\/www.facebook.com\\\/mobili.pitanti.vintage\\\/\"]}]}<\/script>\n<!-- \/ Yoast SEO plugin. -->","yoast_head_json":{"title":"Qui nous sommes - Pitanti Chesterfield &amp; Vintage","robots":{"index":"index","follow":"follow","max-snippet":"max-snippet:-1","max-image-preview":"max-image-preview:large","max-video-preview":"max-video-preview:-1"},"canonical":"https:\/\/antiquariatopitanti.it\/fr\/qui-nous-sommes\/","og_locale":"fr_FR","og_type":"article","og_title":"Qui nous sommes - Pitanti Chesterfield &amp; Vintage","og_description":"[vc_row css_animation=\u00a0\u00bbfadeIn\u00a0\u00bb full_width=\u00a0\u00bbstretch_row\u00a0\u00bb content_placement=\u00a0\u00bbmiddle\u00a0\u00bb css=\u00a0\u00bb.vc_custom_1649834109024{margin-bottom: 0px !important;padding-top: 0px !important;padding-bottom: 0px !important;background-image: url(https:\/\/antiquariatopitanti.it\/wp-content\/uploads\/2022\/04\/Pitanti-chi-siamo-mobili-1.png?id=599) !important;background-position: center !important;background-repeat: no-repeat !important;background-size: cover !important;}\u00a0\u00bb el_class=\u00a0\u00bbtestate\u00a0\u00bb][vc_column css=\u00a0\u00bb.vc_custom_1649834158526{margin-bottom: 0px !important;padding-top: 0px !important;padding-bottom: 66px !important;}\u00a0\u00bb][vc_column_text font_family=\u00a0\u00bbTimes New Roman, Times, serif\u00a0\u00bb color=\u00a0\u00bb#f8f2c2&Prime; font_size=\u00a0\u00bbd:81px|pl:30px|pp:30px\u00a0\u00bb font_weight=\u00a0\u00bb600&Prime; css=\u00a0\u00bb.vc_custom_1649833950696{margin-top: 0px !important;margin-bottom: 0px !important;padding-top: 0px !important;padding-bottom: 0px !important;}\u00a0\u00bb] Qui nous sommes [\/vc_column_text][\/vc_column][\/vc_row][vc_row content_placement=\u00a0\u00bbmiddle\u00a0\u00bb css=\u00a0\u00bb.vc_custom_1655297663427{margin-top: 40px !important;margin-bottom: 40px !important;}\u00a0\u00bb][vc_column width=\u00a0\u00bb5\/12&Prime;&hellip;","og_url":"https:\/\/antiquariatopitanti.it\/fr\/qui-nous-sommes\/","og_site_name":"Pitanti Chesterfield &amp; Vintage","article_publisher":"https:\/\/www.facebook.com\/mobili.pitanti.vintage\/","twitter_card":"summary_large_image","twitter_misc":{"Dur\u00e9e de lecture estim\u00e9e":"3 minutes"},"schema":{"@context":"https:\/\/schema.org","@graph":[{"@type":"WebPage","@id":"https:\/\/antiquariatopitanti.it\/fr\/qui-nous-sommes\/","url":"https:\/\/antiquariatopitanti.it\/fr\/qui-nous-sommes\/","name":"Qui nous sommes - Pitanti Chesterfield &amp; Vintage","isPartOf":{"@id":"https:\/\/antiquariatopitanti.it\/#website"},"datePublished":"2022-06-30T08:00:55+00:00","breadcrumb":{"@id":"https:\/\/antiquariatopitanti.it\/fr\/qui-nous-sommes\/#breadcrumb"},"inLanguage":"fr-FR","potentialAction":[{"@type":"ReadAction","target":["https:\/\/antiquariatopitanti.it\/fr\/qui-nous-sommes\/"]}]},{"@type":"BreadcrumbList","@id":"https:\/\/antiquariatopitanti.it\/fr\/qui-nous-sommes\/#breadcrumb","itemListElement":[{"@type":"ListItem","position":1,"name":"Home","item":"https:\/\/antiquariatopitanti.it\/fr\/home\/"},{"@type":"ListItem","position":2,"name":"Qui nous sommes"}]},{"@type":"WebSite","@id":"https:\/\/antiquariatopitanti.it\/#website","url":"https:\/\/antiquariatopitanti.it\/","name":"Pitanti Chesterfield &amp; Vintage","description":"","publisher":{"@id":"https:\/\/antiquariatopitanti.it\/#organization"},"potentialAction":[{"@type":"SearchAction","target":{"@type":"EntryPoint","urlTemplate":"https:\/\/antiquariatopitanti.it\/?s={search_term_string}"},"query-input":{"@type":"PropertyValueSpecification","valueRequired":true,"valueName":"search_term_string"}}],"inLanguage":"fr-FR"},{"@type":"Organization","@id":"https:\/\/antiquariatopitanti.it\/#organization","name":"Antiquariato Pitanti","url":"https:\/\/antiquariatopitanti.it\/","logo":{"@type":"ImageObject","inLanguage":"fr-FR","@id":"https:\/\/antiquariatopitanti.it\/#\/schema\/logo\/image\/","url":"https:\/\/antiquariatopitanti.it\/wp-content\/uploads\/2022\/03\/logo-pitanti-new-2.png","contentUrl":"https:\/\/antiquariatopitanti.it\/wp-content\/uploads\/2022\/03\/logo-pitanti-new-2.png","width":944,"height":798,"caption":"Antiquariato Pitanti"},"image":{"@id":"https:\/\/antiquariatopitanti.it\/#\/schema\/logo\/image\/"},"sameAs":["https:\/\/www.facebook.com\/mobili.pitanti.vintage\/"]}]}},"_links":{"self":[{"href":"https:\/\/antiquariatopitanti.it\/fr\/wp-json\/wp\/v2\/pages\/4425","targetHints":{"allow":["GET"]}}],"collection":[{"href":"https:\/\/antiquariatopitanti.it\/fr\/wp-json\/wp\/v2\/pages"}],"about":[{"href":"https:\/\/antiquariatopitanti.it\/fr\/wp-json\/wp\/v2\/types\/page"}],"author":[{"embeddable":true,"href":"https:\/\/antiquariatopitanti.it\/fr\/wp-json\/wp\/v2\/users\/1"}],"replies":[{"embeddable":true,"href":"https:\/\/antiquariatopitanti.it\/fr\/wp-json\/wp\/v2\/comments?post=4425"}],"version-history":[{"count":2,"href":"https:\/\/antiquariatopitanti.it\/fr\/wp-json\/wp\/v2\/pages\/4425\/revisions"}],"predecessor-version":[{"id":4427,"href":"https:\/\/antiquariatopitanti.it\/fr\/wp-json\/wp\/v2\/pages\/4425\/revisions\/4427"}],"wp:attachment":[{"href":"https:\/\/antiquariatopitanti.it\/fr\/wp-json\/wp\/v2\/media?parent=4425"}],"curies":[{"name":"wp","href":"https:\/\/api.w.org\/{rel}","templated":true}]}}